{"id":6630,"date":"2024-11-29T14:57:36","date_gmt":"2024-11-29T16:57:36","guid":{"rendered":"http:\/\/iapop.local\/?page_id=6630"},"modified":"2025-02-15T18:02:05","modified_gmt":"2025-02-15T18:02:05","slug":"donations","status":"publish","type":"page","link":"https:\/\/iapop.com\/de\/donations\/","title":{"rendered":"Spenden Sie an IAPOP"},"content":{"rendered":"<h1 class=\"wp-block-post-title\">Spenden Sie an IAPOP<\/h1>\n\n\n<p>Die IAPOP ist ein Zusammenschluss von Berufst\u00e4tigen, Studenten, Praktikern und Forschern, die sich dem Fortschritt in der prozessorientierten Psychologie, der Forschung, der Ausbildung und dem Erwerb von Methoden sowie der Verbreitung an Einzelpersonen und Regionen widmen, die im Allgemeinen keinen Zugang zur Ausbildung haben oder sich diesen nicht leisten k\u00f6nnen.<\/p>\n\n\n\n<p>Bitte klicken Sie auf den untenstehenden Link, um \u00fcber das sichere PayPal-Zahlungssystem einen Beitrag an IAPOP zu leisten.<\/p>\n\n\n\n<div class=\"wp-block-columns is-layout-flex wp-container-core-columns-is-layout-28f84493 wp-block-columns-is-layout-flex\">\n<div class=\"wp-block-column is-vertically-aligned-center is-layout-flow wp-block-column-is-layout-flow\">\n<div class=\"wp-block-group has-border-color has-gray-lighter-4-border-color is-layout-flow wp-block-group-is-layout-flow\" style=\"border-width:1px;margin-top:0;margin-bottom:0;padding-top:var(--wp--preset--spacing--20);padding-right:var(--wp--preset--spacing--20);padding-bottom:var(--wp--preset--spacing--20);padding-left:var(--wp--preset--spacing--20)\">\n<div class=\"wp-block-buttons is-content-justification-center is-nowrap is-layout-flex wp-container-core-buttons-is-layout-23441af8 wp-block-buttons-is-layout-flex\">\n<div class=\"wp-block-button has-custom-width wp-block-button__width-100\"><a class=\"wp-block-button__link wp-element-button\" href=\"https:\/\/www.paypal.com\/donate\/?hosted_button_id=MDSDLGQV6ACQL\" target=\"_blank\" rel=\" noreferrer noopener nofollow\">Spende<\/a><\/div>\n<\/div>\n\n\n\n<div class=\"wp-block-group is-content-justification-center is-nowrap is-layout-flex wp-container-core-group-is-layout-23441af8 wp-block-group-is-layout-flex\">\n<figure class=\"wp-block-image\"><img decoding=\"async\" src=\"https:\/\/www.paypalobjects.com\/webstatic\/en_US\/i\/buttons\/cc-badges-ppppcmcvdam.png\" alt=\"Bezahlen Sie mit PayPal, PayPal Credit oder einer g\u00e4ngigen Kreditkarte\"\/><\/figure>\n<\/div>\n<\/div>\n<\/div>\n\n\n\n<div class=\"wp-block-column is-vertically-aligned-center is-layout-flow wp-block-column-is-layout-flow\">\n<p><strong>Oder schicken Sie einen Scheck an:<\/strong><\/p>\n\n\n\n<p>25 NW 23rd PL<br>Suite 6-437<br>Portland, OR 97210-5580<br>USA<\/p>\n<\/div>\n<\/div>\n\n\n\n<p><strong>Wir danken Ihnen f\u00fcr Ihr anhaltendes Interesse und Ihre Unterst\u00fctzung f\u00fcr die IAPOP.<\/strong><\/p>\n\n\n\n<div style=\"height:20px\" aria-hidden=\"true\" class=\"wp-block-spacer\"><\/div>\n\n\n\n<hr class=\"wp-block-separator has-alpha-channel-opacity\"\/>\n\n\n\n<div style=\"height:20px\" aria-hidden=\"true\" class=\"wp-block-spacer\"><\/div>\n\n\n\n<h2 class=\"wp-block-heading\">Spende an den Worldwork Fund<\/h2>\n\n\n\n<p>Bitte unterst\u00fctzen Sie <strong>vielf\u00e4ltige Beteiligung<\/strong> in den Worldwork-Seminaren!<\/p>\n\n\n\n<p>Ihre Spende wird dazu beitragen, Unterkunft, Verpflegung und einen Teil der Reisekosten von Entwicklungshelfern zu decken, die an Worldwork-Seminaren teilnehmen m\u00f6chten und aus Konfliktgebieten oder Regionen mit sozialen und finanziellen Schwierigkeiten kommen.<\/p>\n\n\n\n<p>IAPOP ist eine im Bundesstaat Oregon eingetragene 501C3 gemeinn\u00fctzige Nichtregierungsorganisation.<\/p>\n\n\n\n<p>&nbsp;F\u00fcr Einwohner der Vereinigten Staaten sind Spenden an die IAPOP <strong>steuerlich absetzbar<\/strong>.<\/p>\n\n\n\n<p><strong>Danke, dass Sie den IAPOP Worldwork Fund unterst\u00fctzen!<\/strong><\/p>\n\n\n\n<div class=\"wp-block-columns is-layout-flex wp-container-core-columns-is-layout-28f84493 wp-block-columns-is-layout-flex\">\n<div class=\"wp-block-column is-vertically-aligned-center is-layout-flow wp-block-column-is-layout-flow\" style=\"flex-basis:450px\">\n<div class=\"wp-block-group has-border-color has-gray-lighter-4-border-color is-layout-flow wp-block-group-is-layout-flow\" style=\"border-width:1px;margin-top:0;margin-bottom:0;padding-top:var(--wp--preset--spacing--20);padding-right:var(--wp--preset--spacing--20);padding-bottom:var(--wp--preset--spacing--20);padding-left:var(--wp--preset--spacing--20)\">\n<div class=\"wp-block-buttons is-content-justification-center is-nowrap is-layout-flex wp-container-core-buttons-is-layout-23441af8 wp-block-buttons-is-layout-flex\">\n<div class=\"wp-block-button has-custom-width wp-block-button__width-100\"><a class=\"wp-block-button__link wp-element-button\" href=\"https:\/\/www.paypal.com\/donate\/?hosted_button_id=K748NWVNUXZRQ\" target=\"_blank\" rel=\" noreferrer noopener nofollow\">Worldwork-Fonds<\/a><\/div>\n<\/div>\n\n\n\n<div class=\"wp-block-group is-content-justification-center is-nowrap is-layout-flex wp-container-core-group-is-layout-23441af8 wp-block-group-is-layout-flex\">\n<figure class=\"wp-block-image\"><img decoding=\"async\" src=\"https:\/\/www.paypalobjects.com\/webstatic\/en_US\/i\/buttons\/cc-badges-ppppcmcvdam.png\" alt=\"Bezahlen Sie mit PayPal, PayPal Credit oder einer g\u00e4ngigen Kreditkarte\"\/><\/figure>\n<\/div>\n<\/div>\n<\/div>\n<\/div>\n\n\n\n<div style=\"height:20px\" aria-hidden=\"true\" class=\"wp-block-spacer\"><\/div>\n\n\n\n<hr class=\"wp-block-separator has-alpha-channel-opacity\"\/>\n\n\n\n<div style=\"height:20px\" aria-hidden=\"true\" class=\"wp-block-spacer\"><\/div>\n\n\n\n<h2 class=\"wp-block-heading\">Mitgliedsbeitr\u00e4ge<\/h2>\n\n\n\n<p>Wenn Sie IAPOP-Mitglied sind und Ihren Jahresbeitrag online bezahlen m\u00f6chten, wenden Sie sich bitte an <a href=\"https:\/\/iapop.com\/de\/members\/\">hier klicken<\/a>.<\/p>\n\n\n\n<p><strong>Vielen Dank an alle unsere Mitglieder f\u00fcr ihre Unterst\u00fctzung!<\/strong><\/p>","protected":false},"excerpt":{"rendered":"<p>IAPOP is an association of working professionals, students, practitioners, and researchers who are dedicated to advancements in Process Oriented Psychology, research, methods training and acquisition, and dissemination to individuals and [&hellip;]<\/p>\n","protected":false},"author":250,"featured_media":0,"parent":0,"menu_order":0,"comment_status":"closed","ping_status":"closed","template":"","meta":{"_EventAllDay":false,"_EventTimezone":"","_EventStartDate":"","_EventEndDate":"","_EventStartDateUTC":"","_EventEndDateUTC":"","_EventShowMap":false,"_EventShowMapLink":false,"_EventURL":"","_EventCost":"","_EventCostDescription":"","_EventCurrencySymbol":"","_EventCurrencyCode":"","_EventCurrencyPosition":"","_EventDateTimeSeparator":"","_EventTimeRangeSeparator":"","_EventOrganizerID":[],"_EventVenueID":[],"_OrganizerEmail":"","_OrganizerPhone":"","_OrganizerWebsite":"","_VenueAddress":"","_VenueCity":"","_VenueCountry":"","_VenueProvince":"","_VenueState":"","_VenueZip":"","_VenuePhone":"","_VenueURL":"","_VenueStateProvince":"","_VenueLat":"","_VenueLng":"","_VenueShowMap":false,"_VenueShowMapLink":false,"footnotes":""},"class_list":["post-6630","page","type-page","status-publish","hentry"],"yoast_head":"<!-- This site is optimized with the Yoast SEO plugin v27.3 - https:\/\/yoast.com\/product\/yoast-seo-wordpress\/ -->\n<title>Donate to IAPOP - IAPOP<\/title>\n<meta name=\"robots\" content=\"index, follow, max-snippet:-1, max-image-preview:large, max-video-preview:-1\" \/>\n<link rel=\"canonical\" href=\"https:\/\/iapop.com\/de\/donations\/\" \/>\n<meta property=\"og:locale\" content=\"de_DE\" \/>\n<meta property=\"og:type\" content=\"article\" \/>\n<meta property=\"og:title\" content=\"Donate to IAPOP - IAPOP\" \/>\n<meta property=\"og:description\" content=\"IAPOP is an association of working professionals, students, practitioners, and researchers who are dedicated to advancements in Process Oriented Psychology, research, methods training and acquisition, and dissemination to individuals and [&hellip;]\" \/>\n<meta property=\"og:url\" content=\"https:\/\/iapop.com\/de\/donations\/\" \/>\n<meta property=\"og:site_name\" content=\"IAPOP\" \/>\n<meta property=\"article:publisher\" content=\"https:\/\/www.facebook.com\/processwork.iapop\" \/>\n<meta property=\"article:modified_time\" content=\"2025-02-15T18:02:05+00:00\" \/>\n<meta property=\"og:image\" content=\"https:\/\/www.paypalobjects.com\/webstatic\/en_US\/i\/buttons\/cc-badges-ppppcmcvdam.png\" \/>\n<meta name=\"twitter:card\" content=\"summary_large_image\" \/>\n<meta name=\"twitter:label1\" content=\"Gesch\u00e4tzte Lesezeit\" \/>\n\t<meta name=\"twitter:data1\" content=\"2\u00a0Minuten\" \/>\n<script type=\"application\/ld+json\" class=\"yoast-schema-graph\">{\"@context\":\"https:\\\/\\\/schema.org\",\"@graph\":[{\"@type\":\"WebPage\",\"@id\":\"https:\\\/\\\/iapop.com\\\/es\\\/donations\\\/\",\"url\":\"https:\\\/\\\/iapop.com\\\/es\\\/donations\\\/\",\"name\":\"Donate to IAPOP - IAPOP\",\"isPartOf\":{\"@id\":\"http:\\\/\\\/iapop.com\\\/es\\\/#website\"},\"primaryImageOfPage\":{\"@id\":\"https:\\\/\\\/iapop.com\\\/es\\\/donations\\\/#primaryimage\"},\"image\":{\"@id\":\"https:\\\/\\\/iapop.com\\\/es\\\/donations\\\/#primaryimage\"},\"thumbnailUrl\":\"https:\\\/\\\/www.paypalobjects.com\\\/webstatic\\\/en_US\\\/i\\\/buttons\\\/cc-badges-ppppcmcvdam.png\",\"datePublished\":\"2024-11-29T16:57:36+00:00\",\"dateModified\":\"2025-02-15T18:02:05+00:00\",\"breadcrumb\":{\"@id\":\"https:\\\/\\\/iapop.com\\\/es\\\/donations\\\/#breadcrumb\"},\"inLanguage\":\"de\",\"potentialAction\":[{\"@type\":\"ReadAction\",\"target\":[\"https:\\\/\\\/iapop.com\\\/es\\\/donations\\\/\"]}]},{\"@type\":\"ImageObject\",\"inLanguage\":\"de\",\"@id\":\"https:\\\/\\\/iapop.com\\\/es\\\/donations\\\/#primaryimage\",\"url\":\"https:\\\/\\\/www.paypalobjects.com\\\/webstatic\\\/en_US\\\/i\\\/buttons\\\/cc-badges-ppppcmcvdam.png\",\"contentUrl\":\"https:\\\/\\\/www.paypalobjects.com\\\/webstatic\\\/en_US\\\/i\\\/buttons\\\/cc-badges-ppppcmcvdam.png\"},{\"@type\":\"BreadcrumbList\",\"@id\":\"https:\\\/\\\/iapop.com\\\/es\\\/donations\\\/#breadcrumb\",\"itemListElement\":[{\"@type\":\"ListItem\",\"position\":1,\"name\":\"Home\",\"item\":\"https:\\\/\\\/iapop.com\\\/\"},{\"@type\":\"ListItem\",\"position\":2,\"name\":\"Donate to IAPOP\"}]},{\"@type\":\"WebSite\",\"@id\":\"http:\\\/\\\/iapop.com\\\/es\\\/#website\",\"url\":\"http:\\\/\\\/iapop.com\\\/es\\\/\",\"name\":\"IAPOP\",\"description\":\"Process Oriented Psychology\",\"publisher\":{\"@id\":\"http:\\\/\\\/iapop.com\\\/es\\\/#organization\"},\"potentialAction\":[{\"@type\":\"SearchAction\",\"target\":{\"@type\":\"EntryPoint\",\"urlTemplate\":\"http:\\\/\\\/iapop.com\\\/es\\\/?s={search_term_string}\"},\"query-input\":{\"@type\":\"PropertyValueSpecification\",\"valueRequired\":true,\"valueName\":\"search_term_string\"}}],\"inLanguage\":\"de\"},{\"@type\":\"Organization\",\"@id\":\"http:\\\/\\\/iapop.com\\\/es\\\/#organization\",\"name\":\"IAPOP\",\"url\":\"http:\\\/\\\/iapop.com\\\/es\\\/\",\"logo\":{\"@type\":\"ImageObject\",\"inLanguage\":\"de\",\"@id\":\"http:\\\/\\\/iapop.com\\\/es\\\/#\\\/schema\\\/logo\\\/image\\\/\",\"url\":\"https:\\\/\\\/iapop.com\\\/wp-content\\\/uploads\\\/2024\\\/12\\\/Logo-300x131-1.png\",\"contentUrl\":\"https:\\\/\\\/iapop.com\\\/wp-content\\\/uploads\\\/2024\\\/12\\\/Logo-300x131-1.png\",\"width\":300,\"height\":131,\"caption\":\"IAPOP\"},\"image\":{\"@id\":\"http:\\\/\\\/iapop.com\\\/es\\\/#\\\/schema\\\/logo\\\/image\\\/\"},\"sameAs\":[\"https:\\\/\\\/www.facebook.com\\\/processwork.iapop\"]}]}<\/script>\n<!-- \/ Yoast SEO plugin. -->","yoast_head_json":{"title":"Spenden Sie an IAPOP - IAPOP","robots":{"index":"index","follow":"follow","max-snippet":"max-snippet:-1","max-image-preview":"max-image-preview:large","max-video-preview":"max-video-preview:-1"},"canonical":"https:\/\/iapop.com\/de\/donations\/","og_locale":"de_DE","og_type":"article","og_title":"Donate to IAPOP - IAPOP","og_description":"IAPOP is an association of working professionals, students, practitioners, and researchers who are dedicated to advancements in Process Oriented Psychology, research, methods training and acquisition, and dissemination to individuals and [&hellip;]","og_url":"https:\/\/iapop.com\/de\/donations\/","og_site_name":"IAPOP","article_publisher":"https:\/\/www.facebook.com\/processwork.iapop","article_modified_time":"2025-02-15T18:02:05+00:00","og_image":[{"url":"https:\/\/www.paypalobjects.com\/webstatic\/en_US\/i\/buttons\/cc-badges-ppppcmcvdam.png","type":"","width":"","height":""}],"twitter_card":"summary_large_image","twitter_misc":{"Gesch\u00e4tzte Lesezeit":"2\u00a0Minuten"},"schema":{"@context":"https:\/\/schema.org","@graph":[{"@type":"WebPage","@id":"https:\/\/iapop.com\/es\/donations\/","url":"https:\/\/iapop.com\/es\/donations\/","name":"Spenden Sie an IAPOP - IAPOP","isPartOf":{"@id":"http:\/\/iapop.com\/es\/#website"},"primaryImageOfPage":{"@id":"https:\/\/iapop.com\/es\/donations\/#primaryimage"},"image":{"@id":"https:\/\/iapop.com\/es\/donations\/#primaryimage"},"thumbnailUrl":"https:\/\/www.paypalobjects.com\/webstatic\/en_US\/i\/buttons\/cc-badges-ppppcmcvdam.png","datePublished":"2024-11-29T16:57:36+00:00","dateModified":"2025-02-15T18:02:05+00:00","breadcrumb":{"@id":"https:\/\/iapop.com\/es\/donations\/#breadcrumb"},"inLanguage":"de","potentialAction":[{"@type":"ReadAction","target":["https:\/\/iapop.com\/es\/donations\/"]}]},{"@type":"ImageObject","inLanguage":"de","@id":"https:\/\/iapop.com\/es\/donations\/#primaryimage","url":"https:\/\/www.paypalobjects.com\/webstatic\/en_US\/i\/buttons\/cc-badges-ppppcmcvdam.png","contentUrl":"https:\/\/www.paypalobjects.com\/webstatic\/en_US\/i\/buttons\/cc-badges-ppppcmcvdam.png"},{"@type":"BreadcrumbList","@id":"https:\/\/iapop.com\/es\/donations\/#breadcrumb","itemListElement":[{"@type":"ListItem","position":1,"name":"Home","item":"https:\/\/iapop.com\/"},{"@type":"ListItem","position":2,"name":"Donate to IAPOP"}]},{"@type":"WebSite","@id":"http:\/\/iapop.com\/es\/#website","url":"http:\/\/iapop.com\/es\/","name":"IAPOP","description":"Prozessorientierte Psychologie","publisher":{"@id":"http:\/\/iapop.com\/es\/#organization"},"potentialAction":[{"@type":"SearchAction","target":{"@type":"EntryPoint","urlTemplate":"http:\/\/iapop.com\/es\/?s={search_term_string}"},"query-input":{"@type":"PropertyValueSpecification","valueRequired":true,"valueName":"search_term_string"}}],"inLanguage":"de"},{"@type":"Organization","@id":"http:\/\/iapop.com\/es\/#organization","name":"IAPOP","url":"http:\/\/iapop.com\/es\/","logo":{"@type":"ImageObject","inLanguage":"de","@id":"http:\/\/iapop.com\/es\/#\/schema\/logo\/image\/","url":"https:\/\/iapop.com\/wp-content\/uploads\/2024\/12\/Logo-300x131-1.png","contentUrl":"https:\/\/iapop.com\/wp-content\/uploads\/2024\/12\/Logo-300x131-1.png","width":300,"height":131,"caption":"IAPOP"},"image":{"@id":"http:\/\/iapop.com\/es\/#\/schema\/logo\/image\/"},"sameAs":["https:\/\/www.facebook.com\/processwork.iapop"]}]}},"_links":{"self":[{"href":"https:\/\/iapop.com\/de\/wp-json\/wp\/v2\/pages\/6630","targetHints":{"allow":["GET"]}}],"collection":[{"href":"https:\/\/iapop.com\/de\/wp-json\/wp\/v2\/pages"}],"about":[{"href":"https:\/\/iapop.com\/de\/wp-json\/wp\/v2\/types\/page"}],"author":[{"embeddable":true,"href":"https:\/\/iapop.com\/de\/wp-json\/wp\/v2\/users\/250"}],"replies":[{"embeddable":true,"href":"https:\/\/iapop.com\/de\/wp-json\/wp\/v2\/comments?post=6630"}],"version-history":[{"count":0,"href":"https:\/\/iapop.com\/de\/wp-json\/wp\/v2\/pages\/6630\/revisions"}],"wp:attachment":[{"href":"https:\/\/iapop.com\/de\/wp-json\/wp\/v2\/media?parent=6630"}],"curies":[{"name":"wp","href":"https:\/\/api.w.org\/{rel}","templated":true}]}}