{"id":7245,"date":"2025-02-17T10:50:20","date_gmt":"2025-02-17T10:50:20","guid":{"rendered":"https:\/\/test.iapop.com\/?page_id=7245"},"modified":"2025-11-15T07:40:38","modified_gmt":"2025-11-15T07:40:38","slug":"training-centers","status":"publish","type":"page","link":"https:\/\/iapop.com\/de\/training-centers\/","title":{"rendered":"Diploma Level Training Schools"},"content":{"rendered":"<h1 class=\"wp-block-post-title\">Diploma Level Training Schools<\/h1>\n\n\n<h2 class=\"wp-block-heading\">Ausbildung in prozessorientierter Psychologie<\/h2>\n\n\n\n<p>Die Ausbildung in prozessorientierter Psychologie vereint ein globales Netzwerk von Lernangeboten - von kurzen, zielgerichteten Workshops bis hin zu einer fundierten Qualifikation auf Diplomniveau. Zahlreiche Kurse, die sich mit spezifischen Facetten der Prozessarbeit befassen, finden Sie in unserem <a href=\"https:\/\/iapop.com\/de\/directory\/\">Verzeichnis<\/a> und <a href=\"https:\/\/iapop.com\/de\/events\/\">Kommende Veranstaltungen<\/a> Diese Liste stellt Schulen, Programme und Ausbildungszentren f\u00fcr Prozessarbeit vor, die vollst\u00e4ndig der IAPOP angeh\u00f6ren. Jedes dieser Programme bietet eine umfassende, dem Diplomstandard entsprechende Qualifikation. Diese Prozessarbeitsprogramme sind im Globalen Norden und im Globalen S\u00fcden angesiedelt und halten strenge Standards mit strukturierten Lehrpl\u00e4nen ein, die Sie zum Prozessarbeitsdiplom qualifizieren - der h\u00f6chsten erreichbaren Qualifikation in prozessorientierter Psychologie.  Nachfolgend finden Sie eine Liste von Zentren und Instituten, an denen Sie eine der IAPOP angeschlossene Prozessarbeitsqualifikation auf Diplomatenebene absolvieren k\u00f6nnen.  <\/p>\n\n\n\n<p>Folgen Sie den Links zu den einzelnen Schulen, um das Angebot an \u00f6ffentlichen Programmen zu finden. <\/p>\n\n\n\n<p>Absolventen dieser Programme k\u00f6nnen Mitglied der IAPOP werden <\/p>\n\n\n\n<p><\/p>\n\n\n\n<figure class=\"wp-block-table datatable-init is-style-regular\"><table class=\"has-fixed-layout\"><thead><tr><th>SCHULE<\/th><th>LAND<\/th><th>WEBSITE<\/th><th>PROGRAMME<\/th><\/tr><\/thead><tbody><tr><td><strong>Kunst des Prozesses und professionelle Demokratie<\/strong><\/td><td>Italien<\/td><td><a href=\"https:\/\/processworkitalia.com\/\" target=\"_blank\" rel=\"noreferrer noopener nofollow\">processworkitalia.com<\/a><\/td><td>Diplom<\/td><\/tr><tr><td><strong>Australien-Neuseeland Prozessorientierte Psychologie (ANZPOP<\/strong>)<\/td><td>Australien\/NZ<\/td><td><a href=\"https:\/\/anzpop.org\/\" target=\"_blank\" rel=\"noreferrer noopener nofollow\">anzpop.org<\/a><\/td><td>Diplom<\/td><\/tr><tr><td><strong>Institut f\u00fcr Tiefen-Demokratie<\/strong> <strong>International<\/strong> (<strong>DDII<\/strong>)<\/td><td>\u00c4gypten, Irak, Europa, Russland, Myanmar, Vietnam, Ukraine<\/td><td><a href=\"https:\/\/deepdemocracyinstitute.org\/\" target=\"_blank\" rel=\"noreferrer noopener nofollow\">deepdemocracyinstitute.org<\/a><br><br><a href=\"https:\/\/deepdemocracydiploma.com\">https:\/\/deepdemocracydiploma.com<\/a> <br><a href=\"https:\/\/ddi.in.ua\" target=\"_blank\" rel=\"noreferrer noopener nofollow\">ddi.in.ua<\/a><\/td><td>Diplom<\/td><\/tr><tr><td><strong> DDI Kenia<\/strong><\/td><td>Kenia<\/td><td><a href=\"https:\/\/www.facebook.com\/DDI.Kenya\/\">https:\/\/www.facebook.com\/DDI.Kenya\/<\/a> <\/td><td>Diplom<\/td><\/tr><tr><td><strong>DDI Thailand<\/strong><\/td><td>Thailand <\/td><td><a href=\"https:\/\/www.facebook.com\/DeepDemocracyInstitueThailand\/\">https:\/\/www.facebook.com\/DeepDemocracyInstitueThailand\/<\/a> <br><\/td><td>Diplom<\/td><\/tr><tr><td><strong>Institut f\u00fcr Prozessarbeit (IPA)<\/strong><\/td><td>Schweiz<\/td><td><a href=\"https:\/\/www.institut-prozessarbeit.ch\" target=\"_blank\" rel=\"noreferrer noopener nofollow\">institut-prozessarbeit.ch<\/a><\/td><td>Diplom<\/td><\/tr><tr><td><strong>Institut f\u00fcr Prozessarbeit Deutschland (Institut f\u00fcr Prozessarbeit Deutschland)<\/strong><\/td><td>Deutschland<\/td><td><a href=\"https:\/\/institut-prozessarbeit.de\/\" target=\"_blank\" rel=\"noreferrer noopener nofollow\">institut-prozessarbeit.de<\/a><\/td><td>Diplom<\/td><\/tr><tr><td><strong>Institut procesove orientovane prace (Institut f\u00fcr prozessorientierte Psychologie)<\/strong><\/td><td>Tschechische Republik<\/td><td><a href=\"https:\/\/www.processwork.cz\" target=\"_blank\" rel=\"noreferrer noopener nofollow\">processwork.cz<\/a><\/td><td>Diplom<\/td><\/tr><tr><td><strong>Instituto de Trabajo de Procesos y Democracia Profunda<\/strong><\/td><td>Spanien<\/td><td><a href=\"https:\/\/www.trabajodeprocesos.net\" target=\"_blank\" rel=\"noreferrer noopener nofollow\">trabajodeprocesos.net<\/a><\/td><td>Diplom<\/td><\/tr><tr><td><strong>Instytut Psychologii Procesu<\/strong><\/td><td>Polen<\/td><td><a href=\"https:\/\/processwork.pl\/\" target=\"_blank\" rel=\"noreferrer noopener nofollow\">Prozessarbeit.pl<\/a><\/td><td>Diplom<\/td><\/tr><tr><td><strong>Internationales Zentrum f\u00fcr Prozessarbeit (ICPW)<\/strong><\/td><td>Russland<\/td><td><a href=\"https:\/\/www.processwork.pro\/\" target=\"_blank\" rel=\"noreferrer noopener nofollow\">processwork.pro<\/a><\/td><td>Diplom<\/td><\/tr><tr><td><strong>Internationale Schule f\u00fcr Prozessarbeit Russland (ISPWR)<\/strong><\/td><td>Russland<\/td><td><a href=\"https:\/\/mipopp.com\/\" target=\"_blank\" rel=\"noreferrer noopener nofollow\">mipopp.de<\/a><\/td><td>Diplom<\/td><\/tr><tr><td><strong>Japan Process Work Center<\/strong><\/td><td>Japan<\/td><td><a href=\"https:\/\/jpwc.or.jp\" target=\"_blank\" rel=\"noreferrer noopener nofollow\">jpwc.or.jp<\/a><\/td><td>Diplom<\/td><\/tr><tr><td><strong>Prozessorientiertes Institut Slowakei, POPI-Slowakei<\/strong><\/td><td>Slowakei<\/td><td><a href=\"https:\/\/www.processwork.sk\" target=\"_blank\" rel=\"noreferrer noopener nofollow\">processwork.sk<\/a><\/td><td>Diplom<\/td><\/tr><tr><td><strong>Prozessarbeitsplatz Hawai'i<\/strong><\/td><td>USA<\/td><td><a href=\"https:\/\/processworkcenterofhawaii.com\" target=\"_blank\" rel=\"noreferrer noopener nofollow\">processworkcenterofhawaii.com<\/a><\/td><td>Diplom<\/td><\/tr><tr><td><strong>Institut f\u00fcr Prozessarbeit Litauen<\/strong><\/td><td>Litauen<\/td><td><a href=\"https:\/\/pwi.lt\" target=\"_blank\" rel=\"noreferrer noopener nofollow\">pwi.lt<\/a><\/td><td>Diplom<\/td><\/tr><tr><td><strong>Institut f\u00fcr Prozessarbeit in Indien<\/strong><\/td><td>Indien<\/td><td><a href=\"https:\/\/www.processworkindia.com\/\" target=\"_blank\" rel=\"noreferrer noopener nofollow\">processworkindia.com<\/a><\/td><td>Auf dem Weg zum Diplom<\/td><\/tr><tr><td><strong>Institut f\u00fcr Prozessarbeit, Portland<\/strong><\/td><td>USA<\/td><td><a href=\"https:\/\/www.processworkuk.org\/\" target=\"_blank\" rel=\"noreferrer noopener nofollow\">prozessarbeit.edu<\/a><\/td><td>Diplom<\/td><\/tr><tr><td><strong>Studienzentrum f\u00fcr Prozessarbeit (Studioum Psychologii Procesu - SPP)<\/strong><\/td><td>Polen<\/td><td><a href=\"https:\/\/fundacjaspp.pl\/\" target=\"_blank\" rel=\"noreferrer noopener nofollow\">fundacjaspp.pl<\/a><\/td><td>Diplom<\/td><\/tr><tr><td><strong>Drehscheibe f\u00fcr Prozessarbeit<\/strong><\/td><td>Griechenland<\/td><td><a href=\"https:\/\/processworkhub.gr\/diploma-sto-processwork.htm\" target=\"_blank\" rel=\"noreferrer noopener nofollow\">processworkhub.gr<\/a><\/td><td>Diplom<\/td><\/tr><tr><td><strong>PW Israel<\/strong><\/td><td>Israel<\/td><td><\/td><td>Diplom<\/td><\/tr><tr><td><strong>Forschungsgesellschaft f\u00fcr prozessorientierte Psychologie, Processwork UK<\/strong><\/td><td>UK<\/td><td><a href=\"https:\/\/www.processworkuk.org\/\" target=\"_blank\" rel=\"noreferrer noopener nofollow\">processworkuk.org<\/a><\/td><td>Diplom<\/td><\/tr><tr><td><strong>Schweizerisch-Russische Schule f\u00fcr Prozessarbeit<\/strong><\/td><td>Schweiz, Russland<\/td><td><a href=\"https:\/\/pw-center.ru\/\" target=\"_blank\" rel=\"noreferrer noopener nofollow\">pw-center.ru<\/a><\/td><td>Diplom<\/td><\/tr><\/tbody><\/table><\/figure>\n\n\n\n<div class=\"wp-block-group is-nowrap is-layout-flex wp-container-core-group-is-layout-6c531013 wp-block-group-is-layout-flex\">\n<h2 class=\"wp-block-heading\">IAPOP-angeschlossene Zertifikatskurse <\/h2>\n\n\n\n<h2 class=\"wp-block-heading\">Demn\u00e4chst!!<\/h2>\n<\/div>\n\n\n\n<h3 class=\"wp-block-heading\">Dreij\u00e4hrige Prozessarbeit Ausbildung <\/h3>\n\n\n\n<p>Absolventen dieser 3- bis 4-j\u00e4hrigen IAPOP-Zertifikatsprogramme sind zur IAPOP-Mitgliedschaft berechtigt<\/p>\n\n\n\n<figure class=\"wp-block-table\"><table class=\"has-fixed-layout\"><tbody><tr><td><strong>Kurs<\/strong><\/td><td><strong>Standort <\/strong><\/td><td><strong>Ausbildungsprogramm <\/strong><\/td><td><strong>Website\/Link <\/strong><\/td><\/tr><tr><td><\/td><td>Portland, USA<\/td><td><\/td><td><\/td><\/tr><tr><td><\/td><td>Griechenland <\/td><td><\/td><td><\/td><\/tr><tr><td><\/td><td>Spanien <\/td><td><\/td><td><\/td><\/tr><\/tbody><\/table><\/figure>\n\n\n\n<h2 class=\"wp-block-heading\">Tochtergesellschaft<\/h2>\n\n\n\n<p><strong>CFOR Kraft f\u00fcr den Wandel<\/strong> <mark style=\"background-color:rgba(0, 0, 0, 0)\" class=\"has-inline-color has-brand-primary-color\"> https:\/\/www.cfor.info\/<\/mark><\/p>\n\n\n\n<p>CFOR vermittelt und bildet Vermittler aus. Unser Ziel ist \"ein Vermittler an jedem Tisch\", von der K\u00fcche bis zum Verhandlungstisch. Wenn Menschen das Bewusstsein f\u00fcr die polarisierende Dynamik und die Gewalt, unter der sie leiden, f\u00f6rdern k\u00f6nnen, wird die Gemeinschaft zu einer sch\u00fctzenden und kreativen Kraft, die Gewalt verhindert und die Zukunft ver\u00e4ndert. <br><br>Unsere Arbeit:<br><br>- BALKANIEN: In Partnerschaft mit Assoc 'Mi', dem UNHCR (Hochkommissariat f\u00fcr Fl\u00fcchtlinge der Vereinten Nationen) und der EU verbinden gro\u00dfe Foren in Kroatien die psychosoziale und wirtschaftliche Erholung sowie die Ausbildung von F\u00fchrungskr\u00e4ften in den vom Krieg am st\u00e4rksten betroffenen Gebieten. Die Teilnehmer stammen aus einem breiten Netz zivilgesellschaftlicher Organisationen und lokaler Beh\u00f6rden und geh\u00f6ren allen Ethnien und Nationalit\u00e4ten an. In Zusammenarbeit mit dem UNHCR entwickeln wir auch ein Modell f\u00fcr die gesamte Balkanregion.<br><br>- EUROPE MATTERS: Unterst\u00fctzt von der EU, konzentriert sich auf die Sensibilisierung und F\u00f6rderung, die notwendig sind, um die gewaltt\u00e4tige Geschichte Europas in florierende multikulturelle Gesellschaften zu verwandeln.<br><br>- SEEDS: Das von der EU gef\u00f6rderte Programm konzentriert sich darauf, die eigenen Tr\u00e4ume zu verwirklichen, und erkennt an, welchen Unterschied jeder Einzelne und jede Organisation macht.<br><br>- FACILITATION F\u00dcR F\u00dcHRUNGSKR\u00c4FTE: CFOR bietet ein j\u00e4hrliches Schulungsprogramm mit 5 Modulen in London an.<br><br>- BERATUNG\/ AUSBILDUNG: Die CFOR f\u00fchrt auch interne Schulungen und Beratungen in internationalen Organisationen durch.<\/p>\n\n\n\n<p><\/p>","protected":false},"excerpt":{"rendered":"<p>Process\u2011Oriented Psychology training Process\u2011Oriented Psychology training brings together a global network of learning opportunities\u2014ranging from short, focused workshops to an in-depth diploma-level qualification. While you\u2019ll find numerous courses exploring specific [&hellip;]<\/p>\n","protected":false},"author":250,"featured_media":0,"parent":0,"menu_order":0,"comment_status":"closed","ping_status":"closed","template":"","meta":{"_EventAllDay":false,"_EventTimezone":"","_EventStartDate":"","_EventEndDate":"","_EventStartDateUTC":"","_EventEndDateUTC":"","_EventShowMap":false,"_EventShowMapLink":false,"_EventURL":"","_EventCost":"","_EventCostDescription":"","_EventCurrencySymbol":"","_EventCurrencyCode":"","_EventCurrencyPosition":"","_EventDateTimeSeparator":"","_EventTimeRangeSeparator":"","_EventOrganizerID":[],"_EventVenueID":[],"_OrganizerEmail":"","_OrganizerPhone":"","_OrganizerWebsite":"","_VenueAddress":"","_VenueCity":"","_VenueCountry":"","_VenueProvince":"","_VenueState":"","_VenueZip":"","_VenuePhone":"","_VenueURL":"","_VenueStateProvince":"","_VenueLat":"","_VenueLng":"","_VenueShowMap":false,"_VenueShowMapLink":false,"footnotes":""},"class_list":["post-7245","page","type-page","status-publish","hentry"],"yoast_head":"<!-- This site is optimized with the Yoast SEO plugin v27.3 - https:\/\/yoast.com\/product\/yoast-seo-wordpress\/ -->\n<title>Diploma Level Training Schools - IAPOP<\/title>\n<meta name=\"robots\" content=\"index, follow, max-snippet:-1, max-image-preview:large, max-video-preview:-1\" \/>\n<link rel=\"canonical\" href=\"https:\/\/iapop.com\/de\/training-centers\/\" \/>\n<meta property=\"og:locale\" content=\"de_DE\" \/>\n<meta property=\"og:type\" content=\"article\" \/>\n<meta property=\"og:title\" content=\"Diploma Level Training Schools - IAPOP\" \/>\n<meta property=\"og:description\" content=\"Process\u2011Oriented Psychology training Process\u2011Oriented Psychology training brings together a global network of learning opportunities\u2014ranging from short, focused workshops to an in-depth diploma-level qualification. While you\u2019ll find numerous courses exploring specific [&hellip;]\" \/>\n<meta property=\"og:url\" content=\"https:\/\/iapop.com\/de\/training-centers\/\" \/>\n<meta property=\"og:site_name\" content=\"IAPOP\" \/>\n<meta property=\"article:publisher\" content=\"https:\/\/www.facebook.com\/processwork.iapop\" \/>\n<meta property=\"article:modified_time\" content=\"2025-11-15T07:40:38+00:00\" \/>\n<meta name=\"twitter:card\" content=\"summary_large_image\" \/>\n<meta name=\"twitter:label1\" content=\"Gesch\u00e4tzte Lesezeit\" \/>\n\t<meta name=\"twitter:data1\" content=\"3\u00a0Minuten\" \/>\n<script type=\"application\/ld+json\" class=\"yoast-schema-graph\">{\"@context\":\"https:\\\/\\\/schema.org\",\"@graph\":[{\"@type\":\"WebPage\",\"@id\":\"https:\\\/\\\/iapop.com\\\/training-centers\\\/\",\"url\":\"https:\\\/\\\/iapop.com\\\/training-centers\\\/\",\"name\":\"Diploma Level Training Schools - IAPOP\",\"isPartOf\":{\"@id\":\"http:\\\/\\\/iapop.com\\\/es\\\/#website\"},\"datePublished\":\"2025-02-17T10:50:20+00:00\",\"dateModified\":\"2025-11-15T07:40:38+00:00\",\"breadcrumb\":{\"@id\":\"https:\\\/\\\/iapop.com\\\/training-centers\\\/#breadcrumb\"},\"inLanguage\":\"de\",\"potentialAction\":[{\"@type\":\"ReadAction\",\"target\":[\"https:\\\/\\\/iapop.com\\\/training-centers\\\/\"]}]},{\"@type\":\"BreadcrumbList\",\"@id\":\"https:\\\/\\\/iapop.com\\\/training-centers\\\/#breadcrumb\",\"itemListElement\":[{\"@type\":\"ListItem\",\"position\":1,\"name\":\"Home\",\"item\":\"https:\\\/\\\/iapop.com\\\/\"},{\"@type\":\"ListItem\",\"position\":2,\"name\":\"Diploma Level Training Schools\"}]},{\"@type\":\"WebSite\",\"@id\":\"http:\\\/\\\/iapop.com\\\/es\\\/#website\",\"url\":\"http:\\\/\\\/iapop.com\\\/es\\\/\",\"name\":\"IAPOP\",\"description\":\"Process Oriented Psychology\",\"publisher\":{\"@id\":\"http:\\\/\\\/iapop.com\\\/es\\\/#organization\"},\"potentialAction\":[{\"@type\":\"SearchAction\",\"target\":{\"@type\":\"EntryPoint\",\"urlTemplate\":\"http:\\\/\\\/iapop.com\\\/es\\\/?s={search_term_string}\"},\"query-input\":{\"@type\":\"PropertyValueSpecification\",\"valueRequired\":true,\"valueName\":\"search_term_string\"}}],\"inLanguage\":\"de\"},{\"@type\":\"Organization\",\"@id\":\"http:\\\/\\\/iapop.com\\\/es\\\/#organization\",\"name\":\"IAPOP\",\"url\":\"http:\\\/\\\/iapop.com\\\/es\\\/\",\"logo\":{\"@type\":\"ImageObject\",\"inLanguage\":\"de\",\"@id\":\"http:\\\/\\\/iapop.com\\\/es\\\/#\\\/schema\\\/logo\\\/image\\\/\",\"url\":\"https:\\\/\\\/iapop.com\\\/wp-content\\\/uploads\\\/2024\\\/12\\\/Logo-300x131-1.png\",\"contentUrl\":\"https:\\\/\\\/iapop.com\\\/wp-content\\\/uploads\\\/2024\\\/12\\\/Logo-300x131-1.png\",\"width\":300,\"height\":131,\"caption\":\"IAPOP\"},\"image\":{\"@id\":\"http:\\\/\\\/iapop.com\\\/es\\\/#\\\/schema\\\/logo\\\/image\\\/\"},\"sameAs\":[\"https:\\\/\\\/www.facebook.com\\\/processwork.iapop\"]}]}<\/script>\n<!-- \/ Yoast SEO plugin. -->","yoast_head_json":{"title":"Diploma Level Training Schools - IAPOP","robots":{"index":"index","follow":"follow","max-snippet":"max-snippet:-1","max-image-preview":"max-image-preview:large","max-video-preview":"max-video-preview:-1"},"canonical":"https:\/\/iapop.com\/de\/training-centers\/","og_locale":"de_DE","og_type":"article","og_title":"Diploma Level Training Schools - IAPOP","og_description":"Process\u2011Oriented Psychology training Process\u2011Oriented Psychology training brings together a global network of learning opportunities\u2014ranging from short, focused workshops to an in-depth diploma-level qualification. While you\u2019ll find numerous courses exploring specific [&hellip;]","og_url":"https:\/\/iapop.com\/de\/training-centers\/","og_site_name":"IAPOP","article_publisher":"https:\/\/www.facebook.com\/processwork.iapop","article_modified_time":"2025-11-15T07:40:38+00:00","twitter_card":"summary_large_image","twitter_misc":{"Gesch\u00e4tzte Lesezeit":"3\u00a0Minuten"},"schema":{"@context":"https:\/\/schema.org","@graph":[{"@type":"WebPage","@id":"https:\/\/iapop.com\/training-centers\/","url":"https:\/\/iapop.com\/training-centers\/","name":"Diploma Level Training Schools - IAPOP","isPartOf":{"@id":"http:\/\/iapop.com\/es\/#website"},"datePublished":"2025-02-17T10:50:20+00:00","dateModified":"2025-11-15T07:40:38+00:00","breadcrumb":{"@id":"https:\/\/iapop.com\/training-centers\/#breadcrumb"},"inLanguage":"de","potentialAction":[{"@type":"ReadAction","target":["https:\/\/iapop.com\/training-centers\/"]}]},{"@type":"BreadcrumbList","@id":"https:\/\/iapop.com\/training-centers\/#breadcrumb","itemListElement":[{"@type":"ListItem","position":1,"name":"Home","item":"https:\/\/iapop.com\/"},{"@type":"ListItem","position":2,"name":"Diploma Level Training Schools"}]},{"@type":"WebSite","@id":"http:\/\/iapop.com\/es\/#website","url":"http:\/\/iapop.com\/es\/","name":"IAPOP","description":"Prozessorientierte Psychologie","publisher":{"@id":"http:\/\/iapop.com\/es\/#organization"},"potentialAction":[{"@type":"SearchAction","target":{"@type":"EntryPoint","urlTemplate":"http:\/\/iapop.com\/es\/?s={search_term_string}"},"query-input":{"@type":"PropertyValueSpecification","valueRequired":true,"valueName":"search_term_string"}}],"inLanguage":"de"},{"@type":"Organization","@id":"http:\/\/iapop.com\/es\/#organization","name":"IAPOP","url":"http:\/\/iapop.com\/es\/","logo":{"@type":"ImageObject","inLanguage":"de","@id":"http:\/\/iapop.com\/es\/#\/schema\/logo\/image\/","url":"https:\/\/iapop.com\/wp-content\/uploads\/2024\/12\/Logo-300x131-1.png","contentUrl":"https:\/\/iapop.com\/wp-content\/uploads\/2024\/12\/Logo-300x131-1.png","width":300,"height":131,"caption":"IAPOP"},"image":{"@id":"http:\/\/iapop.com\/es\/#\/schema\/logo\/image\/"},"sameAs":["https:\/\/www.facebook.com\/processwork.iapop"]}]}},"_links":{"self":[{"href":"https:\/\/iapop.com\/de\/wp-json\/wp\/v2\/pages\/7245","targetHints":{"allow":["GET"]}}],"collection":[{"href":"https:\/\/iapop.com\/de\/wp-json\/wp\/v2\/pages"}],"about":[{"href":"https:\/\/iapop.com\/de\/wp-json\/wp\/v2\/types\/page"}],"author":[{"embeddable":true,"href":"https:\/\/iapop.com\/de\/wp-json\/wp\/v2\/users\/250"}],"replies":[{"embeddable":true,"href":"https:\/\/iapop.com\/de\/wp-json\/wp\/v2\/comments?post=7245"}],"version-history":[{"count":3,"href":"https:\/\/iapop.com\/de\/wp-json\/wp\/v2\/pages\/7245\/revisions"}],"predecessor-version":[{"id":8049,"href":"https:\/\/iapop.com\/de\/wp-json\/wp\/v2\/pages\/7245\/revisions\/8049"}],"wp:attachment":[{"href":"https:\/\/iapop.com\/de\/wp-json\/wp\/v2\/media?parent=7245"}],"curies":[{"name":"wp","href":"https:\/\/api.w.org\/{rel}","templated":true}]}}