{"id":7246,"date":"2025-02-17T10:52:26","date_gmt":"2025-02-17T10:52:26","guid":{"rendered":"https:\/\/test.iapop.com\/?page_id=7246"},"modified":"2025-02-17T10:54:11","modified_gmt":"2025-02-17T10:54:11","slug":"concerns-and-complaints","status":"publish","type":"page","link":"https:\/\/iapop.com\/de\/concerns-and-complaints\/","title":{"rendered":"Bedenken und Beschwerden"},"content":{"rendered":"<h1 class=\"wp-block-post-title\">Bedenken und Beschwerden<\/h1>\n\n\n<p><strong>Wege f\u00fcr Beschwerden, Bedenken und Konflikte<\/strong><\/p>\n\n\n\n<p>Die IAPOP ist eine internationale Vereinigung prozessorientierter Psychologiepraktiker, die sich durch gemeinsame Werte, Visionen und Ziele sowie durch die Unterst\u00fctzung von Vielfalt, Kreativit\u00e4t, Beziehungen, innovativer Forschung, Lernen und Praxis innerhalb unserer Berufsgemeinschaft zusammenschlie\u00dfen.<\/p>\n\n\n\n<p>Die der IAPOP angeschlossenen Schulen f\u00fcr Prozessarbeit sind selbstverwaltet und selbstregulierend. Sie arbeiten nach gemeinsamen Standards, die im Ausbildungsrat in Zusammenarbeit mit allen Diplomschulen entwickelt und je nach Region und Kontext angepasst wurden. Der Vorstand der IAPOP dient der internationalen Gemeinschaft und ihren Mitgliedern und konzentriert sich auf Lernen, Forschung und Gemeinschaftsbildung.&nbsp;<\/p>\n\n\n\n<p>IAPOP-Mitglieder sind professionelle Praktiker, die sich der Forschung, dem Lernen und der Praxis von Deep Democracy, Process Work und Worldwork verschrieben haben und strenge Trainingsprogramme durch IAPOP-angeschlossene Organisationen absolviert haben (Link zu den Training Council Schools).&nbsp;<\/p>\n\n\n\n<p>\u00a0Als Processworker ist es unser Ziel, Bewusstsein zu schaffen, das ethische Fragen auf pers\u00f6nlicher, relationaler und kollektiver Ebene einschlie\u00dft. <a href=\"https:\/\/iapop.com\/de\/training-centers\/\">Alle Trainingsprogramme<\/a> die der IAPOP angeschlossen sind, verf\u00fcgen \u00fcber einen eigenen Ethikrahmen f\u00fcr Lehrkr\u00e4fte, Studenten und Absolventen.<\/p>\n\n\n\n<p>Im Laufe der Jahre haben sich mehrere Personen mit Bedenken oder Beschwerden an den IAPOP-Vorstand gewandt. Der IAPOP-Vorstand besteht aus einer Gruppe von Freiwilligen, die sich mit jeder Situation von Fall zu Fall auseinandergesetzt haben. Da es sich um Freiwillige handelt, hat der Vorstand weder die Kapazit\u00e4t noch manchmal die entsprechende Erfahrung, um diese Beschwerden in der erforderlichen und angemessenen Weise zu behandeln. Diese Geschichte hat den Vorstand (in Absprache mit dem Ausbildungsrat) dazu veranlasst, unseren Ansatz zu aktualisieren. Wir haben die bisherigen Erfahrungen analysiert und auf der Grundlage der Empfehlungen des Ausbildungsrates diese \u00dcbersicht erstellt, um die verschiedenen Wege zur Erleichterung und L\u00f6sung zu verdeutlichen. Wir teilen sie im Folgenden in der Hoffnung, dass sie Ihnen helfen, die richtige Richtung zu finden.<\/p>\n\n\n\n<p><strong>Was Sie tun k\u00f6nnen:<\/strong><\/p>\n\n\n\n<p>In F\u00e4llen von Bedenken, Beschwerden und Konflikten, in denen die Versuche, eine L\u00f6sung (des Konflikts oder der Beschwerde) herbeizuf\u00fchren, noch nicht erfolgreich waren und weitere Ma\u00dfnahmen gew\u00fcnscht werden, empfiehlt der IAPOP-Vorstand eine dieser Optionen:<\/p>\n\n\n\n<p>1)&nbsp; &nbsp; <strong>Individuelle Beschwerde<\/strong>:&nbsp;<\/p>\n\n\n\n<p>Sie k\u00f6nnen das Verfahren zur Behandlung und L\u00f6sung von Beschwerden und Konflikten in dem der IAPOP angeschlossenen Studiengang nutzen, an dem der Praktiker als Fakult\u00e4tsmitglied, Absolvent oder Student beteiligt ist. Jeder der IAPOP angeschlossene Studiengang verf\u00fcgt \u00fcber ein Ethik-, Beschwerde- und Konfliktl\u00f6sungsverfahren. Wir empfehlen Ihnen, sich an diese Schule zu wenden und die Kontaktdaten des Ausschusses oder der Person zu erfragen, die f\u00fcr diese Fragen zust\u00e4ndig ist.<\/p>\n\n\n\n<p>2)&nbsp; &nbsp; <strong>Konflikte zwischen IAPOP-verbundenen Ausbildungsprogrammen<\/strong>:&nbsp;<\/p>\n\n\n\n<p>Wenn Ihre Bem\u00fchungen um eine L\u00f6sung des Problems nicht zum Erfolg f\u00fchren, empfehlen wir Ihnen, sich an die Mentoren der jeweiligen Schule zu wenden oder sich auf einen externen Vermittler zu einigen.<\/p>\n\n\n\n<p>3)\u00a0 \u00a0 <strong>Konflikt zwischen IAPOP-Mitgliedern:<\/strong><\/p>\n\n\n\n<p>Unter Anwendung des Processwork-Prinzips empfiehlt die IAPOP, einen oder mehrere f\u00fcr beide Seiten akzeptable Vermittler einzuschalten, um eine L\u00f6sung herbeizuf\u00fchren.<\/p>\n\n\n\n<p>4)&nbsp; &nbsp; <strong>Beschwerde \u00fcber strukturelle Diskriminierung (einschlie\u00dflich Rassismus, Sexismus, Homophobie, Transphobie, Behindertenfeindlichkeit, Religion usw.)<\/strong>:<\/p>\n\n\n\n<p>Es kann eine Beschwerde gegen ein Fakult\u00e4tsmitglied oder eine Schule vorliegen, die den Vorwurf des Rassismus oder anderer Formen der strukturellen Diskriminierung beinhaltet. Die beschwerdef\u00fchrende Person (z. B. ein Student oder ein Mitglied des Lehrk\u00f6rpers) kann sich vergewissern, dass sie \u00fcber ausreichende interne und externe Unterst\u00fctzung verf\u00fcgt, um die Beschwerde zu verfolgen. Sie k\u00f6nnen dann versuchen, die Angelegenheit innerhalb der Schule selbst zu kl\u00e4ren.<\/p>\n\n\n\n<p>Wenn dies nicht m\u00f6glich ist (weil zu bef\u00fcrchten ist, dass der Konflikt sich wiederholt oder der Beschwerdef\u00fchrer denselben Schaden erleidet, den er zu beheben versucht hat), verf\u00fcgt die IAPOP \u00fcber ein Gremium von Vermittlern mit Fachkenntnissen in der Vermittlung von struktureller Diskriminierung, die eingeladen werden k\u00f6nnen, die Vermittlung der Beschwerde zu unterst\u00fctzen. Der IAPOP-Ausbildungsrat unterst\u00fctzt das Gremium von Vermittlern, die auf den Bedarf reagieren und ihre Dienste f\u00fcr Beschwerden dieser Art in Schulen anbieten. Die Mitglieder dieses Gremiums sind Anup Karia, Arlene Audergon, Errol Amerasekera und Lane Arye. Je nach Bedarf k\u00f6nnen sie weitere Vermittler f\u00fcr bestimmte Themen und Regionen hinzuziehen.<\/p>\n\n\n\n<p>Beschwerdef\u00fchrer k\u00f6nnen sich per E-Mail an die Kontaktperson des IAPOP-Vorstands f\u00fcr Beschwerdeverfahren wenden. Das Verfahren zur Bearbeitung der Beschwerde wird von Fall zu Fall entschieden und mit den beteiligten Parteien besprochen, einschlie\u00dflich der finanziellen Verpflichtungen.<\/p>\n\n\n\n<p>Es k\u00f6nnen auch Moderatoren eingesetzt werden, die nicht dem Gremium angeh\u00f6ren, wenn alle Beteiligten damit einverstanden sind.&nbsp;<\/p>\n\n\n\n<p><strong>IAPOP Board Beschwerdepfade Kontakt:<\/strong> <a href=\"mailto:complaints@iapop.com\">complaints@iapop.com<\/a><\/p>\n\n\n\n<p><\/p>","protected":false},"excerpt":{"rendered":"<p>Pathways for&nbsp; Complaints, Concerns and Conflicts IAPOP is an International Association of Process-Oriented Psychology Practitioners, who associate through shared values, vision, and goals, as well as support for diversity, creativity, [&hellip;]<\/p>\n","protected":false},"author":250,"featured_media":0,"parent":0,"menu_order":0,"comment_status":"closed","ping_status":"closed","template":"","meta":{"_EventAllDay":false,"_EventTimezone":"","_EventStartDate":"","_EventEndDate":"","_EventStartDateUTC":"","_EventEndDateUTC":"","_EventShowMap":false,"_EventShowMapLink":false,"_EventURL":"","_EventCost":"","_EventCostDescription":"","_EventCurrencySymbol":"","_EventCurrencyCode":"","_EventCurrencyPosition":"","_EventDateTimeSeparator":"","_EventTimeRangeSeparator":"","_EventOrganizerID":[],"_EventVenueID":[],"_OrganizerEmail":"","_OrganizerPhone":"","_OrganizerWebsite":"","_VenueAddress":"","_VenueCity":"","_VenueCountry":"","_VenueProvince":"","_VenueState":"","_VenueZip":"","_VenuePhone":"","_VenueURL":"","_VenueStateProvince":"","_VenueLat":"","_VenueLng":"","_VenueShowMap":false,"_VenueShowMapLink":false,"footnotes":""},"class_list":["post-7246","page","type-page","status-publish","hentry"],"yoast_head":"<!-- This site is optimized with the Yoast SEO plugin v27.3 - https:\/\/yoast.com\/product\/yoast-seo-wordpress\/ -->\n<title>Concerns and Complaints - IAPOP<\/title>\n<meta name=\"robots\" content=\"index, follow, max-snippet:-1, max-image-preview:large, max-video-preview:-1\" \/>\n<link rel=\"canonical\" href=\"https:\/\/iapop.com\/de\/concerns-and-complaints\/\" \/>\n<meta property=\"og:locale\" content=\"de_DE\" \/>\n<meta property=\"og:type\" content=\"article\" \/>\n<meta property=\"og:title\" content=\"Concerns and Complaints - IAPOP\" \/>\n<meta property=\"og:description\" content=\"Pathways for&nbsp; Complaints, Concerns and Conflicts IAPOP is an International Association of Process-Oriented Psychology Practitioners, who associate through shared values, vision, and goals, as well as support for diversity, creativity, [&hellip;]\" \/>\n<meta property=\"og:url\" content=\"https:\/\/iapop.com\/de\/concerns-and-complaints\/\" \/>\n<meta property=\"og:site_name\" content=\"IAPOP\" \/>\n<meta property=\"article:publisher\" content=\"https:\/\/www.facebook.com\/processwork.iapop\" \/>\n<meta property=\"article:modified_time\" content=\"2025-02-17T10:54:11+00:00\" \/>\n<meta name=\"twitter:card\" content=\"summary_large_image\" \/>\n<meta name=\"twitter:label1\" content=\"Gesch\u00e4tzte Lesezeit\" \/>\n\t<meta name=\"twitter:data1\" content=\"3\u00a0Minuten\" \/>\n<script type=\"application\/ld+json\" class=\"yoast-schema-graph\">{\"@context\":\"https:\\\/\\\/schema.org\",\"@graph\":[{\"@type\":\"WebPage\",\"@id\":\"https:\\\/\\\/iapop.com\\\/ru\\\/concerns-and-complaints\\\/\",\"url\":\"https:\\\/\\\/iapop.com\\\/ru\\\/concerns-and-complaints\\\/\",\"name\":\"Concerns and Complaints - IAPOP\",\"isPartOf\":{\"@id\":\"http:\\\/\\\/iapop.com\\\/es\\\/#website\"},\"datePublished\":\"2025-02-17T10:52:26+00:00\",\"dateModified\":\"2025-02-17T10:54:11+00:00\",\"breadcrumb\":{\"@id\":\"https:\\\/\\\/iapop.com\\\/ru\\\/concerns-and-complaints\\\/#breadcrumb\"},\"inLanguage\":\"de\",\"potentialAction\":[{\"@type\":\"ReadAction\",\"target\":[\"https:\\\/\\\/iapop.com\\\/ru\\\/concerns-and-complaints\\\/\"]}]},{\"@type\":\"BreadcrumbList\",\"@id\":\"https:\\\/\\\/iapop.com\\\/ru\\\/concerns-and-complaints\\\/#breadcrumb\",\"itemListElement\":[{\"@type\":\"ListItem\",\"position\":1,\"name\":\"Home\",\"item\":\"https:\\\/\\\/iapop.com\\\/\"},{\"@type\":\"ListItem\",\"position\":2,\"name\":\"Concerns and Complaints\"}]},{\"@type\":\"WebSite\",\"@id\":\"http:\\\/\\\/iapop.com\\\/es\\\/#website\",\"url\":\"http:\\\/\\\/iapop.com\\\/es\\\/\",\"name\":\"IAPOP\",\"description\":\"Process Oriented Psychology\",\"publisher\":{\"@id\":\"http:\\\/\\\/iapop.com\\\/es\\\/#organization\"},\"potentialAction\":[{\"@type\":\"SearchAction\",\"target\":{\"@type\":\"EntryPoint\",\"urlTemplate\":\"http:\\\/\\\/iapop.com\\\/es\\\/?s={search_term_string}\"},\"query-input\":{\"@type\":\"PropertyValueSpecification\",\"valueRequired\":true,\"valueName\":\"search_term_string\"}}],\"inLanguage\":\"de\"},{\"@type\":\"Organization\",\"@id\":\"http:\\\/\\\/iapop.com\\\/es\\\/#organization\",\"name\":\"IAPOP\",\"url\":\"http:\\\/\\\/iapop.com\\\/es\\\/\",\"logo\":{\"@type\":\"ImageObject\",\"inLanguage\":\"de\",\"@id\":\"http:\\\/\\\/iapop.com\\\/es\\\/#\\\/schema\\\/logo\\\/image\\\/\",\"url\":\"https:\\\/\\\/iapop.com\\\/wp-content\\\/uploads\\\/2024\\\/12\\\/Logo-300x131-1.png\",\"contentUrl\":\"https:\\\/\\\/iapop.com\\\/wp-content\\\/uploads\\\/2024\\\/12\\\/Logo-300x131-1.png\",\"width\":300,\"height\":131,\"caption\":\"IAPOP\"},\"image\":{\"@id\":\"http:\\\/\\\/iapop.com\\\/es\\\/#\\\/schema\\\/logo\\\/image\\\/\"},\"sameAs\":[\"https:\\\/\\\/www.facebook.com\\\/processwork.iapop\"]}]}<\/script>\n<!-- \/ Yoast SEO plugin. -->","yoast_head_json":{"title":"Bedenken und Beschwerden - IAPOP","robots":{"index":"index","follow":"follow","max-snippet":"max-snippet:-1","max-image-preview":"max-image-preview:large","max-video-preview":"max-video-preview:-1"},"canonical":"https:\/\/iapop.com\/de\/concerns-and-complaints\/","og_locale":"de_DE","og_type":"article","og_title":"Concerns and Complaints - IAPOP","og_description":"Pathways for&nbsp; Complaints, Concerns and Conflicts IAPOP is an International Association of Process-Oriented Psychology Practitioners, who associate through shared values, vision, and goals, as well as support for diversity, creativity, [&hellip;]","og_url":"https:\/\/iapop.com\/de\/concerns-and-complaints\/","og_site_name":"IAPOP","article_publisher":"https:\/\/www.facebook.com\/processwork.iapop","article_modified_time":"2025-02-17T10:54:11+00:00","twitter_card":"summary_large_image","twitter_misc":{"Gesch\u00e4tzte Lesezeit":"3\u00a0Minuten"},"schema":{"@context":"https:\/\/schema.org","@graph":[{"@type":"WebPage","@id":"https:\/\/iapop.com\/ru\/concerns-and-complaints\/","url":"https:\/\/iapop.com\/ru\/concerns-and-complaints\/","name":"Bedenken und Beschwerden - IAPOP","isPartOf":{"@id":"http:\/\/iapop.com\/es\/#website"},"datePublished":"2025-02-17T10:52:26+00:00","dateModified":"2025-02-17T10:54:11+00:00","breadcrumb":{"@id":"https:\/\/iapop.com\/ru\/concerns-and-complaints\/#breadcrumb"},"inLanguage":"de","potentialAction":[{"@type":"ReadAction","target":["https:\/\/iapop.com\/ru\/concerns-and-complaints\/"]}]},{"@type":"BreadcrumbList","@id":"https:\/\/iapop.com\/ru\/concerns-and-complaints\/#breadcrumb","itemListElement":[{"@type":"ListItem","position":1,"name":"Home","item":"https:\/\/iapop.com\/"},{"@type":"ListItem","position":2,"name":"Concerns and Complaints"}]},{"@type":"WebSite","@id":"http:\/\/iapop.com\/es\/#website","url":"http:\/\/iapop.com\/es\/","name":"IAPOP","description":"Prozessorientierte Psychologie","publisher":{"@id":"http:\/\/iapop.com\/es\/#organization"},"potentialAction":[{"@type":"SearchAction","target":{"@type":"EntryPoint","urlTemplate":"http:\/\/iapop.com\/es\/?s={search_term_string}"},"query-input":{"@type":"PropertyValueSpecification","valueRequired":true,"valueName":"search_term_string"}}],"inLanguage":"de"},{"@type":"Organization","@id":"http:\/\/iapop.com\/es\/#organization","name":"IAPOP","url":"http:\/\/iapop.com\/es\/","logo":{"@type":"ImageObject","inLanguage":"de","@id":"http:\/\/iapop.com\/es\/#\/schema\/logo\/image\/","url":"https:\/\/iapop.com\/wp-content\/uploads\/2024\/12\/Logo-300x131-1.png","contentUrl":"https:\/\/iapop.com\/wp-content\/uploads\/2024\/12\/Logo-300x131-1.png","width":300,"height":131,"caption":"IAPOP"},"image":{"@id":"http:\/\/iapop.com\/es\/#\/schema\/logo\/image\/"},"sameAs":["https:\/\/www.facebook.com\/processwork.iapop"]}]}},"_links":{"self":[{"href":"https:\/\/iapop.com\/de\/wp-json\/wp\/v2\/pages\/7246","targetHints":{"allow":["GET"]}}],"collection":[{"href":"https:\/\/iapop.com\/de\/wp-json\/wp\/v2\/pages"}],"about":[{"href":"https:\/\/iapop.com\/de\/wp-json\/wp\/v2\/types\/page"}],"author":[{"embeddable":true,"href":"https:\/\/iapop.com\/de\/wp-json\/wp\/v2\/users\/250"}],"replies":[{"embeddable":true,"href":"https:\/\/iapop.com\/de\/wp-json\/wp\/v2\/comments?post=7246"}],"version-history":[{"count":0,"href":"https:\/\/iapop.com\/de\/wp-json\/wp\/v2\/pages\/7246\/revisions"}],"wp:attachment":[{"href":"https:\/\/iapop.com\/de\/wp-json\/wp\/v2\/media?parent=7246"}],"curies":[{"name":"wp","href":"https:\/\/api.w.org\/{rel}","templated":true}]}}