{"id":7279,"date":"2025-02-18T21:54:50","date_gmt":"2025-02-18T21:54:50","guid":{"rendered":"https:\/\/test.iapop.com\/?page_id=7279"},"modified":"2025-09-01T11:02:59","modified_gmt":"2025-09-01T10:02:59","slug":"clinical","status":"publish","type":"page","link":"https:\/\/iapop.com\/de\/clinical\/","title":{"rendered":"ProzessArbeit in der klinischen Anwendung"},"content":{"rendered":"<h1 class=\"wp-block-heading\">Kerngedanken der Prozessarbeit<\/h1>\n\n\n\n<p><a href=\"https:\/\/iapop.com\/de\/history\/\">Prozessarbeit<\/a> wurde in den sp\u00e4ten 1970er Jahren von Arnold Mindell, damals Jungscher Analytiker, gegr\u00fcndet. Sie geht auf Mindells Beobachtung zur\u00fcck, dass sich n\u00e4chtliche Tr\u00e4ume in den somatischen Erfahrungen seiner Klienten, insbesondere in k\u00f6rperlichen Symptomen, widerspiegeln und widergespiegelt werden. Er verallgemeinerte den Begriff \"Tr\u00e4umen\" so, dass er jeden Aspekt des Erlebens einschloss, der zwar m\u00f6glicherweise von den g\u00e4ngigen Ansichten \u00fcber die Realit\u00e4t abwich, aber mit den Tr\u00e4umen, Fantasien und somatischen Erfahrungen einer Person koh\u00e4rent war, ebenso wie die unbeabsichtigten, aber bedeutungsvollen Signale, die den Hintergrund f\u00fcr zwischenmenschliche Beziehungen bilden.<\/p>\n\n\n\n<p>Mindells Ausbildung in Physik ermutigte ihn, Erfahrungen sowohl ph\u00e4nomenologisch als auch symbolisch zu betrachten, was ihn dazu brachte, die <a href=\"#inf\">Informationstheorie<\/a><sup><strong>1<\/strong> <\/sup>Konzepte zur Beobachtung seines Klienten, einschlie\u00dflich unbeabsichtigter verbaler und nonverbaler Signale sowie Wahrnehmungen, \u00dcberzeugungen und Ideen, mit denen sich die Person nicht identifiziert.<\/p>\n\n\n\n<p>Um seinen Klienten bei der Integration dieser Formen von Material zu helfen, f\u00fcgte Mindell Methoden f\u00fcr die direkte Arbeit mit nonverbalen Erfahrungen auf der K\u00f6rperebene hinzu. Aufbauend auf Bewusstseinsmustern, die in Quellen vom Taoismus, Vajrayana und Schamanismus bis hin zur modernen Physik zu finden sind, entwickelte Mindell einen Rahmen, um Klienten zu ermutigen, sich durch einen Prozess, den er \"Entfaltung\" nannte, mit Erfahrungen zu identifizieren. Dieser Entfaltungsprozess ist eine Dekonstruktion der benannten Erfahrungen des Klienten, die sich nicht nur auf verbales Material und Bilder st\u00fctzt, sondern auch auf Bewegung, tiefe somatische Erfahrung, zwischenmenschliche Beziehungen und den sozialen Kontext.<\/p>\n\n\n\n<p>In den fr\u00fchen 1980er Jahren begann Mindell zusammen mit seinen Kollegen aus der Prozessarbeit, den konzeptionellen Rahmen, den er in der Arbeit mit Einzelpersonen, Paaren und Familien verwendet hatte, auf die Moderation von Konfliktl\u00f6sungen in gro\u00dfen Gruppen anzuwenden und eine Bestandsaufnahme der Gruppendynamik vorzunehmen. Er pr\u00e4gte den Begriff \"Worldwork\", um diese neue Disziplin zu beschreiben. In den sp\u00e4ten 1990er Jahren wandte sich Mindell wieder seinem fr\u00fcheren Interesse an der Physik zu und begann, einen Rahmen f\u00fcr das Verst\u00e4ndnis der gemeinsamen Wurzel menschlicher Erfahrung zu erforschen, aus der einerseits die Psychologie und andererseits die Gesetzm\u00e4\u00dfigkeit der Funktionsweise der Welt in der Quanten- und relativistischen Physik hervorgehen.<\/p>\n\n\n\n<h2 class=\"wp-block-heading\">Grunds\u00e4tze der Prozessarbeit<\/h2>\n\n\n\n<p>Process Work legt den Schwerpunkt auf die Bewusstheit - sowohl des Klienten als auch des Therapeuten - und nicht auf eine bestimmte Anzahl von Interventionen. Der \"Prozess\" in Process Work hat seinen Namen urspr\u00fcnglich von mehreren Quellen.<\/p>\n\n\n\n<p>Eines davon war Jungs Konzept des Individuationsprozesses (sehr allgemein ausgedr\u00fcckt ist dies die Bezeichnung f\u00fcr Prozesse, bei denen das Undifferenzierte dazu tendiert, individuell zu werden, oder f\u00fcr jene Prozesse, durch die differenzierte Komponenten dazu tendieren, ein unteilbareres Ganzes zu werden - der Prozess, durch den ein psychotherapeutischer Klient Inhalte des Unbewussten integriert, die ihm durch die Modalit\u00e4ten von Traum, Imagination, Fantasie, Trance, Serendipit\u00e4t und Synchronizit\u00e4t usw. pr\u00e4sentiert werden.<\/p>\n\n\n\n<p>Eine andere stammt aus der Physik, insbesondere von David Bohms Formulierung des Flusses hinter allen Ereignissen. Eine andere stammt aus der Beobachtung des Therapeuten, der die Ebbe und Flut der Signale und der Kommunikation zwischen Therapeut und Klient beobachtet (siehe Virginia Satir).<\/p>\n\n\n\n<h2 class=\"wp-block-heading\">Prim\u00e4r- und Sekund\u00e4rprozess<\/h2>\n\n\n\n<p>Es gibt zwei Arten von Erfahrungen: solche, mit denen sich der Klient identifiziert, und solche, die als \"anders\" oder fremd erlebt werden. Erfahrungen, mit denen sich der Klient identifiziert, werden als \"prim\u00e4rer Prozess\" bezeichnet, um ihren Platz im Vordergrund des Bewusstseins zu betonen. Erfahrungen, die der Klient als \"anders\" ausgrenzt, werden als \"sekund\u00e4rer Prozess\" bezeichnet, um ihren Platz im Hintergrund des Bewusstseins zu betonen. Wenn ein Klient ermutigt wird, eine sekund\u00e4re Prozesserfahrung anzunehmen oder sich mit ihr zu identifizieren, z\u00f6gert er im Allgemeinen oder ist sogar unf\u00e4hig, dies zu tun, als ob eine Grenze den prim\u00e4ren vom sekund\u00e4ren Prozess trennt. Diese Grenze wird als \"Rand\" bezeichnet. Es handelt sich buchst\u00e4blich um die Grenze der Identit\u00e4t der Person.<\/p>\n\n\n\n<h2 class=\"wp-block-heading\">R\u00e4nder der Erfahrung<\/h2>\n\n\n\n<p>Kanten k\u00f6nnen nach der Quelle der jeweiligen Identit\u00e4t, die sie definieren, kategorisiert werden:<\/p>\n\n\n\n<h3 class=\"wp-block-heading\"><strong>Pers\u00f6nlich<\/strong><\/h3>\n\n\n\n<p>Jemand, der einen Intelligenzvorsprung hat, kann seine hohe Intelligenz auf andere projizieren und sich selbst als dumm oder unwissend betrachten. Ein solcher Vorsprung kann seinen Ursprung in den fr\u00fchen Erfahrungen der Person mit der Familie oder der Schule haben.<\/p>\n\n\n\n<h3 class=\"wp-block-heading\"><strong>Familie<\/strong><\/h3>\n\n\n\n<p>Ein Familiensystem kann ein Vorurteil oder eine Regel gegen eine bestimmte Art von Erfahrung haben, die das einzelne Familienmitglied verletzen muss, um diese Erfahrung machen zu k\u00f6nnen. Zum Beispiel kann eine Familie, die sich selbst als friedlich oder freundlich bezeichnet, aggressives oder wettbewerbsorientiertes Verhalten eines bestimmten Mitglieds bestrafen oder ausgrenzen. Die betreffende Person entwickelt m\u00f6glicherweise eine Abneigung gegen ihre eigenen aggressiven, wettbewerbsorientierten Tendenzen, projiziert diese auf andere und f\u00fchlt sich dadurch gest\u00f6rt.<\/p>\n\n\n\n<h3 class=\"wp-block-heading\"><strong>Soziales<\/strong><\/h3>\n\n\n\n<p>In geschlechtsspezifischen, religi\u00f6sen, ethnischen oder anderen sozialen Gruppen gibt es h\u00e4ufig Verhaltens- und Erfahrungsnormen, die es den Mitgliedern erschweren, gegens\u00e4tzliche Erfahrungen auszudr\u00fccken. Ein Mann, der aus einer Kultur stammt, die Rauheit und Gef\u00fchllosigkeit als erw\u00fcnschte m\u00e4nnliche Eigenschaften betont, kann beispielsweise durch seine eigenen sanften, sensiblen Tendenzen stark beunruhigt sein. Er kann diese Erfahrungen auf andere M\u00e4nner projizieren, die er als \"schwach\" oder vielleicht als homosexuell ansieht. Dies ist einer der Mechanismen, die der Homophobie zugrunde liegen.<\/p>\n\n\n\n<h3 class=\"wp-block-heading\"><strong>Menschen<\/strong><\/h3>\n\n\n\n<p>Es gibt einen bestimmten Bereich von Erfahrungen, der gemeinhin als \"menschlich\" angesehen wird, w\u00e4hrend die Erfahrungen, die au\u00dferhalb dieses Bereichs liegen, als \"unmenschlich\", \"tierisch\" oder vielleicht \"jenseitig\" gelten. Menschen, die zu stark ver\u00e4nderten Bewusstseinszust\u00e4nden und spirituellen Erfahrungen neigen, haben oft eine Abneigung gegen diese Erfahrungen und halten sie f\u00fcr unmenschlich. Diese Ansicht wird auch durch die gesellschaftliche Konsensrealit\u00e4t gest\u00fctzt. Solche Erfahrungen k\u00f6nnen zu extremen Bewusstseinszust\u00e4nden f\u00fchren, die dann mit psychiatrischen Mitteln behandelt werden.<\/p>\n\n\n\n<p>Die Prozessarbeit versucht, die prim\u00e4ren und sekund\u00e4ren Prozesse des Klienten sowie die Grenzen, die sie trennen, zu identifizieren. Der Praktiker erleichtert die Bereicherung der Identit\u00e4t des Klienten, indem er die sekund\u00e4ren Prozesserfahrungen verst\u00e4rkt und entfaltet, bis sie einen Sinn ergeben - sowohl auf kognitiver als auch auf somatischer Ebene - und Teil der Erfahrungswelt des Klienten werden.<\/p>\n\n\n\n<h2 class=\"wp-block-heading\">Tiefe Demokratie<\/h2>\n\n\n\n<p>Deep Democracy ist ein von Arnold Mindell gepr\u00e4gtes und entwickeltes Konzept. Deep Democracy bietet einen integrierten strukturellen Rahmen f\u00fcr die Arbeit mit und f\u00fcr die Einbeziehung von marginalisierten Erfahrungen, Rollen und Stimmen, im Gegensatz zur \"klassischen\" Demokratie, die sich auf die Mehrheitsregel konzentriert. Tiefen-Demokratie legt nahe, dass alle Stimmen, Bewusstseinszust\u00e4nde und Realit\u00e4tsrahmen wichtig sind. Tiefe Demokratie legt auch nahe, dass die Informationen, die in diesen Stimmen, Bewusstseinszust\u00e4nden und Rahmen enthalten sind, alle ben\u00f6tigt werden, um den gesamten Prozess des Systems zu verstehen. Tiefen-Demokratie ist eine Haltung, die sich auf das Bewusstsein von Stimmen konzentriert, die sowohl zentral als auch marginal sind.<\/p>\n\n\n\n<h2 class=\"wp-block-heading\">Ebenen der Erfahrung<\/h2>\n\n\n\n<p>Die Betrachtung der Erfahrung als prim\u00e4r-sekund\u00e4r tendiert dazu, die Polarit\u00e4ten in der Erfahrung des Klienten zu betonen, anstatt ihre Einheit zu sehen. Auf dieser Ebene, die in der Prozessarbeit als \"Tr\u00e4umen\" bezeichnet wird, dringen sekund\u00e4re Prozesserfahrungen in den prim\u00e4ren Prozess des Klienten ein, bedrohen dessen Integrit\u00e4t und erscheinen als \"Probleme\", die gel\u00f6st werden m\u00fcssen.<br>Eine genauere Betrachtung der Erfahrungswelt eines Klienten offenbart eine tiefere, pr\u00e4verbale, pr\u00e4konzeptionelle Ebene, die Erfahrungen vereint, die auf der Traumebene miteinander in Konflikt stehen. Diese Erfahrungsebene wurde von Arnold Mindell als die Ebene der \"f\u00fchlenden Essenz\" bezeichnet. Die Arbeit mit f\u00fchlenden Essenzen kann f\u00fcr Klienten sehr hilfreich sein, die \u00fcber viele Jahre hinweg mit stark polarisierten Traumprozessen zu k\u00e4mpfen hatten und denen es gelungen ist, ihre Polarit\u00e4ten auf einer praktischen Ebene aufzul\u00f6sen, die aber immer noch Trennungen und Spannungen in ihren Erfahrungswelten sp\u00fcren.<\/p>\n\n\n\n<hr class=\"wp-block-separator has-alpha-channel-opacity\" style=\"margin-top:var(--wp--preset--spacing--20);margin-bottom:var(--wp--preset--spacing--20)\"\/>\n\n\n\n<div id=\"inf\" class=\"wp-block-group is-layout-flow wp-block-group-is-layout-flow\">\n<p><strong><sup>1<\/sup> Informationstheorie<\/strong><\/p>\n\n\n\n<p>ist ein Zweig der angewandten Mathematik und der Elektrotechnik, der sich mit der Quantifizierung von Informationen befasst. Historisch gesehen wurde die Informationstheorie entwickelt, um grundlegende Grenzen f\u00fcr die Komprimierung und zuverl\u00e4ssige \u00dcbermittlung von Daten zu finden.<\/p>\n<\/div>\n\n\n\n<div id=\"amplification\" class=\"wp-block-group is-layout-flow wp-block-group-is-layout-flow\">\n<p><a href=\"https:\/\/www.facebook.com\/processwork.iapop\"><\/a><\/p>\n<\/div>\n\n\n\n<p><\/p>","protected":false},"excerpt":{"rendered":"<p>Core ideas of Process Work Process Work was founded by Arnold Mindell, then a Jungian analyst, in the late 1970s. It has its origin in Mindell\u2019s observation that nighttime dreams [&hellip;]<\/p>\n","protected":false},"author":250,"featured_media":0,"parent":0,"menu_order":0,"comment_status":"closed","ping_status":"closed","template":"","meta":{"_EventAllDay":false,"_EventTimezone":"","_EventStartDate":"","_EventEndDate":"","_EventStartDateUTC":"","_EventEndDateUTC":"","_EventShowMap":false,"_EventShowMapLink":false,"_EventURL":"","_EventCost":"","_EventCostDescription":"","_EventCurrencySymbol":"","_EventCurrencyCode":"","_EventCurrencyPosition":"","_EventDateTimeSeparator":"","_EventTimeRangeSeparator":"","_EventOrganizerID":[],"_EventVenueID":[],"_OrganizerEmail":"","_OrganizerPhone":"","_OrganizerWebsite":"","_VenueAddress":"","_VenueCity":"","_VenueCountry":"","_VenueProvince":"","_VenueState":"","_VenueZip":"","_VenuePhone":"","_VenueURL":"","_VenueStateProvince":"","_VenueLat":"","_VenueLng":"","_VenueShowMap":false,"_VenueShowMapLink":false,"footnotes":""},"class_list":["post-7279","page","type-page","status-publish","hentry"],"yoast_head":"<!-- This site is optimized with the Yoast SEO plugin v27.3 - https:\/\/yoast.com\/product\/yoast-seo-wordpress\/ -->\n<title>ProcessWork in Clinical Application - IAPOP<\/title>\n<meta name=\"robots\" content=\"index, follow, max-snippet:-1, max-image-preview:large, max-video-preview:-1\" \/>\n<link rel=\"canonical\" href=\"https:\/\/iapop.com\/de\/clinical\/\" \/>\n<meta property=\"og:locale\" content=\"de_DE\" \/>\n<meta property=\"og:type\" content=\"article\" \/>\n<meta property=\"og:title\" content=\"ProcessWork in Clinical Application - IAPOP\" \/>\n<meta property=\"og:description\" content=\"Core ideas of Process Work Process Work was founded by Arnold Mindell, then a Jungian analyst, in the late 1970s. It has its origin in Mindell\u2019s observation that nighttime dreams [&hellip;]\" \/>\n<meta property=\"og:url\" content=\"https:\/\/iapop.com\/de\/clinical\/\" \/>\n<meta property=\"og:site_name\" content=\"IAPOP\" \/>\n<meta property=\"article:publisher\" content=\"https:\/\/www.facebook.com\/processwork.iapop\" \/>\n<meta property=\"article:modified_time\" content=\"2025-09-01T10:02:59+00:00\" \/>\n<meta name=\"twitter:card\" content=\"summary_large_image\" \/>\n<meta name=\"twitter:label1\" content=\"Gesch\u00e4tzte Lesezeit\" \/>\n\t<meta name=\"twitter:data1\" content=\"6\u00a0Minuten\" \/>\n<script type=\"application\/ld+json\" class=\"yoast-schema-graph\">{\"@context\":\"https:\\\/\\\/schema.org\",\"@graph\":[{\"@type\":\"WebPage\",\"@id\":\"https:\\\/\\\/iapop.com\\\/clinical\\\/\",\"url\":\"https:\\\/\\\/iapop.com\\\/clinical\\\/\",\"name\":\"ProcessWork in Clinical Application - IAPOP\",\"isPartOf\":{\"@id\":\"http:\\\/\\\/iapop.com\\\/es\\\/#website\"},\"datePublished\":\"2025-02-18T21:54:50+00:00\",\"dateModified\":\"2025-09-01T10:02:59+00:00\",\"breadcrumb\":{\"@id\":\"https:\\\/\\\/iapop.com\\\/clinical\\\/#breadcrumb\"},\"inLanguage\":\"de\",\"potentialAction\":[{\"@type\":\"ReadAction\",\"target\":[\"https:\\\/\\\/iapop.com\\\/clinical\\\/\"]}]},{\"@type\":\"BreadcrumbList\",\"@id\":\"https:\\\/\\\/iapop.com\\\/clinical\\\/#breadcrumb\",\"itemListElement\":[{\"@type\":\"ListItem\",\"position\":1,\"name\":\"Home\",\"item\":\"https:\\\/\\\/iapop.com\\\/\"},{\"@type\":\"ListItem\",\"position\":2,\"name\":\"ProcessWork in Clinical Application\"}]},{\"@type\":\"WebSite\",\"@id\":\"http:\\\/\\\/iapop.com\\\/es\\\/#website\",\"url\":\"http:\\\/\\\/iapop.com\\\/es\\\/\",\"name\":\"IAPOP\",\"description\":\"Process Oriented Psychology\",\"publisher\":{\"@id\":\"http:\\\/\\\/iapop.com\\\/es\\\/#organization\"},\"potentialAction\":[{\"@type\":\"SearchAction\",\"target\":{\"@type\":\"EntryPoint\",\"urlTemplate\":\"http:\\\/\\\/iapop.com\\\/es\\\/?s={search_term_string}\"},\"query-input\":{\"@type\":\"PropertyValueSpecification\",\"valueRequired\":true,\"valueName\":\"search_term_string\"}}],\"inLanguage\":\"de\"},{\"@type\":\"Organization\",\"@id\":\"http:\\\/\\\/iapop.com\\\/es\\\/#organization\",\"name\":\"IAPOP\",\"url\":\"http:\\\/\\\/iapop.com\\\/es\\\/\",\"logo\":{\"@type\":\"ImageObject\",\"inLanguage\":\"de\",\"@id\":\"http:\\\/\\\/iapop.com\\\/es\\\/#\\\/schema\\\/logo\\\/image\\\/\",\"url\":\"https:\\\/\\\/iapop.com\\\/wp-content\\\/uploads\\\/2024\\\/12\\\/Logo-300x131-1.png\",\"contentUrl\":\"https:\\\/\\\/iapop.com\\\/wp-content\\\/uploads\\\/2024\\\/12\\\/Logo-300x131-1.png\",\"width\":300,\"height\":131,\"caption\":\"IAPOP\"},\"image\":{\"@id\":\"http:\\\/\\\/iapop.com\\\/es\\\/#\\\/schema\\\/logo\\\/image\\\/\"},\"sameAs\":[\"https:\\\/\\\/www.facebook.com\\\/processwork.iapop\"]}]}<\/script>\n<!-- \/ Yoast SEO plugin. -->","yoast_head_json":{"title":"ProcessWork in der klinischen Anwendung - IAPOP","robots":{"index":"index","follow":"follow","max-snippet":"max-snippet:-1","max-image-preview":"max-image-preview:large","max-video-preview":"max-video-preview:-1"},"canonical":"https:\/\/iapop.com\/de\/clinical\/","og_locale":"de_DE","og_type":"article","og_title":"ProcessWork in Clinical Application - IAPOP","og_description":"Core ideas of Process Work Process Work was founded by Arnold Mindell, then a Jungian analyst, in the late 1970s. It has its origin in Mindell\u2019s observation that nighttime dreams [&hellip;]","og_url":"https:\/\/iapop.com\/de\/clinical\/","og_site_name":"IAPOP","article_publisher":"https:\/\/www.facebook.com\/processwork.iapop","article_modified_time":"2025-09-01T10:02:59+00:00","twitter_card":"summary_large_image","twitter_misc":{"Gesch\u00e4tzte Lesezeit":"6\u00a0Minuten"},"schema":{"@context":"https:\/\/schema.org","@graph":[{"@type":"WebPage","@id":"https:\/\/iapop.com\/clinical\/","url":"https:\/\/iapop.com\/clinical\/","name":"ProcessWork in der klinischen Anwendung - IAPOP","isPartOf":{"@id":"http:\/\/iapop.com\/es\/#website"},"datePublished":"2025-02-18T21:54:50+00:00","dateModified":"2025-09-01T10:02:59+00:00","breadcrumb":{"@id":"https:\/\/iapop.com\/clinical\/#breadcrumb"},"inLanguage":"de","potentialAction":[{"@type":"ReadAction","target":["https:\/\/iapop.com\/clinical\/"]}]},{"@type":"BreadcrumbList","@id":"https:\/\/iapop.com\/clinical\/#breadcrumb","itemListElement":[{"@type":"ListItem","position":1,"name":"Home","item":"https:\/\/iapop.com\/"},{"@type":"ListItem","position":2,"name":"ProcessWork in Clinical Application"}]},{"@type":"WebSite","@id":"http:\/\/iapop.com\/es\/#website","url":"http:\/\/iapop.com\/es\/","name":"IAPOP","description":"Prozessorientierte Psychologie","publisher":{"@id":"http:\/\/iapop.com\/es\/#organization"},"potentialAction":[{"@type":"SearchAction","target":{"@type":"EntryPoint","urlTemplate":"http:\/\/iapop.com\/es\/?s={search_term_string}"},"query-input":{"@type":"PropertyValueSpecification","valueRequired":true,"valueName":"search_term_string"}}],"inLanguage":"de"},{"@type":"Organization","@id":"http:\/\/iapop.com\/es\/#organization","name":"IAPOP","url":"http:\/\/iapop.com\/es\/","logo":{"@type":"ImageObject","inLanguage":"de","@id":"http:\/\/iapop.com\/es\/#\/schema\/logo\/image\/","url":"https:\/\/iapop.com\/wp-content\/uploads\/2024\/12\/Logo-300x131-1.png","contentUrl":"https:\/\/iapop.com\/wp-content\/uploads\/2024\/12\/Logo-300x131-1.png","width":300,"height":131,"caption":"IAPOP"},"image":{"@id":"http:\/\/iapop.com\/es\/#\/schema\/logo\/image\/"},"sameAs":["https:\/\/www.facebook.com\/processwork.iapop"]}]}},"_links":{"self":[{"href":"https:\/\/iapop.com\/de\/wp-json\/wp\/v2\/pages\/7279","targetHints":{"allow":["GET"]}}],"collection":[{"href":"https:\/\/iapop.com\/de\/wp-json\/wp\/v2\/pages"}],"about":[{"href":"https:\/\/iapop.com\/de\/wp-json\/wp\/v2\/types\/page"}],"author":[{"embeddable":true,"href":"https:\/\/iapop.com\/de\/wp-json\/wp\/v2\/users\/250"}],"replies":[{"embeddable":true,"href":"https:\/\/iapop.com\/de\/wp-json\/wp\/v2\/comments?post=7279"}],"version-history":[{"count":2,"href":"https:\/\/iapop.com\/de\/wp-json\/wp\/v2\/pages\/7279\/revisions"}],"predecessor-version":[{"id":7879,"href":"https:\/\/iapop.com\/de\/wp-json\/wp\/v2\/pages\/7279\/revisions\/7879"}],"wp:attachment":[{"href":"https:\/\/iapop.com\/de\/wp-json\/wp\/v2\/media?parent=7279"}],"curies":[{"name":"wp","href":"https:\/\/api.w.org\/{rel}","templated":true}]}}