{"id":7283,"date":"2025-02-19T16:12:39","date_gmt":"2025-02-19T16:12:39","guid":{"rendered":"https:\/\/test.iapop.com\/?page_id=7283"},"modified":"2025-03-14T08:34:42","modified_gmt":"2025-03-14T08:34:42","slug":"training-council","status":"publish","type":"page","link":"https:\/\/iapop.com\/de\/training-council\/","title":{"rendered":"IAPOP-Ausbildungsrat"},"content":{"rendered":"<h1 class=\"wp-block-heading\">IAPOP-Ausbildungsrat und Ausbildungsschulen auf Diplomstufe<\/h1>\n\n\n\n<p>Der IAPOP-Ausbildungsrat ist eine gemeinschaftliche internationale Vertretung aller Diplomausbildungen in der Prozessarbeit. Der Rat ist eine Plattform f\u00fcr Vertreter von Ausbildungsprogrammen f\u00fcr Prozessarbeit, um das Ausbildungsumfeld zu entwickeln und zu aktualisieren, Ressourcen auszutauschen und sich in der beruflichen Entwicklung zu engagieren, um die Kompetenz der Absolventen zu f\u00f6rdern.<\/p>\n\n\n\n<p>Absolventinnen und Absolventen von Schulen f\u00fcr Prozessarbeit verf\u00fcgen \u00fcber ein fundiertes Arbeitsverst\u00e4ndnis des Paradigmas und verk\u00f6rpern praktische F\u00e4higkeiten in einer Reihe von Anwendungsbereichen: klinische und therapeutische Arbeit, Gesundheit, Moderation, Organisationsentwicklung und Gemeinschaftsbildung, Konfliktl\u00f6sung, Kunst, Politik und Bildung, in verschiedenen beruflichen und soziologischen Kontexten.  <\/p>\n\n\n\n<p><\/p>\n\n\n\n<div class=\"wp-block-buttons is-layout-flex wp-block-buttons-is-layout-flex\">\n<div class=\"wp-block-button\"><a class=\"wp-block-button__link wp-element-button\" href=\"https:\/\/iapop.com\/de\/training-centers\/\">Liste der Schulen f\u00fcr die Diplomstufe<\/a><\/div>\n<\/div>\n\n\n\n<div style=\"height:20px\" aria-hidden=\"true\" class=\"wp-block-spacer\"><\/div>\n\n\n\n<h2 class=\"wp-block-heading\">Die Rolle des IAPOP-Ausbildungsrates bei der Moderation von Prozessarbeitsprogrammen<\/h2>\n\n\n\n<div class=\"wp-block-group is-layout-grid wp-container-core-group-is-layout-075ae125 wp-block-group-is-layout-grid\">\n<div class=\"wp-block-group has-brand-secondary-lighter-3-background-color has-background wp-container-content-676d4b7a is-layout-flow wp-block-group-is-layout-flow\" style=\"padding-top:var(--wp--preset--spacing--20);padding-bottom:var(--wp--preset--spacing--20)\">\n<h3 class=\"wp-block-heading\" style=\"text-transform:uppercase\"><i class=\"fas fa-user-group\"><\/i> IAPOP-Ausbildungsrat<\/h3>\n\n\n\n<ul style=\"padding-right:0;padding-left:0\" class=\"wp-block-list has-gray-base-color has-text-color has-link-color has-small-font-size wp-elements-c5be29bdbea91a962eceb53b247188c3\">\n<li style=\"padding-top:var(--wp--preset--spacing--5);padding-bottom:var(--wp--preset--spacing--5)\">Vertreter aller Prozessarbeitsschulen mit Diplomausbildung<\/li>\n\n\n\n<li style=\"padding-top:var(--wp--preset--spacing--5);padding-bottom:var(--wp--preset--spacing--5)\">Internationale Zusammenarbeit zwischen Ausbildungsst\u00e4tten<\/li>\n\n\n\n<li style=\"padding-top:var(--wp--preset--spacing--5);padding-bottom:var(--wp--preset--spacing--5)\">Gemeinsamer Austausch und Unterst\u00fctzung zwischen Process Wok Schools zu Themen von gemeinsamem Interesse und Anliegen<\/li>\n\n\n\n<li>Entwicklung eines Curriculums f\u00fcr Prozessarbeit und Kompetenzen f\u00fcr das Diplom in verschiedenen kulturellen und soziologischen Kontexten <\/li>\n\n\n\n<li style=\"padding-top:var(--wp--preset--spacing--5);padding-bottom:var(--wp--preset--spacing--5)\">Gemeinsame Entwicklung in den Bereichen Infrastruktur, Innovation, Ressourcen, Lehrqualit\u00e4t und Kompetenzen, die von den Absolventen der Prozessarbeit erwartet werden (Diplomaten)<\/li>\n<\/ul>\n<\/div>\n\n\n\n<div class=\"wp-block-group has-brand-secondary-lighter-3-background-color has-background wp-container-content-676d4b7a is-layout-flow wp-block-group-is-layout-flow\" style=\"padding-top:var(--wp--preset--spacing--20);padding-bottom:var(--wp--preset--spacing--20)\">\n<h3 class=\"wp-block-heading\" style=\"text-transform:uppercase\"><i class=\"fas fa-graduation-cap\"><\/i> Diploma Level Training Schools<\/h3>\n\n\n\n<ul style=\"padding-right:0;padding-left:0\" class=\"wp-block-list has-gray-base-color has-text-color has-small-font-size\">\n<li style=\"padding-top:var(--wp--preset--spacing--5);padding-right:0;padding-bottom:var(--wp--preset--spacing--5);padding-left:0\">Mindestens 3 Diplomaten mit dem erforderlichen Kenntnisstand (siehe <a href=\"\/wp-content\/uploads\/2021\/07\/IAPOP-Leistungsniveaus.pdf\" target=\"_blank\" rel=\"noreferrer noopener\">IAPOP-Kenntnisstufen )<\/a>sind verantwortlich f\u00fcr die Verwaltung, den Lehrplan, den Unterricht und die Pr\u00fcfung\/Bewertung der F\u00e4higkeiten\/Kompetenzen der Studierenden.<\/li>\n\n\n\n<li style=\"padding-top:var(--wp--preset--spacing--5);padding-right:0;padding-bottom:var(--wp--preset--spacing--5);padding-left:0\">Wahrung der Standards des \"Diploms\" und der ethischen Richtlinien.<\/li>\n\n\n\n<li style=\"padding-top:var(--wp--preset--spacing--5);padding-right:0;padding-bottom:var(--wp--preset--spacing--5);padding-left:0\">Zugeh\u00f6rigkeit und Beziehung zu der breiteren internationalen Gemeinschaft von Process Work<\/li>\n\n\n\n<li style=\"padding-top:var(--wp--preset--spacing--5);padding-right:0;padding-bottom:var(--wp--preset--spacing--5);padding-left:0\">Externe Senior Process Work Trainer haben einen \u00c4ltesten\/Mentor\/Supervisor\/Ethik-Coach (siehe <a href=\"\/wp-content\/uploads\/2021\/07\/IAPOP-Rat_Rolle-des-externen-Mentors_\u00c4ltere-endlich.pdf\" target=\"_blank\" rel=\"noreferrer noopener\">IAPOP-Rat_Rolle des externen Mentors_\u00c4ltere endg\u00fcltig)<\/a><\/li>\n\n\n\n<li style=\"padding-top:var(--wp--preset--spacing--5);padding-right:0;padding-bottom:var(--wp--preset--spacing--5);padding-left:0\">Vertreter des Ausbildungszentrums nimmt als Mitglied am IAPOP-Ausbildungsrat teil <\/li>\n\n\n\n<li style=\"padding-top:var(--wp--preset--spacing--5);padding-right:0;padding-bottom:var(--wp--preset--spacing--5);padding-left:0\">Siehe <a href=\"\/wp-content\/uploads\/2020\/02\/Best-Practice-fuer-Diplom-von-Prozessorientierter-Psychologie-Programme-und-Einrichtung-neuer-Diplom-Programme.pdf\" target=\"_blank\" rel=\"noreferrer noopener\">Bew\u00e4hrte Verfahren f\u00fcr Diplomstudieng\u00e4nge der prozessorientierten Psychologie und die Einrichtung neuer Diplomstudieng\u00e4nge<\/a> (PDF-Download).<\/li>\n\n\n\n<li style=\"padding-top:var(--wp--preset--spacing--5);padding-right:0;padding-bottom:var(--wp--preset--spacing--5);padding-left:0\">Diploma Level Training Die Schulen engagieren sich f\u00fcr die Entwicklung der professionellen PW-Kernkompetenzen (siehe <a href=\"\/wp-content\/uploads\/2021\/07\/CORE-PW-COMPETENCIES.pdf\" target=\"_blank\" rel=\"noreferrer noopener\">PW-KERNKOMPETENZEN<\/a>)<\/li>\n<\/ul>\n<\/div>\n\n\n\n<div class=\"wp-block-group has-brand-secondary-lighter-2-background-color has-background wp-container-content-676d4b7a is-layout-flow wp-block-group-is-layout-flow\" style=\"padding-top:var(--wp--preset--spacing--20);padding-bottom:var(--wp--preset--spacing--20)\">\n<h3 class=\"wp-block-heading\" style=\"text-transform:uppercase\"><i class=\"fas fa-earth-americas\"><\/i> IAPOP<\/h3>\n\n\n\n<ul style=\"padding-right:0;padding-left:0\" class=\"wp-block-list has-gray-base-color has-text-color has-link-color has-small-font-size wp-elements-7573a2673b51b698cce3908091052f86\">\n<li style=\"padding-top:var(--wp--preset--spacing--5);padding-bottom:var(--wp--preset--spacing--5)\">Internationale Prozessarbeit, Aufbau von Gemeinschaften und Kooperationen<\/li>\n\n\n\n<li style=\"padding-top:var(--wp--preset--spacing--5);padding-bottom:var(--wp--preset--spacing--5)\">Anerkennung von Prozessarbeit <a href=\"https:\/\/iapop.com\/de\/training-centers\/\">Ausbildungsschulen<\/a><\/li>\n\n\n\n<li style=\"padding-top:var(--wp--preset--spacing--5);padding-bottom:var(--wp--preset--spacing--5)\">Kollegiale Vernetzung und Partnerschaften <\/li>\n\n\n\n<li style=\"padding-top:var(--wp--preset--spacing--5);padding-bottom:var(--wp--preset--spacing--5)\">Berufsverband f\u00fcr <a href=\"https:\/\/iapop.com\/de\/directory\/\">IAPOP-Mitglieder<\/a><\/li>\n\n\n\n<li style=\"padding-top:var(--wp--preset--spacing--5);padding-bottom:var(--wp--preset--spacing--5)\">Social Media Hub f\u00fcr Process Work Aktivit\u00e4ten <\/li>\n\n\n\n<li style=\"padding-top:var(--wp--preset--spacing--5);padding-bottom:var(--wp--preset--spacing--5)\">Internationale Schulungsveranstaltungen von Worldwork <\/li>\n\n\n\n<li style=\"padding-top:var(--wp--preset--spacing--5);padding-bottom:var(--wp--preset--spacing--5)\">Worldwork, Deep Democracy und Process Work Forschung: <a href=\"https:\/\/iapop.com\/de\/research-fests\/\">Feste der Forschung<\/a>, <a href=\"https:\/\/iapop.com\/de\/process-space-journal\/\">Zeitschrift<\/a>, <a href=\"https:\/\/iapop.com\/de\/dissertations\/\">Dissertationen<\/a> usw. <\/li>\n\n\n\n<li style=\"padding-top:var(--wp--preset--spacing--5);padding-bottom:var(--wp--preset--spacing--5)\">IAPOP-Konferenzen und -Symposien <\/li>\n<\/ul>\n<\/div>\n<\/div>\n\n\n\n<div style=\"height:20px\" aria-hidden=\"true\" class=\"wp-block-spacer\"><\/div>\n\n\n\n<h2 class=\"wp-block-heading\"><strong>Der Ausbildungsrat ist eine Plattform f\u00fcr:<\/strong><\/h2>\n\n\n\n<ul class=\"wp-block-list\">\n<li>gemeinsames Lernen und Zusammenarbeit zwischen den Schulen des Diplomprogramms<\/li>\n\n\n\n<li>Kontinuit\u00e4t und Einhaltung des f\u00fcr neue Diplomschulen festgelegten Rahmens <a href=\"\/wp-content\/uploads\/2020\/02\/Best-Practice-fuer-Diplom-von-Prozessorientierter-Psychologie-Programme-und-Einrichtung-neuer-Diplom-Programme.pdf\" target=\"_blank\" rel=\"noreferrer noopener\">Bew\u00e4hrte Verfahren f\u00fcr Diplomstudieng\u00e4nge der prozessorientierten Psychologie und die Einrichtung neuer Diplomstudieng\u00e4nge<\/a> (PDF)<\/li>\n\n\n\n<li>Entwicklung eines gemeinsamen Lehrplans f\u00fcr die Ausbildung auf Diplomebene<\/li>\n\n\n\n<li>Unterst\u00fctzung von Themen von gemeinsamem Interesse bei der Entwicklung von Lernwegen in verschiedenen Kulturen und Regionen&nbsp;<\/li>\n\n\n\n<li>die Konzentration auf das Lernen und die Sch\u00fcler&nbsp;<\/li>\n<\/ul>\n\n\n\n<h2 class=\"wp-block-heading\"><strong>Koordinatoren des Ausbildungsrates: <\/strong><\/h2>\n\n\n\n<ul class=\"wp-block-list\">\n<li>F\u00fchrung und Moderation des Rates f\u00fcr Aus- und Weiterbildung in Bezug auf Zweck und Strategie <\/li>\n\n\n\n<li>Koordinierung der Sitzungen und Kontinuit\u00e4t der sich aus den Sitzungen ergebenden Priorit\u00e4ten<\/li>\n\n\n\n<li>als Br\u00fccke zwischen dem IAPOP-Vorstand und dem Ausbildungsrat zu fungieren&nbsp;<\/li>\n\n\n\n<li>Schaffung einer Anlaufstelle f\u00fcr neue Schulen, die sich um die Aufnahme in die IAPOP bewerben m\u00f6chten Siehe <a href=\"\/wp-content\/uploads\/2020\/02\/Best-Practice-fuer-Diplom-von-Prozessorientierter-Psychologie-Programme-und-Einrichtung-neuer-Diplom-Programme.pdf\" target=\"_blank\" rel=\"noreferrer noopener\">Bew\u00e4hrte Verfahren f\u00fcr Diplomstudieng\u00e4nge der prozessorientierten Psychologie und die Einrichtung neuer Diplomstudieng\u00e4nge<\/a> (PDF)<\/li>\n<\/ul>\n\n\n\n<div style=\"height:20px\" aria-hidden=\"true\" class=\"wp-block-spacer\"><\/div>\n\n\n\n<h2 class=\"wp-block-heading\">Koordinatoren:<\/h2>\n\n\n\n<p>Stanya Studentova und Julia Wolfson&nbsp;<\/p>\n\n\n\n<p>Kontakt: <a href=\"mailto:admin@iapop.com\">admin@iapop.com<\/a> <\/p>\n\n\n\n<p>Ich danke Ihnen!&nbsp;<\/p>\n\n\n\n<p><\/p>","protected":false},"excerpt":{"rendered":"<p>IAPOP Training Council &amp; Diploma Level Training Schools IAPOP Training Council provides a collaborative international representation of all Process Work Diploma Trainings. The Council is a platform for Process Work [&hellip;]<\/p>\n","protected":false},"author":250,"featured_media":0,"parent":0,"menu_order":0,"comment_status":"closed","ping_status":"closed","template":"","meta":{"_EventAllDay":false,"_EventTimezone":"","_EventStartDate":"","_EventEndDate":"","_EventStartDateUTC":"","_EventEndDateUTC":"","_EventShowMap":false,"_EventShowMapLink":false,"_EventURL":"","_EventCost":"","_EventCostDescription":"","_EventCurrencySymbol":"","_EventCurrencyCode":"","_EventCurrencyPosition":"","_EventDateTimeSeparator":"","_EventTimeRangeSeparator":"","_EventOrganizerID":[],"_EventVenueID":[],"_OrganizerEmail":"","_OrganizerPhone":"","_OrganizerWebsite":"","_VenueAddress":"","_VenueCity":"","_VenueCountry":"","_VenueProvince":"","_VenueState":"","_VenueZip":"","_VenuePhone":"","_VenueURL":"","_VenueStateProvince":"","_VenueLat":"","_VenueLng":"","_VenueShowMap":false,"_VenueShowMapLink":false,"footnotes":""},"class_list":["post-7283","page","type-page","status-publish","hentry"],"yoast_head":"<!-- This site is optimized with the Yoast SEO plugin v27.3 - https:\/\/yoast.com\/product\/yoast-seo-wordpress\/ -->\n<title>IAPOP Training Council - IAPOP<\/title>\n<meta name=\"robots\" content=\"index, follow, max-snippet:-1, max-image-preview:large, max-video-preview:-1\" \/>\n<link rel=\"canonical\" href=\"https:\/\/iapop.com\/de\/training-council\/\" \/>\n<meta property=\"og:locale\" content=\"de_DE\" \/>\n<meta property=\"og:type\" content=\"article\" \/>\n<meta property=\"og:title\" content=\"IAPOP Training Council - IAPOP\" \/>\n<meta property=\"og:description\" content=\"IAPOP Training Council &amp; Diploma Level Training Schools IAPOP Training Council provides a collaborative international representation of all Process Work Diploma Trainings. The Council is a platform for Process Work [&hellip;]\" \/>\n<meta property=\"og:url\" content=\"https:\/\/iapop.com\/de\/training-council\/\" \/>\n<meta property=\"og:site_name\" content=\"IAPOP\" \/>\n<meta property=\"article:publisher\" content=\"https:\/\/www.facebook.com\/processwork.iapop\" \/>\n<meta property=\"article:modified_time\" content=\"2025-03-14T08:34:42+00:00\" \/>\n<meta name=\"twitter:card\" content=\"summary_large_image\" \/>\n<meta name=\"twitter:label1\" content=\"Gesch\u00e4tzte Lesezeit\" \/>\n\t<meta name=\"twitter:data1\" content=\"3\u00a0Minuten\" \/>\n<script type=\"application\/ld+json\" class=\"yoast-schema-graph\">{\"@context\":\"https:\\\/\\\/schema.org\",\"@graph\":[{\"@type\":\"WebPage\",\"@id\":\"https:\\\/\\\/iapop.com\\\/training-council\\\/\",\"url\":\"https:\\\/\\\/iapop.com\\\/training-council\\\/\",\"name\":\"IAPOP Training Council - IAPOP\",\"isPartOf\":{\"@id\":\"http:\\\/\\\/iapop.com\\\/es\\\/#website\"},\"datePublished\":\"2025-02-19T16:12:39+00:00\",\"dateModified\":\"2025-03-14T08:34:42+00:00\",\"breadcrumb\":{\"@id\":\"https:\\\/\\\/iapop.com\\\/training-council\\\/#breadcrumb\"},\"inLanguage\":\"de\",\"potentialAction\":[{\"@type\":\"ReadAction\",\"target\":[\"https:\\\/\\\/iapop.com\\\/training-council\\\/\"]}]},{\"@type\":\"BreadcrumbList\",\"@id\":\"https:\\\/\\\/iapop.com\\\/training-council\\\/#breadcrumb\",\"itemListElement\":[{\"@type\":\"ListItem\",\"position\":1,\"name\":\"Home\",\"item\":\"https:\\\/\\\/iapop.com\\\/\"},{\"@type\":\"ListItem\",\"position\":2,\"name\":\"IAPOP Training Council\"}]},{\"@type\":\"WebSite\",\"@id\":\"http:\\\/\\\/iapop.com\\\/es\\\/#website\",\"url\":\"http:\\\/\\\/iapop.com\\\/es\\\/\",\"name\":\"IAPOP\",\"description\":\"Process Oriented Psychology\",\"publisher\":{\"@id\":\"http:\\\/\\\/iapop.com\\\/es\\\/#organization\"},\"potentialAction\":[{\"@type\":\"SearchAction\",\"target\":{\"@type\":\"EntryPoint\",\"urlTemplate\":\"http:\\\/\\\/iapop.com\\\/es\\\/?s={search_term_string}\"},\"query-input\":{\"@type\":\"PropertyValueSpecification\",\"valueRequired\":true,\"valueName\":\"search_term_string\"}}],\"inLanguage\":\"de\"},{\"@type\":\"Organization\",\"@id\":\"http:\\\/\\\/iapop.com\\\/es\\\/#organization\",\"name\":\"IAPOP\",\"url\":\"http:\\\/\\\/iapop.com\\\/es\\\/\",\"logo\":{\"@type\":\"ImageObject\",\"inLanguage\":\"de\",\"@id\":\"http:\\\/\\\/iapop.com\\\/es\\\/#\\\/schema\\\/logo\\\/image\\\/\",\"url\":\"https:\\\/\\\/iapop.com\\\/wp-content\\\/uploads\\\/2024\\\/12\\\/Logo-300x131-1.png\",\"contentUrl\":\"https:\\\/\\\/iapop.com\\\/wp-content\\\/uploads\\\/2024\\\/12\\\/Logo-300x131-1.png\",\"width\":300,\"height\":131,\"caption\":\"IAPOP\"},\"image\":{\"@id\":\"http:\\\/\\\/iapop.com\\\/es\\\/#\\\/schema\\\/logo\\\/image\\\/\"},\"sameAs\":[\"https:\\\/\\\/www.facebook.com\\\/processwork.iapop\"]}]}<\/script>\n<!-- \/ Yoast SEO plugin. -->","yoast_head_json":{"title":"IAPOP-Ausbildungsrat - IAPOP","robots":{"index":"index","follow":"follow","max-snippet":"max-snippet:-1","max-image-preview":"max-image-preview:large","max-video-preview":"max-video-preview:-1"},"canonical":"https:\/\/iapop.com\/de\/training-council\/","og_locale":"de_DE","og_type":"article","og_title":"IAPOP Training Council - IAPOP","og_description":"IAPOP Training Council &amp; Diploma Level Training Schools IAPOP Training Council provides a collaborative international representation of all Process Work Diploma Trainings. The Council is a platform for Process Work [&hellip;]","og_url":"https:\/\/iapop.com\/de\/training-council\/","og_site_name":"IAPOP","article_publisher":"https:\/\/www.facebook.com\/processwork.iapop","article_modified_time":"2025-03-14T08:34:42+00:00","twitter_card":"summary_large_image","twitter_misc":{"Gesch\u00e4tzte Lesezeit":"3\u00a0Minuten"},"schema":{"@context":"https:\/\/schema.org","@graph":[{"@type":"WebPage","@id":"https:\/\/iapop.com\/training-council\/","url":"https:\/\/iapop.com\/training-council\/","name":"IAPOP-Ausbildungsrat - IAPOP","isPartOf":{"@id":"http:\/\/iapop.com\/es\/#website"},"datePublished":"2025-02-19T16:12:39+00:00","dateModified":"2025-03-14T08:34:42+00:00","breadcrumb":{"@id":"https:\/\/iapop.com\/training-council\/#breadcrumb"},"inLanguage":"de","potentialAction":[{"@type":"ReadAction","target":["https:\/\/iapop.com\/training-council\/"]}]},{"@type":"BreadcrumbList","@id":"https:\/\/iapop.com\/training-council\/#breadcrumb","itemListElement":[{"@type":"ListItem","position":1,"name":"Home","item":"https:\/\/iapop.com\/"},{"@type":"ListItem","position":2,"name":"IAPOP Training Council"}]},{"@type":"WebSite","@id":"http:\/\/iapop.com\/es\/#website","url":"http:\/\/iapop.com\/es\/","name":"IAPOP","description":"Prozessorientierte Psychologie","publisher":{"@id":"http:\/\/iapop.com\/es\/#organization"},"potentialAction":[{"@type":"SearchAction","target":{"@type":"EntryPoint","urlTemplate":"http:\/\/iapop.com\/es\/?s={search_term_string}"},"query-input":{"@type":"PropertyValueSpecification","valueRequired":true,"valueName":"search_term_string"}}],"inLanguage":"de"},{"@type":"Organization","@id":"http:\/\/iapop.com\/es\/#organization","name":"IAPOP","url":"http:\/\/iapop.com\/es\/","logo":{"@type":"ImageObject","inLanguage":"de","@id":"http:\/\/iapop.com\/es\/#\/schema\/logo\/image\/","url":"https:\/\/iapop.com\/wp-content\/uploads\/2024\/12\/Logo-300x131-1.png","contentUrl":"https:\/\/iapop.com\/wp-content\/uploads\/2024\/12\/Logo-300x131-1.png","width":300,"height":131,"caption":"IAPOP"},"image":{"@id":"http:\/\/iapop.com\/es\/#\/schema\/logo\/image\/"},"sameAs":["https:\/\/www.facebook.com\/processwork.iapop"]}]}},"_links":{"self":[{"href":"https:\/\/iapop.com\/de\/wp-json\/wp\/v2\/pages\/7283","targetHints":{"allow":["GET"]}}],"collection":[{"href":"https:\/\/iapop.com\/de\/wp-json\/wp\/v2\/pages"}],"about":[{"href":"https:\/\/iapop.com\/de\/wp-json\/wp\/v2\/types\/page"}],"author":[{"embeddable":true,"href":"https:\/\/iapop.com\/de\/wp-json\/wp\/v2\/users\/250"}],"replies":[{"embeddable":true,"href":"https:\/\/iapop.com\/de\/wp-json\/wp\/v2\/comments?post=7283"}],"version-history":[{"count":2,"href":"https:\/\/iapop.com\/de\/wp-json\/wp\/v2\/pages\/7283\/revisions"}],"predecessor-version":[{"id":7490,"href":"https:\/\/iapop.com\/de\/wp-json\/wp\/v2\/pages\/7283\/revisions\/7490"}],"wp:attachment":[{"href":"https:\/\/iapop.com\/de\/wp-json\/wp\/v2\/media?parent=7283"}],"curies":[{"name":"wp","href":"https:\/\/api.w.org\/{rel}","templated":true}]}}