{"id":7297,"date":"2025-02-19T16:49:48","date_gmt":"2025-02-19T16:49:48","guid":{"rendered":"https:\/\/test.iapop.com\/?page_id=7297"},"modified":"2025-03-16T13:57:03","modified_gmt":"2025-03-16T13:57:03","slug":"worldwork","status":"publish","type":"page","link":"https:\/\/iapop.com\/de\/worldwork\/","title":{"rendered":"Worldwork"},"content":{"rendered":"<h1 class=\"wp-block-heading\">Worldwork <mark style=\"background-color:rgba(0, 0, 0, 0)\" class=\"has-inline-color has-brand-primary-color\">&amp;<\/mark> Tiefe Demokratie<\/h1>\n\n\n\n<div class=\"wp-block-group has-gray-base-color has-brand-primary-lighter-3-background-color has-text-color has-background is-layout-flow wp-block-group-is-layout-flow\">\n<p><a href=\"http:\/\/worldwork.org\" target=\"_blank\" rel=\"noreferrer noopener nofollow\">Worldwork<\/a> ist eine revolution\u00e4re und transformative Methode der Arbeit mit Gruppen- und Gemeinschaftsprozessen, um nachhaltige Ver\u00e4nderungen zu bewirken. Dieser Ansatz kann sowohl in kleinen als auch in gro\u00dfen Gruppen angewandt werden und hat sich in Bereichen wie dem Aufbau von Gemeinschaften, der Organisationsentwicklung, der Sensibilisierung f\u00fcr Vielfalt in Schulen und Universit\u00e4ten, der Polizeiausbildung und in schweren Konfliktsituationen bew\u00e4hrt.<\/p>\n\n\n\n<p>Die Praxis und Philosophie von Worldwork verbindet Aspekte vieler Disziplinen, darunter Physik, Psychologie, spirituelle Traditionen und Kunst. Es ist ein disziplin\u00fcbergreifender Ansatz, der, wie sein Gr\u00fcnder <a href=\"https:\/\/www.aamindell.net\/\" target=\"_blank\" rel=\"noreferrer noopener nofollow\">Arnold Mindell<\/a> hilft, \"transpersonale Erfahrungen mit der weltlichen Realit\u00e4t, spirituellen Dienst und politische Aktivit\u00e4t, \u00f6stliche Selbstlosigkeit und westlichen Rationalismus, Traumarbeit und K\u00f6rperarbeit\" zu verbinden.<\/p>\n<\/div>\n\n\n\n<div style=\"height:20px\" aria-hidden=\"true\" class=\"wp-block-spacer\"><\/div>\n\n\n\n<h2 class=\"wp-block-heading\">DEEP DEMOCRACY<\/h2>\n\n\n\n<p>Im Mittelpunkt von Worldwork stehen sowohl die Philosophie als auch die Methodik von <a href=\"https:\/\/iapop.com\/de\/deep-democracy\/\">Tiefe Demokratie<\/a>Ein Bewusstsein, das \u00fcber das Konzept der Macht hinausgeht und anerkennt, dass alle Ebenen, Schichten und Aspekte der \"Realit\u00e4t\" f\u00fcr die Ganzheitlichkeit notwendig sind. Wie die meisten wissen, basiert die Demokratie auf der Macht der B\u00fcrger, das hei\u00dft \"Demokratie\" auf Griechisch, und ist eindeutig ein weiterer Bewusstseinsschritt \u00fcber die Diktatur hinaus. Aber auch wenn die Demokratie ein Schritt ist, funktioniert sie nicht immer gut im Sinne einer Verringerung von Gewaltkonflikten, weil sie zwar lehrt, wie man Macht teilt, aber nicht \u00fcber Beziehungen lehrt, die \u00fcber Macht hinausgehen. Der n\u00e4chste Schritt \u00fcber die Macht hinaus ist die Entwicklung eines nachhaltigeren Kontakts mit anderen und der F\u00e4higkeit, miteinander zu arbeiten.<\/p>\n\n\n\n<div class=\"wp-block-group is-layout-grid wp-container-core-group-is-layout-8acdea75 wp-block-group-is-layout-grid\">\n<div class=\"wp-block-group has-white-background-color has-background is-layout-flow wp-block-group-is-layout-flow\">\n<h3 class=\"wp-block-heading\"><strong>PHILOSOPHIE<\/strong><\/h3>\n\n\n\n<p>Der philosophische Aspekt erkennt an, dass jede Gruppe eine einvernehmliche Realit\u00e4t hat (d. h. eine Reihe von Annahmen, \u00dcberzeugungen und Wahrnehmungen, die von der Mehrheit als real angesehen werden, Fragen von Rang und Macht, Fakten, Geschichte usw.) sowie eine andere Traumrealit\u00e4t oder Dimension, die normalerweise nicht sichtbar ist, aber hinter der bekannten einvernehmlichen Realit\u00e4t liegt. Diese Traumdimension umfasst die Komplexit\u00e4t der tiefen Gef\u00fchle und Tr\u00e4ume, die in offeneren Kommunikationsformen verborgen sind. Die traditionelle Gruppenmoderation neigt dazu, sich nur auf die konsensuale Realit\u00e4t zu konzentrieren - das, was die Gruppe als real identifiziert und anerkennt - und l\u00e4sst dabei andere wichtige Aspekte der Kommunikation au\u00dfer Acht.&nbsp;<\/p>\n<\/div>\n\n\n\n<div class=\"wp-block-group has-white-background-color has-background is-layout-flow wp-block-group-is-layout-flow\">\n<h3 class=\"wp-block-heading\"><strong><strong>METHODIK<\/strong><\/strong><\/h3>\n\n\n\n<p>Die Methode der Tiefen Demokratie l\u00e4dt einen geschulten Moderator dazu ein, sein oder ihr Bewusstsein zu nutzen, um alle Menschen und Teile einer bestimmten Gruppe in der Konsensrealit\u00e4t wahrzunehmen, zu bewerten und ihnen zu folgen, sowie die eher traumhaften Ausdr\u00fccke und Gef\u00fchle einer Gruppe wahrzunehmen und zu bewerten. Auf diese Weise bringt Deep Democracy Macht und Aufmerksamkeit zu uns, den Menschen, wie in der gew\u00f6hnlichen Demokratie, und erh\u00f6ht gleichzeitig unsere Bewusstseinskraft, um die verschiedenen Bewusstseinsebenen, die in der Kommunikation entstehen, wahrzunehmen und mit ihnen zu flie\u00dfen. Nur wenn alle Dimensionen der Realit\u00e4t erkannt und anerkannt werden, kommt die Weisheit der Gruppe zum Vorschein.<\/p>\n<\/div>\n<\/div>\n\n\n\n<div class=\"wp-block-group has-white-background-color has-background is-layout-flow wp-block-group-is-layout-flow\">\n<figure class=\"wp-block-image aligncenter size-full\"><img loading=\"lazy\" decoding=\"async\" width=\"640\" height=\"360\" src=\"https:\/\/iapop.com\/wp-content\/uploads\/2023\/04\/worldwork3.avif\" alt=\"\" class=\"wp-image-5962\" srcset=\"https:\/\/iapop.com\/wp-content\/uploads\/2023\/04\/worldwork3.avif 640w, https:\/\/iapop.com\/wp-content\/uploads\/2023\/04\/worldwork3-300x169.avif 300w, https:\/\/iapop.com\/wp-content\/uploads\/2023\/04\/worldwork3-18x10.avif 18w\" sizes=\"auto, (max-width: 640px) 100vw, 640px\" \/><\/figure>\n<\/div>\n\n\n\n<div style=\"height:20px\" aria-hidden=\"true\" class=\"wp-block-spacer\"><\/div>\n\n\n\n<h2 class=\"wp-block-heading\">EIN MEHRSTUFIGES BEWUSSTSEINSMODELL F\u00dcR GLOBALES HANDELN<\/h2>\n\n\n\n<p>Worldwork, wie alle <a href=\"https:\/\/iapop.com\/de\/history\/\">Prozessarbeit<\/a>basiert auf der Idee, dass der Prozess jedes Einzelnen, jeder Beziehung und jeder Gruppeninteraktion seine eigene inh\u00e4rente Weisheit enth\u00e4lt. Wenn ein einzelner Vermittler oder ein Team darin geschult ist, sein Bewusstsein zu nutzen, um den einzigartigen Prozess jeder Person oder Gemeinschaft zu verfolgen und zu entfalten, offenbart sich diese Weisheit am besten. Selbst in den hartn\u00e4ckigsten Konflikten gibt es eine tiefe Bedeutung und Weisheit, die sich hinter scheinbar unertr\u00e4glichen Ereignissen verbirgt.<\/p>\n\n\n\n<p>Jede Gruppe, Gemeinschaft oder Nation hat eine \"Konsensrealit\u00e4t\" - das Weltbild, das sie als real definiert und dem die meisten Menschen als Realit\u00e4t zustimmen. Dar\u00fcber hinaus gibt es eine \"Traumrealit\u00e4t\", die das Gruppenleben durchdringt, \u00fcber die sich die Menschen aber im Allgemeinen nicht einig sind. Diese tr\u00e4umende Wirklichkeit besteht aus all den Hintergrundgef\u00fchlen, Hoffnungen, Visionen, Tr\u00e4umen, K\u00f6rpersignalen, Rollen und Geistern, die die Atmosph\u00e4re einer Gruppe durchdringen und stark beeinflussen, auf die man sich aber selten bewusst konzentriert.&nbsp;<\/p>\n\n\n\n<p>Worldwork betrachtet beide Realit\u00e4ten als zwei entscheidende Seiten einer Medaille, die sich im Verlauf eines jeden Gemeinschaftsprozesses immer wieder drehen. In der Tat sind diese Realit\u00e4ten nicht klar voneinander getrennt, sondern ineinander eingebettet. Keine der beiden Realit\u00e4ten allein reicht aus, um mit Gruppenspannungen und sozialem Wandel umzugehen; beide werden ben\u00f6tigt. Wenn wir das Bewusstsein nutzen, um dem Fluss der Ver\u00e4nderung und der Interaktion zu folgen, w\u00e4hrend er sich durch einvernehmliche Diskussionen und den tr\u00e4umerischen Hintergrund des Gemeinschaftslebens schl\u00e4ngelt, vertiefen sich die Themen, und es k\u00f6nnen potenziell neue und nachhaltige L\u00f6sungen gefunden werden. Auf diese Weise tr\u00e4gt Worldwork zur Heilung der historischen Spaltung zwischen diesen beiden scheinbar ungleichen Welten bei.<\/p>\n\n\n\n<div style=\"height:20px\" aria-hidden=\"true\" class=\"wp-block-spacer\"><\/div>\n\n\n\n<h2 class=\"wp-block-heading\">BEWUSSTSEIN AUF DER METAEBENE<\/h2>\n\n\n\n<p>Zus\u00e4tzlich zu den allgemein anerkannten F\u00e4higkeiten zur Gruppenmoderation erfordert Worldwork-Bewusstsein den Zugang zu einer weiteren Ebene des Bewusstseins, n\u00e4mlich der <a href=\"https:\/\/iapop.com\/de\/glossary\/\">Prozessdenken<\/a>. Man kann sich dies als eine kraftfeldartige Macht der Vernetzung vorstellen, die dem Magnetismus oder der Schwerkraft \u00e4hnelt, die die Erfahrung organisiert und alles in ihr hervorbringt; eine organisierende Intelligenz. Wie Arnold Mindell, der Begr\u00fcnder von Worldwork, erkl\u00e4rt: \"Ich glaube nicht, dass wir mehr m\u00e4chtige F\u00fchrer brauchen. Was dieser Planet braucht, sind Teamsch\u00f6pfer: Menschen mit einer weichen F\u00e4higkeit - dem Zugang zum Process Mind -, die uns allen helfen k\u00f6nnen, zusammenzuarbeiten, indem sie eine tiefere Beziehung zueinander und zu allen Teilen des Systems aufbauen. Stellen Sie sich vor, Sie k\u00f6nnten Teams nicht nur aus Ihrem Freundeskreis bilden, sondern auch mit Einzelpersonen, Gruppen und Nationen, die weder Sie noch einander m\u00f6gen! Wir brauchen Menschen, die mit dem Kern der Erde ebenso verbunden sind wie mit Menschen, Tieren und Pflanzen - Menschen, die mit Beziehungen auf allen Ebenen arbeiten k\u00f6nnen.\"<\/p>\n\n\n\n<p>Normalerweise konzentriert sich die Moderation auf L\u00f6sungen und den Wandel des sozialen Systems. Nachhaltige Beziehungen sind jedoch ebenso wichtig oder vielleicht noch wichtiger. Um solche Beziehungen zu erreichen, m\u00fcssen einige von uns lernen, zu moderieren und \u00c4lteste zu sein, die sich tiefer in die verschiedenen Seiten und die verschiedenen Rollen innerhalb und au\u00dferhalb von Gruppenprozessen einf\u00fchlen k\u00f6nnen. Solche \u00c4ltesten k\u00f6nnen Konflikte in flie\u00dfende und kreative Beziehungen verwandeln, in denen die Menschen einander verstehen und zusammenarbeiten.<\/p>\n\n\n\n<div class=\"wp-block-group has-white-background-color has-background is-layout-flow wp-block-group-is-layout-flow\">\n<figure class=\"wp-block-image aligncenter size-full\"><img loading=\"lazy\" decoding=\"async\" width=\"640\" height=\"480\" src=\"https:\/\/iapop.com\/wp-content\/uploads\/2023\/04\/worldwork2.avif\" alt=\"\" class=\"wp-image-5944\" srcset=\"https:\/\/iapop.com\/wp-content\/uploads\/2023\/04\/worldwork2.avif 640w, https:\/\/iapop.com\/wp-content\/uploads\/2023\/04\/worldwork2-300x225.avif 300w, https:\/\/iapop.com\/wp-content\/uploads\/2023\/04\/worldwork2-16x12.avif 16w\" sizes=\"auto, (max-width: 640px) 100vw, 640px\" \/><\/figure>\n<\/div>\n\n\n\n<div style=\"height:20px\" aria-hidden=\"true\" class=\"wp-block-spacer\"><\/div>\n\n\n\n<h2 class=\"wp-block-heading\">DIE ROLLE DER \u00c4LTESTENSCHAFT<\/h2>\n\n\n\n<p>Die Nachrichten sind voll von Polarit\u00e4ten, die durch unsere gegenw\u00e4rtige Konsensrealit\u00e4t definiert werden, die von der Kultur, dem Volk und dem Land abh\u00e4ngt. So k\u00f6nnen die \u00e4u\u00dferen Gegner ein Land gegen ein anderes sein, oder ein Volk gegen ein anderes. Was nicht so offensichtlich ist, ist, dass es immer ein paar Menschen gibt, die sich in alle Seiten hineinf\u00fchlen k\u00f6nnen. Und was auch nicht so offensichtlich ist, ist, dass die heutigen Konflikte zum Teil auf nicht aufgearbeiteten, nicht diskutierten historischen Fragen beruhen, die man lieber vergisst, als sie aufzuarbeiten. Das ist verst\u00e4ndlich, jeder m\u00f6chte Schmerz vermeiden, aber wir brauchen mehr als dieses Vermeiden.<\/p>\n\n\n\n<p>Der Zustand der Welt ist ein \"Zustand\", d.h. ein eingefrorenes Bild, das auf dem basiert, was eine Gruppe sozusagen als die guten oder schlechten \"Jungs\" betrachtet. Wenn wir jedoch beginnen, die Dinge in uns selbst oder in Organisationen oder Gruppen zu verarbeiten, erkennen die Menschen pl\u00f6tzlich, dass sie oft nicht nur eingefroren sind, sondern sich im Stillen ein wenig wie die andere Seite f\u00fchlen.&nbsp;<\/p>\n\n\n\n<div style=\"height:20px\" aria-hidden=\"true\" class=\"wp-block-spacer\"><\/div>\n\n\n\n<h2 class=\"wp-block-heading\">FLIESSPHASEN<\/h2>\n\n\n\n<p>Bei Worldwork entwickeln sich Gruppenprozesse in Phasen. Diese Phasen als Ausdruck des sich ver\u00e4ndernden Feldes zu erkennen, vertieft das Verst\u00e4ndnis f\u00fcr den aktuellen Zustand der Gruppe und hilft zu kl\u00e4ren, welche Interventionen w\u00e4hrend der verschiedenen Aspekte des Prozesses am n\u00fctzlichsten sein k\u00f6nnten<strong>. <\/strong>Wenn jemand dies als Moderator erkennt, kann er oder sie manchmal die Rollen wechseln und flie\u00dfender werden und dazu beitragen, eine bewusstere Gemeinschaft zu schaffen. Wenn dies geschieht, erm\u00f6glicht diese Fluidit\u00e4t L\u00f6sungen und Beziehungen, die \u00fcber eine bestimmte L\u00f6sung hinausgehen. Mehr zu den Prozessphasen finden Sie in Arnold Mindells Buch, <a href=\"https:\/\/www.amazon.com\/Conflict-Phases-Solutions-Organizations-Governments\/dp\/1540770443\/ref=sr_1_1?ie=UTF8&amp;qid=1499723495&amp;sr=8-1&amp;keywords=Mindell+Conflict\">Konflikt: Phasen, Foren und L\u00f6sungen: F\u00fcr unsere Tr\u00e4ume und K\u00f6rper, Organisationen, Regierungen und den Planeten<\/a><\/p>\n\n\n\n<div class=\"wp-block-group has-white-background-color has-background is-layout-flow wp-block-group-is-layout-flow\">\n<figure class=\"wp-block-image aligncenter size-full\"><img loading=\"lazy\" decoding=\"async\" width=\"640\" height=\"427\" src=\"https:\/\/iapop.com\/wp-content\/uploads\/2023\/04\/worldwork1.avif\" alt=\"\" class=\"wp-image-5924\" srcset=\"https:\/\/iapop.com\/wp-content\/uploads\/2023\/04\/worldwork1.avif 640w, https:\/\/iapop.com\/wp-content\/uploads\/2023\/04\/worldwork1-300x200.avif 300w, https:\/\/iapop.com\/wp-content\/uploads\/2023\/04\/worldwork1-18x12.avif 18w\" sizes=\"auto, (max-width: 640px) 100vw, 640px\" \/><\/figure>\n<\/div>\n\n\n\n<div style=\"height:20px\" aria-hidden=\"true\" class=\"wp-block-spacer\"><\/div>\n\n\n\n<div class=\"wp-block-group has-gray-lighter-5-background-color has-background is-layout-flow wp-block-group-is-layout-flow\">\n<p class=\"has-medium-font-size\">Tauchen Sie tiefer in Worldwork ein <a href=\"http:\/\/worldwork.org\/\" target=\"_blank\" rel=\"noreferrer noopener nofollow\">hier<\/a>&nbsp;<\/p>\n\n\n\n<p>Diese Zusammenfassung wurde von H\u00e9l\u00e8ne Ramos und Lili Vassiliou recherchiert, geschrieben und bearbeitet.<\/p>\n\n\n\n<p><\/p>\n<\/div>","protected":false},"excerpt":{"rendered":"<p>Worldwork &amp; Deep Democracy Worldwork is a revolutionary and transformative method of working with group and community processes to create sustainable change. This approach can address issues in both small [&hellip;]<\/p>\n","protected":false},"author":250,"featured_media":0,"parent":0,"menu_order":0,"comment_status":"closed","ping_status":"closed","template":"","meta":{"_EventAllDay":false,"_EventTimezone":"","_EventStartDate":"","_EventEndDate":"","_EventStartDateUTC":"","_EventEndDateUTC":"","_EventShowMap":false,"_EventShowMapLink":false,"_EventURL":"","_EventCost":"","_EventCostDescription":"","_EventCurrencySymbol":"","_EventCurrencyCode":"","_EventCurrencyPosition":"","_EventDateTimeSeparator":"","_EventTimeRangeSeparator":"","_EventOrganizerID":[],"_EventVenueID":[],"_OrganizerEmail":"","_OrganizerPhone":"","_OrganizerWebsite":"","_VenueAddress":"","_VenueCity":"","_VenueCountry":"","_VenueProvince":"","_VenueState":"","_VenueZip":"","_VenuePhone":"","_VenueURL":"","_VenueStateProvince":"","_VenueLat":"","_VenueLng":"","_VenueShowMap":false,"_VenueShowMapLink":false,"footnotes":""},"class_list":["post-7297","page","type-page","status-publish","hentry"],"yoast_head":"<!-- This site is optimized with the Yoast SEO plugin v27.3 - https:\/\/yoast.com\/product\/yoast-seo-wordpress\/ -->\n<title>Worldwork - IAPOP<\/title>\n<meta name=\"robots\" content=\"index, follow, max-snippet:-1, max-image-preview:large, max-video-preview:-1\" \/>\n<link rel=\"canonical\" href=\"https:\/\/iapop.com\/de\/worldwork\/\" \/>\n<meta property=\"og:locale\" content=\"de_DE\" \/>\n<meta property=\"og:type\" content=\"article\" \/>\n<meta property=\"og:title\" content=\"Worldwork - IAPOP\" \/>\n<meta property=\"og:description\" content=\"Worldwork &amp; Deep Democracy Worldwork is a revolutionary and transformative method of working with group and community processes to create sustainable change. This approach can address issues in both small [&hellip;]\" \/>\n<meta property=\"og:url\" content=\"https:\/\/iapop.com\/de\/worldwork\/\" \/>\n<meta property=\"og:site_name\" content=\"IAPOP\" \/>\n<meta property=\"article:publisher\" content=\"https:\/\/www.facebook.com\/processwork.iapop\" \/>\n<meta property=\"article:modified_time\" content=\"2025-03-16T13:57:03+00:00\" \/>\n<meta property=\"og:image\" content=\"https:\/\/iapop.com\/wp-content\/uploads\/2023\/04\/worldwork3.avif\" \/>\n\t<meta property=\"og:image:width\" content=\"640\" \/>\n\t<meta property=\"og:image:height\" content=\"360\" \/>\n\t<meta property=\"og:image:type\" content=\"image\/jpeg\" \/>\n<meta name=\"twitter:card\" content=\"summary_large_image\" \/>\n<meta name=\"twitter:label1\" content=\"Gesch\u00e4tzte Lesezeit\" \/>\n\t<meta name=\"twitter:data1\" content=\"7\u00a0Minuten\" \/>\n<script type=\"application\/ld+json\" class=\"yoast-schema-graph\">{\"@context\":\"https:\\\/\\\/schema.org\",\"@graph\":[{\"@type\":\"WebPage\",\"@id\":\"https:\\\/\\\/iapop.com\\\/worldwork\\\/\",\"url\":\"https:\\\/\\\/iapop.com\\\/worldwork\\\/\",\"name\":\"Worldwork - IAPOP\",\"isPartOf\":{\"@id\":\"http:\\\/\\\/iapop.com\\\/es\\\/#website\"},\"primaryImageOfPage\":{\"@id\":\"https:\\\/\\\/iapop.com\\\/worldwork\\\/#primaryimage\"},\"image\":{\"@id\":\"https:\\\/\\\/iapop.com\\\/worldwork\\\/#primaryimage\"},\"thumbnailUrl\":\"https:\\\/\\\/iapop.com\\\/wp-content\\\/uploads\\\/2023\\\/04\\\/worldwork3.avif\",\"datePublished\":\"2025-02-19T16:49:48+00:00\",\"dateModified\":\"2025-03-16T13:57:03+00:00\",\"breadcrumb\":{\"@id\":\"https:\\\/\\\/iapop.com\\\/worldwork\\\/#breadcrumb\"},\"inLanguage\":\"de\",\"potentialAction\":[{\"@type\":\"ReadAction\",\"target\":[\"https:\\\/\\\/iapop.com\\\/worldwork\\\/\"]}]},{\"@type\":\"ImageObject\",\"inLanguage\":\"de\",\"@id\":\"https:\\\/\\\/iapop.com\\\/worldwork\\\/#primaryimage\",\"url\":\"https:\\\/\\\/iapop.com\\\/wp-content\\\/uploads\\\/2023\\\/04\\\/worldwork3.avif\",\"contentUrl\":\"https:\\\/\\\/iapop.com\\\/wp-content\\\/uploads\\\/2023\\\/04\\\/worldwork3.avif\"},{\"@type\":\"BreadcrumbList\",\"@id\":\"https:\\\/\\\/iapop.com\\\/worldwork\\\/#breadcrumb\",\"itemListElement\":[{\"@type\":\"ListItem\",\"position\":1,\"name\":\"Home\",\"item\":\"https:\\\/\\\/iapop.com\\\/\"},{\"@type\":\"ListItem\",\"position\":2,\"name\":\"Worldwork\"}]},{\"@type\":\"WebSite\",\"@id\":\"http:\\\/\\\/iapop.com\\\/es\\\/#website\",\"url\":\"http:\\\/\\\/iapop.com\\\/es\\\/\",\"name\":\"IAPOP\",\"description\":\"Process Oriented Psychology\",\"publisher\":{\"@id\":\"http:\\\/\\\/iapop.com\\\/es\\\/#organization\"},\"potentialAction\":[{\"@type\":\"SearchAction\",\"target\":{\"@type\":\"EntryPoint\",\"urlTemplate\":\"http:\\\/\\\/iapop.com\\\/es\\\/?s={search_term_string}\"},\"query-input\":{\"@type\":\"PropertyValueSpecification\",\"valueRequired\":true,\"valueName\":\"search_term_string\"}}],\"inLanguage\":\"de\"},{\"@type\":\"Organization\",\"@id\":\"http:\\\/\\\/iapop.com\\\/es\\\/#organization\",\"name\":\"IAPOP\",\"url\":\"http:\\\/\\\/iapop.com\\\/es\\\/\",\"logo\":{\"@type\":\"ImageObject\",\"inLanguage\":\"de\",\"@id\":\"http:\\\/\\\/iapop.com\\\/es\\\/#\\\/schema\\\/logo\\\/image\\\/\",\"url\":\"https:\\\/\\\/iapop.com\\\/wp-content\\\/uploads\\\/2024\\\/12\\\/Logo-300x131-1.png\",\"contentUrl\":\"https:\\\/\\\/iapop.com\\\/wp-content\\\/uploads\\\/2024\\\/12\\\/Logo-300x131-1.png\",\"width\":300,\"height\":131,\"caption\":\"IAPOP\"},\"image\":{\"@id\":\"http:\\\/\\\/iapop.com\\\/es\\\/#\\\/schema\\\/logo\\\/image\\\/\"},\"sameAs\":[\"https:\\\/\\\/www.facebook.com\\\/processwork.iapop\"]}]}<\/script>\n<!-- \/ Yoast SEO plugin. -->","yoast_head_json":{"title":"Worldwork - IAPOP","robots":{"index":"index","follow":"follow","max-snippet":"max-snippet:-1","max-image-preview":"max-image-preview:large","max-video-preview":"max-video-preview:-1"},"canonical":"https:\/\/iapop.com\/de\/worldwork\/","og_locale":"de_DE","og_type":"article","og_title":"Worldwork - IAPOP","og_description":"Worldwork &amp; Deep Democracy Worldwork is a revolutionary and transformative method of working with group and community processes to create sustainable change. This approach can address issues in both small [&hellip;]","og_url":"https:\/\/iapop.com\/de\/worldwork\/","og_site_name":"IAPOP","article_publisher":"https:\/\/www.facebook.com\/processwork.iapop","article_modified_time":"2025-03-16T13:57:03+00:00","og_image":[{"width":640,"height":360,"url":"https:\/\/iapop.com\/wp-content\/uploads\/2023\/04\/worldwork3.avif","type":"image\/jpeg"}],"twitter_card":"summary_large_image","twitter_misc":{"Gesch\u00e4tzte Lesezeit":"7\u00a0Minuten"},"schema":{"@context":"https:\/\/schema.org","@graph":[{"@type":"WebPage","@id":"https:\/\/iapop.com\/worldwork\/","url":"https:\/\/iapop.com\/worldwork\/","name":"Worldwork - IAPOP","isPartOf":{"@id":"http:\/\/iapop.com\/es\/#website"},"primaryImageOfPage":{"@id":"https:\/\/iapop.com\/worldwork\/#primaryimage"},"image":{"@id":"https:\/\/iapop.com\/worldwork\/#primaryimage"},"thumbnailUrl":"https:\/\/iapop.com\/wp-content\/uploads\/2023\/04\/worldwork3.avif","datePublished":"2025-02-19T16:49:48+00:00","dateModified":"2025-03-16T13:57:03+00:00","breadcrumb":{"@id":"https:\/\/iapop.com\/worldwork\/#breadcrumb"},"inLanguage":"de","potentialAction":[{"@type":"ReadAction","target":["https:\/\/iapop.com\/worldwork\/"]}]},{"@type":"ImageObject","inLanguage":"de","@id":"https:\/\/iapop.com\/worldwork\/#primaryimage","url":"https:\/\/iapop.com\/wp-content\/uploads\/2023\/04\/worldwork3.avif","contentUrl":"https:\/\/iapop.com\/wp-content\/uploads\/2023\/04\/worldwork3.avif"},{"@type":"BreadcrumbList","@id":"https:\/\/iapop.com\/worldwork\/#breadcrumb","itemListElement":[{"@type":"ListItem","position":1,"name":"Home","item":"https:\/\/iapop.com\/"},{"@type":"ListItem","position":2,"name":"Worldwork"}]},{"@type":"WebSite","@id":"http:\/\/iapop.com\/es\/#website","url":"http:\/\/iapop.com\/es\/","name":"IAPOP","description":"Prozessorientierte Psychologie","publisher":{"@id":"http:\/\/iapop.com\/es\/#organization"},"potentialAction":[{"@type":"SearchAction","target":{"@type":"EntryPoint","urlTemplate":"http:\/\/iapop.com\/es\/?s={search_term_string}"},"query-input":{"@type":"PropertyValueSpecification","valueRequired":true,"valueName":"search_term_string"}}],"inLanguage":"de"},{"@type":"Organization","@id":"http:\/\/iapop.com\/es\/#organization","name":"IAPOP","url":"http:\/\/iapop.com\/es\/","logo":{"@type":"ImageObject","inLanguage":"de","@id":"http:\/\/iapop.com\/es\/#\/schema\/logo\/image\/","url":"https:\/\/iapop.com\/wp-content\/uploads\/2024\/12\/Logo-300x131-1.png","contentUrl":"https:\/\/iapop.com\/wp-content\/uploads\/2024\/12\/Logo-300x131-1.png","width":300,"height":131,"caption":"IAPOP"},"image":{"@id":"http:\/\/iapop.com\/es\/#\/schema\/logo\/image\/"},"sameAs":["https:\/\/www.facebook.com\/processwork.iapop"]}]}},"_links":{"self":[{"href":"https:\/\/iapop.com\/de\/wp-json\/wp\/v2\/pages\/7297","targetHints":{"allow":["GET"]}}],"collection":[{"href":"https:\/\/iapop.com\/de\/wp-json\/wp\/v2\/pages"}],"about":[{"href":"https:\/\/iapop.com\/de\/wp-json\/wp\/v2\/types\/page"}],"author":[{"embeddable":true,"href":"https:\/\/iapop.com\/de\/wp-json\/wp\/v2\/users\/250"}],"replies":[{"embeddable":true,"href":"https:\/\/iapop.com\/de\/wp-json\/wp\/v2\/comments?post=7297"}],"version-history":[{"count":2,"href":"https:\/\/iapop.com\/de\/wp-json\/wp\/v2\/pages\/7297\/revisions"}],"predecessor-version":[{"id":7504,"href":"https:\/\/iapop.com\/de\/wp-json\/wp\/v2\/pages\/7297\/revisions\/7504"}],"wp:attachment":[{"href":"https:\/\/iapop.com\/de\/wp-json\/wp\/v2\/media?parent=7297"}],"curies":[{"name":"wp","href":"https:\/\/api.w.org\/{rel}","templated":true}]}}