{"id":7580,"date":"2025-06-23T21:31:51","date_gmt":"2025-06-23T20:31:51","guid":{"rendered":"https:\/\/iapop.com\/?page_id=7580"},"modified":"2025-12-18T23:30:59","modified_gmt":"2025-12-18T23:30:59","slug":"offerings","status":"publish","type":"page","link":"https:\/\/iapop.com\/de\/offerings\/","title":{"rendered":"IAPOP-Practitioner-Angebote"},"content":{"rendered":"<h1 class=\"wp-block-post-title\">IAPOP-Practitioner-Angebote<\/h1>\n\n\n<div class=\"wp-block-group has-brand-primary-lighter-2-background-color has-background is-content-justification-left is-nowrap is-layout-flex wp-container-core-group-is-layout-fc9f69e7 wp-block-group-is-layout-flex\">\n<div class=\"wp-block-font-awesome-icon wp-font-awesome-icon\"><svg aria-hidden=\"true\" focusable=\"false\" data-prefix=\"fas\" data-icon=\"circle-info\" class=\"svg-inline--fa fa-circle-info\" role=\"img\" xmlns=\"http:\/\/www.w3.org\/2000\/svg\" viewbox=\"0 0 512 512\" style=\"font-size:1em\" color=\"#003D83\"><path fill=\"currentColor\" d=\"M256 512A256 256 0 1 0 256 0a256 256 0 1 0 0 512zM216 336l24 0 0-64-24 0c-13.3 0-24-10.7-24-24s10.7-24 24-24l48 0c13.3 0 24 10.7 24 24l0 88 8 0c13.3 0 24 10.7 24 24s-10.7 24-24 24l-80 0c-13.3 0-24-10.7-24-24s10.7-24 24-24zm40-208a32 32 0 1 1 0 64 32 32 0 1 1 0-64z\"><\/path><\/svg><\/div>\n\n\n\n<p class=\"has-brand-primary-darker-color has-brand-primary-lighter-2-background-color has-text-color has-background has-small-font-size\" style=\"padding-top:0;padding-right:0;padding-bottom:0;padding-left:0\"><strong>Haben Sie etwas zu bieten?<\/strong><br>Wir w\u00fcrden uns freuen, von Ihnen zu h\u00f6ren. Bitte kontaktieren Sie uns unter <a href=\"mailto:members@iapop.com\">members@iapop.com<\/a>. Es ist eine gute M\u00f6glichkeit, ein Gespr\u00e4ch zu beginnen und in Kontakt zu bleiben<\/p>\n<\/div>\n\n\n\n<div class=\"wp-block-group has-white-background-color has-background is-nowrap is-layout-flex wp-container-core-group-is-layout-e021f648 wp-block-group-is-layout-flex\" style=\"padding-top:var(--wp--preset--spacing--20);padding-bottom:var(--wp--preset--spacing--20)\">\n<div class=\"wp-block-group has-border-color has-gray-lighter-4-border-color has-brand-primary-lighter-3-background-color has-background wp-container-content-29dca9c1 is-layout-constrained wp-container-core-group-is-layout-639b5052 wp-block-group-is-layout-constrained\" style=\"border-width:1px;padding-top:0;padding-right:0;padding-bottom:0;padding-left:0\">\n<figure class=\"wp-block-image size-medium\"><img loading=\"lazy\" decoding=\"async\" width=\"300\" height=\"194\" src=\"https:\/\/iapop.com\/wp-content\/uploads\/2025\/06\/1-300x194.avif\" alt=\"\" class=\"wp-image-7582\" style=\"object-fit:cover\" srcset=\"https:\/\/iapop.com\/wp-content\/uploads\/2025\/06\/1-300x194.avif 300w, https:\/\/iapop.com\/wp-content\/uploads\/2025\/06\/1-1030x665.avif 1030w, https:\/\/iapop.com\/wp-content\/uploads\/2025\/06\/1-768x496.avif 768w, https:\/\/iapop.com\/wp-content\/uploads\/2025\/06\/1-1536x992.avif 1536w, https:\/\/iapop.com\/wp-content\/uploads\/2025\/06\/1-2048x1322.avif 2048w, https:\/\/iapop.com\/wp-content\/uploads\/2025\/06\/1-18x12.avif 18w\" sizes=\"auto, (max-width: 300px) 100vw, 300px\" \/><\/figure>\n<\/div>\n\n\n\n<div class=\"wp-block-group is-vertical is-layout-flex wp-container-core-group-is-layout-fe9cc265 wp-block-group-is-layout-flex\">\n<div class=\"wp-block-group is-layout-constrained wp-container-core-group-is-layout-aceb2798 wp-block-group-is-layout-constrained\">\n<h3 class=\"wp-block-heading\">DeepWell<\/h3>\n\n\n\n<p class=\"has-gray-lighter-2-color has-text-color has-link-color has-extra-small-font-size wp-elements-774e78f8e219243028bed478b6354be1\"><span class=\"wp-rich-text-font-awesome-icon wp-font-awesome-icon\"><svg aria-hidden=\"true\" focusable=\"false\" data-prefix=\"fas\" data-icon=\"user\" class=\"svg-inline--fa fa-user\" role=\"img\" xmlns=\"http:\/\/www.w3.org\/2000\/svg\" viewbox=\"0 0 448 512\" style=\"font-size:.8em\" color=\"#626262\"><path fill=\"currentColor\" d=\"M224 256A128 128 0 1 0 224 0a128 128 0 1 0 0 256zm-45.7 48C79.8 304 0 383.8 0 482.3C0 498.7 13.3 512 29.7 512l388.6 0c16.4 0 29.7-13.3 29.7-29.7C448 383.8 368.2 304 269.7 304l-91.4 0z\"><\/path><\/svg><\/span> Cindy Trawinsky<\/p>\n<\/div>\n\n\n\n<div class=\"wp-block-group is-layout-constrained wp-block-group-is-layout-constrained\">\n<p>DeepWell ist eine Bibliothek von Audio-aufgezeichneten \u00dcbungen f\u00fcr die innere Arbeit, die Ressourcen in Ihnen anzapfen und Ihnen helfen, einzigartige pers\u00f6nliche Einsichten, Verbindungen und L\u00f6sungen zu finden. Lassen Sie sich \u00fcberraschen!<\/p>\n\n\n\n<p><a href=\"https:\/\/deepwell.xyz\/?fbclid=IwY2xjawLEv2RleHRuA2FlbQIxMABicmlkETFTZ2EwcVZaVERzUU8xWnlMAR5nHvqSp9uI3-Vh7MhIy3L_s-mV49jo2byCSSjRqSU55uWQlkRSfF4xVZ-CKA_aem_f2X3QcDfDXTLvHuWrhJnng\" target=\"_blank\" rel=\"noreferrer noopener nofollow\">Siehe das Angebot<\/a><\/p>\n<\/div>\n<\/div>\n<\/div>\n\n\n\n<div class=\"wp-block-group has-white-background-color has-background is-nowrap is-layout-flex wp-container-core-group-is-layout-e021f648 wp-block-group-is-layout-flex\" style=\"padding-top:var(--wp--preset--spacing--20);padding-bottom:var(--wp--preset--spacing--20)\">\n<div class=\"wp-block-group has-border-color has-gray-lighter-4-border-color has-brand-primary-lighter-3-background-color has-background wp-container-content-29dca9c1 is-layout-constrained wp-container-core-group-is-layout-639b5052 wp-block-group-is-layout-constrained\" style=\"border-width:1px;padding-top:0;padding-right:0;padding-bottom:0;padding-left:0\">\n<figure class=\"wp-block-image size-full\"><img decoding=\"async\" src=\"https:\/\/iapop.com\/wp-content\/uploads\/2025\/06\/2.png\" alt=\"\" class=\"wp-image-7583\" style=\"object-fit:cover\"\/><\/figure>\n<\/div>\n\n\n\n<div class=\"wp-block-group is-vertical is-layout-flex wp-container-core-group-is-layout-fe9cc265 wp-block-group-is-layout-flex\">\n<div class=\"wp-block-group is-layout-constrained wp-container-core-group-is-layout-aceb2798 wp-block-group-is-layout-constrained\">\n<h3 class=\"wp-block-heading\">Auf dem Weg zu einer prozessorientierten Medizin<\/h3>\n\n\n\n<p class=\"has-gray-lighter-2-color has-text-color has-link-color has-extra-small-font-size wp-elements-1d582fe14088f382f56f60ee34847066\"><span class=\"wp-rich-text-font-awesome-icon wp-font-awesome-icon\"><svg aria-hidden=\"true\" focusable=\"false\" data-prefix=\"fas\" data-icon=\"user\" class=\"svg-inline--fa fa-user\" role=\"img\" xmlns=\"http:\/\/www.w3.org\/2000\/svg\" viewbox=\"0 0 448 512\" style=\"font-size:.8em\" color=\"#626262\"><path fill=\"currentColor\" d=\"M224 256A128 128 0 1 0 224 0a128 128 0 1 0 0 256zm-45.7 48C79.8 304 0 383.8 0 482.3C0 498.7 13.3 512 29.7 512l388.6 0c16.4 0 29.7-13.3 29.7-29.7C448 383.8 368.2 304 269.7 304l-91.4 0z\"><\/path><\/svg><\/span> Pierre Morin MD PhD<\/p>\n<\/div>\n\n\n\n<div class=\"wp-block-group is-layout-constrained wp-block-group-is-layout-constrained\">\n<p>In diesem Artikel, der Psychologie, Systemdenken und Spiritualit\u00e4t miteinander verbindet, wird untersucht, wie K\u00f6rpersymptome nicht nur als Probleme, sondern als bedeutungsvolle \u00c4u\u00dferungen des tieferen \"Process Mind\" gesehen werden k\u00f6nnen, die zu Pr\u00e4senz, Dialog und Heilung einladen.<\/p>\n\n\n\n<p><a href=\"https:\/\/www.sofiaglobalconference.com\/articleofthemonth\" target=\"_blank\" rel=\"noreferrer noopener nofollow\">Siehe das Angebot<\/a><\/p>\n<\/div>\n<\/div>\n<\/div>\n\n\n\n<div class=\"wp-block-columns is-layout-flex wp-container-core-columns-is-layout-28f84493 wp-block-columns-is-layout-flex\">\n<div class=\"wp-block-column is-vertically-aligned-center is-layout-flow wp-block-column-is-layout-flow\" style=\"flex-basis:33.33%\">\n<figure class=\"wp-block-gallery aligncenter has-nested-images columns-default is-cropped wp-block-gallery-1 is-layout-flex wp-block-gallery-is-layout-flex\">\n<figure class=\"wp-block-image size-medium\"><img loading=\"lazy\" decoding=\"async\" width=\"300\" height=\"142\" data-id=\"8108\" src=\"https:\/\/iapop.com\/wp-content\/uploads\/2025\/12\/Screenshot-1-1-300x142.avif\" alt=\"\" class=\"wp-image-8108\" srcset=\"https:\/\/iapop.com\/wp-content\/uploads\/2025\/12\/Screenshot-1-1-300x142.avif 300w, https:\/\/iapop.com\/wp-content\/uploads\/2025\/12\/Screenshot-1-1-1030x487.avif 1030w, https:\/\/iapop.com\/wp-content\/uploads\/2025\/12\/Screenshot-1-1-768x363.avif 768w, https:\/\/iapop.com\/wp-content\/uploads\/2025\/12\/Screenshot-1-1-1536x727.avif 1536w, https:\/\/iapop.com\/wp-content\/uploads\/2025\/12\/Screenshot-1-1-18x9.avif 18w, https:\/\/iapop.com\/wp-content\/uploads\/2025\/12\/Screenshot-1-1.avif 1904w\" sizes=\"auto, (max-width: 300px) 100vw, 300px\" \/><\/figure>\n<\/figure>\n\n\n\n<div class=\"wp-block-group is-layout-grid wp-container-core-group-is-layout-478b6e6b wp-block-group-is-layout-grid\"><\/div>\n<\/div>\n\n\n\n<div class=\"wp-block-column is-layout-flow wp-block-column-is-layout-flow\" style=\"flex-basis:66.66%\">\n<h3 class=\"wp-block-heading\">Eine radikale Neukonzeption von \u201eNie wieder\u201c<\/h3>\n\n\n\n<p class=\"has-gray-lighter-2-color has-text-color has-link-color has-extra-small-font-size wp-elements-2b5710093a81abade0554cb2dc25e032\"><span class=\"wp-rich-text-font-awesome-icon wp-font-awesome-icon\"><svg aria-hidden=\"true\" focusable=\"false\" data-prefix=\"fas\" data-icon=\"user\" class=\"svg-inline--fa fa-user\" role=\"img\" xmlns=\"http:\/\/www.w3.org\/2000\/svg\" viewbox=\"0 0 448 512\" style=\"font-size:.8em\" color=\"#626262\"><path fill=\"currentColor\" d=\"M224 256A128 128 0 1 0 224 0a128 128 0 1 0 0 256zm-45.7 48C79.8 304 0 383.8 0 482.3C0 498.7 13.3 512 29.7 512l388.6 0c16.4 0 29.7-13.3 29.7-29.7C448 383.8 368.2 304 269.7 304l-91.4 0z\"><\/path><\/svg><\/span> Niyati Evers<\/p>\n\n\n\n<p>Was w\u00e4re n\u00f6tig, um dieses Versprechen f\u00fcr alle Wirklichkeit werden zu lassen? Die Art und Weise, wie wir diese Erkl\u00e4rung interpretieren, kann zu dramatisch unterschiedlichen Zukunftsszenarien f\u00fchren. Wie w\u00fcrden diejenigen, die unter den Schrecken des Nationalsozialismus gelitten haben, dies anwenden?\u00a0<em>Nie wieder<\/em>\u00a0zu unserem Moment? In diesem Artikel reflektiert eine Tochter von Holocaust-\u00dcberlebenden \u00fcber das Verm\u00e4chtnis ihrer Vorfahren inmitten der Gewalt in Gaza und deckt dabei eine tiefere und umfassendere Bedeutung auf.\u00a0<em>Nie wieder<\/em>\u00a0als die, die wir normalerweise anrufen<\/p>\n\n\n\n<p><a href=\"https:\/\/niyatievers.com\/\">Siehe die Angebote<\/a><\/p>\n<\/div>\n<\/div>\n\n\n\n<p><\/p>","protected":false},"excerpt":{"rendered":"<p>Have something to offer?We\u2019d be glad to hear from you. Please feel free to contact us at members@iapop.com. It\u2019s a great way to start a conversation and stay in touch [&hellip;]<\/p>\n","protected":false},"author":352,"featured_media":0,"parent":0,"menu_order":0,"comment_status":"closed","ping_status":"closed","template":"","meta":{"_EventAllDay":false,"_EventTimezone":"","_EventStartDate":"","_EventEndDate":"","_EventStartDateUTC":"","_EventEndDateUTC":"","_EventShowMap":false,"_EventShowMapLink":false,"_EventURL":"","_EventCost":"","_EventCostDescription":"","_EventCurrencySymbol":"","_EventCurrencyCode":"","_EventCurrencyPosition":"","_EventDateTimeSeparator":"","_EventTimeRangeSeparator":"","_EventOrganizerID":[],"_EventVenueID":[],"_OrganizerEmail":"","_OrganizerPhone":"","_OrganizerWebsite":"","_VenueAddress":"","_VenueCity":"","_VenueCountry":"","_VenueProvince":"","_VenueState":"","_VenueZip":"","_VenuePhone":"","_VenueURL":"","_VenueStateProvince":"","_VenueLat":"","_VenueLng":"","_VenueShowMap":false,"_VenueShowMapLink":false,"footnotes":""},"class_list":["post-7580","page","type-page","status-publish","hentry"],"yoast_head":"<!-- This site is optimized with the Yoast SEO plugin v27.3 - https:\/\/yoast.com\/product\/yoast-seo-wordpress\/ -->\n<title>IAPOP Practitioner Offerings - IAPOP<\/title>\n<meta name=\"robots\" content=\"index, follow, max-snippet:-1, max-image-preview:large, max-video-preview:-1\" \/>\n<link rel=\"canonical\" href=\"https:\/\/iapop.com\/de\/offerings\/\" \/>\n<meta property=\"og:locale\" content=\"de_DE\" \/>\n<meta property=\"og:type\" content=\"article\" \/>\n<meta property=\"og:title\" content=\"IAPOP Practitioner Offerings - IAPOP\" \/>\n<meta property=\"og:description\" content=\"Have something to offer?We\u2019d be glad to hear from you. Please feel free to contact us at members@iapop.com. It\u2019s a great way to start a conversation and stay in touch [&hellip;]\" \/>\n<meta property=\"og:url\" content=\"https:\/\/iapop.com\/de\/offerings\/\" \/>\n<meta property=\"og:site_name\" content=\"IAPOP\" \/>\n<meta property=\"article:publisher\" content=\"https:\/\/www.facebook.com\/processwork.iapop\" \/>\n<meta property=\"article:modified_time\" content=\"2025-12-18T23:30:59+00:00\" \/>\n<meta property=\"og:image\" content=\"https:\/\/iapop.com\/wp-content\/uploads\/2025\/06\/1-scaled.avif\" \/>\n\t<meta property=\"og:image:width\" content=\"2560\" \/>\n\t<meta property=\"og:image:height\" content=\"1653\" \/>\n\t<meta property=\"og:image:type\" content=\"image\/png\" \/>\n<meta name=\"twitter:card\" content=\"summary_large_image\" \/>\n<meta name=\"twitter:label1\" content=\"Gesch\u00e4tzte Lesezeit\" \/>\n\t<meta name=\"twitter:data1\" content=\"2\u00a0Minuten\" \/>\n<script type=\"application\/ld+json\" class=\"yoast-schema-graph\">{\"@context\":\"https:\\\/\\\/schema.org\",\"@graph\":[{\"@type\":\"WebPage\",\"@id\":\"https:\\\/\\\/iapop.com\\\/offerings\\\/\",\"url\":\"https:\\\/\\\/iapop.com\\\/offerings\\\/\",\"name\":\"IAPOP Practitioner Offerings - IAPOP\",\"isPartOf\":{\"@id\":\"http:\\\/\\\/iapop.com\\\/es\\\/#website\"},\"primaryImageOfPage\":{\"@id\":\"https:\\\/\\\/iapop.com\\\/offerings\\\/#primaryimage\"},\"image\":{\"@id\":\"https:\\\/\\\/iapop.com\\\/offerings\\\/#primaryimage\"},\"thumbnailUrl\":\"https:\\\/\\\/iapop.com\\\/wp-content\\\/uploads\\\/2025\\\/06\\\/1-300x194.avif\",\"datePublished\":\"2025-06-23T20:31:51+00:00\",\"dateModified\":\"2025-12-18T23:30:59+00:00\",\"breadcrumb\":{\"@id\":\"https:\\\/\\\/iapop.com\\\/offerings\\\/#breadcrumb\"},\"inLanguage\":\"de\",\"potentialAction\":[{\"@type\":\"ReadAction\",\"target\":[\"https:\\\/\\\/iapop.com\\\/offerings\\\/\"]}]},{\"@type\":\"ImageObject\",\"inLanguage\":\"de\",\"@id\":\"https:\\\/\\\/iapop.com\\\/offerings\\\/#primaryimage\",\"url\":\"https:\\\/\\\/iapop.com\\\/wp-content\\\/uploads\\\/2025\\\/06\\\/1-300x194.avif\",\"contentUrl\":\"https:\\\/\\\/iapop.com\\\/wp-content\\\/uploads\\\/2025\\\/06\\\/1-300x194.avif\"},{\"@type\":\"BreadcrumbList\",\"@id\":\"https:\\\/\\\/iapop.com\\\/offerings\\\/#breadcrumb\",\"itemListElement\":[{\"@type\":\"ListItem\",\"position\":1,\"name\":\"Home\",\"item\":\"https:\\\/\\\/iapop.com\\\/\"},{\"@type\":\"ListItem\",\"position\":2,\"name\":\"IAPOP Practitioner Offerings\"}]},{\"@type\":\"WebSite\",\"@id\":\"http:\\\/\\\/iapop.com\\\/es\\\/#website\",\"url\":\"http:\\\/\\\/iapop.com\\\/es\\\/\",\"name\":\"IAPOP\",\"description\":\"Process Oriented Psychology\",\"publisher\":{\"@id\":\"http:\\\/\\\/iapop.com\\\/es\\\/#organization\"},\"potentialAction\":[{\"@type\":\"SearchAction\",\"target\":{\"@type\":\"EntryPoint\",\"urlTemplate\":\"http:\\\/\\\/iapop.com\\\/es\\\/?s={search_term_string}\"},\"query-input\":{\"@type\":\"PropertyValueSpecification\",\"valueRequired\":true,\"valueName\":\"search_term_string\"}}],\"inLanguage\":\"de\"},{\"@type\":\"Organization\",\"@id\":\"http:\\\/\\\/iapop.com\\\/es\\\/#organization\",\"name\":\"IAPOP\",\"url\":\"http:\\\/\\\/iapop.com\\\/es\\\/\",\"logo\":{\"@type\":\"ImageObject\",\"inLanguage\":\"de\",\"@id\":\"http:\\\/\\\/iapop.com\\\/es\\\/#\\\/schema\\\/logo\\\/image\\\/\",\"url\":\"https:\\\/\\\/iapop.com\\\/wp-content\\\/uploads\\\/2024\\\/12\\\/Logo-300x131-1.png\",\"contentUrl\":\"https:\\\/\\\/iapop.com\\\/wp-content\\\/uploads\\\/2024\\\/12\\\/Logo-300x131-1.png\",\"width\":300,\"height\":131,\"caption\":\"IAPOP\"},\"image\":{\"@id\":\"http:\\\/\\\/iapop.com\\\/es\\\/#\\\/schema\\\/logo\\\/image\\\/\"},\"sameAs\":[\"https:\\\/\\\/www.facebook.com\\\/processwork.iapop\"]}]}<\/script>\n<!-- \/ Yoast SEO plugin. -->","yoast_head_json":{"title":"IAPOP-Practitioner-Angebote - IAPOP","robots":{"index":"index","follow":"follow","max-snippet":"max-snippet:-1","max-image-preview":"max-image-preview:large","max-video-preview":"max-video-preview:-1"},"canonical":"https:\/\/iapop.com\/de\/offerings\/","og_locale":"de_DE","og_type":"article","og_title":"IAPOP Practitioner Offerings - IAPOP","og_description":"Have something to offer?We\u2019d be glad to hear from you. Please feel free to contact us at members@iapop.com. It\u2019s a great way to start a conversation and stay in touch [&hellip;]","og_url":"https:\/\/iapop.com\/de\/offerings\/","og_site_name":"IAPOP","article_publisher":"https:\/\/www.facebook.com\/processwork.iapop","article_modified_time":"2025-12-18T23:30:59+00:00","og_image":[{"width":2560,"height":1653,"url":"https:\/\/iapop.com\/wp-content\/uploads\/2025\/06\/1-scaled.avif","type":"image\/png"}],"twitter_card":"summary_large_image","twitter_misc":{"Gesch\u00e4tzte Lesezeit":"2\u00a0Minuten"},"schema":{"@context":"https:\/\/schema.org","@graph":[{"@type":"WebPage","@id":"https:\/\/iapop.com\/offerings\/","url":"https:\/\/iapop.com\/offerings\/","name":"IAPOP-Practitioner-Angebote - IAPOP","isPartOf":{"@id":"http:\/\/iapop.com\/es\/#website"},"primaryImageOfPage":{"@id":"https:\/\/iapop.com\/offerings\/#primaryimage"},"image":{"@id":"https:\/\/iapop.com\/offerings\/#primaryimage"},"thumbnailUrl":"https:\/\/iapop.com\/wp-content\/uploads\/2025\/06\/1-300x194.avif","datePublished":"2025-06-23T20:31:51+00:00","dateModified":"2025-12-18T23:30:59+00:00","breadcrumb":{"@id":"https:\/\/iapop.com\/offerings\/#breadcrumb"},"inLanguage":"de","potentialAction":[{"@type":"ReadAction","target":["https:\/\/iapop.com\/offerings\/"]}]},{"@type":"ImageObject","inLanguage":"de","@id":"https:\/\/iapop.com\/offerings\/#primaryimage","url":"https:\/\/iapop.com\/wp-content\/uploads\/2025\/06\/1-300x194.avif","contentUrl":"https:\/\/iapop.com\/wp-content\/uploads\/2025\/06\/1-300x194.avif"},{"@type":"BreadcrumbList","@id":"https:\/\/iapop.com\/offerings\/#breadcrumb","itemListElement":[{"@type":"ListItem","position":1,"name":"Home","item":"https:\/\/iapop.com\/"},{"@type":"ListItem","position":2,"name":"IAPOP Practitioner Offerings"}]},{"@type":"WebSite","@id":"http:\/\/iapop.com\/es\/#website","url":"http:\/\/iapop.com\/es\/","name":"IAPOP","description":"Prozessorientierte Psychologie","publisher":{"@id":"http:\/\/iapop.com\/es\/#organization"},"potentialAction":[{"@type":"SearchAction","target":{"@type":"EntryPoint","urlTemplate":"http:\/\/iapop.com\/es\/?s={search_term_string}"},"query-input":{"@type":"PropertyValueSpecification","valueRequired":true,"valueName":"search_term_string"}}],"inLanguage":"de"},{"@type":"Organization","@id":"http:\/\/iapop.com\/es\/#organization","name":"IAPOP","url":"http:\/\/iapop.com\/es\/","logo":{"@type":"ImageObject","inLanguage":"de","@id":"http:\/\/iapop.com\/es\/#\/schema\/logo\/image\/","url":"https:\/\/iapop.com\/wp-content\/uploads\/2024\/12\/Logo-300x131-1.png","contentUrl":"https:\/\/iapop.com\/wp-content\/uploads\/2024\/12\/Logo-300x131-1.png","width":300,"height":131,"caption":"IAPOP"},"image":{"@id":"http:\/\/iapop.com\/es\/#\/schema\/logo\/image\/"},"sameAs":["https:\/\/www.facebook.com\/processwork.iapop"]}]}},"_links":{"self":[{"href":"https:\/\/iapop.com\/de\/wp-json\/wp\/v2\/pages\/7580","targetHints":{"allow":["GET"]}}],"collection":[{"href":"https:\/\/iapop.com\/de\/wp-json\/wp\/v2\/pages"}],"about":[{"href":"https:\/\/iapop.com\/de\/wp-json\/wp\/v2\/types\/page"}],"author":[{"embeddable":true,"href":"https:\/\/iapop.com\/de\/wp-json\/wp\/v2\/users\/352"}],"replies":[{"embeddable":true,"href":"https:\/\/iapop.com\/de\/wp-json\/wp\/v2\/comments?post=7580"}],"version-history":[{"count":2,"href":"https:\/\/iapop.com\/de\/wp-json\/wp\/v2\/pages\/7580\/revisions"}],"predecessor-version":[{"id":8113,"href":"https:\/\/iapop.com\/de\/wp-json\/wp\/v2\/pages\/7580\/revisions\/8113"}],"wp:attachment":[{"href":"https:\/\/iapop.com\/de\/wp-json\/wp\/v2\/media?parent=7580"}],"curies":[{"name":"wp","href":"https:\/\/api.w.org\/{rel}","templated":true}]}}