{"id":7666,"date":"2025-06-28T11:05:13","date_gmt":"2025-06-28T10:05:13","guid":{"rendered":"https:\/\/iapop.com\/?page_id=7666"},"modified":"2025-07-12T12:18:58","modified_gmt":"2025-07-12T11:18:58","slug":"tribute-to-arnold-mindell","status":"publish","type":"page","link":"https:\/\/iapop.com\/de\/tribute-to-arnold-mindell\/","title":{"rendered":"Hommage an Arnold Mindell"},"content":{"rendered":"<h1 class=\"wp-block-post-title\">Hommage an Arnold Mindell<\/h1>\n\n\n<figure class=\"wp-block-image size-large\"><img decoding=\"async\" src=\"https:\/\/iapop.com\/wp-content\/uploads\/2024\/07\/448826442_10160114639063027_2599602499405783343_n-2-2-1030x686.webp\" alt=\"\" class=\"wp-image-6381\"\/><\/figure>\n\n\n\n<p>Wir sind sehr traurig \u00fcber den Tod von Arnold Mindell am 10. Juni und trauern mit ihm.<sup>th<\/sup>, 2024. Arny, unser Gr\u00fcnder, begann in den sp\u00e4ten 1970er Jahren mit der Entwicklung der Prozessorientierten Psychologie. Sein brillanter Verstand und sein Herz, sein leidenschaftliches Forschen, Lehren und Schreiben, seine Arbeit mit Einzelpersonen und Gruppen und sein spielerischer Geist haben uns zutiefst inspiriert und das Leben von Tausenden von Menschen in aller Welt ber\u00fchrt. Wir sind sehr bewegt von den vielen liebevollen und dankbaren Zeugnissen, Gedanken und Gef\u00fchlen, die uns aus der internationalen Gemeinschaft der Prozessarbeit und der ganzen Welt erreicht haben. Wie Amy Mindell sagte: \"Es ist so herzerw\u00e4rmend zu sp\u00fcren, wie Arnys Arbeit, sein Leben und sein Geist in all euren Herzen und durch die Arbeit, die jeder von euch in der Welt leistet, weiterleben und einen von Arnys tiefsten W\u00fcnschen erf\u00fcllen - die Welt zu einem besseren Ort f\u00fcr alle zu machen.&nbsp;<\/p>\n\n\n\n<p>In seinem Kern war Arny immer ein pragmatischer Forscher, der durch die Verbindung von Physik und Psychologie - und mit seiner unheimlichen F\u00e4higkeit, Prozessen zu folgen und ihnen zu vertrauen - immer nach besseren Wegen suchte, um die Welt und den menschlichen Zustand zu erleichtern. Dies f\u00fchrte ihn dazu, das Konzept und den Ansatz von Dreambody zu entwickeln, die Individualpsychologie um Gruppendynamik und Worldwork zu erweitern und vieles mehr, und er war die Inspiration und der Motor f\u00fcr ein st\u00e4ndig wachsendes internationales Netzwerk von Process Work-Praktizierenden und Ausbildungszentren auf der ganzen Welt. Die Internationale Vereinigung f\u00fcr prozessorientierte Psychologie (IAPOP) wird ihm stets zu gro\u00dfem Dank verpflichtet sein.&nbsp;<\/p>\n\n\n\n<p>Auch wenn Arny nicht mehr in seinem physischen K\u00f6rper hier ist, wissen wir, dass er immer bei uns sein wird. Wie er sagte,&nbsp;<em>\"Wir sind weder lebendig noch tot, sondern ein fortlaufender Prozess\".<\/em>&nbsp;Er ist also hier und wird uns auch in Zukunft helfen, sein reiches Erbe in die Welt zu tragen, jeder auf seine Weise.&nbsp;<\/p>\n\n\n\n<p>Danke, Arny, dass du f\u00fcr uns alle ein leuchtendes Beispiel bist.&nbsp;<\/p>\n\n\n\n<p>Wenn Sie ein Erlebnis oder eine Erinnerung an Arny mitteilen m\u00f6chten, k\u00f6nnen Sie dies auf seiner Gedenkseite tun unter&nbsp;<a href=\"https:\/\/www.online-tribute.com\/ArnoldMindell\">https:\/\/www.online-tribute.com\/ArnoldMindell<\/a>.&nbsp;<\/p>\n\n\n\n<p><\/p>\n\n\n\n<h2 class=\"wp-block-heading\">Video zum Feiern von Arny<\/h2>\n\n\n\n<p>Dieses Video wurde von Amy Mindell, der Partnerin von Arny, f\u00fcr die Online-Ehrung und Feier am 22. August 2024 erstellt. Sie werden eine Sammlung von Fotos, Liedern und Videoclips sehen, die die Sch\u00f6nheit, die Tiefe und den Geist, den Arny in die Welt gebracht hat, einfangen. Es ist eine mit viel Liebe gemachte Hommage, die Ihnen helfen soll, seine Gegenwart zu sp\u00fcren und sich an die Freude und Weisheit zu erinnern, die er mit so vielen geteilt hat. M\u00f6ge sie Ihnen W\u00e4rme, Verbundenheit und Besinnung bringen.<\/p>\n\n\n\n<figure class=\"wp-block-embed is-type-video is-provider-youtube wp-block-embed-youtube wp-embed-aspect-16-9 wp-has-aspect-ratio\"><div class=\"wp-block-embed__wrapper\">\n<iframe loading=\"lazy\" title=\"Ein Film zu Ehren und zur Feier von Arnold Mindell (Arny) f\u00fcr eine Online-Veranstaltung am 24. August 2024\" width=\"500\" height=\"281\" src=\"https:\/\/www.youtube.com\/embed\/GbqKt3mknrg?feature=oembed\" frameborder=\"0\" allow=\"accelerometer; autoplay; clipboard-write; encrypted-media; gyroscope; picture-in-picture; web-share\" referrerpolicy=\"strict-origin-when-cross-origin\" allowfullscreen><\/iframe>\n<\/div><\/figure>\n\n\n\n<h2 class=\"wp-block-heading\">Interviews<\/h2>\n\n\n\n<p>Dieses lebhafte, intime und informelle Interview mit Arny Mindell wurde im Dezember 2021 aufgezeichnet. Es ist eine umfassende Diskussion \u00fcber sein Leben und seine Arbeit als Sch\u00f6pfer der \"Prozessorientierten Psychologie\". Arny's Interview mit Cathy Bernatt wurde von Jerry Grant gefilmt, mit Liebe und Unterst\u00fctzung von Amy Mindell<\/p>\n\n\n\n<figure class=\"wp-block-embed is-type-video is-provider-youtube wp-block-embed-youtube wp-embed-aspect-16-9 wp-has-aspect-ratio\"><div class=\"wp-block-embed__wrapper\">\n<iframe loading=\"lazy\" title=\"Arnold Mindell: Autor, Lehrer, Psychologe, Tr\u00e4umer: Ein Portr\u00e4t (vollst\u00e4ndiger Film)\" width=\"500\" height=\"281\" src=\"https:\/\/www.youtube.com\/embed\/C7Ja0Hjf0MY?feature=oembed\" frameborder=\"0\" allow=\"accelerometer; autoplay; clipboard-write; encrypted-media; gyroscope; picture-in-picture; web-share\" referrerpolicy=\"strict-origin-when-cross-origin\" allowfullscreen><\/iframe>\n<\/div><\/figure>","protected":false},"excerpt":{"rendered":"<p>It is with utmost sadness that we process and grieve Arnold Mindell\u2019s passing on June 10th, 2024. Arny, our founder, began developing Process Oriented Psychology in the late 1970s. His [&hellip;]<\/p>\n","protected":false},"author":250,"featured_media":0,"parent":0,"menu_order":0,"comment_status":"closed","ping_status":"closed","template":"","meta":{"_EventAllDay":false,"_EventTimezone":"","_EventStartDate":"","_EventEndDate":"","_EventStartDateUTC":"","_EventEndDateUTC":"","_EventShowMap":false,"_EventShowMapLink":false,"_EventURL":"","_EventCost":"","_EventCostDescription":"","_EventCurrencySymbol":"","_EventCurrencyCode":"","_EventCurrencyPosition":"","_EventDateTimeSeparator":"","_EventTimeRangeSeparator":"","_EventOrganizerID":[],"_EventVenueID":[],"_OrganizerEmail":"","_OrganizerPhone":"","_OrganizerWebsite":"","_VenueAddress":"","_VenueCity":"","_VenueCountry":"","_VenueProvince":"","_VenueState":"","_VenueZip":"","_VenuePhone":"","_VenueURL":"","_VenueStateProvince":"","_VenueLat":"","_VenueLng":"","_VenueShowMap":false,"_VenueShowMapLink":false,"footnotes":""},"class_list":["post-7666","page","type-page","status-publish","hentry"],"yoast_head":"<!-- This site is optimized with the Yoast SEO plugin v27.3 - https:\/\/yoast.com\/product\/yoast-seo-wordpress\/ -->\n<title>Tribute to Arnold Mindell - IAPOP<\/title>\n<meta name=\"robots\" content=\"index, follow, max-snippet:-1, max-image-preview:large, max-video-preview:-1\" \/>\n<link rel=\"canonical\" href=\"https:\/\/iapop.com\/de\/tribute-to-arnold-mindell\/\" \/>\n<meta property=\"og:locale\" content=\"de_DE\" \/>\n<meta property=\"og:type\" content=\"article\" \/>\n<meta property=\"og:title\" content=\"Tribute to Arnold Mindell - IAPOP\" \/>\n<meta property=\"og:description\" content=\"It is with utmost sadness that we process and grieve Arnold Mindell\u2019s passing on June 10th, 2024. Arny, our founder, began developing Process Oriented Psychology in the late 1970s. His [&hellip;]\" \/>\n<meta property=\"og:url\" content=\"https:\/\/iapop.com\/de\/tribute-to-arnold-mindell\/\" \/>\n<meta property=\"og:site_name\" content=\"IAPOP\" \/>\n<meta property=\"article:publisher\" content=\"https:\/\/www.facebook.com\/processwork.iapop\" \/>\n<meta property=\"article:modified_time\" content=\"2025-07-12T11:18:58+00:00\" \/>\n<meta property=\"og:image\" content=\"https:\/\/iapop.com\/wp-content\/uploads\/2024\/07\/448826442_10160114639063027_2599602499405783343_n-2-2.avif\" \/>\n\t<meta property=\"og:image:width\" content=\"1280\" \/>\n\t<meta property=\"og:image:height\" content=\"853\" \/>\n\t<meta property=\"og:image:type\" content=\"image\/jpeg\" \/>\n<meta name=\"twitter:card\" content=\"summary_large_image\" \/>\n<meta name=\"twitter:label1\" content=\"Gesch\u00e4tzte Lesezeit\" \/>\n\t<meta name=\"twitter:data1\" content=\"3\u00a0Minuten\" \/>\n<script type=\"application\/ld+json\" class=\"yoast-schema-graph\">{\"@context\":\"https:\\\/\\\/schema.org\",\"@graph\":[{\"@type\":\"WebPage\",\"@id\":\"https:\\\/\\\/iapop.com\\\/tribute-to-arnold-mindell\\\/\",\"url\":\"https:\\\/\\\/iapop.com\\\/tribute-to-arnold-mindell\\\/\",\"name\":\"Tribute to Arnold Mindell - IAPOP\",\"isPartOf\":{\"@id\":\"http:\\\/\\\/iapop.com\\\/es\\\/#website\"},\"primaryImageOfPage\":{\"@id\":\"https:\\\/\\\/iapop.com\\\/tribute-to-arnold-mindell\\\/#primaryimage\"},\"image\":{\"@id\":\"https:\\\/\\\/iapop.com\\\/tribute-to-arnold-mindell\\\/#primaryimage\"},\"thumbnailUrl\":\"https:\\\/\\\/iapop.com\\\/wp-content\\\/uploads\\\/2024\\\/07\\\/448826442_10160114639063027_2599602499405783343_n-2-2-1030x686.webp\",\"datePublished\":\"2025-06-28T10:05:13+00:00\",\"dateModified\":\"2025-07-12T11:18:58+00:00\",\"breadcrumb\":{\"@id\":\"https:\\\/\\\/iapop.com\\\/tribute-to-arnold-mindell\\\/#breadcrumb\"},\"inLanguage\":\"de\",\"potentialAction\":[{\"@type\":\"ReadAction\",\"target\":[\"https:\\\/\\\/iapop.com\\\/tribute-to-arnold-mindell\\\/\"]}]},{\"@type\":\"ImageObject\",\"inLanguage\":\"de\",\"@id\":\"https:\\\/\\\/iapop.com\\\/tribute-to-arnold-mindell\\\/#primaryimage\",\"url\":\"https:\\\/\\\/iapop.com\\\/wp-content\\\/uploads\\\/2024\\\/07\\\/448826442_10160114639063027_2599602499405783343_n-2-2-1030x686.webp\",\"contentUrl\":\"https:\\\/\\\/iapop.com\\\/wp-content\\\/uploads\\\/2024\\\/07\\\/448826442_10160114639063027_2599602499405783343_n-2-2-1030x686.webp\"},{\"@type\":\"BreadcrumbList\",\"@id\":\"https:\\\/\\\/iapop.com\\\/tribute-to-arnold-mindell\\\/#breadcrumb\",\"itemListElement\":[{\"@type\":\"ListItem\",\"position\":1,\"name\":\"Home\",\"item\":\"https:\\\/\\\/iapop.com\\\/\"},{\"@type\":\"ListItem\",\"position\":2,\"name\":\"Tribute to Arnold Mindell\"}]},{\"@type\":\"WebSite\",\"@id\":\"http:\\\/\\\/iapop.com\\\/es\\\/#website\",\"url\":\"http:\\\/\\\/iapop.com\\\/es\\\/\",\"name\":\"IAPOP\",\"description\":\"Process Oriented Psychology\",\"publisher\":{\"@id\":\"http:\\\/\\\/iapop.com\\\/es\\\/#organization\"},\"potentialAction\":[{\"@type\":\"SearchAction\",\"target\":{\"@type\":\"EntryPoint\",\"urlTemplate\":\"http:\\\/\\\/iapop.com\\\/es\\\/?s={search_term_string}\"},\"query-input\":{\"@type\":\"PropertyValueSpecification\",\"valueRequired\":true,\"valueName\":\"search_term_string\"}}],\"inLanguage\":\"de\"},{\"@type\":\"Organization\",\"@id\":\"http:\\\/\\\/iapop.com\\\/es\\\/#organization\",\"name\":\"IAPOP\",\"url\":\"http:\\\/\\\/iapop.com\\\/es\\\/\",\"logo\":{\"@type\":\"ImageObject\",\"inLanguage\":\"de\",\"@id\":\"http:\\\/\\\/iapop.com\\\/es\\\/#\\\/schema\\\/logo\\\/image\\\/\",\"url\":\"https:\\\/\\\/iapop.com\\\/wp-content\\\/uploads\\\/2024\\\/12\\\/Logo-300x131-1.png\",\"contentUrl\":\"https:\\\/\\\/iapop.com\\\/wp-content\\\/uploads\\\/2024\\\/12\\\/Logo-300x131-1.png\",\"width\":300,\"height\":131,\"caption\":\"IAPOP\"},\"image\":{\"@id\":\"http:\\\/\\\/iapop.com\\\/es\\\/#\\\/schema\\\/logo\\\/image\\\/\"},\"sameAs\":[\"https:\\\/\\\/www.facebook.com\\\/processwork.iapop\"]}]}<\/script>\n<!-- \/ Yoast SEO plugin. -->","yoast_head_json":{"title":"Hommage an Arnold Mindell - IAPOP","robots":{"index":"index","follow":"follow","max-snippet":"max-snippet:-1","max-image-preview":"max-image-preview:large","max-video-preview":"max-video-preview:-1"},"canonical":"https:\/\/iapop.com\/de\/tribute-to-arnold-mindell\/","og_locale":"de_DE","og_type":"article","og_title":"Tribute to Arnold Mindell - IAPOP","og_description":"It is with utmost sadness that we process and grieve Arnold Mindell\u2019s passing on June 10th, 2024. Arny, our founder, began developing Process Oriented Psychology in the late 1970s. His [&hellip;]","og_url":"https:\/\/iapop.com\/de\/tribute-to-arnold-mindell\/","og_site_name":"IAPOP","article_publisher":"https:\/\/www.facebook.com\/processwork.iapop","article_modified_time":"2025-07-12T11:18:58+00:00","og_image":[{"width":1280,"height":853,"url":"https:\/\/iapop.com\/wp-content\/uploads\/2024\/07\/448826442_10160114639063027_2599602499405783343_n-2-2.avif","type":"image\/jpeg"}],"twitter_card":"summary_large_image","twitter_misc":{"Gesch\u00e4tzte Lesezeit":"3\u00a0Minuten"},"schema":{"@context":"https:\/\/schema.org","@graph":[{"@type":"WebPage","@id":"https:\/\/iapop.com\/tribute-to-arnold-mindell\/","url":"https:\/\/iapop.com\/tribute-to-arnold-mindell\/","name":"Hommage an Arnold Mindell - IAPOP","isPartOf":{"@id":"http:\/\/iapop.com\/es\/#website"},"primaryImageOfPage":{"@id":"https:\/\/iapop.com\/tribute-to-arnold-mindell\/#primaryimage"},"image":{"@id":"https:\/\/iapop.com\/tribute-to-arnold-mindell\/#primaryimage"},"thumbnailUrl":"https:\/\/iapop.com\/wp-content\/uploads\/2024\/07\/448826442_10160114639063027_2599602499405783343_n-2-2-1030x686.webp","datePublished":"2025-06-28T10:05:13+00:00","dateModified":"2025-07-12T11:18:58+00:00","breadcrumb":{"@id":"https:\/\/iapop.com\/tribute-to-arnold-mindell\/#breadcrumb"},"inLanguage":"de","potentialAction":[{"@type":"ReadAction","target":["https:\/\/iapop.com\/tribute-to-arnold-mindell\/"]}]},{"@type":"ImageObject","inLanguage":"de","@id":"https:\/\/iapop.com\/tribute-to-arnold-mindell\/#primaryimage","url":"https:\/\/iapop.com\/wp-content\/uploads\/2024\/07\/448826442_10160114639063027_2599602499405783343_n-2-2-1030x686.webp","contentUrl":"https:\/\/iapop.com\/wp-content\/uploads\/2024\/07\/448826442_10160114639063027_2599602499405783343_n-2-2-1030x686.webp"},{"@type":"BreadcrumbList","@id":"https:\/\/iapop.com\/tribute-to-arnold-mindell\/#breadcrumb","itemListElement":[{"@type":"ListItem","position":1,"name":"Home","item":"https:\/\/iapop.com\/"},{"@type":"ListItem","position":2,"name":"Tribute to Arnold Mindell"}]},{"@type":"WebSite","@id":"http:\/\/iapop.com\/es\/#website","url":"http:\/\/iapop.com\/es\/","name":"IAPOP","description":"Prozessorientierte Psychologie","publisher":{"@id":"http:\/\/iapop.com\/es\/#organization"},"potentialAction":[{"@type":"SearchAction","target":{"@type":"EntryPoint","urlTemplate":"http:\/\/iapop.com\/es\/?s={search_term_string}"},"query-input":{"@type":"PropertyValueSpecification","valueRequired":true,"valueName":"search_term_string"}}],"inLanguage":"de"},{"@type":"Organization","@id":"http:\/\/iapop.com\/es\/#organization","name":"IAPOP","url":"http:\/\/iapop.com\/es\/","logo":{"@type":"ImageObject","inLanguage":"de","@id":"http:\/\/iapop.com\/es\/#\/schema\/logo\/image\/","url":"https:\/\/iapop.com\/wp-content\/uploads\/2024\/12\/Logo-300x131-1.png","contentUrl":"https:\/\/iapop.com\/wp-content\/uploads\/2024\/12\/Logo-300x131-1.png","width":300,"height":131,"caption":"IAPOP"},"image":{"@id":"http:\/\/iapop.com\/es\/#\/schema\/logo\/image\/"},"sameAs":["https:\/\/www.facebook.com\/processwork.iapop"]}]}},"_links":{"self":[{"href":"https:\/\/iapop.com\/de\/wp-json\/wp\/v2\/pages\/7666","targetHints":{"allow":["GET"]}}],"collection":[{"href":"https:\/\/iapop.com\/de\/wp-json\/wp\/v2\/pages"}],"about":[{"href":"https:\/\/iapop.com\/de\/wp-json\/wp\/v2\/types\/page"}],"author":[{"embeddable":true,"href":"https:\/\/iapop.com\/de\/wp-json\/wp\/v2\/users\/250"}],"replies":[{"embeddable":true,"href":"https:\/\/iapop.com\/de\/wp-json\/wp\/v2\/comments?post=7666"}],"version-history":[{"count":3,"href":"https:\/\/iapop.com\/de\/wp-json\/wp\/v2\/pages\/7666\/revisions"}],"predecessor-version":[{"id":7725,"href":"https:\/\/iapop.com\/de\/wp-json\/wp\/v2\/pages\/7666\/revisions\/7725"}],"wp:attachment":[{"href":"https:\/\/iapop.com\/de\/wp-json\/wp\/v2\/media?parent=7666"}],"curies":[{"name":"wp","href":"https:\/\/api.w.org\/{rel}","templated":true}]}}