{"id":7279,"date":"2025-02-18T21:54:50","date_gmt":"2025-02-18T21:54:50","guid":{"rendered":"https:\/\/test.iapop.com\/?page_id=7279"},"modified":"2025-09-01T11:02:59","modified_gmt":"2025-09-01T10:02:59","slug":"clinical","status":"publish","type":"page","link":"https:\/\/iapop.com\/es\/clinical\/","title":{"rendered":"ProcessWork en la aplicaci\u00f3n cl\u00ednica"},"content":{"rendered":"<h1 class=\"wp-block-heading\">Ideas centrales del trabajo por procesos<\/h1>\n\n\n\n<p><a href=\"https:\/\/iapop.com\/es\/history\/\">Trabajo de proceso<\/a> fue fundado por Arnold Mindell, entonces analista junguiano, a finales de la d\u00e9cada de 1970. Su origen est\u00e1 en la observaci\u00f3n de Mindell de que los sue\u00f1os nocturnos reflejaban y se reflejaban en las experiencias som\u00e1ticas de sus clientes, sobre todo en los s\u00edntomas f\u00edsicos. Mindell generaliz\u00f3 el t\u00e9rmino \"so\u00f1ar\" para incluir cualquier aspecto de la experiencia que, aunque pudiera diferir de las visiones consensuadas de la realidad, fuera coherente con los sue\u00f1os, las fantas\u00edas y la experiencia som\u00e1tica de una persona, as\u00ed como con las se\u00f1ales no intencionadas pero significativas que forman el trasfondo de las relaciones interpersonales.<\/p>\n\n\n\n<p>La formaci\u00f3n de Mindell en f\u00edsica le anim\u00f3 a ver la experiencia tanto fenomenol\u00f3gica como simb\u00f3licamente, lo que le llev\u00f3 a aplicar <a href=\"#inf\">teor\u00eda de la informaci\u00f3n<\/a><sup><strong>1<\/strong> <\/sup>conceptos a la observaci\u00f3n de su cliente, incluidas las se\u00f1ales verbales y no verbales involuntarias, as\u00ed como las percepciones, creencias e ideas con las que la persona no se identifica.<\/p>\n\n\n\n<p>Para ayudar a sus clientes a integrar estas formas de material, Mindell a\u00f1adi\u00f3 m\u00e9todos para trabajar directamente con la experiencia no verbal a nivel corporal. Bas\u00e1ndose en patrones de conciencia encontrados en fuentes que van desde el tao\u00edsmo, el vajrayana y el chamanismo hasta la f\u00edsica moderna, Mindell desarroll\u00f3 un marco para animar a los clientes a identificarse con la experiencia a trav\u00e9s de un proceso que denomin\u00f3 \"despliegue\". Este proceso de despliegue es una deconstrucci\u00f3n de las experiencias nombradas del cliente que se basa no s\u00f3lo en material verbal e im\u00e1genes, sino tambi\u00e9n en el movimiento, la experiencia som\u00e1tica profunda, la relaci\u00f3n interpersonal y el contexto social.<\/p>\n\n\n\n<p>A principios de los a\u00f1os ochenta, junto con sus colegas de Process Work, Mindell empez\u00f3 a aplicar el marco conceptual que hab\u00eda estado utilizando con individuos, parejas y familias, a la facilitaci\u00f3n de la resoluci\u00f3n de conflictos en grandes grupos haciendo balance de la din\u00e1mica de grupo. Acu\u00f1\u00f3 el t\u00e9rmino \"Worldwork\" para describir esta nueva disciplina. A finales de los noventa, Mindell retom\u00f3 su anterior inter\u00e9s por la f\u00edsica y empez\u00f3 a explorar un marco para comprender la ra\u00edz com\u00fan de la experiencia humana que da origen a la psicolog\u00eda, por un lado, y la legalidad que subyace al funcionamiento del mundo en la f\u00edsica cu\u00e1ntica y relativista, por otro.<\/p>\n\n\n\n<h2 class=\"wp-block-heading\">Principios del trabajo por procesos<\/h2>\n\n\n\n<p>El Process Work hace hincapi\u00e9 en la conciencia, tanto del cliente como del terapeuta, m\u00e1s que en un conjunto espec\u00edfico de intervenciones. El \"proceso\" en el Process Work originalmente tom\u00f3 su nombre de varias fuentes.<\/p>\n\n\n\n<p>Uno fue el concepto de Jung del proceso de individuaci\u00f3n (en t\u00e9rminos muy generales, es el nombre que se da a los procesos por los que lo indiferenciado tiende a convertirse en individual, o a aquellos procesos por los que los componentes diferenciados tienden a convertirse en un todo m\u00e1s indivisible: el proceso por el que un cliente psicoterap\u00e9utico integra contenidos del inconsciente que se le presentan a trav\u00e9s de modalidades de sue\u00f1o, imaginaci\u00f3n, fantas\u00eda, trance, serendipia y sincronicidad, etc.).<\/p>\n\n\n\n<p>Otra proviene de la f\u00edsica, en particular de la formulaci\u00f3n de David Bohm del flujo que subyace a todos los acontecimientos. Otra proviene de la observaci\u00f3n por parte del terapeuta del flujo y reflujo de se\u00f1ales y comunicaciones entre terapeuta y cliente (v\u00e9ase Virginia Satir).<\/p>\n\n\n\n<h2 class=\"wp-block-heading\">Proceso primario y secundario<\/h2>\n\n\n\n<p>Las experiencias son de dos tipos: aqu\u00e9llas con las que el paciente se identifica y aqu\u00e9llas que experimenta como \"otras\" o ajenas a \u00e9l. Las experiencias con las que el paciente se identifica se denominan \"proceso primario\", para destacar su lugar en el primer plano de la conciencia. Las experiencias que el cliente margina como \"otras\" se denominan \"proceso secundario\", para destacar su lugar en el fondo de la conciencia. Adem\u00e1s, cuando se anima a un paciente a abrazar o identificarse con una experiencia de proceso secundario, suele mostrarse reacio o incluso incapaz de hacerlo, como si una frontera separara los procesos primarios de los secundarios. Este l\u00edmite se denomina \"borde\". Es, literalmente, el l\u00edmite de la identidad de la persona.<\/p>\n\n\n\n<h2 class=\"wp-block-heading\">Bordes de la experiencia<\/h2>\n\n\n\n<p>Los bordes pueden clasificarse seg\u00fan el origen de la identidad concreta que definen:<\/p>\n\n\n\n<h3 class=\"wp-block-heading\"><strong>Personal<\/strong><\/h3>\n\n\n\n<p>Una persona con una inteligencia superior puede proyectar una inteligencia superior en los dem\u00e1s y verse a s\u00ed misma como est\u00fapida o ignorante. Esta ventaja puede tener su origen en las primeras experiencias de la persona con la familia o la escuela.<\/p>\n\n\n\n<h3 class=\"wp-block-heading\"><strong>Familia<\/strong><\/h3>\n\n\n\n<p>Un sistema familiar puede tener un prejuicio o una norma contra un tipo concreto de experiencia, que el miembro individual de la familia debe violar para abrazar esa experiencia. Por ejemplo, una familia que se identifica a s\u00ed misma como pac\u00edfica o amistosa puede castigar o marginar el comportamiento agresivo o competitivo de un miembro concreto. Esa persona puede desarrollar un l\u00edmite hacia sus propias tendencias m\u00e1s agresivas y competitivas, proyect\u00e1ndolas en los dem\u00e1s y sinti\u00e9ndose perturbada por ellas.<\/p>\n\n\n\n<h3 class=\"wp-block-heading\"><strong>Social<\/strong><\/h3>\n\n\n\n<p>Los grupos sociales de g\u00e9nero, religiosos, \u00e9tnicos o de otro tipo suelen tener normas de comportamiento y experiencia que pueden dificultar que sus miembros expresen experiencias opuestas. Por ejemplo, un hombre que procede de una cultura que enfatiza la rudeza y la insensibilidad como rasgos masculinos deseados puede sentirse muy perturbado por sus propias tendencias suaves y sensibles. Puede proyectar estas experiencias en otros hombres, a los que ve como \"d\u00e9biles\" o quiz\u00e1 homosexuales. Este es uno de los mecanismos que impulsan la homofobia.<\/p>\n\n\n\n<h3 class=\"wp-block-heading\"><strong>Humano<\/strong><\/h3>\n\n\n\n<p>Existe un cierto rango de experiencias que se suele considerar de \"naturaleza humana\", mientras que las que quedan fuera de este rango son \"inhumanas\", \"animales\" o quiz\u00e1 \"del otro mundo\". Los individuos con tendencia a estados de conciencia fuertemente alterados y a experiencias espirituales suelen tener un punto de vista contrario a estas experiencias, pues las consideran inhumanas. Este punto de vista tambi\u00e9n est\u00e1 respaldado por la realidad social consensuada. Tales experiencias pueden dar lugar a estados extremos de conciencia, que luego se tratan por medios psiqui\u00e1tricos.<\/p>\n\n\n\n<p>El Trabajo de Procesos busca identificar los procesos primarios y secundarios del cliente, as\u00ed como los bordes que los separan. El profesional facilita el enriquecimiento de la identidad del cliente amplificando y desplegando las experiencias del proceso secundario hasta que cobran sentido -tanto a nivel cognitivo como som\u00e1tico- y pasan a formar parte del mundo experiencial del cliente.<\/p>\n\n\n\n<h2 class=\"wp-block-heading\">Democracia profunda<\/h2>\n\n\n\n<p>Democracia profunda es un concepto acu\u00f1ado y desarrollado por Arnold Mindell. La democracia profunda ofrece un marco estructural integrado para trabajar con y por la inclusi\u00f3n de experiencias, papeles y voces marginadas, a diferencia de la democracia \"cl\u00e1sica\", que se centra en el gobierno de la mayor\u00eda. La democracia profunda sugiere que todas las voces, estados de conciencia y marcos de realidad son importantes. La democracia profunda tambi\u00e9n sugiere que la informaci\u00f3n contenida en estas voces, conciencias y marcos es necesaria para comprender el proceso completo del sistema. La democracia profunda es una actitud que se centra en la conciencia de las voces centrales y marginales.<\/p>\n\n\n\n<h2 class=\"wp-block-heading\">Niveles de experiencia<\/h2>\n\n\n\n<p>Ver la experiencia como primaria-secundaria tiende a enfatizar las polaridades en la experiencia del cliente, en lugar de su unidad. En este nivel, al que Process Work se refiere como \"enso\u00f1aci\u00f3n\", la experiencia del proceso secundario se inmiscuye en el proceso primario del cliente, amenazando su integridad y apareciendo como \"problemas\" que hay que resolver.<br>Un examen m\u00e1s detenido del mundo de experiencias de un cliente revela un nivel m\u00e1s profundo, preverbal y preconceptual, que unifica experiencias que entran en conflicto en el nivel del sue\u00f1o. Arnold Mindell se ha referido a este nivel de experiencia como el nivel de la \"esencia sensible\". Trabajar con esencias sensibles puede ser muy \u00fatil para clientes que han luchado con procesos de enso\u00f1aci\u00f3n fuertemente polarizados durante muchos a\u00f1os y que han conseguido resolver sus polaridades a nivel pr\u00e1ctico, pero siguen sintiendo divisiones y tensiones en sus mundos de experiencia.<\/p>\n\n\n\n<hr class=\"wp-block-separator has-alpha-channel-opacity\" style=\"margin-top:var(--wp--preset--spacing--20);margin-bottom:var(--wp--preset--spacing--20)\"\/>\n\n\n\n<div id=\"inf\" class=\"wp-block-group is-layout-flow wp-block-group-is-layout-flow\">\n<p><strong><sup>1<\/sup> Teor\u00eda de la informaci\u00f3n<\/strong><\/p>\n\n\n\n<p>es una rama de las matem\u00e1ticas aplicadas y la ingenier\u00eda el\u00e9ctrica que se ocupa de la cuantificaci\u00f3n de la informaci\u00f3n. Hist\u00f3ricamente, la teor\u00eda de la informaci\u00f3n se desarroll\u00f3 para encontrar l\u00edmites fundamentales a la compresi\u00f3n y comunicaci\u00f3n fiable de datos\"<\/p>\n<\/div>\n\n\n\n<div id=\"amplification\" class=\"wp-block-group is-layout-flow wp-block-group-is-layout-flow\">\n<p><a href=\"https:\/\/www.facebook.com\/processwork.iapop\"><\/a><\/p>\n<\/div>\n\n\n\n<p><\/p>","protected":false},"excerpt":{"rendered":"<p>Core ideas of Process Work Process Work was founded by Arnold Mindell, then a Jungian analyst, in the late 1970s. It has its origin in Mindell\u2019s observation that nighttime dreams [&hellip;]<\/p>\n","protected":false},"author":250,"featured_media":0,"parent":0,"menu_order":0,"comment_status":"closed","ping_status":"closed","template":"","meta":{"_EventAllDay":false,"_EventTimezone":"","_EventStartDate":"","_EventEndDate":"","_EventStartDateUTC":"","_EventEndDateUTC":"","_EventShowMap":false,"_EventShowMapLink":false,"_EventURL":"","_EventCost":"","_EventCostDescription":"","_EventCurrencySymbol":"","_EventCurrencyCode":"","_EventCurrencyPosition":"","_EventDateTimeSeparator":"","_EventTimeRangeSeparator":"","_EventOrganizerID":[],"_EventVenueID":[],"_OrganizerEmail":"","_OrganizerPhone":"","_OrganizerWebsite":"","_VenueAddress":"","_VenueCity":"","_VenueCountry":"","_VenueProvince":"","_VenueState":"","_VenueZip":"","_VenuePhone":"","_VenueURL":"","_VenueStateProvince":"","_VenueLat":"","_VenueLng":"","_VenueShowMap":false,"_VenueShowMapLink":false,"footnotes":""},"class_list":["post-7279","page","type-page","status-publish","hentry"],"yoast_head":"<!-- This site is optimized with the Yoast SEO plugin v27.3 - https:\/\/yoast.com\/product\/yoast-seo-wordpress\/ -->\n<title>ProcessWork in Clinical Application - IAPOP<\/title>\n<meta name=\"robots\" content=\"index, follow, max-snippet:-1, max-image-preview:large, max-video-preview:-1\" \/>\n<link rel=\"canonical\" href=\"https:\/\/iapop.com\/es\/clinical\/\" \/>\n<meta property=\"og:locale\" content=\"es_ES\" \/>\n<meta property=\"og:type\" content=\"article\" \/>\n<meta property=\"og:title\" content=\"ProcessWork in Clinical Application - IAPOP\" \/>\n<meta property=\"og:description\" content=\"Core ideas of Process Work Process Work was founded by Arnold Mindell, then a Jungian analyst, in the late 1970s. It has its origin in Mindell\u2019s observation that nighttime dreams [&hellip;]\" \/>\n<meta property=\"og:url\" content=\"https:\/\/iapop.com\/es\/clinical\/\" \/>\n<meta property=\"og:site_name\" content=\"IAPOP\" \/>\n<meta property=\"article:publisher\" content=\"https:\/\/www.facebook.com\/processwork.iapop\" \/>\n<meta property=\"article:modified_time\" content=\"2025-09-01T10:02:59+00:00\" \/>\n<meta name=\"twitter:card\" content=\"summary_large_image\" \/>\n<meta name=\"twitter:label1\" content=\"Tiempo de lectura\" \/>\n\t<meta name=\"twitter:data1\" content=\"6 minutos\" \/>\n<script type=\"application\/ld+json\" class=\"yoast-schema-graph\">{\"@context\":\"https:\\\/\\\/schema.org\",\"@graph\":[{\"@type\":\"WebPage\",\"@id\":\"https:\\\/\\\/iapop.com\\\/clinical\\\/\",\"url\":\"https:\\\/\\\/iapop.com\\\/clinical\\\/\",\"name\":\"ProcessWork in Clinical Application - IAPOP\",\"isPartOf\":{\"@id\":\"http:\\\/\\\/iapop.com\\\/es\\\/#website\"},\"datePublished\":\"2025-02-18T21:54:50+00:00\",\"dateModified\":\"2025-09-01T10:02:59+00:00\",\"breadcrumb\":{\"@id\":\"https:\\\/\\\/iapop.com\\\/clinical\\\/#breadcrumb\"},\"inLanguage\":\"es\",\"potentialAction\":[{\"@type\":\"ReadAction\",\"target\":[\"https:\\\/\\\/iapop.com\\\/clinical\\\/\"]}]},{\"@type\":\"BreadcrumbList\",\"@id\":\"https:\\\/\\\/iapop.com\\\/clinical\\\/#breadcrumb\",\"itemListElement\":[{\"@type\":\"ListItem\",\"position\":1,\"name\":\"Home\",\"item\":\"https:\\\/\\\/iapop.com\\\/\"},{\"@type\":\"ListItem\",\"position\":2,\"name\":\"ProcessWork in Clinical Application\"}]},{\"@type\":\"WebSite\",\"@id\":\"http:\\\/\\\/iapop.com\\\/es\\\/#website\",\"url\":\"http:\\\/\\\/iapop.com\\\/es\\\/\",\"name\":\"IAPOP\",\"description\":\"Process Oriented Psychology\",\"publisher\":{\"@id\":\"http:\\\/\\\/iapop.com\\\/es\\\/#organization\"},\"potentialAction\":[{\"@type\":\"SearchAction\",\"target\":{\"@type\":\"EntryPoint\",\"urlTemplate\":\"http:\\\/\\\/iapop.com\\\/es\\\/?s={search_term_string}\"},\"query-input\":{\"@type\":\"PropertyValueSpecification\",\"valueRequired\":true,\"valueName\":\"search_term_string\"}}],\"inLanguage\":\"es\"},{\"@type\":\"Organization\",\"@id\":\"http:\\\/\\\/iapop.com\\\/es\\\/#organization\",\"name\":\"IAPOP\",\"url\":\"http:\\\/\\\/iapop.com\\\/es\\\/\",\"logo\":{\"@type\":\"ImageObject\",\"inLanguage\":\"es\",\"@id\":\"http:\\\/\\\/iapop.com\\\/es\\\/#\\\/schema\\\/logo\\\/image\\\/\",\"url\":\"https:\\\/\\\/iapop.com\\\/wp-content\\\/uploads\\\/2024\\\/12\\\/Logo-300x131-1.png\",\"contentUrl\":\"https:\\\/\\\/iapop.com\\\/wp-content\\\/uploads\\\/2024\\\/12\\\/Logo-300x131-1.png\",\"width\":300,\"height\":131,\"caption\":\"IAPOP\"},\"image\":{\"@id\":\"http:\\\/\\\/iapop.com\\\/es\\\/#\\\/schema\\\/logo\\\/image\\\/\"},\"sameAs\":[\"https:\\\/\\\/www.facebook.com\\\/processwork.iapop\"]}]}<\/script>\n<!-- \/ Yoast SEO plugin. -->","yoast_head_json":{"title":"ProcessWork en la aplicaci\u00f3n cl\u00ednica - IAPOP","robots":{"index":"index","follow":"follow","max-snippet":"max-snippet:-1","max-image-preview":"max-image-preview:large","max-video-preview":"max-video-preview:-1"},"canonical":"https:\/\/iapop.com\/es\/clinical\/","og_locale":"es_ES","og_type":"article","og_title":"ProcessWork in Clinical Application - IAPOP","og_description":"Core ideas of Process Work Process Work was founded by Arnold Mindell, then a Jungian analyst, in the late 1970s. It has its origin in Mindell\u2019s observation that nighttime dreams [&hellip;]","og_url":"https:\/\/iapop.com\/es\/clinical\/","og_site_name":"IAPOP","article_publisher":"https:\/\/www.facebook.com\/processwork.iapop","article_modified_time":"2025-09-01T10:02:59+00:00","twitter_card":"summary_large_image","twitter_misc":{"Tiempo de lectura":"6 minutos"},"schema":{"@context":"https:\/\/schema.org","@graph":[{"@type":"WebPage","@id":"https:\/\/iapop.com\/clinical\/","url":"https:\/\/iapop.com\/clinical\/","name":"ProcessWork en la aplicaci\u00f3n cl\u00ednica - IAPOP","isPartOf":{"@id":"http:\/\/iapop.com\/es\/#website"},"datePublished":"2025-02-18T21:54:50+00:00","dateModified":"2025-09-01T10:02:59+00:00","breadcrumb":{"@id":"https:\/\/iapop.com\/clinical\/#breadcrumb"},"inLanguage":"es","potentialAction":[{"@type":"ReadAction","target":["https:\/\/iapop.com\/clinical\/"]}]},{"@type":"BreadcrumbList","@id":"https:\/\/iapop.com\/clinical\/#breadcrumb","itemListElement":[{"@type":"ListItem","position":1,"name":"Home","item":"https:\/\/iapop.com\/"},{"@type":"ListItem","position":2,"name":"ProcessWork in Clinical Application"}]},{"@type":"WebSite","@id":"http:\/\/iapop.com\/es\/#website","url":"http:\/\/iapop.com\/es\/","name":"IAPOP","description":"Psicolog\u00eda orientada a los procesos","publisher":{"@id":"http:\/\/iapop.com\/es\/#organization"},"potentialAction":[{"@type":"SearchAction","target":{"@type":"EntryPoint","urlTemplate":"http:\/\/iapop.com\/es\/?s={search_term_string}"},"query-input":{"@type":"PropertyValueSpecification","valueRequired":true,"valueName":"search_term_string"}}],"inLanguage":"es"},{"@type":"Organization","@id":"http:\/\/iapop.com\/es\/#organization","name":"IAPOP","url":"http:\/\/iapop.com\/es\/","logo":{"@type":"ImageObject","inLanguage":"es","@id":"http:\/\/iapop.com\/es\/#\/schema\/logo\/image\/","url":"https:\/\/iapop.com\/wp-content\/uploads\/2024\/12\/Logo-300x131-1.png","contentUrl":"https:\/\/iapop.com\/wp-content\/uploads\/2024\/12\/Logo-300x131-1.png","width":300,"height":131,"caption":"IAPOP"},"image":{"@id":"http:\/\/iapop.com\/es\/#\/schema\/logo\/image\/"},"sameAs":["https:\/\/www.facebook.com\/processwork.iapop"]}]}},"_links":{"self":[{"href":"https:\/\/iapop.com\/es\/wp-json\/wp\/v2\/pages\/7279","targetHints":{"allow":["GET"]}}],"collection":[{"href":"https:\/\/iapop.com\/es\/wp-json\/wp\/v2\/pages"}],"about":[{"href":"https:\/\/iapop.com\/es\/wp-json\/wp\/v2\/types\/page"}],"author":[{"embeddable":true,"href":"https:\/\/iapop.com\/es\/wp-json\/wp\/v2\/users\/250"}],"replies":[{"embeddable":true,"href":"https:\/\/iapop.com\/es\/wp-json\/wp\/v2\/comments?post=7279"}],"version-history":[{"count":2,"href":"https:\/\/iapop.com\/es\/wp-json\/wp\/v2\/pages\/7279\/revisions"}],"predecessor-version":[{"id":7879,"href":"https:\/\/iapop.com\/es\/wp-json\/wp\/v2\/pages\/7279\/revisions\/7879"}],"wp:attachment":[{"href":"https:\/\/iapop.com\/es\/wp-json\/wp\/v2\/media?parent=7279"}],"curies":[{"name":"wp","href":"https:\/\/api.w.org\/{rel}","templated":true}]}}