{"id":7297,"date":"2025-02-19T16:49:48","date_gmt":"2025-02-19T16:49:48","guid":{"rendered":"https:\/\/test.iapop.com\/?page_id=7297"},"modified":"2025-03-16T13:57:03","modified_gmt":"2025-03-16T13:57:03","slug":"worldwork","status":"publish","type":"page","link":"https:\/\/iapop.com\/es\/worldwork\/","title":{"rendered":"Worldwork"},"content":{"rendered":"<h1 class=\"wp-block-heading\">Worldwork <mark style=\"background-color:rgba(0, 0, 0, 0)\" class=\"has-inline-color has-brand-primary-color\">&amp;<\/mark> Democracia profunda<\/h1>\n\n\n\n<div class=\"wp-block-group has-gray-base-color has-brand-primary-lighter-3-background-color has-text-color has-background is-layout-flow wp-block-group-is-layout-flow\">\n<p><a href=\"http:\/\/worldwork.org\" target=\"_blank\" rel=\"noreferrer noopener nofollow\">Worldwork<\/a> es un m\u00e9todo revolucionario y transformador de trabajar con procesos grupales y comunitarios para crear un cambio sostenible. Este enfoque puede abordar problemas tanto en grupos peque\u00f1os como grandes y se ha aplicado a \u00e1mbitos como la construcci\u00f3n de comunidades, el desarrollo organizativo, la concienciaci\u00f3n sobre la diversidad en escuelas y universidades, la formaci\u00f3n policial y las situaciones de conflicto grave.<\/p>\n\n\n\n<p>La pr\u00e1ctica y la filosof\u00eda del Worldwork combinan aspectos de muchas disciplinas, como la f\u00edsica, la psicolog\u00eda, las tradiciones espirituales y el arte. Se trata de un enfoque interdisciplinar que, como su fundador <a href=\"https:\/\/www.aamindell.net\/\" target=\"_blank\" rel=\"noreferrer noopener nofollow\">Arnold Mindell<\/a> afirma, ayuda a conectar \"las experiencias transpersonales con la realidad mundana, el servicio espiritual y la actividad pol\u00edtica, el desinter\u00e9s oriental y el racionalismo occidental, el trabajo on\u00edrico y el corporal\".<\/p>\n<\/div>\n\n\n\n<div style=\"height:20px\" aria-hidden=\"true\" class=\"wp-block-spacer\"><\/div>\n\n\n\n<h2 class=\"wp-block-heading\">DEMOCRACIA PROFUNDA<\/h2>\n\n\n\n<p>La filosof\u00eda y la metodolog\u00eda de Worldwork son fundamentales. <a href=\"https:\/\/iapop.com\/es\/deep-democracy\/\">Democracia profunda<\/a>Una conciencia que va m\u00e1s all\u00e1 del concepto de poder y que reconoce que todos los niveles, capas y aspectos de la \"realidad\" son necesarios para la totalidad. Como la mayor\u00eda sabe, la democracia se basa en el poder ciudadano, es decir, \"demo-kratie\" en griego, y es claramente un paso m\u00e1s en la conciencia m\u00e1s all\u00e1 de la dictadura. Pero aunque la democracia es un paso, no siempre funciona bien en el sentido de reducir los conflictos violentos porque, aunque ense\u00f1a a compartir el poder, no ense\u00f1a sobre la relaci\u00f3n, que va m\u00e1s all\u00e1 del poder. El siguiente paso m\u00e1s all\u00e1 del poder es desarrollar un contacto m\u00e1s sostenible con los dem\u00e1s y la capacidad de trabajar unos con otros.<\/p>\n\n\n\n<div class=\"wp-block-group is-layout-grid wp-container-core-group-is-layout-8acdea75 wp-block-group-is-layout-grid\">\n<div class=\"wp-block-group has-white-background-color has-background is-layout-flow wp-block-group-is-layout-flow\">\n<h3 class=\"wp-block-heading\"><strong>FILOSOF\u00cdA<\/strong><\/h3>\n\n\n\n<p>El aspecto filos\u00f3fico reconoce que todo grupo tiene una realidad consensuada (es decir, un conjunto de suposiciones, creencias y percepciones que la mayor\u00eda considera reales, cuestiones de rango y poder, hechos, historia, etc.), as\u00ed como otra realidad o dimensi\u00f3n on\u00edrica que normalmente no se ve, pero que est\u00e1 detr\u00e1s de la realidad consensuada conocida. Esta dimensi\u00f3n on\u00edrica incluye la complejidad de sentimientos y sue\u00f1os profundos ocultos en formas de comunicaci\u00f3n m\u00e1s evidentes. La facilitaci\u00f3n de grupos tradicional tiende a centrarse \u00fanicamente en la realidad consensuada -aquella que el grupo identifica y consiente como real-, pasando por alto otros aspectos importantes de la comunicaci\u00f3n.&nbsp;<\/p>\n<\/div>\n\n\n\n<div class=\"wp-block-group has-white-background-color has-background is-layout-flow wp-block-group-is-layout-flow\">\n<h3 class=\"wp-block-heading\"><strong><strong>METODOLOG\u00cdA<\/strong><\/strong><\/h3>\n\n\n\n<p>El m\u00e9todo de la Democracia Profunda invita a un facilitador formado a utilizar su conciencia para notar, valorar y seguir a todas las personas y partes de un grupo determinado en la realidad consensuada, as\u00ed como a notar y valorar las expresiones y sentimientos m\u00e1s on\u00edricos de un grupo. De este modo, la Democracia Profunda nos trae el poder y la atenci\u00f3n a nosotros, el pueblo, como en la democracia ordinaria, y al mismo tiempo aumenta nuestro poder de conciencia para notar y fluir con los diversos niveles de conciencia que surgen en la comunicaci\u00f3n. S\u00f3lo cuando se reconocen todas las dimensiones de la realidad emerge la sabidur\u00eda del grupo.<\/p>\n<\/div>\n<\/div>\n\n\n\n<div class=\"wp-block-group has-white-background-color has-background is-layout-flow wp-block-group-is-layout-flow\">\n<figure class=\"wp-block-image aligncenter size-full\"><img loading=\"lazy\" decoding=\"async\" width=\"640\" height=\"360\" src=\"https:\/\/iapop.com\/wp-content\/uploads\/2023\/04\/worldwork3.avif\" alt=\"\" class=\"wp-image-5962\" srcset=\"https:\/\/iapop.com\/wp-content\/uploads\/2023\/04\/worldwork3.avif 640w, https:\/\/iapop.com\/wp-content\/uploads\/2023\/04\/worldwork3-300x169.avif 300w, https:\/\/iapop.com\/wp-content\/uploads\/2023\/04\/worldwork3-18x10.avif 18w\" sizes=\"auto, (max-width: 640px) 100vw, 640px\" \/><\/figure>\n<\/div>\n\n\n\n<div style=\"height:20px\" aria-hidden=\"true\" class=\"wp-block-spacer\"><\/div>\n\n\n\n<h2 class=\"wp-block-heading\">UN MODELO DE CONCIENCIACI\u00d3N MULTINIVEL PARA LA ACCI\u00d3N MUNDIAL<\/h2>\n\n\n\n<p>Worldwork, como todos los <a href=\"https:\/\/iapop.com\/es\/history\/\">Procesamiento<\/a>se basa en la idea de que el proceso de cada individuo, relaci\u00f3n e interacci\u00f3n de grupo contiene su propia sabidur\u00eda inherente. Cuando un facilitador individual o un equipo est\u00e1n capacitados para utilizar su conciencia para seguir y desplegar el proceso \u00fanico de cada persona o comunidad, esa sabidur\u00eda se revela m\u00e1s plenamente. Incluso en los conflictos m\u00e1s intratables, hay una profundidad de significado y sabidur\u00eda, oculta en lo que de otro modo podr\u00edan parecer acontecimientos intolerables.<\/p>\n\n\n\n<p>Todo grupo, comunidad o naci\u00f3n tiene una \"realidad consensuada\": la visi\u00f3n del mundo que define como real y que la mayor\u00eda de la gente acepta como tal. Adem\u00e1s, existe una \"Realidad So\u00f1ada\" que impregna la vida del grupo pero sobre la que la gente no suele estar de acuerdo. Este reino on\u00edrico est\u00e1 formado por todos los sentimientos, esperanzas, visiones, sue\u00f1os, se\u00f1ales corporales, roles y esp\u00edritus de fondo que impregnan e influyen fuertemente en la atm\u00f3sfera de un grupo, pero en los que rara vez se centra la atenci\u00f3n de forma consciente.&nbsp;<\/p>\n\n\n\n<p>Worldwork considera ambas realidades como dos caras cruciales de una moneda que giran una y otra vez en el transcurso de cualquier proceso comunitario. De hecho, estas realidades no est\u00e1n separadas, sino imbricadas la una en la otra. Ninguna de las dos realidades basta por s\u00ed sola para hacer frente a las tensiones grupales y al cambio social; ambas son necesarias. Cuando utilizamos la conciencia para seguir el flujo del cambio y la interacci\u00f3n a medida que serpentea a trav\u00e9s de los debates consensuados y el trasfondo enso\u00f1ador de la vida comunitaria, las cuestiones se profundizan y pueden encontrarse resoluciones potencialmente nuevas y sostenibles. De este modo, el Worldwork contribuye a sanar la divisi\u00f3n hist\u00f3rica entre estos dos mundos aparentemente dispares.<\/p>\n\n\n\n<div style=\"height:20px\" aria-hidden=\"true\" class=\"wp-block-spacer\"><\/div>\n\n\n\n<h2 class=\"wp-block-heading\">CONCIENCIA A NIVEL META<\/h2>\n\n\n\n<p>Adem\u00e1s de las habilidades de facilitaci\u00f3n de grupos generalmente reconocidas, la concienciaci\u00f3n de Worldwork requiere el acceso a otro nivel de concienciaci\u00f3n, la <a href=\"https:\/\/iapop.com\/es\/glossary\/\">Proceso Mente<\/a>. Se trata de un poder de interconexi\u00f3n similar a un campo de fuerza, an\u00e1logo al magnetismo o la gravedad, que organiza la experiencia y da origen a todo lo que hay en ella: una inteligencia organizadora. Como explica Arnold Mindell, creador de Worldwork: \"No creo que necesitemos l\u00edderes m\u00e1s poderosos. Lo que este planeta necesita son creadores de equipos: individuos con una habilidad blanda -acceso a la Mente Procesadora- que puedan ayudarnos a todos a trabajar juntos relacion\u00e1ndonos m\u00e1s profundamente entre nosotros y con todas las partes del sistema. Imag\u00ednate co-crear equipos no s\u00f3lo con tu c\u00edrculo de amigos, sino con individuos, grupos y naciones a los que no les gustas ni t\u00fa ni los dem\u00e1s. Necesitamos personas que est\u00e9n tan unidas al n\u00facleo de la Tierra como lo est\u00e1n a las personas, los animales y las plantas: personas que puedan trabajar con relaciones a todos los niveles.\"<\/p>\n\n\n\n<p>Normalmente, la facilitaci\u00f3n se centra en las soluciones y el cambio del sistema social. Pero las relaciones sostenibles son tanto o m\u00e1s importantes. Para conseguir este tipo de relaciones, algunos de nosotros tenemos que aprender a facilitar y a ser ancianos que puedan sentir m\u00e1s profundamente los distintos lados, y los distintos papeles dentro de s\u00ed mismos y fuera en los procesos de grupo. Estos ancianos pueden convertir los conflictos en relaciones fluidas y creativas en las que las personas se entiendan y trabajen juntas.<\/p>\n\n\n\n<div class=\"wp-block-group has-white-background-color has-background is-layout-flow wp-block-group-is-layout-flow\">\n<figure class=\"wp-block-image aligncenter size-full\"><img loading=\"lazy\" decoding=\"async\" width=\"640\" height=\"480\" src=\"https:\/\/iapop.com\/wp-content\/uploads\/2023\/04\/worldwork2.avif\" alt=\"\" class=\"wp-image-5944\" srcset=\"https:\/\/iapop.com\/wp-content\/uploads\/2023\/04\/worldwork2.avif 640w, https:\/\/iapop.com\/wp-content\/uploads\/2023\/04\/worldwork2-300x225.avif 300w, https:\/\/iapop.com\/wp-content\/uploads\/2023\/04\/worldwork2-16x12.avif 16w\" sizes=\"auto, (max-width: 640px) 100vw, 640px\" \/><\/figure>\n<\/div>\n\n\n\n<div style=\"height:20px\" aria-hidden=\"true\" class=\"wp-block-spacer\"><\/div>\n\n\n\n<h2 class=\"wp-block-heading\">EL PAPEL DEL ANCIANO<\/h2>\n\n\n\n<p>Las noticias est\u00e1n llenas de polaridades definidas por nuestra realidad consensuada actual, que depende de la cultura, el pueblo y el pa\u00eds. As\u00ed, los oponentes externos pueden ser un pa\u00eds contra otro, o un pueblo contra otro. Lo que no es tan obvio, es que siempre hay unas pocas personas que son capaces de sentir en todos los lados. Y lo que tampoco es tan obvio es que los conflictos actuales se basan en cierta medida en cuestiones hist\u00f3ricas no resueltas y no discutidas, que la gente prefiere olvidar en lugar de procesar. Esto es comprensible, todo el mundo quiere evitar el dolor, pero necesitamos algo m\u00e1s que esta evitaci\u00f3n.<\/p>\n\n\n\n<p>El estado del mundo es un \"estado\", es decir, una imagen congelada, que se supone que se basa en lo que un grupo considera que son los \"buenos\" o los \"malos\", por as\u00ed decirlo. Sin embargo, cuando empezamos a procesar las cosas dentro de nosotros mismos o en organizaciones o grupos, de repente la gente se da cuenta, de que a menudo no s\u00f3lo est\u00e1n congelados, sino que en silencio se sienten un poco como el otro lado.&nbsp;<\/p>\n\n\n\n<div style=\"height:20px\" aria-hidden=\"true\" class=\"wp-block-spacer\"><\/div>\n\n\n\n<h2 class=\"wp-block-heading\">FASES DE FLUIDEZ<\/h2>\n\n\n\n<p>En Worldwork, los procesos de grupo evolucionan por fases. Reconocer estas fases como una expresi\u00f3n del campo a medida que se desplaza y cambia profundiza la comprensi\u00f3n del estado actual del grupo y ayuda a clarificar qu\u00e9 intervenciones podr\u00edan ser m\u00e1s \u00fatiles durante los distintos aspectos del proceso<strong>. <\/strong>Cuando alguien se da cuenta de esto como facilitador, a veces puede cambiar de papel y volverse m\u00e1s fluido, y ayudar a crear una comunidad m\u00e1s consciente. Cuando esto sucede, la fluidez permite soluciones y relaciones que van m\u00e1s all\u00e1 de cualquier resoluci\u00f3n. Para m\u00e1s informaci\u00f3n sobre las fases del proceso, v\u00e9ase el libro de Arnold Mindell, <a href=\"https:\/\/www.amazon.com\/Conflict-Phases-Solutions-Organizations-Governments\/dp\/1540770443\/ref=sr_1_1?ie=UTF8&amp;qid=1499723495&amp;sr=8-1&amp;keywords=Mindell+Conflict\">Conflictos: Fases, Foros y Soluciones: Para Nuestros Sue\u00f1os y Nuestro Cuerpo, Organizaciones, Gobiernos y Planeta<\/a><\/p>\n\n\n\n<div class=\"wp-block-group has-white-background-color has-background is-layout-flow wp-block-group-is-layout-flow\">\n<figure class=\"wp-block-image aligncenter size-full\"><img loading=\"lazy\" decoding=\"async\" width=\"640\" height=\"427\" src=\"https:\/\/iapop.com\/wp-content\/uploads\/2023\/04\/worldwork1.avif\" alt=\"\" class=\"wp-image-5924\" srcset=\"https:\/\/iapop.com\/wp-content\/uploads\/2023\/04\/worldwork1.avif 640w, https:\/\/iapop.com\/wp-content\/uploads\/2023\/04\/worldwork1-300x200.avif 300w, https:\/\/iapop.com\/wp-content\/uploads\/2023\/04\/worldwork1-18x12.avif 18w\" sizes=\"auto, (max-width: 640px) 100vw, 640px\" \/><\/figure>\n<\/div>\n\n\n\n<div style=\"height:20px\" aria-hidden=\"true\" class=\"wp-block-spacer\"><\/div>\n\n\n\n<div class=\"wp-block-group has-gray-lighter-5-background-color has-background is-layout-flow wp-block-group-is-layout-flow\">\n<p class=\"has-medium-font-size\">Profundice en Worldwork <a href=\"http:\/\/worldwork.org\/\" target=\"_blank\" rel=\"noreferrer noopener nofollow\">aqu\u00ed<\/a>&nbsp;<\/p>\n\n\n\n<p>Este resumen ha sido investigado, redactado y editado por H\u00e9l\u00e8ne Ramos y Lili Vassiliou.<\/p>\n\n\n\n<p><\/p>\n<\/div>","protected":false},"excerpt":{"rendered":"<p>Worldwork &amp; Deep Democracy Worldwork is a revolutionary and transformative method of working with group and community processes to create sustainable change. This approach can address issues in both small [&hellip;]<\/p>\n","protected":false},"author":250,"featured_media":0,"parent":0,"menu_order":0,"comment_status":"closed","ping_status":"closed","template":"","meta":{"_EventAllDay":false,"_EventTimezone":"","_EventStartDate":"","_EventEndDate":"","_EventStartDateUTC":"","_EventEndDateUTC":"","_EventShowMap":false,"_EventShowMapLink":false,"_EventURL":"","_EventCost":"","_EventCostDescription":"","_EventCurrencySymbol":"","_EventCurrencyCode":"","_EventCurrencyPosition":"","_EventDateTimeSeparator":"","_EventTimeRangeSeparator":"","_EventOrganizerID":[],"_EventVenueID":[],"_OrganizerEmail":"","_OrganizerPhone":"","_OrganizerWebsite":"","_VenueAddress":"","_VenueCity":"","_VenueCountry":"","_VenueProvince":"","_VenueState":"","_VenueZip":"","_VenuePhone":"","_VenueURL":"","_VenueStateProvince":"","_VenueLat":"","_VenueLng":"","_VenueShowMap":false,"_VenueShowMapLink":false,"footnotes":""},"class_list":["post-7297","page","type-page","status-publish","hentry"],"yoast_head":"<!-- This site is optimized with the Yoast SEO plugin v27.3 - https:\/\/yoast.com\/product\/yoast-seo-wordpress\/ -->\n<title>Worldwork - IAPOP<\/title>\n<meta name=\"robots\" content=\"index, follow, max-snippet:-1, max-image-preview:large, max-video-preview:-1\" \/>\n<link rel=\"canonical\" href=\"https:\/\/iapop.com\/es\/worldwork\/\" \/>\n<meta property=\"og:locale\" content=\"es_ES\" \/>\n<meta property=\"og:type\" content=\"article\" \/>\n<meta property=\"og:title\" content=\"Worldwork - IAPOP\" \/>\n<meta property=\"og:description\" content=\"Worldwork &amp; Deep Democracy Worldwork is a revolutionary and transformative method of working with group and community processes to create sustainable change. This approach can address issues in both small [&hellip;]\" \/>\n<meta property=\"og:url\" content=\"https:\/\/iapop.com\/es\/worldwork\/\" \/>\n<meta property=\"og:site_name\" content=\"IAPOP\" \/>\n<meta property=\"article:publisher\" content=\"https:\/\/www.facebook.com\/processwork.iapop\" \/>\n<meta property=\"article:modified_time\" content=\"2025-03-16T13:57:03+00:00\" \/>\n<meta property=\"og:image\" content=\"https:\/\/iapop.com\/wp-content\/uploads\/2023\/04\/worldwork3.avif\" \/>\n\t<meta property=\"og:image:width\" content=\"640\" \/>\n\t<meta property=\"og:image:height\" content=\"360\" \/>\n\t<meta property=\"og:image:type\" content=\"image\/jpeg\" \/>\n<meta name=\"twitter:card\" content=\"summary_large_image\" \/>\n<meta name=\"twitter:label1\" content=\"Tiempo de lectura\" \/>\n\t<meta name=\"twitter:data1\" content=\"7 minutos\" \/>\n<script type=\"application\/ld+json\" class=\"yoast-schema-graph\">{\"@context\":\"https:\\\/\\\/schema.org\",\"@graph\":[{\"@type\":\"WebPage\",\"@id\":\"https:\\\/\\\/iapop.com\\\/worldwork\\\/\",\"url\":\"https:\\\/\\\/iapop.com\\\/worldwork\\\/\",\"name\":\"Worldwork - IAPOP\",\"isPartOf\":{\"@id\":\"http:\\\/\\\/iapop.com\\\/es\\\/#website\"},\"primaryImageOfPage\":{\"@id\":\"https:\\\/\\\/iapop.com\\\/worldwork\\\/#primaryimage\"},\"image\":{\"@id\":\"https:\\\/\\\/iapop.com\\\/worldwork\\\/#primaryimage\"},\"thumbnailUrl\":\"https:\\\/\\\/iapop.com\\\/wp-content\\\/uploads\\\/2023\\\/04\\\/worldwork3.avif\",\"datePublished\":\"2025-02-19T16:49:48+00:00\",\"dateModified\":\"2025-03-16T13:57:03+00:00\",\"breadcrumb\":{\"@id\":\"https:\\\/\\\/iapop.com\\\/worldwork\\\/#breadcrumb\"},\"inLanguage\":\"es\",\"potentialAction\":[{\"@type\":\"ReadAction\",\"target\":[\"https:\\\/\\\/iapop.com\\\/worldwork\\\/\"]}]},{\"@type\":\"ImageObject\",\"inLanguage\":\"es\",\"@id\":\"https:\\\/\\\/iapop.com\\\/worldwork\\\/#primaryimage\",\"url\":\"https:\\\/\\\/iapop.com\\\/wp-content\\\/uploads\\\/2023\\\/04\\\/worldwork3.avif\",\"contentUrl\":\"https:\\\/\\\/iapop.com\\\/wp-content\\\/uploads\\\/2023\\\/04\\\/worldwork3.avif\"},{\"@type\":\"BreadcrumbList\",\"@id\":\"https:\\\/\\\/iapop.com\\\/worldwork\\\/#breadcrumb\",\"itemListElement\":[{\"@type\":\"ListItem\",\"position\":1,\"name\":\"Home\",\"item\":\"https:\\\/\\\/iapop.com\\\/\"},{\"@type\":\"ListItem\",\"position\":2,\"name\":\"Worldwork\"}]},{\"@type\":\"WebSite\",\"@id\":\"http:\\\/\\\/iapop.com\\\/es\\\/#website\",\"url\":\"http:\\\/\\\/iapop.com\\\/es\\\/\",\"name\":\"IAPOP\",\"description\":\"Process Oriented Psychology\",\"publisher\":{\"@id\":\"http:\\\/\\\/iapop.com\\\/es\\\/#organization\"},\"potentialAction\":[{\"@type\":\"SearchAction\",\"target\":{\"@type\":\"EntryPoint\",\"urlTemplate\":\"http:\\\/\\\/iapop.com\\\/es\\\/?s={search_term_string}\"},\"query-input\":{\"@type\":\"PropertyValueSpecification\",\"valueRequired\":true,\"valueName\":\"search_term_string\"}}],\"inLanguage\":\"es\"},{\"@type\":\"Organization\",\"@id\":\"http:\\\/\\\/iapop.com\\\/es\\\/#organization\",\"name\":\"IAPOP\",\"url\":\"http:\\\/\\\/iapop.com\\\/es\\\/\",\"logo\":{\"@type\":\"ImageObject\",\"inLanguage\":\"es\",\"@id\":\"http:\\\/\\\/iapop.com\\\/es\\\/#\\\/schema\\\/logo\\\/image\\\/\",\"url\":\"https:\\\/\\\/iapop.com\\\/wp-content\\\/uploads\\\/2024\\\/12\\\/Logo-300x131-1.png\",\"contentUrl\":\"https:\\\/\\\/iapop.com\\\/wp-content\\\/uploads\\\/2024\\\/12\\\/Logo-300x131-1.png\",\"width\":300,\"height\":131,\"caption\":\"IAPOP\"},\"image\":{\"@id\":\"http:\\\/\\\/iapop.com\\\/es\\\/#\\\/schema\\\/logo\\\/image\\\/\"},\"sameAs\":[\"https:\\\/\\\/www.facebook.com\\\/processwork.iapop\"]}]}<\/script>\n<!-- \/ Yoast SEO plugin. -->","yoast_head_json":{"title":"Worldwork - IAPOP","robots":{"index":"index","follow":"follow","max-snippet":"max-snippet:-1","max-image-preview":"max-image-preview:large","max-video-preview":"max-video-preview:-1"},"canonical":"https:\/\/iapop.com\/es\/worldwork\/","og_locale":"es_ES","og_type":"article","og_title":"Worldwork - IAPOP","og_description":"Worldwork &amp; Deep Democracy Worldwork is a revolutionary and transformative method of working with group and community processes to create sustainable change. This approach can address issues in both small [&hellip;]","og_url":"https:\/\/iapop.com\/es\/worldwork\/","og_site_name":"IAPOP","article_publisher":"https:\/\/www.facebook.com\/processwork.iapop","article_modified_time":"2025-03-16T13:57:03+00:00","og_image":[{"width":640,"height":360,"url":"https:\/\/iapop.com\/wp-content\/uploads\/2023\/04\/worldwork3.avif","type":"image\/jpeg"}],"twitter_card":"summary_large_image","twitter_misc":{"Tiempo de lectura":"7 minutos"},"schema":{"@context":"https:\/\/schema.org","@graph":[{"@type":"WebPage","@id":"https:\/\/iapop.com\/worldwork\/","url":"https:\/\/iapop.com\/worldwork\/","name":"Worldwork - IAPOP","isPartOf":{"@id":"http:\/\/iapop.com\/es\/#website"},"primaryImageOfPage":{"@id":"https:\/\/iapop.com\/worldwork\/#primaryimage"},"image":{"@id":"https:\/\/iapop.com\/worldwork\/#primaryimage"},"thumbnailUrl":"https:\/\/iapop.com\/wp-content\/uploads\/2023\/04\/worldwork3.avif","datePublished":"2025-02-19T16:49:48+00:00","dateModified":"2025-03-16T13:57:03+00:00","breadcrumb":{"@id":"https:\/\/iapop.com\/worldwork\/#breadcrumb"},"inLanguage":"es","potentialAction":[{"@type":"ReadAction","target":["https:\/\/iapop.com\/worldwork\/"]}]},{"@type":"ImageObject","inLanguage":"es","@id":"https:\/\/iapop.com\/worldwork\/#primaryimage","url":"https:\/\/iapop.com\/wp-content\/uploads\/2023\/04\/worldwork3.avif","contentUrl":"https:\/\/iapop.com\/wp-content\/uploads\/2023\/04\/worldwork3.avif"},{"@type":"BreadcrumbList","@id":"https:\/\/iapop.com\/worldwork\/#breadcrumb","itemListElement":[{"@type":"ListItem","position":1,"name":"Home","item":"https:\/\/iapop.com\/"},{"@type":"ListItem","position":2,"name":"Worldwork"}]},{"@type":"WebSite","@id":"http:\/\/iapop.com\/es\/#website","url":"http:\/\/iapop.com\/es\/","name":"IAPOP","description":"Psicolog\u00eda orientada a los procesos","publisher":{"@id":"http:\/\/iapop.com\/es\/#organization"},"potentialAction":[{"@type":"SearchAction","target":{"@type":"EntryPoint","urlTemplate":"http:\/\/iapop.com\/es\/?s={search_term_string}"},"query-input":{"@type":"PropertyValueSpecification","valueRequired":true,"valueName":"search_term_string"}}],"inLanguage":"es"},{"@type":"Organization","@id":"http:\/\/iapop.com\/es\/#organization","name":"IAPOP","url":"http:\/\/iapop.com\/es\/","logo":{"@type":"ImageObject","inLanguage":"es","@id":"http:\/\/iapop.com\/es\/#\/schema\/logo\/image\/","url":"https:\/\/iapop.com\/wp-content\/uploads\/2024\/12\/Logo-300x131-1.png","contentUrl":"https:\/\/iapop.com\/wp-content\/uploads\/2024\/12\/Logo-300x131-1.png","width":300,"height":131,"caption":"IAPOP"},"image":{"@id":"http:\/\/iapop.com\/es\/#\/schema\/logo\/image\/"},"sameAs":["https:\/\/www.facebook.com\/processwork.iapop"]}]}},"_links":{"self":[{"href":"https:\/\/iapop.com\/es\/wp-json\/wp\/v2\/pages\/7297","targetHints":{"allow":["GET"]}}],"collection":[{"href":"https:\/\/iapop.com\/es\/wp-json\/wp\/v2\/pages"}],"about":[{"href":"https:\/\/iapop.com\/es\/wp-json\/wp\/v2\/types\/page"}],"author":[{"embeddable":true,"href":"https:\/\/iapop.com\/es\/wp-json\/wp\/v2\/users\/250"}],"replies":[{"embeddable":true,"href":"https:\/\/iapop.com\/es\/wp-json\/wp\/v2\/comments?post=7297"}],"version-history":[{"count":2,"href":"https:\/\/iapop.com\/es\/wp-json\/wp\/v2\/pages\/7297\/revisions"}],"predecessor-version":[{"id":7504,"href":"https:\/\/iapop.com\/es\/wp-json\/wp\/v2\/pages\/7297\/revisions\/7504"}],"wp:attachment":[{"href":"https:\/\/iapop.com\/es\/wp-json\/wp\/v2\/media?parent=7297"}],"curies":[{"name":"wp","href":"https:\/\/api.w.org\/{rel}","templated":true}]}}