{"id":7666,"date":"2025-06-28T11:05:13","date_gmt":"2025-06-28T10:05:13","guid":{"rendered":"https:\/\/iapop.com\/?page_id=7666"},"modified":"2025-07-12T12:18:58","modified_gmt":"2025-07-12T11:18:58","slug":"tribute-to-arnold-mindell","status":"publish","type":"page","link":"https:\/\/iapop.com\/es\/tribute-to-arnold-mindell\/","title":{"rendered":"Homenaje a Arnold Mindell"},"content":{"rendered":"<h1 class=\"wp-block-post-title\">Homenaje a Arnold Mindell<\/h1>\n\n\n<figure class=\"wp-block-image size-large\"><img decoding=\"async\" src=\"https:\/\/iapop.com\/wp-content\/uploads\/2024\/07\/448826442_10160114639063027_2599602499405783343_n-2-2-1030x686.webp\" alt=\"\" class=\"wp-image-6381\"\/><\/figure>\n\n\n\n<p>Lamentamos profundamente el fallecimiento de Arnold Mindell el 10 de junio.<sup>th<\/sup>, 2024. Arny, nuestro fundador, comenz\u00f3 a desarrollar la Psicolog\u00eda Orientada a Procesos a finales de la d\u00e9cada de 1970. Su mente y coraz\u00f3n brillantes, su apasionada investigaci\u00f3n, ense\u00f1anza y escritura, su trabajo con individuos y grupos, y su esp\u00edritu juguet\u00f3n nos han inspirado profundamente y han tocado las vidas de miles de personas en todo el mundo. Estamos muy conmovidos por la multitud de testimonios cari\u00f1osos y agradecidos, pensamientos y sentimientos que han llegado de la comunidad internacional de Process Work y del mundo en general. Como dijo Amy Mindell \"Es tan reconfortante sentir c\u00f3mo el trabajo, la vida y el esp\u00edritu de Arny seguir\u00e1n vivos en todos vuestros corazones y a trav\u00e9s del trabajo que cada uno de vosotros hace en el mundo, cumpliendo uno de los deseos m\u00e1s profundos de Arny: hacer del mundo un lugar mejor para todos\".&nbsp;<\/p>\n\n\n\n<p>En el fondo, Arny siempre ha sido un investigador pragm\u00e1tico que, mediante la combinaci\u00f3n de la f\u00edsica y la psicolog\u00eda -y con su asombrosa capacidad para seguir el Proceso y confiar en \u00e9l-, siempre ha buscado formas mejores de facilitar el mundo y la condici\u00f3n humana. Esto le llev\u00f3 a desarrollar el concepto y el enfoque Dreambody, a ampliar la psicolog\u00eda individual para incluir la din\u00e1mica de grupo y el trabajo mundial, y mucho m\u00e1s, y a ser la inspiraci\u00f3n y el motor de una red internacional en constante expansi\u00f3n de profesionales y centros de formaci\u00f3n de Process Work en todo el mundo. La Asociaci\u00f3n Internacional de Psicolog\u00eda Orientada a Procesos (IAPOP) siempre estar\u00e1 profundamente en deuda con \u00e9l.&nbsp;<\/p>\n\n\n\n<p>Aunque Arny no est\u00e9 aqu\u00ed en su cuerpo f\u00edsico, sabemos que siempre estar\u00e1 con nosotros. Como \u00e9l dec\u00eda,&nbsp;<em>\"No estamos vivos ni muertos, sino en un proceso continuo\".<\/em>&nbsp;As\u00ed pues, \u00e9l est\u00e1 aqu\u00ed y seguir\u00e1 ayud\u00e1ndonos a avanzar hacia el futuro mientras llevamos su rico legado al mundo, cada uno a nuestra manera.&nbsp;<\/p>\n\n\n\n<p>Gracias, Arny, por ser una luz brillante para todos nosotros.&nbsp;<\/p>\n\n\n\n<p>Si desea publicar una experiencia o un recuerdo de Arny, puede hacerlo en su p\u00e1gina Tributo en&nbsp;<a href=\"https:\/\/www.online-tribute.com\/ArnoldMindell\">https:\/\/www.online-tribute.com\/ArnoldMindell<\/a>.&nbsp;<\/p>\n\n\n\n<p><\/p>\n\n\n\n<h2 class=\"wp-block-heading\">V\u00eddeo de celebraci\u00f3n de Arny<\/h2>\n\n\n\n<p>Este v\u00eddeo fue creado por la compa\u00f1era de Arny, Amy Mindell, para el homenaje y la celebraci\u00f3n en l\u00ednea que tuvieron lugar el 22 de agosto de 2024. Mientras lo ves, ver\u00e1s una sentida colecci\u00f3n de fotos, canciones y videoclips que capturan la belleza, la profundidad y el esp\u00edritu que Arny trajo al mundo. Es un homenaje hecho con profundo amor, para ayudarte a sentir su presencia y recordar la alegr\u00eda y la sabidur\u00eda que comparti\u00f3 con tantos. Que te aporte calidez, conexi\u00f3n y reflexi\u00f3n.<\/p>\n\n\n\n<figure class=\"wp-block-embed is-type-video is-provider-youtube wp-block-embed-youtube wp-embed-aspect-16-9 wp-has-aspect-ratio\"><div class=\"wp-block-embed__wrapper\">\n<iframe loading=\"lazy\" title=\"Una pel\u00edcula en homenaje y celebraci\u00f3n de Arnold Mindell (Arny) para un encuentro en l\u00ednea el 24 de agosto de 2024\" width=\"500\" height=\"281\" src=\"https:\/\/www.youtube.com\/embed\/GbqKt3mknrg?feature=oembed\" frameborder=\"0\" allow=\"accelerometer; autoplay; clipboard-write; encrypted-media; gyroscope; picture-in-picture; web-share\" referrerpolicy=\"strict-origin-when-cross-origin\" allowfullscreen><\/iframe>\n<\/div><\/figure>\n\n\n\n<h2 class=\"wp-block-heading\">Entrevistas<\/h2>\n\n\n\n<p>Esta entrevista animada, \u00edntima e informal con Arny Mindell fue filmada en diciembre de 2021. Es una amplia discusi\u00f3n de su vida y trabajo creando la \"Psicolog\u00eda Orientada a Procesos\". La entrevista de Arny con Cathy Bernatt fue filmada por Jerry Grant con el amor y el apoyo de Amy Mindell<\/p>\n\n\n\n<figure class=\"wp-block-embed is-type-video is-provider-youtube wp-block-embed-youtube wp-embed-aspect-16-9 wp-has-aspect-ratio\"><div class=\"wp-block-embed__wrapper\">\n<iframe loading=\"lazy\" title=\"Arnold Mindell: autor, profesor, psic\u00f3logo, so\u00f1ador: Un retrato (Pel\u00edcula completa)\" width=\"500\" height=\"281\" src=\"https:\/\/www.youtube.com\/embed\/C7Ja0Hjf0MY?feature=oembed\" frameborder=\"0\" allow=\"accelerometer; autoplay; clipboard-write; encrypted-media; gyroscope; picture-in-picture; web-share\" referrerpolicy=\"strict-origin-when-cross-origin\" allowfullscreen><\/iframe>\n<\/div><\/figure>","protected":false},"excerpt":{"rendered":"<p>It is with utmost sadness that we process and grieve Arnold Mindell\u2019s passing on June 10th, 2024. Arny, our founder, began developing Process Oriented Psychology in the late 1970s. His [&hellip;]<\/p>\n","protected":false},"author":250,"featured_media":0,"parent":0,"menu_order":0,"comment_status":"closed","ping_status":"closed","template":"","meta":{"_EventAllDay":false,"_EventTimezone":"","_EventStartDate":"","_EventEndDate":"","_EventStartDateUTC":"","_EventEndDateUTC":"","_EventShowMap":false,"_EventShowMapLink":false,"_EventURL":"","_EventCost":"","_EventCostDescription":"","_EventCurrencySymbol":"","_EventCurrencyCode":"","_EventCurrencyPosition":"","_EventDateTimeSeparator":"","_EventTimeRangeSeparator":"","_EventOrganizerID":[],"_EventVenueID":[],"_OrganizerEmail":"","_OrganizerPhone":"","_OrganizerWebsite":"","_VenueAddress":"","_VenueCity":"","_VenueCountry":"","_VenueProvince":"","_VenueState":"","_VenueZip":"","_VenuePhone":"","_VenueURL":"","_VenueStateProvince":"","_VenueLat":"","_VenueLng":"","_VenueShowMap":false,"_VenueShowMapLink":false,"footnotes":""},"class_list":["post-7666","page","type-page","status-publish","hentry"],"yoast_head":"<!-- This site is optimized with the Yoast SEO plugin v27.3 - https:\/\/yoast.com\/product\/yoast-seo-wordpress\/ -->\n<title>Tribute to Arnold Mindell - IAPOP<\/title>\n<meta name=\"robots\" content=\"index, follow, max-snippet:-1, max-image-preview:large, max-video-preview:-1\" \/>\n<link rel=\"canonical\" href=\"https:\/\/iapop.com\/es\/tribute-to-arnold-mindell\/\" \/>\n<meta property=\"og:locale\" content=\"es_ES\" \/>\n<meta property=\"og:type\" content=\"article\" \/>\n<meta property=\"og:title\" content=\"Tribute to Arnold Mindell - IAPOP\" \/>\n<meta property=\"og:description\" content=\"It is with utmost sadness that we process and grieve Arnold Mindell\u2019s passing on June 10th, 2024. Arny, our founder, began developing Process Oriented Psychology in the late 1970s. His [&hellip;]\" \/>\n<meta property=\"og:url\" content=\"https:\/\/iapop.com\/es\/tribute-to-arnold-mindell\/\" \/>\n<meta property=\"og:site_name\" content=\"IAPOP\" \/>\n<meta property=\"article:publisher\" content=\"https:\/\/www.facebook.com\/processwork.iapop\" \/>\n<meta property=\"article:modified_time\" content=\"2025-07-12T11:18:58+00:00\" \/>\n<meta property=\"og:image\" content=\"https:\/\/iapop.com\/wp-content\/uploads\/2024\/07\/448826442_10160114639063027_2599602499405783343_n-2-2.avif\" \/>\n\t<meta property=\"og:image:width\" content=\"1280\" \/>\n\t<meta property=\"og:image:height\" content=\"853\" \/>\n\t<meta property=\"og:image:type\" content=\"image\/jpeg\" \/>\n<meta name=\"twitter:card\" content=\"summary_large_image\" \/>\n<meta name=\"twitter:label1\" content=\"Tiempo de lectura\" \/>\n\t<meta name=\"twitter:data1\" content=\"3 minutos\" \/>\n<script type=\"application\/ld+json\" class=\"yoast-schema-graph\">{\"@context\":\"https:\\\/\\\/schema.org\",\"@graph\":[{\"@type\":\"WebPage\",\"@id\":\"https:\\\/\\\/iapop.com\\\/tribute-to-arnold-mindell\\\/\",\"url\":\"https:\\\/\\\/iapop.com\\\/tribute-to-arnold-mindell\\\/\",\"name\":\"Tribute to Arnold Mindell - IAPOP\",\"isPartOf\":{\"@id\":\"http:\\\/\\\/iapop.com\\\/es\\\/#website\"},\"primaryImageOfPage\":{\"@id\":\"https:\\\/\\\/iapop.com\\\/tribute-to-arnold-mindell\\\/#primaryimage\"},\"image\":{\"@id\":\"https:\\\/\\\/iapop.com\\\/tribute-to-arnold-mindell\\\/#primaryimage\"},\"thumbnailUrl\":\"https:\\\/\\\/iapop.com\\\/wp-content\\\/uploads\\\/2024\\\/07\\\/448826442_10160114639063027_2599602499405783343_n-2-2-1030x686.webp\",\"datePublished\":\"2025-06-28T10:05:13+00:00\",\"dateModified\":\"2025-07-12T11:18:58+00:00\",\"breadcrumb\":{\"@id\":\"https:\\\/\\\/iapop.com\\\/tribute-to-arnold-mindell\\\/#breadcrumb\"},\"inLanguage\":\"es\",\"potentialAction\":[{\"@type\":\"ReadAction\",\"target\":[\"https:\\\/\\\/iapop.com\\\/tribute-to-arnold-mindell\\\/\"]}]},{\"@type\":\"ImageObject\",\"inLanguage\":\"es\",\"@id\":\"https:\\\/\\\/iapop.com\\\/tribute-to-arnold-mindell\\\/#primaryimage\",\"url\":\"https:\\\/\\\/iapop.com\\\/wp-content\\\/uploads\\\/2024\\\/07\\\/448826442_10160114639063027_2599602499405783343_n-2-2-1030x686.webp\",\"contentUrl\":\"https:\\\/\\\/iapop.com\\\/wp-content\\\/uploads\\\/2024\\\/07\\\/448826442_10160114639063027_2599602499405783343_n-2-2-1030x686.webp\"},{\"@type\":\"BreadcrumbList\",\"@id\":\"https:\\\/\\\/iapop.com\\\/tribute-to-arnold-mindell\\\/#breadcrumb\",\"itemListElement\":[{\"@type\":\"ListItem\",\"position\":1,\"name\":\"Home\",\"item\":\"https:\\\/\\\/iapop.com\\\/\"},{\"@type\":\"ListItem\",\"position\":2,\"name\":\"Tribute to Arnold Mindell\"}]},{\"@type\":\"WebSite\",\"@id\":\"http:\\\/\\\/iapop.com\\\/es\\\/#website\",\"url\":\"http:\\\/\\\/iapop.com\\\/es\\\/\",\"name\":\"IAPOP\",\"description\":\"Process Oriented Psychology\",\"publisher\":{\"@id\":\"http:\\\/\\\/iapop.com\\\/es\\\/#organization\"},\"potentialAction\":[{\"@type\":\"SearchAction\",\"target\":{\"@type\":\"EntryPoint\",\"urlTemplate\":\"http:\\\/\\\/iapop.com\\\/es\\\/?s={search_term_string}\"},\"query-input\":{\"@type\":\"PropertyValueSpecification\",\"valueRequired\":true,\"valueName\":\"search_term_string\"}}],\"inLanguage\":\"es\"},{\"@type\":\"Organization\",\"@id\":\"http:\\\/\\\/iapop.com\\\/es\\\/#organization\",\"name\":\"IAPOP\",\"url\":\"http:\\\/\\\/iapop.com\\\/es\\\/\",\"logo\":{\"@type\":\"ImageObject\",\"inLanguage\":\"es\",\"@id\":\"http:\\\/\\\/iapop.com\\\/es\\\/#\\\/schema\\\/logo\\\/image\\\/\",\"url\":\"https:\\\/\\\/iapop.com\\\/wp-content\\\/uploads\\\/2024\\\/12\\\/Logo-300x131-1.png\",\"contentUrl\":\"https:\\\/\\\/iapop.com\\\/wp-content\\\/uploads\\\/2024\\\/12\\\/Logo-300x131-1.png\",\"width\":300,\"height\":131,\"caption\":\"IAPOP\"},\"image\":{\"@id\":\"http:\\\/\\\/iapop.com\\\/es\\\/#\\\/schema\\\/logo\\\/image\\\/\"},\"sameAs\":[\"https:\\\/\\\/www.facebook.com\\\/processwork.iapop\"]}]}<\/script>\n<!-- \/ Yoast SEO plugin. -->","yoast_head_json":{"title":"Homenaje a Arnold Mindell - IAPOP","robots":{"index":"index","follow":"follow","max-snippet":"max-snippet:-1","max-image-preview":"max-image-preview:large","max-video-preview":"max-video-preview:-1"},"canonical":"https:\/\/iapop.com\/es\/tribute-to-arnold-mindell\/","og_locale":"es_ES","og_type":"article","og_title":"Tribute to Arnold Mindell - IAPOP","og_description":"It is with utmost sadness that we process and grieve Arnold Mindell\u2019s passing on June 10th, 2024. Arny, our founder, began developing Process Oriented Psychology in the late 1970s. His [&hellip;]","og_url":"https:\/\/iapop.com\/es\/tribute-to-arnold-mindell\/","og_site_name":"IAPOP","article_publisher":"https:\/\/www.facebook.com\/processwork.iapop","article_modified_time":"2025-07-12T11:18:58+00:00","og_image":[{"width":1280,"height":853,"url":"https:\/\/iapop.com\/wp-content\/uploads\/2024\/07\/448826442_10160114639063027_2599602499405783343_n-2-2.avif","type":"image\/jpeg"}],"twitter_card":"summary_large_image","twitter_misc":{"Tiempo de lectura":"3 minutos"},"schema":{"@context":"https:\/\/schema.org","@graph":[{"@type":"WebPage","@id":"https:\/\/iapop.com\/tribute-to-arnold-mindell\/","url":"https:\/\/iapop.com\/tribute-to-arnold-mindell\/","name":"Homenaje a Arnold Mindell - IAPOP","isPartOf":{"@id":"http:\/\/iapop.com\/es\/#website"},"primaryImageOfPage":{"@id":"https:\/\/iapop.com\/tribute-to-arnold-mindell\/#primaryimage"},"image":{"@id":"https:\/\/iapop.com\/tribute-to-arnold-mindell\/#primaryimage"},"thumbnailUrl":"https:\/\/iapop.com\/wp-content\/uploads\/2024\/07\/448826442_10160114639063027_2599602499405783343_n-2-2-1030x686.webp","datePublished":"2025-06-28T10:05:13+00:00","dateModified":"2025-07-12T11:18:58+00:00","breadcrumb":{"@id":"https:\/\/iapop.com\/tribute-to-arnold-mindell\/#breadcrumb"},"inLanguage":"es","potentialAction":[{"@type":"ReadAction","target":["https:\/\/iapop.com\/tribute-to-arnold-mindell\/"]}]},{"@type":"ImageObject","inLanguage":"es","@id":"https:\/\/iapop.com\/tribute-to-arnold-mindell\/#primaryimage","url":"https:\/\/iapop.com\/wp-content\/uploads\/2024\/07\/448826442_10160114639063027_2599602499405783343_n-2-2-1030x686.webp","contentUrl":"https:\/\/iapop.com\/wp-content\/uploads\/2024\/07\/448826442_10160114639063027_2599602499405783343_n-2-2-1030x686.webp"},{"@type":"BreadcrumbList","@id":"https:\/\/iapop.com\/tribute-to-arnold-mindell\/#breadcrumb","itemListElement":[{"@type":"ListItem","position":1,"name":"Home","item":"https:\/\/iapop.com\/"},{"@type":"ListItem","position":2,"name":"Tribute to Arnold Mindell"}]},{"@type":"WebSite","@id":"http:\/\/iapop.com\/es\/#website","url":"http:\/\/iapop.com\/es\/","name":"IAPOP","description":"Psicolog\u00eda orientada a los procesos","publisher":{"@id":"http:\/\/iapop.com\/es\/#organization"},"potentialAction":[{"@type":"SearchAction","target":{"@type":"EntryPoint","urlTemplate":"http:\/\/iapop.com\/es\/?s={search_term_string}"},"query-input":{"@type":"PropertyValueSpecification","valueRequired":true,"valueName":"search_term_string"}}],"inLanguage":"es"},{"@type":"Organization","@id":"http:\/\/iapop.com\/es\/#organization","name":"IAPOP","url":"http:\/\/iapop.com\/es\/","logo":{"@type":"ImageObject","inLanguage":"es","@id":"http:\/\/iapop.com\/es\/#\/schema\/logo\/image\/","url":"https:\/\/iapop.com\/wp-content\/uploads\/2024\/12\/Logo-300x131-1.png","contentUrl":"https:\/\/iapop.com\/wp-content\/uploads\/2024\/12\/Logo-300x131-1.png","width":300,"height":131,"caption":"IAPOP"},"image":{"@id":"http:\/\/iapop.com\/es\/#\/schema\/logo\/image\/"},"sameAs":["https:\/\/www.facebook.com\/processwork.iapop"]}]}},"_links":{"self":[{"href":"https:\/\/iapop.com\/es\/wp-json\/wp\/v2\/pages\/7666","targetHints":{"allow":["GET"]}}],"collection":[{"href":"https:\/\/iapop.com\/es\/wp-json\/wp\/v2\/pages"}],"about":[{"href":"https:\/\/iapop.com\/es\/wp-json\/wp\/v2\/types\/page"}],"author":[{"embeddable":true,"href":"https:\/\/iapop.com\/es\/wp-json\/wp\/v2\/users\/250"}],"replies":[{"embeddable":true,"href":"https:\/\/iapop.com\/es\/wp-json\/wp\/v2\/comments?post=7666"}],"version-history":[{"count":3,"href":"https:\/\/iapop.com\/es\/wp-json\/wp\/v2\/pages\/7666\/revisions"}],"predecessor-version":[{"id":7725,"href":"https:\/\/iapop.com\/es\/wp-json\/wp\/v2\/pages\/7666\/revisions\/7725"}],"wp:attachment":[{"href":"https:\/\/iapop.com\/es\/wp-json\/wp\/v2\/media?parent=7666"}],"curies":[{"name":"wp","href":"https:\/\/api.w.org\/{rel}","templated":true}]}}