{"id":7681,"date":"2025-06-28T12:15:07","date_gmt":"2025-06-28T11:15:07","guid":{"rendered":"https:\/\/iapop.com\/?page_id=7681"},"modified":"2025-06-28T12:15:07","modified_gmt":"2025-06-28T11:15:07","slug":"2007-iapop-conference","status":"publish","type":"page","link":"https:\/\/iapop.com\/es\/2007-iapop-conference\/","title":{"rendered":"Conferencia IAPOP 2007"},"content":{"rendered":"<h1 class=\"wp-block-heading\">Conferencia IAPOP 2007<\/h1>\n\n\n\n<div id=\"Anchor\" class=\"wp-block-group has-white-background-color has-background is-layout-flow wp-block-group-is-layout-flow\">\n<div class=\"wp-block-media-text is-stacked-on-mobile is-vertically-aligned-top\" style=\"grid-template-columns:30% auto\"><figure class=\"wp-block-media-text__media\"><img loading=\"lazy\" decoding=\"async\" width=\"149\" height=\"200\" src=\"https:\/\/iapop.com\/wp-content\/uploads\/2025\/02\/iapop2007conferencelondon.avif\" alt=\"\" class=\"wp-image-7086 size-full\" srcset=\"https:\/\/iapop.com\/wp-content\/uploads\/2025\/02\/iapop2007conferencelondon.avif 149w, https:\/\/iapop.com\/wp-content\/uploads\/2025\/02\/iapop2007conferencelondon-9x12.avif 9w\" sizes=\"auto, (max-width: 149px) 100vw, 149px\" \/><\/figure><div class=\"wp-block-media-text__content\">\n<h2 class=\"wp-block-heading\">Democracia profunda: Donde los campos se encuentran. Actas de la 1\u00aa Conferencia Internacional IAPOP<\/h2>\n\n\n\n<p>La primera Conferencia IAPOP se celebr\u00f3 en Londres en 2007. He aqu\u00ed la transcripci\u00f3n del discurso inaugural pronunciado por Arny y Amy Mindell:<\/p>\n\n\n\n<p>Arnold Mindell, Doctor en Filosof\u00eda, y Amy Mindell, Doctora en Filosof\u00eda (2007). On the Origins and Essence of Process Work (Sobre los or\u00edgenes y la esencia del trabajo por procesos). London: Discurso de apertura presentado en la Conferencia IAPOP 2007.<\/p>\n\n\n\n<p>IAPOP (Ed.). (2007). Democracia profunda: Where Fields Meet. Actas de la 1\u00aa Conferencia Internacional de IAPOP. London: Lulu Press. Ed. JC Audergon, K Wassermann, G Clayton, K Cripps. M Fitter.<\/p>\n\n\n\n<p> <a href=\"https:\/\/iapop.com\/wp-content\/uploads\/2010\/11\/mindell2007iapopkeynote.pdf\" target=\"_blank\" rel=\"noreferrer noopener\">Descargar<\/a><\/p>\n<\/div><\/div>\n<\/div>","protected":false},"excerpt":{"rendered":"<p>2007 IAPOP Conference Deep Democracy: Where Fields Meet. Proceedings of the 1st IAPOP International Conference The first IAPOP Conference was held in London in 2007. Here is a transcript of [&hellip;]<\/p>\n","protected":false},"author":352,"featured_media":0,"parent":0,"menu_order":0,"comment_status":"closed","ping_status":"closed","template":"","meta":{"_EventAllDay":false,"_EventTimezone":"","_EventStartDate":"","_EventEndDate":"","_EventStartDateUTC":"","_EventEndDateUTC":"","_EventShowMap":false,"_EventShowMapLink":false,"_EventURL":"","_EventCost":"","_EventCostDescription":"","_EventCurrencySymbol":"","_EventCurrencyCode":"","_EventCurrencyPosition":"","_EventDateTimeSeparator":"","_EventTimeRangeSeparator":"","_EventOrganizerID":[],"_EventVenueID":[],"_OrganizerEmail":"","_OrganizerPhone":"","_OrganizerWebsite":"","_VenueAddress":"","_VenueCity":"","_VenueCountry":"","_VenueProvince":"","_VenueState":"","_VenueZip":"","_VenuePhone":"","_VenueURL":"","_VenueStateProvince":"","_VenueLat":"","_VenueLng":"","_VenueShowMap":false,"_VenueShowMapLink":false,"footnotes":""},"class_list":["post-7681","page","type-page","status-publish","hentry"],"yoast_head":"<!-- This site is optimized with the Yoast SEO plugin v27.3 - https:\/\/yoast.com\/product\/yoast-seo-wordpress\/ -->\n<title>2007 IAPOP Conference - IAPOP<\/title>\n<meta name=\"robots\" content=\"index, follow, max-snippet:-1, max-image-preview:large, max-video-preview:-1\" \/>\n<link rel=\"canonical\" href=\"https:\/\/iapop.com\/es\/2007-iapop-conference\/\" \/>\n<meta property=\"og:locale\" content=\"es_ES\" \/>\n<meta property=\"og:type\" content=\"article\" \/>\n<meta property=\"og:title\" content=\"2007 IAPOP Conference - IAPOP\" \/>\n<meta property=\"og:description\" content=\"2007 IAPOP Conference Deep Democracy: Where Fields Meet. Proceedings of the 1st IAPOP International Conference The first IAPOP Conference was held in London in 2007. Here is a transcript of [&hellip;]\" \/>\n<meta property=\"og:url\" content=\"https:\/\/iapop.com\/es\/2007-iapop-conference\/\" \/>\n<meta property=\"og:site_name\" content=\"IAPOP\" \/>\n<meta property=\"article:publisher\" content=\"https:\/\/www.facebook.com\/processwork.iapop\" \/>\n<meta property=\"og:image\" content=\"https:\/\/iapop.com\/wp-content\/uploads\/2025\/02\/iapop2007conferencelondon.avif\" \/>\n\t<meta property=\"og:image:width\" content=\"149\" \/>\n\t<meta property=\"og:image:height\" content=\"200\" \/>\n\t<meta property=\"og:image:type\" content=\"image\/jpeg\" \/>\n<meta name=\"twitter:card\" content=\"summary_large_image\" \/>\n<meta name=\"twitter:label1\" content=\"Tiempo de lectura\" \/>\n\t<meta name=\"twitter:data1\" content=\"1 minuto\" \/>\n<script type=\"application\/ld+json\" class=\"yoast-schema-graph\">{\"@context\":\"https:\\\/\\\/schema.org\",\"@graph\":[{\"@type\":\"WebPage\",\"@id\":\"https:\\\/\\\/iapop.com\\\/2007-iapop-conference\\\/\",\"url\":\"https:\\\/\\\/iapop.com\\\/2007-iapop-conference\\\/\",\"name\":\"2007 IAPOP Conference - IAPOP\",\"isPartOf\":{\"@id\":\"http:\\\/\\\/iapop.com\\\/es\\\/#website\"},\"primaryImageOfPage\":{\"@id\":\"https:\\\/\\\/iapop.com\\\/2007-iapop-conference\\\/#primaryimage\"},\"image\":{\"@id\":\"https:\\\/\\\/iapop.com\\\/2007-iapop-conference\\\/#primaryimage\"},\"thumbnailUrl\":\"https:\\\/\\\/iapop.com\\\/wp-content\\\/uploads\\\/2025\\\/02\\\/iapop2007conferencelondon.avif\",\"datePublished\":\"2025-06-28T11:15:07+00:00\",\"breadcrumb\":{\"@id\":\"https:\\\/\\\/iapop.com\\\/2007-iapop-conference\\\/#breadcrumb\"},\"inLanguage\":\"es\",\"potentialAction\":[{\"@type\":\"ReadAction\",\"target\":[\"https:\\\/\\\/iapop.com\\\/2007-iapop-conference\\\/\"]}]},{\"@type\":\"ImageObject\",\"inLanguage\":\"es\",\"@id\":\"https:\\\/\\\/iapop.com\\\/2007-iapop-conference\\\/#primaryimage\",\"url\":\"https:\\\/\\\/iapop.com\\\/wp-content\\\/uploads\\\/2025\\\/02\\\/iapop2007conferencelondon.avif\",\"contentUrl\":\"https:\\\/\\\/iapop.com\\\/wp-content\\\/uploads\\\/2025\\\/02\\\/iapop2007conferencelondon.avif\"},{\"@type\":\"BreadcrumbList\",\"@id\":\"https:\\\/\\\/iapop.com\\\/2007-iapop-conference\\\/#breadcrumb\",\"itemListElement\":[{\"@type\":\"ListItem\",\"position\":1,\"name\":\"Home\",\"item\":\"https:\\\/\\\/iapop.com\\\/\"},{\"@type\":\"ListItem\",\"position\":2,\"name\":\"2007 IAPOP Conference\"}]},{\"@type\":\"WebSite\",\"@id\":\"http:\\\/\\\/iapop.com\\\/es\\\/#website\",\"url\":\"http:\\\/\\\/iapop.com\\\/es\\\/\",\"name\":\"IAPOP\",\"description\":\"Process Oriented Psychology\",\"publisher\":{\"@id\":\"http:\\\/\\\/iapop.com\\\/es\\\/#organization\"},\"potentialAction\":[{\"@type\":\"SearchAction\",\"target\":{\"@type\":\"EntryPoint\",\"urlTemplate\":\"http:\\\/\\\/iapop.com\\\/es\\\/?s={search_term_string}\"},\"query-input\":{\"@type\":\"PropertyValueSpecification\",\"valueRequired\":true,\"valueName\":\"search_term_string\"}}],\"inLanguage\":\"es\"},{\"@type\":\"Organization\",\"@id\":\"http:\\\/\\\/iapop.com\\\/es\\\/#organization\",\"name\":\"IAPOP\",\"url\":\"http:\\\/\\\/iapop.com\\\/es\\\/\",\"logo\":{\"@type\":\"ImageObject\",\"inLanguage\":\"es\",\"@id\":\"http:\\\/\\\/iapop.com\\\/es\\\/#\\\/schema\\\/logo\\\/image\\\/\",\"url\":\"https:\\\/\\\/iapop.com\\\/wp-content\\\/uploads\\\/2024\\\/12\\\/Logo-300x131-1.png\",\"contentUrl\":\"https:\\\/\\\/iapop.com\\\/wp-content\\\/uploads\\\/2024\\\/12\\\/Logo-300x131-1.png\",\"width\":300,\"height\":131,\"caption\":\"IAPOP\"},\"image\":{\"@id\":\"http:\\\/\\\/iapop.com\\\/es\\\/#\\\/schema\\\/logo\\\/image\\\/\"},\"sameAs\":[\"https:\\\/\\\/www.facebook.com\\\/processwork.iapop\"]}]}<\/script>\n<!-- \/ Yoast SEO plugin. -->","yoast_head_json":{"title":"Conferencia IAPOP 2007 - IAPOP","robots":{"index":"index","follow":"follow","max-snippet":"max-snippet:-1","max-image-preview":"max-image-preview:large","max-video-preview":"max-video-preview:-1"},"canonical":"https:\/\/iapop.com\/es\/2007-iapop-conference\/","og_locale":"es_ES","og_type":"article","og_title":"2007 IAPOP Conference - IAPOP","og_description":"2007 IAPOP Conference Deep Democracy: Where Fields Meet. Proceedings of the 1st IAPOP International Conference The first IAPOP Conference was held in London in 2007. Here is a transcript of [&hellip;]","og_url":"https:\/\/iapop.com\/es\/2007-iapop-conference\/","og_site_name":"IAPOP","article_publisher":"https:\/\/www.facebook.com\/processwork.iapop","og_image":[{"width":149,"height":200,"url":"https:\/\/iapop.com\/wp-content\/uploads\/2025\/02\/iapop2007conferencelondon.avif","type":"image\/jpeg"}],"twitter_card":"summary_large_image","twitter_misc":{"Tiempo de lectura":"1 minuto"},"schema":{"@context":"https:\/\/schema.org","@graph":[{"@type":"WebPage","@id":"https:\/\/iapop.com\/2007-iapop-conference\/","url":"https:\/\/iapop.com\/2007-iapop-conference\/","name":"Conferencia IAPOP 2007 - IAPOP","isPartOf":{"@id":"http:\/\/iapop.com\/es\/#website"},"primaryImageOfPage":{"@id":"https:\/\/iapop.com\/2007-iapop-conference\/#primaryimage"},"image":{"@id":"https:\/\/iapop.com\/2007-iapop-conference\/#primaryimage"},"thumbnailUrl":"https:\/\/iapop.com\/wp-content\/uploads\/2025\/02\/iapop2007conferencelondon.avif","datePublished":"2025-06-28T11:15:07+00:00","breadcrumb":{"@id":"https:\/\/iapop.com\/2007-iapop-conference\/#breadcrumb"},"inLanguage":"es","potentialAction":[{"@type":"ReadAction","target":["https:\/\/iapop.com\/2007-iapop-conference\/"]}]},{"@type":"ImageObject","inLanguage":"es","@id":"https:\/\/iapop.com\/2007-iapop-conference\/#primaryimage","url":"https:\/\/iapop.com\/wp-content\/uploads\/2025\/02\/iapop2007conferencelondon.avif","contentUrl":"https:\/\/iapop.com\/wp-content\/uploads\/2025\/02\/iapop2007conferencelondon.avif"},{"@type":"BreadcrumbList","@id":"https:\/\/iapop.com\/2007-iapop-conference\/#breadcrumb","itemListElement":[{"@type":"ListItem","position":1,"name":"Home","item":"https:\/\/iapop.com\/"},{"@type":"ListItem","position":2,"name":"2007 IAPOP Conference"}]},{"@type":"WebSite","@id":"http:\/\/iapop.com\/es\/#website","url":"http:\/\/iapop.com\/es\/","name":"IAPOP","description":"Psicolog\u00eda orientada a los procesos","publisher":{"@id":"http:\/\/iapop.com\/es\/#organization"},"potentialAction":[{"@type":"SearchAction","target":{"@type":"EntryPoint","urlTemplate":"http:\/\/iapop.com\/es\/?s={search_term_string}"},"query-input":{"@type":"PropertyValueSpecification","valueRequired":true,"valueName":"search_term_string"}}],"inLanguage":"es"},{"@type":"Organization","@id":"http:\/\/iapop.com\/es\/#organization","name":"IAPOP","url":"http:\/\/iapop.com\/es\/","logo":{"@type":"ImageObject","inLanguage":"es","@id":"http:\/\/iapop.com\/es\/#\/schema\/logo\/image\/","url":"https:\/\/iapop.com\/wp-content\/uploads\/2024\/12\/Logo-300x131-1.png","contentUrl":"https:\/\/iapop.com\/wp-content\/uploads\/2024\/12\/Logo-300x131-1.png","width":300,"height":131,"caption":"IAPOP"},"image":{"@id":"http:\/\/iapop.com\/es\/#\/schema\/logo\/image\/"},"sameAs":["https:\/\/www.facebook.com\/processwork.iapop"]}]}},"_links":{"self":[{"href":"https:\/\/iapop.com\/es\/wp-json\/wp\/v2\/pages\/7681","targetHints":{"allow":["GET"]}}],"collection":[{"href":"https:\/\/iapop.com\/es\/wp-json\/wp\/v2\/pages"}],"about":[{"href":"https:\/\/iapop.com\/es\/wp-json\/wp\/v2\/types\/page"}],"author":[{"embeddable":true,"href":"https:\/\/iapop.com\/es\/wp-json\/wp\/v2\/users\/352"}],"replies":[{"embeddable":true,"href":"https:\/\/iapop.com\/es\/wp-json\/wp\/v2\/comments?post=7681"}],"version-history":[{"count":2,"href":"https:\/\/iapop.com\/es\/wp-json\/wp\/v2\/pages\/7681\/revisions"}],"predecessor-version":[{"id":7683,"href":"https:\/\/iapop.com\/es\/wp-json\/wp\/v2\/pages\/7681\/revisions\/7683"}],"wp:attachment":[{"href":"https:\/\/iapop.com\/es\/wp-json\/wp\/v2\/media?parent=7681"}],"curies":[{"name":"wp","href":"https:\/\/api.w.org\/{rel}","templated":true}]}}