{"id":6629,"date":"2024-11-29T14:56:52","date_gmt":"2024-11-29T16:56:52","guid":{"rendered":"http:\/\/iapop.local\/?page_id=6629"},"modified":"2025-02-15T18:02:05","modified_gmt":"2025-02-15T18:02:05","slug":"members","status":"publish","type":"page","link":"https:\/\/iapop.com\/fr\/members\/","title":{"rendered":"Cotisations des membres"},"content":{"rendered":"<h1 class=\"wp-block-post-title\">Cotisations des membres<\/h1>\n\n\n<blockquote class=\"wp-block-quote is-style-default is-layout-flow wp-block-quote-is-layout-flow\">\n<p class=\"has-medium-font-size\">La premi\u00e8re ann\u00e9e apr\u00e8s l'obtention du dipl\u00f4me est gratuite !<\/p>\n<\/blockquote>\n\n\n\n<p>L'adh\u00e9sion \u00e0 l'IAPOP est ouverte aux dipl\u00f4m\u00e9s des programmes PW, DDI, MPW, MACF et MAPOF. Si vous avez obtenu l'un de ces dipl\u00f4mes dans le cadre d'un programme affili\u00e9 \u00e0 l'IAPOP et que vous souhaitez adh\u00e9rer \u00e0 l'IAPOP, veuillez suivre les \u00e9tapes suivantes :<\/p>\n\n\n\n<ul class=\"wp-block-list\">\n<li>Envoyer un courriel \u00e0 <a href=\"mailto:members@iapop.com\">members@iapop.com<\/a> en nous faisant savoir que vous souhaitez vous joindre \u00e0 nous<\/li>\n\n\n\n<li>Indiquez votre nom, votre adresse postale, votre num\u00e9ro de t\u00e9l\u00e9phone, votre adresse \u00e9lectronique, votre site web, votre photo, les langues que vous parlez et indiquez le programme que vous avez suivi, ainsi que tout autre dipl\u00f4me que vous souhaiteriez voir figurer sur la liste.<\/li>\n\n\n\n<li>Payez votre cotisation annuelle.<\/li>\n\n\n\n<li>La premi\u00e8re ann\u00e9e apr\u00e8s l'obtention du dipl\u00f4me est gratuite !<\/li>\n\n\n\n<li><strong>La cotisation est due le 1er f\u00e9vrier de chaque ann\u00e9e.<\/strong><\/li>\n<\/ul>\n\n\n\n<div class=\"wp-block-columns is-layout-flex wp-container-core-columns-is-layout-28f84493 wp-block-columns-is-layout-flex\">\n<div class=\"wp-block-column is-vertically-aligned-center is-layout-flow wp-block-column-is-layout-flow\">\n<div class=\"wp-block-group has-border-color has-gray-lighter-4-border-color is-layout-flow wp-block-group-is-layout-flow\" style=\"border-width:1px;margin-top:0;margin-bottom:0;padding-top:var(--wp--preset--spacing--20);padding-right:var(--wp--preset--spacing--20);padding-bottom:var(--wp--preset--spacing--20);padding-left:var(--wp--preset--spacing--20)\">\n<div class=\"wp-block-buttons is-content-justification-center is-nowrap is-layout-flex wp-container-core-buttons-is-layout-23441af8 wp-block-buttons-is-layout-flex\">\n<div class=\"wp-block-button has-custom-width wp-block-button__width-100\"><a class=\"wp-block-button__link wp-element-button\" href=\"https:\/\/www.paypal.com\/donate\/?hosted_button_id=SQQ5CEYPS5BW4\" target=\"_blank\" rel=\" noreferrer noopener nofollow\">Cotisations des membres<\/a><\/div>\n<\/div>\n\n\n\n<div class=\"wp-block-group is-content-justification-center is-nowrap is-layout-flex wp-container-core-group-is-layout-23441af8 wp-block-group-is-layout-flex\">\n<figure class=\"wp-block-image\"><img decoding=\"async\" src=\"https:\/\/www.paypalobjects.com\/webstatic\/en_US\/i\/buttons\/cc-badges-ppppcmcvdam.png\" alt=\"Payez avec PayPal, PayPal Credit ou toute autre carte de cr\u00e9dit.\"\/><\/figure>\n<\/div>\n<\/div>\n<\/div>\n<\/div>\n\n\n\n<p>La cotisation annuelle propos\u00e9e par l'IAPOP est \u00e0 peu pr\u00e8s \u00e9quivalente \u00e0 ce que vous facturez dans votre r\u00e9gion pour une s\u00e9ance\/une heure de service. Si vous \u00eates membre de l'IAPOP pour la premi\u00e8re fois, la premi\u00e8re ann\u00e9e est gratuite ! Vous pouvez payer par carte de cr\u00e9dit ou par PayPal.&nbsp;<\/p>\n\n\n\n<p><strong>Votre soutien est important pour nous. Nous vous en remercions.<\/strong><\/p>\n\n\n\n<p>Si vous souhaitez faire un don, <a href=\"https:\/\/iapop.com\/fr\/donations\/\">cliquez ici<\/a>.<\/p>\n\n\n\n<p><strong>Merci pour votre soutien !<\/strong><\/p>\n\n\n\n<h2 class=\"wp-block-heading\">Annuaire des membres<\/h2>\n\n\n\n<p>Si vous souhaitez mettre \u00e0 jour vos informations ou votre photo dans l'annuaire des membres, veuillez vous connecter.<\/p>\n\n\n\n<p><\/p>\n\n\n\n<div class=\"wp-block-columns is-layout-flex wp-container-core-columns-is-layout-28f84493 wp-block-columns-is-layout-flex\">\n<div class=\"wp-block-column is-vertically-aligned-center is-layout-flow wp-block-column-is-layout-flow\">\n<div class=\"wp-block-group has-border-color has-gray-lighter-4-border-color is-layout-flow wp-block-group-is-layout-flow\" style=\"border-width:1px;margin-top:0;margin-bottom:0;padding-top:var(--wp--preset--spacing--20);padding-right:var(--wp--preset--spacing--20);padding-bottom:var(--wp--preset--spacing--20);padding-left:var(--wp--preset--spacing--20)\">\n<div class=\"wp-block-buttons is-content-justification-center is-nowrap is-layout-flex wp-container-core-buttons-is-layout-23441af8 wp-block-buttons-is-layout-flex\">\n<div class=\"wp-block-button has-custom-width wp-block-button__width-100\"><a class=\"wp-block-button__link wp-element-button\" href=\"\/wp-admin\/admin.php?page=iapop-directory\" target=\"_blank\" rel=\" noreferrer noopener nofollow\">Connexion des membres<\/a><\/div>\n<\/div>\n<\/div>\n<\/div>\n<\/div>\n\n\n\n<p><\/p>","protected":false},"excerpt":{"rendered":"<p>First year after graduation is free! IAPOP membership is available to graduates of PW Diploma, DDI Diploma, MPW, MACF and MAPOF programs. If you have graduated with one of these [&hellip;]<\/p>\n","protected":false},"author":250,"featured_media":0,"parent":0,"menu_order":0,"comment_status":"closed","ping_status":"closed","template":"","meta":{"_EventAllDay":false,"_EventTimezone":"","_EventStartDate":"","_EventEndDate":"","_EventStartDateUTC":"","_EventEndDateUTC":"","_EventShowMap":false,"_EventShowMapLink":false,"_EventURL":"","_EventCost":"","_EventCostDescription":"","_EventCurrencySymbol":"","_EventCurrencyCode":"","_EventCurrencyPosition":"","_EventDateTimeSeparator":"","_EventTimeRangeSeparator":"","_EventOrganizerID":[],"_EventVenueID":[],"_OrganizerEmail":"","_OrganizerPhone":"","_OrganizerWebsite":"","_VenueAddress":"","_VenueCity":"","_VenueCountry":"","_VenueProvince":"","_VenueState":"","_VenueZip":"","_VenuePhone":"","_VenueURL":"","_VenueStateProvince":"","_VenueLat":"","_VenueLng":"","_VenueShowMap":false,"_VenueShowMapLink":false,"footnotes":""},"class_list":["post-6629","page","type-page","status-publish","hentry"],"yoast_head":"<!-- This site is optimized with the Yoast SEO plugin v27.3 - https:\/\/yoast.com\/product\/yoast-seo-wordpress\/ -->\n<title>Members Dues - IAPOP<\/title>\n<meta name=\"robots\" content=\"index, follow, max-snippet:-1, max-image-preview:large, max-video-preview:-1\" \/>\n<link rel=\"canonical\" href=\"https:\/\/iapop.com\/fr\/members\/\" \/>\n<meta property=\"og:locale\" content=\"fr_FR\" \/>\n<meta property=\"og:type\" content=\"article\" \/>\n<meta property=\"og:title\" content=\"Members Dues - IAPOP\" \/>\n<meta property=\"og:description\" content=\"First year after graduation is free! IAPOP membership is available to graduates of PW Diploma, DDI Diploma, MPW, MACF and MAPOF programs. If you have graduated with one of these [&hellip;]\" \/>\n<meta property=\"og:url\" content=\"https:\/\/iapop.com\/fr\/members\/\" \/>\n<meta property=\"og:site_name\" content=\"IAPOP\" \/>\n<meta property=\"article:publisher\" content=\"https:\/\/www.facebook.com\/processwork.iapop\" \/>\n<meta property=\"article:modified_time\" content=\"2025-02-15T18:02:05+00:00\" \/>\n<meta property=\"og:image\" content=\"https:\/\/www.paypalobjects.com\/webstatic\/en_US\/i\/buttons\/cc-badges-ppppcmcvdam.png\" \/>\n<meta name=\"twitter:card\" content=\"summary_large_image\" \/>\n<meta name=\"twitter:label1\" content=\"Dur\u00e9e de lecture estim\u00e9e\" \/>\n\t<meta name=\"twitter:data1\" content=\"2 minutes\" \/>\n<script type=\"application\/ld+json\" class=\"yoast-schema-graph\">{\"@context\":\"https:\\\/\\\/schema.org\",\"@graph\":[{\"@type\":\"WebPage\",\"@id\":\"https:\\\/\\\/iapop.com\\\/es\\\/members\\\/\",\"url\":\"https:\\\/\\\/iapop.com\\\/es\\\/members\\\/\",\"name\":\"Members Dues - IAPOP\",\"isPartOf\":{\"@id\":\"http:\\\/\\\/iapop.com\\\/es\\\/#website\"},\"primaryImageOfPage\":{\"@id\":\"https:\\\/\\\/iapop.com\\\/es\\\/members\\\/#primaryimage\"},\"image\":{\"@id\":\"https:\\\/\\\/iapop.com\\\/es\\\/members\\\/#primaryimage\"},\"thumbnailUrl\":\"https:\\\/\\\/www.paypalobjects.com\\\/webstatic\\\/en_US\\\/i\\\/buttons\\\/cc-badges-ppppcmcvdam.png\",\"datePublished\":\"2024-11-29T16:56:52+00:00\",\"dateModified\":\"2025-02-15T18:02:05+00:00\",\"breadcrumb\":{\"@id\":\"https:\\\/\\\/iapop.com\\\/es\\\/members\\\/#breadcrumb\"},\"inLanguage\":\"fr-FR\",\"potentialAction\":[{\"@type\":\"ReadAction\",\"target\":[\"https:\\\/\\\/iapop.com\\\/es\\\/members\\\/\"]}]},{\"@type\":\"ImageObject\",\"inLanguage\":\"fr-FR\",\"@id\":\"https:\\\/\\\/iapop.com\\\/es\\\/members\\\/#primaryimage\",\"url\":\"https:\\\/\\\/www.paypalobjects.com\\\/webstatic\\\/en_US\\\/i\\\/buttons\\\/cc-badges-ppppcmcvdam.png\",\"contentUrl\":\"https:\\\/\\\/www.paypalobjects.com\\\/webstatic\\\/en_US\\\/i\\\/buttons\\\/cc-badges-ppppcmcvdam.png\"},{\"@type\":\"BreadcrumbList\",\"@id\":\"https:\\\/\\\/iapop.com\\\/es\\\/members\\\/#breadcrumb\",\"itemListElement\":[{\"@type\":\"ListItem\",\"position\":1,\"name\":\"Home\",\"item\":\"https:\\\/\\\/iapop.com\\\/\"},{\"@type\":\"ListItem\",\"position\":2,\"name\":\"Members Dues\"}]},{\"@type\":\"WebSite\",\"@id\":\"http:\\\/\\\/iapop.com\\\/es\\\/#website\",\"url\":\"http:\\\/\\\/iapop.com\\\/es\\\/\",\"name\":\"IAPOP\",\"description\":\"Process Oriented Psychology\",\"publisher\":{\"@id\":\"http:\\\/\\\/iapop.com\\\/es\\\/#organization\"},\"potentialAction\":[{\"@type\":\"SearchAction\",\"target\":{\"@type\":\"EntryPoint\",\"urlTemplate\":\"http:\\\/\\\/iapop.com\\\/es\\\/?s={search_term_string}\"},\"query-input\":{\"@type\":\"PropertyValueSpecification\",\"valueRequired\":true,\"valueName\":\"search_term_string\"}}],\"inLanguage\":\"fr-FR\"},{\"@type\":\"Organization\",\"@id\":\"http:\\\/\\\/iapop.com\\\/es\\\/#organization\",\"name\":\"IAPOP\",\"url\":\"http:\\\/\\\/iapop.com\\\/es\\\/\",\"logo\":{\"@type\":\"ImageObject\",\"inLanguage\":\"fr-FR\",\"@id\":\"http:\\\/\\\/iapop.com\\\/es\\\/#\\\/schema\\\/logo\\\/image\\\/\",\"url\":\"https:\\\/\\\/iapop.com\\\/wp-content\\\/uploads\\\/2024\\\/12\\\/Logo-300x131-1.png\",\"contentUrl\":\"https:\\\/\\\/iapop.com\\\/wp-content\\\/uploads\\\/2024\\\/12\\\/Logo-300x131-1.png\",\"width\":300,\"height\":131,\"caption\":\"IAPOP\"},\"image\":{\"@id\":\"http:\\\/\\\/iapop.com\\\/es\\\/#\\\/schema\\\/logo\\\/image\\\/\"},\"sameAs\":[\"https:\\\/\\\/www.facebook.com\\\/processwork.iapop\"]}]}<\/script>\n<!-- \/ Yoast SEO plugin. -->","yoast_head_json":{"title":"Cotisations des membres - IAPOP","robots":{"index":"index","follow":"follow","max-snippet":"max-snippet:-1","max-image-preview":"max-image-preview:large","max-video-preview":"max-video-preview:-1"},"canonical":"https:\/\/iapop.com\/fr\/members\/","og_locale":"fr_FR","og_type":"article","og_title":"Members Dues - IAPOP","og_description":"First year after graduation is free! IAPOP membership is available to graduates of PW Diploma, DDI Diploma, MPW, MACF and MAPOF programs. If you have graduated with one of these [&hellip;]","og_url":"https:\/\/iapop.com\/fr\/members\/","og_site_name":"IAPOP","article_publisher":"https:\/\/www.facebook.com\/processwork.iapop","article_modified_time":"2025-02-15T18:02:05+00:00","og_image":[{"url":"https:\/\/www.paypalobjects.com\/webstatic\/en_US\/i\/buttons\/cc-badges-ppppcmcvdam.png","type":"","width":"","height":""}],"twitter_card":"summary_large_image","twitter_misc":{"Dur\u00e9e de lecture estim\u00e9e":"2 minutes"},"schema":{"@context":"https:\/\/schema.org","@graph":[{"@type":"WebPage","@id":"https:\/\/iapop.com\/es\/members\/","url":"https:\/\/iapop.com\/es\/members\/","name":"Cotisations des membres - IAPOP","isPartOf":{"@id":"http:\/\/iapop.com\/es\/#website"},"primaryImageOfPage":{"@id":"https:\/\/iapop.com\/es\/members\/#primaryimage"},"image":{"@id":"https:\/\/iapop.com\/es\/members\/#primaryimage"},"thumbnailUrl":"https:\/\/www.paypalobjects.com\/webstatic\/en_US\/i\/buttons\/cc-badges-ppppcmcvdam.png","datePublished":"2024-11-29T16:56:52+00:00","dateModified":"2025-02-15T18:02:05+00:00","breadcrumb":{"@id":"https:\/\/iapop.com\/es\/members\/#breadcrumb"},"inLanguage":"fr-FR","potentialAction":[{"@type":"ReadAction","target":["https:\/\/iapop.com\/es\/members\/"]}]},{"@type":"ImageObject","inLanguage":"fr-FR","@id":"https:\/\/iapop.com\/es\/members\/#primaryimage","url":"https:\/\/www.paypalobjects.com\/webstatic\/en_US\/i\/buttons\/cc-badges-ppppcmcvdam.png","contentUrl":"https:\/\/www.paypalobjects.com\/webstatic\/en_US\/i\/buttons\/cc-badges-ppppcmcvdam.png"},{"@type":"BreadcrumbList","@id":"https:\/\/iapop.com\/es\/members\/#breadcrumb","itemListElement":[{"@type":"ListItem","position":1,"name":"Home","item":"https:\/\/iapop.com\/"},{"@type":"ListItem","position":2,"name":"Members Dues"}]},{"@type":"WebSite","@id":"http:\/\/iapop.com\/es\/#website","url":"http:\/\/iapop.com\/es\/","name":"IAPOP","description":"Psychologie ax\u00e9e sur les processus","publisher":{"@id":"http:\/\/iapop.com\/es\/#organization"},"potentialAction":[{"@type":"SearchAction","target":{"@type":"EntryPoint","urlTemplate":"http:\/\/iapop.com\/es\/?s={search_term_string}"},"query-input":{"@type":"PropertyValueSpecification","valueRequired":true,"valueName":"search_term_string"}}],"inLanguage":"fr-FR"},{"@type":"Organization","@id":"http:\/\/iapop.com\/es\/#organization","name":"IAPOP","url":"http:\/\/iapop.com\/es\/","logo":{"@type":"ImageObject","inLanguage":"fr-FR","@id":"http:\/\/iapop.com\/es\/#\/schema\/logo\/image\/","url":"https:\/\/iapop.com\/wp-content\/uploads\/2024\/12\/Logo-300x131-1.png","contentUrl":"https:\/\/iapop.com\/wp-content\/uploads\/2024\/12\/Logo-300x131-1.png","width":300,"height":131,"caption":"IAPOP"},"image":{"@id":"http:\/\/iapop.com\/es\/#\/schema\/logo\/image\/"},"sameAs":["https:\/\/www.facebook.com\/processwork.iapop"]}]}},"_links":{"self":[{"href":"https:\/\/iapop.com\/fr\/wp-json\/wp\/v2\/pages\/6629","targetHints":{"allow":["GET"]}}],"collection":[{"href":"https:\/\/iapop.com\/fr\/wp-json\/wp\/v2\/pages"}],"about":[{"href":"https:\/\/iapop.com\/fr\/wp-json\/wp\/v2\/types\/page"}],"author":[{"embeddable":true,"href":"https:\/\/iapop.com\/fr\/wp-json\/wp\/v2\/users\/250"}],"replies":[{"embeddable":true,"href":"https:\/\/iapop.com\/fr\/wp-json\/wp\/v2\/comments?post=6629"}],"version-history":[{"count":0,"href":"https:\/\/iapop.com\/fr\/wp-json\/wp\/v2\/pages\/6629\/revisions"}],"wp:attachment":[{"href":"https:\/\/iapop.com\/fr\/wp-json\/wp\/v2\/media?parent=6629"}],"curies":[{"name":"wp","href":"https:\/\/api.w.org\/{rel}","templated":true}]}}