{"id":7245,"date":"2025-02-17T10:50:20","date_gmt":"2025-02-17T10:50:20","guid":{"rendered":"https:\/\/test.iapop.com\/?page_id=7245"},"modified":"2025-11-15T07:40:38","modified_gmt":"2025-11-15T07:40:38","slug":"training-centers","status":"publish","type":"page","link":"https:\/\/iapop.com\/fr\/training-centers\/","title":{"rendered":"\u00c9coles de formation dipl\u00f4mante"},"content":{"rendered":"<h1 class=\"wp-block-post-title\">\u00c9coles de formation dipl\u00f4mante<\/h1>\n\n\n<h2 class=\"wp-block-heading\">Formation \u00e0 la psychologie orient\u00e9e vers les processus<\/h2>\n\n\n\n<p>La formation en psychologie ax\u00e9e sur les processus rassemble un r\u00e9seau mondial d'opportunit\u00e9s d'apprentissage, allant d'ateliers courts et cibl\u00e9s \u00e0 des qualifications approfondies sanctionn\u00e9es par un dipl\u00f4me. Vous trouverez de nombreux cours explorant des facettes sp\u00e9cifiques du travail sur les processus dans notre site web. <a href=\"https:\/\/iapop.com\/fr\/directory\/\">Annuaire<\/a> et <a href=\"https:\/\/iapop.com\/fr\/events\/\">\u00c9v\u00e9nements \u00e0 venir<\/a> Cette liste met en \u00e9vidence les \u00e9coles, les programmes et les centres de formation dans le domaine du travail sur les processus qui sont affili\u00e9s \u00e0 l'IAPOP. Chacun de ces programmes offre une qualification compl\u00e8te, conforme aux normes du dipl\u00f4me. Ces programmes de travail sur les processus sont situ\u00e9s dans le Nord et le Sud de la plan\u00e8te et respectent des normes rigoureuses avec des programmes structur\u00e9s con\u00e7us pour vous qualifier en tant que diplomate du travail sur les processus - la plus haute qualification possible en psychologie orient\u00e9e sur les processus.  Vous trouverez ci-dessous la liste des centres et instituts o\u00f9 vous pouvez obtenir une qualification en travail sur les processus affili\u00e9e \u00e0 l'IAPOP.  <\/p>\n\n\n\n<p>Suivez les liens pour chaque \u00e9cole afin de d\u00e9couvrir l'\u00e9ventail des programmes publics propos\u00e9s. <\/p>\n\n\n\n<p>Les dipl\u00f4m\u00e9s de ces programmes peuvent devenir membres de l'IAPOP. <\/p>\n\n\n\n<p><\/p>\n\n\n\n<figure class=\"wp-block-table datatable-init is-style-regular\"><table class=\"has-fixed-layout\"><thead><tr><th>\u00c9COLE<\/th><th>PAYS<\/th><th>SITE WEB<\/th><th>PROGRAMMES<\/th><\/tr><\/thead><tbody><tr><td><strong>Arte del Processo e Democrazia Profonda (L'art du processus et de la d\u00e9mocratie profonde)<\/strong><\/td><td>Italie<\/td><td><a href=\"https:\/\/processworkitalia.com\/\" target=\"_blank\" rel=\"noreferrer noopener nofollow\">processworkitalia.com<\/a><\/td><td>Dipl\u00f4me<\/td><\/tr><tr><td><strong>Psychologie orient\u00e9e vers les processus en Australie et en Nouvelle-Z\u00e9lande (ANZPOP)<\/strong>)<\/td><td>Australie\/NZ<\/td><td><a href=\"https:\/\/anzpop.org\/\" target=\"_blank\" rel=\"noreferrer noopener nofollow\">anzpop.org<\/a><\/td><td>Dipl\u00f4me<\/td><\/tr><tr><td><strong>Institut de la d\u00e9mocratie profonde<\/strong> <strong>International<\/strong> (<strong>DDII<\/strong>)<\/td><td>\u00c9gypte, Irak, Europe, Russie, Myanmar, Vi\u00eat Nam, Ukraine<\/td><td><a href=\"https:\/\/deepdemocracyinstitute.org\/\" target=\"_blank\" rel=\"noreferrer noopener nofollow\">deepdemocracyinstitute.org<\/a><br><br><a href=\"https:\/\/deepdemocracydiploma.com\">https:\/\/deepdemocracydiploma.com<\/a> <br><a href=\"https:\/\/ddi.in.ua\" target=\"_blank\" rel=\"noreferrer noopener nofollow\">ddi.in.ua<\/a><\/td><td>Dipl\u00f4me<\/td><\/tr><tr><td><strong> DDI Kenya<\/strong><\/td><td>Kenya<\/td><td><a href=\"https:\/\/www.facebook.com\/DDI.Kenya\/\">https:\/\/www.facebook.com\/DDI.Kenya\/<\/a> <\/td><td>Dipl\u00f4me<\/td><\/tr><tr><td><strong>DDI Tha\u00eflande<\/strong><\/td><td>Tha\u00eflande <\/td><td><a href=\"https:\/\/www.facebook.com\/DeepDemocracyInstitueThailand\/\">https:\/\/www.facebook.com\/DeepDemocracyInstitueThailand\/<\/a> <br><\/td><td>Dipl\u00f4me<\/td><\/tr><tr><td><strong>Institut f\u00fcr Prozessarbeit (IPA)<\/strong><\/td><td>Suisse<\/td><td><a href=\"https:\/\/www.institut-prozessarbeit.ch\" target=\"_blank\" rel=\"noreferrer noopener nofollow\">institut-prozessarbeit.ch<\/a><\/td><td>Dipl\u00f4me<\/td><\/tr><tr><td><strong>Institut f\u00fcr Prozessarbeit Deutschland (Institut pour le travail en processus - Allemagne)<\/strong><\/td><td>Allemagne<\/td><td><a href=\"https:\/\/institut-prozessarbeit.de\/\" target=\"_blank\" rel=\"noreferrer noopener nofollow\">institut-prozessarbeit.de<\/a><\/td><td>Dipl\u00f4me<\/td><\/tr><tr><td><strong>Institut procesove orientovane prace (Institut de psychologie orient\u00e9e vers les processus)<\/strong><\/td><td>Tch\u00e9coslovaquie<\/td><td><a href=\"https:\/\/www.processwork.cz\" target=\"_blank\" rel=\"noreferrer noopener nofollow\">processwork.cz<\/a><\/td><td>Dipl\u00f4me<\/td><\/tr><tr><td><strong>Instituto de Trabajo de Procesos y Democracia Profunda (Institut de travail sur les processus et la d\u00e9mocratie profonde)<\/strong><\/td><td>Espagne<\/td><td><a href=\"https:\/\/www.trabajodeprocesos.net\" target=\"_blank\" rel=\"noreferrer noopener nofollow\">trabajodeprocesos.net<\/a><\/td><td>Dipl\u00f4me<\/td><\/tr><tr><td><strong>Instytut Psychologii Procesu<\/strong><\/td><td>Pologne<\/td><td><a href=\"https:\/\/processwork.pl\/\" target=\"_blank\" rel=\"noreferrer noopener nofollow\">processwork.pl<\/a><\/td><td>Dipl\u00f4me<\/td><\/tr><tr><td><strong>Centre international pour le travail en processus (ICPW)<\/strong><\/td><td>Russie<\/td><td><a href=\"https:\/\/www.processwork.pro\/\" target=\"_blank\" rel=\"noreferrer noopener nofollow\">processwork.pro<\/a><\/td><td>Dipl\u00f4me<\/td><\/tr><tr><td><strong>International School Of Processwork Russia (ISPWR)<\/strong><\/td><td>Russie<\/td><td><a href=\"https:\/\/mipopp.com\/\" target=\"_blank\" rel=\"noreferrer noopener nofollow\">mipopp.com<\/a><\/td><td>Dipl\u00f4me<\/td><\/tr><tr><td><strong>Centre de travail sur les processus au Japon<\/strong><\/td><td>Japon<\/td><td><a href=\"https:\/\/jpwc.or.jp\" target=\"_blank\" rel=\"noreferrer noopener nofollow\">jpwc.or.jp<\/a><\/td><td>Dipl\u00f4me<\/td><\/tr><tr><td><strong>Process Oriented Institute Slovakia, POPI-Slovakia (Institut slovaque ax\u00e9 sur les processus)<\/strong><\/td><td>Slovaquie<\/td><td><a href=\"https:\/\/www.processwork.sk\" target=\"_blank\" rel=\"noreferrer noopener nofollow\">processwork.sk<\/a><\/td><td>Dipl\u00f4me<\/td><\/tr><tr><td><strong>Process Work Center Hawai'i<\/strong><\/td><td>\u00c9TATS-UNIS<\/td><td><a href=\"https:\/\/processworkcenterofhawaii.com\" target=\"_blank\" rel=\"noreferrer noopener nofollow\">processworkercenterofhawaii.com<\/a><\/td><td>Dipl\u00f4me<\/td><\/tr><tr><td><strong>Process Work Institute Lituanie<\/strong><\/td><td>Lituanie<\/td><td><a href=\"https:\/\/pwi.lt\" target=\"_blank\" rel=\"noreferrer noopener nofollow\">pwi.lt<\/a><\/td><td>Dipl\u00f4me<\/td><\/tr><tr><td><strong>Process Work Institute of India (Institut indien du travail de processus)<\/strong><\/td><td>Inde<\/td><td><a href=\"https:\/\/www.processworkindia.com\/\" target=\"_blank\" rel=\"noreferrer noopener nofollow\">processworkindia.com<\/a><\/td><td>En cours d'obtention du dipl\u00f4me<\/td><\/tr><tr><td><strong>Process Work Institute, Portland<\/strong><\/td><td>\u00c9TATS-UNIS<\/td><td><a href=\"https:\/\/www.processworkuk.org\/\" target=\"_blank\" rel=\"noreferrer noopener nofollow\">processwork.edu<\/a><\/td><td>Dipl\u00f4me<\/td><\/tr><tr><td><strong>Centre d'\u00e9tude du travail sur les processus (Studioum Psychologii Procesu - SPP)<\/strong><\/td><td>Pologne<\/td><td><a href=\"https:\/\/fundacjaspp.pl\/\" target=\"_blank\" rel=\"noreferrer noopener nofollow\">fundacjaspp.pl<\/a><\/td><td>Dipl\u00f4me<\/td><\/tr><tr><td><strong>Hub de travail de processus<\/strong><\/td><td>Gr\u00e8ce<\/td><td><a href=\"https:\/\/processworkhub.gr\/diploma-sto-processwork.htm\" target=\"_blank\" rel=\"noreferrer noopener nofollow\">processworkhub.gr<\/a><\/td><td>Dipl\u00f4me<\/td><\/tr><tr><td><strong>PW Isra\u00ebl<\/strong><\/td><td>Isra\u00ebl<\/td><td><\/td><td>Dipl\u00f4me<\/td><\/tr><tr><td><strong>Soci\u00e9t\u00e9 de recherche pour la psychologie ax\u00e9e sur les processus, Processwork UK<\/strong><\/td><td>ROYAUME-UNI<\/td><td><a href=\"https:\/\/www.processworkuk.org\/\" target=\"_blank\" rel=\"noreferrer noopener nofollow\">processworkuk.org<\/a><\/td><td>Dipl\u00f4me<\/td><\/tr><tr><td><strong>\u00c9cole suisse-russe de travail sur les processus<\/strong><\/td><td>Suisse, Russie<\/td><td><a href=\"https:\/\/pw-center.ru\/\" target=\"_blank\" rel=\"noreferrer noopener nofollow\">pw-center.ru<\/a><\/td><td>Dipl\u00f4me<\/td><\/tr><\/tbody><\/table><\/figure>\n\n\n\n<div class=\"wp-block-group is-nowrap is-layout-flex wp-container-core-group-is-layout-6c531013 wp-block-group-is-layout-flex\">\n<h2 class=\"wp-block-heading\">Cours de certificat affili\u00e9 \u00e0 l'IAPOP <\/h2>\n\n\n\n<h2 class=\"wp-block-heading\">Bient\u00f4t disponible !<\/h2>\n<\/div>\n\n\n\n<h3 class=\"wp-block-heading\">Formation de trois ans au travail sur les processus <\/h3>\n\n\n\n<p>Les dipl\u00f4m\u00e9s de ces programmes de certificat de 3 \u00e0 4 ans affili\u00e9s \u00e0 l'IAPOP peuvent devenir membres de l'IAPOP.<\/p>\n\n\n\n<figure class=\"wp-block-table\"><table class=\"has-fixed-layout\"><tbody><tr><td><strong>Cours<\/strong><\/td><td><strong>Localisation <\/strong><\/td><td><strong>Programme de formation <\/strong><\/td><td><strong>Site web\/lien <\/strong><\/td><\/tr><tr><td><\/td><td>Portland, \u00c9tats-Unis<\/td><td><\/td><td><\/td><\/tr><tr><td><\/td><td>Gr\u00e8ce <\/td><td><\/td><td><\/td><\/tr><tr><td><\/td><td>Espagne <\/td><td><\/td><td><\/td><\/tr><\/tbody><\/table><\/figure>\n\n\n\n<h2 class=\"wp-block-heading\">Affiliation<\/h2>\n\n\n\n<p><strong>CFOR Force for Change (Force pour le changement)<\/strong> <mark style=\"background-color:rgba(0, 0, 0, 0)\" class=\"has-inline-color has-brand-primary-color\"> https:\/\/www.cfor.info\/<\/mark><\/p>\n\n\n\n<p>CFOR facilite et forme des facilitateurs. Notre objectif est d'avoir \"un facilitateur \u00e0 chaque table\", de la cuisine \u00e0 la table de n\u00e9gociation. Lorsque les gens peuvent faciliter la prise de conscience des dynamiques polaris\u00e9es et de la violence dont ils souffrent, la communaut\u00e9 devient une force protectrice et cr\u00e9ative, qui pr\u00e9vient la violence et transforme l'avenir. <br><br>Notre travail :<br><br>- BALKANS : En partenariat avec l'association \"Mi\", le HCR (Haut Commissariat des Nations unies pour les r\u00e9fugi\u00e9s) et l'UE, de grands forums en Croatie \u00e9tablissent un lien entre le r\u00e9tablissement psychosocial et \u00e9conomique et la formation au leadership dans les r\u00e9gions les plus durement touch\u00e9es par la guerre. Les participants sont issus de toutes les ethnies ou nationalit\u00e9s et proviennent d'un vaste r\u00e9seau d'organisations de la soci\u00e9t\u00e9 civile et d'autorit\u00e9s locales. En collaboration avec le HCR, nous d\u00e9veloppons \u00e9galement un mod\u00e8le pour l'ensemble de la r\u00e9gion des Balkans.<br><br>- EUROPE MATTERS : soutenue par l'UE, cette initiative se concentre sur la sensibilisation et la facilitation n\u00e9cessaires pour transformer l'histoire violente de l'Europe en soci\u00e9t\u00e9s multiculturelles prosp\u00e8res.<br><br>- SEEDS : Soutenu par l'UE, ce programme se concentre sur la r\u00e9alisation des r\u00eaves les plus profonds d'une personne, en reconnaissant la diff\u00e9rence que fait chaque individu et chaque organisation.<br><br>- FACILITATION POUR LES LEADERS : CFOR propose un programme de formation annuel de 5 modules \u00e0 Londres.<br><br>- CONSULTATION\/ FORMATION : le CFOR organise \u00e9galement des formations et des consultations au sein d'organisations internationales.<\/p>\n\n\n\n<p><\/p>","protected":false},"excerpt":{"rendered":"<p>Process\u2011Oriented Psychology training Process\u2011Oriented Psychology training brings together a global network of learning opportunities\u2014ranging from short, focused workshops to an in-depth diploma-level qualification. While you\u2019ll find numerous courses exploring specific [&hellip;]<\/p>\n","protected":false},"author":250,"featured_media":0,"parent":0,"menu_order":0,"comment_status":"closed","ping_status":"closed","template":"","meta":{"_EventAllDay":false,"_EventTimezone":"","_EventStartDate":"","_EventEndDate":"","_EventStartDateUTC":"","_EventEndDateUTC":"","_EventShowMap":false,"_EventShowMapLink":false,"_EventURL":"","_EventCost":"","_EventCostDescription":"","_EventCurrencySymbol":"","_EventCurrencyCode":"","_EventCurrencyPosition":"","_EventDateTimeSeparator":"","_EventTimeRangeSeparator":"","_EventOrganizerID":[],"_EventVenueID":[],"_OrganizerEmail":"","_OrganizerPhone":"","_OrganizerWebsite":"","_VenueAddress":"","_VenueCity":"","_VenueCountry":"","_VenueProvince":"","_VenueState":"","_VenueZip":"","_VenuePhone":"","_VenueURL":"","_VenueStateProvince":"","_VenueLat":"","_VenueLng":"","_VenueShowMap":false,"_VenueShowMapLink":false,"footnotes":""},"class_list":["post-7245","page","type-page","status-publish","hentry"],"yoast_head":"<!-- This site is optimized with the Yoast SEO plugin v27.3 - https:\/\/yoast.com\/product\/yoast-seo-wordpress\/ -->\n<title>Diploma Level Training Schools - IAPOP<\/title>\n<meta name=\"robots\" content=\"index, follow, max-snippet:-1, max-image-preview:large, max-video-preview:-1\" \/>\n<link rel=\"canonical\" href=\"https:\/\/iapop.com\/fr\/training-centers\/\" \/>\n<meta property=\"og:locale\" content=\"fr_FR\" \/>\n<meta property=\"og:type\" content=\"article\" \/>\n<meta property=\"og:title\" content=\"Diploma Level Training Schools - IAPOP\" \/>\n<meta property=\"og:description\" content=\"Process\u2011Oriented Psychology training Process\u2011Oriented Psychology training brings together a global network of learning opportunities\u2014ranging from short, focused workshops to an in-depth diploma-level qualification. While you\u2019ll find numerous courses exploring specific [&hellip;]\" \/>\n<meta property=\"og:url\" content=\"https:\/\/iapop.com\/fr\/training-centers\/\" \/>\n<meta property=\"og:site_name\" content=\"IAPOP\" \/>\n<meta property=\"article:publisher\" content=\"https:\/\/www.facebook.com\/processwork.iapop\" \/>\n<meta property=\"article:modified_time\" content=\"2025-11-15T07:40:38+00:00\" \/>\n<meta name=\"twitter:card\" content=\"summary_large_image\" \/>\n<meta name=\"twitter:label1\" content=\"Dur\u00e9e de lecture estim\u00e9e\" \/>\n\t<meta name=\"twitter:data1\" content=\"3 minutes\" \/>\n<script type=\"application\/ld+json\" class=\"yoast-schema-graph\">{\"@context\":\"https:\\\/\\\/schema.org\",\"@graph\":[{\"@type\":\"WebPage\",\"@id\":\"https:\\\/\\\/iapop.com\\\/training-centers\\\/\",\"url\":\"https:\\\/\\\/iapop.com\\\/training-centers\\\/\",\"name\":\"Diploma Level Training Schools - IAPOP\",\"isPartOf\":{\"@id\":\"http:\\\/\\\/iapop.com\\\/es\\\/#website\"},\"datePublished\":\"2025-02-17T10:50:20+00:00\",\"dateModified\":\"2025-11-15T07:40:38+00:00\",\"breadcrumb\":{\"@id\":\"https:\\\/\\\/iapop.com\\\/training-centers\\\/#breadcrumb\"},\"inLanguage\":\"fr-FR\",\"potentialAction\":[{\"@type\":\"ReadAction\",\"target\":[\"https:\\\/\\\/iapop.com\\\/training-centers\\\/\"]}]},{\"@type\":\"BreadcrumbList\",\"@id\":\"https:\\\/\\\/iapop.com\\\/training-centers\\\/#breadcrumb\",\"itemListElement\":[{\"@type\":\"ListItem\",\"position\":1,\"name\":\"Home\",\"item\":\"https:\\\/\\\/iapop.com\\\/\"},{\"@type\":\"ListItem\",\"position\":2,\"name\":\"Diploma Level Training Schools\"}]},{\"@type\":\"WebSite\",\"@id\":\"http:\\\/\\\/iapop.com\\\/es\\\/#website\",\"url\":\"http:\\\/\\\/iapop.com\\\/es\\\/\",\"name\":\"IAPOP\",\"description\":\"Process Oriented Psychology\",\"publisher\":{\"@id\":\"http:\\\/\\\/iapop.com\\\/es\\\/#organization\"},\"potentialAction\":[{\"@type\":\"SearchAction\",\"target\":{\"@type\":\"EntryPoint\",\"urlTemplate\":\"http:\\\/\\\/iapop.com\\\/es\\\/?s={search_term_string}\"},\"query-input\":{\"@type\":\"PropertyValueSpecification\",\"valueRequired\":true,\"valueName\":\"search_term_string\"}}],\"inLanguage\":\"fr-FR\"},{\"@type\":\"Organization\",\"@id\":\"http:\\\/\\\/iapop.com\\\/es\\\/#organization\",\"name\":\"IAPOP\",\"url\":\"http:\\\/\\\/iapop.com\\\/es\\\/\",\"logo\":{\"@type\":\"ImageObject\",\"inLanguage\":\"fr-FR\",\"@id\":\"http:\\\/\\\/iapop.com\\\/es\\\/#\\\/schema\\\/logo\\\/image\\\/\",\"url\":\"https:\\\/\\\/iapop.com\\\/wp-content\\\/uploads\\\/2024\\\/12\\\/Logo-300x131-1.png\",\"contentUrl\":\"https:\\\/\\\/iapop.com\\\/wp-content\\\/uploads\\\/2024\\\/12\\\/Logo-300x131-1.png\",\"width\":300,\"height\":131,\"caption\":\"IAPOP\"},\"image\":{\"@id\":\"http:\\\/\\\/iapop.com\\\/es\\\/#\\\/schema\\\/logo\\\/image\\\/\"},\"sameAs\":[\"https:\\\/\\\/www.facebook.com\\\/processwork.iapop\"]}]}<\/script>\n<!-- \/ Yoast SEO plugin. -->","yoast_head_json":{"title":"\u00c9coles de formation au niveau du dipl\u00f4me - IAPOP","robots":{"index":"index","follow":"follow","max-snippet":"max-snippet:-1","max-image-preview":"max-image-preview:large","max-video-preview":"max-video-preview:-1"},"canonical":"https:\/\/iapop.com\/fr\/training-centers\/","og_locale":"fr_FR","og_type":"article","og_title":"Diploma Level Training Schools - IAPOP","og_description":"Process\u2011Oriented Psychology training Process\u2011Oriented Psychology training brings together a global network of learning opportunities\u2014ranging from short, focused workshops to an in-depth diploma-level qualification. While you\u2019ll find numerous courses exploring specific [&hellip;]","og_url":"https:\/\/iapop.com\/fr\/training-centers\/","og_site_name":"IAPOP","article_publisher":"https:\/\/www.facebook.com\/processwork.iapop","article_modified_time":"2025-11-15T07:40:38+00:00","twitter_card":"summary_large_image","twitter_misc":{"Dur\u00e9e de lecture estim\u00e9e":"3 minutes"},"schema":{"@context":"https:\/\/schema.org","@graph":[{"@type":"WebPage","@id":"https:\/\/iapop.com\/training-centers\/","url":"https:\/\/iapop.com\/training-centers\/","name":"\u00c9coles de formation au niveau du dipl\u00f4me - IAPOP","isPartOf":{"@id":"http:\/\/iapop.com\/es\/#website"},"datePublished":"2025-02-17T10:50:20+00:00","dateModified":"2025-11-15T07:40:38+00:00","breadcrumb":{"@id":"https:\/\/iapop.com\/training-centers\/#breadcrumb"},"inLanguage":"fr-FR","potentialAction":[{"@type":"ReadAction","target":["https:\/\/iapop.com\/training-centers\/"]}]},{"@type":"BreadcrumbList","@id":"https:\/\/iapop.com\/training-centers\/#breadcrumb","itemListElement":[{"@type":"ListItem","position":1,"name":"Home","item":"https:\/\/iapop.com\/"},{"@type":"ListItem","position":2,"name":"Diploma Level Training Schools"}]},{"@type":"WebSite","@id":"http:\/\/iapop.com\/es\/#website","url":"http:\/\/iapop.com\/es\/","name":"IAPOP","description":"Psychologie ax\u00e9e sur les processus","publisher":{"@id":"http:\/\/iapop.com\/es\/#organization"},"potentialAction":[{"@type":"SearchAction","target":{"@type":"EntryPoint","urlTemplate":"http:\/\/iapop.com\/es\/?s={search_term_string}"},"query-input":{"@type":"PropertyValueSpecification","valueRequired":true,"valueName":"search_term_string"}}],"inLanguage":"fr-FR"},{"@type":"Organization","@id":"http:\/\/iapop.com\/es\/#organization","name":"IAPOP","url":"http:\/\/iapop.com\/es\/","logo":{"@type":"ImageObject","inLanguage":"fr-FR","@id":"http:\/\/iapop.com\/es\/#\/schema\/logo\/image\/","url":"https:\/\/iapop.com\/wp-content\/uploads\/2024\/12\/Logo-300x131-1.png","contentUrl":"https:\/\/iapop.com\/wp-content\/uploads\/2024\/12\/Logo-300x131-1.png","width":300,"height":131,"caption":"IAPOP"},"image":{"@id":"http:\/\/iapop.com\/es\/#\/schema\/logo\/image\/"},"sameAs":["https:\/\/www.facebook.com\/processwork.iapop"]}]}},"_links":{"self":[{"href":"https:\/\/iapop.com\/fr\/wp-json\/wp\/v2\/pages\/7245","targetHints":{"allow":["GET"]}}],"collection":[{"href":"https:\/\/iapop.com\/fr\/wp-json\/wp\/v2\/pages"}],"about":[{"href":"https:\/\/iapop.com\/fr\/wp-json\/wp\/v2\/types\/page"}],"author":[{"embeddable":true,"href":"https:\/\/iapop.com\/fr\/wp-json\/wp\/v2\/users\/250"}],"replies":[{"embeddable":true,"href":"https:\/\/iapop.com\/fr\/wp-json\/wp\/v2\/comments?post=7245"}],"version-history":[{"count":3,"href":"https:\/\/iapop.com\/fr\/wp-json\/wp\/v2\/pages\/7245\/revisions"}],"predecessor-version":[{"id":8049,"href":"https:\/\/iapop.com\/fr\/wp-json\/wp\/v2\/pages\/7245\/revisions\/8049"}],"wp:attachment":[{"href":"https:\/\/iapop.com\/fr\/wp-json\/wp\/v2\/media?parent=7245"}],"curies":[{"name":"wp","href":"https:\/\/api.w.org\/{rel}","templated":true}]}}