{"id":7268,"date":"2025-02-18T19:16:05","date_gmt":"2025-02-18T19:16:05","guid":{"rendered":"https:\/\/test.iapop.com\/?page_id=7268"},"modified":"2025-03-10T16:03:34","modified_gmt":"2025-03-10T16:03:34","slug":"mission","status":"publish","type":"page","link":"https:\/\/iapop.com\/fr\/mission\/","title":{"rendered":"Mission de l'AIPPI"},"content":{"rendered":"<h1 class=\"wp-block-heading\">Mission de l'IAPOP<\/h1>\n\n\n\n<p>L'IAPOP est une association internationale de praticiens de la psychologie orient\u00e9e vers le processus, qui s'associent en raison de leurs valeurs, de leur vision et de leurs objectifs communs, ainsi que de leur soutien \u00e0 la diversit\u00e9, \u00e0 la cr\u00e9ativit\u00e9, aux relations et \u00e0 l'\u00e9ventail passionnant de recherches et de pratiques au sein de notre communaut\u00e9 professionnelle.<\/p>\n\n\n\n<p>L'association soutient la collaboration et le partage de la recherche, de l'exp\u00e9rience et des id\u00e9es dans le domaine en \u00e9volution de la psychologie orient\u00e9e vers le processus, et sa relation avec un large \u00e9ventail de domaines allant de la psychoth\u00e9rapie et de la psychiatrie \u00e0 la m\u00e9decine corps-esprit, \u00e0 la r\u00e9solution des conflits et au d\u00e9veloppement organisationnel.<\/p>\n\n\n\n<p>Il soutient \u00e9galement la formation continue, l'\u00e9change d'informations entre praticiens et la promotion de la diversit\u00e9 et de normes communes entre nos programmes de formation en psychologie ax\u00e9e sur les processus au niveau international.<\/p>\n\n\n\n<figure class=\"wp-block-image size-full\"><img loading=\"lazy\" decoding=\"async\" width=\"650\" height=\"200\" src=\"https:\/\/iapop.com\/wp-content\/uploads\/2010\/11\/people0001.gif\" alt=\"mission iapop\" class=\"wp-image-62\"\/><\/figure>","protected":false},"excerpt":{"rendered":"<p>IAPOP Mission IAPOP is an International Association of practitioners of Process Oriented Psychology, who associate out of their shared values, vision and goals, as well as support for diversity, creativity, [&hellip;]<\/p>\n","protected":false},"author":250,"featured_media":0,"parent":0,"menu_order":0,"comment_status":"closed","ping_status":"closed","template":"","meta":{"_EventAllDay":false,"_EventTimezone":"","_EventStartDate":"","_EventEndDate":"","_EventStartDateUTC":"","_EventEndDateUTC":"","_EventShowMap":false,"_EventShowMapLink":false,"_EventURL":"","_EventCost":"","_EventCostDescription":"","_EventCurrencySymbol":"","_EventCurrencyCode":"","_EventCurrencyPosition":"","_EventDateTimeSeparator":"","_EventTimeRangeSeparator":"","_EventOrganizerID":[],"_EventVenueID":[],"_OrganizerEmail":"","_OrganizerPhone":"","_OrganizerWebsite":"","_VenueAddress":"","_VenueCity":"","_VenueCountry":"","_VenueProvince":"","_VenueState":"","_VenueZip":"","_VenuePhone":"","_VenueURL":"","_VenueStateProvince":"","_VenueLat":"","_VenueLng":"","_VenueShowMap":false,"_VenueShowMapLink":false,"footnotes":""},"class_list":["post-7268","page","type-page","status-publish","hentry"],"yoast_head":"<!-- This site is optimized with the Yoast SEO plugin v27.3 - https:\/\/yoast.com\/product\/yoast-seo-wordpress\/ -->\n<title>Mission of IAPOP - IAPOP<\/title>\n<meta name=\"robots\" content=\"index, follow, max-snippet:-1, max-image-preview:large, max-video-preview:-1\" \/>\n<link rel=\"canonical\" href=\"https:\/\/iapop.com\/fr\/mission\/\" \/>\n<meta property=\"og:locale\" content=\"fr_FR\" \/>\n<meta property=\"og:type\" content=\"article\" \/>\n<meta property=\"og:title\" content=\"Mission of IAPOP - IAPOP\" \/>\n<meta property=\"og:description\" content=\"IAPOP Mission IAPOP is an International Association of practitioners of Process Oriented Psychology, who associate out of their shared values, vision and goals, as well as support for diversity, creativity, [&hellip;]\" \/>\n<meta property=\"og:url\" content=\"https:\/\/iapop.com\/fr\/mission\/\" \/>\n<meta property=\"og:site_name\" content=\"IAPOP\" \/>\n<meta property=\"article:publisher\" content=\"https:\/\/www.facebook.com\/processwork.iapop\" \/>\n<meta property=\"article:modified_time\" content=\"2025-03-10T16:03:34+00:00\" \/>\n<meta property=\"og:image\" content=\"https:\/\/iapop.com\/wp-content\/uploads\/2010\/11\/people0001.gif\" \/>\n\t<meta property=\"og:image:width\" content=\"650\" \/>\n\t<meta property=\"og:image:height\" content=\"200\" \/>\n\t<meta property=\"og:image:type\" content=\"image\/gif\" \/>\n<meta name=\"twitter:card\" content=\"summary_large_image\" \/>\n<meta name=\"twitter:label1\" content=\"Dur\u00e9e de lecture estim\u00e9e\" \/>\n\t<meta name=\"twitter:data1\" content=\"1 minute\" \/>\n<script type=\"application\/ld+json\" class=\"yoast-schema-graph\">{\"@context\":\"https:\\\/\\\/schema.org\",\"@graph\":[{\"@type\":\"WebPage\",\"@id\":\"https:\\\/\\\/iapop.com\\\/mission\\\/\",\"url\":\"https:\\\/\\\/iapop.com\\\/mission\\\/\",\"name\":\"Mission of IAPOP - IAPOP\",\"isPartOf\":{\"@id\":\"http:\\\/\\\/iapop.com\\\/es\\\/#website\"},\"primaryImageOfPage\":{\"@id\":\"https:\\\/\\\/iapop.com\\\/mission\\\/#primaryimage\"},\"image\":{\"@id\":\"https:\\\/\\\/iapop.com\\\/mission\\\/#primaryimage\"},\"thumbnailUrl\":\"https:\\\/\\\/iapop.com\\\/wp-content\\\/uploads\\\/2010\\\/11\\\/people0001.gif\",\"datePublished\":\"2025-02-18T19:16:05+00:00\",\"dateModified\":\"2025-03-10T16:03:34+00:00\",\"breadcrumb\":{\"@id\":\"https:\\\/\\\/iapop.com\\\/mission\\\/#breadcrumb\"},\"inLanguage\":\"fr-FR\",\"potentialAction\":[{\"@type\":\"ReadAction\",\"target\":[\"https:\\\/\\\/iapop.com\\\/mission\\\/\"]}]},{\"@type\":\"ImageObject\",\"inLanguage\":\"fr-FR\",\"@id\":\"https:\\\/\\\/iapop.com\\\/mission\\\/#primaryimage\",\"url\":\"https:\\\/\\\/iapop.com\\\/wp-content\\\/uploads\\\/2010\\\/11\\\/people0001.gif\",\"contentUrl\":\"https:\\\/\\\/iapop.com\\\/wp-content\\\/uploads\\\/2010\\\/11\\\/people0001.gif\"},{\"@type\":\"BreadcrumbList\",\"@id\":\"https:\\\/\\\/iapop.com\\\/mission\\\/#breadcrumb\",\"itemListElement\":[{\"@type\":\"ListItem\",\"position\":1,\"name\":\"Home\",\"item\":\"https:\\\/\\\/iapop.com\\\/\"},{\"@type\":\"ListItem\",\"position\":2,\"name\":\"Mission of IAPOP\"}]},{\"@type\":\"WebSite\",\"@id\":\"http:\\\/\\\/iapop.com\\\/es\\\/#website\",\"url\":\"http:\\\/\\\/iapop.com\\\/es\\\/\",\"name\":\"IAPOP\",\"description\":\"Process Oriented Psychology\",\"publisher\":{\"@id\":\"http:\\\/\\\/iapop.com\\\/es\\\/#organization\"},\"potentialAction\":[{\"@type\":\"SearchAction\",\"target\":{\"@type\":\"EntryPoint\",\"urlTemplate\":\"http:\\\/\\\/iapop.com\\\/es\\\/?s={search_term_string}\"},\"query-input\":{\"@type\":\"PropertyValueSpecification\",\"valueRequired\":true,\"valueName\":\"search_term_string\"}}],\"inLanguage\":\"fr-FR\"},{\"@type\":\"Organization\",\"@id\":\"http:\\\/\\\/iapop.com\\\/es\\\/#organization\",\"name\":\"IAPOP\",\"url\":\"http:\\\/\\\/iapop.com\\\/es\\\/\",\"logo\":{\"@type\":\"ImageObject\",\"inLanguage\":\"fr-FR\",\"@id\":\"http:\\\/\\\/iapop.com\\\/es\\\/#\\\/schema\\\/logo\\\/image\\\/\",\"url\":\"https:\\\/\\\/iapop.com\\\/wp-content\\\/uploads\\\/2024\\\/12\\\/Logo-300x131-1.png\",\"contentUrl\":\"https:\\\/\\\/iapop.com\\\/wp-content\\\/uploads\\\/2024\\\/12\\\/Logo-300x131-1.png\",\"width\":300,\"height\":131,\"caption\":\"IAPOP\"},\"image\":{\"@id\":\"http:\\\/\\\/iapop.com\\\/es\\\/#\\\/schema\\\/logo\\\/image\\\/\"},\"sameAs\":[\"https:\\\/\\\/www.facebook.com\\\/processwork.iapop\"]}]}<\/script>\n<!-- \/ Yoast SEO plugin. -->","yoast_head_json":{"title":"Mission de l'IAPOP - IAPOP","robots":{"index":"index","follow":"follow","max-snippet":"max-snippet:-1","max-image-preview":"max-image-preview:large","max-video-preview":"max-video-preview:-1"},"canonical":"https:\/\/iapop.com\/fr\/mission\/","og_locale":"fr_FR","og_type":"article","og_title":"Mission of IAPOP - IAPOP","og_description":"IAPOP Mission IAPOP is an International Association of practitioners of Process Oriented Psychology, who associate out of their shared values, vision and goals, as well as support for diversity, creativity, [&hellip;]","og_url":"https:\/\/iapop.com\/fr\/mission\/","og_site_name":"IAPOP","article_publisher":"https:\/\/www.facebook.com\/processwork.iapop","article_modified_time":"2025-03-10T16:03:34+00:00","og_image":[{"width":650,"height":200,"url":"https:\/\/iapop.com\/wp-content\/uploads\/2010\/11\/people0001.gif","type":"image\/gif"}],"twitter_card":"summary_large_image","twitter_misc":{"Dur\u00e9e de lecture estim\u00e9e":"1 minute"},"schema":{"@context":"https:\/\/schema.org","@graph":[{"@type":"WebPage","@id":"https:\/\/iapop.com\/mission\/","url":"https:\/\/iapop.com\/mission\/","name":"Mission de l'IAPOP - IAPOP","isPartOf":{"@id":"http:\/\/iapop.com\/es\/#website"},"primaryImageOfPage":{"@id":"https:\/\/iapop.com\/mission\/#primaryimage"},"image":{"@id":"https:\/\/iapop.com\/mission\/#primaryimage"},"thumbnailUrl":"https:\/\/iapop.com\/wp-content\/uploads\/2010\/11\/people0001.gif","datePublished":"2025-02-18T19:16:05+00:00","dateModified":"2025-03-10T16:03:34+00:00","breadcrumb":{"@id":"https:\/\/iapop.com\/mission\/#breadcrumb"},"inLanguage":"fr-FR","potentialAction":[{"@type":"ReadAction","target":["https:\/\/iapop.com\/mission\/"]}]},{"@type":"ImageObject","inLanguage":"fr-FR","@id":"https:\/\/iapop.com\/mission\/#primaryimage","url":"https:\/\/iapop.com\/wp-content\/uploads\/2010\/11\/people0001.gif","contentUrl":"https:\/\/iapop.com\/wp-content\/uploads\/2010\/11\/people0001.gif"},{"@type":"BreadcrumbList","@id":"https:\/\/iapop.com\/mission\/#breadcrumb","itemListElement":[{"@type":"ListItem","position":1,"name":"Home","item":"https:\/\/iapop.com\/"},{"@type":"ListItem","position":2,"name":"Mission of IAPOP"}]},{"@type":"WebSite","@id":"http:\/\/iapop.com\/es\/#website","url":"http:\/\/iapop.com\/es\/","name":"IAPOP","description":"Psychologie ax\u00e9e sur les processus","publisher":{"@id":"http:\/\/iapop.com\/es\/#organization"},"potentialAction":[{"@type":"SearchAction","target":{"@type":"EntryPoint","urlTemplate":"http:\/\/iapop.com\/es\/?s={search_term_string}"},"query-input":{"@type":"PropertyValueSpecification","valueRequired":true,"valueName":"search_term_string"}}],"inLanguage":"fr-FR"},{"@type":"Organization","@id":"http:\/\/iapop.com\/es\/#organization","name":"IAPOP","url":"http:\/\/iapop.com\/es\/","logo":{"@type":"ImageObject","inLanguage":"fr-FR","@id":"http:\/\/iapop.com\/es\/#\/schema\/logo\/image\/","url":"https:\/\/iapop.com\/wp-content\/uploads\/2024\/12\/Logo-300x131-1.png","contentUrl":"https:\/\/iapop.com\/wp-content\/uploads\/2024\/12\/Logo-300x131-1.png","width":300,"height":131,"caption":"IAPOP"},"image":{"@id":"http:\/\/iapop.com\/es\/#\/schema\/logo\/image\/"},"sameAs":["https:\/\/www.facebook.com\/processwork.iapop"]}]}},"_links":{"self":[{"href":"https:\/\/iapop.com\/fr\/wp-json\/wp\/v2\/pages\/7268","targetHints":{"allow":["GET"]}}],"collection":[{"href":"https:\/\/iapop.com\/fr\/wp-json\/wp\/v2\/pages"}],"about":[{"href":"https:\/\/iapop.com\/fr\/wp-json\/wp\/v2\/types\/page"}],"author":[{"embeddable":true,"href":"https:\/\/iapop.com\/fr\/wp-json\/wp\/v2\/users\/250"}],"replies":[{"embeddable":true,"href":"https:\/\/iapop.com\/fr\/wp-json\/wp\/v2\/comments?post=7268"}],"version-history":[{"count":1,"href":"https:\/\/iapop.com\/fr\/wp-json\/wp\/v2\/pages\/7268\/revisions"}],"predecessor-version":[{"id":7453,"href":"https:\/\/iapop.com\/fr\/wp-json\/wp\/v2\/pages\/7268\/revisions\/7453"}],"wp:attachment":[{"href":"https:\/\/iapop.com\/fr\/wp-json\/wp\/v2\/media?parent=7268"}],"curies":[{"name":"wp","href":"https:\/\/api.w.org\/{rel}","templated":true}]}}