{"id":7283,"date":"2025-02-19T16:12:39","date_gmt":"2025-02-19T16:12:39","guid":{"rendered":"https:\/\/test.iapop.com\/?page_id=7283"},"modified":"2025-03-14T08:34:42","modified_gmt":"2025-03-14T08:34:42","slug":"training-council","status":"publish","type":"page","link":"https:\/\/iapop.com\/fr\/training-council\/","title":{"rendered":"Conseil de formation de l'IAPOP"},"content":{"rendered":"<h1 class=\"wp-block-heading\">Conseil de formation de l'IAPOP et \u00e9coles de formation au niveau du dipl\u00f4me<\/h1>\n\n\n\n<p>Le Conseil de formation de l'IAPOP assure une repr\u00e9sentation internationale collaborative de toutes les formations au dipl\u00f4me de travail sur les proc\u00e9d\u00e9s. Le Conseil est une plateforme permettant aux repr\u00e9sentants des programmes de formation au travail sur les proc\u00e9d\u00e9s de d\u00e9velopper et de mettre \u00e0 jour l'environnement de formation, de partager les ressources et de s'engager dans le d\u00e9veloppement professionnel afin d'am\u00e9liorer les comp\u00e9tences des dipl\u00f4m\u00e9s.<\/p>\n\n\n\n<p>Les dipl\u00f4m\u00e9s des \u00e9coles de Process Work ont une compr\u00e9hension approfondie du paradigme et poss\u00e8dent des comp\u00e9tences de praticien dans un large \u00e9ventail d'applications : travail clinique et th\u00e9rapeutique, sant\u00e9, facilitation, d\u00e9veloppement organisationnel et renforcement des communaut\u00e9s, r\u00e9solution des conflits, arts, politique et \u00e9ducation, dans divers contextes professionnels et sociologiques.  <\/p>\n\n\n\n<p><\/p>\n\n\n\n<div class=\"wp-block-buttons is-layout-flex wp-block-buttons-is-layout-flex\">\n<div class=\"wp-block-button\"><a class=\"wp-block-button__link wp-element-button\" href=\"https:\/\/iapop.com\/fr\/training-centers\/\">Liste des \u00e9coles de formation dipl\u00f4mante<\/a><\/div>\n<\/div>\n\n\n\n<div style=\"height:20px\" aria-hidden=\"true\" class=\"wp-block-spacer\"><\/div>\n\n\n\n<h2 class=\"wp-block-heading\">Le r\u00f4le de facilitation du Conseil de formation de l'IAPOP dans le cadre des programmes de travail sur les processus<\/h2>\n\n\n\n<div class=\"wp-block-group is-layout-grid wp-container-core-group-is-layout-075ae125 wp-block-group-is-layout-grid\">\n<div class=\"wp-block-group has-brand-secondary-lighter-3-background-color has-background wp-container-content-676d4b7a is-layout-flow wp-block-group-is-layout-flow\" style=\"padding-top:var(--wp--preset--spacing--20);padding-bottom:var(--wp--preset--spacing--20)\">\n<h3 class=\"wp-block-heading\" style=\"text-transform:uppercase\"><i class=\"fas fa-user-group\"><\/i> Conseil de formation de l'IAPOP<\/h3>\n\n\n\n<ul style=\"padding-right:0;padding-left:0\" class=\"wp-block-list has-gray-base-color has-text-color has-link-color has-small-font-size wp-elements-c5be29bdbea91a962eceb53b247188c3\">\n<li style=\"padding-top:var(--wp--preset--spacing--5);padding-bottom:var(--wp--preset--spacing--5)\">Repr\u00e9sentants de toutes les \u00e9coles de travail sur les processus qui proposent une formation dipl\u00f4mante<\/li>\n\n\n\n<li style=\"padding-top:var(--wp--preset--spacing--5);padding-bottom:var(--wp--preset--spacing--5)\">Coop\u00e9ration internationale entre les \u00e9coles de formation<\/li>\n\n\n\n<li style=\"padding-top:var(--wp--preset--spacing--5);padding-bottom:var(--wp--preset--spacing--5)\">\u00c9change collaboratif et soutien entre les \u00e9coles de cuisine industrielle sur des sujets d'int\u00e9r\u00eat mutuel.<\/li>\n\n\n\n<li>\u00c9laboration d'un programme d'\u00e9tudes et de comp\u00e9tences en mati\u00e8re de travail sur les processus pour l'obtention d'un dipl\u00f4me dans divers contextes culturels et sociologiques <\/li>\n\n\n\n<li style=\"padding-top:var(--wp--preset--spacing--5);padding-bottom:var(--wp--preset--spacing--5)\">D\u00e9veloppement partag\u00e9 de l'infrastructure, de l'innovation, des ressources, de la qualit\u00e9 de l'enseignement et des comp\u00e9tences attendues pour le travail de transformation Dipl\u00f4m\u00e9s (diplomates)<\/li>\n<\/ul>\n<\/div>\n\n\n\n<div class=\"wp-block-group has-brand-secondary-lighter-3-background-color has-background wp-container-content-676d4b7a is-layout-flow wp-block-group-is-layout-flow\" style=\"padding-top:var(--wp--preset--spacing--20);padding-bottom:var(--wp--preset--spacing--20)\">\n<h3 class=\"wp-block-heading\" style=\"text-transform:uppercase\"><i class=\"fas fa-graduation-cap\"><\/i> \u00c9coles de formation dipl\u00f4mante<\/h3>\n\n\n\n<ul style=\"padding-right:0;padding-left:0\" class=\"wp-block-list has-gray-base-color has-text-color has-small-font-size\">\n<li style=\"padding-top:var(--wp--preset--spacing--5);padding-right:0;padding-bottom:var(--wp--preset--spacing--5);padding-left:0\">Au moins 3 diplomates ayant le niveau de comp\u00e9tence requis (cf. <a href=\"\/wp-content\/uploads\/2021\/07\/IAPOP-Niveaux de comp\u00e9tence.pdf\" target=\"_blank\" rel=\"noreferrer noopener\">Niveaux de comp\u00e9tence de l'IAPOP )<\/a>sont responsables de la gestion, du programme d'\u00e9tudes, de l'enseignement et de l'examen\/\u00e9valuation des aptitudes\/comp\u00e9tences des \u00e9tudiants.<\/li>\n\n\n\n<li style=\"padding-top:var(--wp--preset--spacing--5);padding-right:0;padding-bottom:var(--wp--preset--spacing--5);padding-left:0\">Respecter les normes du \"dipl\u00f4me\" et les lignes directrices en mati\u00e8re d'\u00e9thique.<\/li>\n\n\n\n<li style=\"padding-top:var(--wp--preset--spacing--5);padding-right:0;padding-bottom:var(--wp--preset--spacing--5);padding-left:0\">Affili\u00e9 et en relation avec la communaut\u00e9 internationale de Process Work au sens large<\/li>\n\n\n\n<li style=\"padding-top:var(--wp--preset--spacing--5);padding-right:0;padding-bottom:var(--wp--preset--spacing--5);padding-left:0\">Le formateur senior externe de Process Work a un a\u00een\u00e9\/mentor\/superviseur\/coach \u00e9thique (voir <a href=\"\/wp-content\/uploads\/2021\/07\/IAPOP-Council_Role-of-External-Mentor_Elder-final.pdf\" target=\"_blank\" rel=\"noreferrer noopener\">Conseil de l'IAPOP_R\u00f4le du mentor externe_A\u00een\u00e9 final)<\/a><\/li>\n\n\n\n<li style=\"padding-top:var(--wp--preset--spacing--5);padding-right:0;padding-bottom:var(--wp--preset--spacing--5);padding-left:0\">Le repr\u00e9sentant du centre de formation participe en tant que membre au conseil de formation de l'IAPOP. <\/li>\n\n\n\n<li style=\"padding-top:var(--wp--preset--spacing--5);padding-right:0;padding-bottom:var(--wp--preset--spacing--5);padding-left:0\">Voir <a href=\"\/wp-content\/uploads\/2020\/02\/Best-Practice-for-Diploma-of-Process-Oriented-Psychology-Programs-and-Establishing-New-Diploma-Programs.pdf (en anglais)\" target=\"_blank\" rel=\"noreferrer noopener\">Meilleure pratique pour les programmes de dipl\u00f4me en psychologie orient\u00e9e vers les processus et pour l'\u00e9tablissement de nouveaux programmes de dipl\u00f4me<\/a> (t\u00e9l\u00e9chargement PDF).<\/li>\n\n\n\n<li style=\"padding-top:var(--wp--preset--spacing--5);padding-right:0;padding-bottom:var(--wp--preset--spacing--5);padding-left:0\">Formation au niveau du dipl\u00f4me Les \u00e9coles s'engagent \u00e0 d\u00e9velopper les comp\u00e9tences professionnelles de base du PW (cf. <a href=\"\/wp-content\/uploads\/2021\/07\/CORE-PW-COMPETENCIES.pdf\" target=\"_blank\" rel=\"noreferrer noopener\">COMP\u00c9TENCES ESSENTIELLES DE PW<\/a>)<\/li>\n<\/ul>\n<\/div>\n\n\n\n<div class=\"wp-block-group has-brand-secondary-lighter-2-background-color has-background wp-container-content-676d4b7a is-layout-flow wp-block-group-is-layout-flow\" style=\"padding-top:var(--wp--preset--spacing--20);padding-bottom:var(--wp--preset--spacing--20)\">\n<h3 class=\"wp-block-heading\" style=\"text-transform:uppercase\"><i class=\"fas fa-earth-americas\"><\/i> IAPOP<\/h3>\n\n\n\n<ul style=\"padding-right:0;padding-left:0\" class=\"wp-block-list has-gray-base-color has-text-color has-link-color has-small-font-size wp-elements-7573a2673b51b698cce3908091052f86\">\n<li style=\"padding-top:var(--wp--preset--spacing--5);padding-bottom:var(--wp--preset--spacing--5)\">Processus de travail international cr\u00e9ation d'une communaut\u00e9 et collaborations<\/li>\n\n\n\n<li style=\"padding-top:var(--wp--preset--spacing--5);padding-bottom:var(--wp--preset--spacing--5)\">Reconnaissance du travail de processus <a href=\"https:\/\/iapop.com\/fr\/training-centers\/\">\u00c9coles de formation<\/a><\/li>\n\n\n\n<li style=\"padding-top:var(--wp--preset--spacing--5);padding-bottom:var(--wp--preset--spacing--5)\">R\u00e9seaux et partenariats coll\u00e9giaux <\/li>\n\n\n\n<li style=\"padding-top:var(--wp--preset--spacing--5);padding-bottom:var(--wp--preset--spacing--5)\">Organisme professionnel pour <a href=\"https:\/\/iapop.com\/fr\/directory\/\">Membres de l'IAPOP<\/a><\/li>\n\n\n\n<li style=\"padding-top:var(--wp--preset--spacing--5);padding-bottom:var(--wp--preset--spacing--5)\">Un centre de m\u00e9dias sociaux pour les activit\u00e9s de travail sur les processus <\/li>\n\n\n\n<li style=\"padding-top:var(--wp--preset--spacing--5);padding-bottom:var(--wp--preset--spacing--5)\">\u00c9v\u00e9nements internationaux de formation de Worldwork <\/li>\n\n\n\n<li style=\"padding-top:var(--wp--preset--spacing--5);padding-bottom:var(--wp--preset--spacing--5)\">Worldwork, Deep Democracy et Process Work : <a href=\"https:\/\/iapop.com\/fr\/research-fests\/\">F\u00eates de la recherche<\/a>, <a href=\"https:\/\/iapop.com\/fr\/process-space-journal\/\">Journal<\/a>, <a href=\"https:\/\/iapop.com\/fr\/dissertations\/\">Dissertations<\/a> etc. <\/li>\n\n\n\n<li style=\"padding-top:var(--wp--preset--spacing--5);padding-bottom:var(--wp--preset--spacing--5)\">Conf\u00e9rences et symposiums de l'IAPOP <\/li>\n<\/ul>\n<\/div>\n<\/div>\n\n\n\n<div style=\"height:20px\" aria-hidden=\"true\" class=\"wp-block-spacer\"><\/div>\n\n\n\n<h2 class=\"wp-block-heading\"><strong>Le Conseil de la formation est une plateforme pour :<\/strong><\/h2>\n\n\n\n<ul class=\"wp-block-list\">\n<li>le coapprentissage et la collaboration entre les \u00e9tablissements du Programme du dipl\u00f4me<\/li>\n\n\n\n<li>la continuit\u00e9 et le respect du cadre \u00e9tabli pour les nouvelles \u00e9coles de formation au dipl\u00f4me <a href=\"\/wp-content\/uploads\/2020\/02\/Best-Practice-for-Diploma-of-Process-Oriented-Psychology-Programs-and-Establishing-New-Diploma-Programs.pdf (en anglais)\" target=\"_blank\" rel=\"noreferrer noopener\">Meilleure pratique pour les programmes de dipl\u00f4me en psychologie orient\u00e9e vers les processus et pour l'\u00e9tablissement de nouveaux programmes de dipl\u00f4me<\/a> (PDF)<\/li>\n\n\n\n<li>\u00e9laboration d'un programme commun pour les formations au niveau du dipl\u00f4me<\/li>\n\n\n\n<li>soutien \u00e0 des sujets d'int\u00e9r\u00eat commun dans le cadre de parcours d'apprentissage \u00e9volutifs dans diverses cultures et r\u00e9gions&nbsp;<\/li>\n\n\n\n<li>maintenir l'accent sur l'apprentissage et les \u00e9tudiants&nbsp;<\/li>\n<\/ul>\n\n\n\n<h2 class=\"wp-block-heading\"><strong>Formation des coordinateurs du Conseil : <\/strong><\/h2>\n\n\n\n<ul class=\"wp-block-list\">\n<li>Assurer la direction et la facilitation de l'objectif et de la strat\u00e9gie du Conseil de formation <\/li>\n\n\n\n<li>Coordonner les r\u00e9unions et assurer la continuit\u00e9 des priorit\u00e9s qui en d\u00e9coulent<\/li>\n\n\n\n<li>Servir de pont entre le conseil d'administration de l'IAPOP et le conseil de formation.&nbsp;<\/li>\n\n\n\n<li>Fournir un point de contact pour les nouvelles \u00e9coles qui souhaitent s'affilier \u00e0 l'IAPOP Voir <a href=\"\/wp-content\/uploads\/2020\/02\/Best-Practice-for-Diploma-of-Process-Oriented-Psychology-Programs-and-Establishing-New-Diploma-Programs.pdf (en anglais)\" target=\"_blank\" rel=\"noreferrer noopener\">Meilleure pratique pour les programmes de dipl\u00f4me en psychologie orient\u00e9e vers les processus et pour l'\u00e9tablissement de nouveaux programmes de dipl\u00f4me<\/a> (PDF)<\/li>\n<\/ul>\n\n\n\n<div style=\"height:20px\" aria-hidden=\"true\" class=\"wp-block-spacer\"><\/div>\n\n\n\n<h2 class=\"wp-block-heading\">Coordinateurs :<\/h2>\n\n\n\n<p>Stanya Studentova et Julia Wolfson&nbsp;<\/p>\n\n\n\n<p>Contact : <a href=\"mailto:admin@iapop.com\">admin@iapop.com<\/a> <\/p>\n\n\n\n<p>Merci de votre attention !&nbsp;<\/p>\n\n\n\n<p><\/p>","protected":false},"excerpt":{"rendered":"<p>IAPOP Training Council &amp; Diploma Level Training Schools IAPOP Training Council provides a collaborative international representation of all Process Work Diploma Trainings. The Council is a platform for Process Work [&hellip;]<\/p>\n","protected":false},"author":250,"featured_media":0,"parent":0,"menu_order":0,"comment_status":"closed","ping_status":"closed","template":"","meta":{"_EventAllDay":false,"_EventTimezone":"","_EventStartDate":"","_EventEndDate":"","_EventStartDateUTC":"","_EventEndDateUTC":"","_EventShowMap":false,"_EventShowMapLink":false,"_EventURL":"","_EventCost":"","_EventCostDescription":"","_EventCurrencySymbol":"","_EventCurrencyCode":"","_EventCurrencyPosition":"","_EventDateTimeSeparator":"","_EventTimeRangeSeparator":"","_EventOrganizerID":[],"_EventVenueID":[],"_OrganizerEmail":"","_OrganizerPhone":"","_OrganizerWebsite":"","_VenueAddress":"","_VenueCity":"","_VenueCountry":"","_VenueProvince":"","_VenueState":"","_VenueZip":"","_VenuePhone":"","_VenueURL":"","_VenueStateProvince":"","_VenueLat":"","_VenueLng":"","_VenueShowMap":false,"_VenueShowMapLink":false,"footnotes":""},"class_list":["post-7283","page","type-page","status-publish","hentry"],"yoast_head":"<!-- This site is optimized with the Yoast SEO plugin v27.3 - https:\/\/yoast.com\/product\/yoast-seo-wordpress\/ -->\n<title>IAPOP Training Council - IAPOP<\/title>\n<meta name=\"robots\" content=\"index, follow, max-snippet:-1, max-image-preview:large, max-video-preview:-1\" \/>\n<link rel=\"canonical\" href=\"https:\/\/iapop.com\/fr\/training-council\/\" \/>\n<meta property=\"og:locale\" content=\"fr_FR\" \/>\n<meta property=\"og:type\" content=\"article\" \/>\n<meta property=\"og:title\" content=\"IAPOP Training Council - IAPOP\" \/>\n<meta property=\"og:description\" content=\"IAPOP Training Council &amp; Diploma Level Training Schools IAPOP Training Council provides a collaborative international representation of all Process Work Diploma Trainings. The Council is a platform for Process Work [&hellip;]\" \/>\n<meta property=\"og:url\" content=\"https:\/\/iapop.com\/fr\/training-council\/\" \/>\n<meta property=\"og:site_name\" content=\"IAPOP\" \/>\n<meta property=\"article:publisher\" content=\"https:\/\/www.facebook.com\/processwork.iapop\" \/>\n<meta property=\"article:modified_time\" content=\"2025-03-14T08:34:42+00:00\" \/>\n<meta name=\"twitter:card\" content=\"summary_large_image\" \/>\n<meta name=\"twitter:label1\" content=\"Dur\u00e9e de lecture estim\u00e9e\" \/>\n\t<meta name=\"twitter:data1\" content=\"3 minutes\" \/>\n<script type=\"application\/ld+json\" class=\"yoast-schema-graph\">{\"@context\":\"https:\\\/\\\/schema.org\",\"@graph\":[{\"@type\":\"WebPage\",\"@id\":\"https:\\\/\\\/iapop.com\\\/training-council\\\/\",\"url\":\"https:\\\/\\\/iapop.com\\\/training-council\\\/\",\"name\":\"IAPOP Training Council - IAPOP\",\"isPartOf\":{\"@id\":\"http:\\\/\\\/iapop.com\\\/es\\\/#website\"},\"datePublished\":\"2025-02-19T16:12:39+00:00\",\"dateModified\":\"2025-03-14T08:34:42+00:00\",\"breadcrumb\":{\"@id\":\"https:\\\/\\\/iapop.com\\\/training-council\\\/#breadcrumb\"},\"inLanguage\":\"fr-FR\",\"potentialAction\":[{\"@type\":\"ReadAction\",\"target\":[\"https:\\\/\\\/iapop.com\\\/training-council\\\/\"]}]},{\"@type\":\"BreadcrumbList\",\"@id\":\"https:\\\/\\\/iapop.com\\\/training-council\\\/#breadcrumb\",\"itemListElement\":[{\"@type\":\"ListItem\",\"position\":1,\"name\":\"Home\",\"item\":\"https:\\\/\\\/iapop.com\\\/\"},{\"@type\":\"ListItem\",\"position\":2,\"name\":\"IAPOP Training Council\"}]},{\"@type\":\"WebSite\",\"@id\":\"http:\\\/\\\/iapop.com\\\/es\\\/#website\",\"url\":\"http:\\\/\\\/iapop.com\\\/es\\\/\",\"name\":\"IAPOP\",\"description\":\"Process Oriented Psychology\",\"publisher\":{\"@id\":\"http:\\\/\\\/iapop.com\\\/es\\\/#organization\"},\"potentialAction\":[{\"@type\":\"SearchAction\",\"target\":{\"@type\":\"EntryPoint\",\"urlTemplate\":\"http:\\\/\\\/iapop.com\\\/es\\\/?s={search_term_string}\"},\"query-input\":{\"@type\":\"PropertyValueSpecification\",\"valueRequired\":true,\"valueName\":\"search_term_string\"}}],\"inLanguage\":\"fr-FR\"},{\"@type\":\"Organization\",\"@id\":\"http:\\\/\\\/iapop.com\\\/es\\\/#organization\",\"name\":\"IAPOP\",\"url\":\"http:\\\/\\\/iapop.com\\\/es\\\/\",\"logo\":{\"@type\":\"ImageObject\",\"inLanguage\":\"fr-FR\",\"@id\":\"http:\\\/\\\/iapop.com\\\/es\\\/#\\\/schema\\\/logo\\\/image\\\/\",\"url\":\"https:\\\/\\\/iapop.com\\\/wp-content\\\/uploads\\\/2024\\\/12\\\/Logo-300x131-1.png\",\"contentUrl\":\"https:\\\/\\\/iapop.com\\\/wp-content\\\/uploads\\\/2024\\\/12\\\/Logo-300x131-1.png\",\"width\":300,\"height\":131,\"caption\":\"IAPOP\"},\"image\":{\"@id\":\"http:\\\/\\\/iapop.com\\\/es\\\/#\\\/schema\\\/logo\\\/image\\\/\"},\"sameAs\":[\"https:\\\/\\\/www.facebook.com\\\/processwork.iapop\"]}]}<\/script>\n<!-- \/ Yoast SEO plugin. -->","yoast_head_json":{"title":"Conseil de formation de l'IAPOP - IAPOP","robots":{"index":"index","follow":"follow","max-snippet":"max-snippet:-1","max-image-preview":"max-image-preview:large","max-video-preview":"max-video-preview:-1"},"canonical":"https:\/\/iapop.com\/fr\/training-council\/","og_locale":"fr_FR","og_type":"article","og_title":"IAPOP Training Council - IAPOP","og_description":"IAPOP Training Council &amp; Diploma Level Training Schools IAPOP Training Council provides a collaborative international representation of all Process Work Diploma Trainings. The Council is a platform for Process Work [&hellip;]","og_url":"https:\/\/iapop.com\/fr\/training-council\/","og_site_name":"IAPOP","article_publisher":"https:\/\/www.facebook.com\/processwork.iapop","article_modified_time":"2025-03-14T08:34:42+00:00","twitter_card":"summary_large_image","twitter_misc":{"Dur\u00e9e de lecture estim\u00e9e":"3 minutes"},"schema":{"@context":"https:\/\/schema.org","@graph":[{"@type":"WebPage","@id":"https:\/\/iapop.com\/training-council\/","url":"https:\/\/iapop.com\/training-council\/","name":"Conseil de formation de l'IAPOP - IAPOP","isPartOf":{"@id":"http:\/\/iapop.com\/es\/#website"},"datePublished":"2025-02-19T16:12:39+00:00","dateModified":"2025-03-14T08:34:42+00:00","breadcrumb":{"@id":"https:\/\/iapop.com\/training-council\/#breadcrumb"},"inLanguage":"fr-FR","potentialAction":[{"@type":"ReadAction","target":["https:\/\/iapop.com\/training-council\/"]}]},{"@type":"BreadcrumbList","@id":"https:\/\/iapop.com\/training-council\/#breadcrumb","itemListElement":[{"@type":"ListItem","position":1,"name":"Home","item":"https:\/\/iapop.com\/"},{"@type":"ListItem","position":2,"name":"IAPOP Training Council"}]},{"@type":"WebSite","@id":"http:\/\/iapop.com\/es\/#website","url":"http:\/\/iapop.com\/es\/","name":"IAPOP","description":"Psychologie ax\u00e9e sur les processus","publisher":{"@id":"http:\/\/iapop.com\/es\/#organization"},"potentialAction":[{"@type":"SearchAction","target":{"@type":"EntryPoint","urlTemplate":"http:\/\/iapop.com\/es\/?s={search_term_string}"},"query-input":{"@type":"PropertyValueSpecification","valueRequired":true,"valueName":"search_term_string"}}],"inLanguage":"fr-FR"},{"@type":"Organization","@id":"http:\/\/iapop.com\/es\/#organization","name":"IAPOP","url":"http:\/\/iapop.com\/es\/","logo":{"@type":"ImageObject","inLanguage":"fr-FR","@id":"http:\/\/iapop.com\/es\/#\/schema\/logo\/image\/","url":"https:\/\/iapop.com\/wp-content\/uploads\/2024\/12\/Logo-300x131-1.png","contentUrl":"https:\/\/iapop.com\/wp-content\/uploads\/2024\/12\/Logo-300x131-1.png","width":300,"height":131,"caption":"IAPOP"},"image":{"@id":"http:\/\/iapop.com\/es\/#\/schema\/logo\/image\/"},"sameAs":["https:\/\/www.facebook.com\/processwork.iapop"]}]}},"_links":{"self":[{"href":"https:\/\/iapop.com\/fr\/wp-json\/wp\/v2\/pages\/7283","targetHints":{"allow":["GET"]}}],"collection":[{"href":"https:\/\/iapop.com\/fr\/wp-json\/wp\/v2\/pages"}],"about":[{"href":"https:\/\/iapop.com\/fr\/wp-json\/wp\/v2\/types\/page"}],"author":[{"embeddable":true,"href":"https:\/\/iapop.com\/fr\/wp-json\/wp\/v2\/users\/250"}],"replies":[{"embeddable":true,"href":"https:\/\/iapop.com\/fr\/wp-json\/wp\/v2\/comments?post=7283"}],"version-history":[{"count":2,"href":"https:\/\/iapop.com\/fr\/wp-json\/wp\/v2\/pages\/7283\/revisions"}],"predecessor-version":[{"id":7490,"href":"https:\/\/iapop.com\/fr\/wp-json\/wp\/v2\/pages\/7283\/revisions\/7490"}],"wp:attachment":[{"href":"https:\/\/iapop.com\/fr\/wp-json\/wp\/v2\/media?parent=7283"}],"curies":[{"name":"wp","href":"https:\/\/api.w.org\/{rel}","templated":true}]}}