{"id":7666,"date":"2025-06-28T11:05:13","date_gmt":"2025-06-28T10:05:13","guid":{"rendered":"https:\/\/iapop.com\/?page_id=7666"},"modified":"2025-07-12T12:18:58","modified_gmt":"2025-07-12T11:18:58","slug":"tribute-to-arnold-mindell","status":"publish","type":"page","link":"https:\/\/iapop.com\/fr\/tribute-to-arnold-mindell\/","title":{"rendered":"Hommage \u00e0 Arnold Mindell"},"content":{"rendered":"<h1 class=\"wp-block-post-title\">Hommage \u00e0 Arnold Mindell<\/h1>\n\n\n<figure class=\"wp-block-image size-large\"><img decoding=\"async\" src=\"https:\/\/iapop.com\/wp-content\/uploads\/2024\/07\/448826442_10160114639063027_2599602499405783343_n-2-2-1030x686.webp\" alt=\"\" class=\"wp-image-6381\"\/><\/figure>\n\n\n\n<p>C'est avec la plus grande tristesse que nous avons appris le d\u00e9c\u00e8s d'Arnold Mindell le 10 juin dernier.<sup>th<\/sup>, 2024. Arny, notre fondateur, a commenc\u00e9 \u00e0 d\u00e9velopper la psychologie orient\u00e9e vers le processus \u00e0 la fin des ann\u00e9es 1970. Son esprit et son c\u0153ur brillants, sa passion pour la recherche, l'enseignement et l'\u00e9criture, son travail avec les individus et les groupes, et son esprit ludique nous ont profond\u00e9ment inspir\u00e9s et ont touch\u00e9 la vie de milliers de personnes \u00e0 travers le monde. Nous sommes tr\u00e8s \u00e9mus par la multitude de t\u00e9moignages d'amour et de reconnaissance, de pens\u00e9es et de sentiments qui ont afflu\u00e9 de la communaut\u00e9 internationale du Process Work et du monde entier. Comme l'a dit Amy Mindell : \"Il est tellement r\u00e9confortant de sentir que le travail, la vie et l'esprit d'Arny continueront \u00e0 vivre dans tous vos c\u0153urs et \u00e0 travers le travail que chacun d'entre vous accomplit dans le monde, r\u00e9alisant ainsi l'un des souhaits les plus profonds d'Arny : faire du monde un endroit meilleur pour tous.&nbsp;<\/p>\n\n\n\n<p>Arny a toujours \u00e9t\u00e9 un chercheur pragmatique qui, en combinant la physique et la psychologie - et gr\u00e2ce \u00e0 son \u00e9tonnante capacit\u00e9 \u00e0 suivre le processus et \u00e0 lui faire confiance - a toujours cherch\u00e9 de meilleures fa\u00e7ons d'am\u00e9liorer le monde et la condition humaine. Cela l'a conduit \u00e0 d\u00e9velopper le concept et l'approche du Dreambody, \u00e0 \u00e9largir la psychologie individuelle pour y inclure la dynamique de groupe et le worldwork, et bien plus encore, et \u00e0 \u00eatre l'inspiration et le moteur d'un r\u00e9seau international en constante expansion de praticiens du Process Work et de centres de formation dans le monde entier. L'Association internationale de psychologie orient\u00e9e vers le processus (IAPOP) lui sera toujours profond\u00e9ment redevable.&nbsp;<\/p>\n\n\n\n<p>Bien qu'Arny ne soit plus l\u00e0 dans son corps physique, nous savons qu'il sera toujours avec nous. Comme il l'a dit,&nbsp;<em>\"Nous ne sommes ni vivants ni morts, mais un processus continu.<\/em>&nbsp;Il est donc l\u00e0 et continuera \u00e0 nous aider \u00e0 avancer dans l'avenir, alors que nous transmettons son riche h\u00e9ritage au monde, chacun \u00e0 notre mani\u00e8re.&nbsp;<\/p>\n\n\n\n<p>Merci, Arny, d'\u00eatre une lumi\u00e8re pour nous tous.&nbsp;<\/p>\n\n\n\n<p>Si vous souhaitez faire part d'une exp\u00e9rience ou d'un souvenir d'Arny, vous pouvez le faire sur sa page d'hommage \u00e0 l'adresse suivante&nbsp;<a href=\"https:\/\/www.online-tribute.com\/ArnoldMindell\">https:\/\/www.online-tribute.com\/ArnoldMindell<\/a>.&nbsp;<\/p>\n\n\n\n<p><\/p>\n\n\n\n<h2 class=\"wp-block-heading\">Vid\u00e9o c\u00e9l\u00e9brant Arny<\/h2>\n\n\n\n<p>Cette vid\u00e9o a \u00e9t\u00e9 cr\u00e9\u00e9e par Amy Mindell, la compagne d'Arny, pour l'hommage et la c\u00e9l\u00e9bration en ligne qui ont eu lieu le 22 ao\u00fbt 2024. En la regardant, vous verrez une collection sinc\u00e8re de photos, de chansons et de clips vid\u00e9o qui capturent la beaut\u00e9, la profondeur et l'esprit qu'Arny a apport\u00e9s au monde. C'est un hommage fait avec beaucoup d'amour, pour vous aider \u00e0 sentir sa pr\u00e9sence et \u00e0 vous souvenir de la joie et de la sagesse qu'il a partag\u00e9es avec tant de gens. Qu'il vous apporte chaleur, connexion et r\u00e9flexion.<\/p>\n\n\n\n<figure class=\"wp-block-embed is-type-video is-provider-youtube wp-block-embed-youtube wp-embed-aspect-16-9 wp-has-aspect-ratio\"><div class=\"wp-block-embed__wrapper\">\n<iframe loading=\"lazy\" title=\"Un film en l&#039;honneur d&#039;Arnold Mindell (Arny) pour un rassemblement en ligne le 24 ao\u00fbt 2024\" width=\"500\" height=\"281\" src=\"https:\/\/www.youtube.com\/embed\/GbqKt3mknrg?feature=oembed\" frameborder=\"0\" allow=\"accelerometer; autoplay; clipboard-write; encrypted-media; gyroscope; picture-in-picture; web-share\" referrerpolicy=\"strict-origin-when-cross-origin\" allowfullscreen><\/iframe>\n<\/div><\/figure>\n\n\n\n<h2 class=\"wp-block-heading\">Interviews<\/h2>\n\n\n\n<p>Cette interview vivante, intime et informelle d'Arny Mindell a \u00e9t\u00e9 film\u00e9e en d\u00e9cembre 2021. Il s'agit d'une vaste discussion sur sa vie et son travail de cr\u00e9ation d'une \"psychologie orient\u00e9e vers le processus\". L'entretien d'Arny avec Cathy Bernatt a \u00e9t\u00e9 film\u00e9 par Jerry Grant avec l'amour et le soutien d'Amy Mindell.<\/p>\n\n\n\n<figure class=\"wp-block-embed is-type-video is-provider-youtube wp-block-embed-youtube wp-embed-aspect-16-9 wp-has-aspect-ratio\"><div class=\"wp-block-embed__wrapper\">\n<iframe loading=\"lazy\" title=\"Arnold Mindell : auteur, professeur, psychologue, r\u00eaveur : Un portrait (film complet)\" width=\"500\" height=\"281\" src=\"https:\/\/www.youtube.com\/embed\/C7Ja0Hjf0MY?feature=oembed\" frameborder=\"0\" allow=\"accelerometer; autoplay; clipboard-write; encrypted-media; gyroscope; picture-in-picture; web-share\" referrerpolicy=\"strict-origin-when-cross-origin\" allowfullscreen><\/iframe>\n<\/div><\/figure>","protected":false},"excerpt":{"rendered":"<p>It is with utmost sadness that we process and grieve Arnold Mindell\u2019s passing on June 10th, 2024. Arny, our founder, began developing Process Oriented Psychology in the late 1970s. His [&hellip;]<\/p>\n","protected":false},"author":250,"featured_media":0,"parent":0,"menu_order":0,"comment_status":"closed","ping_status":"closed","template":"","meta":{"_EventAllDay":false,"_EventTimezone":"","_EventStartDate":"","_EventEndDate":"","_EventStartDateUTC":"","_EventEndDateUTC":"","_EventShowMap":false,"_EventShowMapLink":false,"_EventURL":"","_EventCost":"","_EventCostDescription":"","_EventCurrencySymbol":"","_EventCurrencyCode":"","_EventCurrencyPosition":"","_EventDateTimeSeparator":"","_EventTimeRangeSeparator":"","_EventOrganizerID":[],"_EventVenueID":[],"_OrganizerEmail":"","_OrganizerPhone":"","_OrganizerWebsite":"","_VenueAddress":"","_VenueCity":"","_VenueCountry":"","_VenueProvince":"","_VenueState":"","_VenueZip":"","_VenuePhone":"","_VenueURL":"","_VenueStateProvince":"","_VenueLat":"","_VenueLng":"","_VenueShowMap":false,"_VenueShowMapLink":false,"footnotes":""},"class_list":["post-7666","page","type-page","status-publish","hentry"],"yoast_head":"<!-- This site is optimized with the Yoast SEO plugin v27.3 - https:\/\/yoast.com\/product\/yoast-seo-wordpress\/ -->\n<title>Tribute to Arnold Mindell - IAPOP<\/title>\n<meta name=\"robots\" content=\"index, follow, max-snippet:-1, max-image-preview:large, max-video-preview:-1\" \/>\n<link rel=\"canonical\" href=\"https:\/\/iapop.com\/fr\/tribute-to-arnold-mindell\/\" \/>\n<meta property=\"og:locale\" content=\"fr_FR\" \/>\n<meta property=\"og:type\" content=\"article\" \/>\n<meta property=\"og:title\" content=\"Tribute to Arnold Mindell - IAPOP\" \/>\n<meta property=\"og:description\" content=\"It is with utmost sadness that we process and grieve Arnold Mindell\u2019s passing on June 10th, 2024. Arny, our founder, began developing Process Oriented Psychology in the late 1970s. His [&hellip;]\" \/>\n<meta property=\"og:url\" content=\"https:\/\/iapop.com\/fr\/tribute-to-arnold-mindell\/\" \/>\n<meta property=\"og:site_name\" content=\"IAPOP\" \/>\n<meta property=\"article:publisher\" content=\"https:\/\/www.facebook.com\/processwork.iapop\" \/>\n<meta property=\"article:modified_time\" content=\"2025-07-12T11:18:58+00:00\" \/>\n<meta property=\"og:image\" content=\"https:\/\/iapop.com\/wp-content\/uploads\/2024\/07\/448826442_10160114639063027_2599602499405783343_n-2-2.avif\" \/>\n\t<meta property=\"og:image:width\" content=\"1280\" \/>\n\t<meta property=\"og:image:height\" content=\"853\" \/>\n\t<meta property=\"og:image:type\" content=\"image\/jpeg\" \/>\n<meta name=\"twitter:card\" content=\"summary_large_image\" \/>\n<meta name=\"twitter:label1\" content=\"Dur\u00e9e de lecture estim\u00e9e\" \/>\n\t<meta name=\"twitter:data1\" content=\"3 minutes\" \/>\n<script type=\"application\/ld+json\" class=\"yoast-schema-graph\">{\"@context\":\"https:\\\/\\\/schema.org\",\"@graph\":[{\"@type\":\"WebPage\",\"@id\":\"https:\\\/\\\/iapop.com\\\/tribute-to-arnold-mindell\\\/\",\"url\":\"https:\\\/\\\/iapop.com\\\/tribute-to-arnold-mindell\\\/\",\"name\":\"Tribute to Arnold Mindell - IAPOP\",\"isPartOf\":{\"@id\":\"http:\\\/\\\/iapop.com\\\/es\\\/#website\"},\"primaryImageOfPage\":{\"@id\":\"https:\\\/\\\/iapop.com\\\/tribute-to-arnold-mindell\\\/#primaryimage\"},\"image\":{\"@id\":\"https:\\\/\\\/iapop.com\\\/tribute-to-arnold-mindell\\\/#primaryimage\"},\"thumbnailUrl\":\"https:\\\/\\\/iapop.com\\\/wp-content\\\/uploads\\\/2024\\\/07\\\/448826442_10160114639063027_2599602499405783343_n-2-2-1030x686.webp\",\"datePublished\":\"2025-06-28T10:05:13+00:00\",\"dateModified\":\"2025-07-12T11:18:58+00:00\",\"breadcrumb\":{\"@id\":\"https:\\\/\\\/iapop.com\\\/tribute-to-arnold-mindell\\\/#breadcrumb\"},\"inLanguage\":\"fr-FR\",\"potentialAction\":[{\"@type\":\"ReadAction\",\"target\":[\"https:\\\/\\\/iapop.com\\\/tribute-to-arnold-mindell\\\/\"]}]},{\"@type\":\"ImageObject\",\"inLanguage\":\"fr-FR\",\"@id\":\"https:\\\/\\\/iapop.com\\\/tribute-to-arnold-mindell\\\/#primaryimage\",\"url\":\"https:\\\/\\\/iapop.com\\\/wp-content\\\/uploads\\\/2024\\\/07\\\/448826442_10160114639063027_2599602499405783343_n-2-2-1030x686.webp\",\"contentUrl\":\"https:\\\/\\\/iapop.com\\\/wp-content\\\/uploads\\\/2024\\\/07\\\/448826442_10160114639063027_2599602499405783343_n-2-2-1030x686.webp\"},{\"@type\":\"BreadcrumbList\",\"@id\":\"https:\\\/\\\/iapop.com\\\/tribute-to-arnold-mindell\\\/#breadcrumb\",\"itemListElement\":[{\"@type\":\"ListItem\",\"position\":1,\"name\":\"Home\",\"item\":\"https:\\\/\\\/iapop.com\\\/\"},{\"@type\":\"ListItem\",\"position\":2,\"name\":\"Tribute to Arnold Mindell\"}]},{\"@type\":\"WebSite\",\"@id\":\"http:\\\/\\\/iapop.com\\\/es\\\/#website\",\"url\":\"http:\\\/\\\/iapop.com\\\/es\\\/\",\"name\":\"IAPOP\",\"description\":\"Process Oriented Psychology\",\"publisher\":{\"@id\":\"http:\\\/\\\/iapop.com\\\/es\\\/#organization\"},\"potentialAction\":[{\"@type\":\"SearchAction\",\"target\":{\"@type\":\"EntryPoint\",\"urlTemplate\":\"http:\\\/\\\/iapop.com\\\/es\\\/?s={search_term_string}\"},\"query-input\":{\"@type\":\"PropertyValueSpecification\",\"valueRequired\":true,\"valueName\":\"search_term_string\"}}],\"inLanguage\":\"fr-FR\"},{\"@type\":\"Organization\",\"@id\":\"http:\\\/\\\/iapop.com\\\/es\\\/#organization\",\"name\":\"IAPOP\",\"url\":\"http:\\\/\\\/iapop.com\\\/es\\\/\",\"logo\":{\"@type\":\"ImageObject\",\"inLanguage\":\"fr-FR\",\"@id\":\"http:\\\/\\\/iapop.com\\\/es\\\/#\\\/schema\\\/logo\\\/image\\\/\",\"url\":\"https:\\\/\\\/iapop.com\\\/wp-content\\\/uploads\\\/2024\\\/12\\\/Logo-300x131-1.png\",\"contentUrl\":\"https:\\\/\\\/iapop.com\\\/wp-content\\\/uploads\\\/2024\\\/12\\\/Logo-300x131-1.png\",\"width\":300,\"height\":131,\"caption\":\"IAPOP\"},\"image\":{\"@id\":\"http:\\\/\\\/iapop.com\\\/es\\\/#\\\/schema\\\/logo\\\/image\\\/\"},\"sameAs\":[\"https:\\\/\\\/www.facebook.com\\\/processwork.iapop\"]}]}<\/script>\n<!-- \/ Yoast SEO plugin. -->","yoast_head_json":{"title":"Hommage \u00e0 Arnold Mindell - IAPOP","robots":{"index":"index","follow":"follow","max-snippet":"max-snippet:-1","max-image-preview":"max-image-preview:large","max-video-preview":"max-video-preview:-1"},"canonical":"https:\/\/iapop.com\/fr\/tribute-to-arnold-mindell\/","og_locale":"fr_FR","og_type":"article","og_title":"Tribute to Arnold Mindell - IAPOP","og_description":"It is with utmost sadness that we process and grieve Arnold Mindell\u2019s passing on June 10th, 2024. Arny, our founder, began developing Process Oriented Psychology in the late 1970s. His [&hellip;]","og_url":"https:\/\/iapop.com\/fr\/tribute-to-arnold-mindell\/","og_site_name":"IAPOP","article_publisher":"https:\/\/www.facebook.com\/processwork.iapop","article_modified_time":"2025-07-12T11:18:58+00:00","og_image":[{"width":1280,"height":853,"url":"https:\/\/iapop.com\/wp-content\/uploads\/2024\/07\/448826442_10160114639063027_2599602499405783343_n-2-2.avif","type":"image\/jpeg"}],"twitter_card":"summary_large_image","twitter_misc":{"Dur\u00e9e de lecture estim\u00e9e":"3 minutes"},"schema":{"@context":"https:\/\/schema.org","@graph":[{"@type":"WebPage","@id":"https:\/\/iapop.com\/tribute-to-arnold-mindell\/","url":"https:\/\/iapop.com\/tribute-to-arnold-mindell\/","name":"Hommage \u00e0 Arnold Mindell - IAPOP","isPartOf":{"@id":"http:\/\/iapop.com\/es\/#website"},"primaryImageOfPage":{"@id":"https:\/\/iapop.com\/tribute-to-arnold-mindell\/#primaryimage"},"image":{"@id":"https:\/\/iapop.com\/tribute-to-arnold-mindell\/#primaryimage"},"thumbnailUrl":"https:\/\/iapop.com\/wp-content\/uploads\/2024\/07\/448826442_10160114639063027_2599602499405783343_n-2-2-1030x686.webp","datePublished":"2025-06-28T10:05:13+00:00","dateModified":"2025-07-12T11:18:58+00:00","breadcrumb":{"@id":"https:\/\/iapop.com\/tribute-to-arnold-mindell\/#breadcrumb"},"inLanguage":"fr-FR","potentialAction":[{"@type":"ReadAction","target":["https:\/\/iapop.com\/tribute-to-arnold-mindell\/"]}]},{"@type":"ImageObject","inLanguage":"fr-FR","@id":"https:\/\/iapop.com\/tribute-to-arnold-mindell\/#primaryimage","url":"https:\/\/iapop.com\/wp-content\/uploads\/2024\/07\/448826442_10160114639063027_2599602499405783343_n-2-2-1030x686.webp","contentUrl":"https:\/\/iapop.com\/wp-content\/uploads\/2024\/07\/448826442_10160114639063027_2599602499405783343_n-2-2-1030x686.webp"},{"@type":"BreadcrumbList","@id":"https:\/\/iapop.com\/tribute-to-arnold-mindell\/#breadcrumb","itemListElement":[{"@type":"ListItem","position":1,"name":"Home","item":"https:\/\/iapop.com\/"},{"@type":"ListItem","position":2,"name":"Tribute to Arnold Mindell"}]},{"@type":"WebSite","@id":"http:\/\/iapop.com\/es\/#website","url":"http:\/\/iapop.com\/es\/","name":"IAPOP","description":"Psychologie ax\u00e9e sur les processus","publisher":{"@id":"http:\/\/iapop.com\/es\/#organization"},"potentialAction":[{"@type":"SearchAction","target":{"@type":"EntryPoint","urlTemplate":"http:\/\/iapop.com\/es\/?s={search_term_string}"},"query-input":{"@type":"PropertyValueSpecification","valueRequired":true,"valueName":"search_term_string"}}],"inLanguage":"fr-FR"},{"@type":"Organization","@id":"http:\/\/iapop.com\/es\/#organization","name":"IAPOP","url":"http:\/\/iapop.com\/es\/","logo":{"@type":"ImageObject","inLanguage":"fr-FR","@id":"http:\/\/iapop.com\/es\/#\/schema\/logo\/image\/","url":"https:\/\/iapop.com\/wp-content\/uploads\/2024\/12\/Logo-300x131-1.png","contentUrl":"https:\/\/iapop.com\/wp-content\/uploads\/2024\/12\/Logo-300x131-1.png","width":300,"height":131,"caption":"IAPOP"},"image":{"@id":"http:\/\/iapop.com\/es\/#\/schema\/logo\/image\/"},"sameAs":["https:\/\/www.facebook.com\/processwork.iapop"]}]}},"_links":{"self":[{"href":"https:\/\/iapop.com\/fr\/wp-json\/wp\/v2\/pages\/7666","targetHints":{"allow":["GET"]}}],"collection":[{"href":"https:\/\/iapop.com\/fr\/wp-json\/wp\/v2\/pages"}],"about":[{"href":"https:\/\/iapop.com\/fr\/wp-json\/wp\/v2\/types\/page"}],"author":[{"embeddable":true,"href":"https:\/\/iapop.com\/fr\/wp-json\/wp\/v2\/users\/250"}],"replies":[{"embeddable":true,"href":"https:\/\/iapop.com\/fr\/wp-json\/wp\/v2\/comments?post=7666"}],"version-history":[{"count":3,"href":"https:\/\/iapop.com\/fr\/wp-json\/wp\/v2\/pages\/7666\/revisions"}],"predecessor-version":[{"id":7725,"href":"https:\/\/iapop.com\/fr\/wp-json\/wp\/v2\/pages\/7666\/revisions\/7725"}],"wp:attachment":[{"href":"https:\/\/iapop.com\/fr\/wp-json\/wp\/v2\/media?parent=7666"}],"curies":[{"name":"wp","href":"https:\/\/api.w.org\/{rel}","templated":true}]}}