{"id":7727,"date":"2025-07-13T11:14:46","date_gmt":"2025-07-13T10:14:46","guid":{"rendered":"https:\/\/iapop.com\/?page_id=7727"},"modified":"2025-07-14T05:08:41","modified_gmt":"2025-07-14T04:08:41","slug":"book-chapters","status":"publish","type":"page","link":"https:\/\/iapop.com\/fr\/book-chapters\/","title":{"rendered":"Chapitres de livres"},"content":{"rendered":"<h1 class=\"wp-block-post-title\">Chapitres de livres<\/h1>\n\n\n<div class=\"wp-block-group has-white-background-color has-background is-nowrap is-layout-flex wp-container-core-group-is-layout-e021f648 wp-block-group-is-layout-flex\" style=\"padding-top:var(--wp--preset--spacing--20);padding-bottom:var(--wp--preset--spacing--20)\">\n<div class=\"wp-block-group has-border-color has-gray-lighter-4-border-color has-brand-primary-lighter-3-background-color has-background wp-container-content-29dca9c1 is-layout-constrained wp-container-core-group-is-layout-639b5052 wp-block-group-is-layout-constrained\" style=\"border-width:1px;padding-top:0;padding-right:0;padding-bottom:0;padding-left:0\">\n<figure class=\"wp-block-image size-full\"><img loading=\"lazy\" decoding=\"async\" width=\"600\" height=\"1000\" src=\"https:\/\/iapop.com\/wp-content\/uploads\/2025\/07\/On-Becoming-a-Racially-Sensitive-Therapist-COVER.avif\" alt=\"\" class=\"wp-image-7704\" style=\"object-fit:cover\" srcset=\"https:\/\/iapop.com\/wp-content\/uploads\/2025\/07\/On-Becoming-a-Racially-Sensitive-Therapist-COVER.avif 600w, https:\/\/iapop.com\/wp-content\/uploads\/2025\/07\/On-Becoming-a-Racially-Sensitive-Therapist-COVER-180x300.avif 180w, https:\/\/iapop.com\/wp-content\/uploads\/2025\/07\/On-Becoming-a-Racially-Sensitive-Therapist-COVER-7x12.avif 7w\" sizes=\"auto, (max-width: 600px) 100vw, 600px\" \/><\/figure>\n<\/div>\n\n\n\n<div class=\"wp-block-group is-vertical is-layout-flex wp-container-core-group-is-layout-fe9cc265 wp-block-group-is-layout-flex\">\n<div class=\"wp-block-group is-layout-constrained wp-container-core-group-is-layout-aceb2798 wp-block-group-is-layout-constrained\">\n<p><\/p>\n\n\n\n<p><\/p>\n\n\n\n<h3 class=\"wp-block-heading\">Chapitre de livre : Le pr\u00e9judice racial dans les relations d'aide et un voyage peu commun vers la r\u00e9paration<\/h3>\n\n\n\n<p>Pages 198-225<\/p>\n\n\n\n<p class=\"has-gray-lighter-2-color has-text-color has-link-color has-extra-small-font-size wp-elements-2eb062941e18670cc078383afd95b711\"><span class=\"wp-rich-text-font-awesome-icon wp-font-awesome-icon\"><svg aria-hidden=\"true\" focusable=\"false\" data-prefix=\"fas\" data-icon=\"user\" class=\"svg-inline--fa fa-user\" role=\"img\" xmlns=\"http:\/\/www.w3.org\/2000\/svg\" viewbox=\"0 0 448 512\" style=\"font-size:.8em\" color=\"#626262\"><path fill=\"currentColor\" d=\"M224 256A128 128 0 1 0 224 0a128 128 0 1 0 0 256zm-45.7 48C79.8 304 0 383.8 0 482.3C0 498.7 13.3 512 29.7 512l388.6 0c16.4 0 29.7-13.3 29.7-29.7C448 383.8 368.2 304 269.7 304l-91.4 0z\"><\/path><\/svg><\/span> <a href=\"https:\/\/www.linkedin.com\/in\/yasmeen-rubidge-182b308\/\">Yasmeen Rubidge<\/a> et <a href=\"https:\/\/processworklane.com\/\">Lane Arye<\/a><\/p>\n<\/div>\n\n\n\n<div class=\"wp-block-group is-layout-constrained wp-block-group-is-layout-constrained\">\n<p>Dans le livre : 2025 <em>Devenir un th\u00e9rapeute sensible \u00e0 la race : La race dans la pratique clinique<\/em>\u00e9dit\u00e9 par Kenneth V. Hardy<\/p>\n\n\n\n<p>C'est l'histoire d'une rupture qui a mis fin \u00e0 notre relation de coaching Process Work \/ Worldwork qui avait \u00e9t\u00e9 construite sur une \u00e9tincelle de reconnaissance mutuelle, de compr\u00e9hension, d'ann\u00e9es de travail approfondi et de confiance. Il est \u00e9crit par Yasmeen, une femme noire et musulmane qui a grandi dans des townships s\u00e9gr\u00e9gu\u00e9s d'Afrique du Sud, et par Lane, un homme blanc juif qui a grandi dans des quartiers enti\u00e8rement blancs d'une Am\u00e9rique marqu\u00e9e par la loi du talion. Nous racontons ce qui s'est pass\u00e9 lorsque l'invitation \u00e0 \u00e9crire ce chapitre nous a mis face \u00e0 face, de l'autre c\u00f4t\u00e9 d'un ab\u00eeme. Il s'agit de nos pas en avant, de nos pauses et de nos revirements alors que nous nous engageons sur la voie de la gu\u00e9rison et que nous \u00e9tablissons de nouveaux modes de relation entre les races.<\/p>\n\n\n\n<p><a href=\"https:\/\/wwnorton.com\/books\/9781324082491\/about-the-book\/reviews\">Voir la critique du livre <\/a><\/p>\n<\/div>\n<\/div>\n<\/div>\n\n\n\n<div class=\"wp-block-group has-white-background-color has-background is-nowrap is-layout-flex wp-container-core-group-is-layout-e021f648 wp-block-group-is-layout-flex\" style=\"padding-top:var(--wp--preset--spacing--20);padding-bottom:var(--wp--preset--spacing--20)\">\n<div class=\"wp-block-group has-border-color has-gray-lighter-4-border-color has-brand-primary-lighter-3-background-color has-background wp-container-content-29dca9c1 is-layout-constrained wp-container-core-group-is-layout-639b5052 wp-block-group-is-layout-constrained\" style=\"border-width:1px;padding-top:0;padding-right:0;padding-bottom:0;padding-left:0\">\n<figure class=\"wp-block-image size-full\"><img loading=\"lazy\" decoding=\"async\" width=\"600\" height=\"1000\" src=\"https:\/\/iapop.com\/wp-content\/uploads\/2025\/07\/the-enduring-invisible-and-ubiquitous-centrality-of-whiteness-COVER-600x1000-1.avif\" alt=\"\" class=\"wp-image-7701\" style=\"object-fit:cover\" srcset=\"https:\/\/iapop.com\/wp-content\/uploads\/2025\/07\/the-enduring-invisible-and-ubiquitous-centrality-of-whiteness-COVER-600x1000-1.avif 600w, https:\/\/iapop.com\/wp-content\/uploads\/2025\/07\/the-enduring-invisible-and-ubiquitous-centrality-of-whiteness-COVER-600x1000-1-180x300.avif 180w, https:\/\/iapop.com\/wp-content\/uploads\/2025\/07\/the-enduring-invisible-and-ubiquitous-centrality-of-whiteness-COVER-600x1000-1-7x12.avif 7w\" sizes=\"auto, (max-width: 600px) 100vw, 600px\" \/><\/figure>\n<\/div>\n\n\n\n<div class=\"wp-block-group is-vertical is-layout-flex wp-container-core-group-is-layout-fe9cc265 wp-block-group-is-layout-flex\">\n<div class=\"wp-block-group is-layout-constrained wp-container-core-group-is-layout-aceb2798 wp-block-group-is-layout-constrained\">\n<h3 class=\"wp-block-heading\">Chapitre de livre : Le cercle vicieux de la centralit\u00e9 blanche <\/h3>\n\n\n\n<p><span style=\"caret-color: rgb(0, 0, 0); color: rgb(0, 0, 0); font-family: -webkit-standard; font-size: medium; font-weight: 400; white-space: normal;\">Pages 74-95<\/span><\/p>\n\n\n\n<p class=\"has-gray-lighter-2-color has-text-color has-link-color has-extra-small-font-size wp-elements-ffcb5a0d1e0b060af01dbc191dbdf468\"><span class=\"wp-rich-text-font-awesome-icon wp-font-awesome-icon\"><svg aria-hidden=\"true\" focusable=\"false\" data-prefix=\"fas\" data-icon=\"user\" class=\"svg-inline--fa fa-user\" role=\"img\" xmlns=\"http:\/\/www.w3.org\/2000\/svg\" viewbox=\"0 0 448 512\" style=\"font-size:.8em\" color=\"#626262\"><path fill=\"currentColor\" d=\"M224 256A128 128 0 1 0 224 0a128 128 0 1 0 0 256zm-45.7 48C79.8 304 0 383.8 0 482.3C0 498.7 13.3 512 29.7 512l388.6 0c16.4 0 29.7-13.3 29.7-29.7C448 383.8 368.2 304 269.7 304l-91.4 0z\"><\/path><\/svg><\/span> <a href=\"http:\/\/www.processworklane.com\/\">Lane Arye<\/a><\/p>\n<\/div>\n\n\n\n<div class=\"wp-block-group is-layout-constrained wp-block-group-is-layout-constrained\">\n<p>Dans le livre : 2022 <em>La centralit\u00e9 durable, invisible et omnipr\u00e9sente de la blancheur<\/em>\u00e9dit\u00e9 par Kenneth V. Hardy<\/p>\n\n\n\n<p>Ce chapitre examine en profondeur un exemple du concept de rang social du Process Work \/ World Work. Il se concentre sur la centralit\u00e9 blanche pour souligner comment le centrage des Blancs et de la blancheur, \u00e0 l'ext\u00e9rieur et \u00e0 l'int\u00e9rieur, avec ou sans notre conscience, pousse les Noirs, les indig\u00e8nes et les personnes de couleur (BIPOC) en marge de la soci\u00e9t\u00e9, des relations et des priorit\u00e9s des Blancs, avec des r\u00e9sultats d\u00e9sastreux. Il explore de mani\u00e8re critique et exhaustive la fa\u00e7on dont la centralit\u00e9 de la blancheur affecte nos vies quotidiennes et nos relations interraciales.<\/p>\n<\/div>\n<\/div>\n<\/div>\n\n\n\n<div class=\"wp-block-group has-white-background-color has-background is-nowrap is-layout-flex wp-container-core-group-is-layout-e021f648 wp-block-group-is-layout-flex\" style=\"padding-top:var(--wp--preset--spacing--20);padding-bottom:var(--wp--preset--spacing--20)\">\n<div class=\"wp-block-group has-border-color has-gray-lighter-4-border-color has-brand-primary-lighter-3-background-color has-background wp-container-content-29dca9c1 is-layout-constrained wp-container-core-group-is-layout-639b5052 wp-block-group-is-layout-constrained\" style=\"border-width:1px;padding-top:0;padding-right:0;padding-bottom:0;padding-left:0\">\n<figure class=\"wp-block-image size-full\"><img loading=\"lazy\" decoding=\"async\" width=\"426\" height=\"640\" src=\"https:\/\/iapop.com\/wp-content\/uploads\/2025\/07\/814n97OfTTL._AC_UL640_QL65_-1.avif\" alt=\"\" class=\"wp-image-7759\" style=\"object-fit:cover\" srcset=\"https:\/\/iapop.com\/wp-content\/uploads\/2025\/07\/814n97OfTTL._AC_UL640_QL65_-1.avif 426w, https:\/\/iapop.com\/wp-content\/uploads\/2025\/07\/814n97OfTTL._AC_UL640_QL65_-1-200x300.avif 200w, https:\/\/iapop.com\/wp-content\/uploads\/2025\/07\/814n97OfTTL._AC_UL640_QL65_-1-8x12.avif 8w\" sizes=\"auto, (max-width: 426px) 100vw, 426px\" \/><\/figure>\n<\/div>\n\n\n\n<div class=\"wp-block-group is-vertical is-layout-flex wp-container-core-group-is-layout-fe9cc265 wp-block-group-is-layout-flex\">\n<div class=\"wp-block-group is-layout-constrained wp-container-core-group-is-layout-aceb2798 wp-block-group-is-layout-constrained\">\n<p><\/p>\n\n\n\n<p><\/p>\n\n\n\n<p><\/p>\n\n\n\n<h3 class=\"wp-block-heading\">Chapitre de livre : R\u00e9imaginer la pratique centr\u00e9e sur la personne dans une organisation centr\u00e9e sur la personne <\/h3>\n\n\n\n<p><span style=\"caret-color: rgb(0, 0, 0); color: rgb(0, 0, 0); font-family: -webkit-standard; font-size: medium; font-weight: 400; white-space: normal;\">Pages 242-261<\/span><\/p>\n\n\n\n<p class=\"has-gray-lighter-2-color has-text-color has-link-color has-extra-small-font-size wp-elements-7655b594f1c59600b865548d2bcec67e\"><span class=\"wp-rich-text-font-awesome-icon wp-font-awesome-icon\"><svg aria-hidden=\"true\" focusable=\"false\" data-prefix=\"fas\" data-icon=\"user\" class=\"svg-inline--fa fa-user\" role=\"img\" xmlns=\"http:\/\/www.w3.org\/2000\/svg\" viewbox=\"0 0 448 512\" style=\"font-size:.8em\" color=\"#626262\"><path fill=\"currentColor\" d=\"M224 256A128 128 0 1 0 224 0a128 128 0 1 0 0 256zm-45.7 48C79.8 304 0 383.8 0 482.3C0 498.7 13.3 512 29.7 512l388.6 0c16.4 0 29.7-13.3 29.7-29.7C448 383.8 368.2 304 269.7 304l-91.4 0z\"><\/path><\/svg><\/span> <a href=\"http:\/\/www.turningforward.org\">Julia Wolfson <\/a><\/p>\n<\/div>\n\n\n\n<div class=\"wp-block-group is-layout-constrained wp-block-group-is-layout-constrained\">\n<p>Dans le livre : 2019 <em>La pens\u00e9e ind\u00e9pendante dans un monde incertain. A Mind of One's Own, \u00e9dit\u00e9 par Valerie A. Brown, John A. Harris et David Waltner Toews. <\/em><\/p>\n\n\n\n<p>Ce chapitre s'adresse aux responsables, aux conseillers cliniques, aux animateurs et aux praticiens des \u00e9tablissements de soins r\u00e9sidentiels. Un exemple de cas montre une approche de Process Work pour faciliter une r\u00e9union d'\u00e9quipe avec des membres du personnel perplexes face \u00e0 l'amour d'un r\u00e9sident pour la nourriture, et d\u00e9sireux d'inverser leur r\u00e9flexe de r\u00e9primander pour un changement de comportement - ce qui les \u00e9puise. Le processus de groupe se d\u00e9roule et s'approfondit en temps r\u00e9el, montrant divers membres de l'\u00e9quipe s'engageant dans divers r\u00f4les et r\u00f4les fant\u00f4mes, et grandissant en conscience tout en passant d'un point chaud \u00e0 un point froid et \u00e0 une vision plus profonde d'un plan. Le cas est encadr\u00e9 par des descriptions de travail de processus sur les mod\u00e8les de mythes de vie et la sym\u00e9trie des tensions individuelles et collectives dans le contexte du syst\u00e8me de soins. Cela permet d'\u00e9clairer la facilitation du processus de groupe, dans un langage de tous les jours pour un large public. <\/p>\n<\/div>\n<\/div>\n<\/div>\n\n\n\n<p><\/p>","protected":false},"excerpt":{"rendered":"<p>Book Chapter: Racial Harm in Helping Relationships and an Uncommon Journey toward Repair Pages 198-225 Yasmeen Rubidge and Lane Arye In Book: 2025 On Becoming a Racially Sensitive Therapist: Race [&hellip;]<\/p>\n","protected":false},"author":352,"featured_media":0,"parent":0,"menu_order":0,"comment_status":"closed","ping_status":"closed","template":"","meta":{"_EventAllDay":false,"_EventTimezone":"","_EventStartDate":"","_EventEndDate":"","_EventStartDateUTC":"","_EventEndDateUTC":"","_EventShowMap":false,"_EventShowMapLink":false,"_EventURL":"","_EventCost":"","_EventCostDescription":"","_EventCurrencySymbol":"","_EventCurrencyCode":"","_EventCurrencyPosition":"","_EventDateTimeSeparator":"","_EventTimeRangeSeparator":"","_EventOrganizerID":[],"_EventVenueID":[],"_OrganizerEmail":"","_OrganizerPhone":"","_OrganizerWebsite":"","_VenueAddress":"","_VenueCity":"","_VenueCountry":"","_VenueProvince":"","_VenueState":"","_VenueZip":"","_VenuePhone":"","_VenueURL":"","_VenueStateProvince":"","_VenueLat":"","_VenueLng":"","_VenueShowMap":false,"_VenueShowMapLink":false,"footnotes":""},"class_list":["post-7727","page","type-page","status-publish","hentry"],"yoast_head":"<!-- This site is optimized with the Yoast SEO plugin v27.3 - https:\/\/yoast.com\/product\/yoast-seo-wordpress\/ -->\n<title>Book chapters - IAPOP<\/title>\n<meta name=\"robots\" content=\"index, follow, max-snippet:-1, max-image-preview:large, max-video-preview:-1\" \/>\n<link rel=\"canonical\" href=\"https:\/\/iapop.com\/fr\/book-chapters\/\" \/>\n<meta property=\"og:locale\" content=\"fr_FR\" \/>\n<meta property=\"og:type\" content=\"article\" \/>\n<meta property=\"og:title\" content=\"Book chapters - IAPOP\" \/>\n<meta property=\"og:description\" content=\"Book Chapter: Racial Harm in Helping Relationships and an Uncommon Journey toward Repair Pages 198-225 Yasmeen Rubidge and Lane Arye In Book: 2025 On Becoming a Racially Sensitive Therapist: Race [&hellip;]\" \/>\n<meta property=\"og:url\" content=\"https:\/\/iapop.com\/fr\/book-chapters\/\" \/>\n<meta property=\"og:site_name\" content=\"IAPOP\" \/>\n<meta property=\"article:publisher\" content=\"https:\/\/www.facebook.com\/processwork.iapop\" \/>\n<meta property=\"article:modified_time\" content=\"2025-07-14T04:08:41+00:00\" \/>\n<meta property=\"og:image\" content=\"https:\/\/iapop.com\/wp-content\/uploads\/2025\/07\/On-Becoming-a-Racially-Sensitive-Therapist-COVER.avif\" \/>\n\t<meta property=\"og:image:width\" content=\"600\" \/>\n\t<meta property=\"og:image:height\" content=\"1000\" \/>\n\t<meta property=\"og:image:type\" content=\"image\/png\" \/>\n<meta name=\"twitter:card\" content=\"summary_large_image\" \/>\n<meta name=\"twitter:label1\" content=\"Dur\u00e9e de lecture estim\u00e9e\" \/>\n\t<meta name=\"twitter:data1\" content=\"3 minutes\" \/>\n<script type=\"application\/ld+json\" class=\"yoast-schema-graph\">{\"@context\":\"https:\\\/\\\/schema.org\",\"@graph\":[{\"@type\":\"WebPage\",\"@id\":\"https:\\\/\\\/iapop.com\\\/book-chapters\\\/\",\"url\":\"https:\\\/\\\/iapop.com\\\/book-chapters\\\/\",\"name\":\"Book chapters - IAPOP\",\"isPartOf\":{\"@id\":\"http:\\\/\\\/iapop.com\\\/es\\\/#website\"},\"primaryImageOfPage\":{\"@id\":\"https:\\\/\\\/iapop.com\\\/book-chapters\\\/#primaryimage\"},\"image\":{\"@id\":\"https:\\\/\\\/iapop.com\\\/book-chapters\\\/#primaryimage\"},\"thumbnailUrl\":\"https:\\\/\\\/iapop.com\\\/wp-content\\\/uploads\\\/2025\\\/07\\\/On-Becoming-a-Racially-Sensitive-Therapist-COVER.avif\",\"datePublished\":\"2025-07-13T10:14:46+00:00\",\"dateModified\":\"2025-07-14T04:08:41+00:00\",\"breadcrumb\":{\"@id\":\"https:\\\/\\\/iapop.com\\\/book-chapters\\\/#breadcrumb\"},\"inLanguage\":\"fr-FR\",\"potentialAction\":[{\"@type\":\"ReadAction\",\"target\":[\"https:\\\/\\\/iapop.com\\\/book-chapters\\\/\"]}]},{\"@type\":\"ImageObject\",\"inLanguage\":\"fr-FR\",\"@id\":\"https:\\\/\\\/iapop.com\\\/book-chapters\\\/#primaryimage\",\"url\":\"https:\\\/\\\/iapop.com\\\/wp-content\\\/uploads\\\/2025\\\/07\\\/On-Becoming-a-Racially-Sensitive-Therapist-COVER.avif\",\"contentUrl\":\"https:\\\/\\\/iapop.com\\\/wp-content\\\/uploads\\\/2025\\\/07\\\/On-Becoming-a-Racially-Sensitive-Therapist-COVER.avif\"},{\"@type\":\"BreadcrumbList\",\"@id\":\"https:\\\/\\\/iapop.com\\\/book-chapters\\\/#breadcrumb\",\"itemListElement\":[{\"@type\":\"ListItem\",\"position\":1,\"name\":\"Home\",\"item\":\"https:\\\/\\\/iapop.com\\\/\"},{\"@type\":\"ListItem\",\"position\":2,\"name\":\"Book chapters\"}]},{\"@type\":\"WebSite\",\"@id\":\"http:\\\/\\\/iapop.com\\\/es\\\/#website\",\"url\":\"http:\\\/\\\/iapop.com\\\/es\\\/\",\"name\":\"IAPOP\",\"description\":\"Process Oriented Psychology\",\"publisher\":{\"@id\":\"http:\\\/\\\/iapop.com\\\/es\\\/#organization\"},\"potentialAction\":[{\"@type\":\"SearchAction\",\"target\":{\"@type\":\"EntryPoint\",\"urlTemplate\":\"http:\\\/\\\/iapop.com\\\/es\\\/?s={search_term_string}\"},\"query-input\":{\"@type\":\"PropertyValueSpecification\",\"valueRequired\":true,\"valueName\":\"search_term_string\"}}],\"inLanguage\":\"fr-FR\"},{\"@type\":\"Organization\",\"@id\":\"http:\\\/\\\/iapop.com\\\/es\\\/#organization\",\"name\":\"IAPOP\",\"url\":\"http:\\\/\\\/iapop.com\\\/es\\\/\",\"logo\":{\"@type\":\"ImageObject\",\"inLanguage\":\"fr-FR\",\"@id\":\"http:\\\/\\\/iapop.com\\\/es\\\/#\\\/schema\\\/logo\\\/image\\\/\",\"url\":\"https:\\\/\\\/iapop.com\\\/wp-content\\\/uploads\\\/2024\\\/12\\\/Logo-300x131-1.png\",\"contentUrl\":\"https:\\\/\\\/iapop.com\\\/wp-content\\\/uploads\\\/2024\\\/12\\\/Logo-300x131-1.png\",\"width\":300,\"height\":131,\"caption\":\"IAPOP\"},\"image\":{\"@id\":\"http:\\\/\\\/iapop.com\\\/es\\\/#\\\/schema\\\/logo\\\/image\\\/\"},\"sameAs\":[\"https:\\\/\\\/www.facebook.com\\\/processwork.iapop\"]}]}<\/script>\n<!-- \/ Yoast SEO plugin. -->","yoast_head_json":{"title":"Chapitres de livres - IAPOP","robots":{"index":"index","follow":"follow","max-snippet":"max-snippet:-1","max-image-preview":"max-image-preview:large","max-video-preview":"max-video-preview:-1"},"canonical":"https:\/\/iapop.com\/fr\/book-chapters\/","og_locale":"fr_FR","og_type":"article","og_title":"Book chapters - IAPOP","og_description":"Book Chapter: Racial Harm in Helping Relationships and an Uncommon Journey toward Repair Pages 198-225 Yasmeen Rubidge and Lane Arye In Book: 2025 On Becoming a Racially Sensitive Therapist: Race [&hellip;]","og_url":"https:\/\/iapop.com\/fr\/book-chapters\/","og_site_name":"IAPOP","article_publisher":"https:\/\/www.facebook.com\/processwork.iapop","article_modified_time":"2025-07-14T04:08:41+00:00","og_image":[{"width":600,"height":1000,"url":"https:\/\/iapop.com\/wp-content\/uploads\/2025\/07\/On-Becoming-a-Racially-Sensitive-Therapist-COVER.avif","type":"image\/png"}],"twitter_card":"summary_large_image","twitter_misc":{"Dur\u00e9e de lecture estim\u00e9e":"3 minutes"},"schema":{"@context":"https:\/\/schema.org","@graph":[{"@type":"WebPage","@id":"https:\/\/iapop.com\/book-chapters\/","url":"https:\/\/iapop.com\/book-chapters\/","name":"Chapitres de livres - IAPOP","isPartOf":{"@id":"http:\/\/iapop.com\/es\/#website"},"primaryImageOfPage":{"@id":"https:\/\/iapop.com\/book-chapters\/#primaryimage"},"image":{"@id":"https:\/\/iapop.com\/book-chapters\/#primaryimage"},"thumbnailUrl":"https:\/\/iapop.com\/wp-content\/uploads\/2025\/07\/On-Becoming-a-Racially-Sensitive-Therapist-COVER.avif","datePublished":"2025-07-13T10:14:46+00:00","dateModified":"2025-07-14T04:08:41+00:00","breadcrumb":{"@id":"https:\/\/iapop.com\/book-chapters\/#breadcrumb"},"inLanguage":"fr-FR","potentialAction":[{"@type":"ReadAction","target":["https:\/\/iapop.com\/book-chapters\/"]}]},{"@type":"ImageObject","inLanguage":"fr-FR","@id":"https:\/\/iapop.com\/book-chapters\/#primaryimage","url":"https:\/\/iapop.com\/wp-content\/uploads\/2025\/07\/On-Becoming-a-Racially-Sensitive-Therapist-COVER.avif","contentUrl":"https:\/\/iapop.com\/wp-content\/uploads\/2025\/07\/On-Becoming-a-Racially-Sensitive-Therapist-COVER.avif"},{"@type":"BreadcrumbList","@id":"https:\/\/iapop.com\/book-chapters\/#breadcrumb","itemListElement":[{"@type":"ListItem","position":1,"name":"Home","item":"https:\/\/iapop.com\/"},{"@type":"ListItem","position":2,"name":"Book chapters"}]},{"@type":"WebSite","@id":"http:\/\/iapop.com\/es\/#website","url":"http:\/\/iapop.com\/es\/","name":"IAPOP","description":"Psychologie ax\u00e9e sur les processus","publisher":{"@id":"http:\/\/iapop.com\/es\/#organization"},"potentialAction":[{"@type":"SearchAction","target":{"@type":"EntryPoint","urlTemplate":"http:\/\/iapop.com\/es\/?s={search_term_string}"},"query-input":{"@type":"PropertyValueSpecification","valueRequired":true,"valueName":"search_term_string"}}],"inLanguage":"fr-FR"},{"@type":"Organization","@id":"http:\/\/iapop.com\/es\/#organization","name":"IAPOP","url":"http:\/\/iapop.com\/es\/","logo":{"@type":"ImageObject","inLanguage":"fr-FR","@id":"http:\/\/iapop.com\/es\/#\/schema\/logo\/image\/","url":"https:\/\/iapop.com\/wp-content\/uploads\/2024\/12\/Logo-300x131-1.png","contentUrl":"https:\/\/iapop.com\/wp-content\/uploads\/2024\/12\/Logo-300x131-1.png","width":300,"height":131,"caption":"IAPOP"},"image":{"@id":"http:\/\/iapop.com\/es\/#\/schema\/logo\/image\/"},"sameAs":["https:\/\/www.facebook.com\/processwork.iapop"]}]}},"_links":{"self":[{"href":"https:\/\/iapop.com\/fr\/wp-json\/wp\/v2\/pages\/7727","targetHints":{"allow":["GET"]}}],"collection":[{"href":"https:\/\/iapop.com\/fr\/wp-json\/wp\/v2\/pages"}],"about":[{"href":"https:\/\/iapop.com\/fr\/wp-json\/wp\/v2\/types\/page"}],"author":[{"embeddable":true,"href":"https:\/\/iapop.com\/fr\/wp-json\/wp\/v2\/users\/352"}],"replies":[{"embeddable":true,"href":"https:\/\/iapop.com\/fr\/wp-json\/wp\/v2\/comments?post=7727"}],"version-history":[{"count":2,"href":"https:\/\/iapop.com\/fr\/wp-json\/wp\/v2\/pages\/7727\/revisions"}],"predecessor-version":[{"id":7762,"href":"https:\/\/iapop.com\/fr\/wp-json\/wp\/v2\/pages\/7727\/revisions\/7762"}],"wp:attachment":[{"href":"https:\/\/iapop.com\/fr\/wp-json\/wp\/v2\/media?parent=7727"}],"curies":[{"name":"wp","href":"https:\/\/api.w.org\/{rel}","templated":true}]}}