{"id":6612,"date":"2024-11-28T14:50:47","date_gmt":"2024-11-28T16:50:47","guid":{"rendered":"https:\/\/test.iapop.com\/?page_id=6612"},"modified":"2025-06-28T11:05:56","modified_gmt":"2025-06-28T10:05:56","slug":"home","status":"publish","type":"page","link":"https:\/\/iapop.com\/pl\/","title":{"rendered":"Mi\u0119dzynarodowe Stowarzyszenie Psychologii Zorientowanej na Proces"},"content":{"rendered":"<h1 class=\"wp-block-heading\">IAPOP: Mi\u0119dzynarodowe Stowarzyszenie Praktyk\u00f3w Pracy z Procesem<\/h1>\n\n\n\n<p>IAPOP to Mi\u0119dzynarodowe Stowarzyszenie Praktyk\u00f3w Psychologii Zorientowanej na Proces, kt\u00f3rzy zrzeszaj\u0105 si\u0119 w oparciu o wsp\u00f3lne warto\u015bci, wizj\u0119 i cele, a tak\u017ce wsparcie dla r\u00f3\u017cnorodno\u015bci, kreatywno\u015bci, relacji oraz ekscytuj\u0105cego zakresu bada\u0144 i praktyki w naszej spo\u0142eczno\u015bci zawodowej.<\/p>\n\n\n\n<p>Stowarzyszenie zebra\u0142o si\u0119 w 2010 roku, aby nadal wspiera\u0107 wsp\u00f3\u0142prac\u0119 i dzielenie si\u0119 badaniami, do\u015bwiadczeniem i pomys\u0142ami w rozwijaj\u0105cej si\u0119 dziedzinie psychologii zorientowanej na proces oraz jej zwi\u0105zek z szerokim zakresem dziedzin, od psychoterapii i psychiatrii po medycyn\u0119 umys\u0142u i cia\u0142a, rozwi\u0105zywanie konflikt\u00f3w i rozw\u00f3j organizacyjny. IAPOP wspiera r\u00f3wnie\u017c kszta\u0142cenie ustawiczne, udzielanie i otrzymywanie informacji zwrotnych w\u015br\u00f3d praktyk\u00f3w oraz promowanie r\u00f3\u017cnorodno\u015bci i wsp\u00f3lnych standard\u00f3w w\u015br\u00f3d naszych program\u00f3w szkoleniowych w zakresie psychologii zorientowanej na proces na arenie mi\u0119dzynarodowej.<\/p>\n\n\n\n<p>Psychologia zorientowana na proces lub <a href=\"\/pl\/history\/\">Praca procesowa<\/a> jest nowym paradygmatem, kt\u00f3ry integruje koncepcje z fizyki, psychologii, antropologii i duchowo\u015bci w nowy paradygmat i metodologi\u0119, kt\u00f3ra ma zastosowanie w wielu dziedzinach. Opracowany przez Arnolda i Amy Mindell oraz wsp\u00f3\u0142pracownik\u00f3w, obejmuje kluczowe koncepcje <a href=\"https:\/\/iapop.com\/pl\/deep-democracy\/\">G\u0142\u0119boka demokracja<\/a> oraz <a href=\"http:\/\/worldwork.org\" target=\"_blank\" rel=\"noreferrer noopener nofollow\">Worldwork<\/a>. Terminy te opisuj\u0105 r\u00f3\u017cne aspekty teorii i zastosowania Process Work.<\/p>\n\n\n\n<h2 class=\"wp-block-heading\">Cz\u0142onkostwo w IAPOP<\/h2>\n\n\n\n<p><a href=\"\/pl\/members\/\">Cz\u0142onkostwo w IAPOP<\/a> jest otwarty dla profesjonalnych praktyk\u00f3w, kt\u00f3rzy s\u0105 zaanga\u017cowani w badania i praktyk\u0119 G\u0142\u0119bokiej Demokracji, Pracy z Procesem i Worldwork oraz uko\u0144czyli rygorystyczne programy szkoleniowe za po\u015brednictwem organizacji stowarzyszonych z IAPOP.<\/p>\n\n\n\n<hr class=\"wp-block-separator has-alpha-channel-opacity\"\/>\n\n\n\n<h2 class=\"wp-block-heading\">Aspekty pracy procesowej i jej zastosowania<\/h2>\n\n\n\n<p><strong>Praca procesowa<\/strong>XX wieku, integruje koncepcje jungowskie z fizyk\u0105 i filozofiami Wschodu, aby zaj\u0105\u0107 si\u0119 nie\u015bwiadomymi do\u015bwiadczeniami poprzez sny, objawy cielesne i niezamierzone sygna\u0142y. Podej\u015bcie to k\u0142adzie nacisk na \"rozwijanie\" tych nie\u015bwiadomych element\u00f3w za pomoc\u0105 metod werbalnych i niewerbalnych, w tym ruchu i g\u0142\u0119bokich do\u015bwiadcze\u0144 somatycznych, w celu promowania \u015bwiadomo\u015bci i integracji. Pocz\u0105tkowo stosowane wobec jednostek i rodzin, w latach 80. rozszerzy\u0142o si\u0119 na rozwi\u0105zywanie konflikt\u00f3w w du\u017cych grupach, okre\u015blane jako \"Worldwork\", a p\u00f3\u017aniej bada\u0142o powi\u0105zania mi\u0119dzy ludzkim do\u015bwiadczeniem a fizyk\u0105 kwantow\u0105. <a href=\"https:\/\/iapop.com\/pl\/history\/\">Wi\u0119cej o Process Work &gt;<\/a><\/p>\n\n\n\n<p><strong>G\u0142\u0119boka demokracja<\/strong> jest centraln\u0105 zasad\u0105 w pracy z procesem. Podczas gdy Praca z Procesem skupia si\u0119 na integracji nie\u015bwiadomych do\u015bwiadcze\u0144 - takich jak sny i symptomy cia\u0142a - ze \u015bwiadomo\u015bci\u0105 w celu indywidualnego i zbiorowego rozwoju, G\u0142\u0119boka Demokracja rozszerza to podej\u015bcie na dynamik\u0119 grupy i interakcje spo\u0142eczne. K\u0142adzie nacisk na w\u0142\u0105czenie wszystkich g\u0142os\u00f3w i perspektyw, szczeg\u00f3lnie tych marginalizowanych, w celu wspierania wszechstronnego zrozumienia i rozwi\u0105zywania konflikt\u00f3w. Ta integracja podkre\u015bla, w jaki spos\u00f3b techniki terapeutyczne Process Work mog\u0105 by\u0107 stosowane poza terapi\u0105 indywidualn\u0105, aby u\u0142atwi\u0107 dialog i transformacj\u0119 w wi\u0119kszych systemach spo\u0142ecznych. <a href=\"https:\/\/iapop.com\/pl\/deep-democracy\/\">Wi\u0119cej o Deep Democracy &gt;<\/a><\/p>\n\n\n\n<p>Process Work oferuje wszechstronn\u0105 struktur\u0119 z aplikacjami na wielu poziomach.<\/p>\n\n\n\n<ul class=\"wp-block-list\">\n<li><strong>Poziom indywidualny (praca wewn\u0119trzna):<\/strong> Ta autorefleksyjna praktyka zwi\u0119ksza osobist\u0105 \u015bwiadomo\u015b\u0107 poprzez badanie wewn\u0119trznych do\u015bwiadcze\u0144, takich jak sny, odczucia cia\u0142a i spontaniczne my\u015bli. <a href=\"https:\/\/www.aamindell.net\/innerwork\">Innerwork<\/a> sprzyja samopoznaniu i rozwojowi osobistemu, s\u0142u\u017c\u0105c jako podstawa do skutecznego anga\u017cowania si\u0119 w relacje z innymi.<\/li>\n\n\n\n<li><strong>Poziom osobisty (terapia):<\/strong> W \u015brodowisku terapeutycznym Praca z Procesem zajmuje si\u0119 psychologicznymi i fizycznymi wyzwaniami poprzez odkrywanie proces\u00f3w le\u017c\u0105cych u podstaw objaw\u00f3w i zachowa\u0144. Takie podej\u015bcie umo\u017cliwia jednostkom integracj\u0119 marginalizowanych aspekt\u00f3w siebie, promuj\u0105c uzdrowienie i dobre samopoczucie.<\/li>\n\n\n\n<li><strong>Poziom grupowy (Worldwork i facylitacja grupowa):<\/strong> Rozszerzaj\u0105c si\u0119 na konteksty zbiorowe, Process Work u\u0142atwia procesy grupowe i rozwi\u0105zywanie konflikt\u00f3w za pomoc\u0105 metod takich jak Worldwork. K\u0142ad\u0105c nacisk na \"g\u0142\u0119bok\u0105 demokracj\u0119\", zapewnia uznanie wszystkich g\u0142os\u00f3w i perspektyw, wspieraj\u0105c integracyjny dialog i transformacyjne rozwi\u0105zania w spo\u0142eczno\u015bciach i organizacjach. <a href=\"https:\/\/iapop.com\/pl\/worldwork\/\">Wi\u0119cej o Worldwork &gt;<\/a><\/li>\n<\/ul>\n\n\n\n<h2 class=\"wp-block-heading\"><strong>Pami\u0119ci Arnolda Mindella<\/strong><\/h2>\n\n\n\n<figure class=\"wp-block-image size-large\"><img loading=\"lazy\" decoding=\"async\" width=\"1030\" height=\"441\" src=\"https:\/\/iapop.com\/wp-content\/uploads\/2024\/07\/Arny_Event_Cover__1624_x_696_px__-1030x441.webp\" alt=\"\" class=\"wp-image-6393\" srcset=\"https:\/\/iapop.com\/wp-content\/uploads\/2024\/07\/Arny_Event_Cover__1624_x_696_px__-1030x441.webp 1030w, https:\/\/iapop.com\/wp-content\/uploads\/2024\/07\/Arny_Event_Cover__1624_x_696_px__-300x129.webp 300w, https:\/\/iapop.com\/wp-content\/uploads\/2024\/07\/Arny_Event_Cover__1624_x_696_px__-768x329.webp 768w, https:\/\/iapop.com\/wp-content\/uploads\/2024\/07\/Arny_Event_Cover__1624_x_696_px__-1536x658.webp 1536w, https:\/\/iapop.com\/wp-content\/uploads\/2024\/07\/Arny_Event_Cover__1624_x_696_px__-18x8.webp 18w, https:\/\/iapop.com\/wp-content\/uploads\/2024\/07\/Arny_Event_Cover__1624_x_696_px__.webp 1624w\" sizes=\"auto, (max-width: 1030px) 100vw, 1030px\" \/><\/figure>\n\n\n\n<p>Z g\u0142\u0119bokim szacunkiem i wdzi\u0119czno\u015bci\u0105 oddajemy cze\u015b\u0107 \u017cyciu i pracy Arnolda Mindella - za\u0142o\u017cyciela Process Work, wizjonerskiego my\u015bliciela i niestrudzonego badacza ludzkiego do\u015bwiadczenia. Jego integracja fizyki, psychologii i m\u0105dro\u015bci sn\u00f3w da\u0142a pocz\u0105tek globalnej spo\u0142eczno\u015bci i pracy, kt\u00f3ra nadal inspiruje jednostki, grupy i tw\u00f3rc\u00f3w zmian na ca\u0142ym \u015bwiecie.<\/p>\n\n\n\n<p>Jak wyrazi\u0142a to Amy Mindell, <em>\"To takie wzruszaj\u0105ce czu\u0107, jak jego praca, \u017cycie i duch b\u0119d\u0105 \u017cy\u0142y we wszystkich waszych sercach i poprzez prac\u0119, kt\u00f3r\u0105 ka\u017cdy z was wykonuje na \u015bwiecie, spe\u0142niaj\u0105c jedno z jego najg\u0142\u0119bszych \u017cycze\u0144 - uczynienie \u015bwiata lepszym miejscem dla wszystkich\".<\/em><\/p>\n\n\n\n<p>Dziedzictwo Arny'ego \u017cyje w naukach, o\u015brodkach szkoleniowych i ludziach dotkni\u0119tych jego wizj\u0105. Zapraszamy do dowiedzenia si\u0119 wi\u0119cej i odwiedzenia naszego pe\u0142nego ho\u0142du <a href=\"https:\/\/iapop.com\/pl\/tribute-to-arnold-mindell\/\">tutaj<\/a>.<\/p>\n\n\n\n<p><\/p>","protected":false},"excerpt":{"rendered":"<p>IAPOP: International Association of Process Work&nbsp;Practitioners IAPOP is the International Association of Practitioners of Process Oriented Psychology, who associate out of shared values, vision and goals, as well as support [&hellip;]<\/p>\n","protected":false},"author":250,"featured_media":0,"parent":0,"menu_order":0,"comment_status":"closed","ping_status":"closed","template":"","meta":{"_EventAllDay":false,"_EventTimezone":"","_EventStartDate":"","_EventEndDate":"","_EventStartDateUTC":"","_EventEndDateUTC":"","_EventShowMap":false,"_EventShowMapLink":false,"_EventURL":"","_EventCost":"","_EventCostDescription":"","_EventCurrencySymbol":"","_EventCurrencyCode":"","_EventCurrencyPosition":"","_EventDateTimeSeparator":"","_EventTimeRangeSeparator":"","_EventOrganizerID":[],"_EventVenueID":[],"_OrganizerEmail":"","_OrganizerPhone":"","_OrganizerWebsite":"","_VenueAddress":"","_VenueCity":"","_VenueCountry":"","_VenueProvince":"","_VenueState":"","_VenueZip":"","_VenuePhone":"","_VenueURL":"","_VenueStateProvince":"","_VenueLat":"","_VenueLng":"","_VenueShowMap":false,"_VenueShowMapLink":false,"footnotes":""},"class_list":["post-6612","page","type-page","status-publish","hentry"],"yoast_head":"<!-- This site is optimized with the Yoast SEO plugin v27.3 - https:\/\/yoast.com\/product\/yoast-seo-wordpress\/ -->\n<title>International Association of Process Oriented Psychology - IAPOP<\/title>\n<meta name=\"robots\" content=\"index, follow, max-snippet:-1, max-image-preview:large, max-video-preview:-1\" \/>\n<link rel=\"canonical\" href=\"https:\/\/iapop.com\/pl\/\" \/>\n<meta property=\"og:locale\" content=\"pl_PL\" \/>\n<meta property=\"og:type\" content=\"article\" \/>\n<meta property=\"og:title\" content=\"International Association of Process Oriented Psychology - IAPOP\" \/>\n<meta property=\"og:description\" content=\"IAPOP: International Association of Process Work&nbsp;Practitioners IAPOP is the International Association of Practitioners of Process Oriented Psychology, who associate out of shared values, vision and goals, as well as support [&hellip;]\" \/>\n<meta property=\"og:url\" content=\"https:\/\/iapop.com\/pl\/\" \/>\n<meta property=\"og:site_name\" content=\"IAPOP\" \/>\n<meta property=\"article:publisher\" content=\"https:\/\/www.facebook.com\/processwork.iapop\" \/>\n<meta property=\"article:modified_time\" content=\"2025-06-28T10:05:56+00:00\" \/>\n<meta property=\"og:image\" content=\"https:\/\/iapop.com\/wp-content\/uploads\/2024\/07\/Arny_Event_Cover__1624_x_696_px__.webp\" \/>\n\t<meta property=\"og:image:width\" content=\"1624\" \/>\n\t<meta property=\"og:image:height\" content=\"696\" \/>\n\t<meta property=\"og:image:type\" content=\"image\/webp\" \/>\n<meta name=\"twitter:card\" content=\"summary_large_image\" \/>\n<meta name=\"twitter:label1\" content=\"Szacowany czas czytania\" \/>\n\t<meta name=\"twitter:data1\" content=\"4 minuty\" \/>\n<script type=\"application\/ld+json\" class=\"yoast-schema-graph\">{\"@context\":\"https:\\\/\\\/schema.org\",\"@graph\":[{\"@type\":\"WebPage\",\"@id\":\"https:\\\/\\\/iapop.com\\\/\",\"url\":\"https:\\\/\\\/iapop.com\\\/\",\"name\":\"International Association of Process Oriented Psychology - IAPOP\",\"isPartOf\":{\"@id\":\"http:\\\/\\\/iapop.com\\\/es\\\/#website\"},\"primaryImageOfPage\":{\"@id\":\"https:\\\/\\\/iapop.com\\\/#primaryimage\"},\"image\":{\"@id\":\"https:\\\/\\\/iapop.com\\\/#primaryimage\"},\"thumbnailUrl\":\"https:\\\/\\\/iapop.com\\\/wp-content\\\/uploads\\\/2024\\\/07\\\/Arny_Event_Cover__1624_x_696_px__-1030x441.webp\",\"datePublished\":\"2024-11-28T16:50:47+00:00\",\"dateModified\":\"2025-06-28T10:05:56+00:00\",\"breadcrumb\":{\"@id\":\"https:\\\/\\\/iapop.com\\\/#breadcrumb\"},\"inLanguage\":\"pl-PL\",\"potentialAction\":[{\"@type\":\"ReadAction\",\"target\":[\"https:\\\/\\\/iapop.com\\\/\"]}]},{\"@type\":\"ImageObject\",\"inLanguage\":\"pl-PL\",\"@id\":\"https:\\\/\\\/iapop.com\\\/#primaryimage\",\"url\":\"https:\\\/\\\/iapop.com\\\/wp-content\\\/uploads\\\/2024\\\/07\\\/Arny_Event_Cover__1624_x_696_px__-1030x441.webp\",\"contentUrl\":\"https:\\\/\\\/iapop.com\\\/wp-content\\\/uploads\\\/2024\\\/07\\\/Arny_Event_Cover__1624_x_696_px__-1030x441.webp\"},{\"@type\":\"BreadcrumbList\",\"@id\":\"https:\\\/\\\/iapop.com\\\/#breadcrumb\",\"itemListElement\":[{\"@type\":\"ListItem\",\"position\":1,\"name\":\"Home\",\"item\":\"https:\\\/\\\/iapop.com\\\/\"},{\"@type\":\"ListItem\",\"position\":2,\"name\":\"International Association of Process Oriented Psychology\"}]},{\"@type\":\"WebSite\",\"@id\":\"http:\\\/\\\/iapop.com\\\/es\\\/#website\",\"url\":\"http:\\\/\\\/iapop.com\\\/es\\\/\",\"name\":\"IAPOP\",\"description\":\"Process Oriented Psychology\",\"publisher\":{\"@id\":\"http:\\\/\\\/iapop.com\\\/es\\\/#organization\"},\"potentialAction\":[{\"@type\":\"SearchAction\",\"target\":{\"@type\":\"EntryPoint\",\"urlTemplate\":\"http:\\\/\\\/iapop.com\\\/es\\\/?s={search_term_string}\"},\"query-input\":{\"@type\":\"PropertyValueSpecification\",\"valueRequired\":true,\"valueName\":\"search_term_string\"}}],\"inLanguage\":\"pl-PL\"},{\"@type\":\"Organization\",\"@id\":\"http:\\\/\\\/iapop.com\\\/es\\\/#organization\",\"name\":\"IAPOP\",\"url\":\"http:\\\/\\\/iapop.com\\\/es\\\/\",\"logo\":{\"@type\":\"ImageObject\",\"inLanguage\":\"pl-PL\",\"@id\":\"http:\\\/\\\/iapop.com\\\/es\\\/#\\\/schema\\\/logo\\\/image\\\/\",\"url\":\"https:\\\/\\\/iapop.com\\\/wp-content\\\/uploads\\\/2024\\\/12\\\/Logo-300x131-1.png\",\"contentUrl\":\"https:\\\/\\\/iapop.com\\\/wp-content\\\/uploads\\\/2024\\\/12\\\/Logo-300x131-1.png\",\"width\":300,\"height\":131,\"caption\":\"IAPOP\"},\"image\":{\"@id\":\"http:\\\/\\\/iapop.com\\\/es\\\/#\\\/schema\\\/logo\\\/image\\\/\"},\"sameAs\":[\"https:\\\/\\\/www.facebook.com\\\/processwork.iapop\"]}]}<\/script>\n<!-- \/ Yoast SEO plugin. -->","yoast_head_json":{"title":"Mi\u0119dzynarodowe Stowarzyszenie Psychologii Zorientowanej na Proces - IAPOP","robots":{"index":"index","follow":"follow","max-snippet":"max-snippet:-1","max-image-preview":"max-image-preview:large","max-video-preview":"max-video-preview:-1"},"canonical":"https:\/\/iapop.com\/pl\/","og_locale":"pl_PL","og_type":"article","og_title":"International Association of Process Oriented Psychology - IAPOP","og_description":"IAPOP: International Association of Process Work&nbsp;Practitioners IAPOP is the International Association of Practitioners of Process Oriented Psychology, who associate out of shared values, vision and goals, as well as support [&hellip;]","og_url":"https:\/\/iapop.com\/pl\/","og_site_name":"IAPOP","article_publisher":"https:\/\/www.facebook.com\/processwork.iapop","article_modified_time":"2025-06-28T10:05:56+00:00","og_image":[{"width":1624,"height":696,"url":"https:\/\/iapop.com\/wp-content\/uploads\/2024\/07\/Arny_Event_Cover__1624_x_696_px__.webp","type":"image\/webp"}],"twitter_card":"summary_large_image","twitter_misc":{"Szacowany czas czytania":"4 minuty"},"schema":{"@context":"https:\/\/schema.org","@graph":[{"@type":"WebPage","@id":"https:\/\/iapop.com\/","url":"https:\/\/iapop.com\/","name":"Mi\u0119dzynarodowe Stowarzyszenie Psychologii Zorientowanej na Proces - IAPOP","isPartOf":{"@id":"http:\/\/iapop.com\/es\/#website"},"primaryImageOfPage":{"@id":"https:\/\/iapop.com\/#primaryimage"},"image":{"@id":"https:\/\/iapop.com\/#primaryimage"},"thumbnailUrl":"https:\/\/iapop.com\/wp-content\/uploads\/2024\/07\/Arny_Event_Cover__1624_x_696_px__-1030x441.webp","datePublished":"2024-11-28T16:50:47+00:00","dateModified":"2025-06-28T10:05:56+00:00","breadcrumb":{"@id":"https:\/\/iapop.com\/#breadcrumb"},"inLanguage":"pl-PL","potentialAction":[{"@type":"ReadAction","target":["https:\/\/iapop.com\/"]}]},{"@type":"ImageObject","inLanguage":"pl-PL","@id":"https:\/\/iapop.com\/#primaryimage","url":"https:\/\/iapop.com\/wp-content\/uploads\/2024\/07\/Arny_Event_Cover__1624_x_696_px__-1030x441.webp","contentUrl":"https:\/\/iapop.com\/wp-content\/uploads\/2024\/07\/Arny_Event_Cover__1624_x_696_px__-1030x441.webp"},{"@type":"BreadcrumbList","@id":"https:\/\/iapop.com\/#breadcrumb","itemListElement":[{"@type":"ListItem","position":1,"name":"Home","item":"https:\/\/iapop.com\/"},{"@type":"ListItem","position":2,"name":"International Association of Process Oriented Psychology"}]},{"@type":"WebSite","@id":"http:\/\/iapop.com\/es\/#website","url":"http:\/\/iapop.com\/es\/","name":"IAPOP","description":"Psychologia zorientowana na proces","publisher":{"@id":"http:\/\/iapop.com\/es\/#organization"},"potentialAction":[{"@type":"SearchAction","target":{"@type":"EntryPoint","urlTemplate":"http:\/\/iapop.com\/es\/?s={search_term_string}"},"query-input":{"@type":"PropertyValueSpecification","valueRequired":true,"valueName":"search_term_string"}}],"inLanguage":"pl-PL"},{"@type":"Organization","@id":"http:\/\/iapop.com\/es\/#organization","name":"IAPOP","url":"http:\/\/iapop.com\/es\/","logo":{"@type":"ImageObject","inLanguage":"pl-PL","@id":"http:\/\/iapop.com\/es\/#\/schema\/logo\/image\/","url":"https:\/\/iapop.com\/wp-content\/uploads\/2024\/12\/Logo-300x131-1.png","contentUrl":"https:\/\/iapop.com\/wp-content\/uploads\/2024\/12\/Logo-300x131-1.png","width":300,"height":131,"caption":"IAPOP"},"image":{"@id":"http:\/\/iapop.com\/es\/#\/schema\/logo\/image\/"},"sameAs":["https:\/\/www.facebook.com\/processwork.iapop"]}]}},"_links":{"self":[{"href":"https:\/\/iapop.com\/pl\/wp-json\/wp\/v2\/pages\/6612","targetHints":{"allow":["GET"]}}],"collection":[{"href":"https:\/\/iapop.com\/pl\/wp-json\/wp\/v2\/pages"}],"about":[{"href":"https:\/\/iapop.com\/pl\/wp-json\/wp\/v2\/types\/page"}],"author":[{"embeddable":true,"href":"https:\/\/iapop.com\/pl\/wp-json\/wp\/v2\/users\/250"}],"replies":[{"embeddable":true,"href":"https:\/\/iapop.com\/pl\/wp-json\/wp\/v2\/comments?post=6612"}],"version-history":[{"count":2,"href":"https:\/\/iapop.com\/pl\/wp-json\/wp\/v2\/pages\/6612\/revisions"}],"predecessor-version":[{"id":7675,"href":"https:\/\/iapop.com\/pl\/wp-json\/wp\/v2\/pages\/6612\/revisions\/7675"}],"wp:attachment":[{"href":"https:\/\/iapop.com\/pl\/wp-json\/wp\/v2\/media?parent=6612"}],"curies":[{"name":"wp","href":"https:\/\/api.w.org\/{rel}","templated":true}]}}