{"id":6623,"date":"2024-11-29T14:41:47","date_gmt":"2024-11-29T16:41:47","guid":{"rendered":"https:\/\/test.iapop.com\/?page_id=6623"},"modified":"2025-02-15T18:02:05","modified_gmt":"2025-02-15T18:02:05","slug":"iapop2010","status":"publish","type":"page","link":"https:\/\/iapop.com\/pl\/iapop2010\/","title":{"rendered":"Konferencja IAPOP 2010: Community &amp; Global Health"},"content":{"rendered":"<h1 class=\"wp-block-post-title\">Konferencja IAPOP 2010: Community &amp; Global Health<\/h1>\n\n\n<p>Druga Mi\u0119dzynarodowa Konferencja Psychologii Procesu odby\u0142a si\u0119 w Portland, OR w lutym 2010 roku. Konferencja ta zgromadzi\u0142a terapeut\u00f3w, nauczycieli, facylitator\u00f3w i badaczy ze spo\u0142eczno\u015bci pracy z procesem, profesjonalist\u00f3w medycznych i praktyk\u00f3w medycyny alternatywnej z ca\u0142ego \u015bwiata. Podzielili si\u0119 oni innowacyjnymi podej\u015bciami do zdrowia, choroby, starzenia si\u0119, \u015bmierci i umierania, a tak\u017ce systemowymi kwestiami relacji mi\u0119dzy spo\u0142eczno\u015bciami.<\/p>\n\n\n\n<p>Dzie\u0144 1 koncentrowa\u0142 si\u0119 na multidyscyplinarnym zdrowiu i leczeniu; Dzie\u0144 2 na opiece paliatywnej, u schy\u0142ku \u017cycia i w \u015bpi\u0105czce; a Dzie\u0144 3 na przyw\u00f3dztwie w s\u0142u\u017cbie zdrowia i kwestiach zwi\u0105zanych z systemami opieki zdrowotnej.<\/p>\n\n\n\n<p>Nagrania audio z konferencji zapewniaj\u0105 unikalny wgl\u0105d w badania i zastosowanie psychologii zorientowanej na proces, a tak\u017ce jej wk\u0142ad w zdrowie jednostki i spo\u0142eczno\u015bci. Aby uzyska\u0107 wi\u0119cej informacji, odwied\u017a linki do r\u00f3\u017cnych o\u015brodk\u00f3w szkoleniowych, a tak\u017ce harmonogramy seminari\u00f3w poszczeg\u00f3lnych prezenter\u00f3w.<\/p>\n\n\n\n<p>Te pliki MP3 mog\u0105 by\u0107 odtwarzane online lub pobierane i odtwarzane w systemie lub odtwarzaczach MP3.<\/p>\n\n\n\n<div class=\"wp-block-buttons is-layout-flex wp-block-buttons-is-layout-flex\">\n<div class=\"wp-block-button\"><a class=\"wp-block-button__link wp-element-button\" href=\"#iapop-2010-audio-files\"><strong>Pliki audio z konferencji<\/strong><\/a><\/div>\n<\/div>\n\n\n\n<div class=\"wp-block-group is-layout-flow wp-block-group-is-layout-flow\">\n<h2 class=\"wp-block-heading\">Przem\u00f3wienie inauguracyjne<\/h2>\n\n\n\n<p>Arnold i Amy Mindell wyg\u0142osili przem\u00f3wienie na konferencji IAPOP w 2010 roku, m\u00f3wi\u0105c o t\u0119czowej medycynie, \u015bnieniu i nielokalno\u015bci.<\/p>\n\n\n\n<p>Oto ich przem\u00f3wienie:<\/p>\n\n\n\n<figure class=\"wp-block-audio\"><audio controls src=\"https:\/\/iapop.com\/wp-content\/uploads\/2025\/02\/IAPOP-2010-PL1-Rainbow-Medicine-Dreambody-Nonlocality-Arnold-Amy-Mindell-IAPOP-2010.mp3\"><\/audio><\/figure>\n\n\n\n<p>Mo\u017cna go r\u00f3wnie\u017c pobra\u0107, klikaj\u0105c prawym przyciskiem myszy lub klikaj\u0105c prawym przyciskiem myszy <a href=\"\/wp-content\/uploads\/2010\/12\/PL1-Rainbow-Medicine-Dreambody-Nonlocality-Arnold-Amy-Mindell-IAPOP-2010-ed.m4a\" target=\"_blank\" rel=\"noreferrer noopener\">tutaj<\/a><\/p>\n<\/div>\n\n\n\n<div id=\"iapop-2010-audio-files\" class=\"wp-block-group is-layout-flow wp-block-group-is-layout-flow\">\n<h2 class=\"wp-block-heading\">Katalog plik\u00f3w audio<\/h2>\n\n\n\n<p>Harmonogram konferencji: <a href=\"\/wp-content\/uploads\/2010\/11\/2010iapop-conference-catalog.pdf\" target=\"_blank\" rel=\"noreferrer noopener\">Katalog konferencji IAPOP 2010<\/a><br>Indeks do plik\u00f3w: <a href=\"\/wp-content\/uploads\/2010\/11\/2010iapop-index.pdf\" target=\"_blank\" rel=\"noreferrer noopener\">Indeks konferencji IAPOP 2010<\/a><\/p>\n\n\n\n<p><strong>1.1 <\/strong><\/p>\n\n\n\n<figure class=\"wp-block-audio\"><audio controls src=\"https:\/\/iapop.com\/wp-content\/uploads\/2011\/12\/1-1-Feynman-Feigenbaum-and-N-Process-A-Chaos-Theoretical-View-on-Self-Healing-Power-Achim-Goeres-IAPOP-2010.mp3\"><\/audio><\/figure>\n\n\n\n<p><strong>1.2<\/strong><\/p>\n\n\n\n<figure class=\"wp-block-audio\"><audio controls src=\"https:\/\/iapop.com\/wp-content\/uploads\/2011\/12\/1-2-Moving-Your-Dreaming-Dialogue-with-the-Sentient-Body-Lucia-McKelvey-Lisa-Marks-IAPOP-2010.mp3\"><\/audio><\/figure>\n\n\n\n<p><strong>1.3<\/strong><\/p>\n\n\n\n<figure class=\"wp-block-audio\"><audio controls src=\"https:\/\/iapop.com\/wp-content\/uploads\/2011\/12\/1-3-The-Dreaming-Path-of-Conception-Pregnancy-and-Childbirth-Dawn-Menken-IAPOP-2010.mp3\"><\/audio><\/figure>\n\n\n\n<p><strong>1.4<\/strong><\/p>\n\n\n\n<figure class=\"wp-block-audio\"><audio controls src=\"https:\/\/iapop.com\/wp-content\/uploads\/2011\/12\/1-4-The-Heyokas-Face-in-the-Body-Ellen-Schupbach-IAPOP-2010.mp3\"><\/audio><\/figure>\n\n\n\n<p><strong>2.2<\/strong><\/p>\n\n\n\n<figure class=\"wp-block-audio\"><audio controls src=\"https:\/\/iapop.com\/wp-content\/uploads\/2011\/12\/2-2-The-Health-Effects-of-a-Deep-Democracy-Approach-to-Trauma-Work-Emetchi-IAPOP-2010.mp3\"><\/audio><\/figure>\n\n\n\n<p><strong>2.3<\/strong><\/p>\n\n\n\n<figure class=\"wp-block-audio\"><audio controls src=\"https:\/\/iapop.com\/wp-content\/uploads\/2011\/12\/2-3-Process-Work-with-People-Who-Stutter-Lane-Arye-Clare-Hill-IAPOP-2010.mp3\"><\/audio><\/figure>\n\n\n\n<p><strong>2.4<\/strong><\/p>\n\n\n\n<figure class=\"wp-block-audio\"><audio controls src=\"https:\/\/iapop.com\/wp-content\/uploads\/2011\/12\/2-4-Combining-Process-Work-and-System-Constellation-Ivan-Verny-IAPOP-2010.mp3\"><\/audio><\/figure>\n\n\n\n<p><strong>3.1<\/strong><\/p>\n\n\n\n<figure class=\"wp-block-audio\"><audio controls src=\"https:\/\/iapop.com\/wp-content\/uploads\/2011\/12\/3-1-Dreambody-Energybody-Steven-Fenwick-IAPOP-2010.mp3\"><\/audio><\/figure>\n\n\n\n<p><strong>3.3<\/strong><\/p>\n\n\n\n<figure class=\"wp-block-audio\"><audio controls src=\"https:\/\/iapop.com\/wp-content\/uploads\/2011\/12\/3-3-Clearing-Emotional-and-Spiritual-Blocks-to-Healing-in-Chronic-Conditions-Yvonne-Lazette-IAPOP-2010.mp3\"><\/audio><\/figure>\n\n\n\n<p><strong>4.1<\/strong><\/p>\n\n\n\n<figure class=\"wp-block-audio\"><audio controls src=\"https:\/\/iapop.com\/wp-content\/uploads\/2011\/12\/4-1-Process-Oriented-Coma-and-Palliative-Care-in-Diverse-Environments-Ingrid-Rose-IAPOP-2010.mp3\"><\/audio><\/figure>\n\n\n\n<p><strong>4.2<\/strong><\/p>\n\n\n\n<figure class=\"wp-block-audio\"><audio controls src=\"https:\/\/iapop.com\/wp-content\/uploads\/2011\/12\/4-2-Death-the-later-years-Beyond-Herb-Long-IAPOP-2010.mp3\"><\/audio><\/figure>\n\n\n\n<p><strong>4.3<\/strong><\/p>\n\n\n\n<figure class=\"wp-block-audio\"><audio controls src=\"https:\/\/iapop.com\/wp-content\/uploads\/2011\/12\/4-3-Using-Personal-reactions-in-Service-of-Clients-Loved-ones-in-Palliative-Care-Stan-Tomandl-Ann-Jacob.mp3\"><\/audio><\/figure>\n\n\n\n<p><strong>5.1<\/strong><\/p>\n\n\n\n<figure class=\"wp-block-audio\"><audio controls src=\"https:\/\/iapop.com\/wp-content\/uploads\/2011\/12\/5-1-Journeys-Encounters-in-the-Unknown-Lands-Sebastian-Elsasser-IAPOP-2010.mp3\"><\/audio><\/figure>\n\n\n\n<p><strong>5.2<\/strong><\/p>\n\n\n\n<figure class=\"wp-block-audio\"><audio controls src=\"https:\/\/iapop.com\/wp-content\/uploads\/2011\/12\/5-2-Working-with-Patients-in-Coma-their-Families-Bogna-Szymkiewicz-IAPOP-2010.mp3\"><\/audio><\/figure>\n\n\n\n<p><strong>5.3<\/strong><\/p>\n\n\n\n<figure class=\"wp-block-audio\"><audio controls src=\"https:\/\/iapop.com\/wp-content\/uploads\/2011\/12\/5-3-Process-Work-Mindfullness-Evoking-the-Shaman-in-the-Clinician-Emetchi-Dean-Yamamoto-IAPOP-2010.mp3\"><\/audio><\/figure>\n\n\n\n<p><strong>5.4<\/strong><\/p>\n\n\n\n<figure class=\"wp-block-audio\"><audio controls src=\"https:\/\/iapop.com\/wp-content\/uploads\/2011\/12\/5-4-Bringing-Home-the-Ghosts-Addictions-as-Generational-Processes-of-Altered-States-Waynelle-WIlder-Melvin-Young-IAPOP-2010.mp3\"><\/audio><\/figure>\n\n\n\n<p><strong>6.1<\/strong><\/p>\n\n\n\n<figure class=\"wp-block-audio\"><audio controls src=\"https:\/\/iapop.com\/wp-content\/uploads\/2011\/12\/6-1-Dreamland-ICU-Training-Program-for-Hospital-Chaplains-in-Germany-Peter-Ammann-Thomas-Kammerer-IAPOP-2010.mp3\"><\/audio><\/figure>\n\n\n\n<p><strong>6.2<\/strong><\/p>\n\n\n\n<figure class=\"wp-block-audio\"><audio controls src=\"https:\/\/iapop.com\/wp-content\/uploads\/2011\/12\/6-2-New-Developments-in-Coma-Work-Gary-Reiss-IAPOP-2010.mp3\"><\/audio><\/figure>\n\n\n\n<p><strong>6.3<\/strong><\/p>\n\n\n\n<figure class=\"wp-block-audio\"><audio controls src=\"https:\/\/iapop.com\/wp-content\/uploads\/2011\/12\/6-3-Delirium-Sacred-Portal-to-Patients-Sentient-Natures-Stan-Tomandl-Ann-Jacob-IAPOP-2010.mp3\"><\/audio><\/figure>\n\n\n\n<p><strong>6.4<\/strong><\/p>\n\n\n\n<figure class=\"wp-block-audio\"><audio controls src=\"https:\/\/iapop.com\/wp-content\/uploads\/2011\/12\/6-4-Eldership-Advocacy-Exploring-Personal-Edges-to-Social-Action-Spiritual-Healing-in-Palliative-Care-Tom-Richards-IAPOP-2010.mp3\"><\/audio><\/figure>\n\n\n\n<p><strong>7.1<\/strong><\/p>\n\n\n\n<figure class=\"wp-block-audio\"><audio controls src=\"https:\/\/iapop.com\/wp-content\/uploads\/2011\/12\/7-1-The-Effects-of-Heterosexism-Homophobia-on-the-Health-Wellness-Life-Fulfilment-of-Gay-Men-Anup-Karia-Aleksandr-Peikrisvhili-IAPOP-2010.mp3\"><\/audio><\/figure>\n\n\n\n<p><strong>7.2<\/strong><\/p>\n\n\n\n<figure class=\"wp-block-audio\"><audio controls src=\"https:\/\/iapop.com\/wp-content\/uploads\/2011\/12\/7-2-Healing-History-Identity-in-Germany-after-the-Holocaust-Tanja-Hetzer-IAPOP-2010.mp3\"><\/audio><\/figure>\n\n\n\n<p><strong>7.3<\/strong><\/p>\n\n\n\n<figure class=\"wp-block-audio\"><audio controls src=\"https:\/\/iapop.com\/wp-content\/uploads\/2011\/12\/7-3-Dancing-Through-A-Field-of-Binging-and-Starving-Annie-Blair-Kate-Jobe-IAPOP-2010.mp3\"><\/audio><\/figure>\n\n\n\n<p><strong>7.4a<\/strong><\/p>\n\n\n\n<figure class=\"wp-block-audio\"><audio controls src=\"https:\/\/iapop.com\/wp-content\/uploads\/2011\/12\/7-4a-Introducing-Process-Work-in-Health-Care-Utilizing-the-Dreamlike-Direction-of-a-Team-Lily-Vassiliou-IAPOP-2010.mp3\"><\/audio><\/figure>\n\n\n\n<p><strong>7.4b<\/strong><\/p>\n\n\n\n<figure class=\"wp-block-audio\"><audio controls src=\"https:\/\/iapop.com\/wp-content\/uploads\/2011\/12\/7-4b-Conflict-resolution-Training-for-Health-Care-Professionals-Alex-Vassiliou-IAPOP-2010.mp3\"><\/audio><\/figure>\n\n\n\n<p><strong>7.4c<\/strong><\/p>\n\n\n\n<figure class=\"wp-block-audio\"><audio controls src=\"https:\/\/iapop.com\/wp-content\/uploads\/2011\/12\/7-4c-Psychotherapeutic-Research-First-results-of-a-Swiss-Long-Term-Outcome-Study-Involving-Process-Work-Ruth-Weyermann-IAPOP-2010.mp3\"><\/audio><\/figure>\n\n\n\n<p><strong>8.1<\/strong><\/p>\n\n\n\n<figure class=\"wp-block-audio\"><audio controls src=\"https:\/\/iapop.com\/wp-content\/uploads\/2011\/12\/8-1-Race-Gender-Issues-in-Health-Healthcare-Education-Leslie-Gregory-Assefash-Melles-IAPOP-2010.mp3\"><\/audio><\/figure>\n\n\n\n<p><strong>8.2<\/strong><\/p>\n\n\n\n<figure class=\"wp-block-audio\"><audio controls src=\"https:\/\/iapop.com\/wp-content\/uploads\/2011\/12\/8-2-Healing-National-Identity-Under-the-Shadow-of-Genocide-Tanja-Hetzer-Phil-Achim-Goeres-IAPOP-2010.mp3\"><\/audio><\/figure>\n\n\n\n<p><strong>8.3<\/strong><\/p>\n\n\n\n<figure class=\"wp-block-audio\"><audio controls src=\"https:\/\/iapop.com\/wp-content\/uploads\/2011\/12\/8-3a-Inner-Pathways-Made-Manifest-The-Role-of-the-Body-in-Womens-Experiences-of-Fulfilling-Life-Paths-Katje-Wagner-PhDc-DiplPW-IAPOP-2010.mp3\"><\/audio><\/figure>\n\n\n\n<p><strong>8.4<\/strong><\/p>\n\n\n\n<figure class=\"wp-block-audio\"><audio controls src=\"https:\/\/iapop.com\/wp-content\/uploads\/2011\/12\/8-4-Community-Losing-Finding-the-Sense-of-Community-Joy-Brown-IAPOP-2010.mp3\"><\/audio><\/figure>\n\n\n\n<p><strong>9.2<\/strong><\/p>\n\n\n\n<figure class=\"wp-block-audio\"><audio controls src=\"https:\/\/iapop.com\/wp-content\/uploads\/2011\/12\/9-2-Deep-Meaning-Purpose-in-the-World-using-Process-Work-with-People-who-have-Experienced-Term-Instituionatlized-Care-Patn-Black-Andy-Smith-IAPOP-2010.mp3\"><\/audio><\/figure>\n\n\n\n<p><strong>9.3<\/strong><\/p>\n\n\n\n<figure class=\"wp-block-audio\"><audio controls src=\"https:\/\/iapop.com\/wp-content\/uploads\/2011\/12\/9-3-AIDS-R-US-Inner-Outer-Marginalization-in-HIV+-Clients-Renata-Ackerman-IAPOP-2010.mp3\"><\/audio><\/figure>\n\n\n\n<p><strong>9.4<\/strong><\/p>\n\n\n\n<figure class=\"wp-block-audio\"><audio controls src=\"https:\/\/iapop.com\/wp-content\/uploads\/2011\/12\/9-4-Medically-Unexplained-Physical-Symptoms-among-Chernobyl-Liquidators-Joe-Goodbread-IAPOP-2010.mp3\"><\/audio><\/figure>\n<\/div>\n\n\n\n<div class=\"wp-block-group is-layout-flow wp-block-group-is-layout-flow\">\n<h2 class=\"wp-block-heading\">Aby subskrybowa\u0107 jako blog audio<\/h2>\n\n\n\n<p><strong>PL 1<\/strong><\/p>\n\n\n\n<figure class=\"wp-block-audio\"><audio controls src=\"https:\/\/iapop.com\/wp-content\/uploads\/2010\/12\/PL1-Rainbow-Medicine-Dreambody-Nonlocality-Arnold-Amy-Mindell-IAPOP-2010-ed.m4a\"><\/audio><\/figure>\n\n\n\n<p><strong>PL 2<\/strong><\/p>\n\n\n\n<figure class=\"wp-block-audio\"><audio controls src=\"https:\/\/iapop.com\/wp-content\/uploads\/2011\/12\/PL2-Deep-Inner-States-Awareness-Palliative-Care-Reis-Morin-Maunder-Yamamoto-Strohecker-IAPOP-2010.mp3\"><\/audio><\/figure>\n\n\n\n<p><strong>PS 1<\/strong><\/p>\n\n\n\n<figure class=\"wp-block-audio\"><audio controls src=\"https:\/\/iapop.com\/wp-content\/uploads\/2011\/12\/PS1-Plenary-Movement-Kate-Jobe-IAPOP-2010.mp3\"><\/audio><\/figure>\n\n\n\n<p><strong>PS 2<\/strong><\/p>\n\n\n\n<figure class=\"wp-block-audio\"><audio controls src=\"https:\/\/iapop.com\/wp-content\/uploads\/2011\/12\/PS2-Plenary-Unfolding-the-Meaning-and-Mythic-Patterns-Behind-Chronic-Body-Symptoms-Salome-Schwarz-Anusuya-Starbear-IAPOP-2010.mp3\"><\/audio><\/figure>\n\n\n\n<p><strong>PS 3<\/strong><\/p>\n\n\n\n<figure class=\"wp-block-audio\"><audio controls src=\"https:\/\/iapop.com\/wp-content\/uploads\/2011\/12\/PS3-Plenary-Addressing-Pain-and-Agitation-from-a-Multidisciplinary-Perspective-Maunder-Kammerer-Tomandl-Rose-IAPOP-2010.mp3\"><\/audio><\/figure>\n<\/div>","protected":false},"excerpt":{"rendered":"<p>The second International Process Oriented Psychology conference was held in Portland, OR in February 2010. This conference brought therapists, teachers, facilitators, and researchers from the Process Work community, medical professionals, [&hellip;]<\/p>\n","protected":false},"author":250,"featured_media":0,"parent":0,"menu_order":0,"comment_status":"closed","ping_status":"closed","template":"","meta":{"_EventAllDay":false,"_EventTimezone":"","_EventStartDate":"","_EventEndDate":"","_EventStartDateUTC":"","_EventEndDateUTC":"","_EventShowMap":false,"_EventShowMapLink":false,"_EventURL":"","_EventCost":"","_EventCostDescription":"","_EventCurrencySymbol":"","_EventCurrencyCode":"","_EventCurrencyPosition":"","_EventDateTimeSeparator":"","_EventTimeRangeSeparator":"","_EventOrganizerID":[],"_EventVenueID":[],"_OrganizerEmail":"","_OrganizerPhone":"","_OrganizerWebsite":"","_VenueAddress":"","_VenueCity":"","_VenueCountry":"","_VenueProvince":"","_VenueState":"","_VenueZip":"","_VenuePhone":"","_VenueURL":"","_VenueStateProvince":"","_VenueLat":"","_VenueLng":"","_VenueShowMap":false,"_VenueShowMapLink":false,"footnotes":""},"class_list":["post-6623","page","type-page","status-publish","hentry"],"yoast_head":"<!-- This site is optimized with the Yoast SEO plugin v27.3 - https:\/\/yoast.com\/product\/yoast-seo-wordpress\/ -->\n<title>2010 IAPOP Conference: Community &amp; Global Health - IAPOP<\/title>\n<meta name=\"robots\" content=\"index, follow, max-snippet:-1, max-image-preview:large, max-video-preview:-1\" \/>\n<link rel=\"canonical\" href=\"https:\/\/iapop.com\/pl\/iapop2010\/\" \/>\n<meta property=\"og:locale\" content=\"pl_PL\" \/>\n<meta property=\"og:type\" content=\"article\" \/>\n<meta property=\"og:title\" content=\"2010 IAPOP Conference: Community &amp; Global Health - IAPOP\" \/>\n<meta property=\"og:description\" content=\"The second International Process Oriented Psychology conference was held in Portland, OR in February 2010. This conference brought therapists, teachers, facilitators, and researchers from the Process Work community, medical professionals, [&hellip;]\" \/>\n<meta property=\"og:url\" content=\"https:\/\/iapop.com\/pl\/iapop2010\/\" \/>\n<meta property=\"og:site_name\" content=\"IAPOP\" \/>\n<meta property=\"article:publisher\" content=\"https:\/\/www.facebook.com\/processwork.iapop\" \/>\n<meta property=\"article:modified_time\" content=\"2025-02-15T18:02:05+00:00\" \/>\n<meta name=\"twitter:card\" content=\"summary_large_image\" \/>\n<meta name=\"twitter:label1\" content=\"Szacowany czas czytania\" \/>\n\t<meta name=\"twitter:data1\" content=\"2 minuty\" \/>\n<script type=\"application\/ld+json\" class=\"yoast-schema-graph\">{\"@context\":\"https:\\\/\\\/schema.org\",\"@graph\":[{\"@type\":\"WebPage\",\"@id\":\"https:\\\/\\\/iapop.com\\\/ru\\\/iapop2010\\\/\",\"url\":\"https:\\\/\\\/iapop.com\\\/ru\\\/iapop2010\\\/\",\"name\":\"2010 IAPOP Conference: Community &amp; Global Health - IAPOP\",\"isPartOf\":{\"@id\":\"http:\\\/\\\/iapop.com\\\/es\\\/#website\"},\"datePublished\":\"2024-11-29T16:41:47+00:00\",\"dateModified\":\"2025-02-15T18:02:05+00:00\",\"breadcrumb\":{\"@id\":\"https:\\\/\\\/iapop.com\\\/ru\\\/iapop2010\\\/#breadcrumb\"},\"inLanguage\":\"pl-PL\",\"potentialAction\":[{\"@type\":\"ReadAction\",\"target\":[\"https:\\\/\\\/iapop.com\\\/ru\\\/iapop2010\\\/\"]}]},{\"@type\":\"BreadcrumbList\",\"@id\":\"https:\\\/\\\/iapop.com\\\/ru\\\/iapop2010\\\/#breadcrumb\",\"itemListElement\":[{\"@type\":\"ListItem\",\"position\":1,\"name\":\"Home\",\"item\":\"https:\\\/\\\/iapop.com\\\/\"},{\"@type\":\"ListItem\",\"position\":2,\"name\":\"2010 IAPOP Conference: Community &amp; Global Health\"}]},{\"@type\":\"WebSite\",\"@id\":\"http:\\\/\\\/iapop.com\\\/es\\\/#website\",\"url\":\"http:\\\/\\\/iapop.com\\\/es\\\/\",\"name\":\"IAPOP\",\"description\":\"Process Oriented Psychology\",\"publisher\":{\"@id\":\"http:\\\/\\\/iapop.com\\\/es\\\/#organization\"},\"potentialAction\":[{\"@type\":\"SearchAction\",\"target\":{\"@type\":\"EntryPoint\",\"urlTemplate\":\"http:\\\/\\\/iapop.com\\\/es\\\/?s={search_term_string}\"},\"query-input\":{\"@type\":\"PropertyValueSpecification\",\"valueRequired\":true,\"valueName\":\"search_term_string\"}}],\"inLanguage\":\"pl-PL\"},{\"@type\":\"Organization\",\"@id\":\"http:\\\/\\\/iapop.com\\\/es\\\/#organization\",\"name\":\"IAPOP\",\"url\":\"http:\\\/\\\/iapop.com\\\/es\\\/\",\"logo\":{\"@type\":\"ImageObject\",\"inLanguage\":\"pl-PL\",\"@id\":\"http:\\\/\\\/iapop.com\\\/es\\\/#\\\/schema\\\/logo\\\/image\\\/\",\"url\":\"https:\\\/\\\/iapop.com\\\/wp-content\\\/uploads\\\/2024\\\/12\\\/Logo-300x131-1.png\",\"contentUrl\":\"https:\\\/\\\/iapop.com\\\/wp-content\\\/uploads\\\/2024\\\/12\\\/Logo-300x131-1.png\",\"width\":300,\"height\":131,\"caption\":\"IAPOP\"},\"image\":{\"@id\":\"http:\\\/\\\/iapop.com\\\/es\\\/#\\\/schema\\\/logo\\\/image\\\/\"},\"sameAs\":[\"https:\\\/\\\/www.facebook.com\\\/processwork.iapop\"]}]}<\/script>\n<!-- \/ Yoast SEO plugin. -->","yoast_head_json":{"title":"Konferencja IAPOP 2010: Community &amp; Global Health - IAPOP","robots":{"index":"index","follow":"follow","max-snippet":"max-snippet:-1","max-image-preview":"max-image-preview:large","max-video-preview":"max-video-preview:-1"},"canonical":"https:\/\/iapop.com\/pl\/iapop2010\/","og_locale":"pl_PL","og_type":"article","og_title":"2010 IAPOP Conference: Community &amp; Global Health - IAPOP","og_description":"The second International Process Oriented Psychology conference was held in Portland, OR in February 2010. This conference brought therapists, teachers, facilitators, and researchers from the Process Work community, medical professionals, [&hellip;]","og_url":"https:\/\/iapop.com\/pl\/iapop2010\/","og_site_name":"IAPOP","article_publisher":"https:\/\/www.facebook.com\/processwork.iapop","article_modified_time":"2025-02-15T18:02:05+00:00","twitter_card":"summary_large_image","twitter_misc":{"Szacowany czas czytania":"2 minuty"},"schema":{"@context":"https:\/\/schema.org","@graph":[{"@type":"WebPage","@id":"https:\/\/iapop.com\/ru\/iapop2010\/","url":"https:\/\/iapop.com\/ru\/iapop2010\/","name":"Konferencja IAPOP 2010: Community &amp; Global Health - IAPOP","isPartOf":{"@id":"http:\/\/iapop.com\/es\/#website"},"datePublished":"2024-11-29T16:41:47+00:00","dateModified":"2025-02-15T18:02:05+00:00","breadcrumb":{"@id":"https:\/\/iapop.com\/ru\/iapop2010\/#breadcrumb"},"inLanguage":"pl-PL","potentialAction":[{"@type":"ReadAction","target":["https:\/\/iapop.com\/ru\/iapop2010\/"]}]},{"@type":"BreadcrumbList","@id":"https:\/\/iapop.com\/ru\/iapop2010\/#breadcrumb","itemListElement":[{"@type":"ListItem","position":1,"name":"Home","item":"https:\/\/iapop.com\/"},{"@type":"ListItem","position":2,"name":"2010 IAPOP Conference: Community &amp; Global Health"}]},{"@type":"WebSite","@id":"http:\/\/iapop.com\/es\/#website","url":"http:\/\/iapop.com\/es\/","name":"IAPOP","description":"Psychologia zorientowana na proces","publisher":{"@id":"http:\/\/iapop.com\/es\/#organization"},"potentialAction":[{"@type":"SearchAction","target":{"@type":"EntryPoint","urlTemplate":"http:\/\/iapop.com\/es\/?s={search_term_string}"},"query-input":{"@type":"PropertyValueSpecification","valueRequired":true,"valueName":"search_term_string"}}],"inLanguage":"pl-PL"},{"@type":"Organization","@id":"http:\/\/iapop.com\/es\/#organization","name":"IAPOP","url":"http:\/\/iapop.com\/es\/","logo":{"@type":"ImageObject","inLanguage":"pl-PL","@id":"http:\/\/iapop.com\/es\/#\/schema\/logo\/image\/","url":"https:\/\/iapop.com\/wp-content\/uploads\/2024\/12\/Logo-300x131-1.png","contentUrl":"https:\/\/iapop.com\/wp-content\/uploads\/2024\/12\/Logo-300x131-1.png","width":300,"height":131,"caption":"IAPOP"},"image":{"@id":"http:\/\/iapop.com\/es\/#\/schema\/logo\/image\/"},"sameAs":["https:\/\/www.facebook.com\/processwork.iapop"]}]}},"_links":{"self":[{"href":"https:\/\/iapop.com\/pl\/wp-json\/wp\/v2\/pages\/6623","targetHints":{"allow":["GET"]}}],"collection":[{"href":"https:\/\/iapop.com\/pl\/wp-json\/wp\/v2\/pages"}],"about":[{"href":"https:\/\/iapop.com\/pl\/wp-json\/wp\/v2\/types\/page"}],"author":[{"embeddable":true,"href":"https:\/\/iapop.com\/pl\/wp-json\/wp\/v2\/users\/250"}],"replies":[{"embeddable":true,"href":"https:\/\/iapop.com\/pl\/wp-json\/wp\/v2\/comments?post=6623"}],"version-history":[{"count":1,"href":"https:\/\/iapop.com\/pl\/wp-json\/wp\/v2\/pages\/6623\/revisions"}],"predecessor-version":[{"id":7417,"href":"https:\/\/iapop.com\/pl\/wp-json\/wp\/v2\/pages\/6623\/revisions\/7417"}],"wp:attachment":[{"href":"https:\/\/iapop.com\/pl\/wp-json\/wp\/v2\/media?parent=6623"}],"curies":[{"name":"wp","href":"https:\/\/api.w.org\/{rel}","templated":true}]}}