{"id":6629,"date":"2024-11-29T14:56:52","date_gmt":"2024-11-29T16:56:52","guid":{"rendered":"http:\/\/iapop.local\/?page_id=6629"},"modified":"2025-02-15T18:02:05","modified_gmt":"2025-02-15T18:02:05","slug":"members","status":"publish","type":"page","link":"https:\/\/iapop.com\/pl\/members\/","title":{"rendered":"Sk\u0142adki cz\u0142onkowskie"},"content":{"rendered":"<h1 class=\"wp-block-post-title\">Sk\u0142adki cz\u0142onkowskie<\/h1>\n\n\n<blockquote class=\"wp-block-quote is-style-default is-layout-flow wp-block-quote-is-layout-flow\">\n<p class=\"has-medium-font-size\">Pierwszy rok po uko\u0144czeniu studi\u00f3w jest bezp\u0142atny!<\/p>\n<\/blockquote>\n\n\n\n<p>Cz\u0142onkostwo w IAPOP jest dost\u0119pne dla absolwent\u00f3w program\u00f3w PW Diploma, DDI Diploma, MPW, MACF i MAPOF. Je\u015bli uko\u0144czy\u0142e\u015b jeden z tych program\u00f3w i chcia\u0142by\u015b do\u0142\u0105czy\u0107 do IAPOP, wykonaj nast\u0119puj\u0105ce kroki:<\/p>\n\n\n\n<ul class=\"wp-block-list\">\n<li>Wy\u015blij wiadomo\u015b\u0107 e-mail na adres <a href=\"mailto:members@iapop.com\">members@iapop.com<\/a> daj\u0105c nam zna\u0107, \u017ce chcesz do nas do\u0142\u0105czy\u0107<\/li>\n\n\n\n<li>Podaj swoje imi\u0119 i nazwisko, adres pocztowy, telefon, adres e-mail, stron\u0119 internetow\u0105, zdj\u0119cie, j\u0119zyki, kt\u00f3rymi si\u0119 pos\u0142ugujesz oraz wska\u017c program, kt\u00f3ry uko\u0144czy\u0142e\u015b i wymie\u0144 inne stopnie naukowe, kt\u00f3re chcia\u0142by\u015b wymieni\u0107.<\/li>\n\n\n\n<li>Op\u0142a\u0107 roczne sk\u0142adki.<\/li>\n\n\n\n<li>Pierwszy rok po uko\u0144czeniu studi\u00f3w jest bezp\u0142atny!<\/li>\n\n\n\n<li><strong>Op\u0142at\u0119 cz\u0142onkowsk\u0105 nale\u017cy ui\u015bci\u0107 1 lutego ka\u017cdego roku.<\/strong><\/li>\n<\/ul>\n\n\n\n<div class=\"wp-block-columns is-layout-flex wp-container-core-columns-is-layout-28f84493 wp-block-columns-is-layout-flex\">\n<div class=\"wp-block-column is-vertically-aligned-center is-layout-flow wp-block-column-is-layout-flow\">\n<div class=\"wp-block-group has-border-color has-gray-lighter-4-border-color is-layout-flow wp-block-group-is-layout-flow\" style=\"border-width:1px;margin-top:0;margin-bottom:0;padding-top:var(--wp--preset--spacing--20);padding-right:var(--wp--preset--spacing--20);padding-bottom:var(--wp--preset--spacing--20);padding-left:var(--wp--preset--spacing--20)\">\n<div class=\"wp-block-buttons is-content-justification-center is-nowrap is-layout-flex wp-container-core-buttons-is-layout-23441af8 wp-block-buttons-is-layout-flex\">\n<div class=\"wp-block-button has-custom-width wp-block-button__width-100\"><a class=\"wp-block-button__link wp-element-button\" href=\"https:\/\/www.paypal.com\/donate\/?hosted_button_id=SQQ5CEYPS5BW4\" target=\"_blank\" rel=\" noreferrer noopener nofollow\">Sk\u0142adki cz\u0142onkowskie<\/a><\/div>\n<\/div>\n\n\n\n<div class=\"wp-block-group is-content-justification-center is-nowrap is-layout-flex wp-container-core-group-is-layout-23441af8 wp-block-group-is-layout-flex\">\n<figure class=\"wp-block-image\"><img decoding=\"async\" src=\"https:\/\/www.paypalobjects.com\/webstatic\/en_US\/i\/buttons\/cc-badges-ppppcmcvdam.png\" alt=\"Zap\u0142a\u0107 za pomoc\u0105 PayPal, PayPal Credit lub dowolnej g\u0142\u00f3wnej karty kredytowej\"\/><\/figure>\n<\/div>\n<\/div>\n<\/div>\n<\/div>\n\n\n\n<p>Sugerowana roczna sk\u0142adka cz\u0142onkowska IAPOP jest w przybli\u017ceniu r\u00f3wna cenie, jak\u0105 pobierasz w swoim regionie za jedn\u0105 sesj\u0119\/godzin\u0119 us\u0142ugi. Je\u015bli jeste\u015b cz\u0142onkiem IAPOP po raz pierwszy, pierwszy rok jest bezp\u0142atny! Mo\u017cesz zap\u0142aci\u0107 kart\u0105 kredytow\u0105 lub przez PayPal.&nbsp;<\/p>\n\n\n\n<p><strong>Twoje wsparcie jest dla nas wa\u017cne. Dzi\u0119kujemy.<\/strong><\/p>\n\n\n\n<p>Je\u015bli chcesz przekaza\u0107 darowizn\u0119, <a href=\"https:\/\/iapop.com\/pl\/donations\/\">kliknij tutaj<\/a>.<\/p>\n\n\n\n<p><strong>Dzi\u0119kujemy za wsparcie!<\/strong><\/p>\n\n\n\n<h2 class=\"wp-block-heading\">Katalog cz\u0142onk\u00f3w<\/h2>\n\n\n\n<p>Je\u015bli chcesz zaktualizowa\u0107 swoje informacje lub zdj\u0119cie w katalogu cz\u0142onk\u00f3w, zaloguj si\u0119.<\/p>\n\n\n\n<p><\/p>\n\n\n\n<div class=\"wp-block-columns is-layout-flex wp-container-core-columns-is-layout-28f84493 wp-block-columns-is-layout-flex\">\n<div class=\"wp-block-column is-vertically-aligned-center is-layout-flow wp-block-column-is-layout-flow\">\n<div class=\"wp-block-group has-border-color has-gray-lighter-4-border-color is-layout-flow wp-block-group-is-layout-flow\" style=\"border-width:1px;margin-top:0;margin-bottom:0;padding-top:var(--wp--preset--spacing--20);padding-right:var(--wp--preset--spacing--20);padding-bottom:var(--wp--preset--spacing--20);padding-left:var(--wp--preset--spacing--20)\">\n<div class=\"wp-block-buttons is-content-justification-center is-nowrap is-layout-flex wp-container-core-buttons-is-layout-23441af8 wp-block-buttons-is-layout-flex\">\n<div class=\"wp-block-button has-custom-width wp-block-button__width-100\"><a class=\"wp-block-button__link wp-element-button\" href=\"\/wp-admin\/admin.php?page=iapop-directory\" target=\"_blank\" rel=\" noreferrer noopener nofollow\">Logowanie cz\u0142onk\u00f3w<\/a><\/div>\n<\/div>\n<\/div>\n<\/div>\n<\/div>\n\n\n\n<p><\/p>","protected":false},"excerpt":{"rendered":"<p>First year after graduation is free! IAPOP membership is available to graduates of PW Diploma, DDI Diploma, MPW, MACF and MAPOF programs. If you have graduated with one of these [&hellip;]<\/p>\n","protected":false},"author":250,"featured_media":0,"parent":0,"menu_order":0,"comment_status":"closed","ping_status":"closed","template":"","meta":{"_EventAllDay":false,"_EventTimezone":"","_EventStartDate":"","_EventEndDate":"","_EventStartDateUTC":"","_EventEndDateUTC":"","_EventShowMap":false,"_EventShowMapLink":false,"_EventURL":"","_EventCost":"","_EventCostDescription":"","_EventCurrencySymbol":"","_EventCurrencyCode":"","_EventCurrencyPosition":"","_EventDateTimeSeparator":"","_EventTimeRangeSeparator":"","_EventOrganizerID":[],"_EventVenueID":[],"_OrganizerEmail":"","_OrganizerPhone":"","_OrganizerWebsite":"","_VenueAddress":"","_VenueCity":"","_VenueCountry":"","_VenueProvince":"","_VenueState":"","_VenueZip":"","_VenuePhone":"","_VenueURL":"","_VenueStateProvince":"","_VenueLat":"","_VenueLng":"","_VenueShowMap":false,"_VenueShowMapLink":false,"footnotes":""},"class_list":["post-6629","page","type-page","status-publish","hentry"],"yoast_head":"<!-- This site is optimized with the Yoast SEO plugin v27.3 - https:\/\/yoast.com\/product\/yoast-seo-wordpress\/ -->\n<title>Members Dues - IAPOP<\/title>\n<meta name=\"robots\" content=\"index, follow, max-snippet:-1, max-image-preview:large, max-video-preview:-1\" \/>\n<link rel=\"canonical\" href=\"https:\/\/iapop.com\/pl\/members\/\" \/>\n<meta property=\"og:locale\" content=\"pl_PL\" \/>\n<meta property=\"og:type\" content=\"article\" \/>\n<meta property=\"og:title\" content=\"Members Dues - IAPOP\" \/>\n<meta property=\"og:description\" content=\"First year after graduation is free! IAPOP membership is available to graduates of PW Diploma, DDI Diploma, MPW, MACF and MAPOF programs. If you have graduated with one of these [&hellip;]\" \/>\n<meta property=\"og:url\" content=\"https:\/\/iapop.com\/pl\/members\/\" \/>\n<meta property=\"og:site_name\" content=\"IAPOP\" \/>\n<meta property=\"article:publisher\" content=\"https:\/\/www.facebook.com\/processwork.iapop\" \/>\n<meta property=\"article:modified_time\" content=\"2025-02-15T18:02:05+00:00\" \/>\n<meta property=\"og:image\" content=\"https:\/\/www.paypalobjects.com\/webstatic\/en_US\/i\/buttons\/cc-badges-ppppcmcvdam.png\" \/>\n<meta name=\"twitter:card\" content=\"summary_large_image\" \/>\n<meta name=\"twitter:label1\" content=\"Szacowany czas czytania\" \/>\n\t<meta name=\"twitter:data1\" content=\"2 minuty\" \/>\n<script type=\"application\/ld+json\" class=\"yoast-schema-graph\">{\"@context\":\"https:\\\/\\\/schema.org\",\"@graph\":[{\"@type\":\"WebPage\",\"@id\":\"https:\\\/\\\/iapop.com\\\/es\\\/members\\\/\",\"url\":\"https:\\\/\\\/iapop.com\\\/es\\\/members\\\/\",\"name\":\"Members Dues - IAPOP\",\"isPartOf\":{\"@id\":\"http:\\\/\\\/iapop.com\\\/es\\\/#website\"},\"primaryImageOfPage\":{\"@id\":\"https:\\\/\\\/iapop.com\\\/es\\\/members\\\/#primaryimage\"},\"image\":{\"@id\":\"https:\\\/\\\/iapop.com\\\/es\\\/members\\\/#primaryimage\"},\"thumbnailUrl\":\"https:\\\/\\\/www.paypalobjects.com\\\/webstatic\\\/en_US\\\/i\\\/buttons\\\/cc-badges-ppppcmcvdam.png\",\"datePublished\":\"2024-11-29T16:56:52+00:00\",\"dateModified\":\"2025-02-15T18:02:05+00:00\",\"breadcrumb\":{\"@id\":\"https:\\\/\\\/iapop.com\\\/es\\\/members\\\/#breadcrumb\"},\"inLanguage\":\"pl-PL\",\"potentialAction\":[{\"@type\":\"ReadAction\",\"target\":[\"https:\\\/\\\/iapop.com\\\/es\\\/members\\\/\"]}]},{\"@type\":\"ImageObject\",\"inLanguage\":\"pl-PL\",\"@id\":\"https:\\\/\\\/iapop.com\\\/es\\\/members\\\/#primaryimage\",\"url\":\"https:\\\/\\\/www.paypalobjects.com\\\/webstatic\\\/en_US\\\/i\\\/buttons\\\/cc-badges-ppppcmcvdam.png\",\"contentUrl\":\"https:\\\/\\\/www.paypalobjects.com\\\/webstatic\\\/en_US\\\/i\\\/buttons\\\/cc-badges-ppppcmcvdam.png\"},{\"@type\":\"BreadcrumbList\",\"@id\":\"https:\\\/\\\/iapop.com\\\/es\\\/members\\\/#breadcrumb\",\"itemListElement\":[{\"@type\":\"ListItem\",\"position\":1,\"name\":\"Home\",\"item\":\"https:\\\/\\\/iapop.com\\\/\"},{\"@type\":\"ListItem\",\"position\":2,\"name\":\"Members Dues\"}]},{\"@type\":\"WebSite\",\"@id\":\"http:\\\/\\\/iapop.com\\\/es\\\/#website\",\"url\":\"http:\\\/\\\/iapop.com\\\/es\\\/\",\"name\":\"IAPOP\",\"description\":\"Process Oriented Psychology\",\"publisher\":{\"@id\":\"http:\\\/\\\/iapop.com\\\/es\\\/#organization\"},\"potentialAction\":[{\"@type\":\"SearchAction\",\"target\":{\"@type\":\"EntryPoint\",\"urlTemplate\":\"http:\\\/\\\/iapop.com\\\/es\\\/?s={search_term_string}\"},\"query-input\":{\"@type\":\"PropertyValueSpecification\",\"valueRequired\":true,\"valueName\":\"search_term_string\"}}],\"inLanguage\":\"pl-PL\"},{\"@type\":\"Organization\",\"@id\":\"http:\\\/\\\/iapop.com\\\/es\\\/#organization\",\"name\":\"IAPOP\",\"url\":\"http:\\\/\\\/iapop.com\\\/es\\\/\",\"logo\":{\"@type\":\"ImageObject\",\"inLanguage\":\"pl-PL\",\"@id\":\"http:\\\/\\\/iapop.com\\\/es\\\/#\\\/schema\\\/logo\\\/image\\\/\",\"url\":\"https:\\\/\\\/iapop.com\\\/wp-content\\\/uploads\\\/2024\\\/12\\\/Logo-300x131-1.png\",\"contentUrl\":\"https:\\\/\\\/iapop.com\\\/wp-content\\\/uploads\\\/2024\\\/12\\\/Logo-300x131-1.png\",\"width\":300,\"height\":131,\"caption\":\"IAPOP\"},\"image\":{\"@id\":\"http:\\\/\\\/iapop.com\\\/es\\\/#\\\/schema\\\/logo\\\/image\\\/\"},\"sameAs\":[\"https:\\\/\\\/www.facebook.com\\\/processwork.iapop\"]}]}<\/script>\n<!-- \/ Yoast SEO plugin. -->","yoast_head_json":{"title":"Sk\u0142adki cz\u0142onkowskie - IAPOP","robots":{"index":"index","follow":"follow","max-snippet":"max-snippet:-1","max-image-preview":"max-image-preview:large","max-video-preview":"max-video-preview:-1"},"canonical":"https:\/\/iapop.com\/pl\/members\/","og_locale":"pl_PL","og_type":"article","og_title":"Members Dues - IAPOP","og_description":"First year after graduation is free! IAPOP membership is available to graduates of PW Diploma, DDI Diploma, MPW, MACF and MAPOF programs. If you have graduated with one of these [&hellip;]","og_url":"https:\/\/iapop.com\/pl\/members\/","og_site_name":"IAPOP","article_publisher":"https:\/\/www.facebook.com\/processwork.iapop","article_modified_time":"2025-02-15T18:02:05+00:00","og_image":[{"url":"https:\/\/www.paypalobjects.com\/webstatic\/en_US\/i\/buttons\/cc-badges-ppppcmcvdam.png","type":"","width":"","height":""}],"twitter_card":"summary_large_image","twitter_misc":{"Szacowany czas czytania":"2 minuty"},"schema":{"@context":"https:\/\/schema.org","@graph":[{"@type":"WebPage","@id":"https:\/\/iapop.com\/es\/members\/","url":"https:\/\/iapop.com\/es\/members\/","name":"Sk\u0142adki cz\u0142onkowskie - IAPOP","isPartOf":{"@id":"http:\/\/iapop.com\/es\/#website"},"primaryImageOfPage":{"@id":"https:\/\/iapop.com\/es\/members\/#primaryimage"},"image":{"@id":"https:\/\/iapop.com\/es\/members\/#primaryimage"},"thumbnailUrl":"https:\/\/www.paypalobjects.com\/webstatic\/en_US\/i\/buttons\/cc-badges-ppppcmcvdam.png","datePublished":"2024-11-29T16:56:52+00:00","dateModified":"2025-02-15T18:02:05+00:00","breadcrumb":{"@id":"https:\/\/iapop.com\/es\/members\/#breadcrumb"},"inLanguage":"pl-PL","potentialAction":[{"@type":"ReadAction","target":["https:\/\/iapop.com\/es\/members\/"]}]},{"@type":"ImageObject","inLanguage":"pl-PL","@id":"https:\/\/iapop.com\/es\/members\/#primaryimage","url":"https:\/\/www.paypalobjects.com\/webstatic\/en_US\/i\/buttons\/cc-badges-ppppcmcvdam.png","contentUrl":"https:\/\/www.paypalobjects.com\/webstatic\/en_US\/i\/buttons\/cc-badges-ppppcmcvdam.png"},{"@type":"BreadcrumbList","@id":"https:\/\/iapop.com\/es\/members\/#breadcrumb","itemListElement":[{"@type":"ListItem","position":1,"name":"Home","item":"https:\/\/iapop.com\/"},{"@type":"ListItem","position":2,"name":"Members Dues"}]},{"@type":"WebSite","@id":"http:\/\/iapop.com\/es\/#website","url":"http:\/\/iapop.com\/es\/","name":"IAPOP","description":"Psychologia zorientowana na proces","publisher":{"@id":"http:\/\/iapop.com\/es\/#organization"},"potentialAction":[{"@type":"SearchAction","target":{"@type":"EntryPoint","urlTemplate":"http:\/\/iapop.com\/es\/?s={search_term_string}"},"query-input":{"@type":"PropertyValueSpecification","valueRequired":true,"valueName":"search_term_string"}}],"inLanguage":"pl-PL"},{"@type":"Organization","@id":"http:\/\/iapop.com\/es\/#organization","name":"IAPOP","url":"http:\/\/iapop.com\/es\/","logo":{"@type":"ImageObject","inLanguage":"pl-PL","@id":"http:\/\/iapop.com\/es\/#\/schema\/logo\/image\/","url":"https:\/\/iapop.com\/wp-content\/uploads\/2024\/12\/Logo-300x131-1.png","contentUrl":"https:\/\/iapop.com\/wp-content\/uploads\/2024\/12\/Logo-300x131-1.png","width":300,"height":131,"caption":"IAPOP"},"image":{"@id":"http:\/\/iapop.com\/es\/#\/schema\/logo\/image\/"},"sameAs":["https:\/\/www.facebook.com\/processwork.iapop"]}]}},"_links":{"self":[{"href":"https:\/\/iapop.com\/pl\/wp-json\/wp\/v2\/pages\/6629","targetHints":{"allow":["GET"]}}],"collection":[{"href":"https:\/\/iapop.com\/pl\/wp-json\/wp\/v2\/pages"}],"about":[{"href":"https:\/\/iapop.com\/pl\/wp-json\/wp\/v2\/types\/page"}],"author":[{"embeddable":true,"href":"https:\/\/iapop.com\/pl\/wp-json\/wp\/v2\/users\/250"}],"replies":[{"embeddable":true,"href":"https:\/\/iapop.com\/pl\/wp-json\/wp\/v2\/comments?post=6629"}],"version-history":[{"count":0,"href":"https:\/\/iapop.com\/pl\/wp-json\/wp\/v2\/pages\/6629\/revisions"}],"wp:attachment":[{"href":"https:\/\/iapop.com\/pl\/wp-json\/wp\/v2\/media?parent=6629"}],"curies":[{"name":"wp","href":"https:\/\/api.w.org\/{rel}","templated":true}]}}