{"id":7245,"date":"2025-02-17T10:50:20","date_gmt":"2025-02-17T10:50:20","guid":{"rendered":"https:\/\/test.iapop.com\/?page_id=7245"},"modified":"2025-11-15T07:40:38","modified_gmt":"2025-11-15T07:40:38","slug":"training-centers","status":"publish","type":"page","link":"https:\/\/iapop.com\/pl\/training-centers\/","title":{"rendered":"Szko\u0142y szkoleniowe na poziomie dyplomu"},"content":{"rendered":"<h1 class=\"wp-block-post-title\">Szko\u0142y szkoleniowe na poziomie dyplomu<\/h1>\n\n\n<h2 class=\"wp-block-heading\">Szkolenie z psychologii zorientowanej na proces<\/h2>\n\n\n\n<p>Szkolenie z psychologii zorientowanej na proces \u0142\u0105czy globaln\u0105 sie\u0107 mo\u017cliwo\u015bci uczenia si\u0119 - od kr\u00f3tkich, ukierunkowanych warsztat\u00f3w po dog\u0142\u0119bne kwalifikacje na poziomie dyplomu. Liczne kursy po\u015bwi\u0119cone konkretnym aspektom pracy z procesem mo\u017cna znale\u017a\u0107 w naszej ofercie. <a href=\"https:\/\/iapop.com\/pl\/directory\/\">Katalog<\/a> oraz <a href=\"https:\/\/iapop.com\/pl\/events\/\">Nadchodz\u0105ce wydarzenia<\/a> Na li\u015bcie tej wyr\u00f3\u017cniono szko\u0142y, programy i centra szkoleniowe Process Work z pe\u0142n\u0105 przynale\u017cno\u015bci\u0105 do IAPOP. Ka\u017cdy z tych program\u00f3w oferuje kompleksowe kwalifikacje zgodne ze standardem dyplomu. Programy te zlokalizowane s\u0105 na Globalnej P\u00f3\u0142nocy i Globalnym Po\u0142udniu i utrzymuj\u0105 rygorystyczne standardy dzi\u0119ki ustrukturyzowanym programom nauczania zaprojektowanym w celu uzyskania dyplomu Process Work Diplomat - najwy\u017cszej mo\u017cliwej do osi\u0105gni\u0119cia kwalifikacji w psychologii zorientowanej na proces.  Poni\u017cej znajduje si\u0119 lista o\u015brodk\u00f3w i instytut\u00f3w, w kt\u00f3rych mo\u017cna uzyska\u0107 kwalifikacje do pracy z procesem na poziomie dyplomaty afiliowane przez IAPOP.  <\/p>\n\n\n\n<p>Skorzystaj z link\u00f3w dla ka\u017cdej szko\u0142y, aby znale\u017a\u0107 zakres oferowanych program\u00f3w pub;licowych. <\/p>\n\n\n\n<p>Absolwenci tych program\u00f3w kwalifikuj\u0105 si\u0119 do cz\u0142onkostwa w IAPOP <\/p>\n\n\n\n<p><\/p>\n\n\n\n<figure class=\"wp-block-table datatable-init is-style-regular\"><table class=\"has-fixed-layout\"><thead><tr><th>SZKO\u0141A<\/th><th>KRAJ<\/th><th>STRONA<\/th><th>PROGRAMY<\/th><\/tr><\/thead><tbody><tr><td><strong>Arte del Processo e Democrazia Profonda<\/strong><\/td><td>W\u0142ochy<\/td><td><a href=\"https:\/\/processworkitalia.com\/\" target=\"_blank\" rel=\"noreferrer noopener nofollow\">processworkitalia.com<\/a><\/td><td>Dyplom<\/td><\/tr><tr><td><strong>Australijsko-Nowozelandzka Psychologia Zorientowana na Proces (ANZPOP<\/strong>)<\/td><td>Australia\/NZ<\/td><td><a href=\"https:\/\/anzpop.org\/\" target=\"_blank\" rel=\"noreferrer noopener nofollow\">anzpop.org<\/a><\/td><td>Dyplom<\/td><\/tr><tr><td><strong>Instytut G\u0142\u0119bokiej Demokracji<\/strong> <strong>Mi\u0119dzynarodowy<\/strong> (<strong>DDII<\/strong>)<\/td><td>Egipt, Irak, Europa, Rosja, Birma, Wietnam, Ukraina<\/td><td><a href=\"https:\/\/deepdemocracyinstitute.org\/\" target=\"_blank\" rel=\"noreferrer noopener nofollow\">deepdemocracyinstitute.org<\/a><br><br><a href=\"https:\/\/deepdemocracydiploma.com\">https:\/\/deepdemocracydiploma.com<\/a> <br><a href=\"https:\/\/ddi.in.ua\" target=\"_blank\" rel=\"noreferrer noopener nofollow\">ddi.in.ua<\/a><\/td><td>Dyplom<\/td><\/tr><tr><td><strong> DDI Kenya<\/strong><\/td><td>Kenia<\/td><td><a href=\"https:\/\/www.facebook.com\/DDI.Kenya\/\">https:\/\/www.facebook.com\/DDI.Kenya\/<\/a> <\/td><td>Dyplom<\/td><\/tr><tr><td><strong>DDI Tajlandia<\/strong><\/td><td>Tajlandia <\/td><td><a href=\"https:\/\/www.facebook.com\/DeepDemocracyInstitueThailand\/\">https:\/\/www.facebook.com\/DeepDemocracyInstitueThailand\/<\/a> <br><\/td><td>Dyplom<\/td><\/tr><tr><td><strong>Institut f\u00fcr Prozessarbeit (IPA)<\/strong><\/td><td>Szwajcaria<\/td><td><a href=\"https:\/\/www.institut-prozessarbeit.ch\" target=\"_blank\" rel=\"noreferrer noopener nofollow\">institut-prozessarbeit.ch<\/a><\/td><td>Dyplom<\/td><\/tr><tr><td><strong>Institut f\u00fcr Prozessarbeit Deutschland (Instytut Pracy Procesowej w Niemczech)<\/strong><\/td><td>Niemcy<\/td><td><a href=\"https:\/\/institut-prozessarbeit.de\/\" target=\"_blank\" rel=\"noreferrer noopener nofollow\">institut-prozessarbeit.de<\/a><\/td><td>Dyplom<\/td><\/tr><tr><td><strong>Institut procesove orientovane prace (Instytut psychologii zorientowanej na proces)<\/strong><\/td><td>Czechy<\/td><td><a href=\"https:\/\/www.processwork.cz\" target=\"_blank\" rel=\"noreferrer noopener nofollow\">processwork.cz<\/a><\/td><td>Dyplom<\/td><\/tr><tr><td><strong>Instituto de Trabajo de Procesos y Democracia Profunda<\/strong><\/td><td>Hiszpania<\/td><td><a href=\"https:\/\/www.trabajodeprocesos.net\" target=\"_blank\" rel=\"noreferrer noopener nofollow\">trabajodeprocesos.net<\/a><\/td><td>Dyplom<\/td><\/tr><tr><td><strong>Instytut Psychologii Procesu<\/strong><\/td><td>Polska<\/td><td><a href=\"https:\/\/processwork.pl\/\" target=\"_blank\" rel=\"noreferrer noopener nofollow\">processwork.pl<\/a><\/td><td>Dyplom<\/td><\/tr><tr><td><strong>Mi\u0119dzynarodowe Centrum Pracy Procesowej (ICPW)<\/strong><\/td><td>Rosja<\/td><td><a href=\"https:\/\/www.processwork.pro\/\" target=\"_blank\" rel=\"noreferrer noopener nofollow\">processwork.pro<\/a><\/td><td>Dyplom<\/td><\/tr><tr><td><strong>Mi\u0119dzynarodowa Szko\u0142a Pracy Procesowej w Rosji (ISPWR)<\/strong><\/td><td>Rosja<\/td><td><a href=\"https:\/\/mipopp.com\/\" target=\"_blank\" rel=\"noreferrer noopener nofollow\">mipopp.com<\/a><\/td><td>Dyplom<\/td><\/tr><tr><td><strong>Japan Process Work Center<\/strong><\/td><td>Japonia<\/td><td><a href=\"https:\/\/jpwc.or.jp\" target=\"_blank\" rel=\"noreferrer noopener nofollow\">jpwc.or.jp<\/a><\/td><td>Dyplom<\/td><\/tr><tr><td><strong>Instytut Zorientowany na Proces S\u0142owacja, POPI-S\u0142owacja<\/strong><\/td><td>S\u0142owacja<\/td><td><a href=\"https:\/\/www.processwork.sk\" target=\"_blank\" rel=\"noreferrer noopener nofollow\">processwork.sk<\/a><\/td><td>Dyplom<\/td><\/tr><tr><td><strong>Process Work Center Hawai'i<\/strong><\/td><td>USA<\/td><td><a href=\"https:\/\/processworkcenterofhawaii.com\" target=\"_blank\" rel=\"noreferrer noopener nofollow\">processworkcenterofhawaii.com<\/a><\/td><td>Dyplom<\/td><\/tr><tr><td><strong>Process Work Institute Litwa<\/strong><\/td><td>Litwa<\/td><td><a href=\"https:\/\/pwi.lt\" target=\"_blank\" rel=\"noreferrer noopener nofollow\">pwi.lt<\/a><\/td><td>Dyplom<\/td><\/tr><tr><td><strong>Indyjski Instytut Pracy Procesowej<\/strong><\/td><td>Indie<\/td><td><a href=\"https:\/\/www.processworkindia.com\/\" target=\"_blank\" rel=\"noreferrer noopener nofollow\">processworkindia.com<\/a><\/td><td>W trakcie osi\u0105gania poziomu dyplomu<\/td><\/tr><tr><td><strong>Process Work Institute, Portland<\/strong><\/td><td>USA<\/td><td><a href=\"https:\/\/www.processworkuk.org\/\" target=\"_blank\" rel=\"noreferrer noopener nofollow\">processwork.edu<\/a><\/td><td>Dyplom<\/td><\/tr><tr><td><strong>Centrum Studi\u00f3w Psychologii Procesu (SPP)<\/strong><\/td><td>Polska<\/td><td><a href=\"https:\/\/fundacjaspp.pl\/\" target=\"_blank\" rel=\"noreferrer noopener nofollow\">fundacjaspp.pl<\/a><\/td><td>Dyplom<\/td><\/tr><tr><td><strong>Processwork Hub<\/strong><\/td><td>Grecja<\/td><td><a href=\"https:\/\/processworkhub.gr\/diploma-sto-processwork.htm\" target=\"_blank\" rel=\"noreferrer noopener nofollow\">processworkhub.gr<\/a><\/td><td>Dyplom<\/td><\/tr><tr><td><strong>PW Izrael<\/strong><\/td><td>Izrael<\/td><td><\/td><td>Dyplom<\/td><\/tr><tr><td><strong>Towarzystwo Badawcze Psychologii Zorientowanej na Proces, Processwork UK<\/strong><\/td><td>WIELKA BRYTANIA<\/td><td><a href=\"https:\/\/www.processworkuk.org\/\" target=\"_blank\" rel=\"noreferrer noopener nofollow\">processworkuk.org<\/a><\/td><td>Dyplom<\/td><\/tr><tr><td><strong>Szwajcarsko-Rosyjska Szko\u0142a Pracy Procesowej<\/strong><\/td><td>Szwajcaria, Rosja<\/td><td><a href=\"https:\/\/pw-center.ru\/\" target=\"_blank\" rel=\"noreferrer noopener nofollow\">pw-center.ru<\/a><\/td><td>Dyplom<\/td><\/tr><\/tbody><\/table><\/figure>\n\n\n\n<div class=\"wp-block-group is-nowrap is-layout-flex wp-container-core-group-is-layout-6c531013 wp-block-group-is-layout-flex\">\n<h2 class=\"wp-block-heading\">Kursy certyfikacyjne afiliowane przez IAPOP <\/h2>\n\n\n\n<h2 class=\"wp-block-heading\">Ju\u017c wkr\u00f3tce!!!<\/h2>\n<\/div>\n\n\n\n<h3 class=\"wp-block-heading\">Trzyletnie szkolenie w zakresie pracy procesowej <\/h3>\n\n\n\n<p>Absolwenci tych 3-4-letnich program\u00f3w certyfikacyjnych stowarzyszonych z IAPOP kwalifikuj\u0105 si\u0119 do cz\u0142onkostwa w IAPOP<\/p>\n\n\n\n<figure class=\"wp-block-table\"><table class=\"has-fixed-layout\"><tbody><tr><td><strong>Kurs<\/strong><\/td><td><strong>Lokalizacja <\/strong><\/td><td><strong>Program szkoleniowy <\/strong><\/td><td><strong>Strona internetowa\/link <\/strong><\/td><\/tr><tr><td><\/td><td>Portland, USA<\/td><td><\/td><td><\/td><\/tr><tr><td><\/td><td>Grecja <\/td><td><\/td><td><\/td><\/tr><tr><td><\/td><td>Hiszpania <\/td><td><\/td><td><\/td><\/tr><\/tbody><\/table><\/figure>\n\n\n\n<h2 class=\"wp-block-heading\">Partner<\/h2>\n\n\n\n<p><strong>CFOR Force for Change<\/strong> <mark style=\"background-color:rgba(0, 0, 0, 0)\" class=\"has-inline-color has-brand-primary-color\"> https:\/\/www.cfor.info\/<\/mark><\/p>\n\n\n\n<p>CFOR facylituje i szkoli facylitator\u00f3w. Naszym celem jest \"facylitator przy ka\u017cdym stole\", od kuchni po st\u00f3\u0142 negocjacyjny. Kiedy ludzie mog\u0105 u\u015bwiadomi\u0107 sobie spolaryzowan\u0105 dynamik\u0119 i przemoc, kt\u00f3rej do\u015bwiadczaj\u0105, spo\u0142eczno\u015b\u0107 staje si\u0119 ochronn\u0105 i kreatywn\u0105 si\u0142\u0105, kt\u00f3ra zapobiega przemocy i zmienia przysz\u0142o\u015b\u0107. <br><br>Nasza praca:<br><br>- BA\u0141KANY: We wsp\u00f3\u0142pracy z Assoc \"Mi\", UNHCR (Wysok\u0105 Komisj\u0105 Narod\u00f3w Zjednoczonych ds. Uchod\u017ac\u00f3w) i UE, du\u017ce fora w Chorwacji \u0142\u0105cz\u0105 odbudow\u0119 psychospo\u0142eczn\u0105 i gospodarcz\u0105 oraz szkolenia przyw\u00f3dcze na obszarach najbardziej dotkni\u0119tych wojn\u0105. Uczestnicy pochodz\u0105 ze wszystkich grup etnicznych i narodowo\u015bciowych z szerokiej sieci organizacji spo\u0142ecze\u0144stwa obywatelskiego i w\u0142adz lokalnych. We wsp\u00f3\u0142pracy z UNHCR opracowujemy r\u00f3wnie\u017c model dla szerszego regionu Ba\u0142kan\u00f3w.<br><br>- EUROPE MATTERS: Wspierany przez UE, koncentruje si\u0119 na \u015bwiadomo\u015bci i u\u0142atwieniach potrzebnych do przekszta\u0142cenia brutalnej historii Europy w kwitn\u0105ce wielokulturowe spo\u0142ecze\u0144stwa.<br><br>- SEEDS: Wspierany przez UE, koncentruje si\u0119 na spe\u0142nianiu najg\u0142\u0119bszych marze\u0144, uznaj\u0105c r\u00f3\u017cnic\u0119, jak\u0105 robi ka\u017cda osoba i organizacja.<br><br>- FACYLITATION FOR LEADERS: CFOR oferuje roczny 5-modu\u0142owy program szkoleniowy w Londynie.<br><br>- DORADZTWO\/SZKOLENIA: CFOR prowadzi r\u00f3wnie\u017c wewn\u0119trzne szkolenia i konsultacje w organizacjach mi\u0119dzynarodowych.<\/p>\n\n\n\n<p><\/p>","protected":false},"excerpt":{"rendered":"<p>Process\u2011Oriented Psychology training Process\u2011Oriented Psychology training brings together a global network of learning opportunities\u2014ranging from short, focused workshops to an in-depth diploma-level qualification. While you\u2019ll find numerous courses exploring specific [&hellip;]<\/p>\n","protected":false},"author":250,"featured_media":0,"parent":0,"menu_order":0,"comment_status":"closed","ping_status":"closed","template":"","meta":{"_EventAllDay":false,"_EventTimezone":"","_EventStartDate":"","_EventEndDate":"","_EventStartDateUTC":"","_EventEndDateUTC":"","_EventShowMap":false,"_EventShowMapLink":false,"_EventURL":"","_EventCost":"","_EventCostDescription":"","_EventCurrencySymbol":"","_EventCurrencyCode":"","_EventCurrencyPosition":"","_EventDateTimeSeparator":"","_EventTimeRangeSeparator":"","_EventOrganizerID":[],"_EventVenueID":[],"_OrganizerEmail":"","_OrganizerPhone":"","_OrganizerWebsite":"","_VenueAddress":"","_VenueCity":"","_VenueCountry":"","_VenueProvince":"","_VenueState":"","_VenueZip":"","_VenuePhone":"","_VenueURL":"","_VenueStateProvince":"","_VenueLat":"","_VenueLng":"","_VenueShowMap":false,"_VenueShowMapLink":false,"footnotes":""},"class_list":["post-7245","page","type-page","status-publish","hentry"],"yoast_head":"<!-- This site is optimized with the Yoast SEO plugin v27.3 - https:\/\/yoast.com\/product\/yoast-seo-wordpress\/ -->\n<title>Diploma Level Training Schools - IAPOP<\/title>\n<meta name=\"robots\" content=\"index, follow, max-snippet:-1, max-image-preview:large, max-video-preview:-1\" \/>\n<link rel=\"canonical\" href=\"https:\/\/iapop.com\/pl\/training-centers\/\" \/>\n<meta property=\"og:locale\" content=\"pl_PL\" \/>\n<meta property=\"og:type\" content=\"article\" \/>\n<meta property=\"og:title\" content=\"Diploma Level Training Schools - IAPOP\" \/>\n<meta property=\"og:description\" content=\"Process\u2011Oriented Psychology training Process\u2011Oriented Psychology training brings together a global network of learning opportunities\u2014ranging from short, focused workshops to an in-depth diploma-level qualification. While you\u2019ll find numerous courses exploring specific [&hellip;]\" \/>\n<meta property=\"og:url\" content=\"https:\/\/iapop.com\/pl\/training-centers\/\" \/>\n<meta property=\"og:site_name\" content=\"IAPOP\" \/>\n<meta property=\"article:publisher\" content=\"https:\/\/www.facebook.com\/processwork.iapop\" \/>\n<meta property=\"article:modified_time\" content=\"2025-11-15T07:40:38+00:00\" \/>\n<meta name=\"twitter:card\" content=\"summary_large_image\" \/>\n<meta name=\"twitter:label1\" content=\"Szacowany czas czytania\" \/>\n\t<meta name=\"twitter:data1\" content=\"3 minuty\" \/>\n<script type=\"application\/ld+json\" class=\"yoast-schema-graph\">{\"@context\":\"https:\\\/\\\/schema.org\",\"@graph\":[{\"@type\":\"WebPage\",\"@id\":\"https:\\\/\\\/iapop.com\\\/training-centers\\\/\",\"url\":\"https:\\\/\\\/iapop.com\\\/training-centers\\\/\",\"name\":\"Diploma Level Training Schools - IAPOP\",\"isPartOf\":{\"@id\":\"http:\\\/\\\/iapop.com\\\/es\\\/#website\"},\"datePublished\":\"2025-02-17T10:50:20+00:00\",\"dateModified\":\"2025-11-15T07:40:38+00:00\",\"breadcrumb\":{\"@id\":\"https:\\\/\\\/iapop.com\\\/training-centers\\\/#breadcrumb\"},\"inLanguage\":\"pl-PL\",\"potentialAction\":[{\"@type\":\"ReadAction\",\"target\":[\"https:\\\/\\\/iapop.com\\\/training-centers\\\/\"]}]},{\"@type\":\"BreadcrumbList\",\"@id\":\"https:\\\/\\\/iapop.com\\\/training-centers\\\/#breadcrumb\",\"itemListElement\":[{\"@type\":\"ListItem\",\"position\":1,\"name\":\"Home\",\"item\":\"https:\\\/\\\/iapop.com\\\/\"},{\"@type\":\"ListItem\",\"position\":2,\"name\":\"Diploma Level Training Schools\"}]},{\"@type\":\"WebSite\",\"@id\":\"http:\\\/\\\/iapop.com\\\/es\\\/#website\",\"url\":\"http:\\\/\\\/iapop.com\\\/es\\\/\",\"name\":\"IAPOP\",\"description\":\"Process Oriented Psychology\",\"publisher\":{\"@id\":\"http:\\\/\\\/iapop.com\\\/es\\\/#organization\"},\"potentialAction\":[{\"@type\":\"SearchAction\",\"target\":{\"@type\":\"EntryPoint\",\"urlTemplate\":\"http:\\\/\\\/iapop.com\\\/es\\\/?s={search_term_string}\"},\"query-input\":{\"@type\":\"PropertyValueSpecification\",\"valueRequired\":true,\"valueName\":\"search_term_string\"}}],\"inLanguage\":\"pl-PL\"},{\"@type\":\"Organization\",\"@id\":\"http:\\\/\\\/iapop.com\\\/es\\\/#organization\",\"name\":\"IAPOP\",\"url\":\"http:\\\/\\\/iapop.com\\\/es\\\/\",\"logo\":{\"@type\":\"ImageObject\",\"inLanguage\":\"pl-PL\",\"@id\":\"http:\\\/\\\/iapop.com\\\/es\\\/#\\\/schema\\\/logo\\\/image\\\/\",\"url\":\"https:\\\/\\\/iapop.com\\\/wp-content\\\/uploads\\\/2024\\\/12\\\/Logo-300x131-1.png\",\"contentUrl\":\"https:\\\/\\\/iapop.com\\\/wp-content\\\/uploads\\\/2024\\\/12\\\/Logo-300x131-1.png\",\"width\":300,\"height\":131,\"caption\":\"IAPOP\"},\"image\":{\"@id\":\"http:\\\/\\\/iapop.com\\\/es\\\/#\\\/schema\\\/logo\\\/image\\\/\"},\"sameAs\":[\"https:\\\/\\\/www.facebook.com\\\/processwork.iapop\"]}]}<\/script>\n<!-- \/ Yoast SEO plugin. -->","yoast_head_json":{"title":"Szko\u0142y szkoleniowe na poziomie dyplomu - IAPOP","robots":{"index":"index","follow":"follow","max-snippet":"max-snippet:-1","max-image-preview":"max-image-preview:large","max-video-preview":"max-video-preview:-1"},"canonical":"https:\/\/iapop.com\/pl\/training-centers\/","og_locale":"pl_PL","og_type":"article","og_title":"Diploma Level Training Schools - IAPOP","og_description":"Process\u2011Oriented Psychology training Process\u2011Oriented Psychology training brings together a global network of learning opportunities\u2014ranging from short, focused workshops to an in-depth diploma-level qualification. While you\u2019ll find numerous courses exploring specific [&hellip;]","og_url":"https:\/\/iapop.com\/pl\/training-centers\/","og_site_name":"IAPOP","article_publisher":"https:\/\/www.facebook.com\/processwork.iapop","article_modified_time":"2025-11-15T07:40:38+00:00","twitter_card":"summary_large_image","twitter_misc":{"Szacowany czas czytania":"3 minuty"},"schema":{"@context":"https:\/\/schema.org","@graph":[{"@type":"WebPage","@id":"https:\/\/iapop.com\/training-centers\/","url":"https:\/\/iapop.com\/training-centers\/","name":"Szko\u0142y szkoleniowe na poziomie dyplomu - IAPOP","isPartOf":{"@id":"http:\/\/iapop.com\/es\/#website"},"datePublished":"2025-02-17T10:50:20+00:00","dateModified":"2025-11-15T07:40:38+00:00","breadcrumb":{"@id":"https:\/\/iapop.com\/training-centers\/#breadcrumb"},"inLanguage":"pl-PL","potentialAction":[{"@type":"ReadAction","target":["https:\/\/iapop.com\/training-centers\/"]}]},{"@type":"BreadcrumbList","@id":"https:\/\/iapop.com\/training-centers\/#breadcrumb","itemListElement":[{"@type":"ListItem","position":1,"name":"Home","item":"https:\/\/iapop.com\/"},{"@type":"ListItem","position":2,"name":"Diploma Level Training Schools"}]},{"@type":"WebSite","@id":"http:\/\/iapop.com\/es\/#website","url":"http:\/\/iapop.com\/es\/","name":"IAPOP","description":"Psychologia zorientowana na proces","publisher":{"@id":"http:\/\/iapop.com\/es\/#organization"},"potentialAction":[{"@type":"SearchAction","target":{"@type":"EntryPoint","urlTemplate":"http:\/\/iapop.com\/es\/?s={search_term_string}"},"query-input":{"@type":"PropertyValueSpecification","valueRequired":true,"valueName":"search_term_string"}}],"inLanguage":"pl-PL"},{"@type":"Organization","@id":"http:\/\/iapop.com\/es\/#organization","name":"IAPOP","url":"http:\/\/iapop.com\/es\/","logo":{"@type":"ImageObject","inLanguage":"pl-PL","@id":"http:\/\/iapop.com\/es\/#\/schema\/logo\/image\/","url":"https:\/\/iapop.com\/wp-content\/uploads\/2024\/12\/Logo-300x131-1.png","contentUrl":"https:\/\/iapop.com\/wp-content\/uploads\/2024\/12\/Logo-300x131-1.png","width":300,"height":131,"caption":"IAPOP"},"image":{"@id":"http:\/\/iapop.com\/es\/#\/schema\/logo\/image\/"},"sameAs":["https:\/\/www.facebook.com\/processwork.iapop"]}]}},"_links":{"self":[{"href":"https:\/\/iapop.com\/pl\/wp-json\/wp\/v2\/pages\/7245","targetHints":{"allow":["GET"]}}],"collection":[{"href":"https:\/\/iapop.com\/pl\/wp-json\/wp\/v2\/pages"}],"about":[{"href":"https:\/\/iapop.com\/pl\/wp-json\/wp\/v2\/types\/page"}],"author":[{"embeddable":true,"href":"https:\/\/iapop.com\/pl\/wp-json\/wp\/v2\/users\/250"}],"replies":[{"embeddable":true,"href":"https:\/\/iapop.com\/pl\/wp-json\/wp\/v2\/comments?post=7245"}],"version-history":[{"count":3,"href":"https:\/\/iapop.com\/pl\/wp-json\/wp\/v2\/pages\/7245\/revisions"}],"predecessor-version":[{"id":8049,"href":"https:\/\/iapop.com\/pl\/wp-json\/wp\/v2\/pages\/7245\/revisions\/8049"}],"wp:attachment":[{"href":"https:\/\/iapop.com\/pl\/wp-json\/wp\/v2\/media?parent=7245"}],"curies":[{"name":"wp","href":"https:\/\/api.w.org\/{rel}","templated":true}]}}