{"id":7283,"date":"2025-02-19T16:12:39","date_gmt":"2025-02-19T16:12:39","guid":{"rendered":"https:\/\/test.iapop.com\/?page_id=7283"},"modified":"2026-05-14T05:09:32","modified_gmt":"2026-05-14T04:09:32","slug":"training-council","status":"publish","type":"page","link":"https:\/\/iapop.com\/pl\/training-council\/","title":{"rendered":"Rada szkoleniowa IAPOP"},"content":{"rendered":"<h1 class=\"wp-block-heading\">Rada szkoleniowa IAPOP i szko\u0142y szkoleniowe na poziomie dyplomu<\/h1>\n\n\n\n<p>Rada Szkoleniowa IAPOP zapewnia mi\u0119dzynarodow\u0105 reprezentacj\u0119 wszystkich szkole\u0144 dyplomowych Process Work. Rada jest platform\u0105 dla przedstawicieli program\u00f3w szkoleniowych Process Work do rozwijania i aktualizowania \u015brodowiska szkoleniowego, dzielenia si\u0119 zasobami i anga\u017cowania si\u0119 w rozw\u00f3j zawodowy w celu zwi\u0119kszenia kompetencji absolwent\u00f3w.<\/p>\n\n\n\n<p>Absolwenci szk\u00f3\u0142 pracy z procesem dog\u0142\u0119bnie rozumiej\u0105 ten paradygmat i posiadaj\u0105 umiej\u0119tno\u015bci praktyczne w szeregu zastosowa\u0144: pracy klinicznej i terapeutycznej, zdrowiu, facylitacji, rozwoju organizacyjnym i budowaniu spo\u0142eczno\u015bci, rozwi\u0105zywaniu konflikt\u00f3w, sztuce, polityce i edukacji, w r\u00f3\u017cnych kontekstach zawodowych i socjologicznych.  <\/p>\n\n\n\n<p><\/p>\n\n\n\n<div class=\"wp-block-buttons is-layout-flex wp-block-buttons-is-layout-flex\">\n<div class=\"wp-block-button\"><a class=\"wp-block-button__link wp-element-button\" href=\"https:\/\/iapop.com\/pl\/training-centers\/\">Lista szk\u00f3\u0142 oferuj\u0105cych szkolenia na poziomie dyplomu<\/a><\/div>\n<\/div>\n\n\n\n<div style=\"height:20px\" aria-hidden=\"true\" class=\"wp-block-spacer\"><\/div>\n\n\n\n<h2 class=\"wp-block-heading\">Rola Rady Szkoleniowej IAPOP jako facylitatora program\u00f3w Process Work<\/h2>\n\n\n\n<div class=\"wp-block-group is-layout-grid wp-container-core-group-is-layout-075ae125 wp-block-group-is-layout-grid\">\n<div class=\"wp-block-group has-brand-secondary-lighter-3-background-color has-background wp-container-content-676d4b7a is-layout-flow wp-block-group-is-layout-flow\" style=\"padding-top:var(--wp--preset--spacing--20);padding-bottom:var(--wp--preset--spacing--20)\">\n<h3 class=\"wp-block-heading\" style=\"text-transform:uppercase\"><i class=\"fas fa-user-group\"><\/i> Rada szkoleniowa IAPOP<\/h3>\n\n\n\n<ul style=\"padding-right:0;padding-left:0\" class=\"wp-block-list has-gray-base-color has-text-color has-link-color has-small-font-size wp-elements-c5be29bdbea91a962eceb53b247188c3\">\n<li style=\"padding-top:var(--wp--preset--spacing--5);padding-bottom:var(--wp--preset--spacing--5)\">Przedstawiciele wszystkich szk\u00f3\u0142 Process Work ze szkoleniem na poziomie dyplomowym<\/li>\n\n\n\n<li style=\"padding-top:var(--wp--preset--spacing--5);padding-bottom:var(--wp--preset--spacing--5)\">Mi\u0119dzynarodowa wsp\u00f3\u0142praca mi\u0119dzy szko\u0142ami szkoleniowymi<\/li>\n\n\n\n<li style=\"padding-top:var(--wp--preset--spacing--5);padding-bottom:var(--wp--preset--spacing--5)\">Wsp\u00f3\u0142praca i wsparcie mi\u0119dzy szko\u0142ami Process Wok w zakresie temat\u00f3w b\u0119d\u0105cych przedmiotem wsp\u00f3lnego zainteresowania i troski.<\/li>\n\n\n\n<li>Opracowanie programu nauczania i kompetencji w zakresie pracy procesowej dla dyplom\u00f3w w r\u00f3\u017cnych kontekstach kulturowych i socjologicznych <\/li>\n\n\n\n<li style=\"padding-top:var(--wp--preset--spacing--5);padding-bottom:var(--wp--preset--spacing--5)\">Wsp\u00f3lny rozw\u00f3j w zakresie infrastruktury, innowacji, zasob\u00f3w, jako\u015bci nauczania i kompetencji oczekiwanych od absolwent\u00f3w dyplom\u00f3w pracy procesowej (dyplom\u00f3w)<\/li>\n<\/ul>\n<\/div>\n\n\n\n<div class=\"wp-block-group has-brand-secondary-lighter-3-background-color has-background wp-container-content-676d4b7a is-layout-flow wp-block-group-is-layout-flow\" style=\"padding-top:var(--wp--preset--spacing--20);padding-bottom:var(--wp--preset--spacing--20)\">\n<h3 class=\"wp-block-heading\" style=\"text-transform:uppercase\"><i class=\"fas fa-graduation-cap\"><\/i> Szko\u0142y szkoleniowe na poziomie dyplomu<\/h3>\n\n\n\n<ul style=\"padding-right:0;padding-left:0\" class=\"wp-block-list has-gray-base-color has-text-color has-small-font-size\">\n<li style=\"padding-top:var(--wp--preset--spacing--5);padding-right:0;padding-bottom:var(--wp--preset--spacing--5);padding-left:0\">Co najmniej 3 dyplomat\u00f3w z wymaganym poziomem bieg\u0142o\u015bci (zob. <a href=\"\/wp-content\/uploads\/2021\/07\/IAPOP-Levels-of-Proficiency.pdf\" target=\"_blank\" rel=\"noreferrer noopener\">Poziomy bieg\u0142o\u015bci IAPOP )<\/a>s\u0105 odpowiedzialni za zarz\u0105dzanie, program nauczania, nauczanie i egzaminowanie\/ocen\u0119 umiej\u0119tno\u015bci\/kompetencji student\u00f3w.<\/li>\n\n\n\n<li style=\"padding-top:var(--wp--preset--spacing--5);padding-right:0;padding-bottom:var(--wp--preset--spacing--5);padding-left:0\">Przestrzeganie standard\u00f3w \"dyplomu\" i wytycznych etycznych.<\/li>\n\n\n\n<li style=\"padding-top:var(--wp--preset--spacing--5);padding-right:0;padding-bottom:var(--wp--preset--spacing--5);padding-left:0\">Powi\u0105zania i relacje z szersz\u0105 mi\u0119dzynarodow\u0105 spo\u0142eczno\u015bci\u0105 Process Work<\/li>\n\n\n\n<li style=\"padding-top:var(--wp--preset--spacing--5);padding-right:0;padding-bottom:var(--wp--preset--spacing--5);padding-left:0\">Zewn\u0119trzny starszy trener Process Work ma starszego \/ mentora \/ superwizora \/ trenera etyki (zob. <a href=\"\/wp-content\/uploads\/2021\/07\/IAPOP-Council_Role-of-External-Mentor_Elder-final.pdf\" target=\"_blank\" rel=\"noreferrer noopener\">IAPOP Council_Role of External Mentor_Elder final)<\/a><\/li>\n\n\n\n<li style=\"padding-top:var(--wp--preset--spacing--5);padding-right:0;padding-bottom:var(--wp--preset--spacing--5);padding-left:0\">Przedstawiciel Centrum Szkoleniowego uczestniczy jako cz\u0142onek Rady Szkoleniowej IAPOP. <\/li>\n\n\n\n<li style=\"padding-top:var(--wp--preset--spacing--5);padding-right:0;padding-bottom:var(--wp--preset--spacing--5);padding-left:0\">Zobacz <a href=\"\/wp-content\/uploads\/2020\/02\/Best-Practice-for-Diploma-of-Process-Oriented-Psychology-Programs-and-Establishing-New-Diploma-Programs.pdf\" target=\"_blank\" rel=\"noreferrer noopener\">Najlepsze praktyki dla program\u00f3w dyplomowych z psychologii zorientowanej na proces i tworzenie nowych program\u00f3w dyplomowych<\/a> (plik PDF do pobrania).<\/li>\n\n\n\n<li style=\"padding-top:var(--wp--preset--spacing--5);padding-right:0;padding-bottom:var(--wp--preset--spacing--5);padding-left:0\">Diploma Level Training Shools s\u0105 zaanga\u017cowane w rozwijanie podstawowych kompetencji zawodowych PW (zob. <a href=\"\/wp-content\/uploads\/2021\/07\/CORE-PW-COMPETENCIES.pdf\" target=\"_blank\" rel=\"noreferrer noopener\">PODSTAWOWE KOMPETENCJE PW<\/a>)<\/li>\n<\/ul>\n<\/div>\n\n\n\n<div class=\"wp-block-group has-brand-secondary-lighter-2-background-color has-background wp-container-content-676d4b7a is-layout-flow wp-block-group-is-layout-flow\" style=\"padding-top:var(--wp--preset--spacing--20);padding-bottom:var(--wp--preset--spacing--20)\">\n<h3 class=\"wp-block-heading\" style=\"text-transform:uppercase\"><i class=\"fas fa-earth-americas\"><\/i> IAPOP<\/h3>\n\n\n\n<ul style=\"padding-right:0;padding-left:0\" class=\"wp-block-list has-gray-base-color has-text-color has-link-color has-small-font-size wp-elements-7573a2673b51b698cce3908091052f86\">\n<li style=\"padding-top:var(--wp--preset--spacing--5);padding-bottom:var(--wp--preset--spacing--5)\">Budowanie spo\u0142eczno\u015bci i wsp\u00f3\u0142praca w ramach procesu mi\u0119dzynarodowego<\/li>\n\n\n\n<li style=\"padding-top:var(--wp--preset--spacing--5);padding-bottom:var(--wp--preset--spacing--5)\">Uznawanie pracy procesowej <a href=\"https:\/\/iapop.com\/pl\/training-centers\/\">Szko\u0142y szkoleniowe<\/a><\/li>\n\n\n\n<li style=\"padding-top:var(--wp--preset--spacing--5);padding-bottom:var(--wp--preset--spacing--5)\">Kolegialne nawi\u0105zywanie kontakt\u00f3w i partnerstwa <\/li>\n\n\n\n<li style=\"padding-top:var(--wp--preset--spacing--5);padding-bottom:var(--wp--preset--spacing--5)\">Profesjonalny organ dla <a href=\"https:\/\/iapop.com\/pl\/directory\/\">Cz\u0142onkowie IAPOP<\/a><\/li>\n\n\n\n<li style=\"padding-top:var(--wp--preset--spacing--5);padding-bottom:var(--wp--preset--spacing--5)\">Centrum medi\u00f3w spo\u0142eczno\u015bciowych dla dzia\u0142a\u0144 Process Work <\/li>\n\n\n\n<li style=\"padding-top:var(--wp--preset--spacing--5);padding-bottom:var(--wp--preset--spacing--5)\">Mi\u0119dzynarodowe wydarzenia szkoleniowe Worldwork <\/li>\n\n\n\n<li style=\"padding-top:var(--wp--preset--spacing--5);padding-bottom:var(--wp--preset--spacing--5)\">Worldwork, g\u0142\u0119boka demokracja i badania nad prac\u0105 procesow\u0105: <a href=\"https:\/\/iapop.com\/pl\/research-fests\/\">Festiwale badawcze<\/a>, <a href=\"https:\/\/iapop.com\/pl\/process-space-journal\/\">Dziennik<\/a>, <a href=\"https:\/\/iapop.com\/pl\/dissertations\/\">Rozprawy<\/a> itp <\/li>\n\n\n\n<li style=\"padding-top:var(--wp--preset--spacing--5);padding-bottom:var(--wp--preset--spacing--5)\">Konferencje i sympozja IAPOP <\/li>\n<\/ul>\n<\/div>\n<\/div>\n\n\n\n<div style=\"height:20px\" aria-hidden=\"true\" class=\"wp-block-spacer\"><\/div>\n\n\n\n<h2 class=\"wp-block-heading\"><strong>Training Council jest platform\u0105 dla:<\/strong><\/h2>\n\n\n\n<ul class=\"wp-block-list\">\n<li>wsp\u00f3lne uczenie si\u0119 i wsp\u00f3\u0142praca mi\u0119dzy szko\u0142ami uczestnicz\u0105cymi w programie dyplomowym<\/li>\n\n\n\n<li>ci\u0105g\u0142o\u015b\u0107 i zgodno\u015b\u0107 z ramami ustanowionymi dla nowych szk\u00f3\u0142 dyplomowych <a href=\"\/wp-content\/uploads\/2020\/02\/Best-Practice-for-Diploma-of-Process-Oriented-Psychology-Programs-and-Establishing-New-Diploma-Programs.pdf\" target=\"_blank\" rel=\"noreferrer noopener\">Najlepsze praktyki dla program\u00f3w dyplomowych z psychologii zorientowanej na proces i tworzenie nowych program\u00f3w dyplomowych<\/a> (PDF)<\/li>\n\n\n\n<li>opracowanie wsp\u00f3lnego programu szkole\u0144 na poziomie dyplomu<\/li>\n\n\n\n<li>wsparcie dla temat\u00f3w b\u0119d\u0105cych przedmiotem wsp\u00f3lnego zainteresowania w rozwijaj\u0105cych si\u0119 \u015bcie\u017ckach kszta\u0142cenia w r\u00f3\u017cnych kulturach i regionach&nbsp;<\/li>\n\n\n\n<li>Skupiamy si\u0119 na nauce i uczniach&nbsp;<\/li>\n<\/ul>\n\n\n\n<h2 class=\"wp-block-heading\"><strong>Koordynatorzy Rady Szkoleniowej: <\/strong><\/h2>\n\n\n\n<ul class=\"wp-block-list\">\n<li>Zapewnienie przyw\u00f3dztwa i u\u0142atwianie realizacji celu i strategii Rady Szkoleniowej <\/li>\n\n\n\n<li>Koordynacja spotka\u0144 i ci\u0105g\u0142o\u015b\u0107 priorytet\u00f3w wynikaj\u0105cych ze spotka\u0144<\/li>\n\n\n\n<li>Pe\u0142nienie roli pomostu mi\u0119dzy Rad\u0105 IAPOP a Rad\u0105 Szkoleniow\u0105&nbsp;<\/li>\n\n\n\n<li>Zapewnienie punktu kontaktowego dla nowych szk\u00f3\u0142 w celu ubiegania si\u0119 o cz\u0142onkostwo w IAPOP. <a href=\"\/wp-content\/uploads\/2020\/02\/Best-Practice-for-Diploma-of-Process-Oriented-Psychology-Programs-and-Establishing-New-Diploma-Programs.pdf\" target=\"_blank\" rel=\"noreferrer noopener\">Najlepsze praktyki dla program\u00f3w dyplomowych z psychologii zorientowanej na proces i tworzenie nowych program\u00f3w dyplomowych<\/a> (PDF)<\/li>\n<\/ul>\n\n\n\n<div style=\"height:20px\" aria-hidden=\"true\" class=\"wp-block-spacer\"><\/div>\n\n\n\n<h2 class=\"wp-block-heading\">Koordynatorzy:<\/h2>\n\n\n\n<p>Stanya Studentova i Julia Wolfson&nbsp;<\/p>\n\n\n\n<p>Kontakt: <a href=\"mailto:jhwolfson@gmail.com\">Julia and Stanya here <\/a><\/p>\n\n\n\n<p>Dzi\u0119kuj\u0119!&nbsp;<\/p>\n\n\n\n<p><\/p>","protected":false},"excerpt":{"rendered":"<p>IAPOP Training Council &amp; Diploma Level Training Schools IAPOP Training Council provides a collaborative international representation of all Process Work Diploma Trainings. The Council is a platform for Process Work [&hellip;]<\/p>\n","protected":false},"author":250,"featured_media":0,"parent":0,"menu_order":0,"comment_status":"closed","ping_status":"closed","template":"","meta":{"_EventAllDay":false,"_EventTimezone":"","_EventStartDate":"","_EventEndDate":"","_EventStartDateUTC":"","_EventEndDateUTC":"","_EventShowMap":false,"_EventShowMapLink":false,"_EventURL":"","_EventCost":"","_EventCostDescription":"","_EventCurrencySymbol":"","_EventCurrencyCode":"","_EventCurrencyPosition":"","_EventDateTimeSeparator":"","_EventTimeRangeSeparator":"","_EventOrganizerID":[],"_EventVenueID":[],"_OrganizerEmail":"","_OrganizerPhone":"","_OrganizerWebsite":"","_VenueAddress":"","_VenueCity":"","_VenueCountry":"","_VenueProvince":"","_VenueState":"","_VenueZip":"","_VenuePhone":"","_VenueURL":"","_VenueStateProvince":"","_VenueLat":"","_VenueLng":"","_VenueShowMap":false,"_VenueShowMapLink":false,"footnotes":""},"class_list":["post-7283","page","type-page","status-publish","hentry"],"yoast_head":"<!-- This site is optimized with the Yoast SEO plugin v27.6 - https:\/\/yoast.com\/product\/yoast-seo-wordpress\/ -->\n<title>IAPOP Training Council - IAPOP<\/title>\n<meta name=\"robots\" content=\"index, follow, max-snippet:-1, max-image-preview:large, max-video-preview:-1\" \/>\n<link rel=\"canonical\" href=\"https:\/\/iapop.com\/pl\/training-council\/\" \/>\n<meta property=\"og:locale\" content=\"pl_PL\" \/>\n<meta property=\"og:type\" content=\"article\" \/>\n<meta property=\"og:title\" content=\"IAPOP Training Council - IAPOP\" \/>\n<meta property=\"og:description\" content=\"IAPOP Training Council &amp; Diploma Level Training Schools IAPOP Training Council provides a collaborative international representation of all Process Work Diploma Trainings. The Council is a platform for Process Work [&hellip;]\" \/>\n<meta property=\"og:url\" content=\"https:\/\/iapop.com\/pl\/training-council\/\" \/>\n<meta property=\"og:site_name\" content=\"IAPOP\" \/>\n<meta property=\"article:publisher\" content=\"https:\/\/www.facebook.com\/processwork.iapop\" \/>\n<meta property=\"article:modified_time\" content=\"2026-05-14T04:09:32+00:00\" \/>\n<meta name=\"twitter:card\" content=\"summary_large_image\" \/>\n<meta name=\"twitter:label1\" content=\"Szacowany czas czytania\" \/>\n\t<meta name=\"twitter:data1\" content=\"3 minuty\" \/>\n<script type=\"application\/ld+json\" class=\"yoast-schema-graph\">{\"@context\":\"https:\\\/\\\/schema.org\",\"@graph\":[{\"@type\":\"WebPage\",\"@id\":\"https:\\\/\\\/iapop.com\\\/training-council\\\/\",\"url\":\"https:\\\/\\\/iapop.com\\\/training-council\\\/\",\"name\":\"IAPOP Training Council - IAPOP\",\"isPartOf\":{\"@id\":\"http:\\\/\\\/iapop.com\\\/es\\\/#website\"},\"datePublished\":\"2025-02-19T16:12:39+00:00\",\"dateModified\":\"2026-05-14T04:09:32+00:00\",\"breadcrumb\":{\"@id\":\"https:\\\/\\\/iapop.com\\\/training-council\\\/#breadcrumb\"},\"inLanguage\":\"pl-PL\",\"potentialAction\":[{\"@type\":\"ReadAction\",\"target\":[\"https:\\\/\\\/iapop.com\\\/training-council\\\/\"]}]},{\"@type\":\"BreadcrumbList\",\"@id\":\"https:\\\/\\\/iapop.com\\\/training-council\\\/#breadcrumb\",\"itemListElement\":[{\"@type\":\"ListItem\",\"position\":1,\"name\":\"Home\",\"item\":\"https:\\\/\\\/iapop.com\\\/\"},{\"@type\":\"ListItem\",\"position\":2,\"name\":\"IAPOP Training Council\"}]},{\"@type\":\"WebSite\",\"@id\":\"http:\\\/\\\/iapop.com\\\/es\\\/#website\",\"url\":\"http:\\\/\\\/iapop.com\\\/es\\\/\",\"name\":\"IAPOP\",\"description\":\"Process Oriented Psychology\",\"publisher\":{\"@id\":\"http:\\\/\\\/iapop.com\\\/es\\\/#organization\"},\"potentialAction\":[{\"@type\":\"SearchAction\",\"target\":{\"@type\":\"EntryPoint\",\"urlTemplate\":\"http:\\\/\\\/iapop.com\\\/es\\\/?s={search_term_string}\"},\"query-input\":{\"@type\":\"PropertyValueSpecification\",\"valueRequired\":true,\"valueName\":\"search_term_string\"}}],\"inLanguage\":\"pl-PL\"},{\"@type\":\"Organization\",\"@id\":\"http:\\\/\\\/iapop.com\\\/es\\\/#organization\",\"name\":\"IAPOP\",\"url\":\"http:\\\/\\\/iapop.com\\\/es\\\/\",\"logo\":{\"@type\":\"ImageObject\",\"inLanguage\":\"pl-PL\",\"@id\":\"http:\\\/\\\/iapop.com\\\/es\\\/#\\\/schema\\\/logo\\\/image\\\/\",\"url\":\"https:\\\/\\\/iapop.com\\\/wp-content\\\/uploads\\\/2024\\\/12\\\/Logo-300x131-1.png\",\"contentUrl\":\"https:\\\/\\\/iapop.com\\\/wp-content\\\/uploads\\\/2024\\\/12\\\/Logo-300x131-1.png\",\"width\":300,\"height\":131,\"caption\":\"IAPOP\"},\"image\":{\"@id\":\"http:\\\/\\\/iapop.com\\\/es\\\/#\\\/schema\\\/logo\\\/image\\\/\"},\"sameAs\":[\"https:\\\/\\\/www.facebook.com\\\/processwork.iapop\"]}]}<\/script>\n<!-- \/ Yoast SEO plugin. -->","yoast_head_json":{"title":"Rada szkoleniowa IAPOP - IAPOP","robots":{"index":"index","follow":"follow","max-snippet":"max-snippet:-1","max-image-preview":"max-image-preview:large","max-video-preview":"max-video-preview:-1"},"canonical":"https:\/\/iapop.com\/pl\/training-council\/","og_locale":"pl_PL","og_type":"article","og_title":"IAPOP Training Council - IAPOP","og_description":"IAPOP Training Council &amp; Diploma Level Training Schools IAPOP Training Council provides a collaborative international representation of all Process Work Diploma Trainings. The Council is a platform for Process Work [&hellip;]","og_url":"https:\/\/iapop.com\/pl\/training-council\/","og_site_name":"IAPOP","article_publisher":"https:\/\/www.facebook.com\/processwork.iapop","article_modified_time":"2026-05-14T04:09:32+00:00","twitter_card":"summary_large_image","twitter_misc":{"Szacowany czas czytania":"3 minuty"},"schema":{"@context":"https:\/\/schema.org","@graph":[{"@type":"WebPage","@id":"https:\/\/iapop.com\/training-council\/","url":"https:\/\/iapop.com\/training-council\/","name":"Rada szkoleniowa IAPOP - IAPOP","isPartOf":{"@id":"http:\/\/iapop.com\/es\/#website"},"datePublished":"2025-02-19T16:12:39+00:00","dateModified":"2026-05-14T04:09:32+00:00","breadcrumb":{"@id":"https:\/\/iapop.com\/training-council\/#breadcrumb"},"inLanguage":"pl-PL","potentialAction":[{"@type":"ReadAction","target":["https:\/\/iapop.com\/training-council\/"]}]},{"@type":"BreadcrumbList","@id":"https:\/\/iapop.com\/training-council\/#breadcrumb","itemListElement":[{"@type":"ListItem","position":1,"name":"Home","item":"https:\/\/iapop.com\/"},{"@type":"ListItem","position":2,"name":"IAPOP Training Council"}]},{"@type":"WebSite","@id":"http:\/\/iapop.com\/es\/#website","url":"http:\/\/iapop.com\/es\/","name":"IAPOP","description":"Psychologia zorientowana na proces","publisher":{"@id":"http:\/\/iapop.com\/es\/#organization"},"potentialAction":[{"@type":"SearchAction","target":{"@type":"EntryPoint","urlTemplate":"http:\/\/iapop.com\/es\/?s={search_term_string}"},"query-input":{"@type":"PropertyValueSpecification","valueRequired":true,"valueName":"search_term_string"}}],"inLanguage":"pl-PL"},{"@type":"Organization","@id":"http:\/\/iapop.com\/es\/#organization","name":"IAPOP","url":"http:\/\/iapop.com\/es\/","logo":{"@type":"ImageObject","inLanguage":"pl-PL","@id":"http:\/\/iapop.com\/es\/#\/schema\/logo\/image\/","url":"https:\/\/iapop.com\/wp-content\/uploads\/2024\/12\/Logo-300x131-1.png","contentUrl":"https:\/\/iapop.com\/wp-content\/uploads\/2024\/12\/Logo-300x131-1.png","width":300,"height":131,"caption":"IAPOP"},"image":{"@id":"http:\/\/iapop.com\/es\/#\/schema\/logo\/image\/"},"sameAs":["https:\/\/www.facebook.com\/processwork.iapop"]}]}},"_links":{"self":[{"href":"https:\/\/iapop.com\/pl\/wp-json\/wp\/v2\/pages\/7283","targetHints":{"allow":["GET"]}}],"collection":[{"href":"https:\/\/iapop.com\/pl\/wp-json\/wp\/v2\/pages"}],"about":[{"href":"https:\/\/iapop.com\/pl\/wp-json\/wp\/v2\/types\/page"}],"author":[{"embeddable":true,"href":"https:\/\/iapop.com\/pl\/wp-json\/wp\/v2\/users\/250"}],"replies":[{"embeddable":true,"href":"https:\/\/iapop.com\/pl\/wp-json\/wp\/v2\/comments?post=7283"}],"version-history":[{"count":3,"href":"https:\/\/iapop.com\/pl\/wp-json\/wp\/v2\/pages\/7283\/revisions"}],"predecessor-version":[{"id":8277,"href":"https:\/\/iapop.com\/pl\/wp-json\/wp\/v2\/pages\/7283\/revisions\/8277"}],"wp:attachment":[{"href":"https:\/\/iapop.com\/pl\/wp-json\/wp\/v2\/media?parent=7283"}],"curies":[{"name":"wp","href":"https:\/\/api.w.org\/{rel}","templated":true}]}}