{"id":7666,"date":"2025-06-28T11:05:13","date_gmt":"2025-06-28T10:05:13","guid":{"rendered":"https:\/\/iapop.com\/?page_id=7666"},"modified":"2025-07-12T12:18:58","modified_gmt":"2025-07-12T11:18:58","slug":"tribute-to-arnold-mindell","status":"publish","type":"page","link":"https:\/\/iapop.com\/pl\/tribute-to-arnold-mindell\/","title":{"rendered":"Ho\u0142d dla Arnolda Mindella"},"content":{"rendered":"<h1 class=\"wp-block-post-title\">Ho\u0142d dla Arnolda Mindella<\/h1>\n\n\n<figure class=\"wp-block-image size-large\"><img decoding=\"async\" src=\"https:\/\/iapop.com\/wp-content\/uploads\/2024\/07\/448826442_10160114639063027_2599602499405783343_n-2-2-1030x686.webp\" alt=\"\" class=\"wp-image-6381\"\/><\/figure>\n\n\n\n<p>Z ogromnym smutkiem przyjmujemy wiadomo\u015b\u0107 o \u015bmierci Arnolda Mindella, kt\u00f3ra mia\u0142a miejsce 10 czerwca.<sup>th<\/sup>, 2024. Arny, nasz za\u0142o\u017cyciel, zacz\u0105\u0142 rozwija\u0107 Psychologi\u0119 Zorientowan\u0105 na Proces pod koniec lat 70-tych. Jego b\u0142yskotliwy umys\u0142 i serce, pe\u0142ne pasji badania, nauczanie i pisanie, jego praca z jednostkami i grupami oraz jego zabawny duch g\u0142\u0119boko nas zainspirowa\u0142y i wp\u0142yn\u0119\u0142y na \u017cycie tysi\u0119cy ludzi na ca\u0142ym \u015bwiecie. Jeste\u015bmy bardzo poruszeni mn\u00f3stwem pe\u0142nych mi\u0142o\u015bci i wdzi\u0119czno\u015bci \u015bwiadectw, my\u015bli i uczu\u0107, kt\u00f3re nap\u0142yn\u0119\u0142y od mi\u0119dzynarodowej spo\u0142eczno\u015bci Process Work i ca\u0142ego \u015bwiata. Jak powiedzia\u0142a Amy Mindell: \"To takie wzruszaj\u0105ce czu\u0107, jak praca, \u017cycie i duch Arny'ego b\u0119d\u0105 \u017cy\u0107 dalej we wszystkich waszych sercach i poprzez prac\u0119, kt\u00f3r\u0105 ka\u017cdy z was wykonuje na \u015bwiecie, spe\u0142niaj\u0105c jedno z najg\u0142\u0119bszych \u017cycze\u0144 Arny'ego - uczyni\u0107 \u015bwiat lepszym miejscem dla wszystkich\".&nbsp;<\/p>\n\n\n\n<p>W swej istocie Arny zawsze by\u0142 pragmatycznym badaczem, kt\u00f3ry poprzez po\u0142\u0105czenie fizyki i psychologii - oraz dzi\u0119ki swojej niesamowitej zdolno\u015bci do pod\u0105\u017cania za Procesem i ufania mu - zawsze szuka\u0142 lepszych sposob\u00f3w na z\u0142agodzenie \u015bwiata i ludzkiej kondycji. Doprowadzi\u0142o go to do opracowania koncepcji i podej\u015bcia Dreambody, rozszerzenia psychologii indywidualnej o dynamik\u0119 grupy i prac\u0119 nad \u015bwiatem, a tak\u017ce do bycia inspiracj\u0105 i motorem dla stale rozwijaj\u0105cej si\u0119 mi\u0119dzynarodowej sieci praktyk\u00f3w pracy z procesem i o\u015brodk\u00f3w szkoleniowych na ca\u0142ym \u015bwiecie. Mi\u0119dzynarodowe Stowarzyszenie Psychologii Zorientowanej na Proces (IAPOP) zawsze b\u0119dzie mu g\u0142\u0119boko wdzi\u0119czne.&nbsp;<\/p>\n\n\n\n<p>Chocia\u017c Arny'ego mo\u017ce nie by\u0107 tutaj w swoim fizycznym ciele, wiemy, \u017ce zawsze b\u0119dzie z nami. Jak sam powiedzia\u0142,&nbsp;<em>\"Nie jeste\u015bmy \u017cywi ani martwi, ale jeste\u015bmy w ci\u0105g\u0142ym procesie\".<\/em>&nbsp;Tak wi\u0119c jest tutaj i b\u0119dzie nadal pomaga\u0142 nam i\u015b\u0107 w przysz\u0142o\u015b\u0107, gdy b\u0119dziemy nie\u015b\u0107 jego bogate dziedzictwo w \u015bwiat, ka\u017cdy na sw\u00f3j w\u0142asny spos\u00f3b.&nbsp;<\/p>\n\n\n\n<p>Dzi\u0119kuj\u0119, Arny, za bycie \u015bwiat\u0142em dla nas wszystkich.&nbsp;<\/p>\n\n\n\n<p>Je\u015bli chcesz opublikowa\u0107 swoje do\u015bwiadczenie lub wspomnienie o Arnym, mo\u017cesz to zrobi\u0107 na jego stronie Tribute pod adresem&nbsp;<a href=\"https:\/\/www.online-tribute.com\/ArnoldMindell\">https:\/\/www.online-tribute.com\/ArnoldMindell<\/a>.&nbsp;<\/p>\n\n\n\n<p><\/p>\n\n\n\n<h2 class=\"wp-block-heading\">Wideo z okazji \u015bwi\u0119ta Arny'ego<\/h2>\n\n\n\n<p>Ten film zosta\u0142 stworzony przez partnerk\u0119 Arny'ego, Amy Mindell, na potrzeby uroczysto\u015bci online, kt\u00f3ra odby\u0142a si\u0119 22 sierpnia 2024 roku. Podczas ogl\u0105dania zobaczysz szczer\u0105 kolekcj\u0119 zdj\u0119\u0107, piosenek i klip\u00f3w wideo, kt\u00f3re oddaj\u0105 pi\u0119kno, g\u0142\u0119bi\u0119 i ducha, jakie Arny wni\u00f3s\u0142 do \u015bwiata. To ho\u0142d z\u0142o\u017cony z g\u0142\u0119bokiej mi\u0142o\u015bci, aby pom\u00f3c ci poczu\u0107 jego obecno\u015b\u0107 i zapami\u0119ta\u0107 rado\u015b\u0107 i m\u0105dro\u015b\u0107, kt\u00f3rymi dzieli\u0142 si\u0119 z tak wieloma. Niech przyniesie ci ciep\u0142o, wi\u0119\u017a i refleksj\u0119.<\/p>\n\n\n\n<figure class=\"wp-block-embed is-type-video is-provider-youtube wp-block-embed-youtube wp-embed-aspect-16-9 wp-has-aspect-ratio\"><div class=\"wp-block-embed__wrapper\">\n<iframe loading=\"lazy\" title=\"Film honoruj\u0105cy i celebruj\u0105cy Arnolda Mindella (Arny&#039;ego) na spotkanie online 24 sierpnia 2024 r.\" width=\"500\" height=\"281\" src=\"https:\/\/www.youtube.com\/embed\/GbqKt3mknrg?feature=oembed\" frameborder=\"0\" allow=\"accelerometer; autoplay; clipboard-write; encrypted-media; gyroscope; picture-in-picture; web-share\" referrerpolicy=\"strict-origin-when-cross-origin\" allowfullscreen><\/iframe>\n<\/div><\/figure>\n\n\n\n<h2 class=\"wp-block-heading\">Wywiady<\/h2>\n\n\n\n<p>Ten \u017cywy, intymny i nieformalny wywiad z Arnym Mindellem zosta\u0142 nakr\u0119cony w grudniu 2021 roku. Jest to szeroka dyskusja na temat jego \u017cycia i pracy nad tworzeniem \"Psychologii Zorientowanej na Proces\". Wywiad Arny'ego z Cathy Bernatt zosta\u0142 nakr\u0119cony przez Jerry'ego Granta z mi\u0142o\u015bci\u0105 i wsparciem Amy Mindell<\/p>\n\n\n\n<figure class=\"wp-block-embed is-type-video is-provider-youtube wp-block-embed-youtube wp-embed-aspect-16-9 wp-has-aspect-ratio\"><div class=\"wp-block-embed__wrapper\">\n<iframe loading=\"lazy\" title=\"Arnold Mindell: autor, nauczyciel, psycholog, marzyciel: Portret (ca\u0142y film)\" width=\"500\" height=\"281\" src=\"https:\/\/www.youtube.com\/embed\/C7Ja0Hjf0MY?feature=oembed\" frameborder=\"0\" allow=\"accelerometer; autoplay; clipboard-write; encrypted-media; gyroscope; picture-in-picture; web-share\" referrerpolicy=\"strict-origin-when-cross-origin\" allowfullscreen><\/iframe>\n<\/div><\/figure>","protected":false},"excerpt":{"rendered":"<p>It is with utmost sadness that we process and grieve Arnold Mindell\u2019s passing on June 10th, 2024. Arny, our founder, began developing Process Oriented Psychology in the late 1970s. His [&hellip;]<\/p>\n","protected":false},"author":250,"featured_media":0,"parent":0,"menu_order":0,"comment_status":"closed","ping_status":"closed","template":"","meta":{"_EventAllDay":false,"_EventTimezone":"","_EventStartDate":"","_EventEndDate":"","_EventStartDateUTC":"","_EventEndDateUTC":"","_EventShowMap":false,"_EventShowMapLink":false,"_EventURL":"","_EventCost":"","_EventCostDescription":"","_EventCurrencySymbol":"","_EventCurrencyCode":"","_EventCurrencyPosition":"","_EventDateTimeSeparator":"","_EventTimeRangeSeparator":"","_EventOrganizerID":[],"_EventVenueID":[],"_OrganizerEmail":"","_OrganizerPhone":"","_OrganizerWebsite":"","_VenueAddress":"","_VenueCity":"","_VenueCountry":"","_VenueProvince":"","_VenueState":"","_VenueZip":"","_VenuePhone":"","_VenueURL":"","_VenueStateProvince":"","_VenueLat":"","_VenueLng":"","_VenueShowMap":false,"_VenueShowMapLink":false,"footnotes":""},"class_list":["post-7666","page","type-page","status-publish","hentry"],"yoast_head":"<!-- This site is optimized with the Yoast SEO plugin v27.3 - https:\/\/yoast.com\/product\/yoast-seo-wordpress\/ -->\n<title>Tribute to Arnold Mindell - IAPOP<\/title>\n<meta name=\"robots\" content=\"index, follow, max-snippet:-1, max-image-preview:large, max-video-preview:-1\" \/>\n<link rel=\"canonical\" href=\"https:\/\/iapop.com\/pl\/tribute-to-arnold-mindell\/\" \/>\n<meta property=\"og:locale\" content=\"pl_PL\" \/>\n<meta property=\"og:type\" content=\"article\" \/>\n<meta property=\"og:title\" content=\"Tribute to Arnold Mindell - IAPOP\" \/>\n<meta property=\"og:description\" content=\"It is with utmost sadness that we process and grieve Arnold Mindell\u2019s passing on June 10th, 2024. Arny, our founder, began developing Process Oriented Psychology in the late 1970s. His [&hellip;]\" \/>\n<meta property=\"og:url\" content=\"https:\/\/iapop.com\/pl\/tribute-to-arnold-mindell\/\" \/>\n<meta property=\"og:site_name\" content=\"IAPOP\" \/>\n<meta property=\"article:publisher\" content=\"https:\/\/www.facebook.com\/processwork.iapop\" \/>\n<meta property=\"article:modified_time\" content=\"2025-07-12T11:18:58+00:00\" \/>\n<meta property=\"og:image\" content=\"https:\/\/iapop.com\/wp-content\/uploads\/2024\/07\/448826442_10160114639063027_2599602499405783343_n-2-2.avif\" \/>\n\t<meta property=\"og:image:width\" content=\"1280\" \/>\n\t<meta property=\"og:image:height\" content=\"853\" \/>\n\t<meta property=\"og:image:type\" content=\"image\/jpeg\" \/>\n<meta name=\"twitter:card\" content=\"summary_large_image\" \/>\n<meta name=\"twitter:label1\" content=\"Szacowany czas czytania\" \/>\n\t<meta name=\"twitter:data1\" content=\"3 minuty\" \/>\n<script type=\"application\/ld+json\" class=\"yoast-schema-graph\">{\"@context\":\"https:\\\/\\\/schema.org\",\"@graph\":[{\"@type\":\"WebPage\",\"@id\":\"https:\\\/\\\/iapop.com\\\/tribute-to-arnold-mindell\\\/\",\"url\":\"https:\\\/\\\/iapop.com\\\/tribute-to-arnold-mindell\\\/\",\"name\":\"Tribute to Arnold Mindell - IAPOP\",\"isPartOf\":{\"@id\":\"http:\\\/\\\/iapop.com\\\/es\\\/#website\"},\"primaryImageOfPage\":{\"@id\":\"https:\\\/\\\/iapop.com\\\/tribute-to-arnold-mindell\\\/#primaryimage\"},\"image\":{\"@id\":\"https:\\\/\\\/iapop.com\\\/tribute-to-arnold-mindell\\\/#primaryimage\"},\"thumbnailUrl\":\"https:\\\/\\\/iapop.com\\\/wp-content\\\/uploads\\\/2024\\\/07\\\/448826442_10160114639063027_2599602499405783343_n-2-2-1030x686.webp\",\"datePublished\":\"2025-06-28T10:05:13+00:00\",\"dateModified\":\"2025-07-12T11:18:58+00:00\",\"breadcrumb\":{\"@id\":\"https:\\\/\\\/iapop.com\\\/tribute-to-arnold-mindell\\\/#breadcrumb\"},\"inLanguage\":\"pl-PL\",\"potentialAction\":[{\"@type\":\"ReadAction\",\"target\":[\"https:\\\/\\\/iapop.com\\\/tribute-to-arnold-mindell\\\/\"]}]},{\"@type\":\"ImageObject\",\"inLanguage\":\"pl-PL\",\"@id\":\"https:\\\/\\\/iapop.com\\\/tribute-to-arnold-mindell\\\/#primaryimage\",\"url\":\"https:\\\/\\\/iapop.com\\\/wp-content\\\/uploads\\\/2024\\\/07\\\/448826442_10160114639063027_2599602499405783343_n-2-2-1030x686.webp\",\"contentUrl\":\"https:\\\/\\\/iapop.com\\\/wp-content\\\/uploads\\\/2024\\\/07\\\/448826442_10160114639063027_2599602499405783343_n-2-2-1030x686.webp\"},{\"@type\":\"BreadcrumbList\",\"@id\":\"https:\\\/\\\/iapop.com\\\/tribute-to-arnold-mindell\\\/#breadcrumb\",\"itemListElement\":[{\"@type\":\"ListItem\",\"position\":1,\"name\":\"Home\",\"item\":\"https:\\\/\\\/iapop.com\\\/\"},{\"@type\":\"ListItem\",\"position\":2,\"name\":\"Tribute to Arnold Mindell\"}]},{\"@type\":\"WebSite\",\"@id\":\"http:\\\/\\\/iapop.com\\\/es\\\/#website\",\"url\":\"http:\\\/\\\/iapop.com\\\/es\\\/\",\"name\":\"IAPOP\",\"description\":\"Process Oriented Psychology\",\"publisher\":{\"@id\":\"http:\\\/\\\/iapop.com\\\/es\\\/#organization\"},\"potentialAction\":[{\"@type\":\"SearchAction\",\"target\":{\"@type\":\"EntryPoint\",\"urlTemplate\":\"http:\\\/\\\/iapop.com\\\/es\\\/?s={search_term_string}\"},\"query-input\":{\"@type\":\"PropertyValueSpecification\",\"valueRequired\":true,\"valueName\":\"search_term_string\"}}],\"inLanguage\":\"pl-PL\"},{\"@type\":\"Organization\",\"@id\":\"http:\\\/\\\/iapop.com\\\/es\\\/#organization\",\"name\":\"IAPOP\",\"url\":\"http:\\\/\\\/iapop.com\\\/es\\\/\",\"logo\":{\"@type\":\"ImageObject\",\"inLanguage\":\"pl-PL\",\"@id\":\"http:\\\/\\\/iapop.com\\\/es\\\/#\\\/schema\\\/logo\\\/image\\\/\",\"url\":\"https:\\\/\\\/iapop.com\\\/wp-content\\\/uploads\\\/2024\\\/12\\\/Logo-300x131-1.png\",\"contentUrl\":\"https:\\\/\\\/iapop.com\\\/wp-content\\\/uploads\\\/2024\\\/12\\\/Logo-300x131-1.png\",\"width\":300,\"height\":131,\"caption\":\"IAPOP\"},\"image\":{\"@id\":\"http:\\\/\\\/iapop.com\\\/es\\\/#\\\/schema\\\/logo\\\/image\\\/\"},\"sameAs\":[\"https:\\\/\\\/www.facebook.com\\\/processwork.iapop\"]}]}<\/script>\n<!-- \/ Yoast SEO plugin. -->","yoast_head_json":{"title":"Ho\u0142d dla Arnolda Mindella - IAPOP","robots":{"index":"index","follow":"follow","max-snippet":"max-snippet:-1","max-image-preview":"max-image-preview:large","max-video-preview":"max-video-preview:-1"},"canonical":"https:\/\/iapop.com\/pl\/tribute-to-arnold-mindell\/","og_locale":"pl_PL","og_type":"article","og_title":"Tribute to Arnold Mindell - IAPOP","og_description":"It is with utmost sadness that we process and grieve Arnold Mindell\u2019s passing on June 10th, 2024. Arny, our founder, began developing Process Oriented Psychology in the late 1970s. His [&hellip;]","og_url":"https:\/\/iapop.com\/pl\/tribute-to-arnold-mindell\/","og_site_name":"IAPOP","article_publisher":"https:\/\/www.facebook.com\/processwork.iapop","article_modified_time":"2025-07-12T11:18:58+00:00","og_image":[{"width":1280,"height":853,"url":"https:\/\/iapop.com\/wp-content\/uploads\/2024\/07\/448826442_10160114639063027_2599602499405783343_n-2-2.avif","type":"image\/jpeg"}],"twitter_card":"summary_large_image","twitter_misc":{"Szacowany czas czytania":"3 minuty"},"schema":{"@context":"https:\/\/schema.org","@graph":[{"@type":"WebPage","@id":"https:\/\/iapop.com\/tribute-to-arnold-mindell\/","url":"https:\/\/iapop.com\/tribute-to-arnold-mindell\/","name":"Ho\u0142d dla Arnolda Mindella - IAPOP","isPartOf":{"@id":"http:\/\/iapop.com\/es\/#website"},"primaryImageOfPage":{"@id":"https:\/\/iapop.com\/tribute-to-arnold-mindell\/#primaryimage"},"image":{"@id":"https:\/\/iapop.com\/tribute-to-arnold-mindell\/#primaryimage"},"thumbnailUrl":"https:\/\/iapop.com\/wp-content\/uploads\/2024\/07\/448826442_10160114639063027_2599602499405783343_n-2-2-1030x686.webp","datePublished":"2025-06-28T10:05:13+00:00","dateModified":"2025-07-12T11:18:58+00:00","breadcrumb":{"@id":"https:\/\/iapop.com\/tribute-to-arnold-mindell\/#breadcrumb"},"inLanguage":"pl-PL","potentialAction":[{"@type":"ReadAction","target":["https:\/\/iapop.com\/tribute-to-arnold-mindell\/"]}]},{"@type":"ImageObject","inLanguage":"pl-PL","@id":"https:\/\/iapop.com\/tribute-to-arnold-mindell\/#primaryimage","url":"https:\/\/iapop.com\/wp-content\/uploads\/2024\/07\/448826442_10160114639063027_2599602499405783343_n-2-2-1030x686.webp","contentUrl":"https:\/\/iapop.com\/wp-content\/uploads\/2024\/07\/448826442_10160114639063027_2599602499405783343_n-2-2-1030x686.webp"},{"@type":"BreadcrumbList","@id":"https:\/\/iapop.com\/tribute-to-arnold-mindell\/#breadcrumb","itemListElement":[{"@type":"ListItem","position":1,"name":"Home","item":"https:\/\/iapop.com\/"},{"@type":"ListItem","position":2,"name":"Tribute to Arnold Mindell"}]},{"@type":"WebSite","@id":"http:\/\/iapop.com\/es\/#website","url":"http:\/\/iapop.com\/es\/","name":"IAPOP","description":"Psychologia zorientowana na proces","publisher":{"@id":"http:\/\/iapop.com\/es\/#organization"},"potentialAction":[{"@type":"SearchAction","target":{"@type":"EntryPoint","urlTemplate":"http:\/\/iapop.com\/es\/?s={search_term_string}"},"query-input":{"@type":"PropertyValueSpecification","valueRequired":true,"valueName":"search_term_string"}}],"inLanguage":"pl-PL"},{"@type":"Organization","@id":"http:\/\/iapop.com\/es\/#organization","name":"IAPOP","url":"http:\/\/iapop.com\/es\/","logo":{"@type":"ImageObject","inLanguage":"pl-PL","@id":"http:\/\/iapop.com\/es\/#\/schema\/logo\/image\/","url":"https:\/\/iapop.com\/wp-content\/uploads\/2024\/12\/Logo-300x131-1.png","contentUrl":"https:\/\/iapop.com\/wp-content\/uploads\/2024\/12\/Logo-300x131-1.png","width":300,"height":131,"caption":"IAPOP"},"image":{"@id":"http:\/\/iapop.com\/es\/#\/schema\/logo\/image\/"},"sameAs":["https:\/\/www.facebook.com\/processwork.iapop"]}]}},"_links":{"self":[{"href":"https:\/\/iapop.com\/pl\/wp-json\/wp\/v2\/pages\/7666","targetHints":{"allow":["GET"]}}],"collection":[{"href":"https:\/\/iapop.com\/pl\/wp-json\/wp\/v2\/pages"}],"about":[{"href":"https:\/\/iapop.com\/pl\/wp-json\/wp\/v2\/types\/page"}],"author":[{"embeddable":true,"href":"https:\/\/iapop.com\/pl\/wp-json\/wp\/v2\/users\/250"}],"replies":[{"embeddable":true,"href":"https:\/\/iapop.com\/pl\/wp-json\/wp\/v2\/comments?post=7666"}],"version-history":[{"count":3,"href":"https:\/\/iapop.com\/pl\/wp-json\/wp\/v2\/pages\/7666\/revisions"}],"predecessor-version":[{"id":7725,"href":"https:\/\/iapop.com\/pl\/wp-json\/wp\/v2\/pages\/7666\/revisions\/7725"}],"wp:attachment":[{"href":"https:\/\/iapop.com\/pl\/wp-json\/wp\/v2\/media?parent=7666"}],"curies":[{"name":"wp","href":"https:\/\/api.w.org\/{rel}","templated":true}]}}