{"id":7727,"date":"2025-07-13T11:14:46","date_gmt":"2025-07-13T10:14:46","guid":{"rendered":"https:\/\/iapop.com\/?page_id=7727"},"modified":"2025-07-14T05:08:41","modified_gmt":"2025-07-14T04:08:41","slug":"book-chapters","status":"publish","type":"page","link":"https:\/\/iapop.com\/pl\/book-chapters\/","title":{"rendered":"Rozdzia\u0142y ksi\u0105\u017cki"},"content":{"rendered":"<h1 class=\"wp-block-post-title\">Rozdzia\u0142y ksi\u0105\u017cki<\/h1>\n\n\n<div class=\"wp-block-group has-white-background-color has-background is-nowrap is-layout-flex wp-container-core-group-is-layout-e021f648 wp-block-group-is-layout-flex\" style=\"padding-top:var(--wp--preset--spacing--20);padding-bottom:var(--wp--preset--spacing--20)\">\n<div class=\"wp-block-group has-border-color has-gray-lighter-4-border-color has-brand-primary-lighter-3-background-color has-background wp-container-content-29dca9c1 is-layout-constrained wp-container-core-group-is-layout-639b5052 wp-block-group-is-layout-constrained\" style=\"border-width:1px;padding-top:0;padding-right:0;padding-bottom:0;padding-left:0\">\n<figure class=\"wp-block-image size-full\"><img loading=\"lazy\" decoding=\"async\" width=\"600\" height=\"1000\" src=\"https:\/\/iapop.com\/wp-content\/uploads\/2025\/07\/On-Becoming-a-Racially-Sensitive-Therapist-COVER.avif\" alt=\"\" class=\"wp-image-7704\" style=\"object-fit:cover\" srcset=\"https:\/\/iapop.com\/wp-content\/uploads\/2025\/07\/On-Becoming-a-Racially-Sensitive-Therapist-COVER.avif 600w, https:\/\/iapop.com\/wp-content\/uploads\/2025\/07\/On-Becoming-a-Racially-Sensitive-Therapist-COVER-180x300.avif 180w, https:\/\/iapop.com\/wp-content\/uploads\/2025\/07\/On-Becoming-a-Racially-Sensitive-Therapist-COVER-7x12.avif 7w\" sizes=\"auto, (max-width: 600px) 100vw, 600px\" \/><\/figure>\n<\/div>\n\n\n\n<div class=\"wp-block-group is-vertical is-layout-flex wp-container-core-group-is-layout-fe9cc265 wp-block-group-is-layout-flex\">\n<div class=\"wp-block-group is-layout-constrained wp-container-core-group-is-layout-aceb2798 wp-block-group-is-layout-constrained\">\n<p><\/p>\n\n\n\n<p><\/p>\n\n\n\n<h3 class=\"wp-block-heading\">Rozdzia\u0142 ksi\u0105\u017cki: Szkody rasowe w relacjach pomocowych i niezwyk\u0142a podr\u00f3\u017c w kierunku naprawy<\/h3>\n\n\n\n<p>Strony 198-225<\/p>\n\n\n\n<p class=\"has-gray-lighter-2-color has-text-color has-link-color has-extra-small-font-size wp-elements-2eb062941e18670cc078383afd95b711\"><span class=\"wp-rich-text-font-awesome-icon wp-font-awesome-icon\"><svg aria-hidden=\"true\" focusable=\"false\" data-prefix=\"fas\" data-icon=\"user\" class=\"svg-inline--fa fa-user\" role=\"img\" xmlns=\"http:\/\/www.w3.org\/2000\/svg\" viewbox=\"0 0 448 512\" style=\"font-size:.8em\" color=\"#626262\"><path fill=\"currentColor\" d=\"M224 256A128 128 0 1 0 224 0a128 128 0 1 0 0 256zm-45.7 48C79.8 304 0 383.8 0 482.3C0 498.7 13.3 512 29.7 512l388.6 0c16.4 0 29.7-13.3 29.7-29.7C448 383.8 368.2 304 269.7 304l-91.4 0z\"><\/path><\/svg><\/span> <a href=\"https:\/\/www.linkedin.com\/in\/yasmeen-rubidge-182b308\/\">Yasmeen Rubidge<\/a> oraz <a href=\"https:\/\/processworklane.com\/\">Lane Arye<\/a><\/p>\n<\/div>\n\n\n\n<div class=\"wp-block-group is-layout-constrained wp-block-group-is-layout-constrained\">\n<p>W ksi\u0105\u017cce: 2025 <em>Jak zosta\u0107 terapeut\u0105 wra\u017cliwym rasowo: Rasa w praktyce klinicznej<\/em>, pod redakcj\u0105 Kennetha V. Hardy'ego<\/p>\n\n\n\n<p>Jest to nasza historia zerwania, kt\u00f3re zako\u0144czy\u0142o nasz\u0105 relacj\u0119 coachingow\u0105 Process Work \/ Worldwork, zbudowan\u0105 na iskrze wzajemnego uznania, zrozumienia, lat g\u0142\u0119bokiej pracy i zaufania. Zosta\u0142a napisana przez Yasmeen, czarnosk\u00f3r\u0105 i muzu\u0142ma\u0144sk\u0105 kobiet\u0119, kt\u00f3ra dorasta\u0142a w segregowanych kolorowych miasteczkach w RPA, oraz Lane'a, bia\u0142ego \u017byda, kt\u00f3ry dorasta\u0142 w ca\u0142kowicie bia\u0142ych dzielnicach w Ameryce. Opisujemy to, co wydarzy\u0142o si\u0119, gdy zaproszenie do napisania tego rozdzia\u0142u postawi\u0142o nas twarz\u0105 w twarz nad przepa\u015bci\u0105. To nasze kroki naprz\u00f3d, przerwy i odwroty, gdy zobowi\u0105zujemy si\u0119 do uzdrawiaj\u0105cej podr\u00f3\u017cy i ustanowienia nowych sposob\u00f3w nawi\u0105zywania relacji mi\u0119dzy rasami.<\/p>\n\n\n\n<p><a href=\"https:\/\/wwnorton.com\/books\/9781324082491\/about-the-book\/reviews\">Zobacz recenzj\u0119 ksi\u0105\u017cki <\/a><\/p>\n<\/div>\n<\/div>\n<\/div>\n\n\n\n<div class=\"wp-block-group has-white-background-color has-background is-nowrap is-layout-flex wp-container-core-group-is-layout-e021f648 wp-block-group-is-layout-flex\" style=\"padding-top:var(--wp--preset--spacing--20);padding-bottom:var(--wp--preset--spacing--20)\">\n<div class=\"wp-block-group has-border-color has-gray-lighter-4-border-color has-brand-primary-lighter-3-background-color has-background wp-container-content-29dca9c1 is-layout-constrained wp-container-core-group-is-layout-639b5052 wp-block-group-is-layout-constrained\" style=\"border-width:1px;padding-top:0;padding-right:0;padding-bottom:0;padding-left:0\">\n<figure class=\"wp-block-image size-full\"><img loading=\"lazy\" decoding=\"async\" width=\"600\" height=\"1000\" src=\"https:\/\/iapop.com\/wp-content\/uploads\/2025\/07\/the-enduring-invisible-and-ubiquitous-centrality-of-whiteness-COVER-600x1000-1.avif\" alt=\"\" class=\"wp-image-7701\" style=\"object-fit:cover\" srcset=\"https:\/\/iapop.com\/wp-content\/uploads\/2025\/07\/the-enduring-invisible-and-ubiquitous-centrality-of-whiteness-COVER-600x1000-1.avif 600w, https:\/\/iapop.com\/wp-content\/uploads\/2025\/07\/the-enduring-invisible-and-ubiquitous-centrality-of-whiteness-COVER-600x1000-1-180x300.avif 180w, https:\/\/iapop.com\/wp-content\/uploads\/2025\/07\/the-enduring-invisible-and-ubiquitous-centrality-of-whiteness-COVER-600x1000-1-7x12.avif 7w\" sizes=\"auto, (max-width: 600px) 100vw, 600px\" \/><\/figure>\n<\/div>\n\n\n\n<div class=\"wp-block-group is-vertical is-layout-flex wp-container-core-group-is-layout-fe9cc265 wp-block-group-is-layout-flex\">\n<div class=\"wp-block-group is-layout-constrained wp-container-core-group-is-layout-aceb2798 wp-block-group-is-layout-constrained\">\n<h3 class=\"wp-block-heading\">Rozdzia\u0142 ksi\u0105\u017cki: Podst\u0119pny cykl bia\u0142ej centralno\u015bci <\/h3>\n\n\n\n<p><span style=\"caret-color: rgb(0, 0, 0); color: rgb(0, 0, 0); font-family: -webkit-standard; font-size: medium; font-weight: 400; white-space: normal;\">Strony 74-95<\/span><\/p>\n\n\n\n<p class=\"has-gray-lighter-2-color has-text-color has-link-color has-extra-small-font-size wp-elements-ffcb5a0d1e0b060af01dbc191dbdf468\"><span class=\"wp-rich-text-font-awesome-icon wp-font-awesome-icon\"><svg aria-hidden=\"true\" focusable=\"false\" data-prefix=\"fas\" data-icon=\"user\" class=\"svg-inline--fa fa-user\" role=\"img\" xmlns=\"http:\/\/www.w3.org\/2000\/svg\" viewbox=\"0 0 448 512\" style=\"font-size:.8em\" color=\"#626262\"><path fill=\"currentColor\" d=\"M224 256A128 128 0 1 0 224 0a128 128 0 1 0 0 256zm-45.7 48C79.8 304 0 383.8 0 482.3C0 498.7 13.3 512 29.7 512l388.6 0c16.4 0 29.7-13.3 29.7-29.7C448 383.8 368.2 304 269.7 304l-91.4 0z\"><\/path><\/svg><\/span> <a href=\"http:\/\/www.processworklane.com\/\">Lane Arye<\/a><\/p>\n<\/div>\n\n\n\n<div class=\"wp-block-group is-layout-constrained wp-block-group-is-layout-constrained\">\n<p>W ksi\u0105\u017cce: 2022 <em>Trwa\u0142a, niewidzialna i wszechobecna centralno\u015b\u0107 bieli<\/em>, pod redakcj\u0105 Kennetha V. Hardy'ego<\/p>\n\n\n\n<p>Rozdzia\u0142 ten dog\u0142\u0119bnie analizuje jeden z przyk\u0142ad\u00f3w koncepcji rangi spo\u0142ecznej w ramach Process Work \/ World Work. Skupia si\u0119 na centralno\u015bci Bia\u0142ych, aby podkre\u015bli\u0107, w jaki spos\u00f3b centralizacja Bia\u0142ych i bia\u0142o\u015bci, zewn\u0119trznie i wewn\u0119trznie, z nasz\u0105 \u015bwiadomo\u015bci\u0105 lub bez niej, spycha Czarnych, Rdzennych i Ludno\u015b\u0107 Kolorow\u0105 (BIPOC) na margines spo\u0142ecze\u0144stwa, relacji i priorytet\u00f3w Bia\u0142ych, co ma katastrofalne skutki. Krytycznie i kompleksowo bada, w jaki spos\u00f3b centralno\u015b\u0107 bia\u0142o\u015bci wp\u0142ywa na nasze codzienne \u017cycie i relacje mi\u0119dzyrasowe.<\/p>\n<\/div>\n<\/div>\n<\/div>\n\n\n\n<div class=\"wp-block-group has-white-background-color has-background is-nowrap is-layout-flex wp-container-core-group-is-layout-e021f648 wp-block-group-is-layout-flex\" style=\"padding-top:var(--wp--preset--spacing--20);padding-bottom:var(--wp--preset--spacing--20)\">\n<div class=\"wp-block-group has-border-color has-gray-lighter-4-border-color has-brand-primary-lighter-3-background-color has-background wp-container-content-29dca9c1 is-layout-constrained wp-container-core-group-is-layout-639b5052 wp-block-group-is-layout-constrained\" style=\"border-width:1px;padding-top:0;padding-right:0;padding-bottom:0;padding-left:0\">\n<figure class=\"wp-block-image size-full\"><img loading=\"lazy\" decoding=\"async\" width=\"426\" height=\"640\" src=\"https:\/\/iapop.com\/wp-content\/uploads\/2025\/07\/814n97OfTTL._AC_UL640_QL65_-1.avif\" alt=\"\" class=\"wp-image-7759\" style=\"object-fit:cover\" srcset=\"https:\/\/iapop.com\/wp-content\/uploads\/2025\/07\/814n97OfTTL._AC_UL640_QL65_-1.avif 426w, https:\/\/iapop.com\/wp-content\/uploads\/2025\/07\/814n97OfTTL._AC_UL640_QL65_-1-200x300.avif 200w, https:\/\/iapop.com\/wp-content\/uploads\/2025\/07\/814n97OfTTL._AC_UL640_QL65_-1-8x12.avif 8w\" sizes=\"auto, (max-width: 426px) 100vw, 426px\" \/><\/figure>\n<\/div>\n\n\n\n<div class=\"wp-block-group is-vertical is-layout-flex wp-container-core-group-is-layout-fe9cc265 wp-block-group-is-layout-flex\">\n<div class=\"wp-block-group is-layout-constrained wp-container-core-group-is-layout-aceb2798 wp-block-group-is-layout-constrained\">\n<p><\/p>\n\n\n\n<p><\/p>\n\n\n\n<p><\/p>\n\n\n\n<h3 class=\"wp-block-heading\">Rozdzia\u0142 ksi\u0105\u017cki: Ponowne wyobra\u017cenie sobie praktyki skoncentrowanej na osobie w organizacji zorientowanej na osob\u0119 <\/h3>\n\n\n\n<p><span style=\"caret-color: rgb(0, 0, 0); color: rgb(0, 0, 0); font-family: -webkit-standard; font-size: medium; font-weight: 400; white-space: normal;\">Strony 242-261<\/span><\/p>\n\n\n\n<p class=\"has-gray-lighter-2-color has-text-color has-link-color has-extra-small-font-size wp-elements-7655b594f1c59600b865548d2bcec67e\"><span class=\"wp-rich-text-font-awesome-icon wp-font-awesome-icon\"><svg aria-hidden=\"true\" focusable=\"false\" data-prefix=\"fas\" data-icon=\"user\" class=\"svg-inline--fa fa-user\" role=\"img\" xmlns=\"http:\/\/www.w3.org\/2000\/svg\" viewbox=\"0 0 448 512\" style=\"font-size:.8em\" color=\"#626262\"><path fill=\"currentColor\" d=\"M224 256A128 128 0 1 0 224 0a128 128 0 1 0 0 256zm-45.7 48C79.8 304 0 383.8 0 482.3C0 498.7 13.3 512 29.7 512l388.6 0c16.4 0 29.7-13.3 29.7-29.7C448 383.8 368.2 304 269.7 304l-91.4 0z\"><\/path><\/svg><\/span> <a href=\"http:\/\/www.turningforward.org\">Julia Wolfson <\/a><\/p>\n<\/div>\n\n\n\n<div class=\"wp-block-group is-layout-constrained wp-block-group-is-layout-constrained\">\n<p>W ksi\u0105\u017cce: 2019 <em>Niezale\u017cne my\u015blenie w niepewnym \u015bwiecie. A Mind of One's Own. pod redakcj\u0105 Valerie A. Brown, Johna A. Harrisa i Davida Waltnera Toewsa. <\/em><\/p>\n\n\n\n<p>Rozdzia\u0142 ten zosta\u0142 napisany z my\u015bl\u0105 o liderach, doradcach klinicznych, facylitatorach i praktykach w agencjach opieki stacjonarnej. Przyk\u0142adowy przypadek pokazuje podej\u015bcie Process Work do u\u0142atwiania spotkania zespo\u0142u z personelem zak\u0142opotanym zami\u0142owaniem mieszka\u0144ca do jedzenia i chc\u0105cym odwr\u00f3ci\u0107 odruch upominania za zmienione zachowanie - kt\u00f3rym s\u0105 wyczerpani. Proces grupowy rozwija si\u0119 i pog\u0142\u0119bia w czasie rzeczywistym, pokazuj\u0105c r\u00f3\u017cnych cz\u0142onk\u00f3w zespo\u0142u wchodz\u0105cych w r\u00f3\u017cne role i role duch\u00f3w oraz rozwijaj\u0105cych si\u0119 w \u015bwiadomo\u015bci, przechodz\u0105c od hotspotu do coolspotu i g\u0142\u0119bszego wgl\u0105du w plan. Przypadek jest oprawiony w opisy pracy procesowej dotycz\u0105ce wzorc\u00f3w mit\u00f3w \u017cyciowych oraz symetrii indywidualnych i zbiorowych napi\u0119\u0107 w kontek\u015bcie systemu opieki. Pomaga to na\u015bwietli\u0107 facylitacj\u0119 procesu grupowego w codziennym j\u0119zyku dla szerokiego grona czytelnik\u00f3w. <\/p>\n<\/div>\n<\/div>\n<\/div>\n\n\n\n<p><\/p>","protected":false},"excerpt":{"rendered":"<p>Book Chapter: Racial Harm in Helping Relationships and an Uncommon Journey toward Repair Pages 198-225 Yasmeen Rubidge and Lane Arye In Book: 2025 On Becoming a Racially Sensitive Therapist: Race [&hellip;]<\/p>\n","protected":false},"author":352,"featured_media":0,"parent":0,"menu_order":0,"comment_status":"closed","ping_status":"closed","template":"","meta":{"_EventAllDay":false,"_EventTimezone":"","_EventStartDate":"","_EventEndDate":"","_EventStartDateUTC":"","_EventEndDateUTC":"","_EventShowMap":false,"_EventShowMapLink":false,"_EventURL":"","_EventCost":"","_EventCostDescription":"","_EventCurrencySymbol":"","_EventCurrencyCode":"","_EventCurrencyPosition":"","_EventDateTimeSeparator":"","_EventTimeRangeSeparator":"","_EventOrganizerID":[],"_EventVenueID":[],"_OrganizerEmail":"","_OrganizerPhone":"","_OrganizerWebsite":"","_VenueAddress":"","_VenueCity":"","_VenueCountry":"","_VenueProvince":"","_VenueState":"","_VenueZip":"","_VenuePhone":"","_VenueURL":"","_VenueStateProvince":"","_VenueLat":"","_VenueLng":"","_VenueShowMap":false,"_VenueShowMapLink":false,"footnotes":""},"class_list":["post-7727","page","type-page","status-publish","hentry"],"yoast_head":"<!-- This site is optimized with the Yoast SEO plugin v27.3 - https:\/\/yoast.com\/product\/yoast-seo-wordpress\/ -->\n<title>Book chapters - IAPOP<\/title>\n<meta name=\"robots\" content=\"index, follow, max-snippet:-1, max-image-preview:large, max-video-preview:-1\" \/>\n<link rel=\"canonical\" href=\"https:\/\/iapop.com\/pl\/book-chapters\/\" \/>\n<meta property=\"og:locale\" content=\"pl_PL\" \/>\n<meta property=\"og:type\" content=\"article\" \/>\n<meta property=\"og:title\" content=\"Book chapters - IAPOP\" \/>\n<meta property=\"og:description\" content=\"Book Chapter: Racial Harm in Helping Relationships and an Uncommon Journey toward Repair Pages 198-225 Yasmeen Rubidge and Lane Arye In Book: 2025 On Becoming a Racially Sensitive Therapist: Race [&hellip;]\" \/>\n<meta property=\"og:url\" content=\"https:\/\/iapop.com\/pl\/book-chapters\/\" \/>\n<meta property=\"og:site_name\" content=\"IAPOP\" \/>\n<meta property=\"article:publisher\" content=\"https:\/\/www.facebook.com\/processwork.iapop\" \/>\n<meta property=\"article:modified_time\" content=\"2025-07-14T04:08:41+00:00\" \/>\n<meta property=\"og:image\" content=\"https:\/\/iapop.com\/wp-content\/uploads\/2025\/07\/On-Becoming-a-Racially-Sensitive-Therapist-COVER.avif\" \/>\n\t<meta property=\"og:image:width\" content=\"600\" \/>\n\t<meta property=\"og:image:height\" content=\"1000\" \/>\n\t<meta property=\"og:image:type\" content=\"image\/png\" \/>\n<meta name=\"twitter:card\" content=\"summary_large_image\" \/>\n<meta name=\"twitter:label1\" content=\"Szacowany czas czytania\" \/>\n\t<meta name=\"twitter:data1\" content=\"3 minuty\" \/>\n<script type=\"application\/ld+json\" class=\"yoast-schema-graph\">{\"@context\":\"https:\\\/\\\/schema.org\",\"@graph\":[{\"@type\":\"WebPage\",\"@id\":\"https:\\\/\\\/iapop.com\\\/book-chapters\\\/\",\"url\":\"https:\\\/\\\/iapop.com\\\/book-chapters\\\/\",\"name\":\"Book chapters - IAPOP\",\"isPartOf\":{\"@id\":\"http:\\\/\\\/iapop.com\\\/es\\\/#website\"},\"primaryImageOfPage\":{\"@id\":\"https:\\\/\\\/iapop.com\\\/book-chapters\\\/#primaryimage\"},\"image\":{\"@id\":\"https:\\\/\\\/iapop.com\\\/book-chapters\\\/#primaryimage\"},\"thumbnailUrl\":\"https:\\\/\\\/iapop.com\\\/wp-content\\\/uploads\\\/2025\\\/07\\\/On-Becoming-a-Racially-Sensitive-Therapist-COVER.avif\",\"datePublished\":\"2025-07-13T10:14:46+00:00\",\"dateModified\":\"2025-07-14T04:08:41+00:00\",\"breadcrumb\":{\"@id\":\"https:\\\/\\\/iapop.com\\\/book-chapters\\\/#breadcrumb\"},\"inLanguage\":\"pl-PL\",\"potentialAction\":[{\"@type\":\"ReadAction\",\"target\":[\"https:\\\/\\\/iapop.com\\\/book-chapters\\\/\"]}]},{\"@type\":\"ImageObject\",\"inLanguage\":\"pl-PL\",\"@id\":\"https:\\\/\\\/iapop.com\\\/book-chapters\\\/#primaryimage\",\"url\":\"https:\\\/\\\/iapop.com\\\/wp-content\\\/uploads\\\/2025\\\/07\\\/On-Becoming-a-Racially-Sensitive-Therapist-COVER.avif\",\"contentUrl\":\"https:\\\/\\\/iapop.com\\\/wp-content\\\/uploads\\\/2025\\\/07\\\/On-Becoming-a-Racially-Sensitive-Therapist-COVER.avif\"},{\"@type\":\"BreadcrumbList\",\"@id\":\"https:\\\/\\\/iapop.com\\\/book-chapters\\\/#breadcrumb\",\"itemListElement\":[{\"@type\":\"ListItem\",\"position\":1,\"name\":\"Home\",\"item\":\"https:\\\/\\\/iapop.com\\\/\"},{\"@type\":\"ListItem\",\"position\":2,\"name\":\"Book chapters\"}]},{\"@type\":\"WebSite\",\"@id\":\"http:\\\/\\\/iapop.com\\\/es\\\/#website\",\"url\":\"http:\\\/\\\/iapop.com\\\/es\\\/\",\"name\":\"IAPOP\",\"description\":\"Process Oriented Psychology\",\"publisher\":{\"@id\":\"http:\\\/\\\/iapop.com\\\/es\\\/#organization\"},\"potentialAction\":[{\"@type\":\"SearchAction\",\"target\":{\"@type\":\"EntryPoint\",\"urlTemplate\":\"http:\\\/\\\/iapop.com\\\/es\\\/?s={search_term_string}\"},\"query-input\":{\"@type\":\"PropertyValueSpecification\",\"valueRequired\":true,\"valueName\":\"search_term_string\"}}],\"inLanguage\":\"pl-PL\"},{\"@type\":\"Organization\",\"@id\":\"http:\\\/\\\/iapop.com\\\/es\\\/#organization\",\"name\":\"IAPOP\",\"url\":\"http:\\\/\\\/iapop.com\\\/es\\\/\",\"logo\":{\"@type\":\"ImageObject\",\"inLanguage\":\"pl-PL\",\"@id\":\"http:\\\/\\\/iapop.com\\\/es\\\/#\\\/schema\\\/logo\\\/image\\\/\",\"url\":\"https:\\\/\\\/iapop.com\\\/wp-content\\\/uploads\\\/2024\\\/12\\\/Logo-300x131-1.png\",\"contentUrl\":\"https:\\\/\\\/iapop.com\\\/wp-content\\\/uploads\\\/2024\\\/12\\\/Logo-300x131-1.png\",\"width\":300,\"height\":131,\"caption\":\"IAPOP\"},\"image\":{\"@id\":\"http:\\\/\\\/iapop.com\\\/es\\\/#\\\/schema\\\/logo\\\/image\\\/\"},\"sameAs\":[\"https:\\\/\\\/www.facebook.com\\\/processwork.iapop\"]}]}<\/script>\n<!-- \/ Yoast SEO plugin. -->","yoast_head_json":{"title":"Rozdzia\u0142y ksi\u0105\u017cek - IAPOP","robots":{"index":"index","follow":"follow","max-snippet":"max-snippet:-1","max-image-preview":"max-image-preview:large","max-video-preview":"max-video-preview:-1"},"canonical":"https:\/\/iapop.com\/pl\/book-chapters\/","og_locale":"pl_PL","og_type":"article","og_title":"Book chapters - IAPOP","og_description":"Book Chapter: Racial Harm in Helping Relationships and an Uncommon Journey toward Repair Pages 198-225 Yasmeen Rubidge and Lane Arye In Book: 2025 On Becoming a Racially Sensitive Therapist: Race [&hellip;]","og_url":"https:\/\/iapop.com\/pl\/book-chapters\/","og_site_name":"IAPOP","article_publisher":"https:\/\/www.facebook.com\/processwork.iapop","article_modified_time":"2025-07-14T04:08:41+00:00","og_image":[{"width":600,"height":1000,"url":"https:\/\/iapop.com\/wp-content\/uploads\/2025\/07\/On-Becoming-a-Racially-Sensitive-Therapist-COVER.avif","type":"image\/png"}],"twitter_card":"summary_large_image","twitter_misc":{"Szacowany czas czytania":"3 minuty"},"schema":{"@context":"https:\/\/schema.org","@graph":[{"@type":"WebPage","@id":"https:\/\/iapop.com\/book-chapters\/","url":"https:\/\/iapop.com\/book-chapters\/","name":"Rozdzia\u0142y ksi\u0105\u017cek - IAPOP","isPartOf":{"@id":"http:\/\/iapop.com\/es\/#website"},"primaryImageOfPage":{"@id":"https:\/\/iapop.com\/book-chapters\/#primaryimage"},"image":{"@id":"https:\/\/iapop.com\/book-chapters\/#primaryimage"},"thumbnailUrl":"https:\/\/iapop.com\/wp-content\/uploads\/2025\/07\/On-Becoming-a-Racially-Sensitive-Therapist-COVER.avif","datePublished":"2025-07-13T10:14:46+00:00","dateModified":"2025-07-14T04:08:41+00:00","breadcrumb":{"@id":"https:\/\/iapop.com\/book-chapters\/#breadcrumb"},"inLanguage":"pl-PL","potentialAction":[{"@type":"ReadAction","target":["https:\/\/iapop.com\/book-chapters\/"]}]},{"@type":"ImageObject","inLanguage":"pl-PL","@id":"https:\/\/iapop.com\/book-chapters\/#primaryimage","url":"https:\/\/iapop.com\/wp-content\/uploads\/2025\/07\/On-Becoming-a-Racially-Sensitive-Therapist-COVER.avif","contentUrl":"https:\/\/iapop.com\/wp-content\/uploads\/2025\/07\/On-Becoming-a-Racially-Sensitive-Therapist-COVER.avif"},{"@type":"BreadcrumbList","@id":"https:\/\/iapop.com\/book-chapters\/#breadcrumb","itemListElement":[{"@type":"ListItem","position":1,"name":"Home","item":"https:\/\/iapop.com\/"},{"@type":"ListItem","position":2,"name":"Book chapters"}]},{"@type":"WebSite","@id":"http:\/\/iapop.com\/es\/#website","url":"http:\/\/iapop.com\/es\/","name":"IAPOP","description":"Psychologia zorientowana na proces","publisher":{"@id":"http:\/\/iapop.com\/es\/#organization"},"potentialAction":[{"@type":"SearchAction","target":{"@type":"EntryPoint","urlTemplate":"http:\/\/iapop.com\/es\/?s={search_term_string}"},"query-input":{"@type":"PropertyValueSpecification","valueRequired":true,"valueName":"search_term_string"}}],"inLanguage":"pl-PL"},{"@type":"Organization","@id":"http:\/\/iapop.com\/es\/#organization","name":"IAPOP","url":"http:\/\/iapop.com\/es\/","logo":{"@type":"ImageObject","inLanguage":"pl-PL","@id":"http:\/\/iapop.com\/es\/#\/schema\/logo\/image\/","url":"https:\/\/iapop.com\/wp-content\/uploads\/2024\/12\/Logo-300x131-1.png","contentUrl":"https:\/\/iapop.com\/wp-content\/uploads\/2024\/12\/Logo-300x131-1.png","width":300,"height":131,"caption":"IAPOP"},"image":{"@id":"http:\/\/iapop.com\/es\/#\/schema\/logo\/image\/"},"sameAs":["https:\/\/www.facebook.com\/processwork.iapop"]}]}},"_links":{"self":[{"href":"https:\/\/iapop.com\/pl\/wp-json\/wp\/v2\/pages\/7727","targetHints":{"allow":["GET"]}}],"collection":[{"href":"https:\/\/iapop.com\/pl\/wp-json\/wp\/v2\/pages"}],"about":[{"href":"https:\/\/iapop.com\/pl\/wp-json\/wp\/v2\/types\/page"}],"author":[{"embeddable":true,"href":"https:\/\/iapop.com\/pl\/wp-json\/wp\/v2\/users\/352"}],"replies":[{"embeddable":true,"href":"https:\/\/iapop.com\/pl\/wp-json\/wp\/v2\/comments?post=7727"}],"version-history":[{"count":2,"href":"https:\/\/iapop.com\/pl\/wp-json\/wp\/v2\/pages\/7727\/revisions"}],"predecessor-version":[{"id":7762,"href":"https:\/\/iapop.com\/pl\/wp-json\/wp\/v2\/pages\/7727\/revisions\/7762"}],"wp:attachment":[{"href":"https:\/\/iapop.com\/pl\/wp-json\/wp\/v2\/media?parent=7727"}],"curies":[{"name":"wp","href":"https:\/\/api.w.org\/{rel}","templated":true}]}}