{"id":6629,"date":"2024-11-29T14:56:52","date_gmt":"2024-11-29T16:56:52","guid":{"rendered":"http:\/\/iapop.local\/?page_id=6629"},"modified":"2025-02-15T18:02:05","modified_gmt":"2025-02-15T18:02:05","slug":"members","status":"publish","type":"page","link":"https:\/\/iapop.com\/sk\/members\/","title":{"rendered":"\u010clensk\u00e9 pr\u00edspevky"},"content":{"rendered":"<h1 class=\"wp-block-post-title\">\u010clensk\u00e9 pr\u00edspevky<\/h1>\n\n\n<blockquote class=\"wp-block-quote is-style-default is-layout-flow wp-block-quote-is-layout-flow\">\n<p class=\"has-medium-font-size\">Prv\u00fd rok po ukon\u010den\u00ed \u0161t\u00fadia je zadarmo!<\/p>\n<\/blockquote>\n\n\n\n<p>\u010clenstvo v IAPOP m\u00f4\u017eu z\u00edska\u0165 absolventi programov PW Diploma, DDI Diploma, MPW, MACF a MAPOF. Ak ste ukon\u010dili niektor\u00fd z t\u00fdchto stup\u0148ov \u0161t\u00fadia v programe pridru\u017eenom k IAPOP a chcete sa sta\u0165 \u010dlenom IAPOP, postupujte pod\u013ea nasleduj\u00facich krokov:<\/p>\n\n\n\n<ul class=\"wp-block-list\">\n<li>Po\u0161lite e-mail na adresu <a href=\"mailto:members@iapop.com\">members@iapop.com<\/a> d\u00e1te n\u00e1m vedie\u0165, \u017ee by ste sa k n\u00e1m chceli prida\u0165<\/li>\n\n\n\n<li>Uve\u010fte svoje meno, po\u0161tov\u00fa adresu, telef\u00f3n, e-mail, webov\u00fa str\u00e1nku, svoju fotografiu, jazyky, ktor\u00e9 ovl\u00e1date, a uve\u010fte, ktor\u00fd program ste absolvovali, a uve\u010fte v\u0161etky \u010fal\u0161ie tituly, ktor\u00e9 by ste chceli uvies\u0165.<\/li>\n\n\n\n<li>Zapla\u0165te ro\u010dn\u00e9 poplatky.<\/li>\n\n\n\n<li>Prv\u00fd rok po ukon\u010den\u00ed \u0161t\u00fadia je zadarmo!<\/li>\n\n\n\n<li><strong>\u010clensk\u00fd poplatok je splatn\u00fd 1. febru\u00e1ra ka\u017ed\u00e9ho roka.<\/strong><\/li>\n<\/ul>\n\n\n\n<div class=\"wp-block-columns is-layout-flex wp-container-core-columns-is-layout-28f84493 wp-block-columns-is-layout-flex\">\n<div class=\"wp-block-column is-vertically-aligned-center is-layout-flow wp-block-column-is-layout-flow\">\n<div class=\"wp-block-group has-border-color has-gray-lighter-4-border-color is-layout-flow wp-block-group-is-layout-flow\" style=\"border-width:1px;margin-top:0;margin-bottom:0;padding-top:var(--wp--preset--spacing--20);padding-right:var(--wp--preset--spacing--20);padding-bottom:var(--wp--preset--spacing--20);padding-left:var(--wp--preset--spacing--20)\">\n<div class=\"wp-block-buttons is-content-justification-center is-nowrap is-layout-flex wp-container-core-buttons-is-layout-23441af8 wp-block-buttons-is-layout-flex\">\n<div class=\"wp-block-button has-custom-width wp-block-button__width-100\"><a class=\"wp-block-button__link wp-element-button\" href=\"https:\/\/www.paypal.com\/donate\/?hosted_button_id=SQQ5CEYPS5BW4\" target=\"_blank\" rel=\" noreferrer noopener nofollow\">\u010clensk\u00e9 pr\u00edspevky<\/a><\/div>\n<\/div>\n\n\n\n<div class=\"wp-block-group is-content-justification-center is-nowrap is-layout-flex wp-container-core-group-is-layout-23441af8 wp-block-group-is-layout-flex\">\n<figure class=\"wp-block-image\"><img decoding=\"async\" src=\"https:\/\/www.paypalobjects.com\/webstatic\/en_US\/i\/buttons\/cc-badges-ppppcmcvdam.png\" alt=\"Zapla\u0165te pomocou slu\u017eby PayPal, PayPal Credit alebo \u013eubovo\u013enou kreditnou kartou\"\/><\/figure>\n<\/div>\n<\/div>\n<\/div>\n<\/div>\n\n\n\n<p>Navrhovan\u00e9 ro\u010dn\u00e9 \u010dlensk\u00e9 pr\u00edspevky IAPOP sa pribli\u017ene rovnaj\u00fa sume, ktor\u00fa \u00fa\u010dtujete vo svojom regi\u00f3ne za jedno sedenie\/jednu hodinu slu\u017eby. Ak ste \u010dlenom IAPOP prv\u00fd rok, prv\u00fd rok je zadarmo! M\u00f4\u017eete plati\u0165 kreditnou kartou alebo cez PayPal.&nbsp;<\/p>\n\n\n\n<p><strong>Va\u0161a podpora je pre n\u00e1s d\u00f4le\u017eit\u00e1. \u010eakujeme.<\/strong><\/p>\n\n\n\n<p>Ak chcete prispie\u0165, <a href=\"https:\/\/iapop.com\/sk\/donations\/\">kliknite sem<\/a>.<\/p>\n\n\n\n<p><strong>\u010eakujeme v\u00e1m za podporu!<\/strong><\/p>\n\n\n\n<h2 class=\"wp-block-heading\">Adres\u00e1r \u010dlenov<\/h2>\n\n\n\n<p>Ak chcete aktualizova\u0165 svoje \u00fadaje alebo fotografiu v adres\u00e1ri \u010dlenov, prihl\u00e1ste sa.<\/p>\n\n\n\n<p><\/p>\n\n\n\n<div class=\"wp-block-columns is-layout-flex wp-container-core-columns-is-layout-28f84493 wp-block-columns-is-layout-flex\">\n<div class=\"wp-block-column is-vertically-aligned-center is-layout-flow wp-block-column-is-layout-flow\">\n<div class=\"wp-block-group has-border-color has-gray-lighter-4-border-color is-layout-flow wp-block-group-is-layout-flow\" style=\"border-width:1px;margin-top:0;margin-bottom:0;padding-top:var(--wp--preset--spacing--20);padding-right:var(--wp--preset--spacing--20);padding-bottom:var(--wp--preset--spacing--20);padding-left:var(--wp--preset--spacing--20)\">\n<div class=\"wp-block-buttons is-content-justification-center is-nowrap is-layout-flex wp-container-core-buttons-is-layout-23441af8 wp-block-buttons-is-layout-flex\">\n<div class=\"wp-block-button has-custom-width wp-block-button__width-100\"><a class=\"wp-block-button__link wp-element-button\" href=\"\/wp-admin\/admin.php?page=iapop-directory\" target=\"_blank\" rel=\" noreferrer noopener nofollow\">Prihl\u00e1senie \u010dlenov<\/a><\/div>\n<\/div>\n<\/div>\n<\/div>\n<\/div>\n\n\n\n<p><\/p>","protected":false},"excerpt":{"rendered":"<p>First year after graduation is free! IAPOP membership is available to graduates of PW Diploma, DDI Diploma, MPW, MACF and MAPOF programs. If you have graduated with one of these [&hellip;]<\/p>\n","protected":false},"author":250,"featured_media":0,"parent":0,"menu_order":0,"comment_status":"closed","ping_status":"closed","template":"","meta":{"_EventAllDay":false,"_EventTimezone":"","_EventStartDate":"","_EventEndDate":"","_EventStartDateUTC":"","_EventEndDateUTC":"","_EventShowMap":false,"_EventShowMapLink":false,"_EventURL":"","_EventCost":"","_EventCostDescription":"","_EventCurrencySymbol":"","_EventCurrencyCode":"","_EventCurrencyPosition":"","_EventDateTimeSeparator":"","_EventTimeRangeSeparator":"","_EventOrganizerID":[],"_EventVenueID":[],"_OrganizerEmail":"","_OrganizerPhone":"","_OrganizerWebsite":"","_VenueAddress":"","_VenueCity":"","_VenueCountry":"","_VenueProvince":"","_VenueState":"","_VenueZip":"","_VenuePhone":"","_VenueURL":"","_VenueStateProvince":"","_VenueLat":"","_VenueLng":"","_VenueShowMap":false,"_VenueShowMapLink":false,"footnotes":""},"class_list":["post-6629","page","type-page","status-publish","hentry"],"yoast_head":"<!-- This site is optimized with the Yoast SEO plugin v27.3 - https:\/\/yoast.com\/product\/yoast-seo-wordpress\/ -->\n<title>Members Dues - IAPOP<\/title>\n<meta name=\"robots\" content=\"index, follow, max-snippet:-1, max-image-preview:large, max-video-preview:-1\" \/>\n<link rel=\"canonical\" href=\"https:\/\/iapop.com\/sk\/members\/\" \/>\n<meta property=\"og:locale\" content=\"sk_SK\" \/>\n<meta property=\"og:type\" content=\"article\" \/>\n<meta property=\"og:title\" content=\"Members Dues - IAPOP\" \/>\n<meta property=\"og:description\" content=\"First year after graduation is free! IAPOP membership is available to graduates of PW Diploma, DDI Diploma, MPW, MACF and MAPOF programs. If you have graduated with one of these [&hellip;]\" \/>\n<meta property=\"og:url\" content=\"https:\/\/iapop.com\/sk\/members\/\" \/>\n<meta property=\"og:site_name\" content=\"IAPOP\" \/>\n<meta property=\"article:publisher\" content=\"https:\/\/www.facebook.com\/processwork.iapop\" \/>\n<meta property=\"article:modified_time\" content=\"2025-02-15T18:02:05+00:00\" \/>\n<meta property=\"og:image\" content=\"https:\/\/www.paypalobjects.com\/webstatic\/en_US\/i\/buttons\/cc-badges-ppppcmcvdam.png\" \/>\n<meta name=\"twitter:card\" content=\"summary_large_image\" \/>\n<meta name=\"twitter:label1\" content=\"Predpokladan\u00fd \u010das \u010d\u00edtania\" \/>\n\t<meta name=\"twitter:data1\" content=\"2 min\u00faty\" \/>\n<script type=\"application\/ld+json\" class=\"yoast-schema-graph\">{\"@context\":\"https:\\\/\\\/schema.org\",\"@graph\":[{\"@type\":\"WebPage\",\"@id\":\"https:\\\/\\\/iapop.com\\\/es\\\/members\\\/\",\"url\":\"https:\\\/\\\/iapop.com\\\/es\\\/members\\\/\",\"name\":\"Members Dues - IAPOP\",\"isPartOf\":{\"@id\":\"http:\\\/\\\/iapop.com\\\/es\\\/#website\"},\"primaryImageOfPage\":{\"@id\":\"https:\\\/\\\/iapop.com\\\/es\\\/members\\\/#primaryimage\"},\"image\":{\"@id\":\"https:\\\/\\\/iapop.com\\\/es\\\/members\\\/#primaryimage\"},\"thumbnailUrl\":\"https:\\\/\\\/www.paypalobjects.com\\\/webstatic\\\/en_US\\\/i\\\/buttons\\\/cc-badges-ppppcmcvdam.png\",\"datePublished\":\"2024-11-29T16:56:52+00:00\",\"dateModified\":\"2025-02-15T18:02:05+00:00\",\"breadcrumb\":{\"@id\":\"https:\\\/\\\/iapop.com\\\/es\\\/members\\\/#breadcrumb\"},\"inLanguage\":\"sk-SK\",\"potentialAction\":[{\"@type\":\"ReadAction\",\"target\":[\"https:\\\/\\\/iapop.com\\\/es\\\/members\\\/\"]}]},{\"@type\":\"ImageObject\",\"inLanguage\":\"sk-SK\",\"@id\":\"https:\\\/\\\/iapop.com\\\/es\\\/members\\\/#primaryimage\",\"url\":\"https:\\\/\\\/www.paypalobjects.com\\\/webstatic\\\/en_US\\\/i\\\/buttons\\\/cc-badges-ppppcmcvdam.png\",\"contentUrl\":\"https:\\\/\\\/www.paypalobjects.com\\\/webstatic\\\/en_US\\\/i\\\/buttons\\\/cc-badges-ppppcmcvdam.png\"},{\"@type\":\"BreadcrumbList\",\"@id\":\"https:\\\/\\\/iapop.com\\\/es\\\/members\\\/#breadcrumb\",\"itemListElement\":[{\"@type\":\"ListItem\",\"position\":1,\"name\":\"Home\",\"item\":\"https:\\\/\\\/iapop.com\\\/\"},{\"@type\":\"ListItem\",\"position\":2,\"name\":\"Members Dues\"}]},{\"@type\":\"WebSite\",\"@id\":\"http:\\\/\\\/iapop.com\\\/es\\\/#website\",\"url\":\"http:\\\/\\\/iapop.com\\\/es\\\/\",\"name\":\"IAPOP\",\"description\":\"Process Oriented Psychology\",\"publisher\":{\"@id\":\"http:\\\/\\\/iapop.com\\\/es\\\/#organization\"},\"potentialAction\":[{\"@type\":\"SearchAction\",\"target\":{\"@type\":\"EntryPoint\",\"urlTemplate\":\"http:\\\/\\\/iapop.com\\\/es\\\/?s={search_term_string}\"},\"query-input\":{\"@type\":\"PropertyValueSpecification\",\"valueRequired\":true,\"valueName\":\"search_term_string\"}}],\"inLanguage\":\"sk-SK\"},{\"@type\":\"Organization\",\"@id\":\"http:\\\/\\\/iapop.com\\\/es\\\/#organization\",\"name\":\"IAPOP\",\"url\":\"http:\\\/\\\/iapop.com\\\/es\\\/\",\"logo\":{\"@type\":\"ImageObject\",\"inLanguage\":\"sk-SK\",\"@id\":\"http:\\\/\\\/iapop.com\\\/es\\\/#\\\/schema\\\/logo\\\/image\\\/\",\"url\":\"https:\\\/\\\/iapop.com\\\/wp-content\\\/uploads\\\/2024\\\/12\\\/Logo-300x131-1.png\",\"contentUrl\":\"https:\\\/\\\/iapop.com\\\/wp-content\\\/uploads\\\/2024\\\/12\\\/Logo-300x131-1.png\",\"width\":300,\"height\":131,\"caption\":\"IAPOP\"},\"image\":{\"@id\":\"http:\\\/\\\/iapop.com\\\/es\\\/#\\\/schema\\\/logo\\\/image\\\/\"},\"sameAs\":[\"https:\\\/\\\/www.facebook.com\\\/processwork.iapop\"]}]}<\/script>\n<!-- \/ Yoast SEO plugin. -->","yoast_head_json":{"title":"\u010clensk\u00e9 poplatky - IAPOP","robots":{"index":"index","follow":"follow","max-snippet":"max-snippet:-1","max-image-preview":"max-image-preview:large","max-video-preview":"max-video-preview:-1"},"canonical":"https:\/\/iapop.com\/sk\/members\/","og_locale":"sk_SK","og_type":"article","og_title":"Members Dues - IAPOP","og_description":"First year after graduation is free! IAPOP membership is available to graduates of PW Diploma, DDI Diploma, MPW, MACF and MAPOF programs. If you have graduated with one of these [&hellip;]","og_url":"https:\/\/iapop.com\/sk\/members\/","og_site_name":"IAPOP","article_publisher":"https:\/\/www.facebook.com\/processwork.iapop","article_modified_time":"2025-02-15T18:02:05+00:00","og_image":[{"url":"https:\/\/www.paypalobjects.com\/webstatic\/en_US\/i\/buttons\/cc-badges-ppppcmcvdam.png","type":"","width":"","height":""}],"twitter_card":"summary_large_image","twitter_misc":{"Predpokladan\u00fd \u010das \u010d\u00edtania":"2 min\u00faty"},"schema":{"@context":"https:\/\/schema.org","@graph":[{"@type":"WebPage","@id":"https:\/\/iapop.com\/es\/members\/","url":"https:\/\/iapop.com\/es\/members\/","name":"\u010clensk\u00e9 poplatky - IAPOP","isPartOf":{"@id":"http:\/\/iapop.com\/es\/#website"},"primaryImageOfPage":{"@id":"https:\/\/iapop.com\/es\/members\/#primaryimage"},"image":{"@id":"https:\/\/iapop.com\/es\/members\/#primaryimage"},"thumbnailUrl":"https:\/\/www.paypalobjects.com\/webstatic\/en_US\/i\/buttons\/cc-badges-ppppcmcvdam.png","datePublished":"2024-11-29T16:56:52+00:00","dateModified":"2025-02-15T18:02:05+00:00","breadcrumb":{"@id":"https:\/\/iapop.com\/es\/members\/#breadcrumb"},"inLanguage":"sk-SK","potentialAction":[{"@type":"ReadAction","target":["https:\/\/iapop.com\/es\/members\/"]}]},{"@type":"ImageObject","inLanguage":"sk-SK","@id":"https:\/\/iapop.com\/es\/members\/#primaryimage","url":"https:\/\/www.paypalobjects.com\/webstatic\/en_US\/i\/buttons\/cc-badges-ppppcmcvdam.png","contentUrl":"https:\/\/www.paypalobjects.com\/webstatic\/en_US\/i\/buttons\/cc-badges-ppppcmcvdam.png"},{"@type":"BreadcrumbList","@id":"https:\/\/iapop.com\/es\/members\/#breadcrumb","itemListElement":[{"@type":"ListItem","position":1,"name":"Home","item":"https:\/\/iapop.com\/"},{"@type":"ListItem","position":2,"name":"Members Dues"}]},{"@type":"WebSite","@id":"http:\/\/iapop.com\/es\/#website","url":"http:\/\/iapop.com\/es\/","name":"IAPOP","description":"Procesne orientovan\u00e1 psychol\u00f3gia","publisher":{"@id":"http:\/\/iapop.com\/es\/#organization"},"potentialAction":[{"@type":"SearchAction","target":{"@type":"EntryPoint","urlTemplate":"http:\/\/iapop.com\/es\/?s={search_term_string}"},"query-input":{"@type":"PropertyValueSpecification","valueRequired":true,"valueName":"search_term_string"}}],"inLanguage":"sk-SK"},{"@type":"Organization","@id":"http:\/\/iapop.com\/es\/#organization","name":"IAPOP","url":"http:\/\/iapop.com\/es\/","logo":{"@type":"ImageObject","inLanguage":"sk-SK","@id":"http:\/\/iapop.com\/es\/#\/schema\/logo\/image\/","url":"https:\/\/iapop.com\/wp-content\/uploads\/2024\/12\/Logo-300x131-1.png","contentUrl":"https:\/\/iapop.com\/wp-content\/uploads\/2024\/12\/Logo-300x131-1.png","width":300,"height":131,"caption":"IAPOP"},"image":{"@id":"http:\/\/iapop.com\/es\/#\/schema\/logo\/image\/"},"sameAs":["https:\/\/www.facebook.com\/processwork.iapop"]}]}},"_links":{"self":[{"href":"https:\/\/iapop.com\/sk\/wp-json\/wp\/v2\/pages\/6629","targetHints":{"allow":["GET"]}}],"collection":[{"href":"https:\/\/iapop.com\/sk\/wp-json\/wp\/v2\/pages"}],"about":[{"href":"https:\/\/iapop.com\/sk\/wp-json\/wp\/v2\/types\/page"}],"author":[{"embeddable":true,"href":"https:\/\/iapop.com\/sk\/wp-json\/wp\/v2\/users\/250"}],"replies":[{"embeddable":true,"href":"https:\/\/iapop.com\/sk\/wp-json\/wp\/v2\/comments?post=6629"}],"version-history":[{"count":0,"href":"https:\/\/iapop.com\/sk\/wp-json\/wp\/v2\/pages\/6629\/revisions"}],"wp:attachment":[{"href":"https:\/\/iapop.com\/sk\/wp-json\/wp\/v2\/media?parent=6629"}],"curies":[{"name":"wp","href":"https:\/\/api.w.org\/{rel}","templated":true}]}}