{"id":6630,"date":"2024-11-29T14:57:36","date_gmt":"2024-11-29T16:57:36","guid":{"rendered":"http:\/\/iapop.local\/?page_id=6630"},"modified":"2025-02-15T18:02:05","modified_gmt":"2025-02-15T18:02:05","slug":"donations","status":"publish","type":"page","link":"https:\/\/iapop.com\/sk\/donations\/","title":{"rendered":"Darujte IAPOP"},"content":{"rendered":"<h1 class=\"wp-block-post-title\">Darujte IAPOP<\/h1>\n\n\n<p>IAPOP je zdru\u017eenie pracuj\u00facich odborn\u00edkov, \u0161tudentov, praktikov a v\u00fdskumn\u00edkov, ktor\u00ed sa venuj\u00fa pokroku v procesne orientovanej psychol\u00f3gii, v\u00fdskumu, vzdel\u00e1vaniu a z\u00edskavaniu met\u00f3d a ich \u0161\u00edreniu medzi jednotlivcami a regi\u00f3nmi, ktor\u00e9 by vo v\u0161eobecnosti nemali alebo si nemohli dovoli\u0165 pr\u00edstup k vzdel\u00e1vaniu.<\/p>\n\n\n\n<p>Ak chcete prispie\u0165 na IAPOP prostredn\u00edctvom zabezpe\u010den\u00e9ho platobn\u00e9ho syst\u00e9mu PayPal, kliknite na odkaz ni\u017e\u0161ie.<\/p>\n\n\n\n<div class=\"wp-block-columns is-layout-flex wp-container-core-columns-is-layout-28f84493 wp-block-columns-is-layout-flex\">\n<div class=\"wp-block-column is-vertically-aligned-center is-layout-flow wp-block-column-is-layout-flow\">\n<div class=\"wp-block-group has-border-color has-gray-lighter-4-border-color is-layout-flow wp-block-group-is-layout-flow\" style=\"border-width:1px;margin-top:0;margin-bottom:0;padding-top:var(--wp--preset--spacing--20);padding-right:var(--wp--preset--spacing--20);padding-bottom:var(--wp--preset--spacing--20);padding-left:var(--wp--preset--spacing--20)\">\n<div class=\"wp-block-buttons is-content-justification-center is-nowrap is-layout-flex wp-container-core-buttons-is-layout-23441af8 wp-block-buttons-is-layout-flex\">\n<div class=\"wp-block-button has-custom-width wp-block-button__width-100\"><a class=\"wp-block-button__link wp-element-button\" href=\"https:\/\/www.paypal.com\/donate\/?hosted_button_id=MDSDLGQV6ACQL\" target=\"_blank\" rel=\" noreferrer noopener nofollow\">Darovanie<\/a><\/div>\n<\/div>\n\n\n\n<div class=\"wp-block-group is-content-justification-center is-nowrap is-layout-flex wp-container-core-group-is-layout-23441af8 wp-block-group-is-layout-flex\">\n<figure class=\"wp-block-image\"><img decoding=\"async\" src=\"https:\/\/www.paypalobjects.com\/webstatic\/en_US\/i\/buttons\/cc-badges-ppppcmcvdam.png\" alt=\"Zapla\u0165te pomocou slu\u017eby PayPal, PayPal Credit alebo \u013eubovo\u013enou kreditnou kartou\"\/><\/figure>\n<\/div>\n<\/div>\n<\/div>\n\n\n\n<div class=\"wp-block-column is-vertically-aligned-center is-layout-flow wp-block-column-is-layout-flow\">\n<p><strong>Alebo po\u0161lite \u0161ek na adresu:<\/strong><\/p>\n\n\n\n<p>25 NW 23rd PL<br>Apartm\u00e1n 6-437<br>Portland, OR 97210-5580<br>USA<\/p>\n<\/div>\n<\/div>\n\n\n\n<p><strong>\u010eakujeme v\u00e1m za v\u00e1\u0161 trval\u00fd z\u00e1ujem a podporu IAPOP.<\/strong><\/p>\n\n\n\n<div style=\"height:20px\" aria-hidden=\"true\" class=\"wp-block-spacer\"><\/div>\n\n\n\n<hr class=\"wp-block-separator has-alpha-channel-opacity\"\/>\n\n\n\n<div style=\"height:20px\" aria-hidden=\"true\" class=\"wp-block-spacer\"><\/div>\n\n\n\n<h2 class=\"wp-block-heading\">Pr\u00edspevok pre fond Worldwork<\/h2>\n\n\n\n<p>Pros\u00edm, podporte <strong>r\u00f4znorod\u00e1 \u00fa\u010das\u0165<\/strong> na semin\u00e1roch Worldwork!<\/p>\n\n\n\n<p>V\u00e1\u0161 dar pom\u00f4\u017ee zabezpe\u010di\u0165 ubytovanie, stravu a pokry\u0165 \u010das\u0165 cestovn\u00fdch n\u00e1kladov rozvojov\u00fdch facilit\u00e1torov, ktor\u00ed sa chc\u00fa z\u00fa\u010dastni\u0165 na semin\u00e1roch Worldwork a poch\u00e1dzaj\u00fa z konfliktn\u00fdch oblast\u00ed alebo regi\u00f3nov, ktor\u00e9 \u010delia soci\u00e1lnym a finan\u010dn\u00fdm \u0165a\u017ekostiam.<\/p>\n\n\n\n<p>IAPOP je neziskov\u00e1, mimovl\u00e1dna organiz\u00e1cia 501C3 registrovan\u00e1 v \u0161t\u00e1te Oregon.<\/p>\n\n\n\n<p>&nbsp;Pre obyvate\u013eov Spojen\u00fdch \u0161t\u00e1tov s\u00fa pr\u00edspevky pre IAPOP <strong>odpo\u010d\u00edtate\u013en\u00e1 z dan\u00ed<\/strong>.<\/p>\n\n\n\n<p><strong>\u010eakujeme, \u017ee ste podporili fond IAPOP Worldwork!<\/strong><\/p>\n\n\n\n<div class=\"wp-block-columns is-layout-flex wp-container-core-columns-is-layout-28f84493 wp-block-columns-is-layout-flex\">\n<div class=\"wp-block-column is-vertically-aligned-center is-layout-flow wp-block-column-is-layout-flow\" style=\"flex-basis:450px\">\n<div class=\"wp-block-group has-border-color has-gray-lighter-4-border-color is-layout-flow wp-block-group-is-layout-flow\" style=\"border-width:1px;margin-top:0;margin-bottom:0;padding-top:var(--wp--preset--spacing--20);padding-right:var(--wp--preset--spacing--20);padding-bottom:var(--wp--preset--spacing--20);padding-left:var(--wp--preset--spacing--20)\">\n<div class=\"wp-block-buttons is-content-justification-center is-nowrap is-layout-flex wp-container-core-buttons-is-layout-23441af8 wp-block-buttons-is-layout-flex\">\n<div class=\"wp-block-button has-custom-width wp-block-button__width-100\"><a class=\"wp-block-button__link wp-element-button\" href=\"https:\/\/www.paypal.com\/donate\/?hosted_button_id=K748NWVNUXZRQ\" target=\"_blank\" rel=\" noreferrer noopener nofollow\">Fond Worldwork<\/a><\/div>\n<\/div>\n\n\n\n<div class=\"wp-block-group is-content-justification-center is-nowrap is-layout-flex wp-container-core-group-is-layout-23441af8 wp-block-group-is-layout-flex\">\n<figure class=\"wp-block-image\"><img decoding=\"async\" src=\"https:\/\/www.paypalobjects.com\/webstatic\/en_US\/i\/buttons\/cc-badges-ppppcmcvdam.png\" alt=\"Zapla\u0165te pomocou slu\u017eby PayPal, PayPal Credit alebo \u013eubovo\u013enou kreditnou kartou\"\/><\/figure>\n<\/div>\n<\/div>\n<\/div>\n<\/div>\n\n\n\n<div style=\"height:20px\" aria-hidden=\"true\" class=\"wp-block-spacer\"><\/div>\n\n\n\n<hr class=\"wp-block-separator has-alpha-channel-opacity\"\/>\n\n\n\n<div style=\"height:20px\" aria-hidden=\"true\" class=\"wp-block-spacer\"><\/div>\n\n\n\n<h2 class=\"wp-block-heading\">\u010clensk\u00e9 pr\u00edspevky<\/h2>\n\n\n\n<p>Ak ste \u010dlenom IAPOP a chcete zaplati\u0165 ro\u010dn\u00e9 pr\u00edspevky online. <a href=\"https:\/\/iapop.com\/sk\/members\/\">kliknite sem<\/a>.<\/p>\n\n\n\n<p><strong>\u010eakujeme v\u0161etk\u00fdm na\u0161im \u010dlenom za podporu!<\/strong><\/p>","protected":false},"excerpt":{"rendered":"<p>IAPOP is an association of working professionals, students, practitioners, and researchers who are dedicated to advancements in Process Oriented Psychology, research, methods training and acquisition, and dissemination to individuals and [&hellip;]<\/p>\n","protected":false},"author":250,"featured_media":0,"parent":0,"menu_order":0,"comment_status":"closed","ping_status":"closed","template":"","meta":{"_EventAllDay":false,"_EventTimezone":"","_EventStartDate":"","_EventEndDate":"","_EventStartDateUTC":"","_EventEndDateUTC":"","_EventShowMap":false,"_EventShowMapLink":false,"_EventURL":"","_EventCost":"","_EventCostDescription":"","_EventCurrencySymbol":"","_EventCurrencyCode":"","_EventCurrencyPosition":"","_EventDateTimeSeparator":"","_EventTimeRangeSeparator":"","_EventOrganizerID":[],"_EventVenueID":[],"_OrganizerEmail":"","_OrganizerPhone":"","_OrganizerWebsite":"","_VenueAddress":"","_VenueCity":"","_VenueCountry":"","_VenueProvince":"","_VenueState":"","_VenueZip":"","_VenuePhone":"","_VenueURL":"","_VenueStateProvince":"","_VenueLat":"","_VenueLng":"","_VenueShowMap":false,"_VenueShowMapLink":false,"footnotes":""},"class_list":["post-6630","page","type-page","status-publish","hentry"],"yoast_head":"<!-- This site is optimized with the Yoast SEO plugin v27.3 - https:\/\/yoast.com\/product\/yoast-seo-wordpress\/ -->\n<title>Donate to IAPOP - IAPOP<\/title>\n<meta name=\"robots\" content=\"index, follow, max-snippet:-1, max-image-preview:large, max-video-preview:-1\" \/>\n<link rel=\"canonical\" href=\"https:\/\/iapop.com\/sk\/donations\/\" \/>\n<meta property=\"og:locale\" content=\"sk_SK\" \/>\n<meta property=\"og:type\" content=\"article\" \/>\n<meta property=\"og:title\" content=\"Donate to IAPOP - IAPOP\" \/>\n<meta property=\"og:description\" content=\"IAPOP is an association of working professionals, students, practitioners, and researchers who are dedicated to advancements in Process Oriented Psychology, research, methods training and acquisition, and dissemination to individuals and [&hellip;]\" \/>\n<meta property=\"og:url\" content=\"https:\/\/iapop.com\/sk\/donations\/\" \/>\n<meta property=\"og:site_name\" content=\"IAPOP\" \/>\n<meta property=\"article:publisher\" content=\"https:\/\/www.facebook.com\/processwork.iapop\" \/>\n<meta property=\"article:modified_time\" content=\"2025-02-15T18:02:05+00:00\" \/>\n<meta property=\"og:image\" content=\"https:\/\/www.paypalobjects.com\/webstatic\/en_US\/i\/buttons\/cc-badges-ppppcmcvdam.png\" \/>\n<meta name=\"twitter:card\" content=\"summary_large_image\" \/>\n<meta name=\"twitter:label1\" content=\"Predpokladan\u00fd \u010das \u010d\u00edtania\" \/>\n\t<meta name=\"twitter:data1\" content=\"2 min\u00faty\" \/>\n<script type=\"application\/ld+json\" class=\"yoast-schema-graph\">{\"@context\":\"https:\\\/\\\/schema.org\",\"@graph\":[{\"@type\":\"WebPage\",\"@id\":\"https:\\\/\\\/iapop.com\\\/es\\\/donations\\\/\",\"url\":\"https:\\\/\\\/iapop.com\\\/es\\\/donations\\\/\",\"name\":\"Donate to IAPOP - IAPOP\",\"isPartOf\":{\"@id\":\"http:\\\/\\\/iapop.com\\\/es\\\/#website\"},\"primaryImageOfPage\":{\"@id\":\"https:\\\/\\\/iapop.com\\\/es\\\/donations\\\/#primaryimage\"},\"image\":{\"@id\":\"https:\\\/\\\/iapop.com\\\/es\\\/donations\\\/#primaryimage\"},\"thumbnailUrl\":\"https:\\\/\\\/www.paypalobjects.com\\\/webstatic\\\/en_US\\\/i\\\/buttons\\\/cc-badges-ppppcmcvdam.png\",\"datePublished\":\"2024-11-29T16:57:36+00:00\",\"dateModified\":\"2025-02-15T18:02:05+00:00\",\"breadcrumb\":{\"@id\":\"https:\\\/\\\/iapop.com\\\/es\\\/donations\\\/#breadcrumb\"},\"inLanguage\":\"sk-SK\",\"potentialAction\":[{\"@type\":\"ReadAction\",\"target\":[\"https:\\\/\\\/iapop.com\\\/es\\\/donations\\\/\"]}]},{\"@type\":\"ImageObject\",\"inLanguage\":\"sk-SK\",\"@id\":\"https:\\\/\\\/iapop.com\\\/es\\\/donations\\\/#primaryimage\",\"url\":\"https:\\\/\\\/www.paypalobjects.com\\\/webstatic\\\/en_US\\\/i\\\/buttons\\\/cc-badges-ppppcmcvdam.png\",\"contentUrl\":\"https:\\\/\\\/www.paypalobjects.com\\\/webstatic\\\/en_US\\\/i\\\/buttons\\\/cc-badges-ppppcmcvdam.png\"},{\"@type\":\"BreadcrumbList\",\"@id\":\"https:\\\/\\\/iapop.com\\\/es\\\/donations\\\/#breadcrumb\",\"itemListElement\":[{\"@type\":\"ListItem\",\"position\":1,\"name\":\"Home\",\"item\":\"https:\\\/\\\/iapop.com\\\/\"},{\"@type\":\"ListItem\",\"position\":2,\"name\":\"Donate to IAPOP\"}]},{\"@type\":\"WebSite\",\"@id\":\"http:\\\/\\\/iapop.com\\\/es\\\/#website\",\"url\":\"http:\\\/\\\/iapop.com\\\/es\\\/\",\"name\":\"IAPOP\",\"description\":\"Process Oriented Psychology\",\"publisher\":{\"@id\":\"http:\\\/\\\/iapop.com\\\/es\\\/#organization\"},\"potentialAction\":[{\"@type\":\"SearchAction\",\"target\":{\"@type\":\"EntryPoint\",\"urlTemplate\":\"http:\\\/\\\/iapop.com\\\/es\\\/?s={search_term_string}\"},\"query-input\":{\"@type\":\"PropertyValueSpecification\",\"valueRequired\":true,\"valueName\":\"search_term_string\"}}],\"inLanguage\":\"sk-SK\"},{\"@type\":\"Organization\",\"@id\":\"http:\\\/\\\/iapop.com\\\/es\\\/#organization\",\"name\":\"IAPOP\",\"url\":\"http:\\\/\\\/iapop.com\\\/es\\\/\",\"logo\":{\"@type\":\"ImageObject\",\"inLanguage\":\"sk-SK\",\"@id\":\"http:\\\/\\\/iapop.com\\\/es\\\/#\\\/schema\\\/logo\\\/image\\\/\",\"url\":\"https:\\\/\\\/iapop.com\\\/wp-content\\\/uploads\\\/2024\\\/12\\\/Logo-300x131-1.png\",\"contentUrl\":\"https:\\\/\\\/iapop.com\\\/wp-content\\\/uploads\\\/2024\\\/12\\\/Logo-300x131-1.png\",\"width\":300,\"height\":131,\"caption\":\"IAPOP\"},\"image\":{\"@id\":\"http:\\\/\\\/iapop.com\\\/es\\\/#\\\/schema\\\/logo\\\/image\\\/\"},\"sameAs\":[\"https:\\\/\\\/www.facebook.com\\\/processwork.iapop\"]}]}<\/script>\n<!-- \/ Yoast SEO plugin. -->","yoast_head_json":{"title":"Darujte IAPOP - IAPOP","robots":{"index":"index","follow":"follow","max-snippet":"max-snippet:-1","max-image-preview":"max-image-preview:large","max-video-preview":"max-video-preview:-1"},"canonical":"https:\/\/iapop.com\/sk\/donations\/","og_locale":"sk_SK","og_type":"article","og_title":"Donate to IAPOP - IAPOP","og_description":"IAPOP is an association of working professionals, students, practitioners, and researchers who are dedicated to advancements in Process Oriented Psychology, research, methods training and acquisition, and dissemination to individuals and [&hellip;]","og_url":"https:\/\/iapop.com\/sk\/donations\/","og_site_name":"IAPOP","article_publisher":"https:\/\/www.facebook.com\/processwork.iapop","article_modified_time":"2025-02-15T18:02:05+00:00","og_image":[{"url":"https:\/\/www.paypalobjects.com\/webstatic\/en_US\/i\/buttons\/cc-badges-ppppcmcvdam.png","type":"","width":"","height":""}],"twitter_card":"summary_large_image","twitter_misc":{"Predpokladan\u00fd \u010das \u010d\u00edtania":"2 min\u00faty"},"schema":{"@context":"https:\/\/schema.org","@graph":[{"@type":"WebPage","@id":"https:\/\/iapop.com\/es\/donations\/","url":"https:\/\/iapop.com\/es\/donations\/","name":"Darujte IAPOP - IAPOP","isPartOf":{"@id":"http:\/\/iapop.com\/es\/#website"},"primaryImageOfPage":{"@id":"https:\/\/iapop.com\/es\/donations\/#primaryimage"},"image":{"@id":"https:\/\/iapop.com\/es\/donations\/#primaryimage"},"thumbnailUrl":"https:\/\/www.paypalobjects.com\/webstatic\/en_US\/i\/buttons\/cc-badges-ppppcmcvdam.png","datePublished":"2024-11-29T16:57:36+00:00","dateModified":"2025-02-15T18:02:05+00:00","breadcrumb":{"@id":"https:\/\/iapop.com\/es\/donations\/#breadcrumb"},"inLanguage":"sk-SK","potentialAction":[{"@type":"ReadAction","target":["https:\/\/iapop.com\/es\/donations\/"]}]},{"@type":"ImageObject","inLanguage":"sk-SK","@id":"https:\/\/iapop.com\/es\/donations\/#primaryimage","url":"https:\/\/www.paypalobjects.com\/webstatic\/en_US\/i\/buttons\/cc-badges-ppppcmcvdam.png","contentUrl":"https:\/\/www.paypalobjects.com\/webstatic\/en_US\/i\/buttons\/cc-badges-ppppcmcvdam.png"},{"@type":"BreadcrumbList","@id":"https:\/\/iapop.com\/es\/donations\/#breadcrumb","itemListElement":[{"@type":"ListItem","position":1,"name":"Home","item":"https:\/\/iapop.com\/"},{"@type":"ListItem","position":2,"name":"Donate to IAPOP"}]},{"@type":"WebSite","@id":"http:\/\/iapop.com\/es\/#website","url":"http:\/\/iapop.com\/es\/","name":"IAPOP","description":"Procesne orientovan\u00e1 psychol\u00f3gia","publisher":{"@id":"http:\/\/iapop.com\/es\/#organization"},"potentialAction":[{"@type":"SearchAction","target":{"@type":"EntryPoint","urlTemplate":"http:\/\/iapop.com\/es\/?s={search_term_string}"},"query-input":{"@type":"PropertyValueSpecification","valueRequired":true,"valueName":"search_term_string"}}],"inLanguage":"sk-SK"},{"@type":"Organization","@id":"http:\/\/iapop.com\/es\/#organization","name":"IAPOP","url":"http:\/\/iapop.com\/es\/","logo":{"@type":"ImageObject","inLanguage":"sk-SK","@id":"http:\/\/iapop.com\/es\/#\/schema\/logo\/image\/","url":"https:\/\/iapop.com\/wp-content\/uploads\/2024\/12\/Logo-300x131-1.png","contentUrl":"https:\/\/iapop.com\/wp-content\/uploads\/2024\/12\/Logo-300x131-1.png","width":300,"height":131,"caption":"IAPOP"},"image":{"@id":"http:\/\/iapop.com\/es\/#\/schema\/logo\/image\/"},"sameAs":["https:\/\/www.facebook.com\/processwork.iapop"]}]}},"_links":{"self":[{"href":"https:\/\/iapop.com\/sk\/wp-json\/wp\/v2\/pages\/6630","targetHints":{"allow":["GET"]}}],"collection":[{"href":"https:\/\/iapop.com\/sk\/wp-json\/wp\/v2\/pages"}],"about":[{"href":"https:\/\/iapop.com\/sk\/wp-json\/wp\/v2\/types\/page"}],"author":[{"embeddable":true,"href":"https:\/\/iapop.com\/sk\/wp-json\/wp\/v2\/users\/250"}],"replies":[{"embeddable":true,"href":"https:\/\/iapop.com\/sk\/wp-json\/wp\/v2\/comments?post=6630"}],"version-history":[{"count":0,"href":"https:\/\/iapop.com\/sk\/wp-json\/wp\/v2\/pages\/6630\/revisions"}],"wp:attachment":[{"href":"https:\/\/iapop.com\/sk\/wp-json\/wp\/v2\/media?parent=6630"}],"curies":[{"name":"wp","href":"https:\/\/api.w.org\/{rel}","templated":true}]}}