{"id":7230,"date":"2025-02-17T09:01:59","date_gmt":"2025-02-17T09:01:59","guid":{"rendered":"https:\/\/test.iapop.com\/?page_id=7230"},"modified":"2025-09-01T10:50:35","modified_gmt":"2025-09-01T09:50:35","slug":"history","status":"publish","type":"page","link":"https:\/\/iapop.com\/sk\/history\/","title":{"rendered":"Z\u00e1klady procesnej pr\u00e1ce"},"content":{"rendered":"<h1 class=\"wp-block-post-title\">Z\u00e1klady procesnej pr\u00e1ce<\/h1>\n\n\n<p>Procesn\u00fa pr\u00e1cu vytvoril Arnold Mindell koncom 70. rokov 20. storo\u010dia, pri\u010dom p\u00f4vodne vych\u00e1dzal zo svojich sk\u00fasenost\u00ed jungovsk\u00e9ho analytika. Mindell si v\u0161imol, \u017ee no\u010dn\u00e9 sny jeho klientov \u010dasto odr\u00e1\u017eali ich fyzick\u00e9 z\u00e1\u017eitky a sympt\u00f3my. My\u0161lienku \"snenia\" roz\u0161\u00edril tak, aby zah\u0155\u0148ala jemn\u00e9 telesn\u00e9 pocity, fant\u00e1zie, spont\u00e1nne \u010dinnosti a sign\u00e1ly vyskytuj\u00face sa po\u010das interakci\u00ed, aj ke\u010f si ich \u013eudia nie s\u00fa plne vedom\u00ed.<br><br>Mindellovo vzdelanie v oblasti fyziky ho podnietilo vn\u00edma\u0165 tieto jemn\u00e9 z\u00e1\u017eitky ako sign\u00e1ly nes\u00face d\u00f4le\u017eit\u00e9 inform\u00e1cie. Toto \u0161ir\u0161ie vedomie nazval \"sn\u00edvan\u00edm\", ktor\u00e9 zah\u0155\u0148a vnemy, presved\u010denia a pocity, ktor\u00e9 zvy\u010dajne zost\u00e1vaj\u00fa mimo vedom\u00e9ho poznania.<br><br>Mindellova procesn\u00e1 pr\u00e1ca vznikla ako evol\u00facia jungovskej psychol\u00f3gie, ktor\u00e1 integruje sk\u00fasenosti tela a symetriu medzi jednotlivcom a kolekt\u00edvom ako interakt\u00edvnu ekol\u00f3giu. <\/p>\n\n\n\n<figure class=\"wp-block-image size-full\"><img loading=\"lazy\" decoding=\"async\" width=\"600\" height=\"400\" src=\"https:\/\/iapop.com\/wp-content\/uploads\/2025\/07\/dreambody.avif\" alt=\"\" class=\"wp-image-7769\" srcset=\"https:\/\/iapop.com\/wp-content\/uploads\/2025\/07\/dreambody.avif 600w, https:\/\/iapop.com\/wp-content\/uploads\/2025\/07\/dreambody-300x200.avif 300w, https:\/\/iapop.com\/wp-content\/uploads\/2025\/07\/dreambody-18x12.avif 18w\" sizes=\"auto, (max-width: 600px) 100vw, 600px\" \/><\/figure>\n\n\n\n<p><br><br>Hlavn\u00fdm pr\u00ednosom, ktor\u00fd Mindell predstavil, bol koncept \"snov\u00e9ho tela\", ktor\u00fd vn\u00edma sny a fyzick\u00e9 sympt\u00f3my ako \u00fazko prepojen\u00e9 prejavy hlb\u0161ieho, prebiehaj\u00faceho procesu. Toto \u0161ir\u0161ie ch\u00e1panie zd\u00f4raz\u0148uje, \u017ee v\u0161etky aspekty n\u00e1\u0161ho pre\u017e\u00edvania - du\u0161evn\u00e9, fyzick\u00e9 a emocion\u00e1lne - s\u00fa s\u00fa\u010das\u0165ou neust\u00e1le sa rozv\u00edjaj\u00faceho procesu.<br><br>\u00dastredn\u00fdm pojmom Mindellovho pr\u00edstupu sa stal samotn\u00fd pojem \"proces\", ktor\u00fd opisuje, ako sa sk\u00fasenosti ka\u017ed\u00e9ho jednotlivca prirodzene vyv\u00edjaj\u00fa v priebehu \u010dasu. V r\u00e1mci tohto dynamick\u00e9ho procesu Mindell rozli\u0161oval medzi \"prim\u00e1rnymi procesmi\", ktor\u00e9 s\u00fa zn\u00e1mymi aspektmi na\u0161ej identity, a \"sekund\u00e1rnymi procesmi\", ktor\u00e9 s\u00fa menej zn\u00e1me alebo dokonca cudzie n\u00e1\u0161mu vedomiu, ale nes\u00fa v sebe d\u00f4le\u017eit\u00fd potenci\u00e1l rastu a integr\u00e1cie.<br><br>Procesn\u00e1 pr\u00e1ca sa zameriava najm\u00e4 na identifik\u00e1ciu a pr\u00e1cu so sk\u00fasenos\u0165ami, ktor\u00e9 sa objavuj\u00fa prostredn\u00edctvom r\u00f4znych kan\u00e1lov vn\u00edmania. Niektor\u00e9 sk\u00fasenosti s\u00fa \u013eahko rozpoznate\u013en\u00e9 a integrovan\u00e9, zatia\u013e \u010do in\u00e9 zost\u00e1vaj\u00fa jemn\u00e9 alebo skryt\u00e9 a h\u013eadaj\u00fa uvedomenie a integr\u00e1ciu. Jemn\u00fdm zapojen\u00edm t\u00fdchto menej zn\u00e1mych aspektov sk\u00fasenost\u00ed praktizuj\u00faci u\u013eah\u010duj\u00fa hlb\u0161ie uvedomenie a osobn\u00fa transform\u00e1ciu.<\/p>\n\n\n\n<h2 class=\"wp-block-heading\"><strong>Roz\u0161irovanie povedomia: Od sn\u00edvania k rozv\u00edjaniu<\/strong><\/h2>\n\n\n\n<figure class=\"wp-block-image size-full\"><img loading=\"lazy\" decoding=\"async\" width=\"600\" height=\"400\" src=\"https:\/\/iapop.com\/wp-content\/uploads\/2025\/07\/unfolding.avif\" alt=\"\" class=\"wp-image-7770\" srcset=\"https:\/\/iapop.com\/wp-content\/uploads\/2025\/07\/unfolding.avif 600w, https:\/\/iapop.com\/wp-content\/uploads\/2025\/07\/unfolding-300x200.avif 300w, https:\/\/iapop.com\/wp-content\/uploads\/2025\/07\/unfolding-18x12.avif 18w\" sizes=\"auto, (max-width: 600px) 100vw, 600px\" \/><\/figure>\n\n\n\n<p>Aby pomohol jednotlivcom presk\u00fama\u0165 a integrova\u0165 tieto jemn\u00e9 sk\u00fasenosti, Mindell vyvinul met\u00f3du naz\u00fdvan\u00fa \"rozv\u00edjanie\". Vych\u00e1dzal z jungovsk\u00e9ho zosilnenia, tradi\u010dn\u00e9ho v\u00fdkladu snov a akt\u00edvnej imagin\u00e1cie a pridal praktiky, ktor\u00e9 priamo zap\u00e1jaj\u00fa telo a fyzick\u00fd pohyb. Rozv\u00edjanie ovplyvnen\u00e9 taoizmom a v\u00fdchodn\u00fdmi filozofiami - ktor\u00e9 zd\u00f4raz\u0148uj\u00fa prirodzen\u00fd tok a spont\u00e1nnos\u0165 - ako aj vad\u017eraj\u00e1nov\u00fdm budhizmom, \u0161amanizmom a modernou fyzikou podporuje hlbok\u00e9 sk\u00famanie z\u00e1\u017eitkov z viacer\u00fdch perspekt\u00edv vr\u00e1tane fyzick\u00fdch pocitov, emocion\u00e1lnych stavov, medzi\u013eudsk\u00fdch vz\u0165ahov a spolo\u010densk\u00fdch s\u00favislost\u00ed.<\/p>\n\n\n\n<p>Mindell zaviedol \u010fal\u0161\u00ed v\u00fdznamn\u00fd pojem zn\u00e1my ako \"hrany\", ktor\u00e9 predstavuj\u00fa psychologick\u00e9 bari\u00e9ry alebo hranice pre uvedomenie a osobn\u00fd rast. Hrany pom\u00e1haj\u00fa odborn\u00edkom pochopi\u0165, kde jednotlivci alebo skupiny nar\u00e1\u017eaj\u00fa na odpor alebo bloky vo svojom rozvoji. Pr\u00e1ca s t\u00fdmito hranami pom\u00e1ha podporova\u0165 transform\u00e1ciu a sebauvedomenie.<\/p>\n\n\n\n<h2 class=\"wp-block-heading\"><strong>Svetov\u00e1 pr\u00e1ca: Uplat\u0148ovanie procesnej pr\u00e1ce v skupin\u00e1ch a komunit\u00e1ch<\/strong><\/h2>\n\n\n\n<figure class=\"wp-block-image size-full\"><img loading=\"lazy\" decoding=\"async\" width=\"600\" height=\"400\" src=\"https:\/\/iapop.com\/wp-content\/uploads\/2025\/07\/worldwork.avif\" alt=\"\" class=\"wp-image-7771\" srcset=\"https:\/\/iapop.com\/wp-content\/uploads\/2025\/07\/worldwork.avif 600w, https:\/\/iapop.com\/wp-content\/uploads\/2025\/07\/worldwork-300x200.avif 300w, https:\/\/iapop.com\/wp-content\/uploads\/2025\/07\/worldwork-18x12.avif 18w\" sizes=\"auto, (max-width: 600px) 100vw, 600px\" \/><\/figure>\n\n\n\n<p>V 80. rokoch minul\u00e9ho storo\u010dia Mindell a jeho kolegovia urobili v\u00fdznamn\u00fd prelom, ke\u010f uznali, \u017ee skupiny, organiz\u00e1cie a komunity maj\u00fa rovnak\u00fa podstatu procesov ako jednotlivci. Tak ako maj\u00fa jednotlivci zn\u00e1mej\u0161ie, reprezentovan\u00e9 \u010dasti svojej identity (prim\u00e1rne procesy) a menej zn\u00e1me, menej integrovan\u00e9 aspekty (sekund\u00e1rne procesy), aj skupiny steles\u0148uj\u00fa tieto prim\u00e1rne a sekund\u00e1rne dimenzie. <br>Facilit\u00e1cia skupiny sa v\u010faka tomuto poznaniu stala silnej\u0161ou, preto\u017ee facilit\u00e1tori si uvedomili, \u017ee m\u00f4\u017eu vyu\u017ei\u0165 svoje vlastn\u00e9 uvedomenie - tak vonkaj\u0161ej skupinovej dynamiky, ako aj vn\u00fatorn\u00fdch osobn\u00fdch procesov - na to, aby viedli uvedomenie skupiny k prijatiu t\u00fdchto sekund\u00e1rnych, menej uzn\u00e1van\u00fdch \u010dast\u00ed. Tento pr\u00edstup, nazvan\u00fd \"pr\u00e1ca vo svete\", sa stal vplyvn\u00fdm r\u00e1mcom na rie\u0161enie kolekt\u00edvnych procesov, rie\u0161enie konfliktov, budovanie komunity a soci\u00e1lnu transform\u00e1ciu.<\/p>\n\n\n\n<h2 class=\"wp-block-heading\"><strong>Ako sa dnes pou\u017e\u00edva procesn\u00e1 pr\u00e1ca<\/strong><\/h2>\n\n\n\n<p>Procesne orientovan\u00e1 psychol\u00f3gia alebo procesn\u00e1 pr\u00e1ca sa stala v\u0161eobecne cenenou pre svoju praktick\u00fa v\u0161estrannos\u0165 vo viacer\u00fdch oblastiach. Vo svojej podstate procesn\u00e1 pr\u00e1ca zd\u00f4raz\u0148uje vn\u00edmanie ka\u017edej sk\u00fasenosti - \u010di u\u017e ide o jemn\u00e9 pocity, fyzick\u00e9 sympt\u00f3my, sny, emocion\u00e1lne stavy, medzi\u013eudsk\u00e9 konflikty alebo soci\u00e1lne nap\u00e4tie - ako prirodzene hodnotnej a zmysluplnej. Praktizuj\u00faci vyu\u017e\u00edvaj\u00fa t\u00fato perspekt\u00edvu na to, aby sa hlboko zaoberali t\u00fdmito sk\u00fasenos\u0165ami, odha\u013eovali vh\u013eady a podporovali transforma\u010dn\u00fd rast.<\/p>\n\n\n\n<p>V psychoterapii vedie procesn\u00e1 pr\u00e1ca jednotlivcov cez zlo\u017eit\u00e9 emocion\u00e1lne krajiny a pom\u00e1ha im integrova\u0165 jemn\u00e9 pocity a nevyrie\u0161en\u00e9 nap\u00e4tia. V prostred\u00ed du\u0161evn\u00e9ho zdravia odborn\u00edci podporuj\u00fa klientov, ktor\u00ed prech\u00e1dzaj\u00fa zmenen\u00fdmi stavmi, z\u00e1va\u017en\u00fdmi emocion\u00e1lnymi poruchami a dokonca stavmi k\u00f3my, pri\u010dom uzn\u00e1vaj\u00fa zmyslupln\u00fa povahu t\u00fdchto n\u00e1ro\u010dn\u00fdch z\u00e1\u017eitkov.<\/p>\n\n\n\n<p>V organiza\u010dnom kontexte met\u00f3dy procesnej pr\u00e1ce u\u013eah\u010duj\u00fa dial\u00f3g a uvedomenie, rie\u0161ia z\u00e1kladn\u00e9 probl\u00e9my a podporuj\u00fa udr\u017eate\u013en\u00fd rast a rozvoj. Iniciat\u00edvy na rie\u0161enie konfliktov a budovanie mieru vyu\u017e\u00edvaj\u00fa princ\u00edpy hlbokej demokracie, \u010d\u00edm sa zabezpe\u010duj\u00fa inkluz\u00edvne a transforma\u010dn\u00e9 v\u00fdsledky. Projekty budovania komunity vyu\u017e\u00edvaj\u00fa siln\u00e9 str\u00e1nky Process Work na podporu multikult\u00farnych dial\u00f3gov a posil\u0148uj\u00fa skuto\u010dn\u00e9 spojenie a porozumenie medzi r\u00f4znymi skupinami.<\/p>\n\n\n\n<p>Okrem toho procesn\u00e1 pr\u00e1ca obohacuje umeleck\u00fd prejav t\u00fdm, \u017ee povzbudzuje umelcov, aby sk\u00famali jemn\u00e9 a predt\u00fdm nepoznan\u00e9 rozmery svojich tvoriv\u00fdch procesov, \u010d\u00edm sa zvy\u0161uje umeleck\u00e1 h\u013abka a autenticita. Z\u00e1kladn\u00fd z\u00e1v\u00e4zok k hlbokej demokracii zabezpe\u010duje, \u017ee v\u0161etky hlasy a sk\u00fasenosti prispievaj\u00fa ku komplexnej transform\u00e1cii.<\/p>\n\n\n\n<p><\/p>","protected":false},"excerpt":{"rendered":"<p>Process Work was created by Arnold Mindell in the late 1970s, originally stemming from his experiences as a Jungian analyst. Mindell noticed that his clients&#8217; nighttime dreams often mirrored their [&hellip;]<\/p>\n","protected":false},"author":250,"featured_media":0,"parent":0,"menu_order":0,"comment_status":"closed","ping_status":"closed","template":"","meta":{"_EventAllDay":false,"_EventTimezone":"","_EventStartDate":"","_EventEndDate":"","_EventStartDateUTC":"","_EventEndDateUTC":"","_EventShowMap":false,"_EventShowMapLink":false,"_EventURL":"","_EventCost":"","_EventCostDescription":"","_EventCurrencySymbol":"","_EventCurrencyCode":"","_EventCurrencyPosition":"","_EventDateTimeSeparator":"","_EventTimeRangeSeparator":"","_EventOrganizerID":[],"_EventVenueID":[],"_OrganizerEmail":"","_OrganizerPhone":"","_OrganizerWebsite":"","_VenueAddress":"","_VenueCity":"","_VenueCountry":"","_VenueProvince":"","_VenueState":"","_VenueZip":"","_VenuePhone":"","_VenueURL":"","_VenueStateProvince":"","_VenueLat":"","_VenueLng":"","_VenueShowMap":false,"_VenueShowMapLink":false,"footnotes":""},"class_list":["post-7230","page","type-page","status-publish","hentry"],"yoast_head":"<!-- This site is optimized with the Yoast SEO plugin v27.3 - https:\/\/yoast.com\/product\/yoast-seo-wordpress\/ -->\n<title>Foundations of Process Work - IAPOP<\/title>\n<meta name=\"robots\" content=\"index, follow, max-snippet:-1, max-image-preview:large, max-video-preview:-1\" \/>\n<link rel=\"canonical\" href=\"https:\/\/iapop.com\/sk\/history\/\" \/>\n<meta property=\"og:locale\" content=\"sk_SK\" \/>\n<meta property=\"og:type\" content=\"article\" \/>\n<meta property=\"og:title\" content=\"Foundations of Process Work - IAPOP\" \/>\n<meta property=\"og:description\" content=\"Process Work was created by Arnold Mindell in the late 1970s, originally stemming from his experiences as a Jungian analyst. Mindell noticed that his clients&#8217; nighttime dreams often mirrored their [&hellip;]\" \/>\n<meta property=\"og:url\" content=\"https:\/\/iapop.com\/sk\/history\/\" \/>\n<meta property=\"og:site_name\" content=\"IAPOP\" \/>\n<meta property=\"article:publisher\" content=\"https:\/\/www.facebook.com\/processwork.iapop\" \/>\n<meta property=\"article:modified_time\" content=\"2025-09-01T09:50:35+00:00\" \/>\n<meta property=\"og:image\" content=\"https:\/\/iapop.com\/wp-content\/uploads\/2025\/07\/dreambody.avif\" \/>\n\t<meta property=\"og:image:width\" content=\"600\" \/>\n\t<meta property=\"og:image:height\" content=\"400\" \/>\n\t<meta property=\"og:image:type\" content=\"image\/png\" \/>\n<meta name=\"twitter:card\" content=\"summary_large_image\" \/>\n<meta name=\"twitter:label1\" content=\"Predpokladan\u00fd \u010das \u010d\u00edtania\" \/>\n\t<meta name=\"twitter:data1\" content=\"4 min\u00faty\" \/>\n<script type=\"application\/ld+json\" class=\"yoast-schema-graph\">{\"@context\":\"https:\\\/\\\/schema.org\",\"@graph\":[{\"@type\":\"WebPage\",\"@id\":\"https:\\\/\\\/iapop.com\\\/history\\\/\",\"url\":\"https:\\\/\\\/iapop.com\\\/history\\\/\",\"name\":\"Foundations of Process Work - IAPOP\",\"isPartOf\":{\"@id\":\"http:\\\/\\\/iapop.com\\\/es\\\/#website\"},\"primaryImageOfPage\":{\"@id\":\"https:\\\/\\\/iapop.com\\\/history\\\/#primaryimage\"},\"image\":{\"@id\":\"https:\\\/\\\/iapop.com\\\/history\\\/#primaryimage\"},\"thumbnailUrl\":\"https:\\\/\\\/iapop.com\\\/wp-content\\\/uploads\\\/2025\\\/07\\\/dreambody.avif\",\"datePublished\":\"2025-02-17T09:01:59+00:00\",\"dateModified\":\"2025-09-01T09:50:35+00:00\",\"breadcrumb\":{\"@id\":\"https:\\\/\\\/iapop.com\\\/history\\\/#breadcrumb\"},\"inLanguage\":\"sk-SK\",\"potentialAction\":[{\"@type\":\"ReadAction\",\"target\":[\"https:\\\/\\\/iapop.com\\\/history\\\/\"]}]},{\"@type\":\"ImageObject\",\"inLanguage\":\"sk-SK\",\"@id\":\"https:\\\/\\\/iapop.com\\\/history\\\/#primaryimage\",\"url\":\"https:\\\/\\\/iapop.com\\\/wp-content\\\/uploads\\\/2025\\\/07\\\/dreambody.avif\",\"contentUrl\":\"https:\\\/\\\/iapop.com\\\/wp-content\\\/uploads\\\/2025\\\/07\\\/dreambody.avif\"},{\"@type\":\"BreadcrumbList\",\"@id\":\"https:\\\/\\\/iapop.com\\\/history\\\/#breadcrumb\",\"itemListElement\":[{\"@type\":\"ListItem\",\"position\":1,\"name\":\"Home\",\"item\":\"https:\\\/\\\/iapop.com\\\/\"},{\"@type\":\"ListItem\",\"position\":2,\"name\":\"Foundations of Process Work\"}]},{\"@type\":\"WebSite\",\"@id\":\"http:\\\/\\\/iapop.com\\\/es\\\/#website\",\"url\":\"http:\\\/\\\/iapop.com\\\/es\\\/\",\"name\":\"IAPOP\",\"description\":\"Process Oriented Psychology\",\"publisher\":{\"@id\":\"http:\\\/\\\/iapop.com\\\/es\\\/#organization\"},\"potentialAction\":[{\"@type\":\"SearchAction\",\"target\":{\"@type\":\"EntryPoint\",\"urlTemplate\":\"http:\\\/\\\/iapop.com\\\/es\\\/?s={search_term_string}\"},\"query-input\":{\"@type\":\"PropertyValueSpecification\",\"valueRequired\":true,\"valueName\":\"search_term_string\"}}],\"inLanguage\":\"sk-SK\"},{\"@type\":\"Organization\",\"@id\":\"http:\\\/\\\/iapop.com\\\/es\\\/#organization\",\"name\":\"IAPOP\",\"url\":\"http:\\\/\\\/iapop.com\\\/es\\\/\",\"logo\":{\"@type\":\"ImageObject\",\"inLanguage\":\"sk-SK\",\"@id\":\"http:\\\/\\\/iapop.com\\\/es\\\/#\\\/schema\\\/logo\\\/image\\\/\",\"url\":\"https:\\\/\\\/iapop.com\\\/wp-content\\\/uploads\\\/2024\\\/12\\\/Logo-300x131-1.png\",\"contentUrl\":\"https:\\\/\\\/iapop.com\\\/wp-content\\\/uploads\\\/2024\\\/12\\\/Logo-300x131-1.png\",\"width\":300,\"height\":131,\"caption\":\"IAPOP\"},\"image\":{\"@id\":\"http:\\\/\\\/iapop.com\\\/es\\\/#\\\/schema\\\/logo\\\/image\\\/\"},\"sameAs\":[\"https:\\\/\\\/www.facebook.com\\\/processwork.iapop\"]}]}<\/script>\n<!-- \/ Yoast SEO plugin. -->","yoast_head_json":{"title":"Z\u00e1klady procesnej pr\u00e1ce - IAPOP","robots":{"index":"index","follow":"follow","max-snippet":"max-snippet:-1","max-image-preview":"max-image-preview:large","max-video-preview":"max-video-preview:-1"},"canonical":"https:\/\/iapop.com\/sk\/history\/","og_locale":"sk_SK","og_type":"article","og_title":"Foundations of Process Work - IAPOP","og_description":"Process Work was created by Arnold Mindell in the late 1970s, originally stemming from his experiences as a Jungian analyst. Mindell noticed that his clients&#8217; nighttime dreams often mirrored their [&hellip;]","og_url":"https:\/\/iapop.com\/sk\/history\/","og_site_name":"IAPOP","article_publisher":"https:\/\/www.facebook.com\/processwork.iapop","article_modified_time":"2025-09-01T09:50:35+00:00","og_image":[{"width":600,"height":400,"url":"https:\/\/iapop.com\/wp-content\/uploads\/2025\/07\/dreambody.avif","type":"image\/png"}],"twitter_card":"summary_large_image","twitter_misc":{"Predpokladan\u00fd \u010das \u010d\u00edtania":"4 min\u00faty"},"schema":{"@context":"https:\/\/schema.org","@graph":[{"@type":"WebPage","@id":"https:\/\/iapop.com\/history\/","url":"https:\/\/iapop.com\/history\/","name":"Z\u00e1klady procesnej pr\u00e1ce - IAPOP","isPartOf":{"@id":"http:\/\/iapop.com\/es\/#website"},"primaryImageOfPage":{"@id":"https:\/\/iapop.com\/history\/#primaryimage"},"image":{"@id":"https:\/\/iapop.com\/history\/#primaryimage"},"thumbnailUrl":"https:\/\/iapop.com\/wp-content\/uploads\/2025\/07\/dreambody.avif","datePublished":"2025-02-17T09:01:59+00:00","dateModified":"2025-09-01T09:50:35+00:00","breadcrumb":{"@id":"https:\/\/iapop.com\/history\/#breadcrumb"},"inLanguage":"sk-SK","potentialAction":[{"@type":"ReadAction","target":["https:\/\/iapop.com\/history\/"]}]},{"@type":"ImageObject","inLanguage":"sk-SK","@id":"https:\/\/iapop.com\/history\/#primaryimage","url":"https:\/\/iapop.com\/wp-content\/uploads\/2025\/07\/dreambody.avif","contentUrl":"https:\/\/iapop.com\/wp-content\/uploads\/2025\/07\/dreambody.avif"},{"@type":"BreadcrumbList","@id":"https:\/\/iapop.com\/history\/#breadcrumb","itemListElement":[{"@type":"ListItem","position":1,"name":"Home","item":"https:\/\/iapop.com\/"},{"@type":"ListItem","position":2,"name":"Foundations of Process Work"}]},{"@type":"WebSite","@id":"http:\/\/iapop.com\/es\/#website","url":"http:\/\/iapop.com\/es\/","name":"IAPOP","description":"Procesne orientovan\u00e1 psychol\u00f3gia","publisher":{"@id":"http:\/\/iapop.com\/es\/#organization"},"potentialAction":[{"@type":"SearchAction","target":{"@type":"EntryPoint","urlTemplate":"http:\/\/iapop.com\/es\/?s={search_term_string}"},"query-input":{"@type":"PropertyValueSpecification","valueRequired":true,"valueName":"search_term_string"}}],"inLanguage":"sk-SK"},{"@type":"Organization","@id":"http:\/\/iapop.com\/es\/#organization","name":"IAPOP","url":"http:\/\/iapop.com\/es\/","logo":{"@type":"ImageObject","inLanguage":"sk-SK","@id":"http:\/\/iapop.com\/es\/#\/schema\/logo\/image\/","url":"https:\/\/iapop.com\/wp-content\/uploads\/2024\/12\/Logo-300x131-1.png","contentUrl":"https:\/\/iapop.com\/wp-content\/uploads\/2024\/12\/Logo-300x131-1.png","width":300,"height":131,"caption":"IAPOP"},"image":{"@id":"http:\/\/iapop.com\/es\/#\/schema\/logo\/image\/"},"sameAs":["https:\/\/www.facebook.com\/processwork.iapop"]}]}},"_links":{"self":[{"href":"https:\/\/iapop.com\/sk\/wp-json\/wp\/v2\/pages\/7230","targetHints":{"allow":["GET"]}}],"collection":[{"href":"https:\/\/iapop.com\/sk\/wp-json\/wp\/v2\/pages"}],"about":[{"href":"https:\/\/iapop.com\/sk\/wp-json\/wp\/v2\/types\/page"}],"author":[{"embeddable":true,"href":"https:\/\/iapop.com\/sk\/wp-json\/wp\/v2\/users\/250"}],"replies":[{"embeddable":true,"href":"https:\/\/iapop.com\/sk\/wp-json\/wp\/v2\/comments?post=7230"}],"version-history":[{"count":2,"href":"https:\/\/iapop.com\/sk\/wp-json\/wp\/v2\/pages\/7230\/revisions"}],"predecessor-version":[{"id":7877,"href":"https:\/\/iapop.com\/sk\/wp-json\/wp\/v2\/pages\/7230\/revisions\/7877"}],"wp:attachment":[{"href":"https:\/\/iapop.com\/sk\/wp-json\/wp\/v2\/media?parent=7230"}],"curies":[{"name":"wp","href":"https:\/\/api.w.org\/{rel}","templated":true}]}}