{"id":7245,"date":"2025-02-17T10:50:20","date_gmt":"2025-02-17T10:50:20","guid":{"rendered":"https:\/\/test.iapop.com\/?page_id=7245"},"modified":"2025-11-15T07:40:38","modified_gmt":"2025-11-15T07:40:38","slug":"training-centers","status":"publish","type":"page","link":"https:\/\/iapop.com\/sk\/training-centers\/","title":{"rendered":"\u0160koly s \u00farov\u0148ou diplomu"},"content":{"rendered":"<h1 class=\"wp-block-post-title\">\u0160koly s \u00farov\u0148ou diplomu<\/h1>\n\n\n<h2 class=\"wp-block-heading\">\u0160kolenie zameran\u00e9 na procesn\u00fa psychol\u00f3giu<\/h2>\n\n\n\n<p>\u0160kolenie v oblasti procesne orientovanej psychol\u00f3gie sp\u00e1ja glob\u00e1lnu sie\u0165 vzdel\u00e1vac\u00edch pr\u00edle\u017eitost\u00ed - od kr\u00e1tkych, cielen\u00fdch semin\u00e1rov a\u017e po d\u00f4kladn\u00fa kvalifik\u00e1ciu na \u00farovni diplomu. Zatia\u013e \u010do v na\u0161ej ponuke n\u00e1jdete mno\u017estvo kurzov sk\u00famaj\u00facich \u0161pecifick\u00e9 aspekty procesnej pr\u00e1ce <a href=\"https:\/\/iapop.com\/sk\/directory\/\">Adres\u00e1r<\/a> a <a href=\"https:\/\/iapop.com\/sk\/events\/\">Nadch\u00e1dzaj\u00face podujatia<\/a> Tento zoznam upozor\u0148uje na \u0161koly, programy a \u0161koliace stredisk\u00e1 Process Work s \u00faplnou pr\u00edslu\u0161nos\u0165ou k IAPOP. Ka\u017ed\u00fd z t\u00fdchto programov pon\u00faka komplexn\u00fa kvalifik\u00e1ciu na \u00farovni diplomu. Tieto programy procesnej pr\u00e1ce sa nach\u00e1dzaj\u00fa na glob\u00e1lnom severe a glob\u00e1lnom juhu a dodr\u017eiavaj\u00fa pr\u00edsne \u0161tandardy so \u0161trukt\u00farovan\u00fdmi u\u010debn\u00fdmi osnovami, ktor\u00e9 s\u00fa navrhnut\u00e9 tak, aby ste z\u00edskali kvalifik\u00e1ciu diplomanta procesnej pr\u00e1ce - najvy\u0161\u0161iu kvalifik\u00e1ciu, ak\u00fa je mo\u017en\u00e9 dosiahnu\u0165 v procesne orientovanej psychol\u00f3gii.  Ni\u017e\u0161ie uv\u00e1dzame zoznam centier a in\u0161tit\u00fatov, v ktor\u00fdch m\u00f4\u017eete z\u00edska\u0165 kvalifik\u00e1ciu na \u00farovni diplomata v oblasti procesnej pr\u00e1ce, ktor\u00e9 s\u00fa pridru\u017een\u00e9 k IAPOP.  <\/p>\n\n\n\n<p>Na odkazoch pre jednotliv\u00e9 \u0161koly n\u00e1jdete ponuku verejn\u00fdch programov. <\/p>\n\n\n\n<p>Absolventi t\u00fdchto programov maj\u00fa n\u00e1rok na \u010dlenstvo v IAPOP <\/p>\n\n\n\n<p><\/p>\n\n\n\n<figure class=\"wp-block-table datatable-init is-style-regular\"><table class=\"has-fixed-layout\"><thead><tr><th>\u0160KOLA<\/th><th>KRAJINA<\/th><th>WEBOV\u00c1 STR\u00c1NKA<\/th><th>PROGRAMY<\/th><\/tr><\/thead><tbody><tr><td><strong>Arte del Processo e Democrazia Profonda<\/strong><\/td><td>Taliansko<\/td><td><a href=\"https:\/\/processworkitalia.com\/\" target=\"_blank\" rel=\"noreferrer noopener nofollow\">processworkitalia.com<\/a><\/td><td>Diplom<\/td><\/tr><tr><td><strong>Austr\u00e1lsko-novoz\u00e9landsk\u00e1 procesne orientovan\u00e1 psychol\u00f3gia (ANZPOP)<\/strong>)<\/td><td>Austr\u00e1lia\/NZ<\/td><td><a href=\"https:\/\/anzpop.org\/\" target=\"_blank\" rel=\"noreferrer noopener nofollow\">anzpop.org<\/a><\/td><td>Diplom<\/td><\/tr><tr><td><strong>In\u0161tit\u00fat hlbokej demokracie<\/strong> <strong>Medzin\u00e1rodn\u00e9<\/strong> (<strong>DDII<\/strong>)<\/td><td>Egypt, Irak, Eur\u00f3pa, Rusko, Mjanmarsko, Vietnam, Ukrajina<\/td><td><a href=\"https:\/\/deepdemocracyinstitute.org\/\" target=\"_blank\" rel=\"noreferrer noopener nofollow\">deepdemocracyinstitute.org<\/a><br><br><a href=\"https:\/\/deepdemocracydiploma.com\">https:\/\/deepdemocracydiploma.com<\/a> <br><a href=\"https:\/\/ddi.in.ua\" target=\"_blank\" rel=\"noreferrer noopener nofollow\">ddi.in.ua<\/a><\/td><td>Diplom<\/td><\/tr><tr><td><strong> DDI Ke\u0148a<\/strong><\/td><td>Ke\u0148a<\/td><td><a href=\"https:\/\/www.facebook.com\/DDI.Kenya\/\">https:\/\/www.facebook.com\/DDI.Kenya\/<\/a> <\/td><td>Diplom<\/td><\/tr><tr><td><strong>DDI Thajsko<\/strong><\/td><td>Thajsko <\/td><td><a href=\"https:\/\/www.facebook.com\/DeepDemocracyInstitueThailand\/\">https:\/\/www.facebook.com\/DeepDemocracyInstitueThailand\/<\/a> <br><\/td><td>Diplom<\/td><\/tr><tr><td><strong>Institut f\u00fcr Prozessarbeit (IPA)<\/strong><\/td><td>\u0160vaj\u010diarsko<\/td><td><a href=\"https:\/\/www.institut-prozessarbeit.ch\" target=\"_blank\" rel=\"noreferrer noopener nofollow\">institut-prozessarbeit.ch<\/a><\/td><td>Diplom<\/td><\/tr><tr><td><strong>Institut f\u00fcr Prozessarbeit Deutschland (In\u0161tit\u00fat pre procesn\u00fa pr\u00e1cu Nemecko)<\/strong><\/td><td>Nemecko<\/td><td><a href=\"https:\/\/institut-prozessarbeit.de\/\" target=\"_blank\" rel=\"noreferrer noopener nofollow\">institut-prozessarbeit.de<\/a><\/td><td>Diplom<\/td><\/tr><tr><td><strong>Institut procesove orientovane prace (In\u0161tit\u00fat procesne orientovanej psychol\u00f3gie)<\/strong><\/td><td>\u010cesko<\/td><td><a href=\"https:\/\/www.processwork.cz\" target=\"_blank\" rel=\"noreferrer noopener nofollow\">processwork.cz<\/a><\/td><td>Diplom<\/td><\/tr><tr><td><strong>Instituto de Trabajo de Procesos y Democracia Profunda<\/strong><\/td><td>\u0160panielsko<\/td><td><a href=\"https:\/\/www.trabajodeprocesos.net\" target=\"_blank\" rel=\"noreferrer noopener nofollow\">trabajodeprocesos.net<\/a><\/td><td>Diplom<\/td><\/tr><tr><td><strong>In\u0161tit\u00fat psychol\u00f3gie Procesu<\/strong><\/td><td>Po\u013esko<\/td><td><a href=\"https:\/\/processwork.pl\/\" target=\"_blank\" rel=\"noreferrer noopener nofollow\">processwork.pl<\/a><\/td><td>Diplom<\/td><\/tr><tr><td><strong>Medzin\u00e1rodn\u00e9 centrum pre pr\u00e1cu s procesmi (ICPW)<\/strong><\/td><td>Rusko<\/td><td><a href=\"https:\/\/www.processwork.pro\/\" target=\"_blank\" rel=\"noreferrer noopener nofollow\">processwork.pro<\/a><\/td><td>Diplom<\/td><\/tr><tr><td><strong>International School Of Processwork Russia (ISPWR)<\/strong><\/td><td>Rusko<\/td><td><a href=\"https:\/\/mipopp.com\/\" target=\"_blank\" rel=\"noreferrer noopener nofollow\">mipopp.com<\/a><\/td><td>Diplom<\/td><\/tr><tr><td><strong>Japonsk\u00e9 procesn\u00e9 pracovn\u00e9 centrum<\/strong><\/td><td>Japonsko<\/td><td><a href=\"https:\/\/jpwc.or.jp\" target=\"_blank\" rel=\"noreferrer noopener nofollow\">jpwc.or.jp<\/a><\/td><td>Diplom<\/td><\/tr><tr><td><strong>Procesne orientovan\u00fd in\u0161tit\u00fat Slovensko, POPI-Slovensko<\/strong><\/td><td>Slovensko<\/td><td><a href=\"https:\/\/www.processwork.sk\" target=\"_blank\" rel=\"noreferrer noopener nofollow\">processwork.sk<\/a><\/td><td>Diplom<\/td><\/tr><tr><td><strong>Procesn\u00e9 pracovn\u00e9 centrum Hawai'i<\/strong><\/td><td>USA<\/td><td><a href=\"https:\/\/processworkcenterofhawaii.com\" target=\"_blank\" rel=\"noreferrer noopener nofollow\">processworkcenterofhawaii.com<\/a><\/td><td>Diplom<\/td><\/tr><tr><td><strong>In\u0161tit\u00fat procesnej pr\u00e1ce Litva<\/strong><\/td><td>Litva<\/td><td><a href=\"https:\/\/pwi.lt\" target=\"_blank\" rel=\"noreferrer noopener nofollow\">pwi.lt<\/a><\/td><td>Diplom<\/td><\/tr><tr><td><strong>In\u0161tit\u00fat pre procesn\u00fa pr\u00e1cu v Indii<\/strong><\/td><td>India<\/td><td><a href=\"https:\/\/www.processworkindia.com\/\" target=\"_blank\" rel=\"noreferrer noopener nofollow\">processworkindia.com<\/a><\/td><td>V procese z\u00edskavania diplomu<\/td><\/tr><tr><td><strong>In\u0161tit\u00fat procesnej pr\u00e1ce, Portland<\/strong><\/td><td>USA<\/td><td><a href=\"https:\/\/www.processworkuk.org\/\" target=\"_blank\" rel=\"noreferrer noopener nofollow\">processwork.edu<\/a><\/td><td>Diplom<\/td><\/tr><tr><td><strong>\u0160tudijn\u00e9 centrum pre procesn\u00fa pr\u00e1cu (Studioum Psychologii Procesu - SPP)<\/strong><\/td><td>Po\u013esko<\/td><td><a href=\"https:\/\/fundacjaspp.pl\/\" target=\"_blank\" rel=\"noreferrer noopener nofollow\">fundacjaspp.pl<\/a><\/td><td>Diplom<\/td><\/tr><tr><td><strong>Procesn\u00e9 centrum<\/strong><\/td><td>Gr\u00e9cko<\/td><td><a href=\"https:\/\/processworkhub.gr\/diploma-sto-processwork.htm\" target=\"_blank\" rel=\"noreferrer noopener nofollow\">processworkhub.gr<\/a><\/td><td>Diplom<\/td><\/tr><tr><td><strong>PW Izrael<\/strong><\/td><td>Izrael<\/td><td><\/td><td>Diplom<\/td><\/tr><tr><td><strong>V\u00fdskumn\u00e1 spolo\u010dnos\u0165 pre procesne orientovan\u00fa psychol\u00f3giu, Processwork UK<\/strong><\/td><td>UK<\/td><td><a href=\"https:\/\/www.processworkuk.org\/\" target=\"_blank\" rel=\"noreferrer noopener nofollow\">processworkuk.org<\/a><\/td><td>Diplom<\/td><\/tr><tr><td><strong>\u0160vaj\u010diarsko-rusk\u00e1 \u0161kola pre procesn\u00fa pr\u00e1cu<\/strong><\/td><td>\u0160vaj\u010diarsko, Rusko<\/td><td><a href=\"https:\/\/pw-center.ru\/\" target=\"_blank\" rel=\"noreferrer noopener nofollow\">pw-center.ru<\/a><\/td><td>Diplom<\/td><\/tr><\/tbody><\/table><\/figure>\n\n\n\n<div class=\"wp-block-group is-nowrap is-layout-flex wp-container-core-group-is-layout-6c531013 wp-block-group-is-layout-flex\">\n<h2 class=\"wp-block-heading\">Certifika\u010dn\u00e9 kurzy pridru\u017een\u00e9 k IAPOP <\/h2>\n\n\n\n<h2 class=\"wp-block-heading\">U\u017e \u010doskoro!!<\/h2>\n<\/div>\n\n\n\n<h3 class=\"wp-block-heading\">Trojro\u010dn\u00e1 odborn\u00e1 pr\u00edprava na pr\u00e1cu s procesmi <\/h3>\n\n\n\n<p>Absolventi t\u00fdchto 3-4 ro\u010dn\u00fdch certifika\u010dn\u00fdch programov pridru\u017een\u00fdch k IAPOP maj\u00fa n\u00e1rok na \u010dlenstvo v IAPOP<\/p>\n\n\n\n<figure class=\"wp-block-table\"><table class=\"has-fixed-layout\"><tbody><tr><td><strong>Kurz<\/strong><\/td><td><strong>Umiestnenie <\/strong><\/td><td><strong>Program odbornej pr\u00edpravy <\/strong><\/td><td><strong>Webov\u00e1 str\u00e1nka\/odkaz <\/strong><\/td><\/tr><tr><td><\/td><td>Portland, USA<\/td><td><\/td><td><\/td><\/tr><tr><td><\/td><td>Gr\u00e9cko <\/td><td><\/td><td><\/td><\/tr><tr><td><\/td><td>\u0160panielsko <\/td><td><\/td><td><\/td><\/tr><\/tbody><\/table><\/figure>\n\n\n\n<h2 class=\"wp-block-heading\">Affiliate<\/h2>\n\n\n\n<p><strong>CFOR Sila pre zmenu<\/strong> <mark style=\"background-color:rgba(0, 0, 0, 0)\" class=\"has-inline-color has-brand-primary-color\"> https:\/\/www.cfor.info\/<\/mark><\/p>\n\n\n\n<p>CFOR facilituje a \u0161kol\u00ed facilit\u00e1torov. Na\u0161\u00edm cie\u013eom je \"facilit\u00e1tor pri ka\u017edom stole\", od kuchyne a\u017e po rokovac\u00ed st\u00f4l. Ke\u010f \u013eudia dok\u00e1\u017eu facilitova\u0165 uvedomenie si polarizovanej dynamiky a n\u00e1silia, ktor\u00fdm trpia, komunita sa st\u00e1va ochrannou a tvorivou silou, ktor\u00e1 zabra\u0148uje n\u00e1siliu a men\u00ed bud\u00facnos\u0165. <br><br>Na\u0161a pr\u00e1ca:<br><br>- BALK\u00c1N: V spolupr\u00e1ci s organiz\u00e1ciou Assoc \"Mi\", UNHCR (\u00darad Vysok\u00e9ho komis\u00e1ra OSN pre ute\u010dencov) a E\u00da sa v Chorv\u00e1tsku konaj\u00fa ve\u013ek\u00e9 f\u00f3ra, ktor\u00e9 sp\u00e1jaj\u00fa psychosoci\u00e1lnu a ekonomick\u00fa obnovu a odborn\u00fa pr\u00edpravu ved\u00facich pracovn\u00edkov v oblastiach najviac postihnut\u00fdch vojnou. \u00da\u010dastn\u00edci poch\u00e1dzaj\u00fa zo v\u0161etk\u00fdch etn\u00edk alebo n\u00e1rodnost\u00ed zo \u0161irokej siete organiz\u00e1ci\u00ed ob\u010dianskej spolo\u010dnosti a miestnych org\u00e1nov. V spolupr\u00e1ci s UNHCR vyv\u00edjame model aj pre \u0161ir\u0161\u00ed balk\u00e1nsky regi\u00f3n.<br><br>- EUROPE MATTERS: Podporovan\u00e1 E\u00da sa zameriava na zvy\u0161ovanie povedomia a u\u013eah\u010dovanie potrebn\u00fdch krokov na transform\u00e1ciu n\u00e1silnej hist\u00f3rie Eur\u00f3py smerom k prosperuj\u00facim multikult\u00farnym spolo\u010dnostiam.<br><br>- SEEDS: Podporovan\u00fd E\u00da sa zameriava na plnenie najhlb\u0161\u00edch snov, pri\u010dom si uvedomuje, \u017ee ka\u017ed\u00fd jednotlivec a organiz\u00e1cia s\u00fa d\u00f4le\u017eit\u00ed.<br><br>- \u0160KOLENIE PRE L\u00cdDROV: CFOR pon\u00faka ro\u010dn\u00fd 5-modulov\u00fd \u0161koliaci program v Lond\u00fdne.<br><br>- KONZULT\u00c1CIE\/\u0160KOLENIA: CFOR vykon\u00e1va aj intern\u00e9 \u0161kolenia a konzult\u00e1cie v medzin\u00e1rodn\u00fdch organiz\u00e1ci\u00e1ch.<\/p>\n\n\n\n<p><\/p>","protected":false},"excerpt":{"rendered":"<p>Process\u2011Oriented Psychology training Process\u2011Oriented Psychology training brings together a global network of learning opportunities\u2014ranging from short, focused workshops to an in-depth diploma-level qualification. While you\u2019ll find numerous courses exploring specific [&hellip;]<\/p>\n","protected":false},"author":250,"featured_media":0,"parent":0,"menu_order":0,"comment_status":"closed","ping_status":"closed","template":"","meta":{"_EventAllDay":false,"_EventTimezone":"","_EventStartDate":"","_EventEndDate":"","_EventStartDateUTC":"","_EventEndDateUTC":"","_EventShowMap":false,"_EventShowMapLink":false,"_EventURL":"","_EventCost":"","_EventCostDescription":"","_EventCurrencySymbol":"","_EventCurrencyCode":"","_EventCurrencyPosition":"","_EventDateTimeSeparator":"","_EventTimeRangeSeparator":"","_EventOrganizerID":[],"_EventVenueID":[],"_OrganizerEmail":"","_OrganizerPhone":"","_OrganizerWebsite":"","_VenueAddress":"","_VenueCity":"","_VenueCountry":"","_VenueProvince":"","_VenueState":"","_VenueZip":"","_VenuePhone":"","_VenueURL":"","_VenueStateProvince":"","_VenueLat":"","_VenueLng":"","_VenueShowMap":false,"_VenueShowMapLink":false,"footnotes":""},"class_list":["post-7245","page","type-page","status-publish","hentry"],"yoast_head":"<!-- This site is optimized with the Yoast SEO plugin v27.3 - https:\/\/yoast.com\/product\/yoast-seo-wordpress\/ -->\n<title>Diploma Level Training Schools - IAPOP<\/title>\n<meta name=\"robots\" content=\"index, follow, max-snippet:-1, max-image-preview:large, max-video-preview:-1\" \/>\n<link rel=\"canonical\" href=\"https:\/\/iapop.com\/sk\/training-centers\/\" \/>\n<meta property=\"og:locale\" content=\"sk_SK\" \/>\n<meta property=\"og:type\" content=\"article\" \/>\n<meta property=\"og:title\" content=\"Diploma Level Training Schools - IAPOP\" \/>\n<meta property=\"og:description\" content=\"Process\u2011Oriented Psychology training Process\u2011Oriented Psychology training brings together a global network of learning opportunities\u2014ranging from short, focused workshops to an in-depth diploma-level qualification. While you\u2019ll find numerous courses exploring specific [&hellip;]\" \/>\n<meta property=\"og:url\" content=\"https:\/\/iapop.com\/sk\/training-centers\/\" \/>\n<meta property=\"og:site_name\" content=\"IAPOP\" \/>\n<meta property=\"article:publisher\" content=\"https:\/\/www.facebook.com\/processwork.iapop\" \/>\n<meta property=\"article:modified_time\" content=\"2025-11-15T07:40:38+00:00\" \/>\n<meta name=\"twitter:card\" content=\"summary_large_image\" \/>\n<meta name=\"twitter:label1\" content=\"Predpokladan\u00fd \u010das \u010d\u00edtania\" \/>\n\t<meta name=\"twitter:data1\" content=\"3 min\u00faty\" \/>\n<script type=\"application\/ld+json\" class=\"yoast-schema-graph\">{\"@context\":\"https:\\\/\\\/schema.org\",\"@graph\":[{\"@type\":\"WebPage\",\"@id\":\"https:\\\/\\\/iapop.com\\\/training-centers\\\/\",\"url\":\"https:\\\/\\\/iapop.com\\\/training-centers\\\/\",\"name\":\"Diploma Level Training Schools - IAPOP\",\"isPartOf\":{\"@id\":\"http:\\\/\\\/iapop.com\\\/es\\\/#website\"},\"datePublished\":\"2025-02-17T10:50:20+00:00\",\"dateModified\":\"2025-11-15T07:40:38+00:00\",\"breadcrumb\":{\"@id\":\"https:\\\/\\\/iapop.com\\\/training-centers\\\/#breadcrumb\"},\"inLanguage\":\"sk-SK\",\"potentialAction\":[{\"@type\":\"ReadAction\",\"target\":[\"https:\\\/\\\/iapop.com\\\/training-centers\\\/\"]}]},{\"@type\":\"BreadcrumbList\",\"@id\":\"https:\\\/\\\/iapop.com\\\/training-centers\\\/#breadcrumb\",\"itemListElement\":[{\"@type\":\"ListItem\",\"position\":1,\"name\":\"Home\",\"item\":\"https:\\\/\\\/iapop.com\\\/\"},{\"@type\":\"ListItem\",\"position\":2,\"name\":\"Diploma Level Training Schools\"}]},{\"@type\":\"WebSite\",\"@id\":\"http:\\\/\\\/iapop.com\\\/es\\\/#website\",\"url\":\"http:\\\/\\\/iapop.com\\\/es\\\/\",\"name\":\"IAPOP\",\"description\":\"Process Oriented Psychology\",\"publisher\":{\"@id\":\"http:\\\/\\\/iapop.com\\\/es\\\/#organization\"},\"potentialAction\":[{\"@type\":\"SearchAction\",\"target\":{\"@type\":\"EntryPoint\",\"urlTemplate\":\"http:\\\/\\\/iapop.com\\\/es\\\/?s={search_term_string}\"},\"query-input\":{\"@type\":\"PropertyValueSpecification\",\"valueRequired\":true,\"valueName\":\"search_term_string\"}}],\"inLanguage\":\"sk-SK\"},{\"@type\":\"Organization\",\"@id\":\"http:\\\/\\\/iapop.com\\\/es\\\/#organization\",\"name\":\"IAPOP\",\"url\":\"http:\\\/\\\/iapop.com\\\/es\\\/\",\"logo\":{\"@type\":\"ImageObject\",\"inLanguage\":\"sk-SK\",\"@id\":\"http:\\\/\\\/iapop.com\\\/es\\\/#\\\/schema\\\/logo\\\/image\\\/\",\"url\":\"https:\\\/\\\/iapop.com\\\/wp-content\\\/uploads\\\/2024\\\/12\\\/Logo-300x131-1.png\",\"contentUrl\":\"https:\\\/\\\/iapop.com\\\/wp-content\\\/uploads\\\/2024\\\/12\\\/Logo-300x131-1.png\",\"width\":300,\"height\":131,\"caption\":\"IAPOP\"},\"image\":{\"@id\":\"http:\\\/\\\/iapop.com\\\/es\\\/#\\\/schema\\\/logo\\\/image\\\/\"},\"sameAs\":[\"https:\\\/\\\/www.facebook.com\\\/processwork.iapop\"]}]}<\/script>\n<!-- \/ Yoast SEO plugin. -->","yoast_head_json":{"title":"\u0160koly s diplomom - IAPOP","robots":{"index":"index","follow":"follow","max-snippet":"max-snippet:-1","max-image-preview":"max-image-preview:large","max-video-preview":"max-video-preview:-1"},"canonical":"https:\/\/iapop.com\/sk\/training-centers\/","og_locale":"sk_SK","og_type":"article","og_title":"Diploma Level Training Schools - IAPOP","og_description":"Process\u2011Oriented Psychology training Process\u2011Oriented Psychology training brings together a global network of learning opportunities\u2014ranging from short, focused workshops to an in-depth diploma-level qualification. While you\u2019ll find numerous courses exploring specific [&hellip;]","og_url":"https:\/\/iapop.com\/sk\/training-centers\/","og_site_name":"IAPOP","article_publisher":"https:\/\/www.facebook.com\/processwork.iapop","article_modified_time":"2025-11-15T07:40:38+00:00","twitter_card":"summary_large_image","twitter_misc":{"Predpokladan\u00fd \u010das \u010d\u00edtania":"3 min\u00faty"},"schema":{"@context":"https:\/\/schema.org","@graph":[{"@type":"WebPage","@id":"https:\/\/iapop.com\/training-centers\/","url":"https:\/\/iapop.com\/training-centers\/","name":"\u0160koly s diplomom - IAPOP","isPartOf":{"@id":"http:\/\/iapop.com\/es\/#website"},"datePublished":"2025-02-17T10:50:20+00:00","dateModified":"2025-11-15T07:40:38+00:00","breadcrumb":{"@id":"https:\/\/iapop.com\/training-centers\/#breadcrumb"},"inLanguage":"sk-SK","potentialAction":[{"@type":"ReadAction","target":["https:\/\/iapop.com\/training-centers\/"]}]},{"@type":"BreadcrumbList","@id":"https:\/\/iapop.com\/training-centers\/#breadcrumb","itemListElement":[{"@type":"ListItem","position":1,"name":"Home","item":"https:\/\/iapop.com\/"},{"@type":"ListItem","position":2,"name":"Diploma Level Training Schools"}]},{"@type":"WebSite","@id":"http:\/\/iapop.com\/es\/#website","url":"http:\/\/iapop.com\/es\/","name":"IAPOP","description":"Procesne orientovan\u00e1 psychol\u00f3gia","publisher":{"@id":"http:\/\/iapop.com\/es\/#organization"},"potentialAction":[{"@type":"SearchAction","target":{"@type":"EntryPoint","urlTemplate":"http:\/\/iapop.com\/es\/?s={search_term_string}"},"query-input":{"@type":"PropertyValueSpecification","valueRequired":true,"valueName":"search_term_string"}}],"inLanguage":"sk-SK"},{"@type":"Organization","@id":"http:\/\/iapop.com\/es\/#organization","name":"IAPOP","url":"http:\/\/iapop.com\/es\/","logo":{"@type":"ImageObject","inLanguage":"sk-SK","@id":"http:\/\/iapop.com\/es\/#\/schema\/logo\/image\/","url":"https:\/\/iapop.com\/wp-content\/uploads\/2024\/12\/Logo-300x131-1.png","contentUrl":"https:\/\/iapop.com\/wp-content\/uploads\/2024\/12\/Logo-300x131-1.png","width":300,"height":131,"caption":"IAPOP"},"image":{"@id":"http:\/\/iapop.com\/es\/#\/schema\/logo\/image\/"},"sameAs":["https:\/\/www.facebook.com\/processwork.iapop"]}]}},"_links":{"self":[{"href":"https:\/\/iapop.com\/sk\/wp-json\/wp\/v2\/pages\/7245","targetHints":{"allow":["GET"]}}],"collection":[{"href":"https:\/\/iapop.com\/sk\/wp-json\/wp\/v2\/pages"}],"about":[{"href":"https:\/\/iapop.com\/sk\/wp-json\/wp\/v2\/types\/page"}],"author":[{"embeddable":true,"href":"https:\/\/iapop.com\/sk\/wp-json\/wp\/v2\/users\/250"}],"replies":[{"embeddable":true,"href":"https:\/\/iapop.com\/sk\/wp-json\/wp\/v2\/comments?post=7245"}],"version-history":[{"count":3,"href":"https:\/\/iapop.com\/sk\/wp-json\/wp\/v2\/pages\/7245\/revisions"}],"predecessor-version":[{"id":8049,"href":"https:\/\/iapop.com\/sk\/wp-json\/wp\/v2\/pages\/7245\/revisions\/8049"}],"wp:attachment":[{"href":"https:\/\/iapop.com\/sk\/wp-json\/wp\/v2\/media?parent=7245"}],"curies":[{"name":"wp","href":"https:\/\/api.w.org\/{rel}","templated":true}]}}