{"id":7283,"date":"2025-02-19T16:12:39","date_gmt":"2025-02-19T16:12:39","guid":{"rendered":"https:\/\/test.iapop.com\/?page_id=7283"},"modified":"2025-03-14T08:34:42","modified_gmt":"2025-03-14T08:34:42","slug":"training-council","status":"publish","type":"page","link":"https:\/\/iapop.com\/sk\/training-council\/","title":{"rendered":"Rada pre odborn\u00fa pr\u00edpravu IAPOP"},"content":{"rendered":"<h1 class=\"wp-block-heading\">Rada pre odborn\u00fa pr\u00edpravu IAPOP a \u0161koly odbornej pr\u00edpravy na \u00farovni diplomu<\/h1>\n\n\n\n<p>Rada pre \u0161kolenia IAPOP poskytuje spolo\u010dn\u00e9 medzin\u00e1rodn\u00e9 zast\u00fapenie v\u0161etk\u00fdch \u0161kolen\u00ed o diplomoch procesnej pr\u00e1ce. Rada je platformou pre z\u00e1stupcov \u0161koliacich programov Process Work, ktor\u00ed rozv\u00edjaj\u00fa a aktualizuj\u00fa \u0161koliace prostredie, zdie\u013eaj\u00fa zdroje a zap\u00e1jaj\u00fa sa do odborn\u00e9ho rozvoja s cie\u013eom vyu\u017ei\u0165 kompetencie absolventov.<\/p>\n\n\n\n<p>Absolventi \u0161k\u00f4l zameran\u00fdch na procesn\u00fa pr\u00e1cu maj\u00fa hlbok\u00e9 pracovn\u00e9 porozumenie tejto paradigmy a osvojuj\u00fa si praktick\u00e9 zru\u010dnosti v r\u00f4znych oblastiach: klinick\u00e1 a terapeutick\u00e1 pr\u00e1ca, zdravie, facilit\u00e1cia, organiza\u010dn\u00fd rozvoj a budovanie komun\u00edt, rie\u0161enie konfliktov, umenie, politika a vzdel\u00e1vanie v r\u00f4znych profesijn\u00fdch a sociologick\u00fdch kontextoch.  <\/p>\n\n\n\n<p><\/p>\n\n\n\n<div class=\"wp-block-buttons is-layout-flex wp-block-buttons-is-layout-flex\">\n<div class=\"wp-block-button\"><a class=\"wp-block-button__link wp-element-button\" href=\"https:\/\/iapop.com\/sk\/training-centers\/\">Zoznam \u0161k\u00f4l s \u00farov\u0148ou diplomu<\/a><\/div>\n<\/div>\n\n\n\n<div style=\"height:20px\" aria-hidden=\"true\" class=\"wp-block-spacer\"><\/div>\n\n\n\n<h2 class=\"wp-block-heading\">\u00daloha Rady pre odborn\u00fa pr\u00edpravu IAPOP pri sprostredkovan\u00ed programov Process Work<\/h2>\n\n\n\n<div class=\"wp-block-group is-layout-grid wp-container-core-group-is-layout-075ae125 wp-block-group-is-layout-grid\">\n<div class=\"wp-block-group has-brand-secondary-lighter-3-background-color has-background wp-container-content-676d4b7a is-layout-flow wp-block-group-is-layout-flow\" style=\"padding-top:var(--wp--preset--spacing--20);padding-bottom:var(--wp--preset--spacing--20)\">\n<h3 class=\"wp-block-heading\" style=\"text-transform:uppercase\"><i class=\"fas fa-user-group\"><\/i> Rada pre odborn\u00fa pr\u00edpravu IAPOP<\/h3>\n\n\n\n<ul style=\"padding-right:0;padding-left:0\" class=\"wp-block-list has-gray-base-color has-text-color has-link-color has-small-font-size wp-elements-c5be29bdbea91a962eceb53b247188c3\">\n<li style=\"padding-top:var(--wp--preset--spacing--5);padding-bottom:var(--wp--preset--spacing--5)\">Z\u00e1stupcovia v\u0161etk\u00fdch \u0161k\u00f4l pre pr\u00e1cu s procesmi s diplomovou \u00farov\u0148ou vzdel\u00e1vania<\/li>\n\n\n\n<li style=\"padding-top:var(--wp--preset--spacing--5);padding-bottom:var(--wp--preset--spacing--5)\">Medzin\u00e1rodn\u00e1 spolupr\u00e1ca medzi \u0161koliacimi \u0161kolami<\/li>\n\n\n\n<li style=\"padding-top:var(--wp--preset--spacing--5);padding-bottom:var(--wp--preset--spacing--5)\">Spolo\u010dn\u00e1 v\u00fdmena a podpora medzi procesn\u00fdmi \u0161kolami Wok na t\u00e9my spolo\u010dn\u00e9ho z\u00e1ujmu a z\u00e1ujmu<\/li>\n\n\n\n<li>V\u00fdvoj u\u010debn\u00fdch osnov a kompetenci\u00ed pre diplom v r\u00f4znych kult\u00farnych a sociologick\u00fdch kontextoch <\/li>\n\n\n\n<li style=\"padding-top:var(--wp--preset--spacing--5);padding-bottom:var(--wp--preset--spacing--5)\">Spolo\u010dn\u00fd rozvoj v oblasti infra\u0161trukt\u00fary, inov\u00e1ci\u00ed, zdrojov, kvality v\u00fdu\u010dby a kompetenci\u00ed, ktor\u00e9 sa o\u010dak\u00e1vaj\u00fa od absolventov \u0161tudijn\u00fdch programov (diplomantov)<\/li>\n<\/ul>\n<\/div>\n\n\n\n<div class=\"wp-block-group has-brand-secondary-lighter-3-background-color has-background wp-container-content-676d4b7a is-layout-flow wp-block-group-is-layout-flow\" style=\"padding-top:var(--wp--preset--spacing--20);padding-bottom:var(--wp--preset--spacing--20)\">\n<h3 class=\"wp-block-heading\" style=\"text-transform:uppercase\"><i class=\"fas fa-graduation-cap\"><\/i> \u0160koly s \u00farov\u0148ou diplomu<\/h3>\n\n\n\n<ul style=\"padding-right:0;padding-left:0\" class=\"wp-block-list has-gray-base-color has-text-color has-small-font-size\">\n<li style=\"padding-top:var(--wp--preset--spacing--5);padding-right:0;padding-bottom:var(--wp--preset--spacing--5);padding-left:0\">Najmenej 3 diplomanti s po\u017eadovanou \u00farov\u0148ou odbornej sp\u00f4sobilosti (pozri <a href=\"\/wp-content\/uploads\/2021\/07\/IAPOP-Levels-of-Proficiency.pdf\" target=\"_blank\" rel=\"noreferrer noopener\">\u00darovne odbornej sp\u00f4sobilosti IAPOP )<\/a>s\u00fa zodpovedn\u00ed za riadenie, u\u010debn\u00e9 osnovy, v\u00fdu\u010dbu a sk\u00fa\u0161ky\/hodnotenie zru\u010dnost\u00ed\/kompetenci\u00ed \u0161tudentov.<\/li>\n\n\n\n<li style=\"padding-top:var(--wp--preset--spacing--5);padding-right:0;padding-bottom:var(--wp--preset--spacing--5);padding-left:0\">Dodr\u017eiavanie noriem \"diplomu\" a etick\u00fdch smern\u00edc.<\/li>\n\n\n\n<li style=\"padding-top:var(--wp--preset--spacing--5);padding-right:0;padding-bottom:var(--wp--preset--spacing--5);padding-left:0\">Pridru\u017een\u00e9 a vo vz\u0165ahu k \u0161ir\u0161ej medzin\u00e1rodnej komunite Process Work<\/li>\n\n\n\n<li style=\"padding-top:var(--wp--preset--spacing--5);padding-right:0;padding-bottom:var(--wp--preset--spacing--5);padding-left:0\">Extern\u00fd seniorsk\u00fd \u0161kolite\u013e Process Work m\u00e1 star\u0161ieho\/mentora\/superv\u00edzora\/tr\u00e9nera etiky (pozri <a href=\"\/wp-content\/uploads\/2021\/07\/IAPOP-Council_Role-of-External-Mentor_Elder-final.pdf\" target=\"_blank\" rel=\"noreferrer noopener\">Rada IAPOP_Rola extern\u00e9ho mentora_star\u0161\u00ed fin\u00e1lny)<\/a><\/li>\n\n\n\n<li style=\"padding-top:var(--wp--preset--spacing--5);padding-right:0;padding-bottom:var(--wp--preset--spacing--5);padding-left:0\">Z\u00e1stupca \u0161koliaceho strediska sa z\u00fa\u010dast\u0148uje ako \u010dlen Rady pre \u0161kolenie IAPOP <\/li>\n\n\n\n<li style=\"padding-top:var(--wp--preset--spacing--5);padding-right:0;padding-bottom:var(--wp--preset--spacing--5);padding-left:0\">Pozri . <a href=\"\/wp-content\/uploads\/2020\/02\/Best-Practice-for-Diploma-of-Process-Oriented-Psychology-Programs-and-Establishing-New-Diploma-Programs.pdf\" target=\"_blank\" rel=\"noreferrer noopener\">Osved\u010den\u00e9 postupy pre diplomov\u00e9 programy procesne orientovanej psychol\u00f3gie a vytv\u00e1ranie nov\u00fdch diplomov\u00fdch programov<\/a> (PDF na stiahnutie).<\/li>\n\n\n\n<li style=\"padding-top:var(--wp--preset--spacing--5);padding-right:0;padding-bottom:var(--wp--preset--spacing--5);padding-left:0\">\u0160koly s \u00farov\u0148ou diplomu sa zav\u00e4zuj\u00fa rozv\u00edja\u0165 k\u013e\u00fa\u010dov\u00e9 profesion\u00e1lne kompetencie PW (pozri <a href=\"\/wp-content\/uploads\/2021\/07\/CORE-PW-COMPETENCIES.pdf\" target=\"_blank\" rel=\"noreferrer noopener\">K\u013d\u00da\u010cOV\u00c9 KOMPETENCIE PW<\/a>)<\/li>\n<\/ul>\n<\/div>\n\n\n\n<div class=\"wp-block-group has-brand-secondary-lighter-2-background-color has-background wp-container-content-676d4b7a is-layout-flow wp-block-group-is-layout-flow\" style=\"padding-top:var(--wp--preset--spacing--20);padding-bottom:var(--wp--preset--spacing--20)\">\n<h3 class=\"wp-block-heading\" style=\"text-transform:uppercase\"><i class=\"fas fa-earth-americas\"><\/i> IAPOP<\/h3>\n\n\n\n<ul style=\"padding-right:0;padding-left:0\" class=\"wp-block-list has-gray-base-color has-text-color has-link-color has-small-font-size wp-elements-7573a2673b51b698cce3908091052f86\">\n<li style=\"padding-top:var(--wp--preset--spacing--5);padding-bottom:var(--wp--preset--spacing--5)\">Budovanie komunity a spolupr\u00e1ca v r\u00e1mci medzin\u00e1rodn\u00e9ho procesu<\/li>\n\n\n\n<li style=\"padding-top:var(--wp--preset--spacing--5);padding-bottom:var(--wp--preset--spacing--5)\">Uzn\u00e1vanie pr\u00e1ce v procese <a href=\"https:\/\/iapop.com\/sk\/training-centers\/\">\u0160kolenia<\/a><\/li>\n\n\n\n<li style=\"padding-top:var(--wp--preset--spacing--5);padding-bottom:var(--wp--preset--spacing--5)\">Kolegi\u00e1lne vytv\u00e1ranie siet\u00ed a partnerstiev <\/li>\n\n\n\n<li style=\"padding-top:var(--wp--preset--spacing--5);padding-bottom:var(--wp--preset--spacing--5)\">Profesijn\u00fd org\u00e1n pre <a href=\"https:\/\/iapop.com\/sk\/directory\/\">\u010clenovia IAPOP<\/a><\/li>\n\n\n\n<li style=\"padding-top:var(--wp--preset--spacing--5);padding-bottom:var(--wp--preset--spacing--5)\">Centrum soci\u00e1lnych m\u00e9di\u00ed pre aktivity Process Work <\/li>\n\n\n\n<li style=\"padding-top:var(--wp--preset--spacing--5);padding-bottom:var(--wp--preset--spacing--5)\">Medzin\u00e1rodn\u00e9 vzdel\u00e1vacie podujatia Worldwork <\/li>\n\n\n\n<li style=\"padding-top:var(--wp--preset--spacing--5);padding-bottom:var(--wp--preset--spacing--5)\">Worldwork, Deep Democracy a Process Work research: <a href=\"https:\/\/iapop.com\/sk\/research-fests\/\">V\u00fdskumn\u00e9 festivaly<\/a>, <a href=\"https:\/\/iapop.com\/sk\/process-space-journal\/\">Denn\u00edk<\/a>, <a href=\"https:\/\/iapop.com\/sk\/dissertations\/\">Dizerta\u010dn\u00e9 pr\u00e1ce<\/a> at\u010f. <\/li>\n\n\n\n<li style=\"padding-top:var(--wp--preset--spacing--5);padding-bottom:var(--wp--preset--spacing--5)\">Konferencie a symp\u00f3zi\u00e1 IAPOP <\/li>\n<\/ul>\n<\/div>\n<\/div>\n\n\n\n<div style=\"height:20px\" aria-hidden=\"true\" class=\"wp-block-spacer\"><\/div>\n\n\n\n<h2 class=\"wp-block-heading\"><strong>Rada pre odborn\u00fa pr\u00edpravu je platformou pre:<\/strong><\/h2>\n\n\n\n<ul class=\"wp-block-list\">\n<li>spolo\u010dn\u00e9 u\u010denie a spolupr\u00e1ca medzi \u0161kolami zapojen\u00fdmi do programu Diploma<\/li>\n\n\n\n<li>kontinuita a dodr\u017eiavanie r\u00e1mca stanoven\u00e9ho pre nov\u00e9 \u0161koly odbornej pr\u00edpravy na z\u00edskanie diplomu <a href=\"\/wp-content\/uploads\/2020\/02\/Best-Practice-for-Diploma-of-Process-Oriented-Psychology-Programs-and-Establishing-New-Diploma-Programs.pdf\" target=\"_blank\" rel=\"noreferrer noopener\">Osved\u010den\u00e9 postupy pre diplomov\u00e9 programy procesne orientovanej psychol\u00f3gie a vytv\u00e1ranie nov\u00fdch diplomov\u00fdch programov<\/a> (PDF)<\/li>\n\n\n\n<li>vypracovanie spolo\u010dn\u00fdch u\u010debn\u00fdch osnov pre \u0161kolenia na \u00farovni diplomu.<\/li>\n\n\n\n<li>podpora t\u00e9m spolo\u010dn\u00e9ho z\u00e1ujmu v r\u00e1mci rozv\u00edjaj\u00facich sa vzdel\u00e1vac\u00edch dr\u00e1h v r\u00f4znych kult\u00farach a regi\u00f3noch.&nbsp;<\/li>\n\n\n\n<li>zameriavame sa na u\u010denie a \u0161tudentov.&nbsp;<\/li>\n<\/ul>\n\n\n\n<h2 class=\"wp-block-heading\"><strong>Koordin\u00e1tori Rady pre odborn\u00fa pr\u00edpravu: <\/strong><\/h2>\n\n\n\n<ul class=\"wp-block-list\">\n<li>Zabezpe\u010denie vedenia a u\u013eah\u010denia pre \u00fa\u010del a strat\u00e9giu Rady pre odborn\u00fa pr\u00edpravu <\/li>\n\n\n\n<li>Koordin\u00e1cia stretnut\u00ed a kontinuita prior\u00edt vypl\u00fdvaj\u00facich zo stretnut\u00ed<\/li>\n\n\n\n<li>sl\u00fa\u017ei\u0165 ako most medzi spr\u00e1vnou radou IAPOP a Radou pre odborn\u00fa pr\u00edpravu&nbsp;<\/li>\n\n\n\n<li>Poskytnutie kontaktn\u00e9ho miesta pre nov\u00e9 \u0161koly, ktor\u00e9 sa m\u00f4\u017eu uch\u00e1dza\u0165 o \u010dlenstvo v IAPOP. <a href=\"\/wp-content\/uploads\/2020\/02\/Best-Practice-for-Diploma-of-Process-Oriented-Psychology-Programs-and-Establishing-New-Diploma-Programs.pdf\" target=\"_blank\" rel=\"noreferrer noopener\">Osved\u010den\u00e9 postupy pre diplomov\u00e9 programy procesne orientovanej psychol\u00f3gie a vytv\u00e1ranie nov\u00fdch diplomov\u00fdch programov<\/a> (PDF)<\/li>\n<\/ul>\n\n\n\n<div style=\"height:20px\" aria-hidden=\"true\" class=\"wp-block-spacer\"><\/div>\n\n\n\n<h2 class=\"wp-block-heading\">Koordin\u00e1tori:<\/h2>\n\n\n\n<p>Stanya Studentova a Julia Wolfson&nbsp;<\/p>\n\n\n\n<p>Kontakt: <a href=\"mailto:admin@iapop.com\">admin@iapop.com<\/a> <\/p>\n\n\n\n<p>\u010eakujeme!&nbsp;<\/p>\n\n\n\n<p><\/p>","protected":false},"excerpt":{"rendered":"<p>IAPOP Training Council &amp; Diploma Level Training Schools IAPOP Training Council provides a collaborative international representation of all Process Work Diploma Trainings. The Council is a platform for Process Work [&hellip;]<\/p>\n","protected":false},"author":250,"featured_media":0,"parent":0,"menu_order":0,"comment_status":"closed","ping_status":"closed","template":"","meta":{"_EventAllDay":false,"_EventTimezone":"","_EventStartDate":"","_EventEndDate":"","_EventStartDateUTC":"","_EventEndDateUTC":"","_EventShowMap":false,"_EventShowMapLink":false,"_EventURL":"","_EventCost":"","_EventCostDescription":"","_EventCurrencySymbol":"","_EventCurrencyCode":"","_EventCurrencyPosition":"","_EventDateTimeSeparator":"","_EventTimeRangeSeparator":"","_EventOrganizerID":[],"_EventVenueID":[],"_OrganizerEmail":"","_OrganizerPhone":"","_OrganizerWebsite":"","_VenueAddress":"","_VenueCity":"","_VenueCountry":"","_VenueProvince":"","_VenueState":"","_VenueZip":"","_VenuePhone":"","_VenueURL":"","_VenueStateProvince":"","_VenueLat":"","_VenueLng":"","_VenueShowMap":false,"_VenueShowMapLink":false,"footnotes":""},"class_list":["post-7283","page","type-page","status-publish","hentry"],"yoast_head":"<!-- This site is optimized with the Yoast SEO plugin v27.3 - https:\/\/yoast.com\/product\/yoast-seo-wordpress\/ -->\n<title>IAPOP Training Council - IAPOP<\/title>\n<meta name=\"robots\" content=\"index, follow, max-snippet:-1, max-image-preview:large, max-video-preview:-1\" \/>\n<link rel=\"canonical\" href=\"https:\/\/iapop.com\/sk\/training-council\/\" \/>\n<meta property=\"og:locale\" content=\"sk_SK\" \/>\n<meta property=\"og:type\" content=\"article\" \/>\n<meta property=\"og:title\" content=\"IAPOP Training Council - IAPOP\" \/>\n<meta property=\"og:description\" content=\"IAPOP Training Council &amp; Diploma Level Training Schools IAPOP Training Council provides a collaborative international representation of all Process Work Diploma Trainings. The Council is a platform for Process Work [&hellip;]\" \/>\n<meta property=\"og:url\" content=\"https:\/\/iapop.com\/sk\/training-council\/\" \/>\n<meta property=\"og:site_name\" content=\"IAPOP\" \/>\n<meta property=\"article:publisher\" content=\"https:\/\/www.facebook.com\/processwork.iapop\" \/>\n<meta property=\"article:modified_time\" content=\"2025-03-14T08:34:42+00:00\" \/>\n<meta name=\"twitter:card\" content=\"summary_large_image\" \/>\n<meta name=\"twitter:label1\" content=\"Predpokladan\u00fd \u010das \u010d\u00edtania\" \/>\n\t<meta name=\"twitter:data1\" content=\"3 min\u00faty\" \/>\n<script type=\"application\/ld+json\" class=\"yoast-schema-graph\">{\"@context\":\"https:\\\/\\\/schema.org\",\"@graph\":[{\"@type\":\"WebPage\",\"@id\":\"https:\\\/\\\/iapop.com\\\/training-council\\\/\",\"url\":\"https:\\\/\\\/iapop.com\\\/training-council\\\/\",\"name\":\"IAPOP Training Council - IAPOP\",\"isPartOf\":{\"@id\":\"http:\\\/\\\/iapop.com\\\/es\\\/#website\"},\"datePublished\":\"2025-02-19T16:12:39+00:00\",\"dateModified\":\"2025-03-14T08:34:42+00:00\",\"breadcrumb\":{\"@id\":\"https:\\\/\\\/iapop.com\\\/training-council\\\/#breadcrumb\"},\"inLanguage\":\"sk-SK\",\"potentialAction\":[{\"@type\":\"ReadAction\",\"target\":[\"https:\\\/\\\/iapop.com\\\/training-council\\\/\"]}]},{\"@type\":\"BreadcrumbList\",\"@id\":\"https:\\\/\\\/iapop.com\\\/training-council\\\/#breadcrumb\",\"itemListElement\":[{\"@type\":\"ListItem\",\"position\":1,\"name\":\"Home\",\"item\":\"https:\\\/\\\/iapop.com\\\/\"},{\"@type\":\"ListItem\",\"position\":2,\"name\":\"IAPOP Training Council\"}]},{\"@type\":\"WebSite\",\"@id\":\"http:\\\/\\\/iapop.com\\\/es\\\/#website\",\"url\":\"http:\\\/\\\/iapop.com\\\/es\\\/\",\"name\":\"IAPOP\",\"description\":\"Process Oriented Psychology\",\"publisher\":{\"@id\":\"http:\\\/\\\/iapop.com\\\/es\\\/#organization\"},\"potentialAction\":[{\"@type\":\"SearchAction\",\"target\":{\"@type\":\"EntryPoint\",\"urlTemplate\":\"http:\\\/\\\/iapop.com\\\/es\\\/?s={search_term_string}\"},\"query-input\":{\"@type\":\"PropertyValueSpecification\",\"valueRequired\":true,\"valueName\":\"search_term_string\"}}],\"inLanguage\":\"sk-SK\"},{\"@type\":\"Organization\",\"@id\":\"http:\\\/\\\/iapop.com\\\/es\\\/#organization\",\"name\":\"IAPOP\",\"url\":\"http:\\\/\\\/iapop.com\\\/es\\\/\",\"logo\":{\"@type\":\"ImageObject\",\"inLanguage\":\"sk-SK\",\"@id\":\"http:\\\/\\\/iapop.com\\\/es\\\/#\\\/schema\\\/logo\\\/image\\\/\",\"url\":\"https:\\\/\\\/iapop.com\\\/wp-content\\\/uploads\\\/2024\\\/12\\\/Logo-300x131-1.png\",\"contentUrl\":\"https:\\\/\\\/iapop.com\\\/wp-content\\\/uploads\\\/2024\\\/12\\\/Logo-300x131-1.png\",\"width\":300,\"height\":131,\"caption\":\"IAPOP\"},\"image\":{\"@id\":\"http:\\\/\\\/iapop.com\\\/es\\\/#\\\/schema\\\/logo\\\/image\\\/\"},\"sameAs\":[\"https:\\\/\\\/www.facebook.com\\\/processwork.iapop\"]}]}<\/script>\n<!-- \/ Yoast SEO plugin. -->","yoast_head_json":{"title":"Rada pre odborn\u00fa pr\u00edpravu IAPOP - IAPOP","robots":{"index":"index","follow":"follow","max-snippet":"max-snippet:-1","max-image-preview":"max-image-preview:large","max-video-preview":"max-video-preview:-1"},"canonical":"https:\/\/iapop.com\/sk\/training-council\/","og_locale":"sk_SK","og_type":"article","og_title":"IAPOP Training Council - IAPOP","og_description":"IAPOP Training Council &amp; Diploma Level Training Schools IAPOP Training Council provides a collaborative international representation of all Process Work Diploma Trainings. The Council is a platform for Process Work [&hellip;]","og_url":"https:\/\/iapop.com\/sk\/training-council\/","og_site_name":"IAPOP","article_publisher":"https:\/\/www.facebook.com\/processwork.iapop","article_modified_time":"2025-03-14T08:34:42+00:00","twitter_card":"summary_large_image","twitter_misc":{"Predpokladan\u00fd \u010das \u010d\u00edtania":"3 min\u00faty"},"schema":{"@context":"https:\/\/schema.org","@graph":[{"@type":"WebPage","@id":"https:\/\/iapop.com\/training-council\/","url":"https:\/\/iapop.com\/training-council\/","name":"Rada pre odborn\u00fa pr\u00edpravu IAPOP - IAPOP","isPartOf":{"@id":"http:\/\/iapop.com\/es\/#website"},"datePublished":"2025-02-19T16:12:39+00:00","dateModified":"2025-03-14T08:34:42+00:00","breadcrumb":{"@id":"https:\/\/iapop.com\/training-council\/#breadcrumb"},"inLanguage":"sk-SK","potentialAction":[{"@type":"ReadAction","target":["https:\/\/iapop.com\/training-council\/"]}]},{"@type":"BreadcrumbList","@id":"https:\/\/iapop.com\/training-council\/#breadcrumb","itemListElement":[{"@type":"ListItem","position":1,"name":"Home","item":"https:\/\/iapop.com\/"},{"@type":"ListItem","position":2,"name":"IAPOP Training Council"}]},{"@type":"WebSite","@id":"http:\/\/iapop.com\/es\/#website","url":"http:\/\/iapop.com\/es\/","name":"IAPOP","description":"Procesne orientovan\u00e1 psychol\u00f3gia","publisher":{"@id":"http:\/\/iapop.com\/es\/#organization"},"potentialAction":[{"@type":"SearchAction","target":{"@type":"EntryPoint","urlTemplate":"http:\/\/iapop.com\/es\/?s={search_term_string}"},"query-input":{"@type":"PropertyValueSpecification","valueRequired":true,"valueName":"search_term_string"}}],"inLanguage":"sk-SK"},{"@type":"Organization","@id":"http:\/\/iapop.com\/es\/#organization","name":"IAPOP","url":"http:\/\/iapop.com\/es\/","logo":{"@type":"ImageObject","inLanguage":"sk-SK","@id":"http:\/\/iapop.com\/es\/#\/schema\/logo\/image\/","url":"https:\/\/iapop.com\/wp-content\/uploads\/2024\/12\/Logo-300x131-1.png","contentUrl":"https:\/\/iapop.com\/wp-content\/uploads\/2024\/12\/Logo-300x131-1.png","width":300,"height":131,"caption":"IAPOP"},"image":{"@id":"http:\/\/iapop.com\/es\/#\/schema\/logo\/image\/"},"sameAs":["https:\/\/www.facebook.com\/processwork.iapop"]}]}},"_links":{"self":[{"href":"https:\/\/iapop.com\/sk\/wp-json\/wp\/v2\/pages\/7283","targetHints":{"allow":["GET"]}}],"collection":[{"href":"https:\/\/iapop.com\/sk\/wp-json\/wp\/v2\/pages"}],"about":[{"href":"https:\/\/iapop.com\/sk\/wp-json\/wp\/v2\/types\/page"}],"author":[{"embeddable":true,"href":"https:\/\/iapop.com\/sk\/wp-json\/wp\/v2\/users\/250"}],"replies":[{"embeddable":true,"href":"https:\/\/iapop.com\/sk\/wp-json\/wp\/v2\/comments?post=7283"}],"version-history":[{"count":2,"href":"https:\/\/iapop.com\/sk\/wp-json\/wp\/v2\/pages\/7283\/revisions"}],"predecessor-version":[{"id":7490,"href":"https:\/\/iapop.com\/sk\/wp-json\/wp\/v2\/pages\/7283\/revisions\/7490"}],"wp:attachment":[{"href":"https:\/\/iapop.com\/sk\/wp-json\/wp\/v2\/media?parent=7283"}],"curies":[{"name":"wp","href":"https:\/\/api.w.org\/{rel}","templated":true}]}}