{"id":7297,"date":"2025-02-19T16:49:48","date_gmt":"2025-02-19T16:49:48","guid":{"rendered":"https:\/\/test.iapop.com\/?page_id=7297"},"modified":"2025-03-16T13:57:03","modified_gmt":"2025-03-16T13:57:03","slug":"worldwork","status":"publish","type":"page","link":"https:\/\/iapop.com\/sk\/worldwork\/","title":{"rendered":"Worldwork"},"content":{"rendered":"<h1 class=\"wp-block-heading\">Worldwork <mark style=\"background-color:rgba(0, 0, 0, 0)\" class=\"has-inline-color has-brand-primary-color\">&amp;<\/mark> Hlbok\u00e1 demokracia<\/h1>\n\n\n\n<div class=\"wp-block-group has-gray-base-color has-brand-primary-lighter-3-background-color has-text-color has-background is-layout-flow wp-block-group-is-layout-flow\">\n<p><a href=\"http:\/\/worldwork.org\" target=\"_blank\" rel=\"noreferrer noopener nofollow\">Worldwork<\/a> je revolu\u010dn\u00e1 a transforma\u010dn\u00e1 met\u00f3da pr\u00e1ce so skupinov\u00fdmi a komunitn\u00fdmi procesmi s cie\u013eom vytvori\u0165 udr\u017eate\u013en\u00fa zmenu. Tento pr\u00edstup m\u00f4\u017ee rie\u0161i\u0165 probl\u00e9my v mal\u00fdch aj ve\u013ek\u00fdch skupin\u00e1ch a uplat\u0148uje sa v tak\u00fdch oblastiach, ako je budovanie komun\u00edt, organiza\u010dn\u00fd rozvoj, zvy\u0161ovanie povedomia o rozmanitosti na \u0161kol\u00e1ch a univerzit\u00e1ch, policajn\u00fd v\u00fdcvik a v\u00e1\u017ene konfliktn\u00e9 situ\u00e1cie.<\/p>\n\n\n\n<p>Prax a filozofia Worldwork sp\u00e1ja aspekty mnoh\u00fdch discipl\u00edn vr\u00e1tane fyziky, psychol\u00f3gie, duchovn\u00fdch trad\u00edci\u00ed a umenia. Ide o interdisciplin\u00e1rny pr\u00edstup, ktor\u00fd, ako povedal jeho zakladate\u013e <a href=\"https:\/\/www.aamindell.net\/\" target=\"_blank\" rel=\"noreferrer noopener nofollow\">Arnold Mindell<\/a> uv\u00e1dza, \u017ee pom\u00e1ha sp\u00e1ja\u0165 \"transperson\u00e1lne sk\u00fasenosti s pozemskou realitou, duchovn\u00fa slu\u017ebu a politick\u00fa \u010dinnos\u0165, v\u00fdchodn\u00fa nezi\u0161tnos\u0165 a z\u00e1padn\u00fd racionalizmus, pr\u00e1cu so snami a pr\u00e1cu s telom\".<\/p>\n<\/div>\n\n\n\n<div style=\"height:20px\" aria-hidden=\"true\" class=\"wp-block-spacer\"><\/div>\n\n\n\n<h2 class=\"wp-block-heading\">HLBOK\u00c1 DEMOKRACIA<\/h2>\n\n\n\n<p>\u00dastredn\u00fdm prvkom Worldwork je filozofia a metodol\u00f3gia <a href=\"https:\/\/iapop.com\/sk\/deep-democracy\/\">Hlbok\u00e1 demokracia<\/a>, uvedomenie, ktor\u00e9 presahuje koncept moci a potvrdzuje, \u017ee v\u0161etky \u00farovne, vrstvy a aspekty \"reality\" s\u00fa potrebn\u00e9 pre celistvos\u0165. Ako v\u00e4\u010d\u0161ina vie, demokracia je zalo\u017een\u00e1 na ob\u010dianskej moci, teda v gr\u00e9\u010dtine \"demo-kratie\", a je jednozna\u010dne krokom \u010falej vo vedom\u00ed za diktat\u00faru. Ale aj ke\u010f je demokracia krokom, nie v\u017edy funguje dobre v zmysle zni\u017eovania n\u00e1siln\u00fdch konfliktov, preto\u017ee hoci u\u010d\u00ed o zdie\u013ean\u00ed moci, neu\u010d\u00ed o vz\u0165ahu, ktor\u00fd presahuje moc. \u010eal\u0161\u00edm krokom za hranicou moci je rozv\u00edjanie udr\u017eate\u013enej\u0161ieho kontaktu s ostatn\u00fdmi a schopnos\u0165 vz\u00e1jomnej spolupr\u00e1ce.<\/p>\n\n\n\n<div class=\"wp-block-group is-layout-grid wp-container-core-group-is-layout-8acdea75 wp-block-group-is-layout-grid\">\n<div class=\"wp-block-group has-white-background-color has-background is-layout-flow wp-block-group-is-layout-flow\">\n<h3 class=\"wp-block-heading\"><strong>FILOZOFIA<\/strong><\/h3>\n\n\n\n<p>Filozofick\u00fd aspekt uzn\u00e1va, \u017ee ka\u017ed\u00e1 skupina m\u00e1 konsenzu\u00e1lnu realitu (t. j. s\u00fabor predpokladov, presved\u010den\u00ed a vn\u00edmania, ktor\u00e9 v\u00e4\u010d\u0161ina pova\u017euje za skuto\u010dn\u00e9, ot\u00e1zky postavenia a moci, fakty, hist\u00f3riu at\u010f.), ako aj in\u00fa vysn\u00edvan\u00fa realitu alebo dimenziu, ktor\u00e1 je be\u017ene nevidite\u013en\u00e1, ale le\u017e\u00ed za zn\u00e1mou konsenzu\u00e1lnou realitou. T\u00e1to dimenzia sn\u00edvania zah\u0155\u0148a komplexnos\u0165 hlbok\u00fdch pocitov a snov skryt\u00fdch v otvorenej\u0161\u00edch form\u00e1ch komunik\u00e1cie. Tradi\u010dn\u00e1 skupinov\u00e1 facilit\u00e1cia m\u00e1 tendenciu zameriava\u0165 sa len na konsenzu\u00e1lnu realitu - t\u00fa, s ktorou sa skupina stoto\u017e\u0148uje a s\u00fahlas\u00ed ako s re\u00e1lnou - a tak vynech\u00e1va in\u00e9 d\u00f4le\u017eit\u00e9 aspekty komunik\u00e1cie.&nbsp;<\/p>\n<\/div>\n\n\n\n<div class=\"wp-block-group has-white-background-color has-background is-layout-flow wp-block-group-is-layout-flow\">\n<h3 class=\"wp-block-heading\"><strong><strong>METODIKA<\/strong><\/strong><\/h3>\n\n\n\n<p>Met\u00f3da hlbokej demokracie vyz\u00fdva vy\u0161kolen\u00e9ho facilit\u00e1tora, aby vyu\u017eil svoje vedomie na to, aby si v\u0161imol, ocenil a sledoval v\u0161etk\u00fdch \u013eud\u00ed a \u010dasti danej skupiny v konsenzu\u00e1lnej realite, ako aj na to, aby si v\u0161imol a ocenil vysn\u00edvan\u00e9 prejavy a pocity skupiny. Hlbok\u00e1 demokracia tak prin\u00e1\u0161a moc a pozornos\u0165 n\u00e1m, \u013eu\u010fom, ako v be\u017enej demokracii, a z\u00e1rove\u0148 zvy\u0161uje silu n\u00e1\u0161ho vedomia v\u0161\u00edma\u0165 si r\u00f4zne \u00farovne vedomia, ktor\u00e9 vznikaj\u00fa pri komunik\u00e1cii, a plyn\u00fa\u0165 s nimi. A\u017e ke\u010f s\u00fa rozpoznan\u00e9 a uznan\u00e9 v\u0161etky dimenzie reality, vznik\u00e1 m\u00fadros\u0165 skupiny.<\/p>\n<\/div>\n<\/div>\n\n\n\n<div class=\"wp-block-group has-white-background-color has-background is-layout-flow wp-block-group-is-layout-flow\">\n<figure class=\"wp-block-image aligncenter size-full\"><img loading=\"lazy\" decoding=\"async\" width=\"640\" height=\"360\" src=\"https:\/\/iapop.com\/wp-content\/uploads\/2023\/04\/worldwork3.avif\" alt=\"\" class=\"wp-image-5962\" srcset=\"https:\/\/iapop.com\/wp-content\/uploads\/2023\/04\/worldwork3.avif 640w, https:\/\/iapop.com\/wp-content\/uploads\/2023\/04\/worldwork3-300x169.avif 300w, https:\/\/iapop.com\/wp-content\/uploads\/2023\/04\/worldwork3-18x10.avif 18w\" sizes=\"auto, (max-width: 640px) 100vw, 640px\" \/><\/figure>\n<\/div>\n\n\n\n<div style=\"height:20px\" aria-hidden=\"true\" class=\"wp-block-spacer\"><\/div>\n\n\n\n<h2 class=\"wp-block-heading\">VIAC\u00daROV\u0147OV\u00dd MODEL INFORMOVANOSTI PRE GLOB\u00c1LNE OPATRENIA<\/h2>\n\n\n\n<p>Worldwork, rovnako ako v\u0161etky <a href=\"https:\/\/iapop.com\/sk\/history\/\">Procesn\u00e1 pr\u00e1ca<\/a>, je zalo\u017een\u00fd na my\u0161lienke, \u017ee proces ka\u017ed\u00e9ho jednotlivca, vz\u0165ahu a skupinovej interakcie obsahuje svoju vlastn\u00fa m\u00fadros\u0165. Ke\u010f je jednotliv\u00fd facilit\u00e1tor alebo t\u00edm vy\u0161kolen\u00fd, aby vyu\u017e\u00edval svoje vedomie na sledovanie a rozv\u00edjanie jedine\u010dn\u00e9ho procesu ka\u017ed\u00e9ho \u010dloveka alebo komunity, t\u00e1to m\u00fadros\u0165 sa odhal\u00ed najpln\u0161ie. Dokonca aj v t\u00fdch naj\u0165a\u017e\u0161ie rie\u0161ite\u013en\u00fdch konfliktoch sa skr\u00fdva h\u013abka zmyslu a m\u00fadrosti, ktor\u00e1 sa skr\u00fdva v udalostiach, ktor\u00e9 by sa inak mohli zda\u0165 neznesite\u013en\u00e9.<\/p>\n\n\n\n<p>Ka\u017ed\u00e1 skupina, komunita alebo n\u00e1rod m\u00e1 \"konsenzu\u00e1lnu realitu\" - poh\u013ead na svet, ktor\u00fd definuje ako skuto\u010dn\u00fd a s ktor\u00fdm v\u00e4\u010d\u0161ina \u013eud\u00ed s\u00fahlas\u00ed ako s realitou. Okrem toho existuje \"realita snov\", ktor\u00e1 prenik\u00e1 do \u017eivota skupiny, ale na ktorej sa \u013eudia vo v\u0161eobecnosti nezhoduj\u00fa. T\u00fato snov\u00fa realitu tvoria v\u0161etky pocity v pozad\u00ed, n\u00e1deje, v\u00edzie, sny, sign\u00e1ly tela, roly a duchovia, ktor\u00e9 prenikaj\u00fa a silne ovplyv\u0148uj\u00fa atmosf\u00e9ru skupiny, ale na ktor\u00e9 sa m\u00e1lokedy vedome s\u00fastred\u00edme.&nbsp;<\/p>\n\n\n\n<p>Worldwork vn\u00edma obe skuto\u010dnosti ako dve k\u013e\u00fa\u010dov\u00e9 strany mince, ktor\u00e9 sa v priebehu ka\u017ed\u00e9ho komunitn\u00e9ho procesu opakovane ot\u00e1\u010daj\u00fa. V skuto\u010dnosti tieto reality nie s\u00fa od seba zrete\u013ene oddelen\u00e9, ale s\u00fa zakotven\u00e9 jedna v druhej. Ani jedna realita sama o sebe nesta\u010d\u00ed na rie\u0161enie skupinov\u00e9ho nap\u00e4tia a spolo\u010denskej zmeny; potrebn\u00e9 s\u00fa obe. Ke\u010f pomocou uvedomenia sledujeme tok zmien a interakci\u00ed, ktor\u00fd sa vinie cez konsenzu\u00e1lne diskusie a vysn\u00edvan\u00e9 pozadie \u017eivota komunity, probl\u00e9my sa prehlbuj\u00fa a potenci\u00e1lne mo\u017eno n\u00e1js\u0165 nov\u00e9 a udr\u017eate\u013en\u00e9 rie\u0161enia. T\u00fdmto sp\u00f4sobom Worldwork prispieva k uzdraveniu historick\u00e9ho rozkolu medzi t\u00fdmito dvoma zdanlivo odli\u0161n\u00fdmi svetmi.<\/p>\n\n\n\n<div style=\"height:20px\" aria-hidden=\"true\" class=\"wp-block-spacer\"><\/div>\n\n\n\n<h2 class=\"wp-block-heading\">META\u00daROVE\u0147 POVEDOMIA<\/h2>\n\n\n\n<p>Okrem v\u0161eobecne uzn\u00e1van\u00fdch zru\u010dnost\u00ed facilit\u00e1cie skupiny si uvedomenie si pr\u00e1ce vo svete vy\u017eaduje pr\u00edstup k \u010fal\u0161ej \u00farovni uvedomenia, a to <a href=\"https:\/\/iapop.com\/sk\/glossary\/\">Proces Myse\u013e<\/a>. M\u00f4\u017eeme si ju predstavi\u0165 ako silov\u00e9 pole vz\u00e1jomnej prepojenosti podobn\u00e9 magnetizmu alebo gravit\u00e1cii, ktor\u00e9 organizuje sk\u00fasenos\u0165 a d\u00e1va vznikn\u00fa\u0165 v\u0161etk\u00e9mu v nej; organizuj\u00facu inteligenciu. Ako vysvet\u013euje Arnold Mindell, p\u00f4vodca Worldwork: \"Never\u00edm, \u017ee potrebujeme silnej\u0161\u00edch vodcov. To, \u010do t\u00e1to plan\u00e9ta potrebuje, s\u00fa tvorcovia t\u00edmov: jednotlivci s m\u00e4kkou zru\u010dnos\u0165ou - pr\u00edstupom k Procesnej mysli -, ktor\u00ed n\u00e1m v\u0161etk\u00fdm m\u00f4\u017eu pom\u00f4c\u0165 spolupracova\u0165 t\u00fdm, \u017ee sa hlb\u0161ie vz\u0165ahuj\u00fa jeden na druh\u00e9ho a na v\u0161etky \u010dasti syst\u00e9mu. Predstavte si, \u017ee spoluvytv\u00e1rate t\u00edmy nielen z okruhu svojich priate\u013eov, ale aj s jednotlivcami, skupinami a n\u00e1rodmi, ktor\u00e9 nemaj\u00fa radi ani v\u00e1s, ani jeden druh\u00e9ho! Potrebujeme \u013eud\u00ed, ktor\u00ed s\u00fa rovnako sp\u00e4t\u00ed s jadrom Zeme ako s \u013eu\u010fmi, zvieratami a rastlinami - \u013eud\u00ed, ktor\u00ed dok\u00e1\u017eu pracova\u0165 so vz\u0165ahmi na v\u0161etk\u00fdch \u00farovniach.\"<\/p>\n\n\n\n<p>Facilit\u00e1cia sa zvy\u010dajne zameriava na rie\u0161enia a zmenu soci\u00e1lneho syst\u00e9mu. Rovnako d\u00f4le\u017eit\u00e9 alebo mo\u017eno e\u0161te d\u00f4le\u017eitej\u0161ie s\u00fa v\u0161ak udr\u017eate\u013en\u00e9 vz\u0165ahy. Aby sme tak\u00e9to vz\u0165ahy dosiahli, niektor\u00ed z n\u00e1s sa musia nau\u010di\u0165 facilitova\u0165 a by\u0165 star\u0161\u00edmi, ktor\u00ed sa dok\u00e1\u017eu hlb\u0161ie vc\u00edti\u0165 do r\u00f4znych str\u00e1nok a r\u00f4znych rol\u00ed vo svojom vn\u00fatri i navonok v skupinov\u00fdch procesoch. Tak\u00edto star\u0161\u00ed m\u00f4\u017eu premeni\u0165 konflikt na plynul\u00e9 a tvoriv\u00e9 vz\u0165ahy, v ktor\u00fdch si \u013eudia rozumej\u00fa a spolupracuj\u00fa.<\/p>\n\n\n\n<div class=\"wp-block-group has-white-background-color has-background is-layout-flow wp-block-group-is-layout-flow\">\n<figure class=\"wp-block-image aligncenter size-full\"><img loading=\"lazy\" decoding=\"async\" width=\"640\" height=\"480\" src=\"https:\/\/iapop.com\/wp-content\/uploads\/2023\/04\/worldwork2.avif\" alt=\"\" class=\"wp-image-5944\" srcset=\"https:\/\/iapop.com\/wp-content\/uploads\/2023\/04\/worldwork2.avif 640w, https:\/\/iapop.com\/wp-content\/uploads\/2023\/04\/worldwork2-300x225.avif 300w, https:\/\/iapop.com\/wp-content\/uploads\/2023\/04\/worldwork2-16x12.avif 16w\" sizes=\"auto, (max-width: 640px) 100vw, 640px\" \/><\/figure>\n<\/div>\n\n\n\n<div style=\"height:20px\" aria-hidden=\"true\" class=\"wp-block-spacer\"><\/div>\n\n\n\n<h2 class=\"wp-block-heading\">\u00daLOHA STAR\u0160OVSTVA<\/h2>\n\n\n\n<p>Spr\u00e1vy s\u00fa pln\u00e9 polar\u00edt, ako ich definuje na\u0161a s\u00fa\u010dasn\u00e1 konsenzu\u00e1lna realita, ktor\u00e1 z\u00e1vis\u00ed od kult\u00fary, \u013eud\u00ed a krajiny. Vonkaj\u0161\u00edmi s\u00fapermi tak m\u00f4\u017eu by\u0165 jedna krajina proti druhej alebo jeden n\u00e1rod proti druh\u00e9mu. \u010co v\u0161ak nie je tak\u00e9 samozrejm\u00e9, je to, \u017ee v\u017edy existuje nieko\u013eko \u013eud\u00ed, ktor\u00ed sa dok\u00e1\u017eu vc\u00edti\u0165 do v\u0161etk\u00fdch str\u00e1n. A \u010do tie\u017e nie je tak\u00e9 samozrejm\u00e9, je to, \u017ee s\u00fa\u010dasn\u00e9 konflikty s\u00fa do istej miery zalo\u017een\u00e9 na nespracovan\u00fdch, neoddiskutovan\u00fdch historick\u00fdch ot\u00e1zkach, na ktor\u00e9 \u013eudia rad\u0161ej zab\u00fadaj\u00fa, ne\u017e aby ich spracovali. Je to pochopite\u013en\u00e9, ka\u017ed\u00fd sa chce vyhn\u00fa\u0165 bolesti, ale potrebujeme viac ako toto vyh\u00fdbanie sa.<\/p>\n\n\n\n<p>Stav sveta je \"stav\", to znamen\u00e1 zmrazen\u00fd obraz, ktor\u00fd m\u00e1 by\u0165 zalo\u017een\u00fd na tom, \u010do nejak\u00e1 skupina pova\u017euje za dobr\u00fdch alebo zl\u00fdch \"chlapcov\". Ke\u010f v\u0161ak za\u010dneme veci spracov\u00e1va\u0165 vo svojom vn\u00fatri alebo v organiz\u00e1ci\u00e1ch \u010di skupin\u00e1ch, \u013eudia si zrazu uvedomia, \u017ee \u010dasto nie s\u00fa len zamrznut\u00ed, ale pokojne sa c\u00edtia tak trochu ako druh\u00e1 strana.&nbsp;<\/p>\n\n\n\n<div style=\"height:20px\" aria-hidden=\"true\" class=\"wp-block-spacer\"><\/div>\n\n\n\n<h2 class=\"wp-block-heading\">F\u00c1ZY PLYNULOSTI<\/h2>\n\n\n\n<p>V skupine Worldwork sa procesy vyv\u00edjaj\u00fa vo f\u00e1zach. Uvedomenie si t\u00fdchto f\u00e1z ako vyjadrenia oblasti, ktor\u00e1 sa pos\u00fava a men\u00ed, prehlbuje pochopenie aktu\u00e1lneho stavu skupiny a pom\u00e1ha objasni\u0165, ak\u00e9 z\u00e1sahy by mohli by\u0165 naju\u017eito\u010dnej\u0161ie po\u010das r\u00f4znych aspektov procesu.<strong>. <\/strong>Ke\u010f si to niekto ako facilit\u00e1tor uvedom\u00ed, m\u00f4\u017ee si niekedy vymeni\u0165 roly, sta\u0165 sa plynulej\u0161\u00edm a pom\u00f4c\u0165 vytvori\u0165 vedomej\u0161ie spolo\u010denstvo. Ke\u010f sa tak stane, t\u00e1to plynulos\u0165 umo\u017e\u0148uje rie\u0161enia a vz\u0165ahy presahuj\u00face r\u00e1mec jedn\u00e9ho rie\u0161enia. Viac o f\u00e1zach procesu n\u00e1jdete v knihe Arnolda Mindella, <a href=\"https:\/\/www.amazon.com\/Conflict-Phases-Solutions-Organizations-Governments\/dp\/1540770443\/ref=sr_1_1?ie=UTF8&amp;qid=1499723495&amp;sr=8-1&amp;keywords=Mindell+Conflict\">Konflikt: F\u00e1zy, f\u00f3ra a rie\u0161enia: Pre na\u0161e sny a telo, organiz\u00e1cie, vl\u00e1dy a plan\u00e9tu<\/a><\/p>\n\n\n\n<div class=\"wp-block-group has-white-background-color has-background is-layout-flow wp-block-group-is-layout-flow\">\n<figure class=\"wp-block-image aligncenter size-full\"><img loading=\"lazy\" decoding=\"async\" width=\"640\" height=\"427\" src=\"https:\/\/iapop.com\/wp-content\/uploads\/2023\/04\/worldwork1.avif\" alt=\"\" class=\"wp-image-5924\" srcset=\"https:\/\/iapop.com\/wp-content\/uploads\/2023\/04\/worldwork1.avif 640w, https:\/\/iapop.com\/wp-content\/uploads\/2023\/04\/worldwork1-300x200.avif 300w, https:\/\/iapop.com\/wp-content\/uploads\/2023\/04\/worldwork1-18x12.avif 18w\" sizes=\"auto, (max-width: 640px) 100vw, 640px\" \/><\/figure>\n<\/div>\n\n\n\n<div style=\"height:20px\" aria-hidden=\"true\" class=\"wp-block-spacer\"><\/div>\n\n\n\n<div class=\"wp-block-group has-gray-lighter-5-background-color has-background is-layout-flow wp-block-group-is-layout-flow\">\n<p class=\"has-medium-font-size\">Ponorte sa hlb\u0161ie do spolo\u010dnosti Worldwork <a href=\"http:\/\/worldwork.org\/\" target=\"_blank\" rel=\"noreferrer noopener nofollow\">tu<\/a>&nbsp;<\/p>\n\n\n\n<p>Tento preh\u013ead vypracovali, nap\u00edsali a upravili H\u00e9l\u00e8ne Ramos a Lili Vassiliou.<\/p>\n\n\n\n<p><\/p>\n<\/div>","protected":false},"excerpt":{"rendered":"<p>Worldwork &amp; Deep Democracy Worldwork is a revolutionary and transformative method of working with group and community processes to create sustainable change. This approach can address issues in both small [&hellip;]<\/p>\n","protected":false},"author":250,"featured_media":0,"parent":0,"menu_order":0,"comment_status":"closed","ping_status":"closed","template":"","meta":{"_EventAllDay":false,"_EventTimezone":"","_EventStartDate":"","_EventEndDate":"","_EventStartDateUTC":"","_EventEndDateUTC":"","_EventShowMap":false,"_EventShowMapLink":false,"_EventURL":"","_EventCost":"","_EventCostDescription":"","_EventCurrencySymbol":"","_EventCurrencyCode":"","_EventCurrencyPosition":"","_EventDateTimeSeparator":"","_EventTimeRangeSeparator":"","_EventOrganizerID":[],"_EventVenueID":[],"_OrganizerEmail":"","_OrganizerPhone":"","_OrganizerWebsite":"","_VenueAddress":"","_VenueCity":"","_VenueCountry":"","_VenueProvince":"","_VenueState":"","_VenueZip":"","_VenuePhone":"","_VenueURL":"","_VenueStateProvince":"","_VenueLat":"","_VenueLng":"","_VenueShowMap":false,"_VenueShowMapLink":false,"footnotes":""},"class_list":["post-7297","page","type-page","status-publish","hentry"],"yoast_head":"<!-- This site is optimized with the Yoast SEO plugin v27.3 - https:\/\/yoast.com\/product\/yoast-seo-wordpress\/ -->\n<title>Worldwork - IAPOP<\/title>\n<meta name=\"robots\" content=\"index, follow, max-snippet:-1, max-image-preview:large, max-video-preview:-1\" \/>\n<link rel=\"canonical\" href=\"https:\/\/iapop.com\/sk\/worldwork\/\" \/>\n<meta property=\"og:locale\" content=\"sk_SK\" \/>\n<meta property=\"og:type\" content=\"article\" \/>\n<meta property=\"og:title\" content=\"Worldwork - IAPOP\" \/>\n<meta property=\"og:description\" content=\"Worldwork &amp; Deep Democracy Worldwork is a revolutionary and transformative method of working with group and community processes to create sustainable change. This approach can address issues in both small [&hellip;]\" \/>\n<meta property=\"og:url\" content=\"https:\/\/iapop.com\/sk\/worldwork\/\" \/>\n<meta property=\"og:site_name\" content=\"IAPOP\" \/>\n<meta property=\"article:publisher\" content=\"https:\/\/www.facebook.com\/processwork.iapop\" \/>\n<meta property=\"article:modified_time\" content=\"2025-03-16T13:57:03+00:00\" \/>\n<meta property=\"og:image\" content=\"https:\/\/iapop.com\/wp-content\/uploads\/2023\/04\/worldwork3.avif\" \/>\n\t<meta property=\"og:image:width\" content=\"640\" \/>\n\t<meta property=\"og:image:height\" content=\"360\" \/>\n\t<meta property=\"og:image:type\" content=\"image\/jpeg\" \/>\n<meta name=\"twitter:card\" content=\"summary_large_image\" \/>\n<meta name=\"twitter:label1\" content=\"Predpokladan\u00fd \u010das \u010d\u00edtania\" \/>\n\t<meta name=\"twitter:data1\" content=\"7 min\u00fat\" \/>\n<script type=\"application\/ld+json\" class=\"yoast-schema-graph\">{\"@context\":\"https:\\\/\\\/schema.org\",\"@graph\":[{\"@type\":\"WebPage\",\"@id\":\"https:\\\/\\\/iapop.com\\\/worldwork\\\/\",\"url\":\"https:\\\/\\\/iapop.com\\\/worldwork\\\/\",\"name\":\"Worldwork - IAPOP\",\"isPartOf\":{\"@id\":\"http:\\\/\\\/iapop.com\\\/es\\\/#website\"},\"primaryImageOfPage\":{\"@id\":\"https:\\\/\\\/iapop.com\\\/worldwork\\\/#primaryimage\"},\"image\":{\"@id\":\"https:\\\/\\\/iapop.com\\\/worldwork\\\/#primaryimage\"},\"thumbnailUrl\":\"https:\\\/\\\/iapop.com\\\/wp-content\\\/uploads\\\/2023\\\/04\\\/worldwork3.avif\",\"datePublished\":\"2025-02-19T16:49:48+00:00\",\"dateModified\":\"2025-03-16T13:57:03+00:00\",\"breadcrumb\":{\"@id\":\"https:\\\/\\\/iapop.com\\\/worldwork\\\/#breadcrumb\"},\"inLanguage\":\"sk-SK\",\"potentialAction\":[{\"@type\":\"ReadAction\",\"target\":[\"https:\\\/\\\/iapop.com\\\/worldwork\\\/\"]}]},{\"@type\":\"ImageObject\",\"inLanguage\":\"sk-SK\",\"@id\":\"https:\\\/\\\/iapop.com\\\/worldwork\\\/#primaryimage\",\"url\":\"https:\\\/\\\/iapop.com\\\/wp-content\\\/uploads\\\/2023\\\/04\\\/worldwork3.avif\",\"contentUrl\":\"https:\\\/\\\/iapop.com\\\/wp-content\\\/uploads\\\/2023\\\/04\\\/worldwork3.avif\"},{\"@type\":\"BreadcrumbList\",\"@id\":\"https:\\\/\\\/iapop.com\\\/worldwork\\\/#breadcrumb\",\"itemListElement\":[{\"@type\":\"ListItem\",\"position\":1,\"name\":\"Home\",\"item\":\"https:\\\/\\\/iapop.com\\\/\"},{\"@type\":\"ListItem\",\"position\":2,\"name\":\"Worldwork\"}]},{\"@type\":\"WebSite\",\"@id\":\"http:\\\/\\\/iapop.com\\\/es\\\/#website\",\"url\":\"http:\\\/\\\/iapop.com\\\/es\\\/\",\"name\":\"IAPOP\",\"description\":\"Process Oriented Psychology\",\"publisher\":{\"@id\":\"http:\\\/\\\/iapop.com\\\/es\\\/#organization\"},\"potentialAction\":[{\"@type\":\"SearchAction\",\"target\":{\"@type\":\"EntryPoint\",\"urlTemplate\":\"http:\\\/\\\/iapop.com\\\/es\\\/?s={search_term_string}\"},\"query-input\":{\"@type\":\"PropertyValueSpecification\",\"valueRequired\":true,\"valueName\":\"search_term_string\"}}],\"inLanguage\":\"sk-SK\"},{\"@type\":\"Organization\",\"@id\":\"http:\\\/\\\/iapop.com\\\/es\\\/#organization\",\"name\":\"IAPOP\",\"url\":\"http:\\\/\\\/iapop.com\\\/es\\\/\",\"logo\":{\"@type\":\"ImageObject\",\"inLanguage\":\"sk-SK\",\"@id\":\"http:\\\/\\\/iapop.com\\\/es\\\/#\\\/schema\\\/logo\\\/image\\\/\",\"url\":\"https:\\\/\\\/iapop.com\\\/wp-content\\\/uploads\\\/2024\\\/12\\\/Logo-300x131-1.png\",\"contentUrl\":\"https:\\\/\\\/iapop.com\\\/wp-content\\\/uploads\\\/2024\\\/12\\\/Logo-300x131-1.png\",\"width\":300,\"height\":131,\"caption\":\"IAPOP\"},\"image\":{\"@id\":\"http:\\\/\\\/iapop.com\\\/es\\\/#\\\/schema\\\/logo\\\/image\\\/\"},\"sameAs\":[\"https:\\\/\\\/www.facebook.com\\\/processwork.iapop\"]}]}<\/script>\n<!-- \/ Yoast SEO plugin. -->","yoast_head_json":{"title":"Worldwork - IAPOP","robots":{"index":"index","follow":"follow","max-snippet":"max-snippet:-1","max-image-preview":"max-image-preview:large","max-video-preview":"max-video-preview:-1"},"canonical":"https:\/\/iapop.com\/sk\/worldwork\/","og_locale":"sk_SK","og_type":"article","og_title":"Worldwork - IAPOP","og_description":"Worldwork &amp; Deep Democracy Worldwork is a revolutionary and transformative method of working with group and community processes to create sustainable change. This approach can address issues in both small [&hellip;]","og_url":"https:\/\/iapop.com\/sk\/worldwork\/","og_site_name":"IAPOP","article_publisher":"https:\/\/www.facebook.com\/processwork.iapop","article_modified_time":"2025-03-16T13:57:03+00:00","og_image":[{"width":640,"height":360,"url":"https:\/\/iapop.com\/wp-content\/uploads\/2023\/04\/worldwork3.avif","type":"image\/jpeg"}],"twitter_card":"summary_large_image","twitter_misc":{"Predpokladan\u00fd \u010das \u010d\u00edtania":"7 min\u00fat"},"schema":{"@context":"https:\/\/schema.org","@graph":[{"@type":"WebPage","@id":"https:\/\/iapop.com\/worldwork\/","url":"https:\/\/iapop.com\/worldwork\/","name":"Worldwork - IAPOP","isPartOf":{"@id":"http:\/\/iapop.com\/es\/#website"},"primaryImageOfPage":{"@id":"https:\/\/iapop.com\/worldwork\/#primaryimage"},"image":{"@id":"https:\/\/iapop.com\/worldwork\/#primaryimage"},"thumbnailUrl":"https:\/\/iapop.com\/wp-content\/uploads\/2023\/04\/worldwork3.avif","datePublished":"2025-02-19T16:49:48+00:00","dateModified":"2025-03-16T13:57:03+00:00","breadcrumb":{"@id":"https:\/\/iapop.com\/worldwork\/#breadcrumb"},"inLanguage":"sk-SK","potentialAction":[{"@type":"ReadAction","target":["https:\/\/iapop.com\/worldwork\/"]}]},{"@type":"ImageObject","inLanguage":"sk-SK","@id":"https:\/\/iapop.com\/worldwork\/#primaryimage","url":"https:\/\/iapop.com\/wp-content\/uploads\/2023\/04\/worldwork3.avif","contentUrl":"https:\/\/iapop.com\/wp-content\/uploads\/2023\/04\/worldwork3.avif"},{"@type":"BreadcrumbList","@id":"https:\/\/iapop.com\/worldwork\/#breadcrumb","itemListElement":[{"@type":"ListItem","position":1,"name":"Home","item":"https:\/\/iapop.com\/"},{"@type":"ListItem","position":2,"name":"Worldwork"}]},{"@type":"WebSite","@id":"http:\/\/iapop.com\/es\/#website","url":"http:\/\/iapop.com\/es\/","name":"IAPOP","description":"Procesne orientovan\u00e1 psychol\u00f3gia","publisher":{"@id":"http:\/\/iapop.com\/es\/#organization"},"potentialAction":[{"@type":"SearchAction","target":{"@type":"EntryPoint","urlTemplate":"http:\/\/iapop.com\/es\/?s={search_term_string}"},"query-input":{"@type":"PropertyValueSpecification","valueRequired":true,"valueName":"search_term_string"}}],"inLanguage":"sk-SK"},{"@type":"Organization","@id":"http:\/\/iapop.com\/es\/#organization","name":"IAPOP","url":"http:\/\/iapop.com\/es\/","logo":{"@type":"ImageObject","inLanguage":"sk-SK","@id":"http:\/\/iapop.com\/es\/#\/schema\/logo\/image\/","url":"https:\/\/iapop.com\/wp-content\/uploads\/2024\/12\/Logo-300x131-1.png","contentUrl":"https:\/\/iapop.com\/wp-content\/uploads\/2024\/12\/Logo-300x131-1.png","width":300,"height":131,"caption":"IAPOP"},"image":{"@id":"http:\/\/iapop.com\/es\/#\/schema\/logo\/image\/"},"sameAs":["https:\/\/www.facebook.com\/processwork.iapop"]}]}},"_links":{"self":[{"href":"https:\/\/iapop.com\/sk\/wp-json\/wp\/v2\/pages\/7297","targetHints":{"allow":["GET"]}}],"collection":[{"href":"https:\/\/iapop.com\/sk\/wp-json\/wp\/v2\/pages"}],"about":[{"href":"https:\/\/iapop.com\/sk\/wp-json\/wp\/v2\/types\/page"}],"author":[{"embeddable":true,"href":"https:\/\/iapop.com\/sk\/wp-json\/wp\/v2\/users\/250"}],"replies":[{"embeddable":true,"href":"https:\/\/iapop.com\/sk\/wp-json\/wp\/v2\/comments?post=7297"}],"version-history":[{"count":2,"href":"https:\/\/iapop.com\/sk\/wp-json\/wp\/v2\/pages\/7297\/revisions"}],"predecessor-version":[{"id":7504,"href":"https:\/\/iapop.com\/sk\/wp-json\/wp\/v2\/pages\/7297\/revisions\/7504"}],"wp:attachment":[{"href":"https:\/\/iapop.com\/sk\/wp-json\/wp\/v2\/media?parent=7297"}],"curies":[{"name":"wp","href":"https:\/\/api.w.org\/{rel}","templated":true}]}}