{"id":7666,"date":"2025-06-28T11:05:13","date_gmt":"2025-06-28T10:05:13","guid":{"rendered":"https:\/\/iapop.com\/?page_id=7666"},"modified":"2025-07-12T12:18:58","modified_gmt":"2025-07-12T11:18:58","slug":"tribute-to-arnold-mindell","status":"publish","type":"page","link":"https:\/\/iapop.com\/sk\/tribute-to-arnold-mindell\/","title":{"rendered":"Pocta Arnoldovi Mindellovi"},"content":{"rendered":"<h1 class=\"wp-block-post-title\">Pocta Arnoldovi Mindellovi<\/h1>\n\n\n<figure class=\"wp-block-image size-large\"><img decoding=\"async\" src=\"https:\/\/iapop.com\/wp-content\/uploads\/2024\/07\/448826442_10160114639063027_2599602499405783343_n-2-2-1030x686.webp\" alt=\"\" class=\"wp-image-6381\"\/><\/figure>\n\n\n\n<p>S ve\u013ek\u00fdm z\u00e1rmutkom sme prijali a vyjadrili sm\u00fatok nad \u00famrt\u00edm Arnolda Mindella, ktor\u00fd zomrel 10. j\u00fana<sup>th<\/sup>, 2024. Arny, n\u00e1\u0161 zakladate\u013e, za\u010dal vyv\u00edja\u0165 procesne orientovan\u00fa psychol\u00f3giu koncom 70. rokov 20. storo\u010dia. Jeho brilantn\u00e1 myse\u013e a srdce, v\u00e1\u0161niv\u00fd v\u00fdskum, vyu\u010dovanie a p\u00edsanie, jeho pr\u00e1ca s jednotlivcami a skupinami a jeho hrav\u00fd duch n\u00e1s hlboko in\u0161pirovali a zasiahli do \u017eivota tis\u00edcov \u013eud\u00ed na celom svete. Sme ve\u013emi dojat\u00ed mno\u017estvom l\u00e1skypln\u00fdch a v\u010fa\u010dn\u00fdch svedectiev, my\u0161lienok a pocitov, ktor\u00e9 k n\u00e1m pr\u00fadia z medzin\u00e1rodnej komunity Process Work a zo \u0161ir\u0161ieho sveta. Ako povedala Amy Mindellov\u00e1: \"Je tak hrejiv\u00e9 c\u00edti\u0165, ako Arnyho pr\u00e1ca, \u017eivot a duch bud\u00fa \u017ei\u0165 \u010falej vo v\u0161etk\u00fdch va\u0161ich srdciach a prostredn\u00edctvom pr\u00e1ce, ktor\u00fa ka\u017ed\u00fd z v\u00e1s vykon\u00e1va vo svete, \u010d\u00edm sa pln\u00ed jedno z Arnyho najhlb\u0161\u00edch \u017eelan\u00ed - urobi\u0165 svet lep\u0161\u00edm miestom pre v\u0161etk\u00fdch.&nbsp;<\/p>\n\n\n\n<p>Arny bol v\u017edy pragmatick\u00fd v\u00fdskumn\u00edk, ktor\u00fd v\u010faka kombin\u00e1cii fyziky a psychol\u00f3gie - a v\u010faka svojej mimoriadnej schopnosti sledova\u0165 proces a d\u00f4verova\u0165 mu - v\u017edy h\u013eadal lep\u0161ie sp\u00f4soby, ako u\u013eah\u010di\u0165 svet a \u013eudsk\u00fa situ\u00e1ciu. To ho viedlo k vytvoreniu koncepcie a pr\u00edstupu Dreambody, k roz\u0161\u00edreniu individu\u00e1lnej psychol\u00f3gie o skupinov\u00fa dynamiku a pr\u00e1cu so svetom a k mnoh\u00e9mu \u010fal\u0161iemu a k tomu, \u017ee sa stal in\u0161pir\u00e1ciou a hnac\u00edm motorom pre neust\u00e1le sa roz\u0161iruj\u00facu medzin\u00e1rodn\u00fa sie\u0165 praktizuj\u00facich a \u0161koliacich centier Process Work po celom svete. Medzin\u00e1rodn\u00e1 asoci\u00e1cia procesnej psychol\u00f3gie (IAPOP) mu bude v\u017edy hlboko zaviazan\u00e1.&nbsp;<\/p>\n\n\n\n<p>Hoci Arny tu u\u017e nie je vo svojom fyzickom tele, vieme, \u017ee bude st\u00e1le s nami. Ako s\u00e1m povedal,&nbsp;<em>\"Nie sme \u017eiv\u00ed ani m\u0155tvi, ale prebiehaj\u00faci proces.\"<\/em>&nbsp;Tak\u017ee je tu a bude n\u00e1m na\u010falej pom\u00e1ha\u0165 kr\u00e1\u010da\u0165 do bud\u00facnosti, ke\u010f ka\u017ed\u00fd svoj\u00edm sp\u00f4sobom ponesieme jeho bohat\u00fd odkaz do sveta.&nbsp;<\/p>\n\n\n\n<p>\u010eakujem ti, Arny, \u017ee si pre n\u00e1s v\u0161etk\u00fdch \u017eiariv\u00fdm svetlom.&nbsp;<\/p>\n\n\n\n<p>Ak by ste chceli zverejni\u0165 svoj z\u00e1\u017eitok alebo spomienku na Arnyho, m\u00f4\u017eete tak urobi\u0165 na jeho str\u00e1nke na adrese&nbsp;<a href=\"https:\/\/www.online-tribute.com\/ArnoldMindell\">https:\/\/www.online-tribute.com\/ArnoldMindell<\/a>.&nbsp;<\/p>\n\n\n\n<p><\/p>\n\n\n\n<h2 class=\"wp-block-heading\">Video oslavuj\u00face Arny<\/h2>\n\n\n\n<p>Toto video vytvorila Arnyho partnerka Amy Mindellov\u00e1 pre online oslavu, ktor\u00e1 sa konala 22. augusta 2024. Pri sledovan\u00ed uvid\u00edte \u00faprimn\u00fa zbierku fotografi\u00ed, piesn\u00ed a videoklipov, ktor\u00e9 zachyt\u00e1vaj\u00fa kr\u00e1su, h\u013abku a ducha, ktor\u00e9 Arny priniesol svetu. Je to pocta vytvoren\u00e1 s hlbokou l\u00e1skou, ktor\u00e1 v\u00e1m pom\u00f4\u017ee poc\u00edti\u0165 jeho pr\u00edtomnos\u0165 a pripomen\u00fa\u0165 si rados\u0165 a m\u00fadros\u0165, o ktor\u00fa sa podelil s mnoh\u00fdmi. Nech v\u00e1m prinesie teplo, spojenie a zamyslenie.<\/p>\n\n\n\n<figure class=\"wp-block-embed is-type-video is-provider-youtube wp-block-embed-youtube wp-embed-aspect-16-9 wp-has-aspect-ratio\"><div class=\"wp-block-embed__wrapper\">\n<iframe loading=\"lazy\" title=\"Film na po\u010des\u0165 a oslavu Arnolda Mindella (Arnyho) na online stretnutie 24. augusta 2024\" width=\"500\" height=\"281\" src=\"https:\/\/www.youtube.com\/embed\/GbqKt3mknrg?feature=oembed\" frameborder=\"0\" allow=\"accelerometer; autoplay; clipboard-write; encrypted-media; gyroscope; picture-in-picture; web-share\" referrerpolicy=\"strict-origin-when-cross-origin\" allowfullscreen><\/iframe>\n<\/div><\/figure>\n\n\n\n<h2 class=\"wp-block-heading\">Rozhovory<\/h2>\n\n\n\n<p>Tento \u017eiv\u00fd, d\u00f4vern\u00fd a neform\u00e1lny rozhovor s Arnym Mindellom bol nato\u010den\u00fd v decembri 2021. Ide o rozsiahlu diskusiu o jeho \u017eivote a pr\u00e1ci pri vytv\u00e1ran\u00ed \"Psychol\u00f3gie orientovanej na procesy\". Rozhovor Arnyho s Cathy Bernattovou nato\u010dil Jerry Grant s l\u00e1skou a podporou Amy Mindellovej<\/p>\n\n\n\n<figure class=\"wp-block-embed is-type-video is-provider-youtube wp-block-embed-youtube wp-embed-aspect-16-9 wp-has-aspect-ratio\"><div class=\"wp-block-embed__wrapper\">\n<iframe loading=\"lazy\" title=\"Arnold Mindell: autor, u\u010dite\u013e, psychol\u00f3g, sn\u00edlek: Mindell: Portr\u00e9t (cel\u00fd film)\" width=\"500\" height=\"281\" src=\"https:\/\/www.youtube.com\/embed\/C7Ja0Hjf0MY?feature=oembed\" frameborder=\"0\" allow=\"accelerometer; autoplay; clipboard-write; encrypted-media; gyroscope; picture-in-picture; web-share\" referrerpolicy=\"strict-origin-when-cross-origin\" allowfullscreen><\/iframe>\n<\/div><\/figure>","protected":false},"excerpt":{"rendered":"<p>It is with utmost sadness that we process and grieve Arnold Mindell\u2019s passing on June 10th, 2024. Arny, our founder, began developing Process Oriented Psychology in the late 1970s. His [&hellip;]<\/p>\n","protected":false},"author":250,"featured_media":0,"parent":0,"menu_order":0,"comment_status":"closed","ping_status":"closed","template":"","meta":{"_EventAllDay":false,"_EventTimezone":"","_EventStartDate":"","_EventEndDate":"","_EventStartDateUTC":"","_EventEndDateUTC":"","_EventShowMap":false,"_EventShowMapLink":false,"_EventURL":"","_EventCost":"","_EventCostDescription":"","_EventCurrencySymbol":"","_EventCurrencyCode":"","_EventCurrencyPosition":"","_EventDateTimeSeparator":"","_EventTimeRangeSeparator":"","_EventOrganizerID":[],"_EventVenueID":[],"_OrganizerEmail":"","_OrganizerPhone":"","_OrganizerWebsite":"","_VenueAddress":"","_VenueCity":"","_VenueCountry":"","_VenueProvince":"","_VenueState":"","_VenueZip":"","_VenuePhone":"","_VenueURL":"","_VenueStateProvince":"","_VenueLat":"","_VenueLng":"","_VenueShowMap":false,"_VenueShowMapLink":false,"footnotes":""},"class_list":["post-7666","page","type-page","status-publish","hentry"],"yoast_head":"<!-- This site is optimized with the Yoast SEO plugin v27.3 - https:\/\/yoast.com\/product\/yoast-seo-wordpress\/ -->\n<title>Tribute to Arnold Mindell - IAPOP<\/title>\n<meta name=\"robots\" content=\"index, follow, max-snippet:-1, max-image-preview:large, max-video-preview:-1\" \/>\n<link rel=\"canonical\" href=\"https:\/\/iapop.com\/sk\/tribute-to-arnold-mindell\/\" \/>\n<meta property=\"og:locale\" content=\"sk_SK\" \/>\n<meta property=\"og:type\" content=\"article\" \/>\n<meta property=\"og:title\" content=\"Tribute to Arnold Mindell - IAPOP\" \/>\n<meta property=\"og:description\" content=\"It is with utmost sadness that we process and grieve Arnold Mindell\u2019s passing on June 10th, 2024. Arny, our founder, began developing Process Oriented Psychology in the late 1970s. His [&hellip;]\" \/>\n<meta property=\"og:url\" content=\"https:\/\/iapop.com\/sk\/tribute-to-arnold-mindell\/\" \/>\n<meta property=\"og:site_name\" content=\"IAPOP\" \/>\n<meta property=\"article:publisher\" content=\"https:\/\/www.facebook.com\/processwork.iapop\" \/>\n<meta property=\"article:modified_time\" content=\"2025-07-12T11:18:58+00:00\" \/>\n<meta property=\"og:image\" content=\"https:\/\/iapop.com\/wp-content\/uploads\/2024\/07\/448826442_10160114639063027_2599602499405783343_n-2-2.avif\" \/>\n\t<meta property=\"og:image:width\" content=\"1280\" \/>\n\t<meta property=\"og:image:height\" content=\"853\" \/>\n\t<meta property=\"og:image:type\" content=\"image\/jpeg\" \/>\n<meta name=\"twitter:card\" content=\"summary_large_image\" \/>\n<meta name=\"twitter:label1\" content=\"Predpokladan\u00fd \u010das \u010d\u00edtania\" \/>\n\t<meta name=\"twitter:data1\" content=\"3 min\u00faty\" \/>\n<script type=\"application\/ld+json\" class=\"yoast-schema-graph\">{\"@context\":\"https:\\\/\\\/schema.org\",\"@graph\":[{\"@type\":\"WebPage\",\"@id\":\"https:\\\/\\\/iapop.com\\\/tribute-to-arnold-mindell\\\/\",\"url\":\"https:\\\/\\\/iapop.com\\\/tribute-to-arnold-mindell\\\/\",\"name\":\"Tribute to Arnold Mindell - IAPOP\",\"isPartOf\":{\"@id\":\"http:\\\/\\\/iapop.com\\\/es\\\/#website\"},\"primaryImageOfPage\":{\"@id\":\"https:\\\/\\\/iapop.com\\\/tribute-to-arnold-mindell\\\/#primaryimage\"},\"image\":{\"@id\":\"https:\\\/\\\/iapop.com\\\/tribute-to-arnold-mindell\\\/#primaryimage\"},\"thumbnailUrl\":\"https:\\\/\\\/iapop.com\\\/wp-content\\\/uploads\\\/2024\\\/07\\\/448826442_10160114639063027_2599602499405783343_n-2-2-1030x686.webp\",\"datePublished\":\"2025-06-28T10:05:13+00:00\",\"dateModified\":\"2025-07-12T11:18:58+00:00\",\"breadcrumb\":{\"@id\":\"https:\\\/\\\/iapop.com\\\/tribute-to-arnold-mindell\\\/#breadcrumb\"},\"inLanguage\":\"sk-SK\",\"potentialAction\":[{\"@type\":\"ReadAction\",\"target\":[\"https:\\\/\\\/iapop.com\\\/tribute-to-arnold-mindell\\\/\"]}]},{\"@type\":\"ImageObject\",\"inLanguage\":\"sk-SK\",\"@id\":\"https:\\\/\\\/iapop.com\\\/tribute-to-arnold-mindell\\\/#primaryimage\",\"url\":\"https:\\\/\\\/iapop.com\\\/wp-content\\\/uploads\\\/2024\\\/07\\\/448826442_10160114639063027_2599602499405783343_n-2-2-1030x686.webp\",\"contentUrl\":\"https:\\\/\\\/iapop.com\\\/wp-content\\\/uploads\\\/2024\\\/07\\\/448826442_10160114639063027_2599602499405783343_n-2-2-1030x686.webp\"},{\"@type\":\"BreadcrumbList\",\"@id\":\"https:\\\/\\\/iapop.com\\\/tribute-to-arnold-mindell\\\/#breadcrumb\",\"itemListElement\":[{\"@type\":\"ListItem\",\"position\":1,\"name\":\"Home\",\"item\":\"https:\\\/\\\/iapop.com\\\/\"},{\"@type\":\"ListItem\",\"position\":2,\"name\":\"Tribute to Arnold Mindell\"}]},{\"@type\":\"WebSite\",\"@id\":\"http:\\\/\\\/iapop.com\\\/es\\\/#website\",\"url\":\"http:\\\/\\\/iapop.com\\\/es\\\/\",\"name\":\"IAPOP\",\"description\":\"Process Oriented Psychology\",\"publisher\":{\"@id\":\"http:\\\/\\\/iapop.com\\\/es\\\/#organization\"},\"potentialAction\":[{\"@type\":\"SearchAction\",\"target\":{\"@type\":\"EntryPoint\",\"urlTemplate\":\"http:\\\/\\\/iapop.com\\\/es\\\/?s={search_term_string}\"},\"query-input\":{\"@type\":\"PropertyValueSpecification\",\"valueRequired\":true,\"valueName\":\"search_term_string\"}}],\"inLanguage\":\"sk-SK\"},{\"@type\":\"Organization\",\"@id\":\"http:\\\/\\\/iapop.com\\\/es\\\/#organization\",\"name\":\"IAPOP\",\"url\":\"http:\\\/\\\/iapop.com\\\/es\\\/\",\"logo\":{\"@type\":\"ImageObject\",\"inLanguage\":\"sk-SK\",\"@id\":\"http:\\\/\\\/iapop.com\\\/es\\\/#\\\/schema\\\/logo\\\/image\\\/\",\"url\":\"https:\\\/\\\/iapop.com\\\/wp-content\\\/uploads\\\/2024\\\/12\\\/Logo-300x131-1.png\",\"contentUrl\":\"https:\\\/\\\/iapop.com\\\/wp-content\\\/uploads\\\/2024\\\/12\\\/Logo-300x131-1.png\",\"width\":300,\"height\":131,\"caption\":\"IAPOP\"},\"image\":{\"@id\":\"http:\\\/\\\/iapop.com\\\/es\\\/#\\\/schema\\\/logo\\\/image\\\/\"},\"sameAs\":[\"https:\\\/\\\/www.facebook.com\\\/processwork.iapop\"]}]}<\/script>\n<!-- \/ Yoast SEO plugin. -->","yoast_head_json":{"title":"Pocta Arnoldovi Mindellovi - IAPOP","robots":{"index":"index","follow":"follow","max-snippet":"max-snippet:-1","max-image-preview":"max-image-preview:large","max-video-preview":"max-video-preview:-1"},"canonical":"https:\/\/iapop.com\/sk\/tribute-to-arnold-mindell\/","og_locale":"sk_SK","og_type":"article","og_title":"Tribute to Arnold Mindell - IAPOP","og_description":"It is with utmost sadness that we process and grieve Arnold Mindell\u2019s passing on June 10th, 2024. Arny, our founder, began developing Process Oriented Psychology in the late 1970s. His [&hellip;]","og_url":"https:\/\/iapop.com\/sk\/tribute-to-arnold-mindell\/","og_site_name":"IAPOP","article_publisher":"https:\/\/www.facebook.com\/processwork.iapop","article_modified_time":"2025-07-12T11:18:58+00:00","og_image":[{"width":1280,"height":853,"url":"https:\/\/iapop.com\/wp-content\/uploads\/2024\/07\/448826442_10160114639063027_2599602499405783343_n-2-2.avif","type":"image\/jpeg"}],"twitter_card":"summary_large_image","twitter_misc":{"Predpokladan\u00fd \u010das \u010d\u00edtania":"3 min\u00faty"},"schema":{"@context":"https:\/\/schema.org","@graph":[{"@type":"WebPage","@id":"https:\/\/iapop.com\/tribute-to-arnold-mindell\/","url":"https:\/\/iapop.com\/tribute-to-arnold-mindell\/","name":"Pocta Arnoldovi Mindellovi - IAPOP","isPartOf":{"@id":"http:\/\/iapop.com\/es\/#website"},"primaryImageOfPage":{"@id":"https:\/\/iapop.com\/tribute-to-arnold-mindell\/#primaryimage"},"image":{"@id":"https:\/\/iapop.com\/tribute-to-arnold-mindell\/#primaryimage"},"thumbnailUrl":"https:\/\/iapop.com\/wp-content\/uploads\/2024\/07\/448826442_10160114639063027_2599602499405783343_n-2-2-1030x686.webp","datePublished":"2025-06-28T10:05:13+00:00","dateModified":"2025-07-12T11:18:58+00:00","breadcrumb":{"@id":"https:\/\/iapop.com\/tribute-to-arnold-mindell\/#breadcrumb"},"inLanguage":"sk-SK","potentialAction":[{"@type":"ReadAction","target":["https:\/\/iapop.com\/tribute-to-arnold-mindell\/"]}]},{"@type":"ImageObject","inLanguage":"sk-SK","@id":"https:\/\/iapop.com\/tribute-to-arnold-mindell\/#primaryimage","url":"https:\/\/iapop.com\/wp-content\/uploads\/2024\/07\/448826442_10160114639063027_2599602499405783343_n-2-2-1030x686.webp","contentUrl":"https:\/\/iapop.com\/wp-content\/uploads\/2024\/07\/448826442_10160114639063027_2599602499405783343_n-2-2-1030x686.webp"},{"@type":"BreadcrumbList","@id":"https:\/\/iapop.com\/tribute-to-arnold-mindell\/#breadcrumb","itemListElement":[{"@type":"ListItem","position":1,"name":"Home","item":"https:\/\/iapop.com\/"},{"@type":"ListItem","position":2,"name":"Tribute to Arnold Mindell"}]},{"@type":"WebSite","@id":"http:\/\/iapop.com\/es\/#website","url":"http:\/\/iapop.com\/es\/","name":"IAPOP","description":"Procesne orientovan\u00e1 psychol\u00f3gia","publisher":{"@id":"http:\/\/iapop.com\/es\/#organization"},"potentialAction":[{"@type":"SearchAction","target":{"@type":"EntryPoint","urlTemplate":"http:\/\/iapop.com\/es\/?s={search_term_string}"},"query-input":{"@type":"PropertyValueSpecification","valueRequired":true,"valueName":"search_term_string"}}],"inLanguage":"sk-SK"},{"@type":"Organization","@id":"http:\/\/iapop.com\/es\/#organization","name":"IAPOP","url":"http:\/\/iapop.com\/es\/","logo":{"@type":"ImageObject","inLanguage":"sk-SK","@id":"http:\/\/iapop.com\/es\/#\/schema\/logo\/image\/","url":"https:\/\/iapop.com\/wp-content\/uploads\/2024\/12\/Logo-300x131-1.png","contentUrl":"https:\/\/iapop.com\/wp-content\/uploads\/2024\/12\/Logo-300x131-1.png","width":300,"height":131,"caption":"IAPOP"},"image":{"@id":"http:\/\/iapop.com\/es\/#\/schema\/logo\/image\/"},"sameAs":["https:\/\/www.facebook.com\/processwork.iapop"]}]}},"_links":{"self":[{"href":"https:\/\/iapop.com\/sk\/wp-json\/wp\/v2\/pages\/7666","targetHints":{"allow":["GET"]}}],"collection":[{"href":"https:\/\/iapop.com\/sk\/wp-json\/wp\/v2\/pages"}],"about":[{"href":"https:\/\/iapop.com\/sk\/wp-json\/wp\/v2\/types\/page"}],"author":[{"embeddable":true,"href":"https:\/\/iapop.com\/sk\/wp-json\/wp\/v2\/users\/250"}],"replies":[{"embeddable":true,"href":"https:\/\/iapop.com\/sk\/wp-json\/wp\/v2\/comments?post=7666"}],"version-history":[{"count":3,"href":"https:\/\/iapop.com\/sk\/wp-json\/wp\/v2\/pages\/7666\/revisions"}],"predecessor-version":[{"id":7725,"href":"https:\/\/iapop.com\/sk\/wp-json\/wp\/v2\/pages\/7666\/revisions\/7725"}],"wp:attachment":[{"href":"https:\/\/iapop.com\/sk\/wp-json\/wp\/v2\/media?parent=7666"}],"curies":[{"name":"wp","href":"https:\/\/api.w.org\/{rel}","templated":true}]}}