{"id":7727,"date":"2025-07-13T11:14:46","date_gmt":"2025-07-13T10:14:46","guid":{"rendered":"https:\/\/iapop.com\/?page_id=7727"},"modified":"2025-07-14T05:08:41","modified_gmt":"2025-07-14T04:08:41","slug":"book-chapters","status":"publish","type":"page","link":"https:\/\/iapop.com\/sk\/book-chapters\/","title":{"rendered":"Kapitoly z knihy"},"content":{"rendered":"<h1 class=\"wp-block-post-title\">Kapitoly z knihy<\/h1>\n\n\n<div class=\"wp-block-group has-white-background-color has-background is-nowrap is-layout-flex wp-container-core-group-is-layout-e021f648 wp-block-group-is-layout-flex\" style=\"padding-top:var(--wp--preset--spacing--20);padding-bottom:var(--wp--preset--spacing--20)\">\n<div class=\"wp-block-group has-border-color has-gray-lighter-4-border-color has-brand-primary-lighter-3-background-color has-background wp-container-content-29dca9c1 is-layout-constrained wp-container-core-group-is-layout-639b5052 wp-block-group-is-layout-constrained\" style=\"border-width:1px;padding-top:0;padding-right:0;padding-bottom:0;padding-left:0\">\n<figure class=\"wp-block-image size-full\"><img loading=\"lazy\" decoding=\"async\" width=\"600\" height=\"1000\" src=\"https:\/\/iapop.com\/wp-content\/uploads\/2025\/07\/On-Becoming-a-Racially-Sensitive-Therapist-COVER.avif\" alt=\"\" class=\"wp-image-7704\" style=\"object-fit:cover\" srcset=\"https:\/\/iapop.com\/wp-content\/uploads\/2025\/07\/On-Becoming-a-Racially-Sensitive-Therapist-COVER.avif 600w, https:\/\/iapop.com\/wp-content\/uploads\/2025\/07\/On-Becoming-a-Racially-Sensitive-Therapist-COVER-180x300.avif 180w, https:\/\/iapop.com\/wp-content\/uploads\/2025\/07\/On-Becoming-a-Racially-Sensitive-Therapist-COVER-7x12.avif 7w\" sizes=\"auto, (max-width: 600px) 100vw, 600px\" \/><\/figure>\n<\/div>\n\n\n\n<div class=\"wp-block-group is-vertical is-layout-flex wp-container-core-group-is-layout-fe9cc265 wp-block-group-is-layout-flex\">\n<div class=\"wp-block-group is-layout-constrained wp-container-core-group-is-layout-aceb2798 wp-block-group-is-layout-constrained\">\n<p><\/p>\n\n\n\n<p><\/p>\n\n\n\n<h3 class=\"wp-block-heading\">Kapitola z knihy: Rasov\u00e1 \u0161koda v pom\u00e1haj\u00facich vz\u0165ahoch a neoby\u010dajn\u00e1 cesta k n\u00e1prave<\/h3>\n\n\n\n<p>Strany 198-225<\/p>\n\n\n\n<p class=\"has-gray-lighter-2-color has-text-color has-link-color has-extra-small-font-size wp-elements-2eb062941e18670cc078383afd95b711\"><span class=\"wp-rich-text-font-awesome-icon wp-font-awesome-icon\"><svg aria-hidden=\"true\" focusable=\"false\" data-prefix=\"fas\" data-icon=\"user\" class=\"svg-inline--fa fa-user\" role=\"img\" xmlns=\"http:\/\/www.w3.org\/2000\/svg\" viewbox=\"0 0 448 512\" style=\"font-size:.8em\" color=\"#626262\"><path fill=\"currentColor\" d=\"M224 256A128 128 0 1 0 224 0a128 128 0 1 0 0 256zm-45.7 48C79.8 304 0 383.8 0 482.3C0 498.7 13.3 512 29.7 512l388.6 0c16.4 0 29.7-13.3 29.7-29.7C448 383.8 368.2 304 269.7 304l-91.4 0z\"><\/path><\/svg><\/span> <a href=\"https:\/\/www.linkedin.com\/in\/yasmeen-rubidge-182b308\/\">Yasmeen Rubidge<\/a> a <a href=\"https:\/\/processworklane.com\/\">Lane Arye<\/a><\/p>\n<\/div>\n\n\n\n<div class=\"wp-block-group is-layout-constrained wp-block-group-is-layout-constrained\">\n<p>V knihe: 2025 <em>Ako sa sta\u0165 rasovo citliv\u00fdm terapeutom: Rasa v klinickej praxi<\/em>, ktor\u00fa upravil Kenneth V. Hardy<\/p>\n\n\n\n<p>Toto je n\u00e1\u0161 pr\u00edbeh o roztr\u017eke, ktor\u00e1 ukon\u010dila n\u00e1\u0161 vz\u0165ah Process Work \/ Worldwork kou\u010dovania, ktor\u00fd bol postaven\u00fd na iskre vz\u00e1jomn\u00e9ho poznania, porozumenia, rokov hlbokej pr\u00e1ce a d\u00f4very. Nap\u00edsali ho Yasmeen, \u010derno\u0161ka a moslimka, ktor\u00e1 vyrastala v segregovan\u00fdch farebn\u00fdch mest\u00e1ch v Ju\u017enej Afrike, a Lane, biely \u017did, ktor\u00fd vyrastal v \u010disto bielych \u0161tvrtiach v \u010dervenej Amerike. Opisujeme, \u010do sa stalo, ke\u010f n\u00e1s pozvanie nap\u00edsa\u0165 t\u00fato kapitolu priviedlo tv\u00e1rou v tv\u00e1r cez priepas\u0165. S\u00fa to na\u0161e kroky vpred, pauzy a zvraty, ke\u010f sme sa zaviazali na cestu uzdravenia a vytvorili nov\u00e9 sp\u00f4soby vz\u0165ahov naprie\u010d rasou.<\/p>\n\n\n\n<p><a href=\"https:\/\/wwnorton.com\/books\/9781324082491\/about-the-book\/reviews\">Pozri recenziu knihy <\/a><\/p>\n<\/div>\n<\/div>\n<\/div>\n\n\n\n<div class=\"wp-block-group has-white-background-color has-background is-nowrap is-layout-flex wp-container-core-group-is-layout-e021f648 wp-block-group-is-layout-flex\" style=\"padding-top:var(--wp--preset--spacing--20);padding-bottom:var(--wp--preset--spacing--20)\">\n<div class=\"wp-block-group has-border-color has-gray-lighter-4-border-color has-brand-primary-lighter-3-background-color has-background wp-container-content-29dca9c1 is-layout-constrained wp-container-core-group-is-layout-639b5052 wp-block-group-is-layout-constrained\" style=\"border-width:1px;padding-top:0;padding-right:0;padding-bottom:0;padding-left:0\">\n<figure class=\"wp-block-image size-full\"><img loading=\"lazy\" decoding=\"async\" width=\"600\" height=\"1000\" src=\"https:\/\/iapop.com\/wp-content\/uploads\/2025\/07\/the-enduring-invisible-and-ubiquitous-centrality-of-whiteness-COVER-600x1000-1.avif\" alt=\"\" class=\"wp-image-7701\" style=\"object-fit:cover\" srcset=\"https:\/\/iapop.com\/wp-content\/uploads\/2025\/07\/the-enduring-invisible-and-ubiquitous-centrality-of-whiteness-COVER-600x1000-1.avif 600w, https:\/\/iapop.com\/wp-content\/uploads\/2025\/07\/the-enduring-invisible-and-ubiquitous-centrality-of-whiteness-COVER-600x1000-1-180x300.avif 180w, https:\/\/iapop.com\/wp-content\/uploads\/2025\/07\/the-enduring-invisible-and-ubiquitous-centrality-of-whiteness-COVER-600x1000-1-7x12.avif 7w\" sizes=\"auto, (max-width: 600px) 100vw, 600px\" \/><\/figure>\n<\/div>\n\n\n\n<div class=\"wp-block-group is-vertical is-layout-flex wp-container-core-group-is-layout-fe9cc265 wp-block-group-is-layout-flex\">\n<div class=\"wp-block-group is-layout-constrained wp-container-core-group-is-layout-aceb2798 wp-block-group-is-layout-constrained\">\n<h3 class=\"wp-block-heading\">Kapitola z knihy: Bludn\u00fd kruh bielej centr\u00e1lnej poz\u00edcie <\/h3>\n\n\n\n<p><span style=\"caret-color: rgb(0, 0, 0); color: rgb(0, 0, 0); font-family: -webkit-standard; font-size: medium; font-weight: 400; white-space: normal;\">Strany 74-95<\/span><\/p>\n\n\n\n<p class=\"has-gray-lighter-2-color has-text-color has-link-color has-extra-small-font-size wp-elements-ffcb5a0d1e0b060af01dbc191dbdf468\"><span class=\"wp-rich-text-font-awesome-icon wp-font-awesome-icon\"><svg aria-hidden=\"true\" focusable=\"false\" data-prefix=\"fas\" data-icon=\"user\" class=\"svg-inline--fa fa-user\" role=\"img\" xmlns=\"http:\/\/www.w3.org\/2000\/svg\" viewbox=\"0 0 448 512\" style=\"font-size:.8em\" color=\"#626262\"><path fill=\"currentColor\" d=\"M224 256A128 128 0 1 0 224 0a128 128 0 1 0 0 256zm-45.7 48C79.8 304 0 383.8 0 482.3C0 498.7 13.3 512 29.7 512l388.6 0c16.4 0 29.7-13.3 29.7-29.7C448 383.8 368.2 304 269.7 304l-91.4 0z\"><\/path><\/svg><\/span> <a href=\"http:\/\/www.processworklane.com\/\">Lane Arye<\/a><\/p>\n<\/div>\n\n\n\n<div class=\"wp-block-group is-layout-constrained wp-block-group-is-layout-constrained\">\n<p>V knihe: 2022 <em>Trval\u00e1, nevidite\u013en\u00e1 a v\u0161adepr\u00edtomn\u00e1 \u00fastredn\u00e1 \u00faloha belo\u0161stva<\/em>, ktor\u00fa upravil Kenneth V. Hardy<\/p>\n\n\n\n<p>T\u00e1to kapitola sa hlb\u0161ie zaober\u00e1 jedn\u00fdm z pr\u00edkladov koncepcie soci\u00e1lnej hodnosti v r\u00e1mci Process Work \/ World Work. Zameriava sa na centr\u00e1lnu poz\u00edciu bielych, aby pouk\u00e1zala na to, ako centrovanie bielych \u013eud\u00ed a belo\u0161stva, navonok i dovn\u00fatra, s na\u0161\u00edm vedom\u00edm alebo bez neho, vytl\u00e1\u010da \u010diernych, domorod\u00fdch a farebn\u00fdch \u013eud\u00ed (BIPOC) na okraj spolo\u010dnosti, vz\u0165ahov a prior\u00edt bielych \u013eud\u00ed, \u010do m\u00e1 katastrof\u00e1lne n\u00e1sledky. Kriticky a komplexne sk\u00fama, ako \u00fastredn\u00e9 postavenie belo\u0161stva ovplyv\u0148uje n\u00e1\u0161 ka\u017edodenn\u00fd \u017eivot a medzirasov\u00e9 vz\u0165ahy.<\/p>\n<\/div>\n<\/div>\n<\/div>\n\n\n\n<div class=\"wp-block-group has-white-background-color has-background is-nowrap is-layout-flex wp-container-core-group-is-layout-e021f648 wp-block-group-is-layout-flex\" style=\"padding-top:var(--wp--preset--spacing--20);padding-bottom:var(--wp--preset--spacing--20)\">\n<div class=\"wp-block-group has-border-color has-gray-lighter-4-border-color has-brand-primary-lighter-3-background-color has-background wp-container-content-29dca9c1 is-layout-constrained wp-container-core-group-is-layout-639b5052 wp-block-group-is-layout-constrained\" style=\"border-width:1px;padding-top:0;padding-right:0;padding-bottom:0;padding-left:0\">\n<figure class=\"wp-block-image size-full\"><img loading=\"lazy\" decoding=\"async\" width=\"426\" height=\"640\" src=\"https:\/\/iapop.com\/wp-content\/uploads\/2025\/07\/814n97OfTTL._AC_UL640_QL65_-1.avif\" alt=\"\" class=\"wp-image-7759\" style=\"object-fit:cover\" srcset=\"https:\/\/iapop.com\/wp-content\/uploads\/2025\/07\/814n97OfTTL._AC_UL640_QL65_-1.avif 426w, https:\/\/iapop.com\/wp-content\/uploads\/2025\/07\/814n97OfTTL._AC_UL640_QL65_-1-200x300.avif 200w, https:\/\/iapop.com\/wp-content\/uploads\/2025\/07\/814n97OfTTL._AC_UL640_QL65_-1-8x12.avif 8w\" sizes=\"auto, (max-width: 426px) 100vw, 426px\" \/><\/figure>\n<\/div>\n\n\n\n<div class=\"wp-block-group is-vertical is-layout-flex wp-container-core-group-is-layout-fe9cc265 wp-block-group-is-layout-flex\">\n<div class=\"wp-block-group is-layout-constrained wp-container-core-group-is-layout-aceb2798 wp-block-group-is-layout-constrained\">\n<p><\/p>\n\n\n\n<p><\/p>\n\n\n\n<p><\/p>\n\n\n\n<h3 class=\"wp-block-heading\">Kapitola z knihy: Re-imagining person-centred practice in a person-first organization (Znovu si predstavi\u0165 prax zameran\u00fa na \u010dloveka v organiz\u00e1cii zameranej na \u010dloveka) <\/h3>\n\n\n\n<p><span style=\"caret-color: rgb(0, 0, 0); color: rgb(0, 0, 0); font-family: -webkit-standard; font-size: medium; font-weight: 400; white-space: normal;\">Strany 242-261<\/span><\/p>\n\n\n\n<p class=\"has-gray-lighter-2-color has-text-color has-link-color has-extra-small-font-size wp-elements-7655b594f1c59600b865548d2bcec67e\"><span class=\"wp-rich-text-font-awesome-icon wp-font-awesome-icon\"><svg aria-hidden=\"true\" focusable=\"false\" data-prefix=\"fas\" data-icon=\"user\" class=\"svg-inline--fa fa-user\" role=\"img\" xmlns=\"http:\/\/www.w3.org\/2000\/svg\" viewbox=\"0 0 448 512\" style=\"font-size:.8em\" color=\"#626262\"><path fill=\"currentColor\" d=\"M224 256A128 128 0 1 0 224 0a128 128 0 1 0 0 256zm-45.7 48C79.8 304 0 383.8 0 482.3C0 498.7 13.3 512 29.7 512l388.6 0c16.4 0 29.7-13.3 29.7-29.7C448 383.8 368.2 304 269.7 304l-91.4 0z\"><\/path><\/svg><\/span> <a href=\"http:\/\/www.turningforward.org\">Julia Wolfsonov\u00e1 <\/a><\/p>\n<\/div>\n\n\n\n<div class=\"wp-block-group is-layout-constrained wp-block-group-is-layout-constrained\">\n<p>V knihe: 2019 <em>Nez\u00e1visl\u00e9 myslenie v neistom svete. A Mind of One's Own. editori: Valerie A. Brown, John A. Harris a David Waltner Toews <\/em><\/p>\n\n\n\n<p>T\u00e1to kapitola je ur\u010den\u00e1 ved\u00facim, klinick\u00fdm poradcom, facilit\u00e1torom a odborn\u00edkom z praxe v agent\u00farach reziden\u010dnej starostlivosti. Pr\u00edklad pr\u00edpadu ukazuje pr\u00edstup Process Work k facilit\u00e1cii t\u00edmov\u00e9ho stretnutia s person\u00e1lom, ktor\u00fd je zm\u00e4ten\u00fd l\u00e1skou obyvate\u013ea k jedlu a chce zvr\u00e1ti\u0165 svoj reflex karhania za zmenen\u00e9 spr\u00e1vanie - z ktor\u00e9ho je vy\u010derpan\u00fd . Skupinov\u00fd proces sa rozv\u00edja a prehlbuje v re\u00e1lnom \u010dase, pri\u010dom sa ukazuje, \u017ee r\u00f4zni \u010dlenovia t\u00edmu vstupuj\u00fa do r\u00f4znych rol\u00ed a rol\u00ed duchov a rast\u00fa v uvedomen\u00ed pri prechode z hotspotu do coolspotu a hlb\u0161ieho vh\u013eadu do pl\u00e1nu . Pr\u00edpad je r\u00e1mcovan\u00fd opismi Process Work o \u017eivotn\u00fdch m\u00fdtoch a symetrii individu\u00e1lneho a kolekt\u00edvneho nap\u00e4tia v kontexte syst\u00e9mu starostlivosti. To pom\u00e1ha osvetli\u0165 facilit\u00e1ciu skupinov\u00e9ho procesu, a to ka\u017edodenn\u00fdm jazykom pre \u0161irok\u00fa \u010ditate\u013esk\u00fa verejnos\u0165. <\/p>\n<\/div>\n<\/div>\n<\/div>\n\n\n\n<p><\/p>","protected":false},"excerpt":{"rendered":"<p>Book Chapter: Racial Harm in Helping Relationships and an Uncommon Journey toward Repair Pages 198-225 Yasmeen Rubidge and Lane Arye In Book: 2025 On Becoming a Racially Sensitive Therapist: Race [&hellip;]<\/p>\n","protected":false},"author":352,"featured_media":0,"parent":0,"menu_order":0,"comment_status":"closed","ping_status":"closed","template":"","meta":{"_EventAllDay":false,"_EventTimezone":"","_EventStartDate":"","_EventEndDate":"","_EventStartDateUTC":"","_EventEndDateUTC":"","_EventShowMap":false,"_EventShowMapLink":false,"_EventURL":"","_EventCost":"","_EventCostDescription":"","_EventCurrencySymbol":"","_EventCurrencyCode":"","_EventCurrencyPosition":"","_EventDateTimeSeparator":"","_EventTimeRangeSeparator":"","_EventOrganizerID":[],"_EventVenueID":[],"_OrganizerEmail":"","_OrganizerPhone":"","_OrganizerWebsite":"","_VenueAddress":"","_VenueCity":"","_VenueCountry":"","_VenueProvince":"","_VenueState":"","_VenueZip":"","_VenuePhone":"","_VenueURL":"","_VenueStateProvince":"","_VenueLat":"","_VenueLng":"","_VenueShowMap":false,"_VenueShowMapLink":false,"footnotes":""},"class_list":["post-7727","page","type-page","status-publish","hentry"],"yoast_head":"<!-- This site is optimized with the Yoast SEO plugin v27.3 - https:\/\/yoast.com\/product\/yoast-seo-wordpress\/ -->\n<title>Book chapters - IAPOP<\/title>\n<meta name=\"robots\" content=\"index, follow, max-snippet:-1, max-image-preview:large, max-video-preview:-1\" \/>\n<link rel=\"canonical\" href=\"https:\/\/iapop.com\/sk\/book-chapters\/\" \/>\n<meta property=\"og:locale\" content=\"sk_SK\" \/>\n<meta property=\"og:type\" content=\"article\" \/>\n<meta property=\"og:title\" content=\"Book chapters - IAPOP\" \/>\n<meta property=\"og:description\" content=\"Book Chapter: Racial Harm in Helping Relationships and an Uncommon Journey toward Repair Pages 198-225 Yasmeen Rubidge and Lane Arye In Book: 2025 On Becoming a Racially Sensitive Therapist: Race [&hellip;]\" \/>\n<meta property=\"og:url\" content=\"https:\/\/iapop.com\/sk\/book-chapters\/\" \/>\n<meta property=\"og:site_name\" content=\"IAPOP\" \/>\n<meta property=\"article:publisher\" content=\"https:\/\/www.facebook.com\/processwork.iapop\" \/>\n<meta property=\"article:modified_time\" content=\"2025-07-14T04:08:41+00:00\" \/>\n<meta property=\"og:image\" content=\"https:\/\/iapop.com\/wp-content\/uploads\/2025\/07\/On-Becoming-a-Racially-Sensitive-Therapist-COVER.avif\" \/>\n\t<meta property=\"og:image:width\" content=\"600\" \/>\n\t<meta property=\"og:image:height\" content=\"1000\" \/>\n\t<meta property=\"og:image:type\" content=\"image\/png\" \/>\n<meta name=\"twitter:card\" content=\"summary_large_image\" \/>\n<meta name=\"twitter:label1\" content=\"Predpokladan\u00fd \u010das \u010d\u00edtania\" \/>\n\t<meta name=\"twitter:data1\" content=\"3 min\u00faty\" \/>\n<script type=\"application\/ld+json\" class=\"yoast-schema-graph\">{\"@context\":\"https:\\\/\\\/schema.org\",\"@graph\":[{\"@type\":\"WebPage\",\"@id\":\"https:\\\/\\\/iapop.com\\\/book-chapters\\\/\",\"url\":\"https:\\\/\\\/iapop.com\\\/book-chapters\\\/\",\"name\":\"Book chapters - IAPOP\",\"isPartOf\":{\"@id\":\"http:\\\/\\\/iapop.com\\\/es\\\/#website\"},\"primaryImageOfPage\":{\"@id\":\"https:\\\/\\\/iapop.com\\\/book-chapters\\\/#primaryimage\"},\"image\":{\"@id\":\"https:\\\/\\\/iapop.com\\\/book-chapters\\\/#primaryimage\"},\"thumbnailUrl\":\"https:\\\/\\\/iapop.com\\\/wp-content\\\/uploads\\\/2025\\\/07\\\/On-Becoming-a-Racially-Sensitive-Therapist-COVER.avif\",\"datePublished\":\"2025-07-13T10:14:46+00:00\",\"dateModified\":\"2025-07-14T04:08:41+00:00\",\"breadcrumb\":{\"@id\":\"https:\\\/\\\/iapop.com\\\/book-chapters\\\/#breadcrumb\"},\"inLanguage\":\"sk-SK\",\"potentialAction\":[{\"@type\":\"ReadAction\",\"target\":[\"https:\\\/\\\/iapop.com\\\/book-chapters\\\/\"]}]},{\"@type\":\"ImageObject\",\"inLanguage\":\"sk-SK\",\"@id\":\"https:\\\/\\\/iapop.com\\\/book-chapters\\\/#primaryimage\",\"url\":\"https:\\\/\\\/iapop.com\\\/wp-content\\\/uploads\\\/2025\\\/07\\\/On-Becoming-a-Racially-Sensitive-Therapist-COVER.avif\",\"contentUrl\":\"https:\\\/\\\/iapop.com\\\/wp-content\\\/uploads\\\/2025\\\/07\\\/On-Becoming-a-Racially-Sensitive-Therapist-COVER.avif\"},{\"@type\":\"BreadcrumbList\",\"@id\":\"https:\\\/\\\/iapop.com\\\/book-chapters\\\/#breadcrumb\",\"itemListElement\":[{\"@type\":\"ListItem\",\"position\":1,\"name\":\"Home\",\"item\":\"https:\\\/\\\/iapop.com\\\/\"},{\"@type\":\"ListItem\",\"position\":2,\"name\":\"Book chapters\"}]},{\"@type\":\"WebSite\",\"@id\":\"http:\\\/\\\/iapop.com\\\/es\\\/#website\",\"url\":\"http:\\\/\\\/iapop.com\\\/es\\\/\",\"name\":\"IAPOP\",\"description\":\"Process Oriented Psychology\",\"publisher\":{\"@id\":\"http:\\\/\\\/iapop.com\\\/es\\\/#organization\"},\"potentialAction\":[{\"@type\":\"SearchAction\",\"target\":{\"@type\":\"EntryPoint\",\"urlTemplate\":\"http:\\\/\\\/iapop.com\\\/es\\\/?s={search_term_string}\"},\"query-input\":{\"@type\":\"PropertyValueSpecification\",\"valueRequired\":true,\"valueName\":\"search_term_string\"}}],\"inLanguage\":\"sk-SK\"},{\"@type\":\"Organization\",\"@id\":\"http:\\\/\\\/iapop.com\\\/es\\\/#organization\",\"name\":\"IAPOP\",\"url\":\"http:\\\/\\\/iapop.com\\\/es\\\/\",\"logo\":{\"@type\":\"ImageObject\",\"inLanguage\":\"sk-SK\",\"@id\":\"http:\\\/\\\/iapop.com\\\/es\\\/#\\\/schema\\\/logo\\\/image\\\/\",\"url\":\"https:\\\/\\\/iapop.com\\\/wp-content\\\/uploads\\\/2024\\\/12\\\/Logo-300x131-1.png\",\"contentUrl\":\"https:\\\/\\\/iapop.com\\\/wp-content\\\/uploads\\\/2024\\\/12\\\/Logo-300x131-1.png\",\"width\":300,\"height\":131,\"caption\":\"IAPOP\"},\"image\":{\"@id\":\"http:\\\/\\\/iapop.com\\\/es\\\/#\\\/schema\\\/logo\\\/image\\\/\"},\"sameAs\":[\"https:\\\/\\\/www.facebook.com\\\/processwork.iapop\"]}]}<\/script>\n<!-- \/ Yoast SEO plugin. -->","yoast_head_json":{"title":"Kapitoly v knih\u00e1ch - IAPOP","robots":{"index":"index","follow":"follow","max-snippet":"max-snippet:-1","max-image-preview":"max-image-preview:large","max-video-preview":"max-video-preview:-1"},"canonical":"https:\/\/iapop.com\/sk\/book-chapters\/","og_locale":"sk_SK","og_type":"article","og_title":"Book chapters - IAPOP","og_description":"Book Chapter: Racial Harm in Helping Relationships and an Uncommon Journey toward Repair Pages 198-225 Yasmeen Rubidge and Lane Arye In Book: 2025 On Becoming a Racially Sensitive Therapist: Race [&hellip;]","og_url":"https:\/\/iapop.com\/sk\/book-chapters\/","og_site_name":"IAPOP","article_publisher":"https:\/\/www.facebook.com\/processwork.iapop","article_modified_time":"2025-07-14T04:08:41+00:00","og_image":[{"width":600,"height":1000,"url":"https:\/\/iapop.com\/wp-content\/uploads\/2025\/07\/On-Becoming-a-Racially-Sensitive-Therapist-COVER.avif","type":"image\/png"}],"twitter_card":"summary_large_image","twitter_misc":{"Predpokladan\u00fd \u010das \u010d\u00edtania":"3 min\u00faty"},"schema":{"@context":"https:\/\/schema.org","@graph":[{"@type":"WebPage","@id":"https:\/\/iapop.com\/book-chapters\/","url":"https:\/\/iapop.com\/book-chapters\/","name":"Kapitoly v knih\u00e1ch - IAPOP","isPartOf":{"@id":"http:\/\/iapop.com\/es\/#website"},"primaryImageOfPage":{"@id":"https:\/\/iapop.com\/book-chapters\/#primaryimage"},"image":{"@id":"https:\/\/iapop.com\/book-chapters\/#primaryimage"},"thumbnailUrl":"https:\/\/iapop.com\/wp-content\/uploads\/2025\/07\/On-Becoming-a-Racially-Sensitive-Therapist-COVER.avif","datePublished":"2025-07-13T10:14:46+00:00","dateModified":"2025-07-14T04:08:41+00:00","breadcrumb":{"@id":"https:\/\/iapop.com\/book-chapters\/#breadcrumb"},"inLanguage":"sk-SK","potentialAction":[{"@type":"ReadAction","target":["https:\/\/iapop.com\/book-chapters\/"]}]},{"@type":"ImageObject","inLanguage":"sk-SK","@id":"https:\/\/iapop.com\/book-chapters\/#primaryimage","url":"https:\/\/iapop.com\/wp-content\/uploads\/2025\/07\/On-Becoming-a-Racially-Sensitive-Therapist-COVER.avif","contentUrl":"https:\/\/iapop.com\/wp-content\/uploads\/2025\/07\/On-Becoming-a-Racially-Sensitive-Therapist-COVER.avif"},{"@type":"BreadcrumbList","@id":"https:\/\/iapop.com\/book-chapters\/#breadcrumb","itemListElement":[{"@type":"ListItem","position":1,"name":"Home","item":"https:\/\/iapop.com\/"},{"@type":"ListItem","position":2,"name":"Book chapters"}]},{"@type":"WebSite","@id":"http:\/\/iapop.com\/es\/#website","url":"http:\/\/iapop.com\/es\/","name":"IAPOP","description":"Procesne orientovan\u00e1 psychol\u00f3gia","publisher":{"@id":"http:\/\/iapop.com\/es\/#organization"},"potentialAction":[{"@type":"SearchAction","target":{"@type":"EntryPoint","urlTemplate":"http:\/\/iapop.com\/es\/?s={search_term_string}"},"query-input":{"@type":"PropertyValueSpecification","valueRequired":true,"valueName":"search_term_string"}}],"inLanguage":"sk-SK"},{"@type":"Organization","@id":"http:\/\/iapop.com\/es\/#organization","name":"IAPOP","url":"http:\/\/iapop.com\/es\/","logo":{"@type":"ImageObject","inLanguage":"sk-SK","@id":"http:\/\/iapop.com\/es\/#\/schema\/logo\/image\/","url":"https:\/\/iapop.com\/wp-content\/uploads\/2024\/12\/Logo-300x131-1.png","contentUrl":"https:\/\/iapop.com\/wp-content\/uploads\/2024\/12\/Logo-300x131-1.png","width":300,"height":131,"caption":"IAPOP"},"image":{"@id":"http:\/\/iapop.com\/es\/#\/schema\/logo\/image\/"},"sameAs":["https:\/\/www.facebook.com\/processwork.iapop"]}]}},"_links":{"self":[{"href":"https:\/\/iapop.com\/sk\/wp-json\/wp\/v2\/pages\/7727","targetHints":{"allow":["GET"]}}],"collection":[{"href":"https:\/\/iapop.com\/sk\/wp-json\/wp\/v2\/pages"}],"about":[{"href":"https:\/\/iapop.com\/sk\/wp-json\/wp\/v2\/types\/page"}],"author":[{"embeddable":true,"href":"https:\/\/iapop.com\/sk\/wp-json\/wp\/v2\/users\/352"}],"replies":[{"embeddable":true,"href":"https:\/\/iapop.com\/sk\/wp-json\/wp\/v2\/comments?post=7727"}],"version-history":[{"count":2,"href":"https:\/\/iapop.com\/sk\/wp-json\/wp\/v2\/pages\/7727\/revisions"}],"predecessor-version":[{"id":7762,"href":"https:\/\/iapop.com\/sk\/wp-json\/wp\/v2\/pages\/7727\/revisions\/7762"}],"wp:attachment":[{"href":"https:\/\/iapop.com\/sk\/wp-json\/wp\/v2\/media?parent=7727"}],"curies":[{"name":"wp","href":"https:\/\/api.w.org\/{rel}","templated":true}]}}